{"id":5468,"date":"2017-09-22T09:14:51","date_gmt":"2017-09-22T07:14:51","guid":{"rendered":"http:\/\/waterpik.be\/home\/"},"modified":"2023-09-27T13:13:18","modified_gmt":"2023-09-27T11:13:18","slug":"home-waterpik-be-fr","status":"publish","type":"page","link":"https:\/\/waterpik.be\/fr\/","title":{"rendered":"Home"},"content":{"rendered":"","protected":false},"excerpt":{"rendered":"","protected":false},"author":1,"featured_media":0,"parent":0,"menu_order":0,"comment_status":"closed","ping_status":"closed","template":"","meta":{"_acf_changed":false,"footnotes":""},"class_list":["post-5468","page","type-page","status-publish","hentry"],"acf":[],"yoast_head":"<!-- This site is optimized with the Yoast SEO plugin v26.7 - https:\/\/yoast.com\/wordpress\/plugins\/seo\/ -->\n<title>Home - Waterpik Waterflosser<\/title>\n<meta name=\"description\" content=\"L&#039;hydropulseur Waterpik s&#039;est av\u00e9r\u00e9 cliniquement plus efficace pour r\u00e9duire la plaque dentaire et les maladies des gencives et am\u00e9liorer l&#039;hygi\u00e8ne bucco-dentaire.\" \/>\n<meta name=\"robots\" content=\"index, follow, max-snippet:-1, max-image-preview:large, max-video-preview:-1\" \/>\n<link rel=\"canonical\" href=\"https:\/\/waterpik.be\/fr\/\" \/>\n<meta property=\"og:locale\" content=\"fr_FR\" \/>\n<meta property=\"og:type\" content=\"article\" \/>\n<meta property=\"og:title\" content=\"Home - Waterpik Waterflosser\" \/>\n<meta property=\"og:description\" content=\"L&#039;hydropulseur Waterpik s&#039;est av\u00e9r\u00e9 cliniquement plus efficace pour r\u00e9duire la plaque dentaire et les maladies des gencives et am\u00e9liorer l&#039;hygi\u00e8ne bucco-dentaire.\" \/>\n<meta property=\"og:url\" content=\"https:\/\/waterpik.be\/fr\/\" \/>\n<meta property=\"og:site_name\" content=\"Waterpik Waterflosser\" \/>\n<meta property=\"article:modified_time\" content=\"2023-09-27T11:13:18+00:00\" \/>\n<meta name=\"twitter:card\" content=\"summary_large_image\" \/>\n<script type=\"application\/ld+json\" class=\"yoast-schema-graph\">{\"@context\":\"https:\/\/schema.org\",\"@graph\":[{\"@type\":\"WebPage\",\"@id\":\"https:\/\/waterpik.be\/fr\/\",\"url\":\"https:\/\/waterpik.be\/fr\/\",\"name\":\"Home - Waterpik Waterflosser\",\"isPartOf\":{\"@id\":\"https:\/\/waterpik.be\/#website\"},\"datePublished\":\"2017-09-22T07:14:51+00:00\",\"dateModified\":\"2023-09-27T11:13:18+00:00\",\"description\":\"L'hydropulseur Waterpik s'est av\u00e9r\u00e9 cliniquement plus efficace pour r\u00e9duire la plaque dentaire et les maladies des gencives et am\u00e9liorer l'hygi\u00e8ne bucco-dentaire.\",\"breadcrumb\":{\"@id\":\"https:\/\/waterpik.be\/fr\/#breadcrumb\"},\"inLanguage\":\"fr-FR\",\"potentialAction\":[{\"@type\":\"ReadAction\",\"target\":[\"https:\/\/waterpik.be\/fr\/\"]}]},{\"@type\":\"BreadcrumbList\",\"@id\":\"https:\/\/waterpik.be\/fr\/#breadcrumb\",\"itemListElement\":[{\"@type\":\"ListItem\",\"position\":1,\"name\":\"Home\",\"item\":\"https:\/\/waterpik.be\/fr\/\"},{\"@type\":\"ListItem\",\"position\":2,\"name\":\"Home\"}]},{\"@type\":\"WebSite\",\"@id\":\"https:\/\/waterpik.be\/#website\",\"url\":\"https:\/\/waterpik.be\/\",\"name\":\"Waterpik Waterflosser\",\"description\":\"Poetsen alleen is niet genoeg\",\"potentialAction\":[{\"@type\":\"SearchAction\",\"target\":{\"@type\":\"EntryPoint\",\"urlTemplate\":\"https:\/\/waterpik.be\/?s={search_term_string}\"},\"query-input\":{\"@type\":\"PropertyValueSpecification\",\"valueRequired\":true,\"valueName\":\"search_term_string\"}}],\"inLanguage\":\"fr-FR\"}]}<\/script>\n<!-- \/ Yoast SEO plugin. -->","yoast_head_json":{"title":"Home - Waterpik Waterflosser","description":"L'hydropulseur Waterpik s'est av\u00e9r\u00e9 cliniquement plus efficace pour r\u00e9duire la plaque dentaire et les maladies des gencives et am\u00e9liorer l'hygi\u00e8ne bucco-dentaire.","robots":{"index":"index","follow":"follow","max-snippet":"max-snippet:-1","max-image-preview":"max-image-preview:large","max-video-preview":"max-video-preview:-1"},"canonical":"https:\/\/waterpik.be\/fr\/","og_locale":"fr_FR","og_type":"article","og_title":"Home - Waterpik Waterflosser","og_description":"L'hydropulseur Waterpik s'est av\u00e9r\u00e9 cliniquement plus efficace pour r\u00e9duire la plaque dentaire et les maladies des gencives et am\u00e9liorer l'hygi\u00e8ne bucco-dentaire.","og_url":"https:\/\/waterpik.be\/fr\/","og_site_name":"Waterpik Waterflosser","article_modified_time":"2023-09-27T11:13:18+00:00","twitter_card":"summary_large_image","schema":{"@context":"https:\/\/schema.org","@graph":[{"@type":"WebPage","@id":"https:\/\/waterpik.be\/fr\/","url":"https:\/\/waterpik.be\/fr\/","name":"Home - Waterpik Waterflosser","isPartOf":{"@id":"https:\/\/waterpik.be\/#website"},"datePublished":"2017-09-22T07:14:51+00:00","dateModified":"2023-09-27T11:13:18+00:00","description":"L'hydropulseur Waterpik s'est av\u00e9r\u00e9 cliniquement plus efficace pour r\u00e9duire la plaque dentaire et les maladies des gencives et am\u00e9liorer l'hygi\u00e8ne bucco-dentaire.","breadcrumb":{"@id":"https:\/\/waterpik.be\/fr\/#breadcrumb"},"inLanguage":"fr-FR","potentialAction":[{"@type":"ReadAction","target":["https:\/\/waterpik.be\/fr\/"]}]},{"@type":"BreadcrumbList","@id":"https:\/\/waterpik.be\/fr\/#breadcrumb","itemListElement":[{"@type":"ListItem","position":1,"name":"Home","item":"https:\/\/waterpik.be\/fr\/"},{"@type":"ListItem","position":2,"name":"Home"}]},{"@type":"WebSite","@id":"https:\/\/waterpik.be\/#website","url":"https:\/\/waterpik.be\/","name":"Waterpik Waterflosser","description":"Poetsen alleen is niet genoeg","potentialAction":[{"@type":"SearchAction","target":{"@type":"EntryPoint","urlTemplate":"https:\/\/waterpik.be\/?s={search_term_string}"},"query-input":{"@type":"PropertyValueSpecification","valueRequired":true,"valueName":"search_term_string"}}],"inLanguage":"fr-FR"}]}},"_links":{"self":[{"href":"https:\/\/waterpik.be\/fr\/wp-json\/wp\/v2\/pages\/5468","targetHints":{"allow":["GET"]}}],"collection":[{"href":"https:\/\/waterpik.be\/fr\/wp-json\/wp\/v2\/pages"}],"about":[{"href":"https:\/\/waterpik.be\/fr\/wp-json\/wp\/v2\/types\/page"}],"author":[{"embeddable":true,"href":"https:\/\/waterpik.be\/fr\/wp-json\/wp\/v2\/users\/1"}],"replies":[{"embeddable":true,"href":"https:\/\/waterpik.be\/fr\/wp-json\/wp\/v2\/comments?post=5468"}],"version-history":[{"count":7,"href":"https:\/\/waterpik.be\/fr\/wp-json\/wp\/v2\/pages\/5468\/revisions"}],"predecessor-version":[{"id":6590,"href":"https:\/\/waterpik.be\/fr\/wp-json\/wp\/v2\/pages\/5468\/revisions\/6590"}],"wp:attachment":[{"href":"https:\/\/waterpik.be\/fr\/wp-json\/wp\/v2\/media?parent=5468"}],"curies":[{"name":"wp","href":"https:\/\/api.w.org\/{rel}","templated":true}]}}