{"id":5680,"date":"2020-12-03T16:05:20","date_gmt":"2020-12-03T15:05:20","guid":{"rendered":"http:\/\/waterpik.be\/besoins-dentaires-specifiques\/nettoyage-des-broches-et-appareils-orthodontiques\/meilleurs-jet-dentaires-waterpik-pour-les-broches-orthodontiques\/"},"modified":"2021-03-02T16:09:51","modified_gmt":"2021-03-02T15:09:51","slug":"meilleurs-jet-dentaires-waterpik-pour-les-broches-orthodontiques","status":"publish","type":"page","link":"https:\/\/waterpik.be\/fr\/sante-bucco-dentaire\/besoins-dentaires-specifiques\/nettoyage-des-broches-et-appareils-orthodontiques\/meilleurs-jet-dentaires-waterpik-pour-les-broches-orthodontiques\/","title":{"rendered":"Meilleurs jet dentaires Waterpik\u00ae pour les broches orthodontiques"},"content":{"rendered":"<h2>Nettoyage plus facile des appareils et des broches orthodontiques<\/h2>\n<p>Le brossage et l\u2019utilisation de soie dentaire sur des <a href=\"http:\/\/waterpik.be\/mondverzorging\/dentale-behoeften\/beugels-orthodontie\/schoon-floss-beugels\/\">broches<\/a>\u00a0et\u00a0<a href=\"http:\/\/waterpik.be\/mondverzorging\/dentale-behoeften\/beugels-orthodontie\/beste-waterpik-voor-beugels\/\">appareils orthodontiques<\/a>\u00a0peuvent se r\u00e9v\u00e9ler compliqu\u00e9s. Les jet dentaires Waterpik<sup>\u00ae<\/sup>\u00a0vous simplifient la t\u00e2che, et offrent une efficacit\u00e9 jusqu\u2019\u00e0 <a href=\"http:\/\/waterpik.be\/professioneel\/klinisch-onderzoek\/waterflosser-verminderen-plaque-bloedingen-volwassenen-beugels-sharma-2008\/\">3 fois sup\u00e9rieure \u00e0 le fil dentaire traditionelle<\/a>.<\/p>\n<p>L\u2019hydropulseur que nous recommandons pour les broches et appareils orthodontiques est livr\u00e9 avec un\u00a0<a href=\"http:\/\/waterpik.be\/mondverzorging\/dentale-behoeften\/beugels-orthodontie\/beste-waterpik-voor-beugels\/\">embout orthodontique<\/a> sp\u00e9cial. Il dispose d\u2019une brosse conique permettant <a href=\"http:\/\/waterpik.be\/mondverzorging\/dentale-behoeften\/beugels-orthodontie\/beste-waterpik-voor-beugels\/\">d&rsquo;eliminer la plaque difficile \u00e0 atteindre<\/a> autour des bo\u00eetiers, arcs et autre mat\u00e9riel orthodontique.<\/p>\n<h2>Choisir l\u2019hydropulseur le plus adapt\u00e9 \u00e0 vos besoins<\/h2>\n<p>Les hydropulseurs pour broches et appareils orthodontiques proposent des mod\u00e8les sans fil, voyage, sur socle et pour enfants. S\u00e9lectionnez le mod\u00e8le ci-dessous qui correspond le mieux \u00e0 vos besoins.<\/p>\n<div class=\"woocommerce columns-3 \"><ul class=\"products columns-3\">\n<li class=\"product type-product post-5564 status-publish first instock product_cat-jet-dentaires product_cat-modeles-standards has-post-thumbnail featured taxable shipping-taxable product-type-simple\">\n\t<a href=\"https:\/\/waterpik.be\/fr\/products\/wp-660-hydropulseur-jet-dentaire-ultra-professional-blanc\/\" class=\"woocommerce-LoopProduct-link woocommerce-loop-product__link\"><img loading=\"lazy\" decoding=\"async\" width=\"300\" height=\"519\" src=\"https:\/\/waterpik.be\/wp-content\/uploads\/2019\/04\/WP-660-professional-water-flosser-9-300x519.jpg\" class=\"attachment-woocommerce_thumbnail size-woocommerce_thumbnail\" alt=\"WP-660 Hydropulseur Jet Dentaire Ultra Professional, Blanc\" srcset=\"https:\/\/waterpik.be\/wp-content\/uploads\/2019\/04\/WP-660-professional-water-flosser-9-300x519.jpg 300w, https:\/\/waterpik.be\/wp-content\/uploads\/2019\/04\/WP-660-professional-water-flosser-9-173x300.jpg 173w, https:\/\/waterpik.be\/wp-content\/uploads\/2019\/04\/WP-660-professional-water-flosser-9.jpg 330w\" sizes=\"auto, (max-width: 300px) 100vw, 300px\" \/><hr><span class=\"sku_loop\">(WF-660EU)<\/span><h2 class=\"woocommerce-loop-product__title\">WP-660 Hydropulseur Jet Dentaire Ultra Professional, Blanc<\/h2>\n\t<span class=\"price\"><span class=\"woocommerce-Price-amount amount\"><bdi><span class=\"woocommerce-Price-currencySymbol\">&euro;<\/span>99,99<\/bdi><\/span><\/span>\n<\/a>\t\t<br>\n\t\t<a href=\"https:\/\/waterpik.be\/fr\/products\/wp-660-hydropulseur-jet-dentaire-ultra-professional-blanc\/\" class=\"btn btn-outline-secondary\">D\u00e9tails<\/a>\t<span id=\"woocommerce_loop_add_to_cart_link_describedby_5564\" class=\"screen-reader-text\">\n\t\t\t<\/span>\n<\/li>\n<li class=\"product type-product post-5566 status-publish instock product_cat-jet-dentaires product_cat-sans-fil has-post-thumbnail featured taxable shipping-taxable product-type-simple\">\n\t<a href=\"https:\/\/waterpik.be\/fr\/products\/wp-560-hydropulseur-jet-dentaire-sans-fil-advanced-blanc\/\" class=\"woocommerce-LoopProduct-link woocommerce-loop-product__link\"><img loading=\"lazy\" decoding=\"async\" width=\"300\" height=\"300\" src=\"https:\/\/waterpik.be\/wp-content\/uploads\/2019\/04\/waterpik-wp-560-advanced-draadloze-monddouche-300x300.png\" class=\"attachment-woocommerce_thumbnail size-woocommerce_thumbnail\" alt=\"WP-560 Hydropulseur Jet Dentaire Sans Fil Advanced, Blanc\" srcset=\"https:\/\/waterpik.be\/wp-content\/uploads\/2019\/04\/waterpik-wp-560-advanced-draadloze-monddouche-300x300.png 300w, https:\/\/waterpik.be\/wp-content\/uploads\/2019\/04\/waterpik-wp-560-advanced-draadloze-monddouche-150x150.png 150w, https:\/\/waterpik.be\/wp-content\/uploads\/2019\/04\/waterpik-wp-560-advanced-draadloze-monddouche-100x100.png 100w, https:\/\/waterpik.be\/wp-content\/uploads\/2019\/04\/waterpik-wp-560-advanced-draadloze-monddouche.png 550w\" sizes=\"auto, (max-width: 300px) 100vw, 300px\" \/><hr><span class=\"sku_loop\">(WP-560EU)<\/span><h2 class=\"woocommerce-loop-product__title\">WP-560 Hydropulseur Jet Dentaire Sans Fil Advanced, Blanc<\/h2>\n\t<span class=\"price\"><span class=\"woocommerce-Price-amount amount\"><bdi><span class=\"woocommerce-Price-currencySymbol\">&euro;<\/span>109,99<\/bdi><\/span><\/span>\n<\/a>\t\t<br>\n\t\t<a href=\"https:\/\/waterpik.be\/fr\/products\/wp-560-hydropulseur-jet-dentaire-sans-fil-advanced-blanc\/\" class=\"btn btn-outline-secondary\">D\u00e9tails<\/a>\t<span id=\"woocommerce_loop_add_to_cart_link_describedby_5566\" class=\"screen-reader-text\">\n\t\t\t<\/span>\n<\/li>\n<\/ul>\n<\/div>\n<h2>Pourquoi le nettoyage des broches et appareils orthodontiques est-il important ?<\/h2>\n<p>Les particules alimentaires restent souvent coinc\u00e9es dans les bo\u00eetiers et les arcs. La plaque situ\u00e9e autour des bo\u00eetiers peut provoquer une d\u00e9calcification (taches blanches) sur vos dents. Tout mat\u00e9riel suppl\u00e9mentaire peut en outre rendre les\u00a0<a href=\"http:\/\/waterpik.be\/mondverzorging\/dentale-behoeften\/ontstoken-tandvlees-behandelen\/behandeling-tandvleesontsteking\/\">maladies des gencives<\/a> plus difficiles \u00e0 pr\u00e9venir.<\/p>\n<p><strong>D\u00e9couvrez comment le jet dentaire Waterpik<\/strong><strong><sup>\u00ae<\/sup><\/strong><strong>\u00e9limine les plaques et masse les gencives!<\/strong><\/p>\n<div class=\"embed-container\"><iframe loading=\"lazy\" src=\"https:\/\/www.youtube.com\/embed\/zIH14zcWHPg\" width=\"800\" height=\"450\" frameborder=\"0\" allowfullscreen=\"allowfullscreen\" data-mce-fragment=\"1\"><span data-mce-type=\"bookmark\" style=\"display: inline-block; width: 0px; overflow: hidden; line-height: 0;\" class=\"mce_SELRES_start\">\ufeff<\/span><\/iframe><\/div>\n<h2>Quels sont les avantages d\u2019un hydropulseur pour broches et appareils orthodontiques?<\/h2>\n<p>\u00c0 l\u2019aide d\u2019une combinaison optimale de pression et de pulsations, l\u2019hydropulseur Waterpik\u00ae \u00e9limine les plaques et les particules alimentaires pr\u00e9sentes sur les bo\u00eetiers et les arcs, tout en massant et en stimulant les gencives. Ces actions permettent de r\u00e9duire les plaques et d\u2019am\u00e9liorer la sant\u00e9 des gencives.<\/p>\n<ul>\n<li>N\u00e9cessitant seulement environ 1 minute chaque jour, l\u2019utilisation de l\u2019hydropulseur est <strong>plus facile et rapide<\/strong> que celle de le fil dentaire ou de l\u2019enfileur de soie.<\/li>\n<li>L\u2019hydropulseur permet de <strong>retirer les aliments coinc\u00e9s<\/strong> dans les\u00a0<a href=\"http:\/\/waterpik.be\/mondverzorging\/dentale-behoeften\/beugels-orthodontie\/beste-waterpik-voor-beugels\/\">broches<\/a>\u00a0et les\u00a0<a href=\"http:\/\/waterpik.be\/mondverzorging\/dentale-behoeften\/beugels-orthodontie\/schoon-floss-beugels\/\">appareils orthodontiques<\/a><\/li>\n<li>Une\u00a0<a href=\"http:\/\/waterpik.be\/professioneel\/klinisch-onderzoek\/waterflosser-verminderen-plaque-bloedingen-volwassenen-beugels-sharma-2008\/\"> \u00e9tude clinique ind\u00e9pendante <\/a>r\u00e9v\u00e8le que les hydropulseurs Waterpik<sup>\u00ae<\/sup>\u00a0 sont jusqu\u2019\u00e0<strong>\u00a03 fois plus efficaces que le fil dentaire<\/strong> et jusqu\u2019\u00e0\u00a0<strong>5 fois plus efficaces qu\u2019une brosse \u00e0 dents manuelle<\/strong> pour nettoyer les zones autour des broches<\/li>\n<li><a href=\"http:\/\/waterpik.be\/products\/od-100\/\">L\u2019embout orthodontique<\/a><strong> de conception sp\u00e9ciale \u00e9limine les plaques<\/strong>\u00a0utour des bo\u00eetiers et des arcs.<\/li>\n<\/ul>\n","protected":false},"excerpt":{"rendered":"<p>Nettoyage plus facile des appareils et des broches orthodontiques Le brossage et l\u2019utilisation de soie dentaire sur des broches\u00a0et\u00a0appareils orthodontiques\u00a0peuvent se r\u00e9v\u00e9ler compliqu\u00e9s. Les jet dentaires Waterpik\u00ae\u00a0vous simplifient la t\u00e2che, et offrent une efficacit\u00e9 jusqu\u2019\u00e0 3 fois sup\u00e9rieure \u00e0 le fil dentaire traditionelle. L\u2019hydropulseur que nous recommandons pour les broches et appareils orthodontiques est livr\u00e9 [&hellip;]<\/p>\n","protected":false},"author":3,"featured_media":0,"parent":5671,"menu_order":0,"comment_status":"closed","ping_status":"closed","template":"","meta":{"_acf_changed":false,"footnotes":""},"class_list":["post-5680","page","type-page","status-publish","hentry"],"acf":[],"yoast_head":"<!-- This site is optimized with the Yoast SEO plugin v26.7 - https:\/\/yoast.com\/wordpress\/plugins\/seo\/ -->\n<title>Meilleurs jet dentaires Waterpik\u00ae pour les broches orthodontiques - Waterpik Waterflosser<\/title>\n<meta name=\"description\" content=\"Le brossage et l\u2019utilisation de soie dentaire sur des broches\u00a0et\u00a0appareils orthodontiques\u00a0peuvent se r\u00e9v\u00e9ler compliqu\u00e9s.\" \/>\n<meta name=\"robots\" content=\"index, follow, max-snippet:-1, max-image-preview:large, max-video-preview:-1\" \/>\n<link rel=\"canonical\" href=\"https:\/\/waterpik.be\/fr\/sante-bucco-dentaire\/besoins-dentaires-specifiques\/nettoyage-des-broches-et-appareils-orthodontiques\/meilleurs-jet-dentaires-waterpik-pour-les-broches-orthodontiques\/\" \/>\n<meta property=\"og:locale\" content=\"fr_FR\" \/>\n<meta property=\"og:type\" content=\"article\" \/>\n<meta property=\"og:title\" content=\"Meilleurs jet dentaires Waterpik\u00ae pour les broches orthodontiques - Waterpik Waterflosser\" \/>\n<meta property=\"og:description\" content=\"Le brossage et l\u2019utilisation de soie dentaire sur des broches\u00a0et\u00a0appareils orthodontiques\u00a0peuvent se r\u00e9v\u00e9ler compliqu\u00e9s.\" \/>\n<meta property=\"og:url\" content=\"https:\/\/waterpik.be\/fr\/sante-bucco-dentaire\/besoins-dentaires-specifiques\/nettoyage-des-broches-et-appareils-orthodontiques\/meilleurs-jet-dentaires-waterpik-pour-les-broches-orthodontiques\/\" \/>\n<meta property=\"og:site_name\" content=\"Waterpik Waterflosser\" \/>\n<meta property=\"article:modified_time\" content=\"2021-03-02T15:09:51+00:00\" \/>\n<meta name=\"twitter:card\" content=\"summary_large_image\" \/>\n<meta name=\"twitter:label1\" content=\"Dur\u00e9e de lecture estim\u00e9e\" \/>\n\t<meta name=\"twitter:data1\" content=\"2 minutes\" \/>\n<script type=\"application\/ld+json\" class=\"yoast-schema-graph\">{\"@context\":\"https:\/\/schema.org\",\"@graph\":[{\"@type\":\"WebPage\",\"@id\":\"https:\/\/waterpik.be\/fr\/sante-bucco-dentaire\/besoins-dentaires-specifiques\/nettoyage-des-broches-et-appareils-orthodontiques\/meilleurs-jet-dentaires-waterpik-pour-les-broches-orthodontiques\/\",\"url\":\"https:\/\/waterpik.be\/fr\/sante-bucco-dentaire\/besoins-dentaires-specifiques\/nettoyage-des-broches-et-appareils-orthodontiques\/meilleurs-jet-dentaires-waterpik-pour-les-broches-orthodontiques\/\",\"name\":\"Meilleurs jet dentaires Waterpik\u00ae pour les broches orthodontiques - Waterpik Waterflosser\",\"isPartOf\":{\"@id\":\"https:\/\/waterpik.be\/#website\"},\"datePublished\":\"2020-12-03T15:05:20+00:00\",\"dateModified\":\"2021-03-02T15:09:51+00:00\",\"description\":\"Le brossage et l\u2019utilisation de soie dentaire sur des broches\u00a0et\u00a0appareils orthodontiques\u00a0peuvent se r\u00e9v\u00e9ler compliqu\u00e9s.\",\"breadcrumb\":{\"@id\":\"https:\/\/waterpik.be\/fr\/sante-bucco-dentaire\/besoins-dentaires-specifiques\/nettoyage-des-broches-et-appareils-orthodontiques\/meilleurs-jet-dentaires-waterpik-pour-les-broches-orthodontiques\/#breadcrumb\"},\"inLanguage\":\"fr-FR\",\"potentialAction\":[{\"@type\":\"ReadAction\",\"target\":[\"https:\/\/waterpik.be\/fr\/sante-bucco-dentaire\/besoins-dentaires-specifiques\/nettoyage-des-broches-et-appareils-orthodontiques\/meilleurs-jet-dentaires-waterpik-pour-les-broches-orthodontiques\/\"]}]},{\"@type\":\"BreadcrumbList\",\"@id\":\"https:\/\/waterpik.be\/fr\/sante-bucco-dentaire\/besoins-dentaires-specifiques\/nettoyage-des-broches-et-appareils-orthodontiques\/meilleurs-jet-dentaires-waterpik-pour-les-broches-orthodontiques\/#breadcrumb\",\"itemListElement\":[{\"@type\":\"ListItem\",\"position\":1,\"name\":\"Home\",\"item\":\"https:\/\/waterpik.be\/fr\/\"},{\"@type\":\"ListItem\",\"position\":2,\"name\":\"Sant\u00e9 bucco-dentaire\",\"item\":\"https:\/\/waterpik.be\/fr\/sante-bucco-dentaire\/\"},{\"@type\":\"ListItem\",\"position\":3,\"name\":\"Besoins dentaires sp\u00e9cifiques\",\"item\":\"https:\/\/waterpik.be\/fr\/sante-bucco-dentaire\/besoins-dentaires-specifiques\/\"},{\"@type\":\"ListItem\",\"position\":4,\"name\":\"Nettoyage des broches et appareils orthodontiques\",\"item\":\"https:\/\/waterpik.be\/fr\/sante-bucco-dentaire\/besoins-dentaires-specifiques\/nettoyage-des-broches-et-appareils-orthodontiques\/\"},{\"@type\":\"ListItem\",\"position\":5,\"name\":\"Meilleurs jet dentaires Waterpik\u00ae pour les broches orthodontiques\"}]},{\"@type\":\"WebSite\",\"@id\":\"https:\/\/waterpik.be\/#website\",\"url\":\"https:\/\/waterpik.be\/\",\"name\":\"Waterpik Waterflosser\",\"description\":\"Poetsen alleen is niet genoeg\",\"potentialAction\":[{\"@type\":\"SearchAction\",\"target\":{\"@type\":\"EntryPoint\",\"urlTemplate\":\"https:\/\/waterpik.be\/?s={search_term_string}\"},\"query-input\":{\"@type\":\"PropertyValueSpecification\",\"valueRequired\":true,\"valueName\":\"search_term_string\"}}],\"inLanguage\":\"fr-FR\"}]}<\/script>\n<!-- \/ Yoast SEO plugin. -->","yoast_head_json":{"title":"Meilleurs jet dentaires Waterpik\u00ae pour les broches orthodontiques - Waterpik Waterflosser","description":"Le brossage et l\u2019utilisation de soie dentaire sur des broches\u00a0et\u00a0appareils orthodontiques\u00a0peuvent se r\u00e9v\u00e9ler compliqu\u00e9s.","robots":{"index":"index","follow":"follow","max-snippet":"max-snippet:-1","max-image-preview":"max-image-preview:large","max-video-preview":"max-video-preview:-1"},"canonical":"https:\/\/waterpik.be\/fr\/sante-bucco-dentaire\/besoins-dentaires-specifiques\/nettoyage-des-broches-et-appareils-orthodontiques\/meilleurs-jet-dentaires-waterpik-pour-les-broches-orthodontiques\/","og_locale":"fr_FR","og_type":"article","og_title":"Meilleurs jet dentaires Waterpik\u00ae pour les broches orthodontiques - Waterpik Waterflosser","og_description":"Le brossage et l\u2019utilisation de soie dentaire sur des broches\u00a0et\u00a0appareils orthodontiques\u00a0peuvent se r\u00e9v\u00e9ler compliqu\u00e9s.","og_url":"https:\/\/waterpik.be\/fr\/sante-bucco-dentaire\/besoins-dentaires-specifiques\/nettoyage-des-broches-et-appareils-orthodontiques\/meilleurs-jet-dentaires-waterpik-pour-les-broches-orthodontiques\/","og_site_name":"Waterpik Waterflosser","article_modified_time":"2021-03-02T15:09:51+00:00","twitter_card":"summary_large_image","twitter_misc":{"Dur\u00e9e de lecture estim\u00e9e":"2 minutes"},"schema":{"@context":"https:\/\/schema.org","@graph":[{"@type":"WebPage","@id":"https:\/\/waterpik.be\/fr\/sante-bucco-dentaire\/besoins-dentaires-specifiques\/nettoyage-des-broches-et-appareils-orthodontiques\/meilleurs-jet-dentaires-waterpik-pour-les-broches-orthodontiques\/","url":"https:\/\/waterpik.be\/fr\/sante-bucco-dentaire\/besoins-dentaires-specifiques\/nettoyage-des-broches-et-appareils-orthodontiques\/meilleurs-jet-dentaires-waterpik-pour-les-broches-orthodontiques\/","name":"Meilleurs jet dentaires Waterpik\u00ae pour les broches orthodontiques - Waterpik Waterflosser","isPartOf":{"@id":"https:\/\/waterpik.be\/#website"},"datePublished":"2020-12-03T15:05:20+00:00","dateModified":"2021-03-02T15:09:51+00:00","description":"Le brossage et l\u2019utilisation de soie dentaire sur des broches\u00a0et\u00a0appareils orthodontiques\u00a0peuvent se r\u00e9v\u00e9ler compliqu\u00e9s.","breadcrumb":{"@id":"https:\/\/waterpik.be\/fr\/sante-bucco-dentaire\/besoins-dentaires-specifiques\/nettoyage-des-broches-et-appareils-orthodontiques\/meilleurs-jet-dentaires-waterpik-pour-les-broches-orthodontiques\/#breadcrumb"},"inLanguage":"fr-FR","potentialAction":[{"@type":"ReadAction","target":["https:\/\/waterpik.be\/fr\/sante-bucco-dentaire\/besoins-dentaires-specifiques\/nettoyage-des-broches-et-appareils-orthodontiques\/meilleurs-jet-dentaires-waterpik-pour-les-broches-orthodontiques\/"]}]},{"@type":"BreadcrumbList","@id":"https:\/\/waterpik.be\/fr\/sante-bucco-dentaire\/besoins-dentaires-specifiques\/nettoyage-des-broches-et-appareils-orthodontiques\/meilleurs-jet-dentaires-waterpik-pour-les-broches-orthodontiques\/#breadcrumb","itemListElement":[{"@type":"ListItem","position":1,"name":"Home","item":"https:\/\/waterpik.be\/fr\/"},{"@type":"ListItem","position":2,"name":"Sant\u00e9 bucco-dentaire","item":"https:\/\/waterpik.be\/fr\/sante-bucco-dentaire\/"},{"@type":"ListItem","position":3,"name":"Besoins dentaires sp\u00e9cifiques","item":"https:\/\/waterpik.be\/fr\/sante-bucco-dentaire\/besoins-dentaires-specifiques\/"},{"@type":"ListItem","position":4,"name":"Nettoyage des broches et appareils orthodontiques","item":"https:\/\/waterpik.be\/fr\/sante-bucco-dentaire\/besoins-dentaires-specifiques\/nettoyage-des-broches-et-appareils-orthodontiques\/"},{"@type":"ListItem","position":5,"name":"Meilleurs jet dentaires Waterpik\u00ae pour les broches orthodontiques"}]},{"@type":"WebSite","@id":"https:\/\/waterpik.be\/#website","url":"https:\/\/waterpik.be\/","name":"Waterpik Waterflosser","description":"Poetsen alleen is niet genoeg","potentialAction":[{"@type":"SearchAction","target":{"@type":"EntryPoint","urlTemplate":"https:\/\/waterpik.be\/?s={search_term_string}"},"query-input":{"@type":"PropertyValueSpecification","valueRequired":true,"valueName":"search_term_string"}}],"inLanguage":"fr-FR"}]}},"_links":{"self":[{"href":"https:\/\/waterpik.be\/fr\/wp-json\/wp\/v2\/pages\/5680","targetHints":{"allow":["GET"]}}],"collection":[{"href":"https:\/\/waterpik.be\/fr\/wp-json\/wp\/v2\/pages"}],"about":[{"href":"https:\/\/waterpik.be\/fr\/wp-json\/wp\/v2\/types\/page"}],"author":[{"embeddable":true,"href":"https:\/\/waterpik.be\/fr\/wp-json\/wp\/v2\/users\/3"}],"replies":[{"embeddable":true,"href":"https:\/\/waterpik.be\/fr\/wp-json\/wp\/v2\/comments?post=5680"}],"version-history":[{"count":5,"href":"https:\/\/waterpik.be\/fr\/wp-json\/wp\/v2\/pages\/5680\/revisions"}],"predecessor-version":[{"id":6319,"href":"https:\/\/waterpik.be\/fr\/wp-json\/wp\/v2\/pages\/5680\/revisions\/6319"}],"up":[{"embeddable":true,"href":"https:\/\/waterpik.be\/fr\/wp-json\/wp\/v2\/pages\/5671"}],"wp:attachment":[{"href":"https:\/\/waterpik.be\/fr\/wp-json\/wp\/v2\/media?parent=5680"}],"curies":[{"name":"wp","href":"https:\/\/api.w.org\/{rel}","templated":true}]}}