{"id":5692,"date":"2020-12-03T16:15:19","date_gmt":"2020-12-03T15:15:19","guid":{"rendered":"http:\/\/waterpik.be\/besoins-dentaires-specifiques\/nettoyage-des-broches-et-appareils-orthodontiques\/appareils-orthodontiques\/"},"modified":"2021-03-02T16:08:55","modified_gmt":"2021-03-02T15:08:55","slug":"appareils-orthodontiques","status":"publish","type":"page","link":"https:\/\/waterpik.be\/fr\/sante-bucco-dentaire\/besoins-dentaires-specifiques\/nettoyage-des-broches-et-appareils-orthodontiques\/appareils-orthodontiques\/","title":{"rendered":"Appareils orthodontiques"},"content":{"rendered":"<p>Les appareils orthodontiques, tels que les \u00e9largisseurs de palais et les appareils Herbst et MARA, rendent les soins de vos dents et de vos gencives plus compliqu\u00e9s. Les appareils orthodontiques g\u00eanent votre brosse \u00e0 dents et compliquent l\u2019utilisation de le fil dentaire. De plus, les aliments peuvent se loger dans l\u2019appareil, ce qui est inesth\u00e9tique et mauvais pour les dents.<\/p>\n<p>Il est important de pr\u00e9venir l\u2019accumulation de plaques et d\u2019\u00e9liminer les particules alimentaires pour maintenir une bonne sant\u00e9 buccale lorsque vous portez un appareil orthodontique.<\/p>\n<div class=\"row\">\n<div class=\"col\"><img decoding=\"async\" class=\"img-fluid mx-auto d-block alignright\" style=\"font-size: 1rem;\" src=\"https:\/\/www.waterpik.fr\/sante-bucco-dentaire\/besoins-dentaires\/images\/smiling-teenagers.jpg\" alt=\"Adolescents souriants\" \/> \u00a0 \u00a0 \u00a0 \u00a0 \u00a0 \u00a0 \u00a0 \u00a0 \u00a0 \u00a0 \u00a0 \u00a0 \u00a0 \u00a0 \u00a0 \u00a0<a title=\"D\u00e9couvrez comment utiliser un hydropulseur Waterpik\u00ae avec des broches.\" href=\"https:\/\/www.waterpik.fr\/sante-bucco-dentaire\/besoins-dentaires\/broches-orthodontiques\/comment-utiliser-fil-dentaires-avec-broches\/\"><img decoding=\"async\" class=\"img-fluid mx-auto d-block alignnone\" src=\"https:\/\/www.waterpik.fr\/sante-bucco-dentaire\/besoins-dentaires\/images\/braces-rect.jpg\" alt=\"Comment utiliser de le fil dentaire lorsqu\u2019on porte des broches orthodontiques\" \/><\/a><\/div>\n<div class=\"col\"><\/div>\n<\/div>\n<h2>Se brosser les dents et utiliser de le fil dentaire en portant des appareils orthodontiques<\/h2>\n<p>Pour enlever la plaque, vous devez brosser autour de toutes les zones de votre appareil orthodontique, ainsi que toutes les surfaces de vos dents. Id\u00e9alement, vous devez proc\u00e9der au brossage apr\u00e8s chaque repas ou collation. Si vous ne pouvez pas le faire tout de suite, rincez-vous la bouche avec de l\u2019eau.<\/p>\n<p>Une brosse \u00e0 dents manuelle peut convenir si vous l\u2019utilisez correctement. Mais si vous portez un appareil orthodontique, il peut s\u2019av\u00e9rer plus simple d\u2019utiliser une\u00a0<a href=\"https:\/\/www.waterpik.fr\/sante-bucco-dentaire\/produits\/brosse-a-dents-electrique-jet-dentaire\/\">brosse \u00e0 dents sonique<\/a>. V\u00e9rifiez l\u2019usure de votre t\u00eate de brosse \u00e0 dents. \u00c0 cause du mat\u00e9riel orthodontique qui se trouve dans votre bouche, vous devrez remplacer la t\u00eate de la brosse plus souvent.<\/p>\n<p>M\u00eame une brosse \u00e0 dents sonique ne permet pas d\u2019enlever l\u2019int\u00e9gralit\u00e9 de la plaque. Vous devez \u00e9galement utiliser de le fil dentaire pour retirer la plaque que votre brosse \u00e0 dents ne peut pas atteindre. L\u2019autre m\u00e9thode consiste \u00e0 utiliser un enfileur de soie, mais cela peut \u00eatre difficile et fastidieux lorsque vous portez un appareil orthodontique.<\/p>\n<h2>Faciliter l\u2019utilisation de le fil dentaire<\/h2>\n<p>Une fa\u00e7on simple et efficace d\u2019\u00e9liminer la plaque et d\u2019am\u00e9liorer la sant\u00e9 des gencives autour des appareils orthodontiques consiste \u00e0 utiliser l\u2019embout orthodontique avec le\u00a0<a href=\"https:\/\/www.waterpik.fr\/sante-bucco-dentaire\/besoins-dentaires\/broches-orthodontiques\/meilleures-waterpik-pour-broches\/\">jet dentaire Waterpik<sup>\u00ae<\/sup><\/a>.<\/p>\n<p><a href=\"https:\/\/waterpik.be\/fr\/products\/od-100-embout-orthodontique\/\">L\u2019embout orthodontique<\/a>\u00a0est con\u00e7u avec une brosse dont l\u2019extr\u00e9mit\u00e9 est conique pour \u00e9liminer la plaque qui colle aux pi\u00e8ces de l\u2019appareil et qui se loge entre les dents. Il contribue \u00e9galement \u00e0 \u00e9liminer les bact\u00e9ries et les restes alimentaires autour des dents et sous le sillon gingival.<\/p>\n<h2>Autres conseils pour l\u2019entretien des appareils orthodontiques<\/h2>\n<p>L\u2019utilisation de dentifrice fluor\u00e9 ou d\u2019un bain de bouche au fluorure dans votre routine peut aider \u00e0 pr\u00e9venir les caries. Il est \u00e9galement important d\u2019effectuer des examens dentaires r\u00e9guliers pendant le traitement orthodontique.<\/p>\n","protected":false},"excerpt":{"rendered":"<p>Les appareils orthodontiques, tels que les \u00e9largisseurs de palais et les appareils Herbst et MARA, rendent les soins de vos dents et de vos gencives plus compliqu\u00e9s. Les appareils orthodontiques g\u00eanent votre brosse \u00e0 dents et compliquent l\u2019utilisation de le fil dentaire. De plus, les aliments peuvent se loger dans l\u2019appareil, ce qui est inesth\u00e9tique [&hellip;]<\/p>\n","protected":false},"author":3,"featured_media":0,"parent":5671,"menu_order":0,"comment_status":"closed","ping_status":"closed","template":"","meta":{"_acf_changed":false,"footnotes":""},"class_list":["post-5692","page","type-page","status-publish","hentry"],"acf":[],"yoast_head":"<!-- This site is optimized with the Yoast SEO plugin v26.7 - https:\/\/yoast.com\/wordpress\/plugins\/seo\/ -->\n<title>Appareils orthodontiques - Waterpik Waterflosser<\/title>\n<meta name=\"description\" content=\"Le fil dentaire Waterpik\u00ae avec embout orthodontique est cliniquement prouv\u00e9 comme \u00e9tant plus efficace que le fil dentaire pour \u00e9liminer la plaque des personnes portant des appareils orthodontiques.\" \/>\n<meta name=\"robots\" content=\"index, follow, max-snippet:-1, max-image-preview:large, max-video-preview:-1\" \/>\n<link rel=\"canonical\" href=\"https:\/\/waterpik.be\/fr\/sante-bucco-dentaire\/besoins-dentaires-specifiques\/nettoyage-des-broches-et-appareils-orthodontiques\/appareils-orthodontiques\/\" \/>\n<meta property=\"og:locale\" content=\"fr_FR\" \/>\n<meta property=\"og:type\" content=\"article\" \/>\n<meta property=\"og:title\" content=\"Appareils orthodontiques - Waterpik Waterflosser\" \/>\n<meta property=\"og:description\" content=\"Le fil dentaire Waterpik\u00ae avec embout orthodontique est cliniquement prouv\u00e9 comme \u00e9tant plus efficace que le fil dentaire pour \u00e9liminer la plaque des personnes portant des appareils orthodontiques.\" \/>\n<meta property=\"og:url\" content=\"https:\/\/waterpik.be\/fr\/sante-bucco-dentaire\/besoins-dentaires-specifiques\/nettoyage-des-broches-et-appareils-orthodontiques\/appareils-orthodontiques\/\" \/>\n<meta property=\"og:site_name\" content=\"Waterpik Waterflosser\" \/>\n<meta property=\"article:modified_time\" content=\"2021-03-02T15:08:55+00:00\" \/>\n<meta property=\"og:image\" content=\"https:\/\/www.waterpik.fr\/sante-bucco-dentaire\/besoins-dentaires\/images\/smiling-teenagers.jpg\" \/>\n<meta name=\"twitter:card\" content=\"summary_large_image\" \/>\n<meta name=\"twitter:label1\" content=\"Dur\u00e9e de lecture estim\u00e9e\" \/>\n\t<meta name=\"twitter:data1\" content=\"2 minutes\" \/>\n<script type=\"application\/ld+json\" class=\"yoast-schema-graph\">{\"@context\":\"https:\/\/schema.org\",\"@graph\":[{\"@type\":\"WebPage\",\"@id\":\"https:\/\/waterpik.be\/fr\/sante-bucco-dentaire\/besoins-dentaires-specifiques\/nettoyage-des-broches-et-appareils-orthodontiques\/appareils-orthodontiques\/\",\"url\":\"https:\/\/waterpik.be\/fr\/sante-bucco-dentaire\/besoins-dentaires-specifiques\/nettoyage-des-broches-et-appareils-orthodontiques\/appareils-orthodontiques\/\",\"name\":\"Appareils orthodontiques - Waterpik Waterflosser\",\"isPartOf\":{\"@id\":\"https:\/\/waterpik.be\/#website\"},\"primaryImageOfPage\":{\"@id\":\"https:\/\/waterpik.be\/fr\/sante-bucco-dentaire\/besoins-dentaires-specifiques\/nettoyage-des-broches-et-appareils-orthodontiques\/appareils-orthodontiques\/#primaryimage\"},\"image\":{\"@id\":\"https:\/\/waterpik.be\/fr\/sante-bucco-dentaire\/besoins-dentaires-specifiques\/nettoyage-des-broches-et-appareils-orthodontiques\/appareils-orthodontiques\/#primaryimage\"},\"thumbnailUrl\":\"https:\/\/www.waterpik.fr\/sante-bucco-dentaire\/besoins-dentaires\/images\/smiling-teenagers.jpg\",\"datePublished\":\"2020-12-03T15:15:19+00:00\",\"dateModified\":\"2021-03-02T15:08:55+00:00\",\"description\":\"Le fil dentaire Waterpik\u00ae avec embout orthodontique est cliniquement prouv\u00e9 comme \u00e9tant plus efficace que le fil dentaire pour \u00e9liminer la plaque des personnes portant des appareils orthodontiques.\",\"breadcrumb\":{\"@id\":\"https:\/\/waterpik.be\/fr\/sante-bucco-dentaire\/besoins-dentaires-specifiques\/nettoyage-des-broches-et-appareils-orthodontiques\/appareils-orthodontiques\/#breadcrumb\"},\"inLanguage\":\"fr-FR\",\"potentialAction\":[{\"@type\":\"ReadAction\",\"target\":[\"https:\/\/waterpik.be\/fr\/sante-bucco-dentaire\/besoins-dentaires-specifiques\/nettoyage-des-broches-et-appareils-orthodontiques\/appareils-orthodontiques\/\"]}]},{\"@type\":\"ImageObject\",\"inLanguage\":\"fr-FR\",\"@id\":\"https:\/\/waterpik.be\/fr\/sante-bucco-dentaire\/besoins-dentaires-specifiques\/nettoyage-des-broches-et-appareils-orthodontiques\/appareils-orthodontiques\/#primaryimage\",\"url\":\"https:\/\/www.waterpik.fr\/sante-bucco-dentaire\/besoins-dentaires\/images\/smiling-teenagers.jpg\",\"contentUrl\":\"https:\/\/www.waterpik.fr\/sante-bucco-dentaire\/besoins-dentaires\/images\/smiling-teenagers.jpg\"},{\"@type\":\"BreadcrumbList\",\"@id\":\"https:\/\/waterpik.be\/fr\/sante-bucco-dentaire\/besoins-dentaires-specifiques\/nettoyage-des-broches-et-appareils-orthodontiques\/appareils-orthodontiques\/#breadcrumb\",\"itemListElement\":[{\"@type\":\"ListItem\",\"position\":1,\"name\":\"Home\",\"item\":\"https:\/\/waterpik.be\/fr\/\"},{\"@type\":\"ListItem\",\"position\":2,\"name\":\"Sant\u00e9 bucco-dentaire\",\"item\":\"https:\/\/waterpik.be\/fr\/sante-bucco-dentaire\/\"},{\"@type\":\"ListItem\",\"position\":3,\"name\":\"Besoins dentaires sp\u00e9cifiques\",\"item\":\"https:\/\/waterpik.be\/fr\/sante-bucco-dentaire\/besoins-dentaires-specifiques\/\"},{\"@type\":\"ListItem\",\"position\":4,\"name\":\"Nettoyage des broches et appareils orthodontiques\",\"item\":\"https:\/\/waterpik.be\/fr\/sante-bucco-dentaire\/besoins-dentaires-specifiques\/nettoyage-des-broches-et-appareils-orthodontiques\/\"},{\"@type\":\"ListItem\",\"position\":5,\"name\":\"Appareils orthodontiques\"}]},{\"@type\":\"WebSite\",\"@id\":\"https:\/\/waterpik.be\/#website\",\"url\":\"https:\/\/waterpik.be\/\",\"name\":\"Waterpik Waterflosser\",\"description\":\"Poetsen alleen is niet genoeg\",\"potentialAction\":[{\"@type\":\"SearchAction\",\"target\":{\"@type\":\"EntryPoint\",\"urlTemplate\":\"https:\/\/waterpik.be\/?s={search_term_string}\"},\"query-input\":{\"@type\":\"PropertyValueSpecification\",\"valueRequired\":true,\"valueName\":\"search_term_string\"}}],\"inLanguage\":\"fr-FR\"}]}<\/script>\n<!-- \/ Yoast SEO plugin. -->","yoast_head_json":{"title":"Appareils orthodontiques - Waterpik Waterflosser","description":"Le fil dentaire Waterpik\u00ae avec embout orthodontique est cliniquement prouv\u00e9 comme \u00e9tant plus efficace que le fil dentaire pour \u00e9liminer la plaque des personnes portant des appareils orthodontiques.","robots":{"index":"index","follow":"follow","max-snippet":"max-snippet:-1","max-image-preview":"max-image-preview:large","max-video-preview":"max-video-preview:-1"},"canonical":"https:\/\/waterpik.be\/fr\/sante-bucco-dentaire\/besoins-dentaires-specifiques\/nettoyage-des-broches-et-appareils-orthodontiques\/appareils-orthodontiques\/","og_locale":"fr_FR","og_type":"article","og_title":"Appareils orthodontiques - Waterpik Waterflosser","og_description":"Le fil dentaire Waterpik\u00ae avec embout orthodontique est cliniquement prouv\u00e9 comme \u00e9tant plus efficace que le fil dentaire pour \u00e9liminer la plaque des personnes portant des appareils orthodontiques.","og_url":"https:\/\/waterpik.be\/fr\/sante-bucco-dentaire\/besoins-dentaires-specifiques\/nettoyage-des-broches-et-appareils-orthodontiques\/appareils-orthodontiques\/","og_site_name":"Waterpik Waterflosser","article_modified_time":"2021-03-02T15:08:55+00:00","og_image":[{"url":"https:\/\/www.waterpik.fr\/sante-bucco-dentaire\/besoins-dentaires\/images\/smiling-teenagers.jpg","type":"","width":"","height":""}],"twitter_card":"summary_large_image","twitter_misc":{"Dur\u00e9e de lecture estim\u00e9e":"2 minutes"},"schema":{"@context":"https:\/\/schema.org","@graph":[{"@type":"WebPage","@id":"https:\/\/waterpik.be\/fr\/sante-bucco-dentaire\/besoins-dentaires-specifiques\/nettoyage-des-broches-et-appareils-orthodontiques\/appareils-orthodontiques\/","url":"https:\/\/waterpik.be\/fr\/sante-bucco-dentaire\/besoins-dentaires-specifiques\/nettoyage-des-broches-et-appareils-orthodontiques\/appareils-orthodontiques\/","name":"Appareils orthodontiques - Waterpik Waterflosser","isPartOf":{"@id":"https:\/\/waterpik.be\/#website"},"primaryImageOfPage":{"@id":"https:\/\/waterpik.be\/fr\/sante-bucco-dentaire\/besoins-dentaires-specifiques\/nettoyage-des-broches-et-appareils-orthodontiques\/appareils-orthodontiques\/#primaryimage"},"image":{"@id":"https:\/\/waterpik.be\/fr\/sante-bucco-dentaire\/besoins-dentaires-specifiques\/nettoyage-des-broches-et-appareils-orthodontiques\/appareils-orthodontiques\/#primaryimage"},"thumbnailUrl":"https:\/\/www.waterpik.fr\/sante-bucco-dentaire\/besoins-dentaires\/images\/smiling-teenagers.jpg","datePublished":"2020-12-03T15:15:19+00:00","dateModified":"2021-03-02T15:08:55+00:00","description":"Le fil dentaire Waterpik\u00ae avec embout orthodontique est cliniquement prouv\u00e9 comme \u00e9tant plus efficace que le fil dentaire pour \u00e9liminer la plaque des personnes portant des appareils orthodontiques.","breadcrumb":{"@id":"https:\/\/waterpik.be\/fr\/sante-bucco-dentaire\/besoins-dentaires-specifiques\/nettoyage-des-broches-et-appareils-orthodontiques\/appareils-orthodontiques\/#breadcrumb"},"inLanguage":"fr-FR","potentialAction":[{"@type":"ReadAction","target":["https:\/\/waterpik.be\/fr\/sante-bucco-dentaire\/besoins-dentaires-specifiques\/nettoyage-des-broches-et-appareils-orthodontiques\/appareils-orthodontiques\/"]}]},{"@type":"ImageObject","inLanguage":"fr-FR","@id":"https:\/\/waterpik.be\/fr\/sante-bucco-dentaire\/besoins-dentaires-specifiques\/nettoyage-des-broches-et-appareils-orthodontiques\/appareils-orthodontiques\/#primaryimage","url":"https:\/\/www.waterpik.fr\/sante-bucco-dentaire\/besoins-dentaires\/images\/smiling-teenagers.jpg","contentUrl":"https:\/\/www.waterpik.fr\/sante-bucco-dentaire\/besoins-dentaires\/images\/smiling-teenagers.jpg"},{"@type":"BreadcrumbList","@id":"https:\/\/waterpik.be\/fr\/sante-bucco-dentaire\/besoins-dentaires-specifiques\/nettoyage-des-broches-et-appareils-orthodontiques\/appareils-orthodontiques\/#breadcrumb","itemListElement":[{"@type":"ListItem","position":1,"name":"Home","item":"https:\/\/waterpik.be\/fr\/"},{"@type":"ListItem","position":2,"name":"Sant\u00e9 bucco-dentaire","item":"https:\/\/waterpik.be\/fr\/sante-bucco-dentaire\/"},{"@type":"ListItem","position":3,"name":"Besoins dentaires sp\u00e9cifiques","item":"https:\/\/waterpik.be\/fr\/sante-bucco-dentaire\/besoins-dentaires-specifiques\/"},{"@type":"ListItem","position":4,"name":"Nettoyage des broches et appareils orthodontiques","item":"https:\/\/waterpik.be\/fr\/sante-bucco-dentaire\/besoins-dentaires-specifiques\/nettoyage-des-broches-et-appareils-orthodontiques\/"},{"@type":"ListItem","position":5,"name":"Appareils orthodontiques"}]},{"@type":"WebSite","@id":"https:\/\/waterpik.be\/#website","url":"https:\/\/waterpik.be\/","name":"Waterpik Waterflosser","description":"Poetsen alleen is niet genoeg","potentialAction":[{"@type":"SearchAction","target":{"@type":"EntryPoint","urlTemplate":"https:\/\/waterpik.be\/?s={search_term_string}"},"query-input":{"@type":"PropertyValueSpecification","valueRequired":true,"valueName":"search_term_string"}}],"inLanguage":"fr-FR"}]}},"_links":{"self":[{"href":"https:\/\/waterpik.be\/fr\/wp-json\/wp\/v2\/pages\/5692","targetHints":{"allow":["GET"]}}],"collection":[{"href":"https:\/\/waterpik.be\/fr\/wp-json\/wp\/v2\/pages"}],"about":[{"href":"https:\/\/waterpik.be\/fr\/wp-json\/wp\/v2\/types\/page"}],"author":[{"embeddable":true,"href":"https:\/\/waterpik.be\/fr\/wp-json\/wp\/v2\/users\/3"}],"replies":[{"embeddable":true,"href":"https:\/\/waterpik.be\/fr\/wp-json\/wp\/v2\/comments?post=5692"}],"version-history":[{"count":2,"href":"https:\/\/waterpik.be\/fr\/wp-json\/wp\/v2\/pages\/5692\/revisions"}],"predecessor-version":[{"id":6296,"href":"https:\/\/waterpik.be\/fr\/wp-json\/wp\/v2\/pages\/5692\/revisions\/6296"}],"up":[{"embeddable":true,"href":"https:\/\/waterpik.be\/fr\/wp-json\/wp\/v2\/pages\/5671"}],"wp:attachment":[{"href":"https:\/\/waterpik.be\/fr\/wp-json\/wp\/v2\/media?parent=5692"}],"curies":[{"name":"wp","href":"https:\/\/api.w.org\/{rel}","templated":true}]}}