{"id":5697,"date":"2020-12-03T16:20:22","date_gmt":"2020-12-03T15:20:22","guid":{"rendered":"http:\/\/waterpik.be\/besoins-dentaires-specifiques\/nettoyage-des-broches-et-appareils-orthodontiques\/nettoyer-des-broches-orthodontiques\/"},"modified":"2021-03-02T16:10:48","modified_gmt":"2021-03-02T15:10:48","slug":"nettoyer-des-broches-orthodontiques","status":"publish","type":"page","link":"https:\/\/waterpik.be\/fr\/sante-bucco-dentaire\/besoins-dentaires-specifiques\/nettoyage-des-broches-et-appareils-orthodontiques\/nettoyer-des-broches-orthodontiques\/","title":{"rendered":"Nettoyer des broches orthodontiques"},"content":{"rendered":"<p>Les broches orthodontiques peuvent cr\u00e9er des probl\u00e8mes de sant\u00e9 bucco-dentaire comme la gingivite et la d\u00e9calcification (taches blanches), ce qui provoque des probl\u00e8mes plus graves.<\/p>\n<ul>\n<li>La\u00a0<a href=\"https:\/\/waterpik.be\/fr\/sante-bucco-dentaire\/besoins-dentaires-specifiques\/symptomes-de-la-maladie-des-gencives-et-traitement\/gingivite-symptomes-causes-et-traitement\/\">gingivite<\/a>\u00a0est le premier signe d\u2019une maladie des gencives. Les gencives sont rouges, enfl\u00e9es, brillantes et saignent facilement. Cela est caus\u00e9 par la plaque qui irrite la gencive et entra\u00eene une infection.<\/li>\n<li>La d\u00e9calcification touche l\u2019\u00e9mail de vos dents et provoque des l\u00e9sions ou des taches blanches sur les dents. Elle est caus\u00e9e par la production de plaques et d\u2019acide apr\u00e8s que vous ayez mang\u00e9 et bu. La d\u00e9calcification est impossible \u00e0 rectifier, ainsi, la pr\u00e9vention est essentielle.<\/li>\n<\/ul>\n<p>Vous pouvez r\u00e9duire au maximum ou pr\u00e9venir les probl\u00e8mes de sant\u00e9 bucco-dentaire caus\u00e9s par des broches orthodontiques en adoptant une bonne hygi\u00e8ne dentaire et orthodontique.<\/p>\n<div class=\"row\">\n<div class=\"col\"><a title=\"D\u00e9couvrez comment utiliser un hydropulseur Waterpik\u00ae avec des broches.\" href=\"https:\/\/www.waterpik.fr\/sante-bucco-dentaire\/besoins-dentaires\/broches-orthodontiques\/comment-utiliser-fil-dentaires-avec-broches\/\"><img decoding=\"async\" class=\"img-fluid mx-auto d-block\" src=\"https:\/\/www.waterpik.fr\/sante-bucco-dentaire\/besoins-dentaires\/images\/braces-rect.jpg\" alt=\"Comment utiliser de le fil dentaire lorsqu\u2019on porte des broches orthodontiques\" \/><\/a>\u00a0 \u00a0 <img decoding=\"async\" class=\"img-fluid mx-auto d-block\" style=\"font-size: 1rem;\" src=\"https:\/\/www.waterpik.fr\/sante-bucco-dentaire\/besoins-dentaires\/images\/smiling-braces.jpg\" alt=\"Sourire avec des broches orthodontiques\" \/>\u00a0 \u00a0<img decoding=\"async\" class=\"img-fluid mx-auto d-block\" style=\"font-size: 1rem;\" src=\"https:\/\/www.waterpik.fr\/sante-bucco-dentaire\/besoins-dentaires\/images\/teenagers-braces.jpg\" alt=\"Adolescents portant des broches orthodontiques\" \/><\/div>\n<\/div>\n<h2>Se brosser les dents et utiliser de le fil dentaire lorsqu\u2019on porte des broches<\/h2>\n<p>Pour enlever la plaque, vous devez brosser autour de toutes les zones de vos broches orthodontiques, ainsi que toutes les surfaces de vos dents. Id\u00e9alement, vous devez proc\u00e9der au brossage apr\u00e8s chaque repas ou collation. Si vous ne pouvez pas le faire tout de suite, rincez-vous la bouche avec de l\u2019eau.<\/p>\n<p>Une brosse \u00e0 dents manuelle peut convenir si vous l\u2019utilisez correctement. Mais si vous portez des bo\u00eetiers et des arcs ou d\u2019autres mat\u00e9riels orthodontiques, il peut s\u2019av\u00e9rer plus simple d\u2019utiliser une\u00a0<a href=\"https:\/\/waterpik.be\/fr\/cat%C3%A9gories-de-produits\/jets-dentaires-combines\/\">brosse \u00e0 dents sonique<\/a>. V\u00e9rifiez l\u2019usure de votre t\u00eate de brosse \u00e0 dents. \u00c0 cause des bo\u00eetiers et autres mat\u00e9riels, vous devrez remplacer la t\u00eate de brosse plus souvent.<\/p>\n<p>M\u00eame une brosse \u00e0 dents sonique ne permet pas d\u2019enlever l\u2019int\u00e9gralit\u00e9 de la plaque. Vous devez \u00e9galement utiliser de le fil dentaire pour retirer la plaque que votre brosse \u00e0 dents ne peut pas atteindre. L\u2019autre m\u00e9thode consiste \u00e0 utiliser un enfileur de soie, mais cela peut \u00eatre difficile et fastidieux lorsque vous portez des broches.<\/p>\n<h2>Faciliter l\u2019utilisation de le fil dentaire en portant des broches<\/h2>\n<p>Un moyen simple et efficace pour \u00e9liminer la plaque autour des broches orthodontiques et am\u00e9liorer la sant\u00e9 des gencives consiste \u00e0 utiliser un jet dentaire\u00a0<a href=\"https:\/\/waterpik.be\/fr\/sante-bucco-dentaire\/besoins-dentaires-specifiques\/nettoyage-des-broches-et-appareils-orthodontiques\/nettoyer-des-broches-orthodontiques\/\">Waterpik<sup>\u00ae<\/sup><\/a>\u00a0\u00e0 embout orthodontique. Il est\u00a0<a title=\"Lire la recherche clinique\" href=\"https:\/\/waterpik.be\/fr\/dentistes\/recherche-clinique-un-produit-base-sur-des-resultats\/\">cliniquement prouv\u00e9<\/a>\u00a0que cette m\u00e9thode est plus efficace que le fil dentaire pour les personnes qui portent des broches. En savoir plus sur\u00a0<a title=\"Utiliser de le fil dentaire avec des broches orthodontiques : instructions et vid\u00e9o anim\u00e9e\" href=\"https:\/\/waterpik.be\/fr\/sante-bucco-dentaire\/besoins-dentaires-specifiques\/nettoyage-des-broches-et-appareils-orthodontiques\/nettoyer-des-broches-orthodontiques\/\">comment utiliser<\/a>\u00a0un jet dentaire Waterpik<sup>\u00ae<\/sup>\u00a0en portant une broche orthodontique.<\/p>\n<p><a href=\"https:\/\/waterpik.be\/fr\/products\/od-100-embout-orthodontique\/\">L\u2019embout orthodontique<\/a>\u00a0est con\u00e7u avec une brosse dont l\u2019extr\u00e9mit\u00e9 est conique pour \u00e9liminer la plaque qui colle au bo\u00eetier et qui se loge entre les dents. Il contribue \u00e9galement \u00e0 \u00e9liminer les bact\u00e9ries et les restes alimentaires autour des dents et sous le sillon gingival.<\/p>\n<h2>Autres conseils pour l\u2019entretien des broches orthodontiques<\/h2>\n<p>L\u2019utilisation de dentifrice fluor\u00e9 ou d\u2019un bain de bouche au fluorure dans votre routine peut aider \u00e0 pr\u00e9venir les taches blanches (d\u00e9calcification) et les caries. Il est \u00e9galement important d\u2019effectuer des examens dentaires r\u00e9guliers pendant le traitement orthodontique.<\/p>\n","protected":false},"excerpt":{"rendered":"<p>Les broches orthodontiques peuvent cr\u00e9er des probl\u00e8mes de sant\u00e9 bucco-dentaire comme la gingivite et la d\u00e9calcification (taches blanches), ce qui provoque des probl\u00e8mes plus graves. La\u00a0gingivite\u00a0est le premier signe d\u2019une maladie des gencives. Les gencives sont rouges, enfl\u00e9es, brillantes et saignent facilement. Cela est caus\u00e9 par la plaque qui irrite la gencive et entra\u00eene une [&hellip;]<\/p>\n","protected":false},"author":3,"featured_media":0,"parent":5671,"menu_order":2,"comment_status":"closed","ping_status":"closed","template":"","meta":{"_acf_changed":false,"footnotes":""},"class_list":["post-5697","page","type-page","status-publish","hentry"],"acf":[],"yoast_head":"<!-- This site is optimized with the Yoast SEO plugin v26.7 - https:\/\/yoast.com\/wordpress\/plugins\/seo\/ -->\n<title>Nettoyer des broches orthodontiques - Waterpik Waterflosser<\/title>\n<meta name=\"description\" content=\"Les broches orthodontiques peuvent cr\u00e9er des probl\u00e8mes de sant\u00e9 bucco-dentaire comme la gingivite et la d\u00e9calcification (taches blanches), ce qui provoque des probl\u00e8mes plus graves.\" \/>\n<meta name=\"robots\" content=\"index, follow, max-snippet:-1, max-image-preview:large, max-video-preview:-1\" \/>\n<link rel=\"canonical\" href=\"https:\/\/waterpik.be\/fr\/sante-bucco-dentaire\/besoins-dentaires-specifiques\/nettoyage-des-broches-et-appareils-orthodontiques\/nettoyer-des-broches-orthodontiques\/\" \/>\n<meta property=\"og:locale\" content=\"fr_FR\" \/>\n<meta property=\"og:type\" content=\"article\" \/>\n<meta property=\"og:title\" content=\"Nettoyer des broches orthodontiques - Waterpik Waterflosser\" \/>\n<meta property=\"og:description\" content=\"Les broches orthodontiques peuvent cr\u00e9er des probl\u00e8mes de sant\u00e9 bucco-dentaire comme la gingivite et la d\u00e9calcification (taches blanches), ce qui provoque des probl\u00e8mes plus graves.\" \/>\n<meta property=\"og:url\" content=\"https:\/\/waterpik.be\/fr\/sante-bucco-dentaire\/besoins-dentaires-specifiques\/nettoyage-des-broches-et-appareils-orthodontiques\/nettoyer-des-broches-orthodontiques\/\" \/>\n<meta property=\"og:site_name\" content=\"Waterpik Waterflosser\" \/>\n<meta property=\"article:modified_time\" content=\"2021-03-02T15:10:48+00:00\" \/>\n<meta property=\"og:image\" content=\"https:\/\/www.waterpik.fr\/sante-bucco-dentaire\/besoins-dentaires\/images\/braces-rect.jpg\" \/>\n<meta name=\"twitter:card\" content=\"summary_large_image\" \/>\n<meta name=\"twitter:label1\" content=\"Dur\u00e9e de lecture estim\u00e9e\" \/>\n\t<meta name=\"twitter:data1\" content=\"3 minutes\" \/>\n<script type=\"application\/ld+json\" class=\"yoast-schema-graph\">{\"@context\":\"https:\/\/schema.org\",\"@graph\":[{\"@type\":\"WebPage\",\"@id\":\"https:\/\/waterpik.be\/fr\/sante-bucco-dentaire\/besoins-dentaires-specifiques\/nettoyage-des-broches-et-appareils-orthodontiques\/nettoyer-des-broches-orthodontiques\/\",\"url\":\"https:\/\/waterpik.be\/fr\/sante-bucco-dentaire\/besoins-dentaires-specifiques\/nettoyage-des-broches-et-appareils-orthodontiques\/nettoyer-des-broches-orthodontiques\/\",\"name\":\"Nettoyer des broches orthodontiques - Waterpik Waterflosser\",\"isPartOf\":{\"@id\":\"https:\/\/waterpik.be\/#website\"},\"primaryImageOfPage\":{\"@id\":\"https:\/\/waterpik.be\/fr\/sante-bucco-dentaire\/besoins-dentaires-specifiques\/nettoyage-des-broches-et-appareils-orthodontiques\/nettoyer-des-broches-orthodontiques\/#primaryimage\"},\"image\":{\"@id\":\"https:\/\/waterpik.be\/fr\/sante-bucco-dentaire\/besoins-dentaires-specifiques\/nettoyage-des-broches-et-appareils-orthodontiques\/nettoyer-des-broches-orthodontiques\/#primaryimage\"},\"thumbnailUrl\":\"https:\/\/www.waterpik.fr\/sante-bucco-dentaire\/besoins-dentaires\/images\/braces-rect.jpg\",\"datePublished\":\"2020-12-03T15:20:22+00:00\",\"dateModified\":\"2021-03-02T15:10:48+00:00\",\"description\":\"Les broches orthodontiques peuvent cr\u00e9er des probl\u00e8mes de sant\u00e9 bucco-dentaire comme la gingivite et la d\u00e9calcification (taches blanches), ce qui provoque des probl\u00e8mes plus graves.\",\"breadcrumb\":{\"@id\":\"https:\/\/waterpik.be\/fr\/sante-bucco-dentaire\/besoins-dentaires-specifiques\/nettoyage-des-broches-et-appareils-orthodontiques\/nettoyer-des-broches-orthodontiques\/#breadcrumb\"},\"inLanguage\":\"fr-FR\",\"potentialAction\":[{\"@type\":\"ReadAction\",\"target\":[\"https:\/\/waterpik.be\/fr\/sante-bucco-dentaire\/besoins-dentaires-specifiques\/nettoyage-des-broches-et-appareils-orthodontiques\/nettoyer-des-broches-orthodontiques\/\"]}]},{\"@type\":\"ImageObject\",\"inLanguage\":\"fr-FR\",\"@id\":\"https:\/\/waterpik.be\/fr\/sante-bucco-dentaire\/besoins-dentaires-specifiques\/nettoyage-des-broches-et-appareils-orthodontiques\/nettoyer-des-broches-orthodontiques\/#primaryimage\",\"url\":\"https:\/\/www.waterpik.fr\/sante-bucco-dentaire\/besoins-dentaires\/images\/braces-rect.jpg\",\"contentUrl\":\"https:\/\/www.waterpik.fr\/sante-bucco-dentaire\/besoins-dentaires\/images\/braces-rect.jpg\"},{\"@type\":\"BreadcrumbList\",\"@id\":\"https:\/\/waterpik.be\/fr\/sante-bucco-dentaire\/besoins-dentaires-specifiques\/nettoyage-des-broches-et-appareils-orthodontiques\/nettoyer-des-broches-orthodontiques\/#breadcrumb\",\"itemListElement\":[{\"@type\":\"ListItem\",\"position\":1,\"name\":\"Home\",\"item\":\"https:\/\/waterpik.be\/fr\/\"},{\"@type\":\"ListItem\",\"position\":2,\"name\":\"Sant\u00e9 bucco-dentaire\",\"item\":\"https:\/\/waterpik.be\/fr\/sante-bucco-dentaire\/\"},{\"@type\":\"ListItem\",\"position\":3,\"name\":\"Besoins dentaires sp\u00e9cifiques\",\"item\":\"https:\/\/waterpik.be\/fr\/sante-bucco-dentaire\/besoins-dentaires-specifiques\/\"},{\"@type\":\"ListItem\",\"position\":4,\"name\":\"Nettoyage des broches et appareils orthodontiques\",\"item\":\"https:\/\/waterpik.be\/fr\/sante-bucco-dentaire\/besoins-dentaires-specifiques\/nettoyage-des-broches-et-appareils-orthodontiques\/\"},{\"@type\":\"ListItem\",\"position\":5,\"name\":\"Nettoyer des broches orthodontiques\"}]},{\"@type\":\"WebSite\",\"@id\":\"https:\/\/waterpik.be\/#website\",\"url\":\"https:\/\/waterpik.be\/\",\"name\":\"Waterpik Waterflosser\",\"description\":\"Poetsen alleen is niet genoeg\",\"potentialAction\":[{\"@type\":\"SearchAction\",\"target\":{\"@type\":\"EntryPoint\",\"urlTemplate\":\"https:\/\/waterpik.be\/?s={search_term_string}\"},\"query-input\":{\"@type\":\"PropertyValueSpecification\",\"valueRequired\":true,\"valueName\":\"search_term_string\"}}],\"inLanguage\":\"fr-FR\"}]}<\/script>\n<!-- \/ Yoast SEO plugin. -->","yoast_head_json":{"title":"Nettoyer des broches orthodontiques - Waterpik Waterflosser","description":"Les broches orthodontiques peuvent cr\u00e9er des probl\u00e8mes de sant\u00e9 bucco-dentaire comme la gingivite et la d\u00e9calcification (taches blanches), ce qui provoque des probl\u00e8mes plus graves.","robots":{"index":"index","follow":"follow","max-snippet":"max-snippet:-1","max-image-preview":"max-image-preview:large","max-video-preview":"max-video-preview:-1"},"canonical":"https:\/\/waterpik.be\/fr\/sante-bucco-dentaire\/besoins-dentaires-specifiques\/nettoyage-des-broches-et-appareils-orthodontiques\/nettoyer-des-broches-orthodontiques\/","og_locale":"fr_FR","og_type":"article","og_title":"Nettoyer des broches orthodontiques - Waterpik Waterflosser","og_description":"Les broches orthodontiques peuvent cr\u00e9er des probl\u00e8mes de sant\u00e9 bucco-dentaire comme la gingivite et la d\u00e9calcification (taches blanches), ce qui provoque des probl\u00e8mes plus graves.","og_url":"https:\/\/waterpik.be\/fr\/sante-bucco-dentaire\/besoins-dentaires-specifiques\/nettoyage-des-broches-et-appareils-orthodontiques\/nettoyer-des-broches-orthodontiques\/","og_site_name":"Waterpik Waterflosser","article_modified_time":"2021-03-02T15:10:48+00:00","og_image":[{"url":"https:\/\/www.waterpik.fr\/sante-bucco-dentaire\/besoins-dentaires\/images\/braces-rect.jpg","type":"","width":"","height":""}],"twitter_card":"summary_large_image","twitter_misc":{"Dur\u00e9e de lecture estim\u00e9e":"3 minutes"},"schema":{"@context":"https:\/\/schema.org","@graph":[{"@type":"WebPage","@id":"https:\/\/waterpik.be\/fr\/sante-bucco-dentaire\/besoins-dentaires-specifiques\/nettoyage-des-broches-et-appareils-orthodontiques\/nettoyer-des-broches-orthodontiques\/","url":"https:\/\/waterpik.be\/fr\/sante-bucco-dentaire\/besoins-dentaires-specifiques\/nettoyage-des-broches-et-appareils-orthodontiques\/nettoyer-des-broches-orthodontiques\/","name":"Nettoyer des broches orthodontiques - Waterpik Waterflosser","isPartOf":{"@id":"https:\/\/waterpik.be\/#website"},"primaryImageOfPage":{"@id":"https:\/\/waterpik.be\/fr\/sante-bucco-dentaire\/besoins-dentaires-specifiques\/nettoyage-des-broches-et-appareils-orthodontiques\/nettoyer-des-broches-orthodontiques\/#primaryimage"},"image":{"@id":"https:\/\/waterpik.be\/fr\/sante-bucco-dentaire\/besoins-dentaires-specifiques\/nettoyage-des-broches-et-appareils-orthodontiques\/nettoyer-des-broches-orthodontiques\/#primaryimage"},"thumbnailUrl":"https:\/\/www.waterpik.fr\/sante-bucco-dentaire\/besoins-dentaires\/images\/braces-rect.jpg","datePublished":"2020-12-03T15:20:22+00:00","dateModified":"2021-03-02T15:10:48+00:00","description":"Les broches orthodontiques peuvent cr\u00e9er des probl\u00e8mes de sant\u00e9 bucco-dentaire comme la gingivite et la d\u00e9calcification (taches blanches), ce qui provoque des probl\u00e8mes plus graves.","breadcrumb":{"@id":"https:\/\/waterpik.be\/fr\/sante-bucco-dentaire\/besoins-dentaires-specifiques\/nettoyage-des-broches-et-appareils-orthodontiques\/nettoyer-des-broches-orthodontiques\/#breadcrumb"},"inLanguage":"fr-FR","potentialAction":[{"@type":"ReadAction","target":["https:\/\/waterpik.be\/fr\/sante-bucco-dentaire\/besoins-dentaires-specifiques\/nettoyage-des-broches-et-appareils-orthodontiques\/nettoyer-des-broches-orthodontiques\/"]}]},{"@type":"ImageObject","inLanguage":"fr-FR","@id":"https:\/\/waterpik.be\/fr\/sante-bucco-dentaire\/besoins-dentaires-specifiques\/nettoyage-des-broches-et-appareils-orthodontiques\/nettoyer-des-broches-orthodontiques\/#primaryimage","url":"https:\/\/www.waterpik.fr\/sante-bucco-dentaire\/besoins-dentaires\/images\/braces-rect.jpg","contentUrl":"https:\/\/www.waterpik.fr\/sante-bucco-dentaire\/besoins-dentaires\/images\/braces-rect.jpg"},{"@type":"BreadcrumbList","@id":"https:\/\/waterpik.be\/fr\/sante-bucco-dentaire\/besoins-dentaires-specifiques\/nettoyage-des-broches-et-appareils-orthodontiques\/nettoyer-des-broches-orthodontiques\/#breadcrumb","itemListElement":[{"@type":"ListItem","position":1,"name":"Home","item":"https:\/\/waterpik.be\/fr\/"},{"@type":"ListItem","position":2,"name":"Sant\u00e9 bucco-dentaire","item":"https:\/\/waterpik.be\/fr\/sante-bucco-dentaire\/"},{"@type":"ListItem","position":3,"name":"Besoins dentaires sp\u00e9cifiques","item":"https:\/\/waterpik.be\/fr\/sante-bucco-dentaire\/besoins-dentaires-specifiques\/"},{"@type":"ListItem","position":4,"name":"Nettoyage des broches et appareils orthodontiques","item":"https:\/\/waterpik.be\/fr\/sante-bucco-dentaire\/besoins-dentaires-specifiques\/nettoyage-des-broches-et-appareils-orthodontiques\/"},{"@type":"ListItem","position":5,"name":"Nettoyer des broches orthodontiques"}]},{"@type":"WebSite","@id":"https:\/\/waterpik.be\/#website","url":"https:\/\/waterpik.be\/","name":"Waterpik Waterflosser","description":"Poetsen alleen is niet genoeg","potentialAction":[{"@type":"SearchAction","target":{"@type":"EntryPoint","urlTemplate":"https:\/\/waterpik.be\/?s={search_term_string}"},"query-input":{"@type":"PropertyValueSpecification","valueRequired":true,"valueName":"search_term_string"}}],"inLanguage":"fr-FR"}]}},"_links":{"self":[{"href":"https:\/\/waterpik.be\/fr\/wp-json\/wp\/v2\/pages\/5697","targetHints":{"allow":["GET"]}}],"collection":[{"href":"https:\/\/waterpik.be\/fr\/wp-json\/wp\/v2\/pages"}],"about":[{"href":"https:\/\/waterpik.be\/fr\/wp-json\/wp\/v2\/types\/page"}],"author":[{"embeddable":true,"href":"https:\/\/waterpik.be\/fr\/wp-json\/wp\/v2\/users\/3"}],"replies":[{"embeddable":true,"href":"https:\/\/waterpik.be\/fr\/wp-json\/wp\/v2\/comments?post=5697"}],"version-history":[{"count":2,"href":"https:\/\/waterpik.be\/fr\/wp-json\/wp\/v2\/pages\/5697\/revisions"}],"predecessor-version":[{"id":6292,"href":"https:\/\/waterpik.be\/fr\/wp-json\/wp\/v2\/pages\/5697\/revisions\/6292"}],"up":[{"embeddable":true,"href":"https:\/\/waterpik.be\/fr\/wp-json\/wp\/v2\/pages\/5671"}],"wp:attachment":[{"href":"https:\/\/waterpik.be\/fr\/wp-json\/wp\/v2\/media?parent=5697"}],"curies":[{"name":"wp","href":"https:\/\/api.w.org\/{rel}","templated":true}]}}