{"id":5702,"date":"2020-12-03T16:26:29","date_gmt":"2020-12-03T15:26:29","guid":{"rendered":"http:\/\/waterpik.be\/besoins-dentaires-specifiques\/nettoyage-des-broches-et-appareils-orthodontiques\/utiliser-un-hydropulseur-jet-dentaire-en-portant-des-broches\/"},"modified":"2021-03-02T16:11:41","modified_gmt":"2021-03-02T15:11:41","slug":"utiliser-un-hydropulseur-jet-dentaire-en-portant-des-broches","status":"publish","type":"page","link":"https:\/\/waterpik.be\/fr\/sante-bucco-dentaire\/besoins-dentaires-specifiques\/nettoyage-des-broches-et-appareils-orthodontiques\/utiliser-un-hydropulseur-jet-dentaire-en-portant-des-broches\/","title":{"rendered":"Utiliser un hydropulseur jet dentaire en portant des broches"},"content":{"rendered":"<p>Un moyen simple et efficace pour \u00e9liminer la plaque autour des broches orthodontiques et am\u00e9liorer la sant\u00e9 des gencives consiste \u00e0 utiliser un jet dentaire Waterpik<sup>\u00ae<\/sup>. Il est cliniquement prouv\u00e9 que <a href=\"https:\/\/waterpik.be\/fr\/dentistes\/recherche-clinique-un-produit-base-sur-des-resultats\/\">cette m\u00e9thode est plus efficace que le fil dentaire<\/a>\u00a0pour les personnes qui portent des broches.<\/p>\n<p><img loading=\"lazy\" decoding=\"async\" class=\"size-medium wp-image-5688 alignright\" src=\"https:\/\/waterpik.be\/wp-content\/uploads\/2019\/08\/CC-01-176x300.png\" alt=\"\" width=\"176\" height=\"300\" srcset=\"https:\/\/waterpik.be\/wp-content\/uploads\/2019\/08\/CC-01-176x300.png 176w, https:\/\/waterpik.be\/wp-content\/uploads\/2019\/08\/CC-01.png 218w\" sizes=\"auto, (max-width: 176px) 100vw, 176px\" \/><\/p>\n<h2>Comment utiliser de le fil dentaire en 8 \u00e9tapes simples lorsqu\u2019on porte des broches<\/h2>\n<p>Pour de meilleurs r\u00e9sultats, utilisez un jet dentaire Waterpik<sup>\u00ae<\/sup>\u00a0\u00e0 <a href=\"http:\/\/waterpik.be\/professioneel\/klinisch-onderzoek\/waterflosser-verminderen-plaque-bloedingen-volwassenen-beugels-sharma-2008\/\">embout orthodontique<\/a>. L\u2019embout orthodontique est \u00e9quip\u00e9 d\u2019une brosse conique qui aide \u00e0 \u00e9liminer la plaque pr\u00e9sente sur les broches et les appareils orthodontiques. <a href=\"http:\/\/waterpik.be\/products\/jt-100\/\"> L\u2019embout Classic Jet<\/a>\u00a0est \u00e9galement efficace.<\/p>\n<ol>\n<li>Remplissez le r\u00e9servoir de l\u2019hydropulseur avec de l\u2019eau ti\u00e8de et placez-le fermement sur la base.<\/li>\n<li>Introduisez l\u2019embout de l\u2019hydropulseur dans la poign\u00e9e.<\/li>\n<li>R\u00e9glez le contr\u00f4le de la pression (d\u00e9marrez avec une pression faible).<\/li>\n<li>Penchez-vous au-dessus de l\u2019\u00e9vier et placez l\u2019embout dans la bouche.<\/li>\n<li>Allumez l\u2019appareil. Fermez la bouche pour \u00e9viter toute \u00e9claboussure, mais laissez l\u2019eau couler de votre bouche dans l\u2019\u00e9vier.<\/li>\n<li>En commen\u00e7ant par les dents du fond, faites glisser doucement la pointe le long de la ligne des gencives.<\/li>\n<li>Faites une pause et brossez l\u00e9g\u00e8rement la zone entre les dents et tout autour la broche ou de l\u2019appareil orthodontique (voir l\u2019animation ci-dessous).<\/li>\n<li>Passez \u00e0 la dent suivante.<\/li>\n<\/ol>\n<p>Voyez \u00e0 quel point il est facile d\u2019utiliser un hydropulseur lorsque vous portez des broches orthodontiques. Et \u00e7a ne prend qu\u2019une minute par jour!<\/p>\n<div class=\"embed-container\">\n<p><iframe loading=\"lazy\" src=\"https:\/\/www.youtube.com\/embed\/zIH14zcWHPg\" width=\"560\" height=\"315\" frameborder=\"0\" allowfullscreen=\"allowfullscreen\" data-mce-fragment=\"1\"><\/iframe><\/p>\n<\/div>\n<div class=\"col-xs-12 col-sm-9\">\n<section>\n<div class=\"row\"><\/div>\n<\/section>\n<\/div>\n","protected":false},"excerpt":{"rendered":"<p>Un moyen simple et efficace pour \u00e9liminer la plaque autour des broches orthodontiques et am\u00e9liorer la sant\u00e9 des gencives consiste \u00e0 utiliser un jet dentaire Waterpik\u00ae. Il est cliniquement prouv\u00e9 que cette m\u00e9thode est plus efficace que le fil dentaire\u00a0pour les personnes qui portent des broches. Comment utiliser de le fil dentaire en 8 \u00e9tapes [&hellip;]<\/p>\n","protected":false},"author":3,"featured_media":0,"parent":5671,"menu_order":4,"comment_status":"closed","ping_status":"closed","template":"","meta":{"_acf_changed":false,"footnotes":""},"class_list":["post-5702","page","type-page","status-publish","hentry"],"acf":[],"yoast_head":"<!-- This site is optimized with the Yoast SEO plugin v26.7 - https:\/\/yoast.com\/wordpress\/plugins\/seo\/ -->\n<title>Utiliser un hydropulseur jet dentaire en portant des broches - Waterpik Waterflosser<\/title>\n<meta name=\"description\" content=\"Il est cliniquement prouv\u00e9 que cette m\u00e9thode est plus efficace que le fil dentaire\u00a0pour les personnes qui portent des broches.\" \/>\n<meta name=\"robots\" content=\"index, follow, max-snippet:-1, max-image-preview:large, max-video-preview:-1\" \/>\n<link rel=\"canonical\" href=\"https:\/\/waterpik.be\/fr\/sante-bucco-dentaire\/besoins-dentaires-specifiques\/nettoyage-des-broches-et-appareils-orthodontiques\/utiliser-un-hydropulseur-jet-dentaire-en-portant-des-broches\/\" \/>\n<meta property=\"og:locale\" content=\"fr_FR\" \/>\n<meta property=\"og:type\" content=\"article\" \/>\n<meta property=\"og:title\" content=\"Utiliser un hydropulseur jet dentaire en portant des broches - Waterpik Waterflosser\" \/>\n<meta property=\"og:description\" content=\"Il est cliniquement prouv\u00e9 que cette m\u00e9thode est plus efficace que le fil dentaire\u00a0pour les personnes qui portent des broches.\" \/>\n<meta property=\"og:url\" content=\"https:\/\/waterpik.be\/fr\/sante-bucco-dentaire\/besoins-dentaires-specifiques\/nettoyage-des-broches-et-appareils-orthodontiques\/utiliser-un-hydropulseur-jet-dentaire-en-portant-des-broches\/\" \/>\n<meta property=\"og:site_name\" content=\"Waterpik Waterflosser\" \/>\n<meta property=\"article:modified_time\" content=\"2021-03-02T15:11:41+00:00\" \/>\n<meta property=\"og:image\" content=\"https:\/\/waterpik.be\/wp-content\/uploads\/2019\/08\/CC-01.png\" \/>\n\t<meta property=\"og:image:width\" content=\"218\" \/>\n\t<meta property=\"og:image:height\" content=\"372\" \/>\n\t<meta property=\"og:image:type\" content=\"image\/png\" \/>\n<meta name=\"twitter:card\" content=\"summary_large_image\" \/>\n<meta name=\"twitter:label1\" content=\"Dur\u00e9e de lecture estim\u00e9e\" \/>\n\t<meta name=\"twitter:data1\" content=\"1 minute\" \/>\n<script type=\"application\/ld+json\" class=\"yoast-schema-graph\">{\"@context\":\"https:\/\/schema.org\",\"@graph\":[{\"@type\":\"WebPage\",\"@id\":\"https:\/\/waterpik.be\/fr\/sante-bucco-dentaire\/besoins-dentaires-specifiques\/nettoyage-des-broches-et-appareils-orthodontiques\/utiliser-un-hydropulseur-jet-dentaire-en-portant-des-broches\/\",\"url\":\"https:\/\/waterpik.be\/fr\/sante-bucco-dentaire\/besoins-dentaires-specifiques\/nettoyage-des-broches-et-appareils-orthodontiques\/utiliser-un-hydropulseur-jet-dentaire-en-portant-des-broches\/\",\"name\":\"Utiliser un hydropulseur jet dentaire en portant des broches - Waterpik Waterflosser\",\"isPartOf\":{\"@id\":\"https:\/\/waterpik.be\/#website\"},\"primaryImageOfPage\":{\"@id\":\"https:\/\/waterpik.be\/fr\/sante-bucco-dentaire\/besoins-dentaires-specifiques\/nettoyage-des-broches-et-appareils-orthodontiques\/utiliser-un-hydropulseur-jet-dentaire-en-portant-des-broches\/#primaryimage\"},\"image\":{\"@id\":\"https:\/\/waterpik.be\/fr\/sante-bucco-dentaire\/besoins-dentaires-specifiques\/nettoyage-des-broches-et-appareils-orthodontiques\/utiliser-un-hydropulseur-jet-dentaire-en-portant-des-broches\/#primaryimage\"},\"thumbnailUrl\":\"https:\/\/waterpik.be\/wp-content\/uploads\/2019\/08\/CC-01-176x300.png\",\"datePublished\":\"2020-12-03T15:26:29+00:00\",\"dateModified\":\"2021-03-02T15:11:41+00:00\",\"description\":\"Il est cliniquement prouv\u00e9 que cette m\u00e9thode est plus efficace que le fil dentaire\u00a0pour les personnes qui portent des broches.\",\"breadcrumb\":{\"@id\":\"https:\/\/waterpik.be\/fr\/sante-bucco-dentaire\/besoins-dentaires-specifiques\/nettoyage-des-broches-et-appareils-orthodontiques\/utiliser-un-hydropulseur-jet-dentaire-en-portant-des-broches\/#breadcrumb\"},\"inLanguage\":\"fr-FR\",\"potentialAction\":[{\"@type\":\"ReadAction\",\"target\":[\"https:\/\/waterpik.be\/fr\/sante-bucco-dentaire\/besoins-dentaires-specifiques\/nettoyage-des-broches-et-appareils-orthodontiques\/utiliser-un-hydropulseur-jet-dentaire-en-portant-des-broches\/\"]}]},{\"@type\":\"ImageObject\",\"inLanguage\":\"fr-FR\",\"@id\":\"https:\/\/waterpik.be\/fr\/sante-bucco-dentaire\/besoins-dentaires-specifiques\/nettoyage-des-broches-et-appareils-orthodontiques\/utiliser-un-hydropulseur-jet-dentaire-en-portant-des-broches\/#primaryimage\",\"url\":\"https:\/\/waterpik.be\/wp-content\/uploads\/2019\/08\/CC-01-176x300.png\",\"contentUrl\":\"https:\/\/waterpik.be\/wp-content\/uploads\/2019\/08\/CC-01-176x300.png\"},{\"@type\":\"BreadcrumbList\",\"@id\":\"https:\/\/waterpik.be\/fr\/sante-bucco-dentaire\/besoins-dentaires-specifiques\/nettoyage-des-broches-et-appareils-orthodontiques\/utiliser-un-hydropulseur-jet-dentaire-en-portant-des-broches\/#breadcrumb\",\"itemListElement\":[{\"@type\":\"ListItem\",\"position\":1,\"name\":\"Home\",\"item\":\"https:\/\/waterpik.be\/fr\/\"},{\"@type\":\"ListItem\",\"position\":2,\"name\":\"Sant\u00e9 bucco-dentaire\",\"item\":\"https:\/\/waterpik.be\/fr\/sante-bucco-dentaire\/\"},{\"@type\":\"ListItem\",\"position\":3,\"name\":\"Besoins dentaires sp\u00e9cifiques\",\"item\":\"https:\/\/waterpik.be\/fr\/sante-bucco-dentaire\/besoins-dentaires-specifiques\/\"},{\"@type\":\"ListItem\",\"position\":4,\"name\":\"Nettoyage des broches et appareils orthodontiques\",\"item\":\"https:\/\/waterpik.be\/fr\/sante-bucco-dentaire\/besoins-dentaires-specifiques\/nettoyage-des-broches-et-appareils-orthodontiques\/\"},{\"@type\":\"ListItem\",\"position\":5,\"name\":\"Utiliser un hydropulseur jet dentaire en portant des broches\"}]},{\"@type\":\"WebSite\",\"@id\":\"https:\/\/waterpik.be\/#website\",\"url\":\"https:\/\/waterpik.be\/\",\"name\":\"Waterpik Waterflosser\",\"description\":\"Poetsen alleen is niet genoeg\",\"potentialAction\":[{\"@type\":\"SearchAction\",\"target\":{\"@type\":\"EntryPoint\",\"urlTemplate\":\"https:\/\/waterpik.be\/?s={search_term_string}\"},\"query-input\":{\"@type\":\"PropertyValueSpecification\",\"valueRequired\":true,\"valueName\":\"search_term_string\"}}],\"inLanguage\":\"fr-FR\"}]}<\/script>\n<!-- \/ Yoast SEO plugin. -->","yoast_head_json":{"title":"Utiliser un hydropulseur jet dentaire en portant des broches - Waterpik Waterflosser","description":"Il est cliniquement prouv\u00e9 que cette m\u00e9thode est plus efficace que le fil dentaire\u00a0pour les personnes qui portent des broches.","robots":{"index":"index","follow":"follow","max-snippet":"max-snippet:-1","max-image-preview":"max-image-preview:large","max-video-preview":"max-video-preview:-1"},"canonical":"https:\/\/waterpik.be\/fr\/sante-bucco-dentaire\/besoins-dentaires-specifiques\/nettoyage-des-broches-et-appareils-orthodontiques\/utiliser-un-hydropulseur-jet-dentaire-en-portant-des-broches\/","og_locale":"fr_FR","og_type":"article","og_title":"Utiliser un hydropulseur jet dentaire en portant des broches - Waterpik Waterflosser","og_description":"Il est cliniquement prouv\u00e9 que cette m\u00e9thode est plus efficace que le fil dentaire\u00a0pour les personnes qui portent des broches.","og_url":"https:\/\/waterpik.be\/fr\/sante-bucco-dentaire\/besoins-dentaires-specifiques\/nettoyage-des-broches-et-appareils-orthodontiques\/utiliser-un-hydropulseur-jet-dentaire-en-portant-des-broches\/","og_site_name":"Waterpik Waterflosser","article_modified_time":"2021-03-02T15:11:41+00:00","og_image":[{"width":218,"height":372,"url":"https:\/\/waterpik.be\/wp-content\/uploads\/2019\/08\/CC-01.png","type":"image\/png"}],"twitter_card":"summary_large_image","twitter_misc":{"Dur\u00e9e de lecture estim\u00e9e":"1 minute"},"schema":{"@context":"https:\/\/schema.org","@graph":[{"@type":"WebPage","@id":"https:\/\/waterpik.be\/fr\/sante-bucco-dentaire\/besoins-dentaires-specifiques\/nettoyage-des-broches-et-appareils-orthodontiques\/utiliser-un-hydropulseur-jet-dentaire-en-portant-des-broches\/","url":"https:\/\/waterpik.be\/fr\/sante-bucco-dentaire\/besoins-dentaires-specifiques\/nettoyage-des-broches-et-appareils-orthodontiques\/utiliser-un-hydropulseur-jet-dentaire-en-portant-des-broches\/","name":"Utiliser un hydropulseur jet dentaire en portant des broches - Waterpik Waterflosser","isPartOf":{"@id":"https:\/\/waterpik.be\/#website"},"primaryImageOfPage":{"@id":"https:\/\/waterpik.be\/fr\/sante-bucco-dentaire\/besoins-dentaires-specifiques\/nettoyage-des-broches-et-appareils-orthodontiques\/utiliser-un-hydropulseur-jet-dentaire-en-portant-des-broches\/#primaryimage"},"image":{"@id":"https:\/\/waterpik.be\/fr\/sante-bucco-dentaire\/besoins-dentaires-specifiques\/nettoyage-des-broches-et-appareils-orthodontiques\/utiliser-un-hydropulseur-jet-dentaire-en-portant-des-broches\/#primaryimage"},"thumbnailUrl":"https:\/\/waterpik.be\/wp-content\/uploads\/2019\/08\/CC-01-176x300.png","datePublished":"2020-12-03T15:26:29+00:00","dateModified":"2021-03-02T15:11:41+00:00","description":"Il est cliniquement prouv\u00e9 que cette m\u00e9thode est plus efficace que le fil dentaire\u00a0pour les personnes qui portent des broches.","breadcrumb":{"@id":"https:\/\/waterpik.be\/fr\/sante-bucco-dentaire\/besoins-dentaires-specifiques\/nettoyage-des-broches-et-appareils-orthodontiques\/utiliser-un-hydropulseur-jet-dentaire-en-portant-des-broches\/#breadcrumb"},"inLanguage":"fr-FR","potentialAction":[{"@type":"ReadAction","target":["https:\/\/waterpik.be\/fr\/sante-bucco-dentaire\/besoins-dentaires-specifiques\/nettoyage-des-broches-et-appareils-orthodontiques\/utiliser-un-hydropulseur-jet-dentaire-en-portant-des-broches\/"]}]},{"@type":"ImageObject","inLanguage":"fr-FR","@id":"https:\/\/waterpik.be\/fr\/sante-bucco-dentaire\/besoins-dentaires-specifiques\/nettoyage-des-broches-et-appareils-orthodontiques\/utiliser-un-hydropulseur-jet-dentaire-en-portant-des-broches\/#primaryimage","url":"https:\/\/waterpik.be\/wp-content\/uploads\/2019\/08\/CC-01-176x300.png","contentUrl":"https:\/\/waterpik.be\/wp-content\/uploads\/2019\/08\/CC-01-176x300.png"},{"@type":"BreadcrumbList","@id":"https:\/\/waterpik.be\/fr\/sante-bucco-dentaire\/besoins-dentaires-specifiques\/nettoyage-des-broches-et-appareils-orthodontiques\/utiliser-un-hydropulseur-jet-dentaire-en-portant-des-broches\/#breadcrumb","itemListElement":[{"@type":"ListItem","position":1,"name":"Home","item":"https:\/\/waterpik.be\/fr\/"},{"@type":"ListItem","position":2,"name":"Sant\u00e9 bucco-dentaire","item":"https:\/\/waterpik.be\/fr\/sante-bucco-dentaire\/"},{"@type":"ListItem","position":3,"name":"Besoins dentaires sp\u00e9cifiques","item":"https:\/\/waterpik.be\/fr\/sante-bucco-dentaire\/besoins-dentaires-specifiques\/"},{"@type":"ListItem","position":4,"name":"Nettoyage des broches et appareils orthodontiques","item":"https:\/\/waterpik.be\/fr\/sante-bucco-dentaire\/besoins-dentaires-specifiques\/nettoyage-des-broches-et-appareils-orthodontiques\/"},{"@type":"ListItem","position":5,"name":"Utiliser un hydropulseur jet dentaire en portant des broches"}]},{"@type":"WebSite","@id":"https:\/\/waterpik.be\/#website","url":"https:\/\/waterpik.be\/","name":"Waterpik Waterflosser","description":"Poetsen alleen is niet genoeg","potentialAction":[{"@type":"SearchAction","target":{"@type":"EntryPoint","urlTemplate":"https:\/\/waterpik.be\/?s={search_term_string}"},"query-input":{"@type":"PropertyValueSpecification","valueRequired":true,"valueName":"search_term_string"}}],"inLanguage":"fr-FR"}]}},"_links":{"self":[{"href":"https:\/\/waterpik.be\/fr\/wp-json\/wp\/v2\/pages\/5702","targetHints":{"allow":["GET"]}}],"collection":[{"href":"https:\/\/waterpik.be\/fr\/wp-json\/wp\/v2\/pages"}],"about":[{"href":"https:\/\/waterpik.be\/fr\/wp-json\/wp\/v2\/types\/page"}],"author":[{"embeddable":true,"href":"https:\/\/waterpik.be\/fr\/wp-json\/wp\/v2\/users\/3"}],"replies":[{"embeddable":true,"href":"https:\/\/waterpik.be\/fr\/wp-json\/wp\/v2\/comments?post=5702"}],"version-history":[{"count":3,"href":"https:\/\/waterpik.be\/fr\/wp-json\/wp\/v2\/pages\/5702\/revisions"}],"predecessor-version":[{"id":6320,"href":"https:\/\/waterpik.be\/fr\/wp-json\/wp\/v2\/pages\/5702\/revisions\/6320"}],"up":[{"embeddable":true,"href":"https:\/\/waterpik.be\/fr\/wp-json\/wp\/v2\/pages\/5671"}],"wp:attachment":[{"href":"https:\/\/waterpik.be\/fr\/wp-json\/wp\/v2\/media?parent=5702"}],"curies":[{"name":"wp","href":"https:\/\/api.w.org\/{rel}","templated":true}]}}