{"id":5718,"date":"2020-12-10T15:35:33","date_gmt":"2020-12-10T14:35:33","guid":{"rendered":"http:\/\/waterpik.be\/jet-dentaire-waterpik-deux-fois-plus-efficace-que-le-fil-dentaire-pour-reduire-les-saignements-gingivaux\/"},"modified":"2021-03-04T15:57:23","modified_gmt":"2021-03-04T14:57:23","slug":"jet-dentaire-waterpik-deux-fois-plus-efficace-que-le-fil-dentaire-pour-reduire-les-saignements-gingivaux","status":"publish","type":"page","link":"https:\/\/waterpik.be\/fr\/dentistes-waterpik\/recherche-clinique-un-produit-base-sur-des-resultats\/jet-dentaire-waterpik-deux-fois-plus-efficace-que-le-fil-dentaire-pour-reduire-les-saignements-gingivaux\/","title":{"rendered":"Jet Dentaire Waterpik\u00ae : Deux Fois Plus Efficace Que Le Fil Dentaire Pour R\u00e9duire Les Saignements Gingivaux"},"content":{"rendered":"<h2>Effet des dispositifs de nettoyage interdentaire sur le biofilm de la plaque dentaire et les saignements gingivaux<\/h2>\n<p class=\"author\">Rosema NAM et al. The effect of different interdental cleaning devices on gingival bleeding. J Int Acad Periodontol 2011; 13(1):2-10.<\/p>\n<hr \/>\n<h2>Objectif<\/h2>\n<p><img loading=\"lazy\" decoding=\"async\" class=\"alignright\" style=\"font-size: 1rem;\" src=\"https:\/\/www.waterpik.fr\/professionnel\/recherche-clinique\/images\/402-jet-dentaire-waterpik-reduire-saignements-gingivaux.jpg\" width=\"313\" height=\"630\" \/><\/p>\n<p>\u00c9valuer l\u2019efficacit\u00e9 d\u2019une brosse \u00e0 dents manuelle associ\u00e9e \u00e0 un\u00a0<a title=\"Parcourir nos hydropulseurs jet dentaires sur socle\" href=\"https:\/\/www.waterpik.fr\/sante-bucco-dentaire\/produits\/hydropulseur-jet-dentaire\/\">Jet Dentaire Waterpik\u00ae<\/a>\u00a0par rapport \u00e0 celle d\u2019une brosse \u00e0 dents manuelle associ\u00e9e \u00e0 du fil dentaire traditionnel pour r\u00e9d<span style=\"font-size: 1rem;\">uire<\/span><span style=\"font-size: 1rem;\">\u00a0les saignements ging<\/span><span style=\"font-size: 1rem;\">ivaux et le biofilm de la plaque dentaire.<\/span><\/p>\n<h2>M\u00e9thode<\/h2>\n<p>Cent quatre sujets ont particip\u00e9 \u00e0 cette \u00e9tude randomis\u00e9e de 30 jours, \u00e0 simple aveugle. Le groupe A a utilis\u00e9 un Jet Dentaire Waterpik\u00ae \u00e9quip\u00e9 d\u2019un embout Jet classique avec une brosse \u00e0 dents manuelle, et le groupe B a quant \u00e0 lui utilis\u00e9 un Jet Dentaire Waterpik\u00ae \u00e9quip\u00e9 de l\u2019embout Plaque Seeker\u00ae avec une brosse \u00e0 dents manuelle. Enfin, le groupe C a utilis\u00e9 du fil dentaire enduit de cire ainsi qu\u2019une brosse \u00e0 dents manuelle. Les sujets se sont bross\u00e9 les dents deux fois par jour et ont utilis\u00e9 le Jet Dentaire ou le fil dentaire une fois par jour le soir. Le biofilm de plaque et les saignements gingivaux ont \u00e9t\u00e9 \u00e9valu\u00e9s aux\u00a0<span style=\"font-size: 1rem;\">jours 14 et 30. <\/span><\/p>\n<h2>R\u00e9sultats<\/h2>\n<p>Apr\u00e8s 14 jours d\u2019utilisation conjointe avec la brosse \u00e0 dents manuelle, le\u00a0<a title=\"Parcourir nos hydropulseurs jet dentaires sur socle\" href=\"https:\/\/www.waterpik.fr\/sante-bucco-dentaire\/produits\/hydropulseur-jet-dentaire\/\">Jet Dentaire Waterpik\u00ae<\/a>\u00a0avec l\u2019embout Jet classique s\u2019est av\u00e9r\u00e9 deux fois plus efficace que le fil dentaire traditionnel pour r\u00e9duire les saignements gingivaux. Au jour 30, l\u2019am\u00e9lioration relative des saignements gingivaux pour les groupes ayant utilis\u00e9 le Jet Dentaire \u00e9tait encore plus remarquable. Il n\u2019existe aucune diff\u00e9rence significative entre l\u2019embout de jet dentaire Jet classique et l\u2019embout Plaque Seeker\u00ae.<\/p>\n<h2>Conclusion<\/h2>\n<p>Le Jet Dentaire Waterpik\u00ae est une alternative plus efficace au fil dentaire traditionnel pour r\u00e9duire\u00a0<a title=\"Gingivite : sympt\u00f4mes, causes et traitement\" href=\"https:\/\/www.waterpik.fr\/sante-bucco-dentaire\/besoins-dentaires\/maladies-gencives\/traitement-gingivite\/\">les saignements gingivaux<\/a>\u00a0et am\u00e9liorer la sant\u00e9 bucco-dentaire.<\/p>\n","protected":false},"excerpt":{"rendered":"<p>Effet des dispositifs de nettoyage interdentaire sur le biofilm de la plaque dentaire et les saignements gingivaux Rosema NAM et al. The effect of different interdental cleaning devices on gingival bleeding. J Int Acad Periodontol 2011; 13(1):2-10. Objectif \u00c9valuer l\u2019efficacit\u00e9 d\u2019une brosse \u00e0 dents manuelle associ\u00e9e \u00e0 un\u00a0Jet Dentaire Waterpik\u00ae\u00a0par rapport \u00e0 celle d\u2019une brosse [&hellip;]<\/p>\n","protected":false},"author":3,"featured_media":0,"parent":6082,"menu_order":0,"comment_status":"closed","ping_status":"closed","template":"","meta":{"_acf_changed":false,"footnotes":""},"class_list":["post-5718","page","type-page","status-publish","hentry"],"acf":[],"yoast_head":"<!-- This site is optimized with the Yoast SEO plugin v26.7 - https:\/\/yoast.com\/wordpress\/plugins\/seo\/ -->\n<title>Jet Dentaire Waterpik\u00ae : Deux Fois Plus Efficace Que Le Fil Dentaire Pour R\u00e9duire Les Saignements Gingivaux - Waterpik Waterflosser<\/title>\n<meta name=\"description\" content=\"Effet des dispositifs de nettoyage interdentaire sur le biofilm de la plaque dentaire et les saignements gingivaux\" \/>\n<meta name=\"robots\" content=\"index, follow, max-snippet:-1, max-image-preview:large, max-video-preview:-1\" \/>\n<link rel=\"canonical\" href=\"https:\/\/waterpik.be\/fr\/dentistes-waterpik\/recherche-clinique-un-produit-base-sur-des-resultats\/jet-dentaire-waterpik-deux-fois-plus-efficace-que-le-fil-dentaire-pour-reduire-les-saignements-gingivaux\/\" \/>\n<meta property=\"og:locale\" content=\"fr_FR\" \/>\n<meta property=\"og:type\" content=\"article\" \/>\n<meta property=\"og:title\" content=\"Jet Dentaire Waterpik\u00ae : Deux Fois Plus Efficace Que Le Fil Dentaire Pour R\u00e9duire Les Saignements Gingivaux - Waterpik Waterflosser\" \/>\n<meta property=\"og:description\" content=\"Effet des dispositifs de nettoyage interdentaire sur le biofilm de la plaque dentaire et les saignements gingivaux\" \/>\n<meta property=\"og:url\" content=\"https:\/\/waterpik.be\/fr\/dentistes-waterpik\/recherche-clinique-un-produit-base-sur-des-resultats\/jet-dentaire-waterpik-deux-fois-plus-efficace-que-le-fil-dentaire-pour-reduire-les-saignements-gingivaux\/\" \/>\n<meta property=\"og:site_name\" content=\"Waterpik Waterflosser\" \/>\n<meta property=\"article:modified_time\" content=\"2021-03-04T14:57:23+00:00\" \/>\n<meta property=\"og:image\" content=\"https:\/\/www.waterpik.fr\/professionnel\/recherche-clinique\/images\/402-jet-dentaire-waterpik-reduire-saignements-gingivaux.jpg\" \/>\n<meta name=\"twitter:card\" content=\"summary_large_image\" \/>\n<meta name=\"twitter:label1\" content=\"Dur\u00e9e de lecture estim\u00e9e\" \/>\n\t<meta name=\"twitter:data1\" content=\"2 minutes\" \/>\n<script type=\"application\/ld+json\" class=\"yoast-schema-graph\">{\"@context\":\"https:\/\/schema.org\",\"@graph\":[{\"@type\":\"WebPage\",\"@id\":\"https:\/\/waterpik.be\/fr\/dentistes-waterpik\/recherche-clinique-un-produit-base-sur-des-resultats\/jet-dentaire-waterpik-deux-fois-plus-efficace-que-le-fil-dentaire-pour-reduire-les-saignements-gingivaux\/\",\"url\":\"https:\/\/waterpik.be\/fr\/dentistes-waterpik\/recherche-clinique-un-produit-base-sur-des-resultats\/jet-dentaire-waterpik-deux-fois-plus-efficace-que-le-fil-dentaire-pour-reduire-les-saignements-gingivaux\/\",\"name\":\"Jet Dentaire Waterpik\u00ae : Deux Fois Plus Efficace Que Le Fil Dentaire Pour R\u00e9duire Les Saignements Gingivaux - Waterpik Waterflosser\",\"isPartOf\":{\"@id\":\"https:\/\/waterpik.be\/#website\"},\"primaryImageOfPage\":{\"@id\":\"https:\/\/waterpik.be\/fr\/dentistes-waterpik\/recherche-clinique-un-produit-base-sur-des-resultats\/jet-dentaire-waterpik-deux-fois-plus-efficace-que-le-fil-dentaire-pour-reduire-les-saignements-gingivaux\/#primaryimage\"},\"image\":{\"@id\":\"https:\/\/waterpik.be\/fr\/dentistes-waterpik\/recherche-clinique-un-produit-base-sur-des-resultats\/jet-dentaire-waterpik-deux-fois-plus-efficace-que-le-fil-dentaire-pour-reduire-les-saignements-gingivaux\/#primaryimage\"},\"thumbnailUrl\":\"https:\/\/www.waterpik.fr\/professionnel\/recherche-clinique\/images\/402-jet-dentaire-waterpik-reduire-saignements-gingivaux.jpg\",\"datePublished\":\"2020-12-10T14:35:33+00:00\",\"dateModified\":\"2021-03-04T14:57:23+00:00\",\"description\":\"Effet des dispositifs de nettoyage interdentaire sur le biofilm de la plaque dentaire et les saignements gingivaux\",\"breadcrumb\":{\"@id\":\"https:\/\/waterpik.be\/fr\/dentistes-waterpik\/recherche-clinique-un-produit-base-sur-des-resultats\/jet-dentaire-waterpik-deux-fois-plus-efficace-que-le-fil-dentaire-pour-reduire-les-saignements-gingivaux\/#breadcrumb\"},\"inLanguage\":\"fr-FR\",\"potentialAction\":[{\"@type\":\"ReadAction\",\"target\":[\"https:\/\/waterpik.be\/fr\/dentistes-waterpik\/recherche-clinique-un-produit-base-sur-des-resultats\/jet-dentaire-waterpik-deux-fois-plus-efficace-que-le-fil-dentaire-pour-reduire-les-saignements-gingivaux\/\"]}]},{\"@type\":\"ImageObject\",\"inLanguage\":\"fr-FR\",\"@id\":\"https:\/\/waterpik.be\/fr\/dentistes-waterpik\/recherche-clinique-un-produit-base-sur-des-resultats\/jet-dentaire-waterpik-deux-fois-plus-efficace-que-le-fil-dentaire-pour-reduire-les-saignements-gingivaux\/#primaryimage\",\"url\":\"https:\/\/www.waterpik.fr\/professionnel\/recherche-clinique\/images\/402-jet-dentaire-waterpik-reduire-saignements-gingivaux.jpg\",\"contentUrl\":\"https:\/\/www.waterpik.fr\/professionnel\/recherche-clinique\/images\/402-jet-dentaire-waterpik-reduire-saignements-gingivaux.jpg\"},{\"@type\":\"BreadcrumbList\",\"@id\":\"https:\/\/waterpik.be\/fr\/dentistes-waterpik\/recherche-clinique-un-produit-base-sur-des-resultats\/jet-dentaire-waterpik-deux-fois-plus-efficace-que-le-fil-dentaire-pour-reduire-les-saignements-gingivaux\/#breadcrumb\",\"itemListElement\":[{\"@type\":\"ListItem\",\"position\":1,\"name\":\"Home\",\"item\":\"https:\/\/waterpik.be\/fr\/\"},{\"@type\":\"ListItem\",\"position\":2,\"name\":\"Dentistes\",\"item\":\"https:\/\/waterpik.be\/fr\/dentistes-waterpik\/\"},{\"@type\":\"ListItem\",\"position\":3,\"name\":\"Recherche Clinique, un Produit Bas\u00e9 Sur Des R\u00e9sultats.\",\"item\":\"https:\/\/waterpik.be\/fr\/dentistes-waterpik\/recherche-clinique-un-produit-base-sur-des-resultats\/\"},{\"@type\":\"ListItem\",\"position\":4,\"name\":\"Jet Dentaire Waterpik\u00ae : Deux Fois Plus Efficace Que Le Fil Dentaire Pour R\u00e9duire Les Saignements Gingivaux\"}]},{\"@type\":\"WebSite\",\"@id\":\"https:\/\/waterpik.be\/#website\",\"url\":\"https:\/\/waterpik.be\/\",\"name\":\"Waterpik Waterflosser\",\"description\":\"Poetsen alleen is niet genoeg\",\"potentialAction\":[{\"@type\":\"SearchAction\",\"target\":{\"@type\":\"EntryPoint\",\"urlTemplate\":\"https:\/\/waterpik.be\/?s={search_term_string}\"},\"query-input\":{\"@type\":\"PropertyValueSpecification\",\"valueRequired\":true,\"valueName\":\"search_term_string\"}}],\"inLanguage\":\"fr-FR\"}]}<\/script>\n<!-- \/ Yoast SEO plugin. -->","yoast_head_json":{"title":"Jet Dentaire Waterpik\u00ae : Deux Fois Plus Efficace Que Le Fil Dentaire Pour R\u00e9duire Les Saignements Gingivaux - Waterpik Waterflosser","description":"Effet des dispositifs de nettoyage interdentaire sur le biofilm de la plaque dentaire et les saignements gingivaux","robots":{"index":"index","follow":"follow","max-snippet":"max-snippet:-1","max-image-preview":"max-image-preview:large","max-video-preview":"max-video-preview:-1"},"canonical":"https:\/\/waterpik.be\/fr\/dentistes-waterpik\/recherche-clinique-un-produit-base-sur-des-resultats\/jet-dentaire-waterpik-deux-fois-plus-efficace-que-le-fil-dentaire-pour-reduire-les-saignements-gingivaux\/","og_locale":"fr_FR","og_type":"article","og_title":"Jet Dentaire Waterpik\u00ae : Deux Fois Plus Efficace Que Le Fil Dentaire Pour R\u00e9duire Les Saignements Gingivaux - Waterpik Waterflosser","og_description":"Effet des dispositifs de nettoyage interdentaire sur le biofilm de la plaque dentaire et les saignements gingivaux","og_url":"https:\/\/waterpik.be\/fr\/dentistes-waterpik\/recherche-clinique-un-produit-base-sur-des-resultats\/jet-dentaire-waterpik-deux-fois-plus-efficace-que-le-fil-dentaire-pour-reduire-les-saignements-gingivaux\/","og_site_name":"Waterpik Waterflosser","article_modified_time":"2021-03-04T14:57:23+00:00","og_image":[{"url":"https:\/\/www.waterpik.fr\/professionnel\/recherche-clinique\/images\/402-jet-dentaire-waterpik-reduire-saignements-gingivaux.jpg","type":"","width":"","height":""}],"twitter_card":"summary_large_image","twitter_misc":{"Dur\u00e9e de lecture estim\u00e9e":"2 minutes"},"schema":{"@context":"https:\/\/schema.org","@graph":[{"@type":"WebPage","@id":"https:\/\/waterpik.be\/fr\/dentistes-waterpik\/recherche-clinique-un-produit-base-sur-des-resultats\/jet-dentaire-waterpik-deux-fois-plus-efficace-que-le-fil-dentaire-pour-reduire-les-saignements-gingivaux\/","url":"https:\/\/waterpik.be\/fr\/dentistes-waterpik\/recherche-clinique-un-produit-base-sur-des-resultats\/jet-dentaire-waterpik-deux-fois-plus-efficace-que-le-fil-dentaire-pour-reduire-les-saignements-gingivaux\/","name":"Jet Dentaire Waterpik\u00ae : Deux Fois Plus Efficace Que Le Fil Dentaire Pour R\u00e9duire Les Saignements Gingivaux - Waterpik Waterflosser","isPartOf":{"@id":"https:\/\/waterpik.be\/#website"},"primaryImageOfPage":{"@id":"https:\/\/waterpik.be\/fr\/dentistes-waterpik\/recherche-clinique-un-produit-base-sur-des-resultats\/jet-dentaire-waterpik-deux-fois-plus-efficace-que-le-fil-dentaire-pour-reduire-les-saignements-gingivaux\/#primaryimage"},"image":{"@id":"https:\/\/waterpik.be\/fr\/dentistes-waterpik\/recherche-clinique-un-produit-base-sur-des-resultats\/jet-dentaire-waterpik-deux-fois-plus-efficace-que-le-fil-dentaire-pour-reduire-les-saignements-gingivaux\/#primaryimage"},"thumbnailUrl":"https:\/\/www.waterpik.fr\/professionnel\/recherche-clinique\/images\/402-jet-dentaire-waterpik-reduire-saignements-gingivaux.jpg","datePublished":"2020-12-10T14:35:33+00:00","dateModified":"2021-03-04T14:57:23+00:00","description":"Effet des dispositifs de nettoyage interdentaire sur le biofilm de la plaque dentaire et les saignements gingivaux","breadcrumb":{"@id":"https:\/\/waterpik.be\/fr\/dentistes-waterpik\/recherche-clinique-un-produit-base-sur-des-resultats\/jet-dentaire-waterpik-deux-fois-plus-efficace-que-le-fil-dentaire-pour-reduire-les-saignements-gingivaux\/#breadcrumb"},"inLanguage":"fr-FR","potentialAction":[{"@type":"ReadAction","target":["https:\/\/waterpik.be\/fr\/dentistes-waterpik\/recherche-clinique-un-produit-base-sur-des-resultats\/jet-dentaire-waterpik-deux-fois-plus-efficace-que-le-fil-dentaire-pour-reduire-les-saignements-gingivaux\/"]}]},{"@type":"ImageObject","inLanguage":"fr-FR","@id":"https:\/\/waterpik.be\/fr\/dentistes-waterpik\/recherche-clinique-un-produit-base-sur-des-resultats\/jet-dentaire-waterpik-deux-fois-plus-efficace-que-le-fil-dentaire-pour-reduire-les-saignements-gingivaux\/#primaryimage","url":"https:\/\/www.waterpik.fr\/professionnel\/recherche-clinique\/images\/402-jet-dentaire-waterpik-reduire-saignements-gingivaux.jpg","contentUrl":"https:\/\/www.waterpik.fr\/professionnel\/recherche-clinique\/images\/402-jet-dentaire-waterpik-reduire-saignements-gingivaux.jpg"},{"@type":"BreadcrumbList","@id":"https:\/\/waterpik.be\/fr\/dentistes-waterpik\/recherche-clinique-un-produit-base-sur-des-resultats\/jet-dentaire-waterpik-deux-fois-plus-efficace-que-le-fil-dentaire-pour-reduire-les-saignements-gingivaux\/#breadcrumb","itemListElement":[{"@type":"ListItem","position":1,"name":"Home","item":"https:\/\/waterpik.be\/fr\/"},{"@type":"ListItem","position":2,"name":"Dentistes","item":"https:\/\/waterpik.be\/fr\/dentistes-waterpik\/"},{"@type":"ListItem","position":3,"name":"Recherche Clinique, un Produit Bas\u00e9 Sur Des R\u00e9sultats.","item":"https:\/\/waterpik.be\/fr\/dentistes-waterpik\/recherche-clinique-un-produit-base-sur-des-resultats\/"},{"@type":"ListItem","position":4,"name":"Jet Dentaire Waterpik\u00ae : Deux Fois Plus Efficace Que Le Fil Dentaire Pour R\u00e9duire Les Saignements Gingivaux"}]},{"@type":"WebSite","@id":"https:\/\/waterpik.be\/#website","url":"https:\/\/waterpik.be\/","name":"Waterpik Waterflosser","description":"Poetsen alleen is niet genoeg","potentialAction":[{"@type":"SearchAction","target":{"@type":"EntryPoint","urlTemplate":"https:\/\/waterpik.be\/?s={search_term_string}"},"query-input":{"@type":"PropertyValueSpecification","valueRequired":true,"valueName":"search_term_string"}}],"inLanguage":"fr-FR"}]}},"_links":{"self":[{"href":"https:\/\/waterpik.be\/fr\/wp-json\/wp\/v2\/pages\/5718","targetHints":{"allow":["GET"]}}],"collection":[{"href":"https:\/\/waterpik.be\/fr\/wp-json\/wp\/v2\/pages"}],"about":[{"href":"https:\/\/waterpik.be\/fr\/wp-json\/wp\/v2\/types\/page"}],"author":[{"embeddable":true,"href":"https:\/\/waterpik.be\/fr\/wp-json\/wp\/v2\/users\/3"}],"replies":[{"embeddable":true,"href":"https:\/\/waterpik.be\/fr\/wp-json\/wp\/v2\/comments?post=5718"}],"version-history":[{"count":6,"href":"https:\/\/waterpik.be\/fr\/wp-json\/wp\/v2\/pages\/5718\/revisions"}],"predecessor-version":[{"id":6328,"href":"https:\/\/waterpik.be\/fr\/wp-json\/wp\/v2\/pages\/5718\/revisions\/6328"}],"up":[{"embeddable":true,"href":"https:\/\/waterpik.be\/fr\/wp-json\/wp\/v2\/pages\/6082"}],"wp:attachment":[{"href":"https:\/\/waterpik.be\/fr\/wp-json\/wp\/v2\/media?parent=5718"}],"curies":[{"name":"wp","href":"https:\/\/api.w.org\/{rel}","templated":true}]}}