{"id":5728,"date":"2020-12-10T15:51:09","date_gmt":"2020-12-10T14:51:09","guid":{"rendered":"http:\/\/waterpik.be\/jet-dentaire-waterpik-51-plus-efficace-que-le-fil-dentaire-pour-reduire-la-gingivite\/"},"modified":"2021-03-04T16:00:15","modified_gmt":"2021-03-04T15:00:15","slug":"jet-dentaire-waterpik-51-plus-efficace-que-le-fil-dentaire-pour-reduire-la-gingivite","status":"publish","type":"page","link":"https:\/\/waterpik.be\/fr\/dentistes-waterpik\/recherche-clinique-un-produit-base-sur-des-resultats\/jet-dentaire-waterpik-51-plus-efficace-que-le-fil-dentaire-pour-reduire-la-gingivite\/","title":{"rendered":"Jet Dentaire Waterpik\u00ae : 51 % Plus Efficace Que Le Fil Dentaire Pour R\u00e9duire La Gingivite"},"content":{"rendered":"<h2>Comparaison de l\u2019irrigation et de l\u2019utilisation du fil dentaire en association avec la brosse \u00e0 dents : Effet sur les saignements, la gingivite et la plaque supra-gingivale<\/h2>\n<p class=\"author\">Barnes CM, et al. J Clin Dent, 2005; 16(3): 71-77. Study conducted at the University of Nebraska Medical Center, College of Dentistry, Lincoln, Nebraska.<\/p>\n<hr \/>\n<h2>Objectif<\/h2>\n<p><img loading=\"lazy\" decoding=\"async\" class=\"wp-image-5727 size-medium alignright\" style=\"font-size: 1rem;\" src=\"https:\/\/waterpik.be\/wp-content\/uploads\/2020\/12\/404-jet-dentaire-waterpik-51-pour-cent-plus-efficace-que-fil-dentaire-83x300.jpg\" alt=\"51-pour-cent-plus\" width=\"83\" height=\"300\" srcset=\"https:\/\/waterpik.be\/wp-content\/uploads\/2020\/12\/404-jet-dentaire-waterpik-51-pour-cent-plus-efficace-que-fil-dentaire-83x300.jpg 83w, https:\/\/waterpik.be\/wp-content\/uploads\/2020\/12\/404-jet-dentaire-waterpik-51-pour-cent-plus-efficace-que-fil-dentaire-284x1024.jpg 284w, https:\/\/waterpik.be\/wp-content\/uploads\/2020\/12\/404-jet-dentaire-waterpik-51-pour-cent-plus-efficace-que-fil-dentaire-426x1536.jpg 426w, https:\/\/waterpik.be\/wp-content\/uploads\/2020\/12\/404-jet-dentaire-waterpik-51-pour-cent-plus-efficace-que-fil-dentaire-300x1081.jpg 300w, https:\/\/waterpik.be\/wp-content\/uploads\/2020\/12\/404-jet-dentaire-waterpik-51-pour-cent-plus-efficace-que-fil-dentaire.jpg 450w\" sizes=\"auto, (max-width: 83px) 100vw, 83px\" \/><\/p>\n<p>\u00c9valuer la capacit\u00e9 d\u2019un\u00a0<a title=\"Parcourir nos hydropulseurs jet dentaires sur socle\" href=\"https:\/\/www.waterpik.fr\/sante-bucco-dentaire\/produits\/hydropulseur-jet-dentaire\/\">Jet Dentaire Waterpik\u00ae<\/a> associ\u00e9 \u00e0 une brosse \u00e0 dents \u00e9lectriq<span style=\"font-size: 1rem;\">ue ou manuelle, par rapport \u00e0 une brosse \u00e0 dents manuelle et du fil dentaire, \u00e0 r\u00e9duire les saignements, la gin<\/span><span style=\"font-size: 1rem;\">givite et le biofilm de la plaque supra-gingivale.<\/span><\/p>\n<div class=\"col-12 col-sm-7\">\n<h2>M\u00e9thode<\/h2>\n<p>Cent cinq sujets ont particip\u00e9 \u00e0 cette \u00e9tude d\u2019une dur\u00e9e de quatre semaines. Un groupe a utilis\u00e9 un Jet Dentaire Waterpik\u00ae avec une brosse \u00e0 dents manuelle, et le second a utilis\u00e9<\/p>\n<p>l\u2019hydropulseur Waterpik\u00ae avec une brosse \u00e0 dents \u00e9lectrique. Le groupe t\u00e9moin a utilis\u00e9 une brosse \u00e0 dents manuelle et du fil dentaire. Les sujets se sont bross\u00e9 les dents deux fois par jour et ont utilis\u00e9 l\u2019hydropulseur jet dentaire ou du fil dentaire une fois par jour. Le biofilm de la plaque, les saignements et la gingivite ont \u00e9t\u00e9 \u00e9valu\u00e9s \u00e0 deux semaines et \u00e0 quatre semaines.<\/p>\n<h2>R\u00e9sultats<\/h2>\n<p>Apr\u00e8s 4 semaines, l\u2019ajout d\u2019un hydropulseur jet dentaire a entra\u00een\u00e9 une am\u00e9lioration significative de la sant\u00e9 bucco-dentaire, quel que soit le type de brosse \u00e0 dents utilis\u00e9, par rapport au brossage manuel et l\u2019utilisation de fil dentaire. L\u2019ajout de le Jet Dentaire Waterpik\u00ae \u00e9tait jusqu\u2019\u00e0 93 % plus efficace pour la r\u00e9duction des saignements et jusqu\u2019\u00e0 52 % plus efficace pour la r\u00e9duction de la gingivite par rapport au fil dentaire classique.<\/p>\n<h2>Conclusion<\/h2>\n<p>Le\u00a0<a title=\"Parcourir nos hydropulseurs jet dentaires sur socle\" href=\"https:\/\/www.waterpik.fr\/sante-bucco-dentaire\/produits\/hydropulseur-jet-dentaire\/\">Jet Dentaire Waterpik\u00ae<\/a>\u00a0constitue une alternative efficace \u00e0 l\u2019utilisation de fil dentaire classique pour la r\u00e9duction de la gingivite.<\/p>\n<\/div>\n","protected":false},"excerpt":{"rendered":"<p>Comparaison de l\u2019irrigation et de l\u2019utilisation du fil dentaire en association avec la brosse \u00e0 dents : Effet sur les saignements, la gingivite et la plaque supra-gingivale Barnes CM, et al. J Clin Dent, 2005; 16(3): 71-77. Study conducted at the University of Nebraska Medical Center, College of Dentistry, Lincoln, Nebraska. Objectif \u00c9valuer la capacit\u00e9 [&hellip;]<\/p>\n","protected":false},"author":3,"featured_media":0,"parent":6082,"menu_order":1,"comment_status":"closed","ping_status":"closed","template":"","meta":{"_acf_changed":false,"footnotes":""},"class_list":["post-5728","page","type-page","status-publish","hentry"],"acf":[],"yoast_head":"<!-- This site is optimized with the Yoast SEO plugin v26.7 - https:\/\/yoast.com\/wordpress\/plugins\/seo\/ -->\n<title>Jet Dentaire Waterpik\u00ae : 51 % Plus Efficace Que Le Fil Dentaire Pour R\u00e9duire La Gingivite - Waterpik Waterflosser<\/title>\n<meta name=\"description\" content=\"Comparaison de l\u2019irrigation et de l\u2019utilisation du fil dentaire en association avec la brosse \u00e0 dents : Effet sur les saignements, la gingivite et la plaque supra-gingivale\" \/>\n<meta name=\"robots\" content=\"index, follow, max-snippet:-1, max-image-preview:large, max-video-preview:-1\" \/>\n<link rel=\"canonical\" href=\"https:\/\/waterpik.be\/fr\/dentistes-waterpik\/recherche-clinique-un-produit-base-sur-des-resultats\/jet-dentaire-waterpik-51-plus-efficace-que-le-fil-dentaire-pour-reduire-la-gingivite\/\" \/>\n<meta property=\"og:locale\" content=\"fr_FR\" \/>\n<meta property=\"og:type\" content=\"article\" \/>\n<meta property=\"og:title\" content=\"Jet Dentaire Waterpik\u00ae : 51 % Plus Efficace Que Le Fil Dentaire Pour R\u00e9duire La Gingivite - Waterpik Waterflosser\" \/>\n<meta property=\"og:description\" content=\"Comparaison de l\u2019irrigation et de l\u2019utilisation du fil dentaire en association avec la brosse \u00e0 dents : Effet sur les saignements, la gingivite et la plaque supra-gingivale\" \/>\n<meta property=\"og:url\" content=\"https:\/\/waterpik.be\/fr\/dentistes-waterpik\/recherche-clinique-un-produit-base-sur-des-resultats\/jet-dentaire-waterpik-51-plus-efficace-que-le-fil-dentaire-pour-reduire-la-gingivite\/\" \/>\n<meta property=\"og:site_name\" content=\"Waterpik Waterflosser\" \/>\n<meta property=\"article:modified_time\" content=\"2021-03-04T15:00:15+00:00\" \/>\n<meta property=\"og:image\" content=\"https:\/\/waterpik.be\/wp-content\/uploads\/2020\/12\/404-jet-dentaire-waterpik-51-pour-cent-plus-efficace-que-fil-dentaire.jpg\" \/>\n\t<meta property=\"og:image:width\" content=\"450\" \/>\n\t<meta property=\"og:image:height\" content=\"1622\" \/>\n\t<meta property=\"og:image:type\" content=\"image\/jpeg\" \/>\n<meta name=\"twitter:card\" content=\"summary_large_image\" \/>\n<meta name=\"twitter:label1\" content=\"Dur\u00e9e de lecture estim\u00e9e\" \/>\n\t<meta name=\"twitter:data1\" content=\"1 minute\" \/>\n<script type=\"application\/ld+json\" class=\"yoast-schema-graph\">{\"@context\":\"https:\/\/schema.org\",\"@graph\":[{\"@type\":\"WebPage\",\"@id\":\"https:\/\/waterpik.be\/fr\/dentistes-waterpik\/recherche-clinique-un-produit-base-sur-des-resultats\/jet-dentaire-waterpik-51-plus-efficace-que-le-fil-dentaire-pour-reduire-la-gingivite\/\",\"url\":\"https:\/\/waterpik.be\/fr\/dentistes-waterpik\/recherche-clinique-un-produit-base-sur-des-resultats\/jet-dentaire-waterpik-51-plus-efficace-que-le-fil-dentaire-pour-reduire-la-gingivite\/\",\"name\":\"Jet Dentaire Waterpik\u00ae : 51 % Plus Efficace Que Le Fil Dentaire Pour R\u00e9duire La Gingivite - Waterpik Waterflosser\",\"isPartOf\":{\"@id\":\"https:\/\/waterpik.be\/#website\"},\"primaryImageOfPage\":{\"@id\":\"https:\/\/waterpik.be\/fr\/dentistes-waterpik\/recherche-clinique-un-produit-base-sur-des-resultats\/jet-dentaire-waterpik-51-plus-efficace-que-le-fil-dentaire-pour-reduire-la-gingivite\/#primaryimage\"},\"image\":{\"@id\":\"https:\/\/waterpik.be\/fr\/dentistes-waterpik\/recherche-clinique-un-produit-base-sur-des-resultats\/jet-dentaire-waterpik-51-plus-efficace-que-le-fil-dentaire-pour-reduire-la-gingivite\/#primaryimage\"},\"thumbnailUrl\":\"https:\/\/waterpik.be\/wp-content\/uploads\/2020\/12\/404-jet-dentaire-waterpik-51-pour-cent-plus-efficace-que-fil-dentaire-83x300.jpg\",\"datePublished\":\"2020-12-10T14:51:09+00:00\",\"dateModified\":\"2021-03-04T15:00:15+00:00\",\"description\":\"Comparaison de l\u2019irrigation et de l\u2019utilisation du fil dentaire en association avec la brosse \u00e0 dents : Effet sur les saignements, la gingivite et la plaque supra-gingivale\",\"breadcrumb\":{\"@id\":\"https:\/\/waterpik.be\/fr\/dentistes-waterpik\/recherche-clinique-un-produit-base-sur-des-resultats\/jet-dentaire-waterpik-51-plus-efficace-que-le-fil-dentaire-pour-reduire-la-gingivite\/#breadcrumb\"},\"inLanguage\":\"fr-FR\",\"potentialAction\":[{\"@type\":\"ReadAction\",\"target\":[\"https:\/\/waterpik.be\/fr\/dentistes-waterpik\/recherche-clinique-un-produit-base-sur-des-resultats\/jet-dentaire-waterpik-51-plus-efficace-que-le-fil-dentaire-pour-reduire-la-gingivite\/\"]}]},{\"@type\":\"ImageObject\",\"inLanguage\":\"fr-FR\",\"@id\":\"https:\/\/waterpik.be\/fr\/dentistes-waterpik\/recherche-clinique-un-produit-base-sur-des-resultats\/jet-dentaire-waterpik-51-plus-efficace-que-le-fil-dentaire-pour-reduire-la-gingivite\/#primaryimage\",\"url\":\"https:\/\/waterpik.be\/wp-content\/uploads\/2020\/12\/404-jet-dentaire-waterpik-51-pour-cent-plus-efficace-que-fil-dentaire-83x300.jpg\",\"contentUrl\":\"https:\/\/waterpik.be\/wp-content\/uploads\/2020\/12\/404-jet-dentaire-waterpik-51-pour-cent-plus-efficace-que-fil-dentaire-83x300.jpg\"},{\"@type\":\"BreadcrumbList\",\"@id\":\"https:\/\/waterpik.be\/fr\/dentistes-waterpik\/recherche-clinique-un-produit-base-sur-des-resultats\/jet-dentaire-waterpik-51-plus-efficace-que-le-fil-dentaire-pour-reduire-la-gingivite\/#breadcrumb\",\"itemListElement\":[{\"@type\":\"ListItem\",\"position\":1,\"name\":\"Home\",\"item\":\"https:\/\/waterpik.be\/fr\/\"},{\"@type\":\"ListItem\",\"position\":2,\"name\":\"Dentistes\",\"item\":\"https:\/\/waterpik.be\/fr\/dentistes-waterpik\/\"},{\"@type\":\"ListItem\",\"position\":3,\"name\":\"Recherche Clinique, un Produit Bas\u00e9 Sur Des R\u00e9sultats.\",\"item\":\"https:\/\/waterpik.be\/fr\/dentistes-waterpik\/recherche-clinique-un-produit-base-sur-des-resultats\/\"},{\"@type\":\"ListItem\",\"position\":4,\"name\":\"Jet Dentaire Waterpik\u00ae : 51 % Plus Efficace Que Le Fil Dentaire Pour R\u00e9duire La Gingivite\"}]},{\"@type\":\"WebSite\",\"@id\":\"https:\/\/waterpik.be\/#website\",\"url\":\"https:\/\/waterpik.be\/\",\"name\":\"Waterpik Waterflosser\",\"description\":\"Poetsen alleen is niet genoeg\",\"potentialAction\":[{\"@type\":\"SearchAction\",\"target\":{\"@type\":\"EntryPoint\",\"urlTemplate\":\"https:\/\/waterpik.be\/?s={search_term_string}\"},\"query-input\":{\"@type\":\"PropertyValueSpecification\",\"valueRequired\":true,\"valueName\":\"search_term_string\"}}],\"inLanguage\":\"fr-FR\"}]}<\/script>\n<!-- \/ Yoast SEO plugin. -->","yoast_head_json":{"title":"Jet Dentaire Waterpik\u00ae : 51 % Plus Efficace Que Le Fil Dentaire Pour R\u00e9duire La Gingivite - Waterpik Waterflosser","description":"Comparaison de l\u2019irrigation et de l\u2019utilisation du fil dentaire en association avec la brosse \u00e0 dents : Effet sur les saignements, la gingivite et la plaque supra-gingivale","robots":{"index":"index","follow":"follow","max-snippet":"max-snippet:-1","max-image-preview":"max-image-preview:large","max-video-preview":"max-video-preview:-1"},"canonical":"https:\/\/waterpik.be\/fr\/dentistes-waterpik\/recherche-clinique-un-produit-base-sur-des-resultats\/jet-dentaire-waterpik-51-plus-efficace-que-le-fil-dentaire-pour-reduire-la-gingivite\/","og_locale":"fr_FR","og_type":"article","og_title":"Jet Dentaire Waterpik\u00ae : 51 % Plus Efficace Que Le Fil Dentaire Pour R\u00e9duire La Gingivite - Waterpik Waterflosser","og_description":"Comparaison de l\u2019irrigation et de l\u2019utilisation du fil dentaire en association avec la brosse \u00e0 dents : Effet sur les saignements, la gingivite et la plaque supra-gingivale","og_url":"https:\/\/waterpik.be\/fr\/dentistes-waterpik\/recherche-clinique-un-produit-base-sur-des-resultats\/jet-dentaire-waterpik-51-plus-efficace-que-le-fil-dentaire-pour-reduire-la-gingivite\/","og_site_name":"Waterpik Waterflosser","article_modified_time":"2021-03-04T15:00:15+00:00","og_image":[{"width":450,"height":1622,"url":"https:\/\/waterpik.be\/wp-content\/uploads\/2020\/12\/404-jet-dentaire-waterpik-51-pour-cent-plus-efficace-que-fil-dentaire.jpg","type":"image\/jpeg"}],"twitter_card":"summary_large_image","twitter_misc":{"Dur\u00e9e de lecture estim\u00e9e":"1 minute"},"schema":{"@context":"https:\/\/schema.org","@graph":[{"@type":"WebPage","@id":"https:\/\/waterpik.be\/fr\/dentistes-waterpik\/recherche-clinique-un-produit-base-sur-des-resultats\/jet-dentaire-waterpik-51-plus-efficace-que-le-fil-dentaire-pour-reduire-la-gingivite\/","url":"https:\/\/waterpik.be\/fr\/dentistes-waterpik\/recherche-clinique-un-produit-base-sur-des-resultats\/jet-dentaire-waterpik-51-plus-efficace-que-le-fil-dentaire-pour-reduire-la-gingivite\/","name":"Jet Dentaire Waterpik\u00ae : 51 % Plus Efficace Que Le Fil Dentaire Pour R\u00e9duire La Gingivite - Waterpik Waterflosser","isPartOf":{"@id":"https:\/\/waterpik.be\/#website"},"primaryImageOfPage":{"@id":"https:\/\/waterpik.be\/fr\/dentistes-waterpik\/recherche-clinique-un-produit-base-sur-des-resultats\/jet-dentaire-waterpik-51-plus-efficace-que-le-fil-dentaire-pour-reduire-la-gingivite\/#primaryimage"},"image":{"@id":"https:\/\/waterpik.be\/fr\/dentistes-waterpik\/recherche-clinique-un-produit-base-sur-des-resultats\/jet-dentaire-waterpik-51-plus-efficace-que-le-fil-dentaire-pour-reduire-la-gingivite\/#primaryimage"},"thumbnailUrl":"https:\/\/waterpik.be\/wp-content\/uploads\/2020\/12\/404-jet-dentaire-waterpik-51-pour-cent-plus-efficace-que-fil-dentaire-83x300.jpg","datePublished":"2020-12-10T14:51:09+00:00","dateModified":"2021-03-04T15:00:15+00:00","description":"Comparaison de l\u2019irrigation et de l\u2019utilisation du fil dentaire en association avec la brosse \u00e0 dents : Effet sur les saignements, la gingivite et la plaque supra-gingivale","breadcrumb":{"@id":"https:\/\/waterpik.be\/fr\/dentistes-waterpik\/recherche-clinique-un-produit-base-sur-des-resultats\/jet-dentaire-waterpik-51-plus-efficace-que-le-fil-dentaire-pour-reduire-la-gingivite\/#breadcrumb"},"inLanguage":"fr-FR","potentialAction":[{"@type":"ReadAction","target":["https:\/\/waterpik.be\/fr\/dentistes-waterpik\/recherche-clinique-un-produit-base-sur-des-resultats\/jet-dentaire-waterpik-51-plus-efficace-que-le-fil-dentaire-pour-reduire-la-gingivite\/"]}]},{"@type":"ImageObject","inLanguage":"fr-FR","@id":"https:\/\/waterpik.be\/fr\/dentistes-waterpik\/recherche-clinique-un-produit-base-sur-des-resultats\/jet-dentaire-waterpik-51-plus-efficace-que-le-fil-dentaire-pour-reduire-la-gingivite\/#primaryimage","url":"https:\/\/waterpik.be\/wp-content\/uploads\/2020\/12\/404-jet-dentaire-waterpik-51-pour-cent-plus-efficace-que-fil-dentaire-83x300.jpg","contentUrl":"https:\/\/waterpik.be\/wp-content\/uploads\/2020\/12\/404-jet-dentaire-waterpik-51-pour-cent-plus-efficace-que-fil-dentaire-83x300.jpg"},{"@type":"BreadcrumbList","@id":"https:\/\/waterpik.be\/fr\/dentistes-waterpik\/recherche-clinique-un-produit-base-sur-des-resultats\/jet-dentaire-waterpik-51-plus-efficace-que-le-fil-dentaire-pour-reduire-la-gingivite\/#breadcrumb","itemListElement":[{"@type":"ListItem","position":1,"name":"Home","item":"https:\/\/waterpik.be\/fr\/"},{"@type":"ListItem","position":2,"name":"Dentistes","item":"https:\/\/waterpik.be\/fr\/dentistes-waterpik\/"},{"@type":"ListItem","position":3,"name":"Recherche Clinique, un Produit Bas\u00e9 Sur Des R\u00e9sultats.","item":"https:\/\/waterpik.be\/fr\/dentistes-waterpik\/recherche-clinique-un-produit-base-sur-des-resultats\/"},{"@type":"ListItem","position":4,"name":"Jet Dentaire Waterpik\u00ae : 51 % Plus Efficace Que Le Fil Dentaire Pour R\u00e9duire La Gingivite"}]},{"@type":"WebSite","@id":"https:\/\/waterpik.be\/#website","url":"https:\/\/waterpik.be\/","name":"Waterpik Waterflosser","description":"Poetsen alleen is niet genoeg","potentialAction":[{"@type":"SearchAction","target":{"@type":"EntryPoint","urlTemplate":"https:\/\/waterpik.be\/?s={search_term_string}"},"query-input":{"@type":"PropertyValueSpecification","valueRequired":true,"valueName":"search_term_string"}}],"inLanguage":"fr-FR"}]}},"_links":{"self":[{"href":"https:\/\/waterpik.be\/fr\/wp-json\/wp\/v2\/pages\/5728","targetHints":{"allow":["GET"]}}],"collection":[{"href":"https:\/\/waterpik.be\/fr\/wp-json\/wp\/v2\/pages"}],"about":[{"href":"https:\/\/waterpik.be\/fr\/wp-json\/wp\/v2\/types\/page"}],"author":[{"embeddable":true,"href":"https:\/\/waterpik.be\/fr\/wp-json\/wp\/v2\/users\/3"}],"replies":[{"embeddable":true,"href":"https:\/\/waterpik.be\/fr\/wp-json\/wp\/v2\/comments?post=5728"}],"version-history":[{"count":4,"href":"https:\/\/waterpik.be\/fr\/wp-json\/wp\/v2\/pages\/5728\/revisions"}],"predecessor-version":[{"id":6332,"href":"https:\/\/waterpik.be\/fr\/wp-json\/wp\/v2\/pages\/5728\/revisions\/6332"}],"up":[{"embeddable":true,"href":"https:\/\/waterpik.be\/fr\/wp-json\/wp\/v2\/pages\/6082"}],"wp:attachment":[{"href":"https:\/\/waterpik.be\/fr\/wp-json\/wp\/v2\/media?parent=5728"}],"curies":[{"name":"wp","href":"https:\/\/api.w.org\/{rel}","templated":true}]}}