{"id":5737,"date":"2020-12-10T15:57:28","date_gmt":"2020-12-10T14:57:28","guid":{"rendered":"http:\/\/waterpik.be\/les-jet-dentaires-waterpik-reduisent-significativement-le-biofilm-de-la-plaque-dentaire-la-gingivite-et-les-saignements\/"},"modified":"2021-03-04T16:01:11","modified_gmt":"2021-03-04T15:01:11","slug":"les-jet-dentaires-waterpik-reduisent-significativement-le-biofilm-de-la-plaque-dentaire-la-gingivite-et-les-saignements","status":"publish","type":"page","link":"https:\/\/waterpik.be\/fr\/dentistes-waterpik\/recherche-clinique-un-produit-base-sur-des-resultats\/les-jet-dentaires-waterpik-reduisent-significativement-le-biofilm-de-la-plaque-dentaire-la-gingivite-et-les-saignements\/","title":{"rendered":"Les Jet Dentaires Waterpik\u00ae R\u00e9duisent Significativement Le Biofilm De La Plaque Dentaire, La Gingivite Et Les Saignements"},"content":{"rendered":"<h2>\u00c9valuation comparative de l\u2019irrigation orale d\u2019appoint chez les diab\u00e9tiques<\/h2>\n<p class=\"author\">Al-Mubarak S, Ciancio S, Aljada A, Awa H, Hamouida W, Ghanim H, Zambon J, Boardman T, Mohanty P, Ross C, Dandona P. J Clin Periodontol 2002; 29:295-300.<\/p>\n<hr \/>\n<h2>Objectif<\/h2>\n<p>Comparer l\u2019ajout de le\u00a0<a title=\"Parcourir nos hydropulseurs jet dentaires sur socle\" href=\"https:\/\/www.waterpik.fr\/sante-bucco-dentaire\/produits\/hydropulseur-jet-dentaire\/\">Jet Dentaire Waterpik\u00ae<\/a>\u00a0avec l\u2019embout d\u2019irrigation sous-gingivale\u00a0<a title=\"Voire le embout Waterpik Pik\u00a0Pocket\" href=\"https:\/\/www.waterpik.fr\/sante-bucco-dentaire\/embouts-et-accessoires\/PP-100E\/\">Pik Pocket\u2122<\/a>\u00a0\u00e0 la routine d\u2019hygi\u00e8ne bucco-dentaire en mati\u00e8re de sant\u00e9 parodontale chez les personnes atteintes de diab\u00e8te.<\/p>\n<p><img loading=\"lazy\" decoding=\"async\" class=\"wp-image-5736 size-medium alignright\" src=\"https:\/\/waterpik.be\/wp-content\/uploads\/2020\/12\/405-jet-dentaire-waterpik-reduisent-plaque-gingivite-saignements-165x300.jpg\" alt=\"reduisent-plaque-gingvite\" width=\"165\" height=\"300\" srcset=\"https:\/\/waterpik.be\/wp-content\/uploads\/2020\/12\/405-jet-dentaire-waterpik-reduisent-plaque-gingivite-saignements-165x300.jpg 165w, https:\/\/waterpik.be\/wp-content\/uploads\/2020\/12\/405-jet-dentaire-waterpik-reduisent-plaque-gingivite-saignements-300x544.jpg 300w, https:\/\/waterpik.be\/wp-content\/uploads\/2020\/12\/405-jet-dentaire-waterpik-reduisent-plaque-gingivite-saignements.jpg 450w\" sizes=\"auto, (max-width: 165px) 100vw, 165px\" \/><\/p>\n<h2>M\u00e9thode<\/h2>\n<p>52 sujets pr\u00e9sentant une maladie parodontale et un diab\u00e8te de type 1 ou 2 ont particip\u00e9 \u00e0 cet essai clinique randomis\u00e9 de 3 mois. Tous les sujets ont subi un d\u00e9tartrage et un curetage de la surface de la racine \u00e0 la r\u00e9f\u00e9rence, puis ont \u00e9t\u00e9 r\u00e9partis dans le groupe utilisant un Jet Dentaire Waterpik\u00ae avec l\u2019embout Pik Pocket\u2122 deux fois par jour dans sa routine d\u2019hygi\u00e8ne bucco-dentaire ou dans le groupe continuant \u00e0 pratiquer sa routine d\u2019hygi\u00e8ne bucco-dentaire habituelle. La sant\u00e9 parodontale a \u00e9t\u00e9 mesur\u00e9e au moyen de param\u00e8tres cliniques et m\u00e9taboliques.<\/p>\n<h2>R\u00e9sultats<\/h2>\n<p>L\u2019ajout de le Jet Dentaire Waterpik\u00ae s\u2019est av\u00e9r\u00e9 sup\u00e9rieur \u00e0 l\u2019hygi\u00e8ne bucco-dentaire normale pour r\u00e9duire les mesures traditionnelles de maladie parodontale : le biofilm de la plaque dentaire, la gingivite et les saignements. L\u2019hydropulseur jet dentaire a aussi r\u00e9duit les taux s\u00e9riques de cytokines pro-inflammatoires IL-1B et PGE<sub>2<\/sub>\u00a0ainsi que le niveau des d\u00e9riv\u00e9s r\u00e9actifs de l\u2019oxyg\u00e8ne, une bact\u00e9rie et un h\u00f4te favorisant la destruction des tissus impliqu\u00e9s dans la pathog\u00e9nie de plus de 100 maladies.<\/p>\n<h2>Conclusion<\/h2>\n<p>Le\u00a0<a title=\"Parcourir nos hydropulseurs jet dentaires sur socle\" href=\"https:\/\/www.waterpik.fr\/sante-bucco-dentaire\/produits\/hydropulseur-jet-dentaire\/\">Jet Dentaire Waterpik\u00ae<\/a>\u00a0a permis d\u2019obtenir d\u2019importants b\u00e9n\u00e9fices en mati\u00e8re de sant\u00e9 parodontale, tant sur le plan clinique que biologique, chez les\u00a0<a title=\"Hydropulseur Waterpik\u00a0: r\u00e9duit consid\u00e9rablement la plaque dentaire, la gingivite et les saignements chez les patients diab\u00e9tiques\" href=\"https:\/\/www.waterpik.fr\/sante-bucco-dentaire\/besoins-dentaires\/defis-dentaires\/traitement-diabete-maladies-gencives\/\">personnes atteintes de diab\u00e8te<\/a>.<\/p>\n","protected":false},"excerpt":{"rendered":"<p>\u00c9valuation comparative de l\u2019irrigation orale d\u2019appoint chez les diab\u00e9tiques Al-Mubarak S, Ciancio S, Aljada A, Awa H, Hamouida W, Ghanim H, Zambon J, Boardman T, Mohanty P, Ross C, Dandona P. J Clin Periodontol 2002; 29:295-300. Objectif Comparer l\u2019ajout de le\u00a0Jet Dentaire Waterpik\u00ae\u00a0avec l\u2019embout d\u2019irrigation sous-gingivale\u00a0Pik Pocket\u2122\u00a0\u00e0 la routine d\u2019hygi\u00e8ne bucco-dentaire en mati\u00e8re de sant\u00e9 [&hellip;]<\/p>\n","protected":false},"author":3,"featured_media":0,"parent":6082,"menu_order":3,"comment_status":"closed","ping_status":"closed","template":"","meta":{"_acf_changed":false,"footnotes":""},"class_list":["post-5737","page","type-page","status-publish","hentry"],"acf":[],"yoast_head":"<!-- This site is optimized with the Yoast SEO plugin v26.7 - https:\/\/yoast.com\/wordpress\/plugins\/seo\/ -->\n<title>Les Jet Dentaires Waterpik\u00ae R\u00e9duisent Significativement Le Biofilm De La Plaque Dentaire, La Gingivite Et Les Saignements - Waterpik Waterflosser<\/title>\n<meta name=\"description\" content=\"Comparer l\u2019ajout de le\u00a0Jet Dentaire Waterpik\u00ae\u00a0avec l\u2019embout d\u2019irrigation sous-gingivale\u00a0Pik Pocket\u2122\u00a0\u00e0 la routine d\u2019hygi\u00e8ne bucco-dentaire en mati\u00e8re de sant\u00e9 parodontale chez les personnes atteintes de diab\u00e8te.\" \/>\n<meta name=\"robots\" content=\"index, follow, max-snippet:-1, max-image-preview:large, max-video-preview:-1\" \/>\n<link rel=\"canonical\" href=\"https:\/\/waterpik.be\/fr\/dentistes-waterpik\/recherche-clinique-un-produit-base-sur-des-resultats\/les-jet-dentaires-waterpik-reduisent-significativement-le-biofilm-de-la-plaque-dentaire-la-gingivite-et-les-saignements\/\" \/>\n<meta property=\"og:locale\" content=\"fr_FR\" \/>\n<meta property=\"og:type\" content=\"article\" \/>\n<meta property=\"og:title\" content=\"Les Jet Dentaires Waterpik\u00ae R\u00e9duisent Significativement Le Biofilm De La Plaque Dentaire, La Gingivite Et Les Saignements - Waterpik Waterflosser\" \/>\n<meta property=\"og:description\" content=\"Comparer l\u2019ajout de le\u00a0Jet Dentaire Waterpik\u00ae\u00a0avec l\u2019embout d\u2019irrigation sous-gingivale\u00a0Pik Pocket\u2122\u00a0\u00e0 la routine d\u2019hygi\u00e8ne bucco-dentaire en mati\u00e8re de sant\u00e9 parodontale chez les personnes atteintes de diab\u00e8te.\" \/>\n<meta property=\"og:url\" content=\"https:\/\/waterpik.be\/fr\/dentistes-waterpik\/recherche-clinique-un-produit-base-sur-des-resultats\/les-jet-dentaires-waterpik-reduisent-significativement-le-biofilm-de-la-plaque-dentaire-la-gingivite-et-les-saignements\/\" \/>\n<meta property=\"og:site_name\" content=\"Waterpik Waterflosser\" \/>\n<meta property=\"article:modified_time\" content=\"2021-03-04T15:01:11+00:00\" \/>\n<meta property=\"og:image\" content=\"https:\/\/waterpik.be\/wp-content\/uploads\/2020\/12\/405-jet-dentaire-waterpik-reduisent-plaque-gingivite-saignements.jpg\" \/>\n\t<meta property=\"og:image:width\" content=\"450\" \/>\n\t<meta property=\"og:image:height\" content=\"816\" \/>\n\t<meta property=\"og:image:type\" content=\"image\/jpeg\" \/>\n<meta name=\"twitter:card\" content=\"summary_large_image\" \/>\n<meta name=\"twitter:label1\" content=\"Dur\u00e9e de lecture estim\u00e9e\" \/>\n\t<meta name=\"twitter:data1\" content=\"2 minutes\" \/>\n<script type=\"application\/ld+json\" class=\"yoast-schema-graph\">{\"@context\":\"https:\/\/schema.org\",\"@graph\":[{\"@type\":\"WebPage\",\"@id\":\"https:\/\/waterpik.be\/fr\/dentistes-waterpik\/recherche-clinique-un-produit-base-sur-des-resultats\/les-jet-dentaires-waterpik-reduisent-significativement-le-biofilm-de-la-plaque-dentaire-la-gingivite-et-les-saignements\/\",\"url\":\"https:\/\/waterpik.be\/fr\/dentistes-waterpik\/recherche-clinique-un-produit-base-sur-des-resultats\/les-jet-dentaires-waterpik-reduisent-significativement-le-biofilm-de-la-plaque-dentaire-la-gingivite-et-les-saignements\/\",\"name\":\"Les Jet Dentaires Waterpik\u00ae R\u00e9duisent Significativement Le Biofilm De La Plaque Dentaire, La Gingivite Et Les Saignements - Waterpik Waterflosser\",\"isPartOf\":{\"@id\":\"https:\/\/waterpik.be\/#website\"},\"primaryImageOfPage\":{\"@id\":\"https:\/\/waterpik.be\/fr\/dentistes-waterpik\/recherche-clinique-un-produit-base-sur-des-resultats\/les-jet-dentaires-waterpik-reduisent-significativement-le-biofilm-de-la-plaque-dentaire-la-gingivite-et-les-saignements\/#primaryimage\"},\"image\":{\"@id\":\"https:\/\/waterpik.be\/fr\/dentistes-waterpik\/recherche-clinique-un-produit-base-sur-des-resultats\/les-jet-dentaires-waterpik-reduisent-significativement-le-biofilm-de-la-plaque-dentaire-la-gingivite-et-les-saignements\/#primaryimage\"},\"thumbnailUrl\":\"https:\/\/waterpik.be\/wp-content\/uploads\/2020\/12\/405-jet-dentaire-waterpik-reduisent-plaque-gingivite-saignements-165x300.jpg\",\"datePublished\":\"2020-12-10T14:57:28+00:00\",\"dateModified\":\"2021-03-04T15:01:11+00:00\",\"description\":\"Comparer l\u2019ajout de le\u00a0Jet Dentaire Waterpik\u00ae\u00a0avec l\u2019embout d\u2019irrigation sous-gingivale\u00a0Pik Pocket\u2122\u00a0\u00e0 la routine d\u2019hygi\u00e8ne bucco-dentaire en mati\u00e8re de sant\u00e9 parodontale chez les personnes atteintes de diab\u00e8te.\",\"breadcrumb\":{\"@id\":\"https:\/\/waterpik.be\/fr\/dentistes-waterpik\/recherche-clinique-un-produit-base-sur-des-resultats\/les-jet-dentaires-waterpik-reduisent-significativement-le-biofilm-de-la-plaque-dentaire-la-gingivite-et-les-saignements\/#breadcrumb\"},\"inLanguage\":\"fr-FR\",\"potentialAction\":[{\"@type\":\"ReadAction\",\"target\":[\"https:\/\/waterpik.be\/fr\/dentistes-waterpik\/recherche-clinique-un-produit-base-sur-des-resultats\/les-jet-dentaires-waterpik-reduisent-significativement-le-biofilm-de-la-plaque-dentaire-la-gingivite-et-les-saignements\/\"]}]},{\"@type\":\"ImageObject\",\"inLanguage\":\"fr-FR\",\"@id\":\"https:\/\/waterpik.be\/fr\/dentistes-waterpik\/recherche-clinique-un-produit-base-sur-des-resultats\/les-jet-dentaires-waterpik-reduisent-significativement-le-biofilm-de-la-plaque-dentaire-la-gingivite-et-les-saignements\/#primaryimage\",\"url\":\"https:\/\/waterpik.be\/wp-content\/uploads\/2020\/12\/405-jet-dentaire-waterpik-reduisent-plaque-gingivite-saignements-165x300.jpg\",\"contentUrl\":\"https:\/\/waterpik.be\/wp-content\/uploads\/2020\/12\/405-jet-dentaire-waterpik-reduisent-plaque-gingivite-saignements-165x300.jpg\"},{\"@type\":\"BreadcrumbList\",\"@id\":\"https:\/\/waterpik.be\/fr\/dentistes-waterpik\/recherche-clinique-un-produit-base-sur-des-resultats\/les-jet-dentaires-waterpik-reduisent-significativement-le-biofilm-de-la-plaque-dentaire-la-gingivite-et-les-saignements\/#breadcrumb\",\"itemListElement\":[{\"@type\":\"ListItem\",\"position\":1,\"name\":\"Home\",\"item\":\"https:\/\/waterpik.be\/fr\/\"},{\"@type\":\"ListItem\",\"position\":2,\"name\":\"Dentistes\",\"item\":\"https:\/\/waterpik.be\/fr\/dentistes-waterpik\/\"},{\"@type\":\"ListItem\",\"position\":3,\"name\":\"Recherche Clinique, un Produit Bas\u00e9 Sur Des R\u00e9sultats.\",\"item\":\"https:\/\/waterpik.be\/fr\/dentistes-waterpik\/recherche-clinique-un-produit-base-sur-des-resultats\/\"},{\"@type\":\"ListItem\",\"position\":4,\"name\":\"Les Jet Dentaires Waterpik\u00ae R\u00e9duisent Significativement Le Biofilm De La Plaque Dentaire, La Gingivite Et Les Saignements\"}]},{\"@type\":\"WebSite\",\"@id\":\"https:\/\/waterpik.be\/#website\",\"url\":\"https:\/\/waterpik.be\/\",\"name\":\"Waterpik Waterflosser\",\"description\":\"Poetsen alleen is niet genoeg\",\"potentialAction\":[{\"@type\":\"SearchAction\",\"target\":{\"@type\":\"EntryPoint\",\"urlTemplate\":\"https:\/\/waterpik.be\/?s={search_term_string}\"},\"query-input\":{\"@type\":\"PropertyValueSpecification\",\"valueRequired\":true,\"valueName\":\"search_term_string\"}}],\"inLanguage\":\"fr-FR\"}]}<\/script>\n<!-- \/ Yoast SEO plugin. -->","yoast_head_json":{"title":"Les Jet Dentaires Waterpik\u00ae R\u00e9duisent Significativement Le Biofilm De La Plaque Dentaire, La Gingivite Et Les Saignements - Waterpik Waterflosser","description":"Comparer l\u2019ajout de le\u00a0Jet Dentaire Waterpik\u00ae\u00a0avec l\u2019embout d\u2019irrigation sous-gingivale\u00a0Pik Pocket\u2122\u00a0\u00e0 la routine d\u2019hygi\u00e8ne bucco-dentaire en mati\u00e8re de sant\u00e9 parodontale chez les personnes atteintes de diab\u00e8te.","robots":{"index":"index","follow":"follow","max-snippet":"max-snippet:-1","max-image-preview":"max-image-preview:large","max-video-preview":"max-video-preview:-1"},"canonical":"https:\/\/waterpik.be\/fr\/dentistes-waterpik\/recherche-clinique-un-produit-base-sur-des-resultats\/les-jet-dentaires-waterpik-reduisent-significativement-le-biofilm-de-la-plaque-dentaire-la-gingivite-et-les-saignements\/","og_locale":"fr_FR","og_type":"article","og_title":"Les Jet Dentaires Waterpik\u00ae R\u00e9duisent Significativement Le Biofilm De La Plaque Dentaire, La Gingivite Et Les Saignements - Waterpik Waterflosser","og_description":"Comparer l\u2019ajout de le\u00a0Jet Dentaire Waterpik\u00ae\u00a0avec l\u2019embout d\u2019irrigation sous-gingivale\u00a0Pik Pocket\u2122\u00a0\u00e0 la routine d\u2019hygi\u00e8ne bucco-dentaire en mati\u00e8re de sant\u00e9 parodontale chez les personnes atteintes de diab\u00e8te.","og_url":"https:\/\/waterpik.be\/fr\/dentistes-waterpik\/recherche-clinique-un-produit-base-sur-des-resultats\/les-jet-dentaires-waterpik-reduisent-significativement-le-biofilm-de-la-plaque-dentaire-la-gingivite-et-les-saignements\/","og_site_name":"Waterpik Waterflosser","article_modified_time":"2021-03-04T15:01:11+00:00","og_image":[{"width":450,"height":816,"url":"https:\/\/waterpik.be\/wp-content\/uploads\/2020\/12\/405-jet-dentaire-waterpik-reduisent-plaque-gingivite-saignements.jpg","type":"image\/jpeg"}],"twitter_card":"summary_large_image","twitter_misc":{"Dur\u00e9e de lecture estim\u00e9e":"2 minutes"},"schema":{"@context":"https:\/\/schema.org","@graph":[{"@type":"WebPage","@id":"https:\/\/waterpik.be\/fr\/dentistes-waterpik\/recherche-clinique-un-produit-base-sur-des-resultats\/les-jet-dentaires-waterpik-reduisent-significativement-le-biofilm-de-la-plaque-dentaire-la-gingivite-et-les-saignements\/","url":"https:\/\/waterpik.be\/fr\/dentistes-waterpik\/recherche-clinique-un-produit-base-sur-des-resultats\/les-jet-dentaires-waterpik-reduisent-significativement-le-biofilm-de-la-plaque-dentaire-la-gingivite-et-les-saignements\/","name":"Les Jet Dentaires Waterpik\u00ae R\u00e9duisent Significativement Le Biofilm De La Plaque Dentaire, La Gingivite Et Les Saignements - Waterpik Waterflosser","isPartOf":{"@id":"https:\/\/waterpik.be\/#website"},"primaryImageOfPage":{"@id":"https:\/\/waterpik.be\/fr\/dentistes-waterpik\/recherche-clinique-un-produit-base-sur-des-resultats\/les-jet-dentaires-waterpik-reduisent-significativement-le-biofilm-de-la-plaque-dentaire-la-gingivite-et-les-saignements\/#primaryimage"},"image":{"@id":"https:\/\/waterpik.be\/fr\/dentistes-waterpik\/recherche-clinique-un-produit-base-sur-des-resultats\/les-jet-dentaires-waterpik-reduisent-significativement-le-biofilm-de-la-plaque-dentaire-la-gingivite-et-les-saignements\/#primaryimage"},"thumbnailUrl":"https:\/\/waterpik.be\/wp-content\/uploads\/2020\/12\/405-jet-dentaire-waterpik-reduisent-plaque-gingivite-saignements-165x300.jpg","datePublished":"2020-12-10T14:57:28+00:00","dateModified":"2021-03-04T15:01:11+00:00","description":"Comparer l\u2019ajout de le\u00a0Jet Dentaire Waterpik\u00ae\u00a0avec l\u2019embout d\u2019irrigation sous-gingivale\u00a0Pik Pocket\u2122\u00a0\u00e0 la routine d\u2019hygi\u00e8ne bucco-dentaire en mati\u00e8re de sant\u00e9 parodontale chez les personnes atteintes de diab\u00e8te.","breadcrumb":{"@id":"https:\/\/waterpik.be\/fr\/dentistes-waterpik\/recherche-clinique-un-produit-base-sur-des-resultats\/les-jet-dentaires-waterpik-reduisent-significativement-le-biofilm-de-la-plaque-dentaire-la-gingivite-et-les-saignements\/#breadcrumb"},"inLanguage":"fr-FR","potentialAction":[{"@type":"ReadAction","target":["https:\/\/waterpik.be\/fr\/dentistes-waterpik\/recherche-clinique-un-produit-base-sur-des-resultats\/les-jet-dentaires-waterpik-reduisent-significativement-le-biofilm-de-la-plaque-dentaire-la-gingivite-et-les-saignements\/"]}]},{"@type":"ImageObject","inLanguage":"fr-FR","@id":"https:\/\/waterpik.be\/fr\/dentistes-waterpik\/recherche-clinique-un-produit-base-sur-des-resultats\/les-jet-dentaires-waterpik-reduisent-significativement-le-biofilm-de-la-plaque-dentaire-la-gingivite-et-les-saignements\/#primaryimage","url":"https:\/\/waterpik.be\/wp-content\/uploads\/2020\/12\/405-jet-dentaire-waterpik-reduisent-plaque-gingivite-saignements-165x300.jpg","contentUrl":"https:\/\/waterpik.be\/wp-content\/uploads\/2020\/12\/405-jet-dentaire-waterpik-reduisent-plaque-gingivite-saignements-165x300.jpg"},{"@type":"BreadcrumbList","@id":"https:\/\/waterpik.be\/fr\/dentistes-waterpik\/recherche-clinique-un-produit-base-sur-des-resultats\/les-jet-dentaires-waterpik-reduisent-significativement-le-biofilm-de-la-plaque-dentaire-la-gingivite-et-les-saignements\/#breadcrumb","itemListElement":[{"@type":"ListItem","position":1,"name":"Home","item":"https:\/\/waterpik.be\/fr\/"},{"@type":"ListItem","position":2,"name":"Dentistes","item":"https:\/\/waterpik.be\/fr\/dentistes-waterpik\/"},{"@type":"ListItem","position":3,"name":"Recherche Clinique, un Produit Bas\u00e9 Sur Des R\u00e9sultats.","item":"https:\/\/waterpik.be\/fr\/dentistes-waterpik\/recherche-clinique-un-produit-base-sur-des-resultats\/"},{"@type":"ListItem","position":4,"name":"Les Jet Dentaires Waterpik\u00ae R\u00e9duisent Significativement Le Biofilm De La Plaque Dentaire, La Gingivite Et Les Saignements"}]},{"@type":"WebSite","@id":"https:\/\/waterpik.be\/#website","url":"https:\/\/waterpik.be\/","name":"Waterpik Waterflosser","description":"Poetsen alleen is niet genoeg","potentialAction":[{"@type":"SearchAction","target":{"@type":"EntryPoint","urlTemplate":"https:\/\/waterpik.be\/?s={search_term_string}"},"query-input":{"@type":"PropertyValueSpecification","valueRequired":true,"valueName":"search_term_string"}}],"inLanguage":"fr-FR"}]}},"_links":{"self":[{"href":"https:\/\/waterpik.be\/fr\/wp-json\/wp\/v2\/pages\/5737","targetHints":{"allow":["GET"]}}],"collection":[{"href":"https:\/\/waterpik.be\/fr\/wp-json\/wp\/v2\/pages"}],"about":[{"href":"https:\/\/waterpik.be\/fr\/wp-json\/wp\/v2\/types\/page"}],"author":[{"embeddable":true,"href":"https:\/\/waterpik.be\/fr\/wp-json\/wp\/v2\/users\/3"}],"replies":[{"embeddable":true,"href":"https:\/\/waterpik.be\/fr\/wp-json\/wp\/v2\/comments?post=5737"}],"version-history":[{"count":3,"href":"https:\/\/waterpik.be\/fr\/wp-json\/wp\/v2\/pages\/5737\/revisions"}],"predecessor-version":[{"id":6334,"href":"https:\/\/waterpik.be\/fr\/wp-json\/wp\/v2\/pages\/5737\/revisions\/6334"}],"up":[{"embeddable":true,"href":"https:\/\/waterpik.be\/fr\/wp-json\/wp\/v2\/pages\/6082"}],"wp:attachment":[{"href":"https:\/\/waterpik.be\/fr\/wp-json\/wp\/v2\/media?parent=5737"}],"curies":[{"name":"wp","href":"https:\/\/api.w.org\/{rel}","templated":true}]}}