{"id":5754,"date":"2020-12-10T16:05:07","date_gmt":"2020-12-10T15:05:07","guid":{"rendered":"http:\/\/waterpik.be\/le-jet-dentaire-waterpik-significativement-plus-efficace-quune-brosse-interdentaire-pour-ameliorer-la-sante-gingivale\/"},"modified":"2021-03-04T16:07:39","modified_gmt":"2021-03-04T15:07:39","slug":"le-jet-dentaire-waterpik-significativement-plus-efficace-quune-brosse-interdentaire-pour-ameliorer-la-sante-gingivale","status":"publish","type":"page","link":"https:\/\/waterpik.be\/fr\/dentistes-waterpik\/recherche-clinique-un-produit-base-sur-des-resultats\/le-jet-dentaire-waterpik-significativement-plus-efficace-quune-brosse-interdentaire-pour-ameliorer-la-sante-gingivale\/","title":{"rendered":"Le Jet Dentaire Waterpik\u00ae : Significativement Plus Efficace Qu\u2019une Brosse Interdentaire Pour Am\u00e9liorer La Sant\u00e9 Gingivale !"},"content":{"rendered":"<h2>Water flosser compared to interdental brush on bleeding scores and gingival abrasion<\/h2>\n<p><em>Slot DE, Lyle DM, Van der Sluijs E, Hennequin-Hoenderdos N, Van der Weijden F. J Dent Res 2018; 97(Special Iss. <\/em><em>B): Abstract #0622 (www.iadr.org). Conducted at Academic Center for Dentistry Amsterdam (ACTA), Netherlands.<\/em> <a href=\"http:\/\/waterpik.be\/wp-content\/uploads\/2019\/10\/water-flosser-significantly-more-effective-interdental-brush-gingival-health-slot-lyle-2018.pdf\" target=\"_blank\" rel=\"noopener noreferrer\">Download Abstract PDF<\/a><\/p>\n<hr \/>\n<h2>Objectif<\/h2>\n<p>Comparer l\u2019efficacit\u00e9 d\u2019un hydropulseur jet dentaire (JD) et d\u2019une brosse interdentaire (IDB) sur les indices de saignement et d\u2019abrasion gingivale.<\/p>\n<p><img loading=\"lazy\" decoding=\"async\" class=\"wp-image-5753 size-medium alignright\" style=\"font-size: 1rem;\" src=\"https:\/\/waterpik.be\/wp-content\/uploads\/2020\/12\/420-waterpik-plus-efficace-que-les-brosses-interdentaires-pour-ameliorer-sante-gingivale-1-162x300.jpg\" alt=\"ameliorer-sante-gingivale\" width=\"162\" height=\"300\" srcset=\"https:\/\/waterpik.be\/wp-content\/uploads\/2020\/12\/420-waterpik-plus-efficace-que-les-brosses-interdentaires-pour-ameliorer-sante-gingivale-1-162x300.jpg 162w, https:\/\/waterpik.be\/wp-content\/uploads\/2020\/12\/420-waterpik-plus-efficace-que-les-brosses-interdentaires-pour-ameliorer-sante-gingivale-1-300x555.jpg 300w, https:\/\/waterpik.be\/wp-content\/uploads\/2020\/12\/420-waterpik-plus-efficace-que-les-brosses-interdentaires-pour-ameliorer-sante-gingivale-1.jpg 450w\" sizes=\"auto, (max-width: 162px) 100vw, 162px\" \/><\/p>\n<h2>M\u00e9thode<\/h2>\n<p>Soixante-dix-huit sujets ont particip\u00e9 \u00e0 cet essai contr\u00f4l\u00e9 randomis\u00e9 d\u2019une dur\u00e9e de 4 quatre semaines. Les sujets ont \u00e9t\u00e9 r\u00e9partis dans l\u2019un des deux groupes : Jet Dentaire Waterpik\u00ae (JD) et brosse \u00e0 dents manuelle ; ou brosse interdentaire (IDB) et brosse \u00e0 dents manuelle. L\u2019inflammation gingivale a \u00e9t\u00e9 \u00e9valu\u00e9e en mesurant le saignement au sondage de la poche (BOPP) et le saignement au sondage marginal (BOMP). Les donn\u00e9es ont \u00e9t\u00e9 recueillies en fonction des quadrants contra-lat\u00e9raux. Le score d\u2019abrasion gingivale (GAS) a \u00e9t\u00e9 utilis\u00e9 pour comparer l\u2019incidence de l\u2019abrasion entre les groupes.<\/p>\n<h2>R\u00e9sultats<\/h2>\n<p>Les deux groupes ont d\u00e9montr\u00e9 une r\u00e9duction significative du BOPP et du BOMP \u00e0 4 semaines par rapport \u00e0 la r\u00e9f\u00e9rence pour tous les sites et les sites interdentaires s\u00e9par\u00e9ment. Le groupe utilisant l\u2019hydropulseur jet dentaire (JD) a \u00e9t\u00e9 significativement plus efficace que le groupe utilisant la brosse interdentaire (IDB) en mati\u00e8re de r\u00e9duction du BOPP pour tous les sites \u00e0 la semaine 4 (p = 0,030) et de BOMP pour tous les sites et sites interdentaires \u00e0 la semaine 4 (p = 0,003 et p = 0,019 respectivement). Il n\u2019y avait aucune diff\u00e9rence entre les taux d\u2019abrasion gingivale parmi les groupes.<\/p>\n<h2>Conclusion<\/h2>\n<p>Le\u00a0<a title=\"Parcourir nos hydropulseurs jet dentaires sur socle\" href=\"https:\/\/www.waterpik.fr\/sante-bucco-dentaire\/produits\/hydropulseur-jet-dentaire\/\">Jet Dentaire Waterpik\u00ae<\/a>\u00a0s\u2019est av\u00e9r\u00e9 significativement plus efficace que la brosse interdentaire pour am\u00e9liorer la sant\u00e9 gingivale dans cette \u00e9tude clinique.<\/p>\n","protected":false},"excerpt":{"rendered":"<p>Water flosser compared to interdental brush on bleeding scores and gingival abrasion Slot DE, Lyle DM, Van der Sluijs E, Hennequin-Hoenderdos N, Van der Weijden F. J Dent Res 2018; 97(Special Iss. B): Abstract #0622 (www.iadr.org). Conducted at Academic Center for Dentistry Amsterdam (ACTA), Netherlands. Download Abstract PDF Objectif Comparer l\u2019efficacit\u00e9 d\u2019un hydropulseur jet dentaire [&hellip;]<\/p>\n","protected":false},"author":3,"featured_media":0,"parent":6082,"menu_order":5,"comment_status":"closed","ping_status":"closed","template":"","meta":{"_acf_changed":false,"footnotes":""},"class_list":["post-5754","page","type-page","status-publish","hentry"],"acf":[],"yoast_head":"<!-- This site is optimized with the Yoast SEO plugin v26.7 - https:\/\/yoast.com\/wordpress\/plugins\/seo\/ -->\n<title>Le Jet Dentaire Waterpik\u00ae : Significativement Plus Efficace Qu\u2019une Brosse Interdentaire Pour Am\u00e9liorer La Sant\u00e9 Gingivale ! - Waterpik Waterflosser<\/title>\n<meta name=\"description\" content=\"Comparer l\u2019efficacit\u00e9 d\u2019un hydropulseur jet dentaire (JD) et d\u2019une brosse interdentaire (IDB) sur les indices de saignement et d\u2019abrasion gingivale.\" \/>\n<meta name=\"robots\" content=\"index, follow, max-snippet:-1, max-image-preview:large, max-video-preview:-1\" \/>\n<link rel=\"canonical\" href=\"https:\/\/waterpik.be\/fr\/dentistes-waterpik\/recherche-clinique-un-produit-base-sur-des-resultats\/le-jet-dentaire-waterpik-significativement-plus-efficace-quune-brosse-interdentaire-pour-ameliorer-la-sante-gingivale\/\" \/>\n<meta property=\"og:locale\" content=\"fr_FR\" \/>\n<meta property=\"og:type\" content=\"article\" \/>\n<meta property=\"og:title\" content=\"Le Jet Dentaire Waterpik\u00ae : Significativement Plus Efficace Qu\u2019une Brosse Interdentaire Pour Am\u00e9liorer La Sant\u00e9 Gingivale ! - Waterpik Waterflosser\" \/>\n<meta property=\"og:description\" content=\"Comparer l\u2019efficacit\u00e9 d\u2019un hydropulseur jet dentaire (JD) et d\u2019une brosse interdentaire (IDB) sur les indices de saignement et d\u2019abrasion gingivale.\" \/>\n<meta property=\"og:url\" content=\"https:\/\/waterpik.be\/fr\/dentistes-waterpik\/recherche-clinique-un-produit-base-sur-des-resultats\/le-jet-dentaire-waterpik-significativement-plus-efficace-quune-brosse-interdentaire-pour-ameliorer-la-sante-gingivale\/\" \/>\n<meta property=\"og:site_name\" content=\"Waterpik Waterflosser\" \/>\n<meta property=\"article:modified_time\" content=\"2021-03-04T15:07:39+00:00\" \/>\n<meta property=\"og:image\" content=\"https:\/\/waterpik.be\/wp-content\/uploads\/2020\/12\/420-waterpik-plus-efficace-que-les-brosses-interdentaires-pour-ameliorer-sante-gingivale-1.jpg\" \/>\n\t<meta property=\"og:image:width\" content=\"450\" \/>\n\t<meta property=\"og:image:height\" content=\"832\" \/>\n\t<meta property=\"og:image:type\" content=\"image\/jpeg\" \/>\n<meta name=\"twitter:card\" content=\"summary_large_image\" \/>\n<meta name=\"twitter:label1\" content=\"Dur\u00e9e de lecture estim\u00e9e\" \/>\n\t<meta name=\"twitter:data1\" content=\"2 minutes\" \/>\n<script type=\"application\/ld+json\" class=\"yoast-schema-graph\">{\"@context\":\"https:\/\/schema.org\",\"@graph\":[{\"@type\":\"WebPage\",\"@id\":\"https:\/\/waterpik.be\/fr\/dentistes-waterpik\/recherche-clinique-un-produit-base-sur-des-resultats\/le-jet-dentaire-waterpik-significativement-plus-efficace-quune-brosse-interdentaire-pour-ameliorer-la-sante-gingivale\/\",\"url\":\"https:\/\/waterpik.be\/fr\/dentistes-waterpik\/recherche-clinique-un-produit-base-sur-des-resultats\/le-jet-dentaire-waterpik-significativement-plus-efficace-quune-brosse-interdentaire-pour-ameliorer-la-sante-gingivale\/\",\"name\":\"Le Jet Dentaire Waterpik\u00ae : Significativement Plus Efficace Qu\u2019une Brosse Interdentaire Pour Am\u00e9liorer La Sant\u00e9 Gingivale ! - Waterpik Waterflosser\",\"isPartOf\":{\"@id\":\"https:\/\/waterpik.be\/#website\"},\"primaryImageOfPage\":{\"@id\":\"https:\/\/waterpik.be\/fr\/dentistes-waterpik\/recherche-clinique-un-produit-base-sur-des-resultats\/le-jet-dentaire-waterpik-significativement-plus-efficace-quune-brosse-interdentaire-pour-ameliorer-la-sante-gingivale\/#primaryimage\"},\"image\":{\"@id\":\"https:\/\/waterpik.be\/fr\/dentistes-waterpik\/recherche-clinique-un-produit-base-sur-des-resultats\/le-jet-dentaire-waterpik-significativement-plus-efficace-quune-brosse-interdentaire-pour-ameliorer-la-sante-gingivale\/#primaryimage\"},\"thumbnailUrl\":\"https:\/\/waterpik.be\/wp-content\/uploads\/2020\/12\/420-waterpik-plus-efficace-que-les-brosses-interdentaires-pour-ameliorer-sante-gingivale-1-162x300.jpg\",\"datePublished\":\"2020-12-10T15:05:07+00:00\",\"dateModified\":\"2021-03-04T15:07:39+00:00\",\"description\":\"Comparer l\u2019efficacit\u00e9 d\u2019un hydropulseur jet dentaire (JD) et d\u2019une brosse interdentaire (IDB) sur les indices de saignement et d\u2019abrasion gingivale.\",\"breadcrumb\":{\"@id\":\"https:\/\/waterpik.be\/fr\/dentistes-waterpik\/recherche-clinique-un-produit-base-sur-des-resultats\/le-jet-dentaire-waterpik-significativement-plus-efficace-quune-brosse-interdentaire-pour-ameliorer-la-sante-gingivale\/#breadcrumb\"},\"inLanguage\":\"fr-FR\",\"potentialAction\":[{\"@type\":\"ReadAction\",\"target\":[\"https:\/\/waterpik.be\/fr\/dentistes-waterpik\/recherche-clinique-un-produit-base-sur-des-resultats\/le-jet-dentaire-waterpik-significativement-plus-efficace-quune-brosse-interdentaire-pour-ameliorer-la-sante-gingivale\/\"]}]},{\"@type\":\"ImageObject\",\"inLanguage\":\"fr-FR\",\"@id\":\"https:\/\/waterpik.be\/fr\/dentistes-waterpik\/recherche-clinique-un-produit-base-sur-des-resultats\/le-jet-dentaire-waterpik-significativement-plus-efficace-quune-brosse-interdentaire-pour-ameliorer-la-sante-gingivale\/#primaryimage\",\"url\":\"https:\/\/waterpik.be\/wp-content\/uploads\/2020\/12\/420-waterpik-plus-efficace-que-les-brosses-interdentaires-pour-ameliorer-sante-gingivale-1-162x300.jpg\",\"contentUrl\":\"https:\/\/waterpik.be\/wp-content\/uploads\/2020\/12\/420-waterpik-plus-efficace-que-les-brosses-interdentaires-pour-ameliorer-sante-gingivale-1-162x300.jpg\"},{\"@type\":\"BreadcrumbList\",\"@id\":\"https:\/\/waterpik.be\/fr\/dentistes-waterpik\/recherche-clinique-un-produit-base-sur-des-resultats\/le-jet-dentaire-waterpik-significativement-plus-efficace-quune-brosse-interdentaire-pour-ameliorer-la-sante-gingivale\/#breadcrumb\",\"itemListElement\":[{\"@type\":\"ListItem\",\"position\":1,\"name\":\"Home\",\"item\":\"https:\/\/waterpik.be\/fr\/\"},{\"@type\":\"ListItem\",\"position\":2,\"name\":\"Dentistes\",\"item\":\"https:\/\/waterpik.be\/fr\/dentistes-waterpik\/\"},{\"@type\":\"ListItem\",\"position\":3,\"name\":\"Recherche Clinique, un Produit Bas\u00e9 Sur Des R\u00e9sultats.\",\"item\":\"https:\/\/waterpik.be\/fr\/dentistes-waterpik\/recherche-clinique-un-produit-base-sur-des-resultats\/\"},{\"@type\":\"ListItem\",\"position\":4,\"name\":\"Le Jet Dentaire Waterpik\u00ae : Significativement Plus Efficace Qu\u2019une Brosse Interdentaire Pour Am\u00e9liorer La Sant\u00e9 Gingivale !\"}]},{\"@type\":\"WebSite\",\"@id\":\"https:\/\/waterpik.be\/#website\",\"url\":\"https:\/\/waterpik.be\/\",\"name\":\"Waterpik Waterflosser\",\"description\":\"Poetsen alleen is niet genoeg\",\"potentialAction\":[{\"@type\":\"SearchAction\",\"target\":{\"@type\":\"EntryPoint\",\"urlTemplate\":\"https:\/\/waterpik.be\/?s={search_term_string}\"},\"query-input\":{\"@type\":\"PropertyValueSpecification\",\"valueRequired\":true,\"valueName\":\"search_term_string\"}}],\"inLanguage\":\"fr-FR\"}]}<\/script>\n<!-- \/ Yoast SEO plugin. -->","yoast_head_json":{"title":"Le Jet Dentaire Waterpik\u00ae : Significativement Plus Efficace Qu\u2019une Brosse Interdentaire Pour Am\u00e9liorer La Sant\u00e9 Gingivale ! - Waterpik Waterflosser","description":"Comparer l\u2019efficacit\u00e9 d\u2019un hydropulseur jet dentaire (JD) et d\u2019une brosse interdentaire (IDB) sur les indices de saignement et d\u2019abrasion gingivale.","robots":{"index":"index","follow":"follow","max-snippet":"max-snippet:-1","max-image-preview":"max-image-preview:large","max-video-preview":"max-video-preview:-1"},"canonical":"https:\/\/waterpik.be\/fr\/dentistes-waterpik\/recherche-clinique-un-produit-base-sur-des-resultats\/le-jet-dentaire-waterpik-significativement-plus-efficace-quune-brosse-interdentaire-pour-ameliorer-la-sante-gingivale\/","og_locale":"fr_FR","og_type":"article","og_title":"Le Jet Dentaire Waterpik\u00ae : Significativement Plus Efficace Qu\u2019une Brosse Interdentaire Pour Am\u00e9liorer La Sant\u00e9 Gingivale ! - Waterpik Waterflosser","og_description":"Comparer l\u2019efficacit\u00e9 d\u2019un hydropulseur jet dentaire (JD) et d\u2019une brosse interdentaire (IDB) sur les indices de saignement et d\u2019abrasion gingivale.","og_url":"https:\/\/waterpik.be\/fr\/dentistes-waterpik\/recherche-clinique-un-produit-base-sur-des-resultats\/le-jet-dentaire-waterpik-significativement-plus-efficace-quune-brosse-interdentaire-pour-ameliorer-la-sante-gingivale\/","og_site_name":"Waterpik Waterflosser","article_modified_time":"2021-03-04T15:07:39+00:00","og_image":[{"width":450,"height":832,"url":"https:\/\/waterpik.be\/wp-content\/uploads\/2020\/12\/420-waterpik-plus-efficace-que-les-brosses-interdentaires-pour-ameliorer-sante-gingivale-1.jpg","type":"image\/jpeg"}],"twitter_card":"summary_large_image","twitter_misc":{"Dur\u00e9e de lecture estim\u00e9e":"2 minutes"},"schema":{"@context":"https:\/\/schema.org","@graph":[{"@type":"WebPage","@id":"https:\/\/waterpik.be\/fr\/dentistes-waterpik\/recherche-clinique-un-produit-base-sur-des-resultats\/le-jet-dentaire-waterpik-significativement-plus-efficace-quune-brosse-interdentaire-pour-ameliorer-la-sante-gingivale\/","url":"https:\/\/waterpik.be\/fr\/dentistes-waterpik\/recherche-clinique-un-produit-base-sur-des-resultats\/le-jet-dentaire-waterpik-significativement-plus-efficace-quune-brosse-interdentaire-pour-ameliorer-la-sante-gingivale\/","name":"Le Jet Dentaire Waterpik\u00ae : Significativement Plus Efficace Qu\u2019une Brosse Interdentaire Pour Am\u00e9liorer La Sant\u00e9 Gingivale ! - Waterpik Waterflosser","isPartOf":{"@id":"https:\/\/waterpik.be\/#website"},"primaryImageOfPage":{"@id":"https:\/\/waterpik.be\/fr\/dentistes-waterpik\/recherche-clinique-un-produit-base-sur-des-resultats\/le-jet-dentaire-waterpik-significativement-plus-efficace-quune-brosse-interdentaire-pour-ameliorer-la-sante-gingivale\/#primaryimage"},"image":{"@id":"https:\/\/waterpik.be\/fr\/dentistes-waterpik\/recherche-clinique-un-produit-base-sur-des-resultats\/le-jet-dentaire-waterpik-significativement-plus-efficace-quune-brosse-interdentaire-pour-ameliorer-la-sante-gingivale\/#primaryimage"},"thumbnailUrl":"https:\/\/waterpik.be\/wp-content\/uploads\/2020\/12\/420-waterpik-plus-efficace-que-les-brosses-interdentaires-pour-ameliorer-sante-gingivale-1-162x300.jpg","datePublished":"2020-12-10T15:05:07+00:00","dateModified":"2021-03-04T15:07:39+00:00","description":"Comparer l\u2019efficacit\u00e9 d\u2019un hydropulseur jet dentaire (JD) et d\u2019une brosse interdentaire (IDB) sur les indices de saignement et d\u2019abrasion gingivale.","breadcrumb":{"@id":"https:\/\/waterpik.be\/fr\/dentistes-waterpik\/recherche-clinique-un-produit-base-sur-des-resultats\/le-jet-dentaire-waterpik-significativement-plus-efficace-quune-brosse-interdentaire-pour-ameliorer-la-sante-gingivale\/#breadcrumb"},"inLanguage":"fr-FR","potentialAction":[{"@type":"ReadAction","target":["https:\/\/waterpik.be\/fr\/dentistes-waterpik\/recherche-clinique-un-produit-base-sur-des-resultats\/le-jet-dentaire-waterpik-significativement-plus-efficace-quune-brosse-interdentaire-pour-ameliorer-la-sante-gingivale\/"]}]},{"@type":"ImageObject","inLanguage":"fr-FR","@id":"https:\/\/waterpik.be\/fr\/dentistes-waterpik\/recherche-clinique-un-produit-base-sur-des-resultats\/le-jet-dentaire-waterpik-significativement-plus-efficace-quune-brosse-interdentaire-pour-ameliorer-la-sante-gingivale\/#primaryimage","url":"https:\/\/waterpik.be\/wp-content\/uploads\/2020\/12\/420-waterpik-plus-efficace-que-les-brosses-interdentaires-pour-ameliorer-sante-gingivale-1-162x300.jpg","contentUrl":"https:\/\/waterpik.be\/wp-content\/uploads\/2020\/12\/420-waterpik-plus-efficace-que-les-brosses-interdentaires-pour-ameliorer-sante-gingivale-1-162x300.jpg"},{"@type":"BreadcrumbList","@id":"https:\/\/waterpik.be\/fr\/dentistes-waterpik\/recherche-clinique-un-produit-base-sur-des-resultats\/le-jet-dentaire-waterpik-significativement-plus-efficace-quune-brosse-interdentaire-pour-ameliorer-la-sante-gingivale\/#breadcrumb","itemListElement":[{"@type":"ListItem","position":1,"name":"Home","item":"https:\/\/waterpik.be\/fr\/"},{"@type":"ListItem","position":2,"name":"Dentistes","item":"https:\/\/waterpik.be\/fr\/dentistes-waterpik\/"},{"@type":"ListItem","position":3,"name":"Recherche Clinique, un Produit Bas\u00e9 Sur Des R\u00e9sultats.","item":"https:\/\/waterpik.be\/fr\/dentistes-waterpik\/recherche-clinique-un-produit-base-sur-des-resultats\/"},{"@type":"ListItem","position":4,"name":"Le Jet Dentaire Waterpik\u00ae : Significativement Plus Efficace Qu\u2019une Brosse Interdentaire Pour Am\u00e9liorer La Sant\u00e9 Gingivale !"}]},{"@type":"WebSite","@id":"https:\/\/waterpik.be\/#website","url":"https:\/\/waterpik.be\/","name":"Waterpik Waterflosser","description":"Poetsen alleen is niet genoeg","potentialAction":[{"@type":"SearchAction","target":{"@type":"EntryPoint","urlTemplate":"https:\/\/waterpik.be\/?s={search_term_string}"},"query-input":{"@type":"PropertyValueSpecification","valueRequired":true,"valueName":"search_term_string"}}],"inLanguage":"fr-FR"}]}},"_links":{"self":[{"href":"https:\/\/waterpik.be\/fr\/wp-json\/wp\/v2\/pages\/5754","targetHints":{"allow":["GET"]}}],"collection":[{"href":"https:\/\/waterpik.be\/fr\/wp-json\/wp\/v2\/pages"}],"about":[{"href":"https:\/\/waterpik.be\/fr\/wp-json\/wp\/v2\/types\/page"}],"author":[{"embeddable":true,"href":"https:\/\/waterpik.be\/fr\/wp-json\/wp\/v2\/users\/3"}],"replies":[{"embeddable":true,"href":"https:\/\/waterpik.be\/fr\/wp-json\/wp\/v2\/comments?post=5754"}],"version-history":[{"count":2,"href":"https:\/\/waterpik.be\/fr\/wp-json\/wp\/v2\/pages\/5754\/revisions"}],"predecessor-version":[{"id":6336,"href":"https:\/\/waterpik.be\/fr\/wp-json\/wp\/v2\/pages\/5754\/revisions\/6336"}],"up":[{"embeddable":true,"href":"https:\/\/waterpik.be\/fr\/wp-json\/wp\/v2\/pages\/6082"}],"wp:attachment":[{"href":"https:\/\/waterpik.be\/fr\/wp-json\/wp\/v2\/media?parent=5754"}],"curies":[{"name":"wp","href":"https:\/\/api.w.org\/{rel}","templated":true}]}}