{"id":5764,"date":"2020-12-10T16:18:19","date_gmt":"2020-12-10T15:18:19","guid":{"rendered":"http:\/\/waterpik.be\/waterpik-sonic-fusion-deux-fois-plus-efficace-que-le-brossage-regulier-et-lutilisation-du-fil-dentaire-pour-enlever-la-plaque-dentaire-et-ameliorer-la-sante-gingivale\/"},"modified":"2021-03-04T16:08:07","modified_gmt":"2021-03-04T15:08:07","slug":"waterpik-sonic-fusion-deux-fois-plus-efficace-que-le-brossage-regulier-et-lutilisation-du-fil-dentaire-pour-enlever-la-plaque-dentaire-et-ameliorer-la-sante-gingivale","status":"publish","type":"page","link":"https:\/\/waterpik.be\/fr\/dentistes-waterpik\/recherche-clinique-un-produit-base-sur-des-resultats\/waterpik-sonic-fusion-deux-fois-plus-efficace-que-le-brossage-regulier-et-lutilisation-du-fil-dentaire-pour-enlever-la-plaque-dentaire-et-ameliorer-la-sante-gingivale\/","title":{"rendered":"Waterpik\u00ae Sonic-Fusion\u00ae : Deux Fois Plus Efficace Que Le Brossage R\u00e9gulier Et L\u2019utilisation Du Fil Dentaire Pour Enlever La Plaque Dentaire Et Am\u00e9liorer La Sant\u00e9 Gingivale"},"content":{"rendered":"<h2>Comparaison d\u2019une nouvelle brosse \u00e0 dents sonique au brossage et l\u2019utilisation de fil dentaire standard sur les signes cliniques d\u2019inflammation: Essai clinique randomis\u00e9<\/h2>\n<p class=\"author\">Qaqish JG, Goyal CR, Schuller R, Lyle DM. Comparison of a novel sonic toothbrush to a traditional sonic toothbrush and manual brushing and flossing on plaque, gingival bleeding and inflammation: A randomized controlled clinical trial. Compend Contin Educ Dent. 2018;39(suppl 2):14-22.<\/p>\n<hr \/>\n<h2>Objectif<\/h2>\n<p>D\u00e9terminer l\u2019efficacit\u00e9 de\u00a0<a title=\"Voir la brosse \u00e0 dents \u00e0 hydropulsion Waterpik\u00ae Sonic-Fusion\u00ae\" href=\"https:\/\/www.waterpik.fr\/sante-bucco-dentaire\/produits\/brosse-a-dents-electrique-hydropulsion\/SF-02EU010-1\/\">Waterpik\u00ae Sonic-Fusion\u00ae<\/a>\u00a0dans la r\u00e9duction de la plaque dentaire et des signes cliniques d\u2019inflammation par rapport au brossage et \u00e0 l\u2019utilisation de fil dentaire standard.<\/p>\n<p><img loading=\"lazy\" decoding=\"async\" class=\"wp-image-5763 size-medium alignright\" src=\"https:\/\/waterpik.be\/wp-content\/uploads\/2020\/12\/417-waterpik-sonic-fusion-deux-fois-plus-efficace-que-brossage-regulier-103x300.jpg\" alt=\"sonic-fusion\" width=\"103\" height=\"300\" srcset=\"https:\/\/waterpik.be\/wp-content\/uploads\/2020\/12\/417-waterpik-sonic-fusion-deux-fois-plus-efficace-que-brossage-regulier-103x300.jpg 103w, https:\/\/waterpik.be\/wp-content\/uploads\/2020\/12\/417-waterpik-sonic-fusion-deux-fois-plus-efficace-que-brossage-regulier-350x1024.jpg 350w, https:\/\/waterpik.be\/wp-content\/uploads\/2020\/12\/417-waterpik-sonic-fusion-deux-fois-plus-efficace-que-brossage-regulier-300x877.jpg 300w, https:\/\/waterpik.be\/wp-content\/uploads\/2020\/12\/417-waterpik-sonic-fusion-deux-fois-plus-efficace-que-brossage-regulier.jpg 450w\" sizes=\"auto, (max-width: 103px) 100vw, 103px\" \/><\/p>\n<h2>M\u00e9thode<\/h2>\n<p>Il s\u2019agit d\u2019un essai clinique randomis\u00e9 contr\u00f4l\u00e9 comparatif. Trente-cinq sujets ont \u00e9t\u00e9 inclus dans chaque groupe. Un groupe a utilis\u00e9 Waterpik\u00ae Sonic-Fusion\u00ae, en se brossant les dents pendant deux minutes puis en utilisant la fonction jet dentaire pendant une minute, et un groupe a utilis\u00e9 une brosse \u00e0 dents ADA standard et du fil dentaire.<\/p>\n<p>La sant\u00e9 gingivale a \u00e9t\u00e9 mesur\u00e9e gr\u00e2ce au saignement au sondage (BOP) et \u00e0 l\u2019indice MGI \u00e0 la r\u00e9f\u00e9rence, \u00e0 2 semaines et 4 semaines. Les r\u00e9sultats de l\u2019indice de plaque Navy modifi\u00e9 par Rustogi (RMNPI) ont \u00e9t\u00e9 mesur\u00e9s en r\u00e9f\u00e9rence, \u00e0 deux semaines et quatre semaines. Tous les sujets ont re\u00e7u des instructions \u00e9crites et orales.<\/p>\n<h2>R\u00e9sultats<\/h2>\n<p>L\u2019utilisation du Sonic-Fusion\u00ae et le brossage et l\u2019utilisation de fil dentaire traditionnels ont tous deux d\u00e9montr\u00e9 une r\u00e9duction significative de la plaque, du BOP et de l\u2019indice MGI entre la r\u00e9f\u00e9rence et une mesure \u00e0 4 semaines (p\u00a0&lt; 0,001).<\/p>\n<p>Le groupe utilisant le Waterpik\u00ae Sonic-Fusion\u00ae s\u2019est av\u00e9r\u00e9 plus de deux fois plus efficace que le groupe ayant recours au brossage et au fil dentaire standard pour toutes les mesures.<\/p>\n<h2>Conclusion<\/h2>\n<p>Cette \u00e9tude d\u00e9montre que le\u00a0<a title=\"Voir la brosse \u00e0 dents \u00e0 hydropulsion Waterpik\u00ae Sonic-Fusion\u00ae\" href=\"https:\/\/www.waterpik.fr\/sante-bucco-dentaire\/produits\/brosse-a-dents-electrique-hydropulsion\/SF-02EU010-1\/\">Waterpik\u00ae Sonic-Fusion\u00ae<\/a>\u00a0est plus de deux fois plus efficace que le recours au brossage et au fil dentaire traditionnels pour am\u00e9liorer la sant\u00e9 bucco-dentaire.<\/p>\n<h2><span style=\"font-size: 1rem; font-weight: 400;\">.\u00a0 \u00a0 \u00a0 \u00a0 \u00a0 \u00a0 \u00a0\u00a0<\/span><\/h2>\n","protected":false},"excerpt":{"rendered":"<p>Comparaison d\u2019une nouvelle brosse \u00e0 dents sonique au brossage et l\u2019utilisation de fil dentaire standard sur les signes cliniques d\u2019inflammation: Essai clinique randomis\u00e9 Qaqish JG, Goyal CR, Schuller R, Lyle DM. Comparison of a novel sonic toothbrush to a traditional sonic toothbrush and manual brushing and flossing on plaque, gingival bleeding and inflammation: A randomized [&hellip;]<\/p>\n","protected":false},"author":3,"featured_media":0,"parent":6082,"menu_order":6,"comment_status":"closed","ping_status":"closed","template":"","meta":{"_acf_changed":false,"footnotes":""},"class_list":["post-5764","page","type-page","status-publish","hentry"],"acf":[],"yoast_head":"<!-- This site is optimized with the Yoast SEO plugin v26.7 - https:\/\/yoast.com\/wordpress\/plugins\/seo\/ -->\n<title>Waterpik\u00ae Sonic-Fusion\u00ae : Deux Fois Plus Efficace Que Le Brossage R\u00e9gulier Et L\u2019utilisation Du Fil Dentaire Pour Enlever La Plaque Dentaire Et Am\u00e9liorer La Sant\u00e9 Gingivale - Waterpik Waterflosser<\/title>\n<meta name=\"description\" content=\"D\u00e9terminer l\u2019efficacit\u00e9 de\u00a0Waterpik\u00ae Sonic-Fusion\u00ae\u00a0dans la r\u00e9duction de la plaque dentaire et des signes cliniques d\u2019inflammation par rapport au brossage et \u00e0 l\u2019utilisation de fil dentaire standard.\" \/>\n<meta name=\"robots\" content=\"index, follow, max-snippet:-1, max-image-preview:large, max-video-preview:-1\" \/>\n<link rel=\"canonical\" href=\"https:\/\/waterpik.be\/fr\/dentistes-waterpik\/recherche-clinique-un-produit-base-sur-des-resultats\/waterpik-sonic-fusion-deux-fois-plus-efficace-que-le-brossage-regulier-et-lutilisation-du-fil-dentaire-pour-enlever-la-plaque-dentaire-et-ameliorer-la-sante-gingivale\/\" \/>\n<meta property=\"og:locale\" content=\"fr_FR\" \/>\n<meta property=\"og:type\" content=\"article\" \/>\n<meta property=\"og:title\" content=\"Waterpik\u00ae Sonic-Fusion\u00ae : Deux Fois Plus Efficace Que Le Brossage R\u00e9gulier Et L\u2019utilisation Du Fil Dentaire Pour Enlever La Plaque Dentaire Et Am\u00e9liorer La Sant\u00e9 Gingivale - Waterpik Waterflosser\" \/>\n<meta property=\"og:description\" content=\"D\u00e9terminer l\u2019efficacit\u00e9 de\u00a0Waterpik\u00ae Sonic-Fusion\u00ae\u00a0dans la r\u00e9duction de la plaque dentaire et des signes cliniques d\u2019inflammation par rapport au brossage et \u00e0 l\u2019utilisation de fil dentaire standard.\" \/>\n<meta property=\"og:url\" content=\"https:\/\/waterpik.be\/fr\/dentistes-waterpik\/recherche-clinique-un-produit-base-sur-des-resultats\/waterpik-sonic-fusion-deux-fois-plus-efficace-que-le-brossage-regulier-et-lutilisation-du-fil-dentaire-pour-enlever-la-plaque-dentaire-et-ameliorer-la-sante-gingivale\/\" \/>\n<meta property=\"og:site_name\" content=\"Waterpik Waterflosser\" \/>\n<meta property=\"article:modified_time\" content=\"2021-03-04T15:08:07+00:00\" \/>\n<meta property=\"og:image\" content=\"https:\/\/waterpik.be\/wp-content\/uploads\/2020\/12\/417-waterpik-sonic-fusion-deux-fois-plus-efficace-que-brossage-regulier.jpg\" \/>\n\t<meta property=\"og:image:width\" content=\"450\" \/>\n\t<meta property=\"og:image:height\" content=\"1316\" \/>\n\t<meta property=\"og:image:type\" content=\"image\/jpeg\" \/>\n<meta name=\"twitter:card\" content=\"summary_large_image\" \/>\n<meta name=\"twitter:label1\" content=\"Dur\u00e9e de lecture estim\u00e9e\" \/>\n\t<meta name=\"twitter:data1\" content=\"2 minutes\" \/>\n<script type=\"application\/ld+json\" class=\"yoast-schema-graph\">{\"@context\":\"https:\/\/schema.org\",\"@graph\":[{\"@type\":\"WebPage\",\"@id\":\"https:\/\/waterpik.be\/fr\/dentistes-waterpik\/recherche-clinique-un-produit-base-sur-des-resultats\/waterpik-sonic-fusion-deux-fois-plus-efficace-que-le-brossage-regulier-et-lutilisation-du-fil-dentaire-pour-enlever-la-plaque-dentaire-et-ameliorer-la-sante-gingivale\/\",\"url\":\"https:\/\/waterpik.be\/fr\/dentistes-waterpik\/recherche-clinique-un-produit-base-sur-des-resultats\/waterpik-sonic-fusion-deux-fois-plus-efficace-que-le-brossage-regulier-et-lutilisation-du-fil-dentaire-pour-enlever-la-plaque-dentaire-et-ameliorer-la-sante-gingivale\/\",\"name\":\"Waterpik\u00ae Sonic-Fusion\u00ae : Deux Fois Plus Efficace Que Le Brossage R\u00e9gulier Et L\u2019utilisation Du Fil Dentaire Pour Enlever La Plaque Dentaire Et Am\u00e9liorer La Sant\u00e9 Gingivale - Waterpik Waterflosser\",\"isPartOf\":{\"@id\":\"https:\/\/waterpik.be\/#website\"},\"primaryImageOfPage\":{\"@id\":\"https:\/\/waterpik.be\/fr\/dentistes-waterpik\/recherche-clinique-un-produit-base-sur-des-resultats\/waterpik-sonic-fusion-deux-fois-plus-efficace-que-le-brossage-regulier-et-lutilisation-du-fil-dentaire-pour-enlever-la-plaque-dentaire-et-ameliorer-la-sante-gingivale\/#primaryimage\"},\"image\":{\"@id\":\"https:\/\/waterpik.be\/fr\/dentistes-waterpik\/recherche-clinique-un-produit-base-sur-des-resultats\/waterpik-sonic-fusion-deux-fois-plus-efficace-que-le-brossage-regulier-et-lutilisation-du-fil-dentaire-pour-enlever-la-plaque-dentaire-et-ameliorer-la-sante-gingivale\/#primaryimage\"},\"thumbnailUrl\":\"https:\/\/waterpik.be\/wp-content\/uploads\/2020\/12\/417-waterpik-sonic-fusion-deux-fois-plus-efficace-que-brossage-regulier-103x300.jpg\",\"datePublished\":\"2020-12-10T15:18:19+00:00\",\"dateModified\":\"2021-03-04T15:08:07+00:00\",\"description\":\"D\u00e9terminer l\u2019efficacit\u00e9 de\u00a0Waterpik\u00ae Sonic-Fusion\u00ae\u00a0dans la r\u00e9duction de la plaque dentaire et des signes cliniques d\u2019inflammation par rapport au brossage et \u00e0 l\u2019utilisation de fil dentaire standard.\",\"breadcrumb\":{\"@id\":\"https:\/\/waterpik.be\/fr\/dentistes-waterpik\/recherche-clinique-un-produit-base-sur-des-resultats\/waterpik-sonic-fusion-deux-fois-plus-efficace-que-le-brossage-regulier-et-lutilisation-du-fil-dentaire-pour-enlever-la-plaque-dentaire-et-ameliorer-la-sante-gingivale\/#breadcrumb\"},\"inLanguage\":\"fr-FR\",\"potentialAction\":[{\"@type\":\"ReadAction\",\"target\":[\"https:\/\/waterpik.be\/fr\/dentistes-waterpik\/recherche-clinique-un-produit-base-sur-des-resultats\/waterpik-sonic-fusion-deux-fois-plus-efficace-que-le-brossage-regulier-et-lutilisation-du-fil-dentaire-pour-enlever-la-plaque-dentaire-et-ameliorer-la-sante-gingivale\/\"]}]},{\"@type\":\"ImageObject\",\"inLanguage\":\"fr-FR\",\"@id\":\"https:\/\/waterpik.be\/fr\/dentistes-waterpik\/recherche-clinique-un-produit-base-sur-des-resultats\/waterpik-sonic-fusion-deux-fois-plus-efficace-que-le-brossage-regulier-et-lutilisation-du-fil-dentaire-pour-enlever-la-plaque-dentaire-et-ameliorer-la-sante-gingivale\/#primaryimage\",\"url\":\"https:\/\/waterpik.be\/wp-content\/uploads\/2020\/12\/417-waterpik-sonic-fusion-deux-fois-plus-efficace-que-brossage-regulier-103x300.jpg\",\"contentUrl\":\"https:\/\/waterpik.be\/wp-content\/uploads\/2020\/12\/417-waterpik-sonic-fusion-deux-fois-plus-efficace-que-brossage-regulier-103x300.jpg\"},{\"@type\":\"BreadcrumbList\",\"@id\":\"https:\/\/waterpik.be\/fr\/dentistes-waterpik\/recherche-clinique-un-produit-base-sur-des-resultats\/waterpik-sonic-fusion-deux-fois-plus-efficace-que-le-brossage-regulier-et-lutilisation-du-fil-dentaire-pour-enlever-la-plaque-dentaire-et-ameliorer-la-sante-gingivale\/#breadcrumb\",\"itemListElement\":[{\"@type\":\"ListItem\",\"position\":1,\"name\":\"Home\",\"item\":\"https:\/\/waterpik.be\/fr\/\"},{\"@type\":\"ListItem\",\"position\":2,\"name\":\"Dentistes\",\"item\":\"https:\/\/waterpik.be\/fr\/dentistes-waterpik\/\"},{\"@type\":\"ListItem\",\"position\":3,\"name\":\"Recherche Clinique, un Produit Bas\u00e9 Sur Des R\u00e9sultats.\",\"item\":\"https:\/\/waterpik.be\/fr\/dentistes-waterpik\/recherche-clinique-un-produit-base-sur-des-resultats\/\"},{\"@type\":\"ListItem\",\"position\":4,\"name\":\"Waterpik\u00ae Sonic-Fusion\u00ae : Deux Fois Plus Efficace Que Le Brossage R\u00e9gulier Et L\u2019utilisation Du Fil Dentaire Pour Enlever La Plaque Dentaire Et Am\u00e9liorer La Sant\u00e9 Gingivale\"}]},{\"@type\":\"WebSite\",\"@id\":\"https:\/\/waterpik.be\/#website\",\"url\":\"https:\/\/waterpik.be\/\",\"name\":\"Waterpik Waterflosser\",\"description\":\"Poetsen alleen is niet genoeg\",\"potentialAction\":[{\"@type\":\"SearchAction\",\"target\":{\"@type\":\"EntryPoint\",\"urlTemplate\":\"https:\/\/waterpik.be\/?s={search_term_string}\"},\"query-input\":{\"@type\":\"PropertyValueSpecification\",\"valueRequired\":true,\"valueName\":\"search_term_string\"}}],\"inLanguage\":\"fr-FR\"}]}<\/script>\n<!-- \/ Yoast SEO plugin. -->","yoast_head_json":{"title":"Waterpik\u00ae Sonic-Fusion\u00ae : Deux Fois Plus Efficace Que Le Brossage R\u00e9gulier Et L\u2019utilisation Du Fil Dentaire Pour Enlever La Plaque Dentaire Et Am\u00e9liorer La Sant\u00e9 Gingivale - Waterpik Waterflosser","description":"D\u00e9terminer l\u2019efficacit\u00e9 de\u00a0Waterpik\u00ae Sonic-Fusion\u00ae\u00a0dans la r\u00e9duction de la plaque dentaire et des signes cliniques d\u2019inflammation par rapport au brossage et \u00e0 l\u2019utilisation de fil dentaire standard.","robots":{"index":"index","follow":"follow","max-snippet":"max-snippet:-1","max-image-preview":"max-image-preview:large","max-video-preview":"max-video-preview:-1"},"canonical":"https:\/\/waterpik.be\/fr\/dentistes-waterpik\/recherche-clinique-un-produit-base-sur-des-resultats\/waterpik-sonic-fusion-deux-fois-plus-efficace-que-le-brossage-regulier-et-lutilisation-du-fil-dentaire-pour-enlever-la-plaque-dentaire-et-ameliorer-la-sante-gingivale\/","og_locale":"fr_FR","og_type":"article","og_title":"Waterpik\u00ae Sonic-Fusion\u00ae : Deux Fois Plus Efficace Que Le Brossage R\u00e9gulier Et L\u2019utilisation Du Fil Dentaire Pour Enlever La Plaque Dentaire Et Am\u00e9liorer La Sant\u00e9 Gingivale - Waterpik Waterflosser","og_description":"D\u00e9terminer l\u2019efficacit\u00e9 de\u00a0Waterpik\u00ae Sonic-Fusion\u00ae\u00a0dans la r\u00e9duction de la plaque dentaire et des signes cliniques d\u2019inflammation par rapport au brossage et \u00e0 l\u2019utilisation de fil dentaire standard.","og_url":"https:\/\/waterpik.be\/fr\/dentistes-waterpik\/recherche-clinique-un-produit-base-sur-des-resultats\/waterpik-sonic-fusion-deux-fois-plus-efficace-que-le-brossage-regulier-et-lutilisation-du-fil-dentaire-pour-enlever-la-plaque-dentaire-et-ameliorer-la-sante-gingivale\/","og_site_name":"Waterpik Waterflosser","article_modified_time":"2021-03-04T15:08:07+00:00","og_image":[{"width":450,"height":1316,"url":"https:\/\/waterpik.be\/wp-content\/uploads\/2020\/12\/417-waterpik-sonic-fusion-deux-fois-plus-efficace-que-brossage-regulier.jpg","type":"image\/jpeg"}],"twitter_card":"summary_large_image","twitter_misc":{"Dur\u00e9e de lecture estim\u00e9e":"2 minutes"},"schema":{"@context":"https:\/\/schema.org","@graph":[{"@type":"WebPage","@id":"https:\/\/waterpik.be\/fr\/dentistes-waterpik\/recherche-clinique-un-produit-base-sur-des-resultats\/waterpik-sonic-fusion-deux-fois-plus-efficace-que-le-brossage-regulier-et-lutilisation-du-fil-dentaire-pour-enlever-la-plaque-dentaire-et-ameliorer-la-sante-gingivale\/","url":"https:\/\/waterpik.be\/fr\/dentistes-waterpik\/recherche-clinique-un-produit-base-sur-des-resultats\/waterpik-sonic-fusion-deux-fois-plus-efficace-que-le-brossage-regulier-et-lutilisation-du-fil-dentaire-pour-enlever-la-plaque-dentaire-et-ameliorer-la-sante-gingivale\/","name":"Waterpik\u00ae Sonic-Fusion\u00ae : Deux Fois Plus Efficace Que Le Brossage R\u00e9gulier Et L\u2019utilisation Du Fil Dentaire Pour Enlever La Plaque Dentaire Et Am\u00e9liorer La Sant\u00e9 Gingivale - Waterpik Waterflosser","isPartOf":{"@id":"https:\/\/waterpik.be\/#website"},"primaryImageOfPage":{"@id":"https:\/\/waterpik.be\/fr\/dentistes-waterpik\/recherche-clinique-un-produit-base-sur-des-resultats\/waterpik-sonic-fusion-deux-fois-plus-efficace-que-le-brossage-regulier-et-lutilisation-du-fil-dentaire-pour-enlever-la-plaque-dentaire-et-ameliorer-la-sante-gingivale\/#primaryimage"},"image":{"@id":"https:\/\/waterpik.be\/fr\/dentistes-waterpik\/recherche-clinique-un-produit-base-sur-des-resultats\/waterpik-sonic-fusion-deux-fois-plus-efficace-que-le-brossage-regulier-et-lutilisation-du-fil-dentaire-pour-enlever-la-plaque-dentaire-et-ameliorer-la-sante-gingivale\/#primaryimage"},"thumbnailUrl":"https:\/\/waterpik.be\/wp-content\/uploads\/2020\/12\/417-waterpik-sonic-fusion-deux-fois-plus-efficace-que-brossage-regulier-103x300.jpg","datePublished":"2020-12-10T15:18:19+00:00","dateModified":"2021-03-04T15:08:07+00:00","description":"D\u00e9terminer l\u2019efficacit\u00e9 de\u00a0Waterpik\u00ae Sonic-Fusion\u00ae\u00a0dans la r\u00e9duction de la plaque dentaire et des signes cliniques d\u2019inflammation par rapport au brossage et \u00e0 l\u2019utilisation de fil dentaire standard.","breadcrumb":{"@id":"https:\/\/waterpik.be\/fr\/dentistes-waterpik\/recherche-clinique-un-produit-base-sur-des-resultats\/waterpik-sonic-fusion-deux-fois-plus-efficace-que-le-brossage-regulier-et-lutilisation-du-fil-dentaire-pour-enlever-la-plaque-dentaire-et-ameliorer-la-sante-gingivale\/#breadcrumb"},"inLanguage":"fr-FR","potentialAction":[{"@type":"ReadAction","target":["https:\/\/waterpik.be\/fr\/dentistes-waterpik\/recherche-clinique-un-produit-base-sur-des-resultats\/waterpik-sonic-fusion-deux-fois-plus-efficace-que-le-brossage-regulier-et-lutilisation-du-fil-dentaire-pour-enlever-la-plaque-dentaire-et-ameliorer-la-sante-gingivale\/"]}]},{"@type":"ImageObject","inLanguage":"fr-FR","@id":"https:\/\/waterpik.be\/fr\/dentistes-waterpik\/recherche-clinique-un-produit-base-sur-des-resultats\/waterpik-sonic-fusion-deux-fois-plus-efficace-que-le-brossage-regulier-et-lutilisation-du-fil-dentaire-pour-enlever-la-plaque-dentaire-et-ameliorer-la-sante-gingivale\/#primaryimage","url":"https:\/\/waterpik.be\/wp-content\/uploads\/2020\/12\/417-waterpik-sonic-fusion-deux-fois-plus-efficace-que-brossage-regulier-103x300.jpg","contentUrl":"https:\/\/waterpik.be\/wp-content\/uploads\/2020\/12\/417-waterpik-sonic-fusion-deux-fois-plus-efficace-que-brossage-regulier-103x300.jpg"},{"@type":"BreadcrumbList","@id":"https:\/\/waterpik.be\/fr\/dentistes-waterpik\/recherche-clinique-un-produit-base-sur-des-resultats\/waterpik-sonic-fusion-deux-fois-plus-efficace-que-le-brossage-regulier-et-lutilisation-du-fil-dentaire-pour-enlever-la-plaque-dentaire-et-ameliorer-la-sante-gingivale\/#breadcrumb","itemListElement":[{"@type":"ListItem","position":1,"name":"Home","item":"https:\/\/waterpik.be\/fr\/"},{"@type":"ListItem","position":2,"name":"Dentistes","item":"https:\/\/waterpik.be\/fr\/dentistes-waterpik\/"},{"@type":"ListItem","position":3,"name":"Recherche Clinique, un Produit Bas\u00e9 Sur Des R\u00e9sultats.","item":"https:\/\/waterpik.be\/fr\/dentistes-waterpik\/recherche-clinique-un-produit-base-sur-des-resultats\/"},{"@type":"ListItem","position":4,"name":"Waterpik\u00ae Sonic-Fusion\u00ae : Deux Fois Plus Efficace Que Le Brossage R\u00e9gulier Et L\u2019utilisation Du Fil Dentaire Pour Enlever La Plaque Dentaire Et Am\u00e9liorer La Sant\u00e9 Gingivale"}]},{"@type":"WebSite","@id":"https:\/\/waterpik.be\/#website","url":"https:\/\/waterpik.be\/","name":"Waterpik Waterflosser","description":"Poetsen alleen is niet genoeg","potentialAction":[{"@type":"SearchAction","target":{"@type":"EntryPoint","urlTemplate":"https:\/\/waterpik.be\/?s={search_term_string}"},"query-input":{"@type":"PropertyValueSpecification","valueRequired":true,"valueName":"search_term_string"}}],"inLanguage":"fr-FR"}]}},"_links":{"self":[{"href":"https:\/\/waterpik.be\/fr\/wp-json\/wp\/v2\/pages\/5764","targetHints":{"allow":["GET"]}}],"collection":[{"href":"https:\/\/waterpik.be\/fr\/wp-json\/wp\/v2\/pages"}],"about":[{"href":"https:\/\/waterpik.be\/fr\/wp-json\/wp\/v2\/types\/page"}],"author":[{"embeddable":true,"href":"https:\/\/waterpik.be\/fr\/wp-json\/wp\/v2\/users\/3"}],"replies":[{"embeddable":true,"href":"https:\/\/waterpik.be\/fr\/wp-json\/wp\/v2\/comments?post=5764"}],"version-history":[{"count":1,"href":"https:\/\/waterpik.be\/fr\/wp-json\/wp\/v2\/pages\/5764\/revisions"}],"predecessor-version":[{"id":6337,"href":"https:\/\/waterpik.be\/fr\/wp-json\/wp\/v2\/pages\/5764\/revisions\/6337"}],"up":[{"embeddable":true,"href":"https:\/\/waterpik.be\/fr\/wp-json\/wp\/v2\/pages\/6082"}],"wp:attachment":[{"href":"https:\/\/waterpik.be\/fr\/wp-json\/wp\/v2\/media?parent=5764"}],"curies":[{"name":"wp","href":"https:\/\/api.w.org\/{rel}","templated":true}]}}