{"id":5782,"date":"2020-12-10T17:02:38","date_gmt":"2020-12-10T16:02:38","guid":{"rendered":"http:\/\/waterpik.be\/jet-dentaire-waterpik-plus-de-2-fois-plus-efficace-que-le-fil-dentaire-pour-les-patients-porteurs-dun-implant-dentaire\/"},"modified":"2021-03-04T16:11:46","modified_gmt":"2021-03-04T15:11:46","slug":"jet-dentaire-waterpik-plus-de-2-fois-plus-efficace-que-le-fil-dentaire-pour-les-patients-porteurs-dun-implant-dentaire","status":"publish","type":"page","link":"https:\/\/waterpik.be\/fr\/dentistes-waterpik\/recherche-clinique-un-produit-base-sur-des-resultats\/jet-dentaire-waterpik-plus-de-2-fois-plus-efficace-que-le-fil-dentaire-pour-les-patients-porteurs-dun-implant-dentaire\/","title":{"rendered":"Jet Dentaire Waterpik\u00ae : Plus De 2 Fois Plus Efficace Que Le Fil Dentaire Pour Les Patients Porteurs D\u2019un Implant Dentaire"},"content":{"rendered":"<h2>L\u2019effet d\u2019un hydropulseur jet dentaire avec embout Plaque Seeker\u00ae sur les saignements gingivaux pour des patients porteurs d\u2019un implant dentaire<\/h2>\n<p class=\"author\">Magnuson B, et al. Comparison of the effect of two interdental cleaning devices around implants on the reduction of bleeding: A 30-day randomized clinical trial. Compend of Contin Ed in Dent 2013; 34(Special Issue 8):2-7. Study conducted at Tufts University, School of Dental Medicine, Boston, Massachusetts.<\/p>\n<hr \/>\n<h2>Objectif<\/h2>\n<p>Comparer l\u2019efficacit\u00e9 d\u2019un\u00a0<a title=\"Parcourir nos hydropulseurs jet dentaires sur socle\" href=\"https:\/\/www.waterpik.fr\/sante-bucco-dentaire\/produits\/hydropulseur-jet-dentaire\/\">Jet Dentaire Waterpik\u00ae<\/a>\u00a0\u00e0 celle du fil dentaire chez les patients porteurs d\u2019un implant dentaire.<\/p>\n<h2><img loading=\"lazy\" decoding=\"async\" class=\"wp-image-5781 size-medium alignright\" src=\"https:\/\/waterpik.be\/wp-content\/uploads\/2020\/12\/409-jet-dentaire-waterpik-reduction-des-saignements-gingivaux-implant-162x300.jpg\" alt=\"409-waterpik\" width=\"162\" height=\"300\" srcset=\"https:\/\/waterpik.be\/wp-content\/uploads\/2020\/12\/409-jet-dentaire-waterpik-reduction-des-saignements-gingivaux-implant-162x300.jpg 162w, https:\/\/waterpik.be\/wp-content\/uploads\/2020\/12\/409-jet-dentaire-waterpik-reduction-des-saignements-gingivaux-implant-300x557.jpg 300w, https:\/\/waterpik.be\/wp-content\/uploads\/2020\/12\/409-jet-dentaire-waterpik-reduction-des-saignements-gingivaux-implant.jpg 450w\" sizes=\"auto, (max-width: 162px) 100vw, 162px\" \/><\/h2>\n<h2>M\u00e9thode<\/h2>\n<p>Les sujets ont \u00e9t\u00e9 randomis\u00e9s en deux groupes ; le groupe 1 a utilis\u00e9 une brosse \u00e0 dents manuelle et un Jet Dentaire Waterpik\u00ae avec\u00a0<a title=\"Voir notre l\u2019embout Plaque Seeker\u00ae\" href=\"https:\/\/www.waterpik.fr\/sante-bucco-dentaire\/embouts-et-accessoires\/PS-100E\/\">l\u2019embout Plaque Seeker\u00ae<\/a>\u00a0(DJ) et le groupe 2 a utilis\u00e9 une brosse \u00e0 dents manuelle avec du fil dentaire (SF). Chaque groupe comptait 22 implants et le r\u00e9sultat principal a \u00e9t\u00e9 la r\u00e9duction de l\u2019incidence des saignements au sondage. Les sujets se sont bross\u00e9 les dents deux fois par jour et ont utilis\u00e9 soit l\u2019hydropulseur jet dentaire, soit le fil dentaire, une fois par jour.<\/p>\n<h2>R\u00e9sultats<\/h2>\n<p>Il n\u2019y avait aucune diff\u00e9rence entre les groupes \u00e0 l\u2019inclusion. Apr\u00e8s 30 jours, 18 implants sur les 22 (81,8 %) du groupe avec hydropulseur jet dentaire (DJ) ont montr\u00e9 une r\u00e9duction significative des saignements au sondage, contre 6 implants sur les 18 (33,3 %) du groupe avec fil dentaire. Le groupe avec hydropulseur jet dentaire a connu une r\u00e9duction des saignements gingivaux autour des implants de 145 % par rapport au groupe avec fil dentaire (p = 0,0018).<\/p>\n<h2>Conclusion<\/h2>\n<p>Le\u00a0<a title=\"Parcourir nos hydropulseurs jet dentaires sur socle\" href=\"https:\/\/www.waterpik.fr\/sante-bucco-dentaire\/produits\/hydropulseur-jet-dentaire\/\">Jet Dentaire Waterpik\u00ae<\/a>\u00a0est significativement plus efficace que le fil dentaire pour am\u00e9liorer la sant\u00e9 gingivale autour des implants et que son utilisation est sans danger.<\/p>\n","protected":false},"excerpt":{"rendered":"<p>L\u2019effet d\u2019un hydropulseur jet dentaire avec embout Plaque Seeker\u00ae sur les saignements gingivaux pour des patients porteurs d\u2019un implant dentaire Magnuson B, et al. Comparison of the effect of two interdental cleaning devices around implants on the reduction of bleeding: A 30-day randomized clinical trial. Compend of Contin Ed in Dent 2013; 34(Special Issue 8):2-7. [&hellip;]<\/p>\n","protected":false},"author":3,"featured_media":0,"parent":6082,"menu_order":12,"comment_status":"closed","ping_status":"closed","template":"","meta":{"_acf_changed":false,"footnotes":""},"class_list":["post-5782","page","type-page","status-publish","hentry"],"acf":[],"yoast_head":"<!-- This site is optimized with the Yoast SEO plugin v26.7 - https:\/\/yoast.com\/wordpress\/plugins\/seo\/ -->\n<title>Jet Dentaire Waterpik\u00ae : Plus De 2 Fois Plus Efficace Que Le Fil Dentaire Pour Les Patients Porteurs D\u2019un Implant Dentaire - Waterpik Waterflosser<\/title>\n<meta name=\"description\" content=\"Comparer l\u2019efficacit\u00e9 d\u2019un\u00a0Jet Dentaire Waterpik\u00ae\u00a0\u00e0 celle du fil dentaire chez les patients porteurs d\u2019un implant dentaire.\" \/>\n<meta name=\"robots\" content=\"index, follow, max-snippet:-1, max-image-preview:large, max-video-preview:-1\" \/>\n<link rel=\"canonical\" href=\"https:\/\/waterpik.be\/fr\/dentistes-waterpik\/recherche-clinique-un-produit-base-sur-des-resultats\/jet-dentaire-waterpik-plus-de-2-fois-plus-efficace-que-le-fil-dentaire-pour-les-patients-porteurs-dun-implant-dentaire\/\" \/>\n<meta property=\"og:locale\" content=\"fr_FR\" \/>\n<meta property=\"og:type\" content=\"article\" \/>\n<meta property=\"og:title\" content=\"Jet Dentaire Waterpik\u00ae : Plus De 2 Fois Plus Efficace Que Le Fil Dentaire Pour Les Patients Porteurs D\u2019un Implant Dentaire - Waterpik Waterflosser\" \/>\n<meta property=\"og:description\" content=\"Comparer l\u2019efficacit\u00e9 d\u2019un\u00a0Jet Dentaire Waterpik\u00ae\u00a0\u00e0 celle du fil dentaire chez les patients porteurs d\u2019un implant dentaire.\" \/>\n<meta property=\"og:url\" content=\"https:\/\/waterpik.be\/fr\/dentistes-waterpik\/recherche-clinique-un-produit-base-sur-des-resultats\/jet-dentaire-waterpik-plus-de-2-fois-plus-efficace-que-le-fil-dentaire-pour-les-patients-porteurs-dun-implant-dentaire\/\" \/>\n<meta property=\"og:site_name\" content=\"Waterpik Waterflosser\" \/>\n<meta property=\"article:modified_time\" content=\"2021-03-04T15:11:46+00:00\" \/>\n<meta property=\"og:image\" content=\"https:\/\/waterpik.be\/wp-content\/uploads\/2020\/12\/409-jet-dentaire-waterpik-reduction-des-saignements-gingivaux-implant.jpg\" \/>\n\t<meta property=\"og:image:width\" content=\"450\" \/>\n\t<meta property=\"og:image:height\" content=\"835\" \/>\n\t<meta property=\"og:image:type\" content=\"image\/jpeg\" \/>\n<meta name=\"twitter:card\" content=\"summary_large_image\" \/>\n<meta name=\"twitter:label1\" content=\"Dur\u00e9e de lecture estim\u00e9e\" \/>\n\t<meta name=\"twitter:data1\" content=\"1 minute\" \/>\n<script type=\"application\/ld+json\" class=\"yoast-schema-graph\">{\"@context\":\"https:\/\/schema.org\",\"@graph\":[{\"@type\":\"WebPage\",\"@id\":\"https:\/\/waterpik.be\/fr\/dentistes-waterpik\/recherche-clinique-un-produit-base-sur-des-resultats\/jet-dentaire-waterpik-plus-de-2-fois-plus-efficace-que-le-fil-dentaire-pour-les-patients-porteurs-dun-implant-dentaire\/\",\"url\":\"https:\/\/waterpik.be\/fr\/dentistes-waterpik\/recherche-clinique-un-produit-base-sur-des-resultats\/jet-dentaire-waterpik-plus-de-2-fois-plus-efficace-que-le-fil-dentaire-pour-les-patients-porteurs-dun-implant-dentaire\/\",\"name\":\"Jet Dentaire Waterpik\u00ae : Plus De 2 Fois Plus Efficace Que Le Fil Dentaire Pour Les Patients Porteurs D\u2019un Implant Dentaire - Waterpik Waterflosser\",\"isPartOf\":{\"@id\":\"https:\/\/waterpik.be\/#website\"},\"primaryImageOfPage\":{\"@id\":\"https:\/\/waterpik.be\/fr\/dentistes-waterpik\/recherche-clinique-un-produit-base-sur-des-resultats\/jet-dentaire-waterpik-plus-de-2-fois-plus-efficace-que-le-fil-dentaire-pour-les-patients-porteurs-dun-implant-dentaire\/#primaryimage\"},\"image\":{\"@id\":\"https:\/\/waterpik.be\/fr\/dentistes-waterpik\/recherche-clinique-un-produit-base-sur-des-resultats\/jet-dentaire-waterpik-plus-de-2-fois-plus-efficace-que-le-fil-dentaire-pour-les-patients-porteurs-dun-implant-dentaire\/#primaryimage\"},\"thumbnailUrl\":\"https:\/\/waterpik.be\/wp-content\/uploads\/2020\/12\/409-jet-dentaire-waterpik-reduction-des-saignements-gingivaux-implant-162x300.jpg\",\"datePublished\":\"2020-12-10T16:02:38+00:00\",\"dateModified\":\"2021-03-04T15:11:46+00:00\",\"description\":\"Comparer l\u2019efficacit\u00e9 d\u2019un\u00a0Jet Dentaire Waterpik\u00ae\u00a0\u00e0 celle du fil dentaire chez les patients porteurs d\u2019un implant dentaire.\",\"breadcrumb\":{\"@id\":\"https:\/\/waterpik.be\/fr\/dentistes-waterpik\/recherche-clinique-un-produit-base-sur-des-resultats\/jet-dentaire-waterpik-plus-de-2-fois-plus-efficace-que-le-fil-dentaire-pour-les-patients-porteurs-dun-implant-dentaire\/#breadcrumb\"},\"inLanguage\":\"fr-FR\",\"potentialAction\":[{\"@type\":\"ReadAction\",\"target\":[\"https:\/\/waterpik.be\/fr\/dentistes-waterpik\/recherche-clinique-un-produit-base-sur-des-resultats\/jet-dentaire-waterpik-plus-de-2-fois-plus-efficace-que-le-fil-dentaire-pour-les-patients-porteurs-dun-implant-dentaire\/\"]}]},{\"@type\":\"ImageObject\",\"inLanguage\":\"fr-FR\",\"@id\":\"https:\/\/waterpik.be\/fr\/dentistes-waterpik\/recherche-clinique-un-produit-base-sur-des-resultats\/jet-dentaire-waterpik-plus-de-2-fois-plus-efficace-que-le-fil-dentaire-pour-les-patients-porteurs-dun-implant-dentaire\/#primaryimage\",\"url\":\"https:\/\/waterpik.be\/wp-content\/uploads\/2020\/12\/409-jet-dentaire-waterpik-reduction-des-saignements-gingivaux-implant-162x300.jpg\",\"contentUrl\":\"https:\/\/waterpik.be\/wp-content\/uploads\/2020\/12\/409-jet-dentaire-waterpik-reduction-des-saignements-gingivaux-implant-162x300.jpg\"},{\"@type\":\"BreadcrumbList\",\"@id\":\"https:\/\/waterpik.be\/fr\/dentistes-waterpik\/recherche-clinique-un-produit-base-sur-des-resultats\/jet-dentaire-waterpik-plus-de-2-fois-plus-efficace-que-le-fil-dentaire-pour-les-patients-porteurs-dun-implant-dentaire\/#breadcrumb\",\"itemListElement\":[{\"@type\":\"ListItem\",\"position\":1,\"name\":\"Home\",\"item\":\"https:\/\/waterpik.be\/fr\/\"},{\"@type\":\"ListItem\",\"position\":2,\"name\":\"Dentistes\",\"item\":\"https:\/\/waterpik.be\/fr\/dentistes-waterpik\/\"},{\"@type\":\"ListItem\",\"position\":3,\"name\":\"Recherche Clinique, un Produit Bas\u00e9 Sur Des R\u00e9sultats.\",\"item\":\"https:\/\/waterpik.be\/fr\/dentistes-waterpik\/recherche-clinique-un-produit-base-sur-des-resultats\/\"},{\"@type\":\"ListItem\",\"position\":4,\"name\":\"Jet Dentaire Waterpik\u00ae : Plus De 2 Fois Plus Efficace Que Le Fil Dentaire Pour Les Patients Porteurs D\u2019un Implant Dentaire\"}]},{\"@type\":\"WebSite\",\"@id\":\"https:\/\/waterpik.be\/#website\",\"url\":\"https:\/\/waterpik.be\/\",\"name\":\"Waterpik Waterflosser\",\"description\":\"Poetsen alleen is niet genoeg\",\"potentialAction\":[{\"@type\":\"SearchAction\",\"target\":{\"@type\":\"EntryPoint\",\"urlTemplate\":\"https:\/\/waterpik.be\/?s={search_term_string}\"},\"query-input\":{\"@type\":\"PropertyValueSpecification\",\"valueRequired\":true,\"valueName\":\"search_term_string\"}}],\"inLanguage\":\"fr-FR\"}]}<\/script>\n<!-- \/ Yoast SEO plugin. -->","yoast_head_json":{"title":"Jet Dentaire Waterpik\u00ae : Plus De 2 Fois Plus Efficace Que Le Fil Dentaire Pour Les Patients Porteurs D\u2019un Implant Dentaire - Waterpik Waterflosser","description":"Comparer l\u2019efficacit\u00e9 d\u2019un\u00a0Jet Dentaire Waterpik\u00ae\u00a0\u00e0 celle du fil dentaire chez les patients porteurs d\u2019un implant dentaire.","robots":{"index":"index","follow":"follow","max-snippet":"max-snippet:-1","max-image-preview":"max-image-preview:large","max-video-preview":"max-video-preview:-1"},"canonical":"https:\/\/waterpik.be\/fr\/dentistes-waterpik\/recherche-clinique-un-produit-base-sur-des-resultats\/jet-dentaire-waterpik-plus-de-2-fois-plus-efficace-que-le-fil-dentaire-pour-les-patients-porteurs-dun-implant-dentaire\/","og_locale":"fr_FR","og_type":"article","og_title":"Jet Dentaire Waterpik\u00ae : Plus De 2 Fois Plus Efficace Que Le Fil Dentaire Pour Les Patients Porteurs D\u2019un Implant Dentaire - Waterpik Waterflosser","og_description":"Comparer l\u2019efficacit\u00e9 d\u2019un\u00a0Jet Dentaire Waterpik\u00ae\u00a0\u00e0 celle du fil dentaire chez les patients porteurs d\u2019un implant dentaire.","og_url":"https:\/\/waterpik.be\/fr\/dentistes-waterpik\/recherche-clinique-un-produit-base-sur-des-resultats\/jet-dentaire-waterpik-plus-de-2-fois-plus-efficace-que-le-fil-dentaire-pour-les-patients-porteurs-dun-implant-dentaire\/","og_site_name":"Waterpik Waterflosser","article_modified_time":"2021-03-04T15:11:46+00:00","og_image":[{"width":450,"height":835,"url":"https:\/\/waterpik.be\/wp-content\/uploads\/2020\/12\/409-jet-dentaire-waterpik-reduction-des-saignements-gingivaux-implant.jpg","type":"image\/jpeg"}],"twitter_card":"summary_large_image","twitter_misc":{"Dur\u00e9e de lecture estim\u00e9e":"1 minute"},"schema":{"@context":"https:\/\/schema.org","@graph":[{"@type":"WebPage","@id":"https:\/\/waterpik.be\/fr\/dentistes-waterpik\/recherche-clinique-un-produit-base-sur-des-resultats\/jet-dentaire-waterpik-plus-de-2-fois-plus-efficace-que-le-fil-dentaire-pour-les-patients-porteurs-dun-implant-dentaire\/","url":"https:\/\/waterpik.be\/fr\/dentistes-waterpik\/recherche-clinique-un-produit-base-sur-des-resultats\/jet-dentaire-waterpik-plus-de-2-fois-plus-efficace-que-le-fil-dentaire-pour-les-patients-porteurs-dun-implant-dentaire\/","name":"Jet Dentaire Waterpik\u00ae : Plus De 2 Fois Plus Efficace Que Le Fil Dentaire Pour Les Patients Porteurs D\u2019un Implant Dentaire - Waterpik Waterflosser","isPartOf":{"@id":"https:\/\/waterpik.be\/#website"},"primaryImageOfPage":{"@id":"https:\/\/waterpik.be\/fr\/dentistes-waterpik\/recherche-clinique-un-produit-base-sur-des-resultats\/jet-dentaire-waterpik-plus-de-2-fois-plus-efficace-que-le-fil-dentaire-pour-les-patients-porteurs-dun-implant-dentaire\/#primaryimage"},"image":{"@id":"https:\/\/waterpik.be\/fr\/dentistes-waterpik\/recherche-clinique-un-produit-base-sur-des-resultats\/jet-dentaire-waterpik-plus-de-2-fois-plus-efficace-que-le-fil-dentaire-pour-les-patients-porteurs-dun-implant-dentaire\/#primaryimage"},"thumbnailUrl":"https:\/\/waterpik.be\/wp-content\/uploads\/2020\/12\/409-jet-dentaire-waterpik-reduction-des-saignements-gingivaux-implant-162x300.jpg","datePublished":"2020-12-10T16:02:38+00:00","dateModified":"2021-03-04T15:11:46+00:00","description":"Comparer l\u2019efficacit\u00e9 d\u2019un\u00a0Jet Dentaire Waterpik\u00ae\u00a0\u00e0 celle du fil dentaire chez les patients porteurs d\u2019un implant dentaire.","breadcrumb":{"@id":"https:\/\/waterpik.be\/fr\/dentistes-waterpik\/recherche-clinique-un-produit-base-sur-des-resultats\/jet-dentaire-waterpik-plus-de-2-fois-plus-efficace-que-le-fil-dentaire-pour-les-patients-porteurs-dun-implant-dentaire\/#breadcrumb"},"inLanguage":"fr-FR","potentialAction":[{"@type":"ReadAction","target":["https:\/\/waterpik.be\/fr\/dentistes-waterpik\/recherche-clinique-un-produit-base-sur-des-resultats\/jet-dentaire-waterpik-plus-de-2-fois-plus-efficace-que-le-fil-dentaire-pour-les-patients-porteurs-dun-implant-dentaire\/"]}]},{"@type":"ImageObject","inLanguage":"fr-FR","@id":"https:\/\/waterpik.be\/fr\/dentistes-waterpik\/recherche-clinique-un-produit-base-sur-des-resultats\/jet-dentaire-waterpik-plus-de-2-fois-plus-efficace-que-le-fil-dentaire-pour-les-patients-porteurs-dun-implant-dentaire\/#primaryimage","url":"https:\/\/waterpik.be\/wp-content\/uploads\/2020\/12\/409-jet-dentaire-waterpik-reduction-des-saignements-gingivaux-implant-162x300.jpg","contentUrl":"https:\/\/waterpik.be\/wp-content\/uploads\/2020\/12\/409-jet-dentaire-waterpik-reduction-des-saignements-gingivaux-implant-162x300.jpg"},{"@type":"BreadcrumbList","@id":"https:\/\/waterpik.be\/fr\/dentistes-waterpik\/recherche-clinique-un-produit-base-sur-des-resultats\/jet-dentaire-waterpik-plus-de-2-fois-plus-efficace-que-le-fil-dentaire-pour-les-patients-porteurs-dun-implant-dentaire\/#breadcrumb","itemListElement":[{"@type":"ListItem","position":1,"name":"Home","item":"https:\/\/waterpik.be\/fr\/"},{"@type":"ListItem","position":2,"name":"Dentistes","item":"https:\/\/waterpik.be\/fr\/dentistes-waterpik\/"},{"@type":"ListItem","position":3,"name":"Recherche Clinique, un Produit Bas\u00e9 Sur Des R\u00e9sultats.","item":"https:\/\/waterpik.be\/fr\/dentistes-waterpik\/recherche-clinique-un-produit-base-sur-des-resultats\/"},{"@type":"ListItem","position":4,"name":"Jet Dentaire Waterpik\u00ae : Plus De 2 Fois Plus Efficace Que Le Fil Dentaire Pour Les Patients Porteurs D\u2019un Implant Dentaire"}]},{"@type":"WebSite","@id":"https:\/\/waterpik.be\/#website","url":"https:\/\/waterpik.be\/","name":"Waterpik Waterflosser","description":"Poetsen alleen is niet genoeg","potentialAction":[{"@type":"SearchAction","target":{"@type":"EntryPoint","urlTemplate":"https:\/\/waterpik.be\/?s={search_term_string}"},"query-input":{"@type":"PropertyValueSpecification","valueRequired":true,"valueName":"search_term_string"}}],"inLanguage":"fr-FR"}]}},"_links":{"self":[{"href":"https:\/\/waterpik.be\/fr\/wp-json\/wp\/v2\/pages\/5782","targetHints":{"allow":["GET"]}}],"collection":[{"href":"https:\/\/waterpik.be\/fr\/wp-json\/wp\/v2\/pages"}],"about":[{"href":"https:\/\/waterpik.be\/fr\/wp-json\/wp\/v2\/types\/page"}],"author":[{"embeddable":true,"href":"https:\/\/waterpik.be\/fr\/wp-json\/wp\/v2\/users\/3"}],"replies":[{"embeddable":true,"href":"https:\/\/waterpik.be\/fr\/wp-json\/wp\/v2\/comments?post=5782"}],"version-history":[{"count":2,"href":"https:\/\/waterpik.be\/fr\/wp-json\/wp\/v2\/pages\/5782\/revisions"}],"predecessor-version":[{"id":6341,"href":"https:\/\/waterpik.be\/fr\/wp-json\/wp\/v2\/pages\/5782\/revisions\/6341"}],"up":[{"embeddable":true,"href":"https:\/\/waterpik.be\/fr\/wp-json\/wp\/v2\/pages\/6082"}],"wp:attachment":[{"href":"https:\/\/waterpik.be\/fr\/wp-json\/wp\/v2\/media?parent=5782"}],"curies":[{"name":"wp","href":"https:\/\/api.w.org\/{rel}","templated":true}]}}