{"id":5786,"date":"2020-12-10T17:10:44","date_gmt":"2020-12-10T16:10:44","guid":{"rendered":"http:\/\/waterpik.be\/jet-dentaire-waterpik-securite-dutilisation-formellement-prouvee-par-des-etudes-cliniques-sur-plus-de-5-decennies\/"},"modified":"2021-03-04T16:12:29","modified_gmt":"2021-03-04T15:12:29","slug":"jet-dentaire-waterpik-securite-dutilisation-formellement-prouvee-par-des-etudes-cliniques-sur-plus-de-5-decennies","status":"publish","type":"page","link":"https:\/\/waterpik.be\/fr\/dentistes-waterpik\/recherche-clinique-un-produit-base-sur-des-resultats\/jet-dentaire-waterpik-securite-dutilisation-formellement-prouvee-par-des-etudes-cliniques-sur-plus-de-5-decennies\/","title":{"rendered":"Jet Dentaire Waterpik\u00ae : S\u00e9curit\u00e9 D\u2019utilisation Formellement Prouv\u00e9e Par Des \u00c9tudes Cliniques Sur Plus De 5 D\u00e9cennies"},"content":{"rendered":"<h2>Objectif<\/h2>\n<p>Depuis l\u2019introduction du premier\u00a0<a title=\"Parcourir nos hydropulseurs jet dentaires sur socle\" href=\"https:\/\/www.waterpik.fr\/sante-bucco-dentaire\/produits\/hydropulseur-jet-dentaire\/\">Jet Dentaire Waterpik\u00ae<\/a>\u00a0en 1962, plus de 60 essais cliniques ont \u00e9t\u00e9 publi\u00e9s. L\u2019ensemble des \u00e9tudes montre des r\u00e9sultats significatifs pour l\u2019\u00e9limination de la plaque dentaire ; la r\u00e9duction des saignements gingivaux et la r\u00e9gression des inflammations (gingivite). La majorit\u00e9 des \u00e9tudes sont des essais contr\u00f4l\u00e9s et al\u00e9atoires, publi\u00e9s dans des revues sp\u00e9cialis\u00e9es et proposant au lecteur les donn\u00e9es les plus probantes pour prendre des d\u00e9cisions cliniques \u00e9clair\u00e9es. Cette analyse de la litt\u00e9rature a \u00e9t\u00e9 mise au point sp\u00e9cifiquement pour examiner la s\u00e9curit\u00e9 d\u2019emploi d\u2019un hydropulseur jet dentaire.<\/p>\n<h2>M\u00e9thode<\/h2>\n<p>Cette analyse est divis\u00e9e en quatre sections : les r\u00e9sultats histologiques, les pathog\u00e8nes sous-gingivaux, la profondeur de la poche au sondage et les niveaux d\u2019attache clinique, et la bact\u00e9ri\u00e9mie.<\/p>\n<h2>R\u00e9sultats<\/h2>\n<ul>\n<li><strong>R\u00e9sultats histologiques :<\/strong>\u00a0Les \u00e9tudes ont montr\u00e9 une r\u00e9duction significative des inflammations au niveau cellulaire par rapport aux sites non trait\u00e9s, qui pr\u00e9sentaient diff\u00e9rents niveaux d\u2019inflammation. Cela confirme la s\u00e9curit\u00e9 d\u2019emploi d\u2019un hydropulseur pour les tissus de la poche parodontale.<\/li>\n<li><strong>Pathog\u00e8nes sous-gingivaux :<\/strong>\u00a0Les \u00e9tudes montrent une \u00e9limination significative des pathog\u00e8nes sous-gingivaux, m\u00eame dans les poches profondes ; avec l\u2019utilisation d\u2019un hydropulseur. Cela n\u2019a g\u00e9n\u00e9ralement pas \u00e9t\u00e9 observ\u00e9 sur les sites sur lesquels l\u2019hydropulseur jet dentaire n\u2019a pas \u00e9t\u00e9 utilis\u00e9. Cela permet d\u2019\u00e9carter la pr\u00e9occupation selon laquelle les bact\u00e9ries pourraient \u00eatre entra\u00een\u00e9es plus profond\u00e9ment dans les poches.<\/li>\n<li><strong>Profondeurs des poches et niveaux d\u2019attache clinique<\/strong>\u00a0Les \u00e9tudes montrent une am\u00e9lioration significative de la profondeur de la poche au sondage et des niveaux d\u2019attache clinique, ou aucun changement. Ces \u00e9tudes permettent d\u2019\u00e9carter la pr\u00e9occupation selon laquelle l\u2019hydropulseur jet dentaire pourrait entra\u00eener une rupture de l\u2019attache \u00e9pith\u00e9liale.<\/li>\n<li><strong>Bact\u00e9ri\u00e9mie\u00a0:<\/strong>\u00a0Les recherches montrent que l\u2019incidence de la bact\u00e9ri\u00e9mie est la m\u00eame pour le brossage des dents, l\u2019utilisation de fil dentaire, de cure-dents en bois, d\u2019un hydropulseur jet dentaire et la mastication.<\/li>\n<\/ul>\n<h2>Conclusion<\/h2>\n<p>Il a \u00e9t\u00e9 prouv\u00e9 que le\u00a0<a title=\"Parcourir nos hydropulseurs jet dentaires sur socle\" href=\"https:\/\/www.waterpik.fr\/sante-bucco-dentaire\/produits\/hydropulseur-jet-dentaire\/\">Jet Dentaire Waterpik\u00ae<\/a>\u00a0est sans danger.<\/p>\n<h2>R\u00e9sultats d\u2019\u00e9tudes cliniques sur la s\u00e9curit\u00e9 d\u2019emploi de le Jet Dentaire Waterpik\u00ae<\/h2>\n<ul>\n<li>R\u00e9duction histologique de l\u2019inflammation<\/li>\n<li>R\u00e9duction ou maintien de la profondeur des poches au sondage<\/li>\n<li>Am\u00e9lioration ou maintien des niveaux d\u2019attache clinique<\/li>\n<li>\u00c9limination des bact\u00e9ries pathog\u00e8nes sous gingivales<\/li>\n<li>Am\u00e9liorations de la flore sous gingivale morphologique<\/li>\n<li>Aucun effet secondaire signal\u00e9<\/li>\n<li>Changements cliniques montrant une r\u00e9duction des gingivites, des inflammations et de la plaque dentaire<\/li>\n<\/ul>\n<p>&nbsp;<\/p>\n","protected":false},"excerpt":{"rendered":"<p>Objectif Depuis l\u2019introduction du premier\u00a0Jet Dentaire Waterpik\u00ae\u00a0en 1962, plus de 60 essais cliniques ont \u00e9t\u00e9 publi\u00e9s. L\u2019ensemble des \u00e9tudes montre des r\u00e9sultats significatifs pour l\u2019\u00e9limination de la plaque dentaire ; la r\u00e9duction des saignements gingivaux et la r\u00e9gression des inflammations (gingivite). La majorit\u00e9 des \u00e9tudes sont des essais contr\u00f4l\u00e9s et al\u00e9atoires, publi\u00e9s dans des revues [&hellip;]<\/p>\n","protected":false},"author":3,"featured_media":0,"parent":6082,"menu_order":13,"comment_status":"closed","ping_status":"closed","template":"","meta":{"_acf_changed":false,"footnotes":""},"class_list":["post-5786","page","type-page","status-publish","hentry"],"acf":[],"yoast_head":"<!-- This site is optimized with the Yoast SEO plugin v26.7 - https:\/\/yoast.com\/wordpress\/plugins\/seo\/ -->\n<title>Jet Dentaire Waterpik\u00ae : S\u00e9curit\u00e9 D\u2019utilisation Formellement Prouv\u00e9e Par Des \u00c9tudes Cliniques Sur Plus De 5 D\u00e9cennies - Waterpik Waterflosser<\/title>\n<meta name=\"description\" content=\"Depuis l\u2019introduction du premier\u00a0Jet Dentaire Waterpik\u00ae\u00a0en 1962, plus de 60 essais cliniques ont \u00e9t\u00e9 publi\u00e9s. L\u2019ensemble des \u00e9tudes montre des r\u00e9sultats significatifs pour l\u2019\u00e9limination de la plaque dentaire\" \/>\n<meta name=\"robots\" content=\"index, follow, max-snippet:-1, max-image-preview:large, max-video-preview:-1\" \/>\n<link rel=\"canonical\" href=\"https:\/\/waterpik.be\/fr\/dentistes-waterpik\/recherche-clinique-un-produit-base-sur-des-resultats\/jet-dentaire-waterpik-securite-dutilisation-formellement-prouvee-par-des-etudes-cliniques-sur-plus-de-5-decennies\/\" \/>\n<meta property=\"og:locale\" content=\"fr_FR\" \/>\n<meta property=\"og:type\" content=\"article\" \/>\n<meta property=\"og:title\" content=\"Jet Dentaire Waterpik\u00ae : S\u00e9curit\u00e9 D\u2019utilisation Formellement Prouv\u00e9e Par Des \u00c9tudes Cliniques Sur Plus De 5 D\u00e9cennies - Waterpik Waterflosser\" \/>\n<meta property=\"og:description\" content=\"Depuis l\u2019introduction du premier\u00a0Jet Dentaire Waterpik\u00ae\u00a0en 1962, plus de 60 essais cliniques ont \u00e9t\u00e9 publi\u00e9s. L\u2019ensemble des \u00e9tudes montre des r\u00e9sultats significatifs pour l\u2019\u00e9limination de la plaque dentaire\" \/>\n<meta property=\"og:url\" content=\"https:\/\/waterpik.be\/fr\/dentistes-waterpik\/recherche-clinique-un-produit-base-sur-des-resultats\/jet-dentaire-waterpik-securite-dutilisation-formellement-prouvee-par-des-etudes-cliniques-sur-plus-de-5-decennies\/\" \/>\n<meta property=\"og:site_name\" content=\"Waterpik Waterflosser\" \/>\n<meta property=\"article:modified_time\" content=\"2021-03-04T15:12:29+00:00\" \/>\n<meta name=\"twitter:card\" content=\"summary_large_image\" \/>\n<meta name=\"twitter:label1\" content=\"Dur\u00e9e de lecture estim\u00e9e\" \/>\n\t<meta name=\"twitter:data1\" content=\"2 minutes\" \/>\n<script type=\"application\/ld+json\" class=\"yoast-schema-graph\">{\"@context\":\"https:\/\/schema.org\",\"@graph\":[{\"@type\":\"WebPage\",\"@id\":\"https:\/\/waterpik.be\/fr\/dentistes-waterpik\/recherche-clinique-un-produit-base-sur-des-resultats\/jet-dentaire-waterpik-securite-dutilisation-formellement-prouvee-par-des-etudes-cliniques-sur-plus-de-5-decennies\/\",\"url\":\"https:\/\/waterpik.be\/fr\/dentistes-waterpik\/recherche-clinique-un-produit-base-sur-des-resultats\/jet-dentaire-waterpik-securite-dutilisation-formellement-prouvee-par-des-etudes-cliniques-sur-plus-de-5-decennies\/\",\"name\":\"Jet Dentaire Waterpik\u00ae : S\u00e9curit\u00e9 D\u2019utilisation Formellement Prouv\u00e9e Par Des \u00c9tudes Cliniques Sur Plus De 5 D\u00e9cennies - Waterpik Waterflosser\",\"isPartOf\":{\"@id\":\"https:\/\/waterpik.be\/#website\"},\"datePublished\":\"2020-12-10T16:10:44+00:00\",\"dateModified\":\"2021-03-04T15:12:29+00:00\",\"description\":\"Depuis l\u2019introduction du premier\u00a0Jet Dentaire Waterpik\u00ae\u00a0en 1962, plus de 60 essais cliniques ont \u00e9t\u00e9 publi\u00e9s. L\u2019ensemble des \u00e9tudes montre des r\u00e9sultats significatifs pour l\u2019\u00e9limination de la plaque dentaire\",\"breadcrumb\":{\"@id\":\"https:\/\/waterpik.be\/fr\/dentistes-waterpik\/recherche-clinique-un-produit-base-sur-des-resultats\/jet-dentaire-waterpik-securite-dutilisation-formellement-prouvee-par-des-etudes-cliniques-sur-plus-de-5-decennies\/#breadcrumb\"},\"inLanguage\":\"fr-FR\",\"potentialAction\":[{\"@type\":\"ReadAction\",\"target\":[\"https:\/\/waterpik.be\/fr\/dentistes-waterpik\/recherche-clinique-un-produit-base-sur-des-resultats\/jet-dentaire-waterpik-securite-dutilisation-formellement-prouvee-par-des-etudes-cliniques-sur-plus-de-5-decennies\/\"]}]},{\"@type\":\"BreadcrumbList\",\"@id\":\"https:\/\/waterpik.be\/fr\/dentistes-waterpik\/recherche-clinique-un-produit-base-sur-des-resultats\/jet-dentaire-waterpik-securite-dutilisation-formellement-prouvee-par-des-etudes-cliniques-sur-plus-de-5-decennies\/#breadcrumb\",\"itemListElement\":[{\"@type\":\"ListItem\",\"position\":1,\"name\":\"Home\",\"item\":\"https:\/\/waterpik.be\/fr\/\"},{\"@type\":\"ListItem\",\"position\":2,\"name\":\"Dentistes\",\"item\":\"https:\/\/waterpik.be\/fr\/dentistes-waterpik\/\"},{\"@type\":\"ListItem\",\"position\":3,\"name\":\"Recherche Clinique, un Produit Bas\u00e9 Sur Des R\u00e9sultats.\",\"item\":\"https:\/\/waterpik.be\/fr\/dentistes-waterpik\/recherche-clinique-un-produit-base-sur-des-resultats\/\"},{\"@type\":\"ListItem\",\"position\":4,\"name\":\"Jet Dentaire Waterpik\u00ae : S\u00e9curit\u00e9 D\u2019utilisation Formellement Prouv\u00e9e Par Des \u00c9tudes Cliniques Sur Plus De 5 D\u00e9cennies\"}]},{\"@type\":\"WebSite\",\"@id\":\"https:\/\/waterpik.be\/#website\",\"url\":\"https:\/\/waterpik.be\/\",\"name\":\"Waterpik Waterflosser\",\"description\":\"Poetsen alleen is niet genoeg\",\"potentialAction\":[{\"@type\":\"SearchAction\",\"target\":{\"@type\":\"EntryPoint\",\"urlTemplate\":\"https:\/\/waterpik.be\/?s={search_term_string}\"},\"query-input\":{\"@type\":\"PropertyValueSpecification\",\"valueRequired\":true,\"valueName\":\"search_term_string\"}}],\"inLanguage\":\"fr-FR\"}]}<\/script>\n<!-- \/ Yoast SEO plugin. -->","yoast_head_json":{"title":"Jet Dentaire Waterpik\u00ae : S\u00e9curit\u00e9 D\u2019utilisation Formellement Prouv\u00e9e Par Des \u00c9tudes Cliniques Sur Plus De 5 D\u00e9cennies - Waterpik Waterflosser","description":"Depuis l\u2019introduction du premier\u00a0Jet Dentaire Waterpik\u00ae\u00a0en 1962, plus de 60 essais cliniques ont \u00e9t\u00e9 publi\u00e9s. L\u2019ensemble des \u00e9tudes montre des r\u00e9sultats significatifs pour l\u2019\u00e9limination de la plaque dentaire","robots":{"index":"index","follow":"follow","max-snippet":"max-snippet:-1","max-image-preview":"max-image-preview:large","max-video-preview":"max-video-preview:-1"},"canonical":"https:\/\/waterpik.be\/fr\/dentistes-waterpik\/recherche-clinique-un-produit-base-sur-des-resultats\/jet-dentaire-waterpik-securite-dutilisation-formellement-prouvee-par-des-etudes-cliniques-sur-plus-de-5-decennies\/","og_locale":"fr_FR","og_type":"article","og_title":"Jet Dentaire Waterpik\u00ae : S\u00e9curit\u00e9 D\u2019utilisation Formellement Prouv\u00e9e Par Des \u00c9tudes Cliniques Sur Plus De 5 D\u00e9cennies - Waterpik Waterflosser","og_description":"Depuis l\u2019introduction du premier\u00a0Jet Dentaire Waterpik\u00ae\u00a0en 1962, plus de 60 essais cliniques ont \u00e9t\u00e9 publi\u00e9s. L\u2019ensemble des \u00e9tudes montre des r\u00e9sultats significatifs pour l\u2019\u00e9limination de la plaque dentaire","og_url":"https:\/\/waterpik.be\/fr\/dentistes-waterpik\/recherche-clinique-un-produit-base-sur-des-resultats\/jet-dentaire-waterpik-securite-dutilisation-formellement-prouvee-par-des-etudes-cliniques-sur-plus-de-5-decennies\/","og_site_name":"Waterpik Waterflosser","article_modified_time":"2021-03-04T15:12:29+00:00","twitter_card":"summary_large_image","twitter_misc":{"Dur\u00e9e de lecture estim\u00e9e":"2 minutes"},"schema":{"@context":"https:\/\/schema.org","@graph":[{"@type":"WebPage","@id":"https:\/\/waterpik.be\/fr\/dentistes-waterpik\/recherche-clinique-un-produit-base-sur-des-resultats\/jet-dentaire-waterpik-securite-dutilisation-formellement-prouvee-par-des-etudes-cliniques-sur-plus-de-5-decennies\/","url":"https:\/\/waterpik.be\/fr\/dentistes-waterpik\/recherche-clinique-un-produit-base-sur-des-resultats\/jet-dentaire-waterpik-securite-dutilisation-formellement-prouvee-par-des-etudes-cliniques-sur-plus-de-5-decennies\/","name":"Jet Dentaire Waterpik\u00ae : S\u00e9curit\u00e9 D\u2019utilisation Formellement Prouv\u00e9e Par Des \u00c9tudes Cliniques Sur Plus De 5 D\u00e9cennies - Waterpik Waterflosser","isPartOf":{"@id":"https:\/\/waterpik.be\/#website"},"datePublished":"2020-12-10T16:10:44+00:00","dateModified":"2021-03-04T15:12:29+00:00","description":"Depuis l\u2019introduction du premier\u00a0Jet Dentaire Waterpik\u00ae\u00a0en 1962, plus de 60 essais cliniques ont \u00e9t\u00e9 publi\u00e9s. L\u2019ensemble des \u00e9tudes montre des r\u00e9sultats significatifs pour l\u2019\u00e9limination de la plaque dentaire","breadcrumb":{"@id":"https:\/\/waterpik.be\/fr\/dentistes-waterpik\/recherche-clinique-un-produit-base-sur-des-resultats\/jet-dentaire-waterpik-securite-dutilisation-formellement-prouvee-par-des-etudes-cliniques-sur-plus-de-5-decennies\/#breadcrumb"},"inLanguage":"fr-FR","potentialAction":[{"@type":"ReadAction","target":["https:\/\/waterpik.be\/fr\/dentistes-waterpik\/recherche-clinique-un-produit-base-sur-des-resultats\/jet-dentaire-waterpik-securite-dutilisation-formellement-prouvee-par-des-etudes-cliniques-sur-plus-de-5-decennies\/"]}]},{"@type":"BreadcrumbList","@id":"https:\/\/waterpik.be\/fr\/dentistes-waterpik\/recherche-clinique-un-produit-base-sur-des-resultats\/jet-dentaire-waterpik-securite-dutilisation-formellement-prouvee-par-des-etudes-cliniques-sur-plus-de-5-decennies\/#breadcrumb","itemListElement":[{"@type":"ListItem","position":1,"name":"Home","item":"https:\/\/waterpik.be\/fr\/"},{"@type":"ListItem","position":2,"name":"Dentistes","item":"https:\/\/waterpik.be\/fr\/dentistes-waterpik\/"},{"@type":"ListItem","position":3,"name":"Recherche Clinique, un Produit Bas\u00e9 Sur Des R\u00e9sultats.","item":"https:\/\/waterpik.be\/fr\/dentistes-waterpik\/recherche-clinique-un-produit-base-sur-des-resultats\/"},{"@type":"ListItem","position":4,"name":"Jet Dentaire Waterpik\u00ae : S\u00e9curit\u00e9 D\u2019utilisation Formellement Prouv\u00e9e Par Des \u00c9tudes Cliniques Sur Plus De 5 D\u00e9cennies"}]},{"@type":"WebSite","@id":"https:\/\/waterpik.be\/#website","url":"https:\/\/waterpik.be\/","name":"Waterpik Waterflosser","description":"Poetsen alleen is niet genoeg","potentialAction":[{"@type":"SearchAction","target":{"@type":"EntryPoint","urlTemplate":"https:\/\/waterpik.be\/?s={search_term_string}"},"query-input":{"@type":"PropertyValueSpecification","valueRequired":true,"valueName":"search_term_string"}}],"inLanguage":"fr-FR"}]}},"_links":{"self":[{"href":"https:\/\/waterpik.be\/fr\/wp-json\/wp\/v2\/pages\/5786","targetHints":{"allow":["GET"]}}],"collection":[{"href":"https:\/\/waterpik.be\/fr\/wp-json\/wp\/v2\/pages"}],"about":[{"href":"https:\/\/waterpik.be\/fr\/wp-json\/wp\/v2\/types\/page"}],"author":[{"embeddable":true,"href":"https:\/\/waterpik.be\/fr\/wp-json\/wp\/v2\/users\/3"}],"replies":[{"embeddable":true,"href":"https:\/\/waterpik.be\/fr\/wp-json\/wp\/v2\/comments?post=5786"}],"version-history":[{"count":1,"href":"https:\/\/waterpik.be\/fr\/wp-json\/wp\/v2\/pages\/5786\/revisions"}],"predecessor-version":[{"id":6342,"href":"https:\/\/waterpik.be\/fr\/wp-json\/wp\/v2\/pages\/5786\/revisions\/6342"}],"up":[{"embeddable":true,"href":"https:\/\/waterpik.be\/fr\/wp-json\/wp\/v2\/pages\/6082"}],"wp:attachment":[{"href":"https:\/\/waterpik.be\/fr\/wp-json\/wp\/v2\/media?parent=5786"}],"curies":[{"name":"wp","href":"https:\/\/api.w.org\/{rel}","templated":true}]}}