{"id":5806,"date":"2020-12-15T11:22:31","date_gmt":"2020-12-15T10:22:31","guid":{"rendered":"http:\/\/waterpik.be\/jet-dentaire-waterpik-significativement-plus-efficace-que-sonicare-airfloss-pro-pour-ameliorer-la-sante-gingivale\/"},"modified":"2021-03-04T16:15:45","modified_gmt":"2021-03-04T15:15:45","slug":"jet-dentaire-waterpik-significativement-plus-efficace-que-sonicare-airfloss-pro-pour-ameliorer-la-sante-gingivale","status":"publish","type":"page","link":"https:\/\/waterpik.be\/fr\/dentistes-waterpik\/recherche-clinique-un-produit-base-sur-des-resultats\/jet-dentaire-waterpik-significativement-plus-efficace-que-sonicare-airfloss-pro-pour-ameliorer-la-sante-gingivale\/","title":{"rendered":"Jet Dentaire Waterpik\u00ae : Significativement Plus Efficace Que Sonicare\u00ae AirFloss Pro Pour Am\u00e9liorer La Sant\u00e9 Gingivale"},"content":{"rendered":"<h2>Efficacit\u00e9 de deux dispositifs de nettoyage interdentaire sur les signes cliniques d\u2019une inflammation : essai contr\u00f4l\u00e9 et randomis\u00e9 de quatre semaines.<\/h2>\n<p class=\"author\">Goyal CR, Lyle DM, Qaqish JG, Schuller R. J Clin Dent 2015; 26:55 \u2013 60. Study conducted at All Sum Research Center, Mississauga, Ontario, Canada.<\/p>\n<p style=\"text-align: right;\">Downloads:<\/p>\n<hr \/>\n<p><img loading=\"lazy\" decoding=\"async\" class=\"alignright wp-image-5805 size-full\" src=\"http:\/\/waterpik.be\/wp-content\/uploads\/2020\/12\/412-jet-dentaire-waterpik-plus-efficace-que-sonicare-airfloss.jpg\" alt=\"\" width=\"450\" height=\"884\" srcset=\"https:\/\/waterpik.be\/wp-content\/uploads\/2020\/12\/412-jet-dentaire-waterpik-plus-efficace-que-sonicare-airfloss.jpg 450w, https:\/\/waterpik.be\/wp-content\/uploads\/2020\/12\/412-jet-dentaire-waterpik-plus-efficace-que-sonicare-airfloss-153x300.jpg 153w, https:\/\/waterpik.be\/wp-content\/uploads\/2020\/12\/412-jet-dentaire-waterpik-plus-efficace-que-sonicare-airfloss-300x589.jpg 300w\" sizes=\"auto, (max-width: 450px) 100vw, 450px\" \/><\/p>\n<h2>Objectif<\/h2>\n<p>Comparer le\u00a0<a title=\"Parcourir nos hydropulseurs jet dentaires sur socle\" href=\"https:\/\/www.waterpik.fr\/sante-bucco-dentaire\/produits\/hydropulseur-jet-dentaire\/\">Jet Dentaire Waterpik\u00ae<\/a>\u00a0au Sonicare\u00ae AirFloss Pro (mod\u00e8le HX8341) pour la r\u00e9duction des saignements, de la gingivite et l\u2019\u00e9limination de la plaque dentaire sur 4 semaines.<\/p>\n<h2>M\u00e9thode<\/h2>\n<p>Soixante-neuf sujets ont achev\u00e9 cette \u00e9tude clinique comparative \u00e0 simple aveugle, de 4 semaines et randomis\u00e9e. Les sujets ont \u00e9t\u00e9 r\u00e9partis dans deux groupes : un groupe utilisant le Jet Dentaire Waterpik\u00ae en plus d\u2019une brosse \u00e0 dents manuelle et un groupe utilisant le Sonicare\u00ae AirFloss Pro en plus d\u2019une brosse \u00e0 dents manuelle. On a indiqu\u00e9 aux sujets comment bien utiliser chacun des appareils, en fonction des instructions du fabricant. Ils ont ensuite d\u00fb se brosser les dents pendant deux minutes chaque jour et l\u2019utiliser une fois, le soir. L\u2019\u00e9tat de sant\u00e9 des gencives a \u00e9t\u00e9 \u00e9valu\u00e9 en mesurant les saignements au sondage et \u00e0 l\u2019aide de l\u2019indice MGI. Le taux de plaque dentaire a \u00e9t\u00e9 mesur\u00e9 gr\u00e2ce \u00e0 l\u2019indice de plaque Navy modifi\u00e9 par Rustogi.<\/p>\n<h2>R\u00e9sultats<\/h2>\n<p>Jet Dentaire Waterpik\u00ae a \u00e9t\u00e9 significativement plus efficace que le Sonicare\u00ae AirFloss Pro pour la r\u00e9duction des saignements gingivaux, quelle que soit la zone o\u00f9 la mesure a \u00e9t\u00e9 prise. On a notamment constat\u00e9 que le Jet Dentaire \u00e9tait 54 % plus efficace pour r\u00e9duire les saignements et 32 % plus efficace pour r\u00e9duire la gingivite par rapport au AirFloss Pro apr\u00e8s 4 semaines. On a \u00e9galement constat\u00e9 que le Jet Dentaire \u00e9tait 28 % plus efficace que le AirFloss Pro pour r\u00e9duire la plaque.<\/p>\n<h2>Conclusion<\/h2>\n<p>Le\u00a0<a title=\"Parcourir nos hydropulseurs jet dentaires sur socle\" href=\"https:\/\/www.waterpik.fr\/sante-bucco-dentaire\/produits\/hydropulseur-jet-dentaire\/\">Jet Dentaire Waterpik\u00ae<\/a>\u00a0est significativement plus efficace que le Sonicare\u00ae AirFloss Pro pour l\u2019am\u00e9lioration de la sant\u00e9 gingivale.<\/p>\n","protected":false},"excerpt":{"rendered":"<p>Efficacit\u00e9 de deux dispositifs de nettoyage interdentaire sur les signes cliniques d\u2019une inflammation : essai contr\u00f4l\u00e9 et randomis\u00e9 de quatre semaines. Goyal CR, Lyle DM, Qaqish JG, Schuller R. J Clin Dent 2015; 26:55 \u2013 60. Study conducted at All Sum Research Center, Mississauga, Ontario, Canada. Downloads: Objectif Comparer le\u00a0Jet Dentaire Waterpik\u00ae\u00a0au Sonicare\u00ae AirFloss Pro [&hellip;]<\/p>\n","protected":false},"author":3,"featured_media":0,"parent":6082,"menu_order":17,"comment_status":"closed","ping_status":"closed","template":"","meta":{"_acf_changed":false,"footnotes":""},"class_list":["post-5806","page","type-page","status-publish","hentry"],"acf":[],"yoast_head":"<!-- This site is optimized with the Yoast SEO plugin v26.7 - https:\/\/yoast.com\/wordpress\/plugins\/seo\/ -->\n<title>Jet Dentaire Waterpik\u00ae : Significativement Plus Efficace Que Sonicare\u00ae AirFloss Pro Pour Am\u00e9liorer La Sant\u00e9 Gingivale - Waterpik Waterflosser<\/title>\n<meta name=\"description\" content=\"Comparer le\u00a0Jet Dentaire Waterpik\u00ae\u00a0au Sonicare\u00ae AirFloss Pro pour la r\u00e9duction des saignements, de la gingivite et l\u2019\u00e9limination de la plaque dentaire sur 4 semaines.\" \/>\n<meta name=\"robots\" content=\"index, follow, max-snippet:-1, max-image-preview:large, max-video-preview:-1\" \/>\n<link rel=\"canonical\" href=\"https:\/\/waterpik.be\/fr\/dentistes-waterpik\/recherche-clinique-un-produit-base-sur-des-resultats\/jet-dentaire-waterpik-significativement-plus-efficace-que-sonicare-airfloss-pro-pour-ameliorer-la-sante-gingivale\/\" \/>\n<meta property=\"og:locale\" content=\"fr_FR\" \/>\n<meta property=\"og:type\" content=\"article\" \/>\n<meta property=\"og:title\" content=\"Jet Dentaire Waterpik\u00ae : Significativement Plus Efficace Que Sonicare\u00ae AirFloss Pro Pour Am\u00e9liorer La Sant\u00e9 Gingivale - Waterpik Waterflosser\" \/>\n<meta property=\"og:description\" content=\"Comparer le\u00a0Jet Dentaire Waterpik\u00ae\u00a0au Sonicare\u00ae AirFloss Pro pour la r\u00e9duction des saignements, de la gingivite et l\u2019\u00e9limination de la plaque dentaire sur 4 semaines.\" \/>\n<meta property=\"og:url\" content=\"https:\/\/waterpik.be\/fr\/dentistes-waterpik\/recherche-clinique-un-produit-base-sur-des-resultats\/jet-dentaire-waterpik-significativement-plus-efficace-que-sonicare-airfloss-pro-pour-ameliorer-la-sante-gingivale\/\" \/>\n<meta property=\"og:site_name\" content=\"Waterpik Waterflosser\" \/>\n<meta property=\"article:modified_time\" content=\"2021-03-04T15:15:45+00:00\" \/>\n<meta property=\"og:image\" content=\"https:\/\/waterpik.be\/wp-content\/uploads\/2020\/12\/412-jet-dentaire-waterpik-plus-efficace-que-sonicare-airfloss.jpg\" \/>\n\t<meta property=\"og:image:width\" content=\"450\" \/>\n\t<meta property=\"og:image:height\" content=\"884\" \/>\n\t<meta property=\"og:image:type\" content=\"image\/jpeg\" \/>\n<meta name=\"twitter:card\" content=\"summary_large_image\" \/>\n<meta name=\"twitter:label1\" content=\"Dur\u00e9e de lecture estim\u00e9e\" \/>\n\t<meta name=\"twitter:data1\" content=\"2 minutes\" \/>\n<script type=\"application\/ld+json\" class=\"yoast-schema-graph\">{\"@context\":\"https:\/\/schema.org\",\"@graph\":[{\"@type\":\"WebPage\",\"@id\":\"https:\/\/waterpik.be\/fr\/dentistes-waterpik\/recherche-clinique-un-produit-base-sur-des-resultats\/jet-dentaire-waterpik-significativement-plus-efficace-que-sonicare-airfloss-pro-pour-ameliorer-la-sante-gingivale\/\",\"url\":\"https:\/\/waterpik.be\/fr\/dentistes-waterpik\/recherche-clinique-un-produit-base-sur-des-resultats\/jet-dentaire-waterpik-significativement-plus-efficace-que-sonicare-airfloss-pro-pour-ameliorer-la-sante-gingivale\/\",\"name\":\"Jet Dentaire Waterpik\u00ae : Significativement Plus Efficace Que Sonicare\u00ae AirFloss Pro Pour Am\u00e9liorer La Sant\u00e9 Gingivale - Waterpik Waterflosser\",\"isPartOf\":{\"@id\":\"https:\/\/waterpik.be\/#website\"},\"primaryImageOfPage\":{\"@id\":\"https:\/\/waterpik.be\/fr\/dentistes-waterpik\/recherche-clinique-un-produit-base-sur-des-resultats\/jet-dentaire-waterpik-significativement-plus-efficace-que-sonicare-airfloss-pro-pour-ameliorer-la-sante-gingivale\/#primaryimage\"},\"image\":{\"@id\":\"https:\/\/waterpik.be\/fr\/dentistes-waterpik\/recherche-clinique-un-produit-base-sur-des-resultats\/jet-dentaire-waterpik-significativement-plus-efficace-que-sonicare-airfloss-pro-pour-ameliorer-la-sante-gingivale\/#primaryimage\"},\"thumbnailUrl\":\"http:\/\/waterpik.be\/wp-content\/uploads\/2020\/12\/412-jet-dentaire-waterpik-plus-efficace-que-sonicare-airfloss.jpg\",\"datePublished\":\"2020-12-15T10:22:31+00:00\",\"dateModified\":\"2021-03-04T15:15:45+00:00\",\"description\":\"Comparer le\u00a0Jet Dentaire Waterpik\u00ae\u00a0au Sonicare\u00ae AirFloss Pro pour la r\u00e9duction des saignements, de la gingivite et l\u2019\u00e9limination de la plaque dentaire sur 4 semaines.\",\"breadcrumb\":{\"@id\":\"https:\/\/waterpik.be\/fr\/dentistes-waterpik\/recherche-clinique-un-produit-base-sur-des-resultats\/jet-dentaire-waterpik-significativement-plus-efficace-que-sonicare-airfloss-pro-pour-ameliorer-la-sante-gingivale\/#breadcrumb\"},\"inLanguage\":\"fr-FR\",\"potentialAction\":[{\"@type\":\"ReadAction\",\"target\":[\"https:\/\/waterpik.be\/fr\/dentistes-waterpik\/recherche-clinique-un-produit-base-sur-des-resultats\/jet-dentaire-waterpik-significativement-plus-efficace-que-sonicare-airfloss-pro-pour-ameliorer-la-sante-gingivale\/\"]}]},{\"@type\":\"ImageObject\",\"inLanguage\":\"fr-FR\",\"@id\":\"https:\/\/waterpik.be\/fr\/dentistes-waterpik\/recherche-clinique-un-produit-base-sur-des-resultats\/jet-dentaire-waterpik-significativement-plus-efficace-que-sonicare-airfloss-pro-pour-ameliorer-la-sante-gingivale\/#primaryimage\",\"url\":\"http:\/\/waterpik.be\/wp-content\/uploads\/2020\/12\/412-jet-dentaire-waterpik-plus-efficace-que-sonicare-airfloss.jpg\",\"contentUrl\":\"http:\/\/waterpik.be\/wp-content\/uploads\/2020\/12\/412-jet-dentaire-waterpik-plus-efficace-que-sonicare-airfloss.jpg\"},{\"@type\":\"BreadcrumbList\",\"@id\":\"https:\/\/waterpik.be\/fr\/dentistes-waterpik\/recherche-clinique-un-produit-base-sur-des-resultats\/jet-dentaire-waterpik-significativement-plus-efficace-que-sonicare-airfloss-pro-pour-ameliorer-la-sante-gingivale\/#breadcrumb\",\"itemListElement\":[{\"@type\":\"ListItem\",\"position\":1,\"name\":\"Home\",\"item\":\"https:\/\/waterpik.be\/fr\/\"},{\"@type\":\"ListItem\",\"position\":2,\"name\":\"Dentistes\",\"item\":\"https:\/\/waterpik.be\/fr\/dentistes-waterpik\/\"},{\"@type\":\"ListItem\",\"position\":3,\"name\":\"Recherche Clinique, un Produit Bas\u00e9 Sur Des R\u00e9sultats.\",\"item\":\"https:\/\/waterpik.be\/fr\/dentistes-waterpik\/recherche-clinique-un-produit-base-sur-des-resultats\/\"},{\"@type\":\"ListItem\",\"position\":4,\"name\":\"Jet Dentaire Waterpik\u00ae : Significativement Plus Efficace Que Sonicare\u00ae AirFloss Pro Pour Am\u00e9liorer La Sant\u00e9 Gingivale\"}]},{\"@type\":\"WebSite\",\"@id\":\"https:\/\/waterpik.be\/#website\",\"url\":\"https:\/\/waterpik.be\/\",\"name\":\"Waterpik Waterflosser\",\"description\":\"Poetsen alleen is niet genoeg\",\"potentialAction\":[{\"@type\":\"SearchAction\",\"target\":{\"@type\":\"EntryPoint\",\"urlTemplate\":\"https:\/\/waterpik.be\/?s={search_term_string}\"},\"query-input\":{\"@type\":\"PropertyValueSpecification\",\"valueRequired\":true,\"valueName\":\"search_term_string\"}}],\"inLanguage\":\"fr-FR\"}]}<\/script>\n<!-- \/ Yoast SEO plugin. -->","yoast_head_json":{"title":"Jet Dentaire Waterpik\u00ae : Significativement Plus Efficace Que Sonicare\u00ae AirFloss Pro Pour Am\u00e9liorer La Sant\u00e9 Gingivale - Waterpik Waterflosser","description":"Comparer le\u00a0Jet Dentaire Waterpik\u00ae\u00a0au Sonicare\u00ae AirFloss Pro pour la r\u00e9duction des saignements, de la gingivite et l\u2019\u00e9limination de la plaque dentaire sur 4 semaines.","robots":{"index":"index","follow":"follow","max-snippet":"max-snippet:-1","max-image-preview":"max-image-preview:large","max-video-preview":"max-video-preview:-1"},"canonical":"https:\/\/waterpik.be\/fr\/dentistes-waterpik\/recherche-clinique-un-produit-base-sur-des-resultats\/jet-dentaire-waterpik-significativement-plus-efficace-que-sonicare-airfloss-pro-pour-ameliorer-la-sante-gingivale\/","og_locale":"fr_FR","og_type":"article","og_title":"Jet Dentaire Waterpik\u00ae : Significativement Plus Efficace Que Sonicare\u00ae AirFloss Pro Pour Am\u00e9liorer La Sant\u00e9 Gingivale - Waterpik Waterflosser","og_description":"Comparer le\u00a0Jet Dentaire Waterpik\u00ae\u00a0au Sonicare\u00ae AirFloss Pro pour la r\u00e9duction des saignements, de la gingivite et l\u2019\u00e9limination de la plaque dentaire sur 4 semaines.","og_url":"https:\/\/waterpik.be\/fr\/dentistes-waterpik\/recherche-clinique-un-produit-base-sur-des-resultats\/jet-dentaire-waterpik-significativement-plus-efficace-que-sonicare-airfloss-pro-pour-ameliorer-la-sante-gingivale\/","og_site_name":"Waterpik Waterflosser","article_modified_time":"2021-03-04T15:15:45+00:00","og_image":[{"width":450,"height":884,"url":"https:\/\/waterpik.be\/wp-content\/uploads\/2020\/12\/412-jet-dentaire-waterpik-plus-efficace-que-sonicare-airfloss.jpg","type":"image\/jpeg"}],"twitter_card":"summary_large_image","twitter_misc":{"Dur\u00e9e de lecture estim\u00e9e":"2 minutes"},"schema":{"@context":"https:\/\/schema.org","@graph":[{"@type":"WebPage","@id":"https:\/\/waterpik.be\/fr\/dentistes-waterpik\/recherche-clinique-un-produit-base-sur-des-resultats\/jet-dentaire-waterpik-significativement-plus-efficace-que-sonicare-airfloss-pro-pour-ameliorer-la-sante-gingivale\/","url":"https:\/\/waterpik.be\/fr\/dentistes-waterpik\/recherche-clinique-un-produit-base-sur-des-resultats\/jet-dentaire-waterpik-significativement-plus-efficace-que-sonicare-airfloss-pro-pour-ameliorer-la-sante-gingivale\/","name":"Jet Dentaire Waterpik\u00ae : Significativement Plus Efficace Que Sonicare\u00ae AirFloss Pro Pour Am\u00e9liorer La Sant\u00e9 Gingivale - Waterpik Waterflosser","isPartOf":{"@id":"https:\/\/waterpik.be\/#website"},"primaryImageOfPage":{"@id":"https:\/\/waterpik.be\/fr\/dentistes-waterpik\/recherche-clinique-un-produit-base-sur-des-resultats\/jet-dentaire-waterpik-significativement-plus-efficace-que-sonicare-airfloss-pro-pour-ameliorer-la-sante-gingivale\/#primaryimage"},"image":{"@id":"https:\/\/waterpik.be\/fr\/dentistes-waterpik\/recherche-clinique-un-produit-base-sur-des-resultats\/jet-dentaire-waterpik-significativement-plus-efficace-que-sonicare-airfloss-pro-pour-ameliorer-la-sante-gingivale\/#primaryimage"},"thumbnailUrl":"http:\/\/waterpik.be\/wp-content\/uploads\/2020\/12\/412-jet-dentaire-waterpik-plus-efficace-que-sonicare-airfloss.jpg","datePublished":"2020-12-15T10:22:31+00:00","dateModified":"2021-03-04T15:15:45+00:00","description":"Comparer le\u00a0Jet Dentaire Waterpik\u00ae\u00a0au Sonicare\u00ae AirFloss Pro pour la r\u00e9duction des saignements, de la gingivite et l\u2019\u00e9limination de la plaque dentaire sur 4 semaines.","breadcrumb":{"@id":"https:\/\/waterpik.be\/fr\/dentistes-waterpik\/recherche-clinique-un-produit-base-sur-des-resultats\/jet-dentaire-waterpik-significativement-plus-efficace-que-sonicare-airfloss-pro-pour-ameliorer-la-sante-gingivale\/#breadcrumb"},"inLanguage":"fr-FR","potentialAction":[{"@type":"ReadAction","target":["https:\/\/waterpik.be\/fr\/dentistes-waterpik\/recherche-clinique-un-produit-base-sur-des-resultats\/jet-dentaire-waterpik-significativement-plus-efficace-que-sonicare-airfloss-pro-pour-ameliorer-la-sante-gingivale\/"]}]},{"@type":"ImageObject","inLanguage":"fr-FR","@id":"https:\/\/waterpik.be\/fr\/dentistes-waterpik\/recherche-clinique-un-produit-base-sur-des-resultats\/jet-dentaire-waterpik-significativement-plus-efficace-que-sonicare-airfloss-pro-pour-ameliorer-la-sante-gingivale\/#primaryimage","url":"http:\/\/waterpik.be\/wp-content\/uploads\/2020\/12\/412-jet-dentaire-waterpik-plus-efficace-que-sonicare-airfloss.jpg","contentUrl":"http:\/\/waterpik.be\/wp-content\/uploads\/2020\/12\/412-jet-dentaire-waterpik-plus-efficace-que-sonicare-airfloss.jpg"},{"@type":"BreadcrumbList","@id":"https:\/\/waterpik.be\/fr\/dentistes-waterpik\/recherche-clinique-un-produit-base-sur-des-resultats\/jet-dentaire-waterpik-significativement-plus-efficace-que-sonicare-airfloss-pro-pour-ameliorer-la-sante-gingivale\/#breadcrumb","itemListElement":[{"@type":"ListItem","position":1,"name":"Home","item":"https:\/\/waterpik.be\/fr\/"},{"@type":"ListItem","position":2,"name":"Dentistes","item":"https:\/\/waterpik.be\/fr\/dentistes-waterpik\/"},{"@type":"ListItem","position":3,"name":"Recherche Clinique, un Produit Bas\u00e9 Sur Des R\u00e9sultats.","item":"https:\/\/waterpik.be\/fr\/dentistes-waterpik\/recherche-clinique-un-produit-base-sur-des-resultats\/"},{"@type":"ListItem","position":4,"name":"Jet Dentaire Waterpik\u00ae : Significativement Plus Efficace Que Sonicare\u00ae AirFloss Pro Pour Am\u00e9liorer La Sant\u00e9 Gingivale"}]},{"@type":"WebSite","@id":"https:\/\/waterpik.be\/#website","url":"https:\/\/waterpik.be\/","name":"Waterpik Waterflosser","description":"Poetsen alleen is niet genoeg","potentialAction":[{"@type":"SearchAction","target":{"@type":"EntryPoint","urlTemplate":"https:\/\/waterpik.be\/?s={search_term_string}"},"query-input":{"@type":"PropertyValueSpecification","valueRequired":true,"valueName":"search_term_string"}}],"inLanguage":"fr-FR"}]}},"_links":{"self":[{"href":"https:\/\/waterpik.be\/fr\/wp-json\/wp\/v2\/pages\/5806","targetHints":{"allow":["GET"]}}],"collection":[{"href":"https:\/\/waterpik.be\/fr\/wp-json\/wp\/v2\/pages"}],"about":[{"href":"https:\/\/waterpik.be\/fr\/wp-json\/wp\/v2\/types\/page"}],"author":[{"embeddable":true,"href":"https:\/\/waterpik.be\/fr\/wp-json\/wp\/v2\/users\/3"}],"replies":[{"embeddable":true,"href":"https:\/\/waterpik.be\/fr\/wp-json\/wp\/v2\/comments?post=5806"}],"version-history":[{"count":1,"href":"https:\/\/waterpik.be\/fr\/wp-json\/wp\/v2\/pages\/5806\/revisions"}],"predecessor-version":[{"id":6346,"href":"https:\/\/waterpik.be\/fr\/wp-json\/wp\/v2\/pages\/5806\/revisions\/6346"}],"up":[{"embeddable":true,"href":"https:\/\/waterpik.be\/fr\/wp-json\/wp\/v2\/pages\/6082"}],"wp:attachment":[{"href":"https:\/\/waterpik.be\/fr\/wp-json\/wp\/v2\/media?parent=5806"}],"curies":[{"name":"wp","href":"https:\/\/api.w.org\/{rel}","templated":true}]}}