{"id":5818,"date":"2020-12-15T11:29:32","date_gmt":"2020-12-15T10:29:32","guid":{"rendered":"http:\/\/waterpik.be\/jet-dentaire-waterpik-significativement-plus-efficace-que-sonicare-air-floss-pro-pour-ameliorer-la-sante-bucco-dentaire\/"},"modified":"2021-03-04T16:17:23","modified_gmt":"2021-03-04T15:17:23","slug":"jet-dentaire-waterpik-significativement-plus-efficace-que-sonicare-air-floss-pro-pour-ameliorer-la-sante-bucco-dentaire","status":"publish","type":"page","link":"https:\/\/waterpik.be\/fr\/dentistes-waterpik\/recherche-clinique-un-produit-base-sur-des-resultats\/jet-dentaire-waterpik-significativement-plus-efficace-que-sonicare-air-floss-pro-pour-ameliorer-la-sante-bucco-dentaire\/","title":{"rendered":"Jet Dentaire Waterpik\u00ae : Significativement Plus Efficace Que Sonicare\u00ae Air Floss Pro Pour Am\u00e9liorer La Sant\u00e9 Bucco-Dentaire"},"content":{"rendered":"<h2>Efficacit\u00e9 de deux appareils de nettoyage interdentaire sur les signes cliniques d\u2019une inflammation : Essai clinique randomis\u00e9<\/h2>\n<p class=\"author\">Goyal CR, Lyle DM, Qaqish JG, Schuller R. Poster presentation at IADR, San Francisco, CA March 23, 2017. Abstract # 0885.<\/p>\n<p><img loading=\"lazy\" decoding=\"async\" class=\"alignright wp-image-5817 size-full\" src=\"http:\/\/waterpik.be\/wp-content\/uploads\/2020\/12\/414-waterpik-plus-efficace-que-sonicare-airfloss-pour-ameliorer-sante-bucco-dentaire.jpg\" alt=\"\" width=\"450\" height=\"854\" srcset=\"https:\/\/waterpik.be\/wp-content\/uploads\/2020\/12\/414-waterpik-plus-efficace-que-sonicare-airfloss-pour-ameliorer-sante-bucco-dentaire.jpg 450w, https:\/\/waterpik.be\/wp-content\/uploads\/2020\/12\/414-waterpik-plus-efficace-que-sonicare-airfloss-pour-ameliorer-sante-bucco-dentaire-158x300.jpg 158w, https:\/\/waterpik.be\/wp-content\/uploads\/2020\/12\/414-waterpik-plus-efficace-que-sonicare-airfloss-pour-ameliorer-sante-bucco-dentaire-300x569.jpg 300w\" sizes=\"auto, (max-width: 450px) 100vw, 450px\" \/><\/p>\n<hr \/>\n<h2>Objectif<\/h2>\n<p>D\u00e9terminer l\u2019efficacit\u00e9 d\u2019un jet dentaire dans la r\u00e9duction des signes cliniques de l\u2019inflammation par rapport \u00e0 un Air Floss.<\/p>\n<h2>M\u00e9thode<\/h2>\n<p>Soixante-dix sujets ont \u00e9t\u00e9 randomis\u00e9s de fa\u00e7on \u00e9gale en deux groupes dans cet essai clinique parall\u00e8le de quatre semaines : brossage manuel des dents et jet dentaire (JD, mod\u00e8le WP-120, fiche \u00e0 deux broches) ou brossage manuel de dent et jet dentaire Air Floss (AF, mod\u00e8le HX8340,fiche \u00e0 deux broches).<\/p>\n<p>L\u2019inflammation a \u00e9t\u00e9 mesur\u00e9e gr\u00e2ce au saignement au sondage (BOP) et \u00e0 l\u2019indice MGI \u00e0 la r\u00e9f\u00e9rence, \u00e0 2 semaines et 4 semaines. Les r\u00e9sultats de l\u2019indice de plaque Navy modifi\u00e9 par Rustogi (RMNPI) ont \u00e9t\u00e9 mesur\u00e9s \u00e0 la r\u00e9f\u00e9rence, \u00e0 2 semaines et 4 semaines.<\/p>\n<p>Les deux groupes ont suivi les instructions du fabricant pour l\u2019utilisation des appareils interdentaires pendant une minute. Le groupe utilisant le Jet Dentaire Waterpik (JD) a utilis\u00e9 le r\u00e9glage de puissance 8 et le groupe utilisant l\u2019Air Floss (AF) a utilis\u00e9 le r\u00e9glage 3 rafale.<\/p>\n<h2>R\u00e9sultats<\/h2>\n<p>Les deux groupes ont montr\u00e9 une r\u00e9duction significative du BOP, de l\u2019indice MGI et de l\u2019indice RMNPI \u00e0 2 et 4 semaines (p\u00a0&lt; 0,001). L\u2019jet dentaire a \u00e9t\u00e9 au moins 50 % plus efficace que l\u2019Air Floss pour r\u00e9duire les saignements pour toutes les zones mesur\u00e9es \u00e0 quatre semaines (p &lt; 0-001).<\/p>\n<p>L\u2019jet dentaire a \u00e9galement \u00e9t\u00e9 plus efficace que l\u2019Air Floss pour r\u00e9duire l\u2019indice MGI : 60 % pour la bouche enti\u00e8re, 68 % pour la zone proximale, 86 % pour la r\u00e9gion proximale faciale, 54 % pour la r\u00e9gion proximale linguale, 48 % pour la zone marginale, 62 % pour la zone marginale faciale et 36 % pour la zone marginale linguale (p &lt; 0,001).<\/p>\n<p>L\u2019jet dentaire a \u00e9t\u00e9 plus efficace pour r\u00e9duire la plaque par rapport \u00e0 l\u2019Air Floss pour la bouche enti\u00e8re (31 %, p = 0,008), la zone proximale (51 %, p = 0,017) et la surface linguale (46 %, p = 0,004).<\/p>\n<h2>Conclusion<\/h2>\n<p>Cette \u00e9tude d\u00e9montre qu\u2019un\u00a0<a title=\"Parcourir nos hydropulseurs jet dentaires sur socle\" href=\"https:\/\/www.waterpik.fr\/sante-bucco-dentaire\/produits\/hydropulseur-jet-dentaire\/\">jet dentaire<\/a>\u00a0et une brosse \u00e0 dents manuelle sont sup\u00e9rieurs \u00e0 l\u2019Air Floss combin\u00e9 \u00e0 la brosse \u00e0 dents manuelle dans la r\u00e9duction de l\u2019inflammation et de la plaque dentaire.<\/p>\n","protected":false},"excerpt":{"rendered":"<p>Efficacit\u00e9 de deux appareils de nettoyage interdentaire sur les signes cliniques d\u2019une inflammation : Essai clinique randomis\u00e9 Goyal CR, Lyle DM, Qaqish JG, Schuller R. Poster presentation at IADR, San Francisco, CA March 23, 2017. Abstract # 0885. Objectif D\u00e9terminer l\u2019efficacit\u00e9 d\u2019un jet dentaire dans la r\u00e9duction des signes cliniques de l\u2019inflammation par rapport \u00e0 [&hellip;]<\/p>\n","protected":false},"author":3,"featured_media":0,"parent":6082,"menu_order":19,"comment_status":"closed","ping_status":"closed","template":"","meta":{"_acf_changed":false,"footnotes":""},"class_list":["post-5818","page","type-page","status-publish","hentry"],"acf":[],"yoast_head":"<!-- This site is optimized with the Yoast SEO plugin v26.7 - https:\/\/yoast.com\/wordpress\/plugins\/seo\/ -->\n<title>Jet Dentaire Waterpik\u00ae : Significativement Plus Efficace Que Sonicare\u00ae Air Floss Pro Pour Am\u00e9liorer La Sant\u00e9 Bucco-Dentaire - Waterpik Waterflosser<\/title>\n<meta name=\"description\" content=\"D\u00e9terminer l\u2019efficacit\u00e9 d\u2019un jet dentaire dans la r\u00e9duction des signes cliniques de l\u2019inflammation par rapport \u00e0 un Air Floss.\" \/>\n<meta name=\"robots\" content=\"index, follow, max-snippet:-1, max-image-preview:large, max-video-preview:-1\" \/>\n<link rel=\"canonical\" href=\"https:\/\/waterpik.be\/fr\/dentistes-waterpik\/recherche-clinique-un-produit-base-sur-des-resultats\/jet-dentaire-waterpik-significativement-plus-efficace-que-sonicare-air-floss-pro-pour-ameliorer-la-sante-bucco-dentaire\/\" \/>\n<meta property=\"og:locale\" content=\"fr_FR\" \/>\n<meta property=\"og:type\" content=\"article\" \/>\n<meta property=\"og:title\" content=\"Jet Dentaire Waterpik\u00ae : Significativement Plus Efficace Que Sonicare\u00ae Air Floss Pro Pour Am\u00e9liorer La Sant\u00e9 Bucco-Dentaire - Waterpik Waterflosser\" \/>\n<meta property=\"og:description\" content=\"D\u00e9terminer l\u2019efficacit\u00e9 d\u2019un jet dentaire dans la r\u00e9duction des signes cliniques de l\u2019inflammation par rapport \u00e0 un Air Floss.\" \/>\n<meta property=\"og:url\" content=\"https:\/\/waterpik.be\/fr\/dentistes-waterpik\/recherche-clinique-un-produit-base-sur-des-resultats\/jet-dentaire-waterpik-significativement-plus-efficace-que-sonicare-air-floss-pro-pour-ameliorer-la-sante-bucco-dentaire\/\" \/>\n<meta property=\"og:site_name\" content=\"Waterpik Waterflosser\" \/>\n<meta property=\"article:modified_time\" content=\"2021-03-04T15:17:23+00:00\" \/>\n<meta property=\"og:image\" content=\"https:\/\/waterpik.be\/wp-content\/uploads\/2020\/12\/414-waterpik-plus-efficace-que-sonicare-airfloss-pour-ameliorer-sante-bucco-dentaire.jpg\" \/>\n\t<meta property=\"og:image:width\" content=\"450\" \/>\n\t<meta property=\"og:image:height\" content=\"854\" \/>\n\t<meta property=\"og:image:type\" content=\"image\/jpeg\" \/>\n<meta name=\"twitter:card\" content=\"summary_large_image\" \/>\n<meta name=\"twitter:label1\" content=\"Dur\u00e9e de lecture estim\u00e9e\" \/>\n\t<meta name=\"twitter:data1\" content=\"2 minutes\" \/>\n<script type=\"application\/ld+json\" class=\"yoast-schema-graph\">{\"@context\":\"https:\/\/schema.org\",\"@graph\":[{\"@type\":\"WebPage\",\"@id\":\"https:\/\/waterpik.be\/fr\/dentistes-waterpik\/recherche-clinique-un-produit-base-sur-des-resultats\/jet-dentaire-waterpik-significativement-plus-efficace-que-sonicare-air-floss-pro-pour-ameliorer-la-sante-bucco-dentaire\/\",\"url\":\"https:\/\/waterpik.be\/fr\/dentistes-waterpik\/recherche-clinique-un-produit-base-sur-des-resultats\/jet-dentaire-waterpik-significativement-plus-efficace-que-sonicare-air-floss-pro-pour-ameliorer-la-sante-bucco-dentaire\/\",\"name\":\"Jet Dentaire Waterpik\u00ae : Significativement Plus Efficace Que Sonicare\u00ae Air Floss Pro Pour Am\u00e9liorer La Sant\u00e9 Bucco-Dentaire - Waterpik Waterflosser\",\"isPartOf\":{\"@id\":\"https:\/\/waterpik.be\/#website\"},\"primaryImageOfPage\":{\"@id\":\"https:\/\/waterpik.be\/fr\/dentistes-waterpik\/recherche-clinique-un-produit-base-sur-des-resultats\/jet-dentaire-waterpik-significativement-plus-efficace-que-sonicare-air-floss-pro-pour-ameliorer-la-sante-bucco-dentaire\/#primaryimage\"},\"image\":{\"@id\":\"https:\/\/waterpik.be\/fr\/dentistes-waterpik\/recherche-clinique-un-produit-base-sur-des-resultats\/jet-dentaire-waterpik-significativement-plus-efficace-que-sonicare-air-floss-pro-pour-ameliorer-la-sante-bucco-dentaire\/#primaryimage\"},\"thumbnailUrl\":\"http:\/\/waterpik.be\/wp-content\/uploads\/2020\/12\/414-waterpik-plus-efficace-que-sonicare-airfloss-pour-ameliorer-sante-bucco-dentaire.jpg\",\"datePublished\":\"2020-12-15T10:29:32+00:00\",\"dateModified\":\"2021-03-04T15:17:23+00:00\",\"description\":\"D\u00e9terminer l\u2019efficacit\u00e9 d\u2019un jet dentaire dans la r\u00e9duction des signes cliniques de l\u2019inflammation par rapport \u00e0 un Air Floss.\",\"breadcrumb\":{\"@id\":\"https:\/\/waterpik.be\/fr\/dentistes-waterpik\/recherche-clinique-un-produit-base-sur-des-resultats\/jet-dentaire-waterpik-significativement-plus-efficace-que-sonicare-air-floss-pro-pour-ameliorer-la-sante-bucco-dentaire\/#breadcrumb\"},\"inLanguage\":\"fr-FR\",\"potentialAction\":[{\"@type\":\"ReadAction\",\"target\":[\"https:\/\/waterpik.be\/fr\/dentistes-waterpik\/recherche-clinique-un-produit-base-sur-des-resultats\/jet-dentaire-waterpik-significativement-plus-efficace-que-sonicare-air-floss-pro-pour-ameliorer-la-sante-bucco-dentaire\/\"]}]},{\"@type\":\"ImageObject\",\"inLanguage\":\"fr-FR\",\"@id\":\"https:\/\/waterpik.be\/fr\/dentistes-waterpik\/recherche-clinique-un-produit-base-sur-des-resultats\/jet-dentaire-waterpik-significativement-plus-efficace-que-sonicare-air-floss-pro-pour-ameliorer-la-sante-bucco-dentaire\/#primaryimage\",\"url\":\"http:\/\/waterpik.be\/wp-content\/uploads\/2020\/12\/414-waterpik-plus-efficace-que-sonicare-airfloss-pour-ameliorer-sante-bucco-dentaire.jpg\",\"contentUrl\":\"http:\/\/waterpik.be\/wp-content\/uploads\/2020\/12\/414-waterpik-plus-efficace-que-sonicare-airfloss-pour-ameliorer-sante-bucco-dentaire.jpg\"},{\"@type\":\"BreadcrumbList\",\"@id\":\"https:\/\/waterpik.be\/fr\/dentistes-waterpik\/recherche-clinique-un-produit-base-sur-des-resultats\/jet-dentaire-waterpik-significativement-plus-efficace-que-sonicare-air-floss-pro-pour-ameliorer-la-sante-bucco-dentaire\/#breadcrumb\",\"itemListElement\":[{\"@type\":\"ListItem\",\"position\":1,\"name\":\"Home\",\"item\":\"https:\/\/waterpik.be\/fr\/\"},{\"@type\":\"ListItem\",\"position\":2,\"name\":\"Dentistes\",\"item\":\"https:\/\/waterpik.be\/fr\/dentistes-waterpik\/\"},{\"@type\":\"ListItem\",\"position\":3,\"name\":\"Recherche Clinique, un Produit Bas\u00e9 Sur Des R\u00e9sultats.\",\"item\":\"https:\/\/waterpik.be\/fr\/dentistes-waterpik\/recherche-clinique-un-produit-base-sur-des-resultats\/\"},{\"@type\":\"ListItem\",\"position\":4,\"name\":\"Jet Dentaire Waterpik\u00ae : Significativement Plus Efficace Que Sonicare\u00ae Air Floss Pro Pour Am\u00e9liorer La Sant\u00e9 Bucco-Dentaire\"}]},{\"@type\":\"WebSite\",\"@id\":\"https:\/\/waterpik.be\/#website\",\"url\":\"https:\/\/waterpik.be\/\",\"name\":\"Waterpik Waterflosser\",\"description\":\"Poetsen alleen is niet genoeg\",\"potentialAction\":[{\"@type\":\"SearchAction\",\"target\":{\"@type\":\"EntryPoint\",\"urlTemplate\":\"https:\/\/waterpik.be\/?s={search_term_string}\"},\"query-input\":{\"@type\":\"PropertyValueSpecification\",\"valueRequired\":true,\"valueName\":\"search_term_string\"}}],\"inLanguage\":\"fr-FR\"}]}<\/script>\n<!-- \/ Yoast SEO plugin. -->","yoast_head_json":{"title":"Jet Dentaire Waterpik\u00ae : Significativement Plus Efficace Que Sonicare\u00ae Air Floss Pro Pour Am\u00e9liorer La Sant\u00e9 Bucco-Dentaire - Waterpik Waterflosser","description":"D\u00e9terminer l\u2019efficacit\u00e9 d\u2019un jet dentaire dans la r\u00e9duction des signes cliniques de l\u2019inflammation par rapport \u00e0 un Air Floss.","robots":{"index":"index","follow":"follow","max-snippet":"max-snippet:-1","max-image-preview":"max-image-preview:large","max-video-preview":"max-video-preview:-1"},"canonical":"https:\/\/waterpik.be\/fr\/dentistes-waterpik\/recherche-clinique-un-produit-base-sur-des-resultats\/jet-dentaire-waterpik-significativement-plus-efficace-que-sonicare-air-floss-pro-pour-ameliorer-la-sante-bucco-dentaire\/","og_locale":"fr_FR","og_type":"article","og_title":"Jet Dentaire Waterpik\u00ae : Significativement Plus Efficace Que Sonicare\u00ae Air Floss Pro Pour Am\u00e9liorer La Sant\u00e9 Bucco-Dentaire - Waterpik Waterflosser","og_description":"D\u00e9terminer l\u2019efficacit\u00e9 d\u2019un jet dentaire dans la r\u00e9duction des signes cliniques de l\u2019inflammation par rapport \u00e0 un Air Floss.","og_url":"https:\/\/waterpik.be\/fr\/dentistes-waterpik\/recherche-clinique-un-produit-base-sur-des-resultats\/jet-dentaire-waterpik-significativement-plus-efficace-que-sonicare-air-floss-pro-pour-ameliorer-la-sante-bucco-dentaire\/","og_site_name":"Waterpik Waterflosser","article_modified_time":"2021-03-04T15:17:23+00:00","og_image":[{"width":450,"height":854,"url":"https:\/\/waterpik.be\/wp-content\/uploads\/2020\/12\/414-waterpik-plus-efficace-que-sonicare-airfloss-pour-ameliorer-sante-bucco-dentaire.jpg","type":"image\/jpeg"}],"twitter_card":"summary_large_image","twitter_misc":{"Dur\u00e9e de lecture estim\u00e9e":"2 minutes"},"schema":{"@context":"https:\/\/schema.org","@graph":[{"@type":"WebPage","@id":"https:\/\/waterpik.be\/fr\/dentistes-waterpik\/recherche-clinique-un-produit-base-sur-des-resultats\/jet-dentaire-waterpik-significativement-plus-efficace-que-sonicare-air-floss-pro-pour-ameliorer-la-sante-bucco-dentaire\/","url":"https:\/\/waterpik.be\/fr\/dentistes-waterpik\/recherche-clinique-un-produit-base-sur-des-resultats\/jet-dentaire-waterpik-significativement-plus-efficace-que-sonicare-air-floss-pro-pour-ameliorer-la-sante-bucco-dentaire\/","name":"Jet Dentaire Waterpik\u00ae : Significativement Plus Efficace Que Sonicare\u00ae Air Floss Pro Pour Am\u00e9liorer La Sant\u00e9 Bucco-Dentaire - Waterpik Waterflosser","isPartOf":{"@id":"https:\/\/waterpik.be\/#website"},"primaryImageOfPage":{"@id":"https:\/\/waterpik.be\/fr\/dentistes-waterpik\/recherche-clinique-un-produit-base-sur-des-resultats\/jet-dentaire-waterpik-significativement-plus-efficace-que-sonicare-air-floss-pro-pour-ameliorer-la-sante-bucco-dentaire\/#primaryimage"},"image":{"@id":"https:\/\/waterpik.be\/fr\/dentistes-waterpik\/recherche-clinique-un-produit-base-sur-des-resultats\/jet-dentaire-waterpik-significativement-plus-efficace-que-sonicare-air-floss-pro-pour-ameliorer-la-sante-bucco-dentaire\/#primaryimage"},"thumbnailUrl":"http:\/\/waterpik.be\/wp-content\/uploads\/2020\/12\/414-waterpik-plus-efficace-que-sonicare-airfloss-pour-ameliorer-sante-bucco-dentaire.jpg","datePublished":"2020-12-15T10:29:32+00:00","dateModified":"2021-03-04T15:17:23+00:00","description":"D\u00e9terminer l\u2019efficacit\u00e9 d\u2019un jet dentaire dans la r\u00e9duction des signes cliniques de l\u2019inflammation par rapport \u00e0 un Air Floss.","breadcrumb":{"@id":"https:\/\/waterpik.be\/fr\/dentistes-waterpik\/recherche-clinique-un-produit-base-sur-des-resultats\/jet-dentaire-waterpik-significativement-plus-efficace-que-sonicare-air-floss-pro-pour-ameliorer-la-sante-bucco-dentaire\/#breadcrumb"},"inLanguage":"fr-FR","potentialAction":[{"@type":"ReadAction","target":["https:\/\/waterpik.be\/fr\/dentistes-waterpik\/recherche-clinique-un-produit-base-sur-des-resultats\/jet-dentaire-waterpik-significativement-plus-efficace-que-sonicare-air-floss-pro-pour-ameliorer-la-sante-bucco-dentaire\/"]}]},{"@type":"ImageObject","inLanguage":"fr-FR","@id":"https:\/\/waterpik.be\/fr\/dentistes-waterpik\/recherche-clinique-un-produit-base-sur-des-resultats\/jet-dentaire-waterpik-significativement-plus-efficace-que-sonicare-air-floss-pro-pour-ameliorer-la-sante-bucco-dentaire\/#primaryimage","url":"http:\/\/waterpik.be\/wp-content\/uploads\/2020\/12\/414-waterpik-plus-efficace-que-sonicare-airfloss-pour-ameliorer-sante-bucco-dentaire.jpg","contentUrl":"http:\/\/waterpik.be\/wp-content\/uploads\/2020\/12\/414-waterpik-plus-efficace-que-sonicare-airfloss-pour-ameliorer-sante-bucco-dentaire.jpg"},{"@type":"BreadcrumbList","@id":"https:\/\/waterpik.be\/fr\/dentistes-waterpik\/recherche-clinique-un-produit-base-sur-des-resultats\/jet-dentaire-waterpik-significativement-plus-efficace-que-sonicare-air-floss-pro-pour-ameliorer-la-sante-bucco-dentaire\/#breadcrumb","itemListElement":[{"@type":"ListItem","position":1,"name":"Home","item":"https:\/\/waterpik.be\/fr\/"},{"@type":"ListItem","position":2,"name":"Dentistes","item":"https:\/\/waterpik.be\/fr\/dentistes-waterpik\/"},{"@type":"ListItem","position":3,"name":"Recherche Clinique, un Produit Bas\u00e9 Sur Des R\u00e9sultats.","item":"https:\/\/waterpik.be\/fr\/dentistes-waterpik\/recherche-clinique-un-produit-base-sur-des-resultats\/"},{"@type":"ListItem","position":4,"name":"Jet Dentaire Waterpik\u00ae : Significativement Plus Efficace Que Sonicare\u00ae Air Floss Pro Pour Am\u00e9liorer La Sant\u00e9 Bucco-Dentaire"}]},{"@type":"WebSite","@id":"https:\/\/waterpik.be\/#website","url":"https:\/\/waterpik.be\/","name":"Waterpik Waterflosser","description":"Poetsen alleen is niet genoeg","potentialAction":[{"@type":"SearchAction","target":{"@type":"EntryPoint","urlTemplate":"https:\/\/waterpik.be\/?s={search_term_string}"},"query-input":{"@type":"PropertyValueSpecification","valueRequired":true,"valueName":"search_term_string"}}],"inLanguage":"fr-FR"}]}},"_links":{"self":[{"href":"https:\/\/waterpik.be\/fr\/wp-json\/wp\/v2\/pages\/5818","targetHints":{"allow":["GET"]}}],"collection":[{"href":"https:\/\/waterpik.be\/fr\/wp-json\/wp\/v2\/pages"}],"about":[{"href":"https:\/\/waterpik.be\/fr\/wp-json\/wp\/v2\/types\/page"}],"author":[{"embeddable":true,"href":"https:\/\/waterpik.be\/fr\/wp-json\/wp\/v2\/users\/3"}],"replies":[{"embeddable":true,"href":"https:\/\/waterpik.be\/fr\/wp-json\/wp\/v2\/comments?post=5818"}],"version-history":[{"count":2,"href":"https:\/\/waterpik.be\/fr\/wp-json\/wp\/v2\/pages\/5818\/revisions"}],"predecessor-version":[{"id":6347,"href":"https:\/\/waterpik.be\/fr\/wp-json\/wp\/v2\/pages\/5818\/revisions\/6347"}],"up":[{"embeddable":true,"href":"https:\/\/waterpik.be\/fr\/wp-json\/wp\/v2\/pages\/6082"}],"wp:attachment":[{"href":"https:\/\/waterpik.be\/fr\/wp-json\/wp\/v2\/media?parent=5818"}],"curies":[{"name":"wp","href":"https:\/\/api.w.org\/{rel}","templated":true}]}}