{"id":5828,"date":"2020-12-15T11:32:49","date_gmt":"2020-12-15T10:32:49","guid":{"rendered":"http:\/\/waterpik.be\/jet-dentaire-waterpik-une-alternative-efficace-au-traitement-sous-gingival-par-antibiotiques-pour-lentretien-parodontal-des-patients\/"},"modified":"2021-03-04T16:18:16","modified_gmt":"2021-03-04T15:18:16","slug":"jet-dentaire-waterpik-une-alternative-efficace-au-traitement-sous-gingival-par-antibiotiques-pour-lentretien-parodontal-des-patients","status":"publish","type":"page","link":"https:\/\/waterpik.be\/fr\/dentistes-waterpik\/recherche-clinique-un-produit-base-sur-des-resultats\/jet-dentaire-waterpik-une-alternative-efficace-au-traitement-sous-gingival-par-antibiotiques-pour-lentretien-parodontal-des-patients\/","title":{"rendered":"Jet Dentaire Waterpik\u00ae : Une Alternative Efficace Au Traitement Sous-Gingival Par Antibiotiques Pour L\u2019entretien Parodontal Des Patients"},"content":{"rendered":"<h2>Entretien parodontal apr\u00e8s d\u00e9tartrage et curetage de la surface de la racine, comparaison du traitement par minocycline et de l\u2019irrigation orale quotidienne \u00e0 l\u2019eau<\/h2>\n<p class=\"author\">Genovesi AM, Lorenzi C, Lyle DM et al. Minerva Stomatol 2013; 62(Suppl. 1 to NO. 12):1-9. Study conducted at the Tuscan Stomatologic Institute, Department of Dentistry, Versilia General Hospital, Lido di Camaiore (LU), Italy<\/p>\n<p><img loading=\"lazy\" decoding=\"async\" class=\"alignright wp-image-5827 size-large\" src=\"https:\/\/waterpik.be\/wp-content\/uploads\/2020\/12\/415-jet-dentaire-waterpik-alternative-efficace-a-antibiotique-traitement-parodontal-433x1024.jpg\" alt=\"\" width=\"433\" height=\"1024\" srcset=\"https:\/\/waterpik.be\/wp-content\/uploads\/2020\/12\/415-jet-dentaire-waterpik-alternative-efficace-a-antibiotique-traitement-parodontal-433x1024.jpg 433w, https:\/\/waterpik.be\/wp-content\/uploads\/2020\/12\/415-jet-dentaire-waterpik-alternative-efficace-a-antibiotique-traitement-parodontal-127x300.jpg 127w, https:\/\/waterpik.be\/wp-content\/uploads\/2020\/12\/415-jet-dentaire-waterpik-alternative-efficace-a-antibiotique-traitement-parodontal-300x710.jpg 300w, https:\/\/waterpik.be\/wp-content\/uploads\/2020\/12\/415-jet-dentaire-waterpik-alternative-efficace-a-antibiotique-traitement-parodontal.jpg 450w\" sizes=\"auto, (max-width: 433px) 100vw, 433px\" \/><\/p>\n<hr \/>\n<h2>Objectif<\/h2>\n<p>\u00c9valuer l\u2019efficacit\u00e9 de l\u2019utilisation quotidienne de le\u00a0<a title=\"Parcourir nos hydropulseurs jet dentaires sur socle\" href=\"https:\/\/www.waterpik.fr\/sante-bucco-dentaire\/produits\/hydropulseur-jet-dentaire\/\">Jet Dentaire Waterpik\u00ae<\/a>\u00a0par rapport au traitement par minocycline sous-gingivale chez les sujets pr\u00e9sentant une parodontite mod\u00e9r\u00e9e \u00e0 s\u00e9v\u00e8re.<\/p>\n<h2>M\u00e9thode<\/h2>\n<p>Pour cette \u00e9tude clinique, simple, comparative, \u00e0 simple aveugle et randomis\u00e9e, trente sujets souffrant de\u00a0<a title=\"En savoir plus sur le traitement de la maladie parodontale des gencives\" href=\"https:\/\/www.waterpik.fr\/sante-bucco-dentaire\/besoins-dentaires\/maladies-gencives\/traitement-maladie-parodontale\/\">parodontite<\/a>\u00a0mod\u00e9r\u00e9e \u00e0 s\u00e9v\u00e8re ont \u00e9t\u00e9 r\u00e9partis dans deux groupes : l\u2019un \u00e9tait trait\u00e9 par minocyline, l\u2019autre avec un jet dentaire. Les sujets ont fait l\u2019objet d\u2019un d\u00e9tartrage et d\u2019un curetage de la surface de la racine, et les deux groupes ont re\u00e7u des instructions pour une bonne hygi\u00e8ne bucco-dentaire \u00e0 la maison. On a administr\u00e9 de la minocycline dans les\u00a0<a title=\"Nettoyer et traiter les poches parodontales\" href=\"https:\/\/www.waterpik.fr\/sante-bucco-dentaire\/besoins-dentaires\/maladies-gencives\/traitement-nettoyage-poches-parodontales\/\">poches parodontales<\/a>\u00a0les plus profondes lors de leur premi\u00e8re visite d\u2019hygi\u00e8ne. On a demand\u00e9 au second groupe d\u2019utiliser le Jet Dentaire Waterpik\u00ae une fois par jour. Les param\u00e8tres cliniques et microbiologiques ont \u00e9t\u00e9 mesur\u00e9s le premier jour pour r\u00e9f\u00e9rence, puis \u00e0 nouveau apr\u00e8s 30 jours.<\/p>\n<h2>R\u00e9sultats<\/h2>\n<p>Les deux groupes (celui trait\u00e9 par Jet Dentaire Waterpik\u00ae et celui trait\u00e9 par minocycline) ont observ\u00e9 une r\u00e9duction importante de tous les param\u00e8tres cliniques test\u00e9s apr\u00e8s 30 jours. Le groupe trait\u00e9 par jet dentaire a observ\u00e9 une r\u00e9duction du saignement de ses sujets de 81 %, pour 76 % pour le groupe trait\u00e9 \u00e0 la minocycline. De plus, les deux groupes ont constat\u00e9 une r\u00e9duction des param\u00e8tres types de la parodontite (saignement au sondage, profondeur des poches et niveau d\u2019attachement clinique).<\/p>\n<h2>Conclusion<\/h2>\n<p>Le\u00a0<a title=\"Parcourir nos hydropulseurs jet dentaires sur socle\" href=\"https:\/\/www.waterpik.fr\/sante-bucco-dentaire\/produits\/hydropulseur-jet-dentaire\/\">Jet Dentaire Waterpik\u00ae<\/a>\u00a0est une alternative efficace aux antibiotiques sous-gingivaux pour les patients souffrant de maintenance parodontale sur une p\u00e9riode de 30 jours.<\/p>\n","protected":false},"excerpt":{"rendered":"<p>Entretien parodontal apr\u00e8s d\u00e9tartrage et curetage de la surface de la racine, comparaison du traitement par minocycline et de l\u2019irrigation orale quotidienne \u00e0 l\u2019eau Genovesi AM, Lorenzi C, Lyle DM et al. Minerva Stomatol 2013; 62(Suppl. 1 to NO. 12):1-9. Study conducted at the Tuscan Stomatologic Institute, Department of Dentistry, Versilia General Hospital, Lido di [&hellip;]<\/p>\n","protected":false},"author":3,"featured_media":0,"parent":6082,"menu_order":20,"comment_status":"closed","ping_status":"closed","template":"","meta":{"_acf_changed":false,"footnotes":""},"class_list":["post-5828","page","type-page","status-publish","hentry"],"acf":[],"yoast_head":"<!-- This site is optimized with the Yoast SEO plugin v26.7 - https:\/\/yoast.com\/wordpress\/plugins\/seo\/ -->\n<title>Jet Dentaire Waterpik\u00ae : Une Alternative Efficace Au Traitement Sous-Gingival Par Antibiotiques Pour L\u2019entretien Parodontal Des Patients - Waterpik Waterflosser<\/title>\n<meta name=\"description\" content=\"\u00c9valuer l\u2019efficacit\u00e9 de l\u2019utilisation quotidienne de le\u00a0Jet Dentaire Waterpik\u00ae\u00a0par rapport au traitement par minocycline sous-gingivale chez les sujets pr\u00e9sentant une parodontite mod\u00e9r\u00e9e \u00e0 s\u00e9v\u00e8re.\" \/>\n<meta name=\"robots\" content=\"index, follow, max-snippet:-1, max-image-preview:large, max-video-preview:-1\" \/>\n<link rel=\"canonical\" href=\"https:\/\/waterpik.be\/fr\/dentistes-waterpik\/recherche-clinique-un-produit-base-sur-des-resultats\/jet-dentaire-waterpik-une-alternative-efficace-au-traitement-sous-gingival-par-antibiotiques-pour-lentretien-parodontal-des-patients\/\" \/>\n<meta property=\"og:locale\" content=\"fr_FR\" \/>\n<meta property=\"og:type\" content=\"article\" \/>\n<meta property=\"og:title\" content=\"Jet Dentaire Waterpik\u00ae : Une Alternative Efficace Au Traitement Sous-Gingival Par Antibiotiques Pour L\u2019entretien Parodontal Des Patients - Waterpik Waterflosser\" \/>\n<meta property=\"og:description\" content=\"\u00c9valuer l\u2019efficacit\u00e9 de l\u2019utilisation quotidienne de le\u00a0Jet Dentaire Waterpik\u00ae\u00a0par rapport au traitement par minocycline sous-gingivale chez les sujets pr\u00e9sentant une parodontite mod\u00e9r\u00e9e \u00e0 s\u00e9v\u00e8re.\" \/>\n<meta property=\"og:url\" content=\"https:\/\/waterpik.be\/fr\/dentistes-waterpik\/recherche-clinique-un-produit-base-sur-des-resultats\/jet-dentaire-waterpik-une-alternative-efficace-au-traitement-sous-gingival-par-antibiotiques-pour-lentretien-parodontal-des-patients\/\" \/>\n<meta property=\"og:site_name\" content=\"Waterpik Waterflosser\" \/>\n<meta property=\"article:modified_time\" content=\"2021-03-04T15:18:16+00:00\" \/>\n<meta property=\"og:image\" content=\"https:\/\/waterpik.be\/wp-content\/uploads\/2020\/12\/415-jet-dentaire-waterpik-alternative-efficace-a-antibiotique-traitement-parodontal.jpg\" \/>\n\t<meta property=\"og:image:width\" content=\"450\" \/>\n\t<meta property=\"og:image:height\" content=\"1065\" \/>\n\t<meta property=\"og:image:type\" content=\"image\/jpeg\" \/>\n<meta name=\"twitter:card\" content=\"summary_large_image\" \/>\n<meta name=\"twitter:label1\" content=\"Dur\u00e9e de lecture estim\u00e9e\" \/>\n\t<meta name=\"twitter:data1\" content=\"2 minutes\" \/>\n<script type=\"application\/ld+json\" class=\"yoast-schema-graph\">{\"@context\":\"https:\/\/schema.org\",\"@graph\":[{\"@type\":\"WebPage\",\"@id\":\"https:\/\/waterpik.be\/fr\/dentistes-waterpik\/recherche-clinique-un-produit-base-sur-des-resultats\/jet-dentaire-waterpik-une-alternative-efficace-au-traitement-sous-gingival-par-antibiotiques-pour-lentretien-parodontal-des-patients\/\",\"url\":\"https:\/\/waterpik.be\/fr\/dentistes-waterpik\/recherche-clinique-un-produit-base-sur-des-resultats\/jet-dentaire-waterpik-une-alternative-efficace-au-traitement-sous-gingival-par-antibiotiques-pour-lentretien-parodontal-des-patients\/\",\"name\":\"Jet Dentaire Waterpik\u00ae : Une Alternative Efficace Au Traitement Sous-Gingival Par Antibiotiques Pour L\u2019entretien Parodontal Des Patients - Waterpik Waterflosser\",\"isPartOf\":{\"@id\":\"https:\/\/waterpik.be\/#website\"},\"primaryImageOfPage\":{\"@id\":\"https:\/\/waterpik.be\/fr\/dentistes-waterpik\/recherche-clinique-un-produit-base-sur-des-resultats\/jet-dentaire-waterpik-une-alternative-efficace-au-traitement-sous-gingival-par-antibiotiques-pour-lentretien-parodontal-des-patients\/#primaryimage\"},\"image\":{\"@id\":\"https:\/\/waterpik.be\/fr\/dentistes-waterpik\/recherche-clinique-un-produit-base-sur-des-resultats\/jet-dentaire-waterpik-une-alternative-efficace-au-traitement-sous-gingival-par-antibiotiques-pour-lentretien-parodontal-des-patients\/#primaryimage\"},\"thumbnailUrl\":\"https:\/\/waterpik.be\/wp-content\/uploads\/2020\/12\/415-jet-dentaire-waterpik-alternative-efficace-a-antibiotique-traitement-parodontal-433x1024.jpg\",\"datePublished\":\"2020-12-15T10:32:49+00:00\",\"dateModified\":\"2021-03-04T15:18:16+00:00\",\"description\":\"\u00c9valuer l\u2019efficacit\u00e9 de l\u2019utilisation quotidienne de le\u00a0Jet Dentaire Waterpik\u00ae\u00a0par rapport au traitement par minocycline sous-gingivale chez les sujets pr\u00e9sentant une parodontite mod\u00e9r\u00e9e \u00e0 s\u00e9v\u00e8re.\",\"breadcrumb\":{\"@id\":\"https:\/\/waterpik.be\/fr\/dentistes-waterpik\/recherche-clinique-un-produit-base-sur-des-resultats\/jet-dentaire-waterpik-une-alternative-efficace-au-traitement-sous-gingival-par-antibiotiques-pour-lentretien-parodontal-des-patients\/#breadcrumb\"},\"inLanguage\":\"fr-FR\",\"potentialAction\":[{\"@type\":\"ReadAction\",\"target\":[\"https:\/\/waterpik.be\/fr\/dentistes-waterpik\/recherche-clinique-un-produit-base-sur-des-resultats\/jet-dentaire-waterpik-une-alternative-efficace-au-traitement-sous-gingival-par-antibiotiques-pour-lentretien-parodontal-des-patients\/\"]}]},{\"@type\":\"ImageObject\",\"inLanguage\":\"fr-FR\",\"@id\":\"https:\/\/waterpik.be\/fr\/dentistes-waterpik\/recherche-clinique-un-produit-base-sur-des-resultats\/jet-dentaire-waterpik-une-alternative-efficace-au-traitement-sous-gingival-par-antibiotiques-pour-lentretien-parodontal-des-patients\/#primaryimage\",\"url\":\"https:\/\/waterpik.be\/wp-content\/uploads\/2020\/12\/415-jet-dentaire-waterpik-alternative-efficace-a-antibiotique-traitement-parodontal-433x1024.jpg\",\"contentUrl\":\"https:\/\/waterpik.be\/wp-content\/uploads\/2020\/12\/415-jet-dentaire-waterpik-alternative-efficace-a-antibiotique-traitement-parodontal-433x1024.jpg\"},{\"@type\":\"BreadcrumbList\",\"@id\":\"https:\/\/waterpik.be\/fr\/dentistes-waterpik\/recherche-clinique-un-produit-base-sur-des-resultats\/jet-dentaire-waterpik-une-alternative-efficace-au-traitement-sous-gingival-par-antibiotiques-pour-lentretien-parodontal-des-patients\/#breadcrumb\",\"itemListElement\":[{\"@type\":\"ListItem\",\"position\":1,\"name\":\"Home\",\"item\":\"https:\/\/waterpik.be\/fr\/\"},{\"@type\":\"ListItem\",\"position\":2,\"name\":\"Dentistes\",\"item\":\"https:\/\/waterpik.be\/fr\/dentistes-waterpik\/\"},{\"@type\":\"ListItem\",\"position\":3,\"name\":\"Recherche Clinique, un Produit Bas\u00e9 Sur Des R\u00e9sultats.\",\"item\":\"https:\/\/waterpik.be\/fr\/dentistes-waterpik\/recherche-clinique-un-produit-base-sur-des-resultats\/\"},{\"@type\":\"ListItem\",\"position\":4,\"name\":\"Jet Dentaire Waterpik\u00ae : Une Alternative Efficace Au Traitement Sous-Gingival Par Antibiotiques Pour L\u2019entretien Parodontal Des Patients\"}]},{\"@type\":\"WebSite\",\"@id\":\"https:\/\/waterpik.be\/#website\",\"url\":\"https:\/\/waterpik.be\/\",\"name\":\"Waterpik Waterflosser\",\"description\":\"Poetsen alleen is niet genoeg\",\"potentialAction\":[{\"@type\":\"SearchAction\",\"target\":{\"@type\":\"EntryPoint\",\"urlTemplate\":\"https:\/\/waterpik.be\/?s={search_term_string}\"},\"query-input\":{\"@type\":\"PropertyValueSpecification\",\"valueRequired\":true,\"valueName\":\"search_term_string\"}}],\"inLanguage\":\"fr-FR\"}]}<\/script>\n<!-- \/ Yoast SEO plugin. -->","yoast_head_json":{"title":"Jet Dentaire Waterpik\u00ae : Une Alternative Efficace Au Traitement Sous-Gingival Par Antibiotiques Pour L\u2019entretien Parodontal Des Patients - Waterpik Waterflosser","description":"\u00c9valuer l\u2019efficacit\u00e9 de l\u2019utilisation quotidienne de le\u00a0Jet Dentaire Waterpik\u00ae\u00a0par rapport au traitement par minocycline sous-gingivale chez les sujets pr\u00e9sentant une parodontite mod\u00e9r\u00e9e \u00e0 s\u00e9v\u00e8re.","robots":{"index":"index","follow":"follow","max-snippet":"max-snippet:-1","max-image-preview":"max-image-preview:large","max-video-preview":"max-video-preview:-1"},"canonical":"https:\/\/waterpik.be\/fr\/dentistes-waterpik\/recherche-clinique-un-produit-base-sur-des-resultats\/jet-dentaire-waterpik-une-alternative-efficace-au-traitement-sous-gingival-par-antibiotiques-pour-lentretien-parodontal-des-patients\/","og_locale":"fr_FR","og_type":"article","og_title":"Jet Dentaire Waterpik\u00ae : Une Alternative Efficace Au Traitement Sous-Gingival Par Antibiotiques Pour L\u2019entretien Parodontal Des Patients - Waterpik Waterflosser","og_description":"\u00c9valuer l\u2019efficacit\u00e9 de l\u2019utilisation quotidienne de le\u00a0Jet Dentaire Waterpik\u00ae\u00a0par rapport au traitement par minocycline sous-gingivale chez les sujets pr\u00e9sentant une parodontite mod\u00e9r\u00e9e \u00e0 s\u00e9v\u00e8re.","og_url":"https:\/\/waterpik.be\/fr\/dentistes-waterpik\/recherche-clinique-un-produit-base-sur-des-resultats\/jet-dentaire-waterpik-une-alternative-efficace-au-traitement-sous-gingival-par-antibiotiques-pour-lentretien-parodontal-des-patients\/","og_site_name":"Waterpik Waterflosser","article_modified_time":"2021-03-04T15:18:16+00:00","og_image":[{"width":450,"height":1065,"url":"https:\/\/waterpik.be\/wp-content\/uploads\/2020\/12\/415-jet-dentaire-waterpik-alternative-efficace-a-antibiotique-traitement-parodontal.jpg","type":"image\/jpeg"}],"twitter_card":"summary_large_image","twitter_misc":{"Dur\u00e9e de lecture estim\u00e9e":"2 minutes"},"schema":{"@context":"https:\/\/schema.org","@graph":[{"@type":"WebPage","@id":"https:\/\/waterpik.be\/fr\/dentistes-waterpik\/recherche-clinique-un-produit-base-sur-des-resultats\/jet-dentaire-waterpik-une-alternative-efficace-au-traitement-sous-gingival-par-antibiotiques-pour-lentretien-parodontal-des-patients\/","url":"https:\/\/waterpik.be\/fr\/dentistes-waterpik\/recherche-clinique-un-produit-base-sur-des-resultats\/jet-dentaire-waterpik-une-alternative-efficace-au-traitement-sous-gingival-par-antibiotiques-pour-lentretien-parodontal-des-patients\/","name":"Jet Dentaire Waterpik\u00ae : Une Alternative Efficace Au Traitement Sous-Gingival Par Antibiotiques Pour L\u2019entretien Parodontal Des Patients - Waterpik Waterflosser","isPartOf":{"@id":"https:\/\/waterpik.be\/#website"},"primaryImageOfPage":{"@id":"https:\/\/waterpik.be\/fr\/dentistes-waterpik\/recherche-clinique-un-produit-base-sur-des-resultats\/jet-dentaire-waterpik-une-alternative-efficace-au-traitement-sous-gingival-par-antibiotiques-pour-lentretien-parodontal-des-patients\/#primaryimage"},"image":{"@id":"https:\/\/waterpik.be\/fr\/dentistes-waterpik\/recherche-clinique-un-produit-base-sur-des-resultats\/jet-dentaire-waterpik-une-alternative-efficace-au-traitement-sous-gingival-par-antibiotiques-pour-lentretien-parodontal-des-patients\/#primaryimage"},"thumbnailUrl":"https:\/\/waterpik.be\/wp-content\/uploads\/2020\/12\/415-jet-dentaire-waterpik-alternative-efficace-a-antibiotique-traitement-parodontal-433x1024.jpg","datePublished":"2020-12-15T10:32:49+00:00","dateModified":"2021-03-04T15:18:16+00:00","description":"\u00c9valuer l\u2019efficacit\u00e9 de l\u2019utilisation quotidienne de le\u00a0Jet Dentaire Waterpik\u00ae\u00a0par rapport au traitement par minocycline sous-gingivale chez les sujets pr\u00e9sentant une parodontite mod\u00e9r\u00e9e \u00e0 s\u00e9v\u00e8re.","breadcrumb":{"@id":"https:\/\/waterpik.be\/fr\/dentistes-waterpik\/recherche-clinique-un-produit-base-sur-des-resultats\/jet-dentaire-waterpik-une-alternative-efficace-au-traitement-sous-gingival-par-antibiotiques-pour-lentretien-parodontal-des-patients\/#breadcrumb"},"inLanguage":"fr-FR","potentialAction":[{"@type":"ReadAction","target":["https:\/\/waterpik.be\/fr\/dentistes-waterpik\/recherche-clinique-un-produit-base-sur-des-resultats\/jet-dentaire-waterpik-une-alternative-efficace-au-traitement-sous-gingival-par-antibiotiques-pour-lentretien-parodontal-des-patients\/"]}]},{"@type":"ImageObject","inLanguage":"fr-FR","@id":"https:\/\/waterpik.be\/fr\/dentistes-waterpik\/recherche-clinique-un-produit-base-sur-des-resultats\/jet-dentaire-waterpik-une-alternative-efficace-au-traitement-sous-gingival-par-antibiotiques-pour-lentretien-parodontal-des-patients\/#primaryimage","url":"https:\/\/waterpik.be\/wp-content\/uploads\/2020\/12\/415-jet-dentaire-waterpik-alternative-efficace-a-antibiotique-traitement-parodontal-433x1024.jpg","contentUrl":"https:\/\/waterpik.be\/wp-content\/uploads\/2020\/12\/415-jet-dentaire-waterpik-alternative-efficace-a-antibiotique-traitement-parodontal-433x1024.jpg"},{"@type":"BreadcrumbList","@id":"https:\/\/waterpik.be\/fr\/dentistes-waterpik\/recherche-clinique-un-produit-base-sur-des-resultats\/jet-dentaire-waterpik-une-alternative-efficace-au-traitement-sous-gingival-par-antibiotiques-pour-lentretien-parodontal-des-patients\/#breadcrumb","itemListElement":[{"@type":"ListItem","position":1,"name":"Home","item":"https:\/\/waterpik.be\/fr\/"},{"@type":"ListItem","position":2,"name":"Dentistes","item":"https:\/\/waterpik.be\/fr\/dentistes-waterpik\/"},{"@type":"ListItem","position":3,"name":"Recherche Clinique, un Produit Bas\u00e9 Sur Des R\u00e9sultats.","item":"https:\/\/waterpik.be\/fr\/dentistes-waterpik\/recherche-clinique-un-produit-base-sur-des-resultats\/"},{"@type":"ListItem","position":4,"name":"Jet Dentaire Waterpik\u00ae : Une Alternative Efficace Au Traitement Sous-Gingival Par Antibiotiques Pour L\u2019entretien Parodontal Des Patients"}]},{"@type":"WebSite","@id":"https:\/\/waterpik.be\/#website","url":"https:\/\/waterpik.be\/","name":"Waterpik Waterflosser","description":"Poetsen alleen is niet genoeg","potentialAction":[{"@type":"SearchAction","target":{"@type":"EntryPoint","urlTemplate":"https:\/\/waterpik.be\/?s={search_term_string}"},"query-input":{"@type":"PropertyValueSpecification","valueRequired":true,"valueName":"search_term_string"}}],"inLanguage":"fr-FR"}]}},"_links":{"self":[{"href":"https:\/\/waterpik.be\/fr\/wp-json\/wp\/v2\/pages\/5828","targetHints":{"allow":["GET"]}}],"collection":[{"href":"https:\/\/waterpik.be\/fr\/wp-json\/wp\/v2\/pages"}],"about":[{"href":"https:\/\/waterpik.be\/fr\/wp-json\/wp\/v2\/types\/page"}],"author":[{"embeddable":true,"href":"https:\/\/waterpik.be\/fr\/wp-json\/wp\/v2\/users\/3"}],"replies":[{"embeddable":true,"href":"https:\/\/waterpik.be\/fr\/wp-json\/wp\/v2\/comments?post=5828"}],"version-history":[{"count":2,"href":"https:\/\/waterpik.be\/fr\/wp-json\/wp\/v2\/pages\/5828\/revisions"}],"predecessor-version":[{"id":6349,"href":"https:\/\/waterpik.be\/fr\/wp-json\/wp\/v2\/pages\/5828\/revisions\/6349"}],"up":[{"embeddable":true,"href":"https:\/\/waterpik.be\/fr\/wp-json\/wp\/v2\/pages\/6082"}],"wp:attachment":[{"href":"https:\/\/waterpik.be\/fr\/wp-json\/wp\/v2\/media?parent=5828"}],"curies":[{"name":"wp","href":"https:\/\/api.w.org\/{rel}","templated":true}]}}