{"id":5838,"date":"2020-12-15T11:36:50","date_gmt":"2020-12-15T10:36:50","guid":{"rendered":"http:\/\/waterpik.be\/jet-dentaire-waterpik-sur-dutilisation-et-efficace-jusqua-100-psi\/"},"modified":"2021-03-04T16:27:38","modified_gmt":"2021-03-04T15:27:38","slug":"jet-dentaire-waterpik-sur-dutilisation-et-efficace-jusqua-100-psi","status":"publish","type":"page","link":"https:\/\/waterpik.be\/fr\/dentistes-waterpik\/recherche-clinique-un-produit-base-sur-des-resultats\/jet-dentaire-waterpik-sur-dutilisation-et-efficace-jusqua-100-psi\/","title":{"rendered":"Jet Dentaire Waterpik\u00ae : S\u00fbr D\u2019utilisation Et Efficace Jusqu\u2019\u00e0 100 psi"},"content":{"rendered":"<h2>\u00c9valuation de la s\u00e9curit\u00e9 d\u2019emploi de l\u2019hydropulseur jet dentaire \u00e0 haute press<\/h2>\n<p class=\"author\">Goyal CR, Lyle DM, Qaqish JG, Schuller R. Evaluation of the safety of a water flosser on gingival and epithelial tissue at different pressure settings. Compend Contin Ed Dent 2018; 39(Suppl. 2):8-13.<\/p>\n<hr \/>\n<h2>Objectif<\/h2>\n<p><img loading=\"lazy\" decoding=\"async\" class=\"alignright wp-image-5837\" src=\"https:\/\/waterpik.be\/wp-content\/uploads\/2020\/12\/403-jet-dentaire-waterpik-pas-d-impact-negatif.jpg\" alt=\"\" width=\"380\" height=\"753\" srcset=\"https:\/\/waterpik.be\/wp-content\/uploads\/2020\/12\/403-jet-dentaire-waterpik-pas-d-impact-negatif.jpg 450w, https:\/\/waterpik.be\/wp-content\/uploads\/2020\/12\/403-jet-dentaire-waterpik-pas-d-impact-negatif-151x300.jpg 151w, https:\/\/waterpik.be\/wp-content\/uploads\/2020\/12\/403-jet-dentaire-waterpik-pas-d-impact-negatif-300x595.jpg 300w\" sizes=\"auto, (max-width: 380px) 100vw, 380px\" \/><\/p>\n<p>\u00c9valuer la s\u00e9curit\u00e9 d\u2019emploi de l\u2019hydropulseur jet dentaire sur le tissu gingival et \u00e9pith\u00e9lial \u00e0 haute pression.<\/p>\n<h2>M\u00e9thode<\/h2>\n<p>Cent cinq (105) sujets ont \u00e9t\u00e9 r\u00e9partis au hasard dans l\u2019un des trois groupes de traitement de cet essai clinique comparatif d\u2019une dur\u00e9e de 6 semaines : Hydropulseur jet dentaire + brosse \u00e0 dents manuelle (JD), fil dentaire + brosse \u00e0 dents manuelle (SF), brosse \u00e0 dents manuelle seulement (MT). Des donn\u00e9es ont \u00e9t\u00e9 recueillies sur 6 dents d\u00e9sign\u00e9es \u00e0 la r\u00e9f\u00e9rence, puis \u00e0 2, 4 et 6 semaines pour \u00e9valuer le niveau d\u2019attache clinique (CAL), la profondeur de la poche au sondage (PPD) et les tissus mous buccaux (OST).<\/p>\n<p>Pour le CAL et la PPD, les donn\u00e9es ont \u00e9t\u00e9 consign\u00e9es pour 6 sites par dent. Les sujets ont re\u00e7u l\u2019instruction de se brosser les dents deux fois par jour avec la brosse \u00e0 dents et le dentifrice fournis. Des instructions \u00e9crites et orales ont \u00e9t\u00e9 donn\u00e9es pour les groupes WF et SF. Le groupe WF a modifi\u00e9 les r\u00e9glages de pression selon les instructions : Niveau 4 \u00e0 8 pendant 2 semaines, niveau 9 pendant 2 semaines et niveau 10 pendant 2 semaines.<\/p>\n<h2>R\u00e9sultats<\/h2>\n<p>Aucun effet ind\u00e9sirable n\u2019a \u00e9t\u00e9 signal\u00e9. Le Jet Dentaire Waterpik\u00ae a d\u00e9montr\u00e9 une stabilit\u00e9 en mati\u00e8re de niveau d\u2019attache clinique et de profondeur de la poche au sondage. Les r\u00e9sultats \u00e9taient aussi favorables que ceux obtenus avec le fil dentaire ou le brossage manuel seul, ce qui d\u00e9montre que ceux-ci sont comparables et, au niveau de certains sites, sup\u00e9rieurs \u00e0 ceux des groupes SF et MT. Il n\u2019y a pas eu d\u2019impact n\u00e9gatif sur les tissus mous buccaux.<\/p>\n<h2>Conclusion<\/h2>\n<p>Cette \u00e9tude \u00e9limine toute pr\u00e9occupation sur le fait que le\u00a0<a title=\"Parcourir nos hydropulseurs jet dentaires sur socle\" href=\"https:\/\/www.waterpik.fr\/sante-bucco-dentaire\/produits\/hydropulseur-jet-dentaire\/\">Jet Dentaire Waterpik\u00ae<\/a>\u00a0quelle que soit la pression, soit associ\u00e9 \u00e0 un impact n\u00e9gatif au niveau du tissu gingival ou de l\u2019attache \u00e9pith\u00e9liale, selon les mesures du CAL et de la PPD. En fait, des am\u00e9liorations du CAL et de la PPD ont \u00e9t\u00e9 observ\u00e9es dans le groupe utilisant l\u2019hydropulseur jet dentaire.<\/p>\n","protected":false},"excerpt":{"rendered":"<p>\u00c9valuation de la s\u00e9curit\u00e9 d\u2019emploi de l\u2019hydropulseur jet dentaire \u00e0 haute press Goyal CR, Lyle DM, Qaqish JG, Schuller R. Evaluation of the safety of a water flosser on gingival and epithelial tissue at different pressure settings. Compend Contin Ed Dent 2018; 39(Suppl. 2):8-13. Objectif \u00c9valuer la s\u00e9curit\u00e9 d\u2019emploi de l\u2019hydropulseur jet dentaire sur le [&hellip;]<\/p>\n","protected":false},"author":3,"featured_media":0,"parent":6082,"menu_order":21,"comment_status":"closed","ping_status":"closed","template":"","meta":{"_acf_changed":false,"footnotes":""},"class_list":["post-5838","page","type-page","status-publish","hentry"],"acf":[],"yoast_head":"<!-- This site is optimized with the Yoast SEO plugin v26.7 - https:\/\/yoast.com\/wordpress\/plugins\/seo\/ -->\n<title>Jet Dentaire Waterpik\u00ae : S\u00fbr D\u2019utilisation Et Efficace Jusqu\u2019\u00e0 100 psi - Waterpik Waterflosser<\/title>\n<meta name=\"description\" content=\"\u00c9valuation de la s\u00e9curit\u00e9 d\u2019emploi de l\u2019hydropulseur jet dentaire \u00e0 haute press. S\u00fbr D\u2019utilisation Et Efficace Jusqu\u2019\u00e0 100 psi\" \/>\n<meta name=\"robots\" content=\"index, follow, max-snippet:-1, max-image-preview:large, max-video-preview:-1\" \/>\n<link rel=\"canonical\" href=\"https:\/\/waterpik.be\/fr\/dentistes-waterpik\/recherche-clinique-un-produit-base-sur-des-resultats\/jet-dentaire-waterpik-sur-dutilisation-et-efficace-jusqua-100-psi\/\" \/>\n<meta property=\"og:locale\" content=\"fr_FR\" \/>\n<meta property=\"og:type\" content=\"article\" \/>\n<meta property=\"og:title\" content=\"Jet Dentaire Waterpik\u00ae : S\u00fbr D\u2019utilisation Et Efficace Jusqu\u2019\u00e0 100 psi - Waterpik Waterflosser\" \/>\n<meta property=\"og:description\" content=\"\u00c9valuation de la s\u00e9curit\u00e9 d\u2019emploi de l\u2019hydropulseur jet dentaire \u00e0 haute press. S\u00fbr D\u2019utilisation Et Efficace Jusqu\u2019\u00e0 100 psi\" \/>\n<meta property=\"og:url\" content=\"https:\/\/waterpik.be\/fr\/dentistes-waterpik\/recherche-clinique-un-produit-base-sur-des-resultats\/jet-dentaire-waterpik-sur-dutilisation-et-efficace-jusqua-100-psi\/\" \/>\n<meta property=\"og:site_name\" content=\"Waterpik Waterflosser\" \/>\n<meta property=\"article:modified_time\" content=\"2021-03-04T15:27:38+00:00\" \/>\n<meta property=\"og:image\" content=\"https:\/\/waterpik.be\/wp-content\/uploads\/2020\/12\/403-jet-dentaire-waterpik-pas-d-impact-negatif.jpg\" \/>\n\t<meta property=\"og:image:width\" content=\"450\" \/>\n\t<meta property=\"og:image:height\" content=\"892\" \/>\n\t<meta property=\"og:image:type\" content=\"image\/jpeg\" \/>\n<meta name=\"twitter:card\" content=\"summary_large_image\" \/>\n<meta name=\"twitter:label1\" content=\"Dur\u00e9e de lecture estim\u00e9e\" \/>\n\t<meta name=\"twitter:data1\" content=\"2 minutes\" \/>\n<script type=\"application\/ld+json\" class=\"yoast-schema-graph\">{\"@context\":\"https:\/\/schema.org\",\"@graph\":[{\"@type\":\"WebPage\",\"@id\":\"https:\/\/waterpik.be\/fr\/dentistes-waterpik\/recherche-clinique-un-produit-base-sur-des-resultats\/jet-dentaire-waterpik-sur-dutilisation-et-efficace-jusqua-100-psi\/\",\"url\":\"https:\/\/waterpik.be\/fr\/dentistes-waterpik\/recherche-clinique-un-produit-base-sur-des-resultats\/jet-dentaire-waterpik-sur-dutilisation-et-efficace-jusqua-100-psi\/\",\"name\":\"Jet Dentaire Waterpik\u00ae : S\u00fbr D\u2019utilisation Et Efficace Jusqu\u2019\u00e0 100 psi - Waterpik Waterflosser\",\"isPartOf\":{\"@id\":\"https:\/\/waterpik.be\/#website\"},\"primaryImageOfPage\":{\"@id\":\"https:\/\/waterpik.be\/fr\/dentistes-waterpik\/recherche-clinique-un-produit-base-sur-des-resultats\/jet-dentaire-waterpik-sur-dutilisation-et-efficace-jusqua-100-psi\/#primaryimage\"},\"image\":{\"@id\":\"https:\/\/waterpik.be\/fr\/dentistes-waterpik\/recherche-clinique-un-produit-base-sur-des-resultats\/jet-dentaire-waterpik-sur-dutilisation-et-efficace-jusqua-100-psi\/#primaryimage\"},\"thumbnailUrl\":\"https:\/\/waterpik.be\/wp-content\/uploads\/2020\/12\/403-jet-dentaire-waterpik-pas-d-impact-negatif.jpg\",\"datePublished\":\"2020-12-15T10:36:50+00:00\",\"dateModified\":\"2021-03-04T15:27:38+00:00\",\"description\":\"\u00c9valuation de la s\u00e9curit\u00e9 d\u2019emploi de l\u2019hydropulseur jet dentaire \u00e0 haute press. S\u00fbr D\u2019utilisation Et Efficace Jusqu\u2019\u00e0 100 psi\",\"breadcrumb\":{\"@id\":\"https:\/\/waterpik.be\/fr\/dentistes-waterpik\/recherche-clinique-un-produit-base-sur-des-resultats\/jet-dentaire-waterpik-sur-dutilisation-et-efficace-jusqua-100-psi\/#breadcrumb\"},\"inLanguage\":\"fr-FR\",\"potentialAction\":[{\"@type\":\"ReadAction\",\"target\":[\"https:\/\/waterpik.be\/fr\/dentistes-waterpik\/recherche-clinique-un-produit-base-sur-des-resultats\/jet-dentaire-waterpik-sur-dutilisation-et-efficace-jusqua-100-psi\/\"]}]},{\"@type\":\"ImageObject\",\"inLanguage\":\"fr-FR\",\"@id\":\"https:\/\/waterpik.be\/fr\/dentistes-waterpik\/recherche-clinique-un-produit-base-sur-des-resultats\/jet-dentaire-waterpik-sur-dutilisation-et-efficace-jusqua-100-psi\/#primaryimage\",\"url\":\"https:\/\/waterpik.be\/wp-content\/uploads\/2020\/12\/403-jet-dentaire-waterpik-pas-d-impact-negatif.jpg\",\"contentUrl\":\"https:\/\/waterpik.be\/wp-content\/uploads\/2020\/12\/403-jet-dentaire-waterpik-pas-d-impact-negatif.jpg\"},{\"@type\":\"BreadcrumbList\",\"@id\":\"https:\/\/waterpik.be\/fr\/dentistes-waterpik\/recherche-clinique-un-produit-base-sur-des-resultats\/jet-dentaire-waterpik-sur-dutilisation-et-efficace-jusqua-100-psi\/#breadcrumb\",\"itemListElement\":[{\"@type\":\"ListItem\",\"position\":1,\"name\":\"Home\",\"item\":\"https:\/\/waterpik.be\/fr\/\"},{\"@type\":\"ListItem\",\"position\":2,\"name\":\"Dentistes\",\"item\":\"https:\/\/waterpik.be\/fr\/dentistes-waterpik\/\"},{\"@type\":\"ListItem\",\"position\":3,\"name\":\"Recherche Clinique, un Produit Bas\u00e9 Sur Des R\u00e9sultats.\",\"item\":\"https:\/\/waterpik.be\/fr\/dentistes-waterpik\/recherche-clinique-un-produit-base-sur-des-resultats\/\"},{\"@type\":\"ListItem\",\"position\":4,\"name\":\"Jet Dentaire Waterpik\u00ae : S\u00fbr D\u2019utilisation Et Efficace Jusqu\u2019\u00e0 100 psi\"}]},{\"@type\":\"WebSite\",\"@id\":\"https:\/\/waterpik.be\/#website\",\"url\":\"https:\/\/waterpik.be\/\",\"name\":\"Waterpik Waterflosser\",\"description\":\"Poetsen alleen is niet genoeg\",\"potentialAction\":[{\"@type\":\"SearchAction\",\"target\":{\"@type\":\"EntryPoint\",\"urlTemplate\":\"https:\/\/waterpik.be\/?s={search_term_string}\"},\"query-input\":{\"@type\":\"PropertyValueSpecification\",\"valueRequired\":true,\"valueName\":\"search_term_string\"}}],\"inLanguage\":\"fr-FR\"}]}<\/script>\n<!-- \/ Yoast SEO plugin. -->","yoast_head_json":{"title":"Jet Dentaire Waterpik\u00ae : S\u00fbr D\u2019utilisation Et Efficace Jusqu\u2019\u00e0 100 psi - Waterpik Waterflosser","description":"\u00c9valuation de la s\u00e9curit\u00e9 d\u2019emploi de l\u2019hydropulseur jet dentaire \u00e0 haute press. S\u00fbr D\u2019utilisation Et Efficace Jusqu\u2019\u00e0 100 psi","robots":{"index":"index","follow":"follow","max-snippet":"max-snippet:-1","max-image-preview":"max-image-preview:large","max-video-preview":"max-video-preview:-1"},"canonical":"https:\/\/waterpik.be\/fr\/dentistes-waterpik\/recherche-clinique-un-produit-base-sur-des-resultats\/jet-dentaire-waterpik-sur-dutilisation-et-efficace-jusqua-100-psi\/","og_locale":"fr_FR","og_type":"article","og_title":"Jet Dentaire Waterpik\u00ae : S\u00fbr D\u2019utilisation Et Efficace Jusqu\u2019\u00e0 100 psi - Waterpik Waterflosser","og_description":"\u00c9valuation de la s\u00e9curit\u00e9 d\u2019emploi de l\u2019hydropulseur jet dentaire \u00e0 haute press. S\u00fbr D\u2019utilisation Et Efficace Jusqu\u2019\u00e0 100 psi","og_url":"https:\/\/waterpik.be\/fr\/dentistes-waterpik\/recherche-clinique-un-produit-base-sur-des-resultats\/jet-dentaire-waterpik-sur-dutilisation-et-efficace-jusqua-100-psi\/","og_site_name":"Waterpik Waterflosser","article_modified_time":"2021-03-04T15:27:38+00:00","og_image":[{"width":450,"height":892,"url":"https:\/\/waterpik.be\/wp-content\/uploads\/2020\/12\/403-jet-dentaire-waterpik-pas-d-impact-negatif.jpg","type":"image\/jpeg"}],"twitter_card":"summary_large_image","twitter_misc":{"Dur\u00e9e de lecture estim\u00e9e":"2 minutes"},"schema":{"@context":"https:\/\/schema.org","@graph":[{"@type":"WebPage","@id":"https:\/\/waterpik.be\/fr\/dentistes-waterpik\/recherche-clinique-un-produit-base-sur-des-resultats\/jet-dentaire-waterpik-sur-dutilisation-et-efficace-jusqua-100-psi\/","url":"https:\/\/waterpik.be\/fr\/dentistes-waterpik\/recherche-clinique-un-produit-base-sur-des-resultats\/jet-dentaire-waterpik-sur-dutilisation-et-efficace-jusqua-100-psi\/","name":"Jet Dentaire Waterpik\u00ae : S\u00fbr D\u2019utilisation Et Efficace Jusqu\u2019\u00e0 100 psi - Waterpik Waterflosser","isPartOf":{"@id":"https:\/\/waterpik.be\/#website"},"primaryImageOfPage":{"@id":"https:\/\/waterpik.be\/fr\/dentistes-waterpik\/recherche-clinique-un-produit-base-sur-des-resultats\/jet-dentaire-waterpik-sur-dutilisation-et-efficace-jusqua-100-psi\/#primaryimage"},"image":{"@id":"https:\/\/waterpik.be\/fr\/dentistes-waterpik\/recherche-clinique-un-produit-base-sur-des-resultats\/jet-dentaire-waterpik-sur-dutilisation-et-efficace-jusqua-100-psi\/#primaryimage"},"thumbnailUrl":"https:\/\/waterpik.be\/wp-content\/uploads\/2020\/12\/403-jet-dentaire-waterpik-pas-d-impact-negatif.jpg","datePublished":"2020-12-15T10:36:50+00:00","dateModified":"2021-03-04T15:27:38+00:00","description":"\u00c9valuation de la s\u00e9curit\u00e9 d\u2019emploi de l\u2019hydropulseur jet dentaire \u00e0 haute press. S\u00fbr D\u2019utilisation Et Efficace Jusqu\u2019\u00e0 100 psi","breadcrumb":{"@id":"https:\/\/waterpik.be\/fr\/dentistes-waterpik\/recherche-clinique-un-produit-base-sur-des-resultats\/jet-dentaire-waterpik-sur-dutilisation-et-efficace-jusqua-100-psi\/#breadcrumb"},"inLanguage":"fr-FR","potentialAction":[{"@type":"ReadAction","target":["https:\/\/waterpik.be\/fr\/dentistes-waterpik\/recherche-clinique-un-produit-base-sur-des-resultats\/jet-dentaire-waterpik-sur-dutilisation-et-efficace-jusqua-100-psi\/"]}]},{"@type":"ImageObject","inLanguage":"fr-FR","@id":"https:\/\/waterpik.be\/fr\/dentistes-waterpik\/recherche-clinique-un-produit-base-sur-des-resultats\/jet-dentaire-waterpik-sur-dutilisation-et-efficace-jusqua-100-psi\/#primaryimage","url":"https:\/\/waterpik.be\/wp-content\/uploads\/2020\/12\/403-jet-dentaire-waterpik-pas-d-impact-negatif.jpg","contentUrl":"https:\/\/waterpik.be\/wp-content\/uploads\/2020\/12\/403-jet-dentaire-waterpik-pas-d-impact-negatif.jpg"},{"@type":"BreadcrumbList","@id":"https:\/\/waterpik.be\/fr\/dentistes-waterpik\/recherche-clinique-un-produit-base-sur-des-resultats\/jet-dentaire-waterpik-sur-dutilisation-et-efficace-jusqua-100-psi\/#breadcrumb","itemListElement":[{"@type":"ListItem","position":1,"name":"Home","item":"https:\/\/waterpik.be\/fr\/"},{"@type":"ListItem","position":2,"name":"Dentistes","item":"https:\/\/waterpik.be\/fr\/dentistes-waterpik\/"},{"@type":"ListItem","position":3,"name":"Recherche Clinique, un Produit Bas\u00e9 Sur Des R\u00e9sultats.","item":"https:\/\/waterpik.be\/fr\/dentistes-waterpik\/recherche-clinique-un-produit-base-sur-des-resultats\/"},{"@type":"ListItem","position":4,"name":"Jet Dentaire Waterpik\u00ae : S\u00fbr D\u2019utilisation Et Efficace Jusqu\u2019\u00e0 100 psi"}]},{"@type":"WebSite","@id":"https:\/\/waterpik.be\/#website","url":"https:\/\/waterpik.be\/","name":"Waterpik Waterflosser","description":"Poetsen alleen is niet genoeg","potentialAction":[{"@type":"SearchAction","target":{"@type":"EntryPoint","urlTemplate":"https:\/\/waterpik.be\/?s={search_term_string}"},"query-input":{"@type":"PropertyValueSpecification","valueRequired":true,"valueName":"search_term_string"}}],"inLanguage":"fr-FR"}]}},"_links":{"self":[{"href":"https:\/\/waterpik.be\/fr\/wp-json\/wp\/v2\/pages\/5838","targetHints":{"allow":["GET"]}}],"collection":[{"href":"https:\/\/waterpik.be\/fr\/wp-json\/wp\/v2\/pages"}],"about":[{"href":"https:\/\/waterpik.be\/fr\/wp-json\/wp\/v2\/types\/page"}],"author":[{"embeddable":true,"href":"https:\/\/waterpik.be\/fr\/wp-json\/wp\/v2\/users\/3"}],"replies":[{"embeddable":true,"href":"https:\/\/waterpik.be\/fr\/wp-json\/wp\/v2\/comments?post=5838"}],"version-history":[{"count":4,"href":"https:\/\/waterpik.be\/fr\/wp-json\/wp\/v2\/pages\/5838\/revisions"}],"predecessor-version":[{"id":5917,"href":"https:\/\/waterpik.be\/fr\/wp-json\/wp\/v2\/pages\/5838\/revisions\/5917"}],"up":[{"embeddable":true,"href":"https:\/\/waterpik.be\/fr\/wp-json\/wp\/v2\/pages\/6082"}],"wp:attachment":[{"href":"https:\/\/waterpik.be\/fr\/wp-json\/wp\/v2\/media?parent=5838"}],"curies":[{"name":"wp","href":"https:\/\/api.w.org\/{rel}","templated":true}]}}