{"id":5844,"date":"2020-12-15T11:43:54","date_gmt":"2020-12-15T10:43:54","guid":{"rendered":"http:\/\/waterpik.be\/jet-dentaire-whitening-waterpik-retrait-de-taches-ameliore-en-comparaison-avec-le-brossage-des-dents-seul\/"},"modified":"2021-03-04T16:26:49","modified_gmt":"2021-03-04T15:26:49","slug":"jet-dentaire-whitening-waterpik-retrait-de-taches-ameliore-en-comparaison-avec-le-brossage-des-dents-seul","status":"publish","type":"page","link":"https:\/\/waterpik.be\/fr\/dentistes-waterpik\/recherche-clinique-un-produit-base-sur-des-resultats\/jet-dentaire-whitening-waterpik-retrait-de-taches-ameliore-en-comparaison-avec-le-brossage-des-dents-seul\/","title":{"rendered":"Jet Dentaire Whitening Waterpik\u00ae : Retrait De Taches Am\u00e9lior\u00e9 En Comparaison Avec Le Brossage Des Dents Seul"},"content":{"rendered":"<h2>\u00c9valuation du blanchiment dentaire \u00e0 l\u2019aide d\u2019un dentifrice liquide lib\u00e9r\u00e9 par le jet dentaire Whitening<\/h2>\n<p class=\"author\">Milliman JL, Milleman KR, Battershell K, Lyle DM. Study conducted at Salus Research, Fort Wayne, IN. 2014<\/p>\n<hr \/>\n<h2>Objectif<img loading=\"lazy\" decoding=\"async\" class=\"wp-image-5843 size-medium alignright\" src=\"https:\/\/waterpik.be\/wp-content\/uploads\/2020\/12\/416-waterpik-blanchiment-dentaire-reduction-taches-apres-2-semaines-300x245.jpg\" alt=\"\" width=\"300\" height=\"245\" srcset=\"https:\/\/waterpik.be\/wp-content\/uploads\/2020\/12\/416-waterpik-blanchiment-dentaire-reduction-taches-apres-2-semaines-300x245.jpg 300w, https:\/\/waterpik.be\/wp-content\/uploads\/2020\/12\/416-waterpik-blanchiment-dentaire-reduction-taches-apres-2-semaines.jpg 450w\" sizes=\"auto, (max-width: 300px) 100vw, 300px\" \/><\/h2>\n<p>\u00c9valuer l\u2019efficacit\u00e9 d\u2019un dentifrice liquide exp\u00e9rimental, lib\u00e9r\u00e9 \u00e0 l\u2019aide de le\u00a0<a title=\"Voir notre hydropulseur jet dentaire blanchiment\" href=\"https:\/\/www.waterpik.fr\/sante-bucco-dentaire\/produits\/hydropulseur-jet-dentaire\/WF-05EU\/\">Jet Dentaire Whitening Waterpik\u00ae<\/a>, pour \u00e9liminer les taches des zones proximale et marginale des dents chez les patients au bout de 2 semaines par rapport au brossage seul.<\/p>\n<h2>M\u00e9thode<\/h2>\n<p>Des taches dentaires extrins\u00e8ques situ\u00e9es sur les surfaces faciales proximale et marginale des quatre incisives mandibulaires ont \u00e9t\u00e9 \u00e9valu\u00e9es \u00e0 l\u2019aide de la modification MacPherson de l\u2019indice de coloration Lobene.<\/p>\n<p>Cet indice \u00e9value \u00e0 la fois l\u2019intensit\u00e9 et la superficie des taches pr\u00e9sentes sur les zones m\u00e9siale et distale de chaque dent, qui sont des endroits privil\u00e9gi\u00e9s pour la formation des taches.<\/p>\n<p>Pour chaque \u00e9tude de cas, une photographie couleur des dents ant\u00e9rieures mandibulaires a \u00e9t\u00e9 prise avant et apr\u00e8s le passage surveill\u00e9 et assist\u00e9 de l\u2019hydropulseur jet dentaire. Les photographies ont \u00e9t\u00e9 utilis\u00e9es pour \u00e9tayer la documentation et non pour l\u2019analyse des donn\u00e9es.<\/p>\n<h2>R\u00e9sultats<\/h2>\n<p>Au bout de deux semaines, le groupe de personnes utilisant le Jet Dentaire Whitening Waterpik\u00ae avec un dentifrice liquide a connu une r\u00e9duction des taches extrins\u00e8ques de 25 %, mesur\u00e9e par l\u2019indice de coloration Lobene modifi\u00e9. Le groupe de personnes effectuant un brossage dentaire seul n\u2019a connu aucune am\u00e9lioration, selon les mesures r\u00e9alis\u00e9es avec le m\u00eame indice.<\/p>\n<h2>Conclusion<\/h2>\n<p>L\u2019utilisation quotidienne de\u00a0<a title=\"Voir notre hydropulseur jet dentaire blanchiment\" href=\"https:\/\/www.waterpik.fr\/sante-bucco-dentaire\/produits\/hydropulseur-jet-dentaire\/WF-05EU\/\">Jet Dentaire Whitening Waterpik\u00ae<\/a>\u00a0avec un dentifrice liquide \u00e9limine plus de taches extrins\u00e8ques que le brossage de dents seul.<\/p>\n","protected":false},"excerpt":{"rendered":"<p>\u00c9valuation du blanchiment dentaire \u00e0 l\u2019aide d\u2019un dentifrice liquide lib\u00e9r\u00e9 par le jet dentaire Whitening Milliman JL, Milleman KR, Battershell K, Lyle DM. Study conducted at Salus Research, Fort Wayne, IN. 2014 Objectif \u00c9valuer l\u2019efficacit\u00e9 d\u2019un dentifrice liquide exp\u00e9rimental, lib\u00e9r\u00e9 \u00e0 l\u2019aide de le\u00a0Jet Dentaire Whitening Waterpik\u00ae, pour \u00e9liminer les taches des zones proximale et [&hellip;]<\/p>\n","protected":false},"author":3,"featured_media":0,"parent":6082,"menu_order":22,"comment_status":"closed","ping_status":"closed","template":"","meta":{"_acf_changed":false,"footnotes":""},"class_list":["post-5844","page","type-page","status-publish","hentry"],"acf":[],"yoast_head":"<!-- This site is optimized with the Yoast SEO plugin v26.7 - https:\/\/yoast.com\/wordpress\/plugins\/seo\/ -->\n<title>Jet Dentaire Whitening Waterpik\u00ae : Retrait De Taches Am\u00e9lior\u00e9 En Comparaison Avec Le Brossage Des Dents Seul - Waterpik Waterflosser<\/title>\n<meta name=\"description\" content=\"\u00c9valuer l\u2019efficacit\u00e9 d\u2019un dentifrice liquide exp\u00e9rimental, lib\u00e9r\u00e9 \u00e0 l\u2019aide de le\u00a0Jet Dentaire Whitening Waterpik pour \u00e9liminer les taches des zones\" \/>\n<meta name=\"robots\" content=\"index, follow, max-snippet:-1, max-image-preview:large, max-video-preview:-1\" \/>\n<link rel=\"canonical\" href=\"https:\/\/waterpik.be\/fr\/dentistes-waterpik\/recherche-clinique-un-produit-base-sur-des-resultats\/jet-dentaire-whitening-waterpik-retrait-de-taches-ameliore-en-comparaison-avec-le-brossage-des-dents-seul\/\" \/>\n<meta property=\"og:locale\" content=\"fr_FR\" \/>\n<meta property=\"og:type\" content=\"article\" \/>\n<meta property=\"og:title\" content=\"Jet Dentaire Whitening Waterpik\u00ae : Retrait De Taches Am\u00e9lior\u00e9 En Comparaison Avec Le Brossage Des Dents Seul - Waterpik Waterflosser\" \/>\n<meta property=\"og:description\" content=\"\u00c9valuer l\u2019efficacit\u00e9 d\u2019un dentifrice liquide exp\u00e9rimental, lib\u00e9r\u00e9 \u00e0 l\u2019aide de le\u00a0Jet Dentaire Whitening Waterpik pour \u00e9liminer les taches des zones\" \/>\n<meta property=\"og:url\" content=\"https:\/\/waterpik.be\/fr\/dentistes-waterpik\/recherche-clinique-un-produit-base-sur-des-resultats\/jet-dentaire-whitening-waterpik-retrait-de-taches-ameliore-en-comparaison-avec-le-brossage-des-dents-seul\/\" \/>\n<meta property=\"og:site_name\" content=\"Waterpik Waterflosser\" \/>\n<meta property=\"article:modified_time\" content=\"2021-03-04T15:26:49+00:00\" \/>\n<meta property=\"og:image\" content=\"https:\/\/waterpik.be\/wp-content\/uploads\/2020\/12\/416-waterpik-blanchiment-dentaire-reduction-taches-apres-2-semaines.jpg\" \/>\n\t<meta property=\"og:image:width\" content=\"450\" \/>\n\t<meta property=\"og:image:height\" content=\"368\" \/>\n\t<meta property=\"og:image:type\" content=\"image\/jpeg\" \/>\n<meta name=\"twitter:card\" content=\"summary_large_image\" \/>\n<meta name=\"twitter:label1\" content=\"Dur\u00e9e de lecture estim\u00e9e\" \/>\n\t<meta name=\"twitter:data1\" content=\"1 minute\" \/>\n<script type=\"application\/ld+json\" class=\"yoast-schema-graph\">{\"@context\":\"https:\/\/schema.org\",\"@graph\":[{\"@type\":\"WebPage\",\"@id\":\"https:\/\/waterpik.be\/fr\/dentistes-waterpik\/recherche-clinique-un-produit-base-sur-des-resultats\/jet-dentaire-whitening-waterpik-retrait-de-taches-ameliore-en-comparaison-avec-le-brossage-des-dents-seul\/\",\"url\":\"https:\/\/waterpik.be\/fr\/dentistes-waterpik\/recherche-clinique-un-produit-base-sur-des-resultats\/jet-dentaire-whitening-waterpik-retrait-de-taches-ameliore-en-comparaison-avec-le-brossage-des-dents-seul\/\",\"name\":\"Jet Dentaire Whitening Waterpik\u00ae : Retrait De Taches Am\u00e9lior\u00e9 En Comparaison Avec Le Brossage Des Dents Seul - Waterpik Waterflosser\",\"isPartOf\":{\"@id\":\"https:\/\/waterpik.be\/#website\"},\"primaryImageOfPage\":{\"@id\":\"https:\/\/waterpik.be\/fr\/dentistes-waterpik\/recherche-clinique-un-produit-base-sur-des-resultats\/jet-dentaire-whitening-waterpik-retrait-de-taches-ameliore-en-comparaison-avec-le-brossage-des-dents-seul\/#primaryimage\"},\"image\":{\"@id\":\"https:\/\/waterpik.be\/fr\/dentistes-waterpik\/recherche-clinique-un-produit-base-sur-des-resultats\/jet-dentaire-whitening-waterpik-retrait-de-taches-ameliore-en-comparaison-avec-le-brossage-des-dents-seul\/#primaryimage\"},\"thumbnailUrl\":\"https:\/\/waterpik.be\/wp-content\/uploads\/2020\/12\/416-waterpik-blanchiment-dentaire-reduction-taches-apres-2-semaines-300x245.jpg\",\"datePublished\":\"2020-12-15T10:43:54+00:00\",\"dateModified\":\"2021-03-04T15:26:49+00:00\",\"description\":\"\u00c9valuer l\u2019efficacit\u00e9 d\u2019un dentifrice liquide exp\u00e9rimental, lib\u00e9r\u00e9 \u00e0 l\u2019aide de le\u00a0Jet Dentaire Whitening Waterpik pour \u00e9liminer les taches des zones\",\"breadcrumb\":{\"@id\":\"https:\/\/waterpik.be\/fr\/dentistes-waterpik\/recherche-clinique-un-produit-base-sur-des-resultats\/jet-dentaire-whitening-waterpik-retrait-de-taches-ameliore-en-comparaison-avec-le-brossage-des-dents-seul\/#breadcrumb\"},\"inLanguage\":\"fr-FR\",\"potentialAction\":[{\"@type\":\"ReadAction\",\"target\":[\"https:\/\/waterpik.be\/fr\/dentistes-waterpik\/recherche-clinique-un-produit-base-sur-des-resultats\/jet-dentaire-whitening-waterpik-retrait-de-taches-ameliore-en-comparaison-avec-le-brossage-des-dents-seul\/\"]}]},{\"@type\":\"ImageObject\",\"inLanguage\":\"fr-FR\",\"@id\":\"https:\/\/waterpik.be\/fr\/dentistes-waterpik\/recherche-clinique-un-produit-base-sur-des-resultats\/jet-dentaire-whitening-waterpik-retrait-de-taches-ameliore-en-comparaison-avec-le-brossage-des-dents-seul\/#primaryimage\",\"url\":\"https:\/\/waterpik.be\/wp-content\/uploads\/2020\/12\/416-waterpik-blanchiment-dentaire-reduction-taches-apres-2-semaines-300x245.jpg\",\"contentUrl\":\"https:\/\/waterpik.be\/wp-content\/uploads\/2020\/12\/416-waterpik-blanchiment-dentaire-reduction-taches-apres-2-semaines-300x245.jpg\"},{\"@type\":\"BreadcrumbList\",\"@id\":\"https:\/\/waterpik.be\/fr\/dentistes-waterpik\/recherche-clinique-un-produit-base-sur-des-resultats\/jet-dentaire-whitening-waterpik-retrait-de-taches-ameliore-en-comparaison-avec-le-brossage-des-dents-seul\/#breadcrumb\",\"itemListElement\":[{\"@type\":\"ListItem\",\"position\":1,\"name\":\"Home\",\"item\":\"https:\/\/waterpik.be\/fr\/\"},{\"@type\":\"ListItem\",\"position\":2,\"name\":\"Dentistes\",\"item\":\"https:\/\/waterpik.be\/fr\/dentistes-waterpik\/\"},{\"@type\":\"ListItem\",\"position\":3,\"name\":\"Recherche Clinique, un Produit Bas\u00e9 Sur Des R\u00e9sultats.\",\"item\":\"https:\/\/waterpik.be\/fr\/dentistes-waterpik\/recherche-clinique-un-produit-base-sur-des-resultats\/\"},{\"@type\":\"ListItem\",\"position\":4,\"name\":\"Jet Dentaire Whitening Waterpik\u00ae : Retrait De Taches Am\u00e9lior\u00e9 En Comparaison Avec Le Brossage Des Dents Seul\"}]},{\"@type\":\"WebSite\",\"@id\":\"https:\/\/waterpik.be\/#website\",\"url\":\"https:\/\/waterpik.be\/\",\"name\":\"Waterpik Waterflosser\",\"description\":\"Poetsen alleen is niet genoeg\",\"potentialAction\":[{\"@type\":\"SearchAction\",\"target\":{\"@type\":\"EntryPoint\",\"urlTemplate\":\"https:\/\/waterpik.be\/?s={search_term_string}\"},\"query-input\":{\"@type\":\"PropertyValueSpecification\",\"valueRequired\":true,\"valueName\":\"search_term_string\"}}],\"inLanguage\":\"fr-FR\"}]}<\/script>\n<!-- \/ Yoast SEO plugin. -->","yoast_head_json":{"title":"Jet Dentaire Whitening Waterpik\u00ae : Retrait De Taches Am\u00e9lior\u00e9 En Comparaison Avec Le Brossage Des Dents Seul - Waterpik Waterflosser","description":"\u00c9valuer l\u2019efficacit\u00e9 d\u2019un dentifrice liquide exp\u00e9rimental, lib\u00e9r\u00e9 \u00e0 l\u2019aide de le\u00a0Jet Dentaire Whitening Waterpik pour \u00e9liminer les taches des zones","robots":{"index":"index","follow":"follow","max-snippet":"max-snippet:-1","max-image-preview":"max-image-preview:large","max-video-preview":"max-video-preview:-1"},"canonical":"https:\/\/waterpik.be\/fr\/dentistes-waterpik\/recherche-clinique-un-produit-base-sur-des-resultats\/jet-dentaire-whitening-waterpik-retrait-de-taches-ameliore-en-comparaison-avec-le-brossage-des-dents-seul\/","og_locale":"fr_FR","og_type":"article","og_title":"Jet Dentaire Whitening Waterpik\u00ae : Retrait De Taches Am\u00e9lior\u00e9 En Comparaison Avec Le Brossage Des Dents Seul - Waterpik Waterflosser","og_description":"\u00c9valuer l\u2019efficacit\u00e9 d\u2019un dentifrice liquide exp\u00e9rimental, lib\u00e9r\u00e9 \u00e0 l\u2019aide de le\u00a0Jet Dentaire Whitening Waterpik pour \u00e9liminer les taches des zones","og_url":"https:\/\/waterpik.be\/fr\/dentistes-waterpik\/recherche-clinique-un-produit-base-sur-des-resultats\/jet-dentaire-whitening-waterpik-retrait-de-taches-ameliore-en-comparaison-avec-le-brossage-des-dents-seul\/","og_site_name":"Waterpik Waterflosser","article_modified_time":"2021-03-04T15:26:49+00:00","og_image":[{"width":450,"height":368,"url":"https:\/\/waterpik.be\/wp-content\/uploads\/2020\/12\/416-waterpik-blanchiment-dentaire-reduction-taches-apres-2-semaines.jpg","type":"image\/jpeg"}],"twitter_card":"summary_large_image","twitter_misc":{"Dur\u00e9e de lecture estim\u00e9e":"1 minute"},"schema":{"@context":"https:\/\/schema.org","@graph":[{"@type":"WebPage","@id":"https:\/\/waterpik.be\/fr\/dentistes-waterpik\/recherche-clinique-un-produit-base-sur-des-resultats\/jet-dentaire-whitening-waterpik-retrait-de-taches-ameliore-en-comparaison-avec-le-brossage-des-dents-seul\/","url":"https:\/\/waterpik.be\/fr\/dentistes-waterpik\/recherche-clinique-un-produit-base-sur-des-resultats\/jet-dentaire-whitening-waterpik-retrait-de-taches-ameliore-en-comparaison-avec-le-brossage-des-dents-seul\/","name":"Jet Dentaire Whitening Waterpik\u00ae : Retrait De Taches Am\u00e9lior\u00e9 En Comparaison Avec Le Brossage Des Dents Seul - Waterpik Waterflosser","isPartOf":{"@id":"https:\/\/waterpik.be\/#website"},"primaryImageOfPage":{"@id":"https:\/\/waterpik.be\/fr\/dentistes-waterpik\/recherche-clinique-un-produit-base-sur-des-resultats\/jet-dentaire-whitening-waterpik-retrait-de-taches-ameliore-en-comparaison-avec-le-brossage-des-dents-seul\/#primaryimage"},"image":{"@id":"https:\/\/waterpik.be\/fr\/dentistes-waterpik\/recherche-clinique-un-produit-base-sur-des-resultats\/jet-dentaire-whitening-waterpik-retrait-de-taches-ameliore-en-comparaison-avec-le-brossage-des-dents-seul\/#primaryimage"},"thumbnailUrl":"https:\/\/waterpik.be\/wp-content\/uploads\/2020\/12\/416-waterpik-blanchiment-dentaire-reduction-taches-apres-2-semaines-300x245.jpg","datePublished":"2020-12-15T10:43:54+00:00","dateModified":"2021-03-04T15:26:49+00:00","description":"\u00c9valuer l\u2019efficacit\u00e9 d\u2019un dentifrice liquide exp\u00e9rimental, lib\u00e9r\u00e9 \u00e0 l\u2019aide de le\u00a0Jet Dentaire Whitening Waterpik pour \u00e9liminer les taches des zones","breadcrumb":{"@id":"https:\/\/waterpik.be\/fr\/dentistes-waterpik\/recherche-clinique-un-produit-base-sur-des-resultats\/jet-dentaire-whitening-waterpik-retrait-de-taches-ameliore-en-comparaison-avec-le-brossage-des-dents-seul\/#breadcrumb"},"inLanguage":"fr-FR","potentialAction":[{"@type":"ReadAction","target":["https:\/\/waterpik.be\/fr\/dentistes-waterpik\/recherche-clinique-un-produit-base-sur-des-resultats\/jet-dentaire-whitening-waterpik-retrait-de-taches-ameliore-en-comparaison-avec-le-brossage-des-dents-seul\/"]}]},{"@type":"ImageObject","inLanguage":"fr-FR","@id":"https:\/\/waterpik.be\/fr\/dentistes-waterpik\/recherche-clinique-un-produit-base-sur-des-resultats\/jet-dentaire-whitening-waterpik-retrait-de-taches-ameliore-en-comparaison-avec-le-brossage-des-dents-seul\/#primaryimage","url":"https:\/\/waterpik.be\/wp-content\/uploads\/2020\/12\/416-waterpik-blanchiment-dentaire-reduction-taches-apres-2-semaines-300x245.jpg","contentUrl":"https:\/\/waterpik.be\/wp-content\/uploads\/2020\/12\/416-waterpik-blanchiment-dentaire-reduction-taches-apres-2-semaines-300x245.jpg"},{"@type":"BreadcrumbList","@id":"https:\/\/waterpik.be\/fr\/dentistes-waterpik\/recherche-clinique-un-produit-base-sur-des-resultats\/jet-dentaire-whitening-waterpik-retrait-de-taches-ameliore-en-comparaison-avec-le-brossage-des-dents-seul\/#breadcrumb","itemListElement":[{"@type":"ListItem","position":1,"name":"Home","item":"https:\/\/waterpik.be\/fr\/"},{"@type":"ListItem","position":2,"name":"Dentistes","item":"https:\/\/waterpik.be\/fr\/dentistes-waterpik\/"},{"@type":"ListItem","position":3,"name":"Recherche Clinique, un Produit Bas\u00e9 Sur Des R\u00e9sultats.","item":"https:\/\/waterpik.be\/fr\/dentistes-waterpik\/recherche-clinique-un-produit-base-sur-des-resultats\/"},{"@type":"ListItem","position":4,"name":"Jet Dentaire Whitening Waterpik\u00ae : Retrait De Taches Am\u00e9lior\u00e9 En Comparaison Avec Le Brossage Des Dents Seul"}]},{"@type":"WebSite","@id":"https:\/\/waterpik.be\/#website","url":"https:\/\/waterpik.be\/","name":"Waterpik Waterflosser","description":"Poetsen alleen is niet genoeg","potentialAction":[{"@type":"SearchAction","target":{"@type":"EntryPoint","urlTemplate":"https:\/\/waterpik.be\/?s={search_term_string}"},"query-input":{"@type":"PropertyValueSpecification","valueRequired":true,"valueName":"search_term_string"}}],"inLanguage":"fr-FR"}]}},"_links":{"self":[{"href":"https:\/\/waterpik.be\/fr\/wp-json\/wp\/v2\/pages\/5844","targetHints":{"allow":["GET"]}}],"collection":[{"href":"https:\/\/waterpik.be\/fr\/wp-json\/wp\/v2\/pages"}],"about":[{"href":"https:\/\/waterpik.be\/fr\/wp-json\/wp\/v2\/types\/page"}],"author":[{"embeddable":true,"href":"https:\/\/waterpik.be\/fr\/wp-json\/wp\/v2\/users\/3"}],"replies":[{"embeddable":true,"href":"https:\/\/waterpik.be\/fr\/wp-json\/wp\/v2\/comments?post=5844"}],"version-history":[{"count":2,"href":"https:\/\/waterpik.be\/fr\/wp-json\/wp\/v2\/pages\/5844\/revisions"}],"predecessor-version":[{"id":6350,"href":"https:\/\/waterpik.be\/fr\/wp-json\/wp\/v2\/pages\/5844\/revisions\/6350"}],"up":[{"embeddable":true,"href":"https:\/\/waterpik.be\/fr\/wp-json\/wp\/v2\/pages\/6082"}],"wp:attachment":[{"href":"https:\/\/waterpik.be\/fr\/wp-json\/wp\/v2\/media?parent=5844"}],"curies":[{"name":"wp","href":"https:\/\/api.w.org\/{rel}","templated":true}]}}