{"id":5850,"date":"2020-12-15T11:49:45","date_gmt":"2020-12-15T10:49:45","guid":{"rendered":"http:\/\/waterpik.be\/contact-nous\/"},"modified":"2021-03-02T15:36:44","modified_gmt":"2021-03-02T14:36:44","slug":"contact-nous","status":"publish","type":"page","link":"https:\/\/waterpik.be\/fr\/dentistes-waterpik\/contact-nous\/","title":{"rendered":"Contactez-nous"},"content":{"rendered":"<div class=\"row\">\n<div class=\"col-sm-12\">\n<div class=\"panel panel-primary\">\n<div class=\"panel-heading\">\n<p class=\"panel-title\"><strong>Num\u00e9ro de t\u00e9l\u00e9phone<\/strong><\/p>\n<div class=\"panel-body\">\n<ul>\n<li>+31 (0) 35 &#8211; 695 14 43<\/li>\n<\/ul>\n<\/div>\n<\/div>\n<\/div>\n<\/div>\n<\/div>\n<div class=\"row\">\n<div class=\"col-sm-12\">\n<div class=\"panel panel-primary\">\n<div class=\"panel-heading\">\n<p class=\"panel-title\"><strong>E-mail<\/strong><\/p>\n<\/div>\n<div class=\"panel-body\"><a href=\"mailto:info@waterpik.nl\">info@waterpik.nl<\/a><\/div>\n<\/div>\n<\/div>\n<\/div>\n<div><\/div>\n<div><\/div>\n<div><\/div>\n<div><\/div>\n","protected":false},"excerpt":{"rendered":"<p>Num\u00e9ro de t\u00e9l\u00e9phone +31 (0) 35 &#8211; 695 14 43 E-mail info@waterpik.nl<\/p>\n","protected":false},"author":3,"featured_media":0,"parent":6039,"menu_order":6,"comment_status":"closed","ping_status":"closed","template":"","meta":{"_acf_changed":false,"footnotes":""},"class_list":["post-5850","page","type-page","status-publish","hentry"],"acf":[],"yoast_head":"<!-- This site is optimized with the Yoast SEO plugin v26.7 - https:\/\/yoast.com\/wordpress\/plugins\/seo\/ -->\n<title>Contactez-nous - Waterpik Waterflosser<\/title>\n<meta name=\"description\" content=\"Num\u00e9ro de t\u00e9l\u00e9phone et e-mail\" \/>\n<meta name=\"robots\" content=\"index, follow, max-snippet:-1, max-image-preview:large, max-video-preview:-1\" \/>\n<link rel=\"canonical\" href=\"https:\/\/waterpik.be\/fr\/dentistes-waterpik\/contact-nous\/\" \/>\n<meta property=\"og:locale\" content=\"fr_FR\" \/>\n<meta property=\"og:type\" content=\"article\" \/>\n<meta property=\"og:title\" content=\"Contactez-nous - Waterpik Waterflosser\" \/>\n<meta property=\"og:description\" content=\"Num\u00e9ro de t\u00e9l\u00e9phone et e-mail\" \/>\n<meta property=\"og:url\" content=\"https:\/\/waterpik.be\/fr\/dentistes-waterpik\/contact-nous\/\" \/>\n<meta property=\"og:site_name\" content=\"Waterpik Waterflosser\" \/>\n<meta property=\"article:modified_time\" content=\"2021-03-02T14:36:44+00:00\" \/>\n<meta name=\"twitter:card\" content=\"summary_large_image\" \/>\n<script type=\"application\/ld+json\" class=\"yoast-schema-graph\">{\"@context\":\"https:\/\/schema.org\",\"@graph\":[{\"@type\":\"WebPage\",\"@id\":\"https:\/\/waterpik.be\/fr\/dentistes-waterpik\/contact-nous\/\",\"url\":\"https:\/\/waterpik.be\/fr\/dentistes-waterpik\/contact-nous\/\",\"name\":\"Contactez-nous - Waterpik Waterflosser\",\"isPartOf\":{\"@id\":\"https:\/\/waterpik.be\/#website\"},\"datePublished\":\"2020-12-15T10:49:45+00:00\",\"dateModified\":\"2021-03-02T14:36:44+00:00\",\"description\":\"Num\u00e9ro de t\u00e9l\u00e9phone et e-mail\",\"breadcrumb\":{\"@id\":\"https:\/\/waterpik.be\/fr\/dentistes-waterpik\/contact-nous\/#breadcrumb\"},\"inLanguage\":\"fr-FR\",\"potentialAction\":[{\"@type\":\"ReadAction\",\"target\":[\"https:\/\/waterpik.be\/fr\/dentistes-waterpik\/contact-nous\/\"]}]},{\"@type\":\"BreadcrumbList\",\"@id\":\"https:\/\/waterpik.be\/fr\/dentistes-waterpik\/contact-nous\/#breadcrumb\",\"itemListElement\":[{\"@type\":\"ListItem\",\"position\":1,\"name\":\"Home\",\"item\":\"https:\/\/waterpik.be\/fr\/\"},{\"@type\":\"ListItem\",\"position\":2,\"name\":\"Dentistes\",\"item\":\"https:\/\/waterpik.be\/fr\/dentistes-waterpik\/\"},{\"@type\":\"ListItem\",\"position\":3,\"name\":\"Contactez-nous\"}]},{\"@type\":\"WebSite\",\"@id\":\"https:\/\/waterpik.be\/#website\",\"url\":\"https:\/\/waterpik.be\/\",\"name\":\"Waterpik Waterflosser\",\"description\":\"Poetsen alleen is niet genoeg\",\"potentialAction\":[{\"@type\":\"SearchAction\",\"target\":{\"@type\":\"EntryPoint\",\"urlTemplate\":\"https:\/\/waterpik.be\/?s={search_term_string}\"},\"query-input\":{\"@type\":\"PropertyValueSpecification\",\"valueRequired\":true,\"valueName\":\"search_term_string\"}}],\"inLanguage\":\"fr-FR\"}]}<\/script>\n<!-- \/ Yoast SEO plugin. -->","yoast_head_json":{"title":"Contactez-nous - Waterpik Waterflosser","description":"Num\u00e9ro de t\u00e9l\u00e9phone et e-mail","robots":{"index":"index","follow":"follow","max-snippet":"max-snippet:-1","max-image-preview":"max-image-preview:large","max-video-preview":"max-video-preview:-1"},"canonical":"https:\/\/waterpik.be\/fr\/dentistes-waterpik\/contact-nous\/","og_locale":"fr_FR","og_type":"article","og_title":"Contactez-nous - Waterpik Waterflosser","og_description":"Num\u00e9ro de t\u00e9l\u00e9phone et e-mail","og_url":"https:\/\/waterpik.be\/fr\/dentistes-waterpik\/contact-nous\/","og_site_name":"Waterpik Waterflosser","article_modified_time":"2021-03-02T14:36:44+00:00","twitter_card":"summary_large_image","schema":{"@context":"https:\/\/schema.org","@graph":[{"@type":"WebPage","@id":"https:\/\/waterpik.be\/fr\/dentistes-waterpik\/contact-nous\/","url":"https:\/\/waterpik.be\/fr\/dentistes-waterpik\/contact-nous\/","name":"Contactez-nous - Waterpik Waterflosser","isPartOf":{"@id":"https:\/\/waterpik.be\/#website"},"datePublished":"2020-12-15T10:49:45+00:00","dateModified":"2021-03-02T14:36:44+00:00","description":"Num\u00e9ro de t\u00e9l\u00e9phone et e-mail","breadcrumb":{"@id":"https:\/\/waterpik.be\/fr\/dentistes-waterpik\/contact-nous\/#breadcrumb"},"inLanguage":"fr-FR","potentialAction":[{"@type":"ReadAction","target":["https:\/\/waterpik.be\/fr\/dentistes-waterpik\/contact-nous\/"]}]},{"@type":"BreadcrumbList","@id":"https:\/\/waterpik.be\/fr\/dentistes-waterpik\/contact-nous\/#breadcrumb","itemListElement":[{"@type":"ListItem","position":1,"name":"Home","item":"https:\/\/waterpik.be\/fr\/"},{"@type":"ListItem","position":2,"name":"Dentistes","item":"https:\/\/waterpik.be\/fr\/dentistes-waterpik\/"},{"@type":"ListItem","position":3,"name":"Contactez-nous"}]},{"@type":"WebSite","@id":"https:\/\/waterpik.be\/#website","url":"https:\/\/waterpik.be\/","name":"Waterpik Waterflosser","description":"Poetsen alleen is niet genoeg","potentialAction":[{"@type":"SearchAction","target":{"@type":"EntryPoint","urlTemplate":"https:\/\/waterpik.be\/?s={search_term_string}"},"query-input":{"@type":"PropertyValueSpecification","valueRequired":true,"valueName":"search_term_string"}}],"inLanguage":"fr-FR"}]}},"_links":{"self":[{"href":"https:\/\/waterpik.be\/fr\/wp-json\/wp\/v2\/pages\/5850","targetHints":{"allow":["GET"]}}],"collection":[{"href":"https:\/\/waterpik.be\/fr\/wp-json\/wp\/v2\/pages"}],"about":[{"href":"https:\/\/waterpik.be\/fr\/wp-json\/wp\/v2\/types\/page"}],"author":[{"embeddable":true,"href":"https:\/\/waterpik.be\/fr\/wp-json\/wp\/v2\/users\/3"}],"replies":[{"embeddable":true,"href":"https:\/\/waterpik.be\/fr\/wp-json\/wp\/v2\/comments?post=5850"}],"version-history":[{"count":2,"href":"https:\/\/waterpik.be\/fr\/wp-json\/wp\/v2\/pages\/5850\/revisions"}],"predecessor-version":[{"id":6283,"href":"https:\/\/waterpik.be\/fr\/wp-json\/wp\/v2\/pages\/5850\/revisions\/6283"}],"up":[{"embeddable":true,"href":"https:\/\/waterpik.be\/fr\/wp-json\/wp\/v2\/pages\/6039"}],"wp:attachment":[{"href":"https:\/\/waterpik.be\/fr\/wp-json\/wp\/v2\/media?parent=5850"}],"curies":[{"name":"wp","href":"https:\/\/api.w.org\/{rel}","templated":true}]}}