{"id":5851,"date":"2020-12-15T11:52:05","date_gmt":"2020-12-15T10:52:05","guid":{"rendered":"http:\/\/waterpik.be\/besoins-dentaires-specifiques\/traitement-des-problemes-dentaires\/diabete-et-sante-bucco-dentaire\/"},"modified":"2021-03-02T16:21:55","modified_gmt":"2021-03-02T15:21:55","slug":"diabete-et-sante-bucco-dentaire","status":"publish","type":"page","link":"https:\/\/waterpik.be\/fr\/sante-bucco-dentaire\/besoins-dentaires-specifiques\/traitement-des-problemes-dentaires\/diabete-et-sante-bucco-dentaire\/","title":{"rendered":"Diab\u00e8te et sant\u00e9 bucco-dentaire"},"content":{"rendered":"<p>Le diab\u00e8te r\u00e9duit la capacit\u00e9 de votre corps \u00e0 combattre les bact\u00e9ries. Une hyperglyc\u00e9mie augmente \u00e9galement l\u2019incidence des plaques sur les dents et autour des gencives. Une maladie des gencives (parodontite) plus grave peut provoquer une infection des gencives, ce qui peut entra\u00eener une hyperglyc\u00e9mie et compliquer la gestion de la maladie. Par ailleurs, les cas de maladie parodontale peuvent s\u2019av\u00e9rer plus graves chez les personnes diab\u00e9tiques.<\/p>\n<p>Si vous souffrez de diab\u00e8te, il est important d\u2019effectuer des examens et des nettoyages dentaires r\u00e9guliers. Assurez-vous d\u2019informer votre dentiste que vous souffrez de diab\u00e8te, car cela peut sensiblement affecter votre sant\u00e9 bucco-dentaire. Chez vous, vous devez adopter d\u2019excellentes habitudes quotidiennes d\u2019hygi\u00e8ne bucco-dentaire.<\/p>\n<h2>Pr\u00e9venir les maladies des gencives<\/h2>\n<p>Le jet dentaire Waterpik\u00ae est l\u2019un des rares produits de soins \u00e0 domicile cliniquement test\u00e9s s\u2019adressant aux diab\u00e9tiques. Les r\u00e9sultats d\u2019une \u00e9tude clinique ont r\u00e9v\u00e9l\u00e9 que l\u2019utilisation de le jet dentaire Waterpik\u00ae avec l\u2019embout Pik Pocket\u2122 s\u2019est av\u00e9r\u00e9e beaucoup plus efficace que les soins bucco-dentaires de routine pour r\u00e9duire les sympt\u00f4mes de la gingivite chez les patients diab\u00e9tiques.<\/p>\n<p>Lorsqu\u2019elle est combin\u00e9e au brossage des dents, l\u2019utilisation d\u2019un jet dentaire Waterpik\u00ae est id\u00e9ale pour la sant\u00e9 bucco-dentaire des patients diab\u00e9tiques, car elle peut r\u00e9duire consid\u00e9rablement les plaques, les saignements et la gingivite par rapport \u00e0 la brosse \u00e0 dents seule.<\/p>\n","protected":false},"excerpt":{"rendered":"<p>Le diab\u00e8te r\u00e9duit la capacit\u00e9 de votre corps \u00e0 combattre les bact\u00e9ries. Une hyperglyc\u00e9mie augmente \u00e9galement l\u2019incidence des plaques sur les dents et autour des gencives. Une maladie des gencives (parodontite) plus grave peut provoquer une infection des gencives, ce qui peut entra\u00eener une hyperglyc\u00e9mie et compliquer la gestion de la maladie. Par ailleurs, les [&hellip;]<\/p>\n","protected":false},"author":3,"featured_media":0,"parent":5703,"menu_order":1,"comment_status":"closed","ping_status":"closed","template":"","meta":{"_acf_changed":false,"footnotes":""},"class_list":["post-5851","page","type-page","status-publish","hentry"],"acf":[],"yoast_head":"<!-- This site is optimized with the Yoast SEO plugin v26.7 - https:\/\/yoast.com\/wordpress\/plugins\/seo\/ -->\n<title>Diab\u00e8te et sant\u00e9 bucco-dentaire - Waterpik Waterflosser<\/title>\n<meta name=\"description\" content=\"Le diab\u00e8te r\u00e9duit la capacit\u00e9 de votre corps \u00e0 combattre les bact\u00e9ries. Une hyperglyc\u00e9mie augmente \u00e9galement l\u2019incidence des plaques sur les dents et autour des gencives.\" \/>\n<meta name=\"robots\" content=\"index, follow, max-snippet:-1, max-image-preview:large, max-video-preview:-1\" \/>\n<link rel=\"canonical\" href=\"https:\/\/waterpik.be\/fr\/sante-bucco-dentaire\/besoins-dentaires-specifiques\/traitement-des-problemes-dentaires\/diabete-et-sante-bucco-dentaire\/\" \/>\n<meta property=\"og:locale\" content=\"fr_FR\" \/>\n<meta property=\"og:type\" content=\"article\" \/>\n<meta property=\"og:title\" content=\"Diab\u00e8te et sant\u00e9 bucco-dentaire - Waterpik Waterflosser\" \/>\n<meta property=\"og:description\" content=\"Le diab\u00e8te r\u00e9duit la capacit\u00e9 de votre corps \u00e0 combattre les bact\u00e9ries. Une hyperglyc\u00e9mie augmente \u00e9galement l\u2019incidence des plaques sur les dents et autour des gencives.\" \/>\n<meta property=\"og:url\" content=\"https:\/\/waterpik.be\/fr\/sante-bucco-dentaire\/besoins-dentaires-specifiques\/traitement-des-problemes-dentaires\/diabete-et-sante-bucco-dentaire\/\" \/>\n<meta property=\"og:site_name\" content=\"Waterpik Waterflosser\" \/>\n<meta property=\"article:modified_time\" content=\"2021-03-02T15:21:55+00:00\" \/>\n<meta name=\"twitter:card\" content=\"summary_large_image\" \/>\n<meta name=\"twitter:label1\" content=\"Dur\u00e9e de lecture estim\u00e9e\" \/>\n\t<meta name=\"twitter:data1\" content=\"1 minute\" \/>\n<script type=\"application\/ld+json\" class=\"yoast-schema-graph\">{\"@context\":\"https:\/\/schema.org\",\"@graph\":[{\"@type\":\"WebPage\",\"@id\":\"https:\/\/waterpik.be\/fr\/sante-bucco-dentaire\/besoins-dentaires-specifiques\/traitement-des-problemes-dentaires\/diabete-et-sante-bucco-dentaire\/\",\"url\":\"https:\/\/waterpik.be\/fr\/sante-bucco-dentaire\/besoins-dentaires-specifiques\/traitement-des-problemes-dentaires\/diabete-et-sante-bucco-dentaire\/\",\"name\":\"Diab\u00e8te et sant\u00e9 bucco-dentaire - Waterpik Waterflosser\",\"isPartOf\":{\"@id\":\"https:\/\/waterpik.be\/#website\"},\"datePublished\":\"2020-12-15T10:52:05+00:00\",\"dateModified\":\"2021-03-02T15:21:55+00:00\",\"description\":\"Le diab\u00e8te r\u00e9duit la capacit\u00e9 de votre corps \u00e0 combattre les bact\u00e9ries. Une hyperglyc\u00e9mie augmente \u00e9galement l\u2019incidence des plaques sur les dents et autour des gencives.\",\"breadcrumb\":{\"@id\":\"https:\/\/waterpik.be\/fr\/sante-bucco-dentaire\/besoins-dentaires-specifiques\/traitement-des-problemes-dentaires\/diabete-et-sante-bucco-dentaire\/#breadcrumb\"},\"inLanguage\":\"fr-FR\",\"potentialAction\":[{\"@type\":\"ReadAction\",\"target\":[\"https:\/\/waterpik.be\/fr\/sante-bucco-dentaire\/besoins-dentaires-specifiques\/traitement-des-problemes-dentaires\/diabete-et-sante-bucco-dentaire\/\"]}]},{\"@type\":\"BreadcrumbList\",\"@id\":\"https:\/\/waterpik.be\/fr\/sante-bucco-dentaire\/besoins-dentaires-specifiques\/traitement-des-problemes-dentaires\/diabete-et-sante-bucco-dentaire\/#breadcrumb\",\"itemListElement\":[{\"@type\":\"ListItem\",\"position\":1,\"name\":\"Home\",\"item\":\"https:\/\/waterpik.be\/fr\/\"},{\"@type\":\"ListItem\",\"position\":2,\"name\":\"Sant\u00e9 bucco-dentaire\",\"item\":\"https:\/\/waterpik.be\/fr\/sante-bucco-dentaire\/\"},{\"@type\":\"ListItem\",\"position\":3,\"name\":\"Besoins dentaires sp\u00e9cifiques\",\"item\":\"https:\/\/waterpik.be\/fr\/sante-bucco-dentaire\/besoins-dentaires-specifiques\/\"},{\"@type\":\"ListItem\",\"position\":4,\"name\":\"Traitement des probl\u00e8mes dentaires\",\"item\":\"https:\/\/waterpik.be\/fr\/sante-bucco-dentaire\/besoins-dentaires-specifiques\/traitement-des-problemes-dentaires\/\"},{\"@type\":\"ListItem\",\"position\":5,\"name\":\"Diab\u00e8te et sant\u00e9 bucco-dentaire\"}]},{\"@type\":\"WebSite\",\"@id\":\"https:\/\/waterpik.be\/#website\",\"url\":\"https:\/\/waterpik.be\/\",\"name\":\"Waterpik Waterflosser\",\"description\":\"Poetsen alleen is niet genoeg\",\"potentialAction\":[{\"@type\":\"SearchAction\",\"target\":{\"@type\":\"EntryPoint\",\"urlTemplate\":\"https:\/\/waterpik.be\/?s={search_term_string}\"},\"query-input\":{\"@type\":\"PropertyValueSpecification\",\"valueRequired\":true,\"valueName\":\"search_term_string\"}}],\"inLanguage\":\"fr-FR\"}]}<\/script>\n<!-- \/ Yoast SEO plugin. -->","yoast_head_json":{"title":"Diab\u00e8te et sant\u00e9 bucco-dentaire - Waterpik Waterflosser","description":"Le diab\u00e8te r\u00e9duit la capacit\u00e9 de votre corps \u00e0 combattre les bact\u00e9ries. Une hyperglyc\u00e9mie augmente \u00e9galement l\u2019incidence des plaques sur les dents et autour des gencives.","robots":{"index":"index","follow":"follow","max-snippet":"max-snippet:-1","max-image-preview":"max-image-preview:large","max-video-preview":"max-video-preview:-1"},"canonical":"https:\/\/waterpik.be\/fr\/sante-bucco-dentaire\/besoins-dentaires-specifiques\/traitement-des-problemes-dentaires\/diabete-et-sante-bucco-dentaire\/","og_locale":"fr_FR","og_type":"article","og_title":"Diab\u00e8te et sant\u00e9 bucco-dentaire - Waterpik Waterflosser","og_description":"Le diab\u00e8te r\u00e9duit la capacit\u00e9 de votre corps \u00e0 combattre les bact\u00e9ries. Une hyperglyc\u00e9mie augmente \u00e9galement l\u2019incidence des plaques sur les dents et autour des gencives.","og_url":"https:\/\/waterpik.be\/fr\/sante-bucco-dentaire\/besoins-dentaires-specifiques\/traitement-des-problemes-dentaires\/diabete-et-sante-bucco-dentaire\/","og_site_name":"Waterpik Waterflosser","article_modified_time":"2021-03-02T15:21:55+00:00","twitter_card":"summary_large_image","twitter_misc":{"Dur\u00e9e de lecture estim\u00e9e":"1 minute"},"schema":{"@context":"https:\/\/schema.org","@graph":[{"@type":"WebPage","@id":"https:\/\/waterpik.be\/fr\/sante-bucco-dentaire\/besoins-dentaires-specifiques\/traitement-des-problemes-dentaires\/diabete-et-sante-bucco-dentaire\/","url":"https:\/\/waterpik.be\/fr\/sante-bucco-dentaire\/besoins-dentaires-specifiques\/traitement-des-problemes-dentaires\/diabete-et-sante-bucco-dentaire\/","name":"Diab\u00e8te et sant\u00e9 bucco-dentaire - Waterpik Waterflosser","isPartOf":{"@id":"https:\/\/waterpik.be\/#website"},"datePublished":"2020-12-15T10:52:05+00:00","dateModified":"2021-03-02T15:21:55+00:00","description":"Le diab\u00e8te r\u00e9duit la capacit\u00e9 de votre corps \u00e0 combattre les bact\u00e9ries. Une hyperglyc\u00e9mie augmente \u00e9galement l\u2019incidence des plaques sur les dents et autour des gencives.","breadcrumb":{"@id":"https:\/\/waterpik.be\/fr\/sante-bucco-dentaire\/besoins-dentaires-specifiques\/traitement-des-problemes-dentaires\/diabete-et-sante-bucco-dentaire\/#breadcrumb"},"inLanguage":"fr-FR","potentialAction":[{"@type":"ReadAction","target":["https:\/\/waterpik.be\/fr\/sante-bucco-dentaire\/besoins-dentaires-specifiques\/traitement-des-problemes-dentaires\/diabete-et-sante-bucco-dentaire\/"]}]},{"@type":"BreadcrumbList","@id":"https:\/\/waterpik.be\/fr\/sante-bucco-dentaire\/besoins-dentaires-specifiques\/traitement-des-problemes-dentaires\/diabete-et-sante-bucco-dentaire\/#breadcrumb","itemListElement":[{"@type":"ListItem","position":1,"name":"Home","item":"https:\/\/waterpik.be\/fr\/"},{"@type":"ListItem","position":2,"name":"Sant\u00e9 bucco-dentaire","item":"https:\/\/waterpik.be\/fr\/sante-bucco-dentaire\/"},{"@type":"ListItem","position":3,"name":"Besoins dentaires sp\u00e9cifiques","item":"https:\/\/waterpik.be\/fr\/sante-bucco-dentaire\/besoins-dentaires-specifiques\/"},{"@type":"ListItem","position":4,"name":"Traitement des probl\u00e8mes dentaires","item":"https:\/\/waterpik.be\/fr\/sante-bucco-dentaire\/besoins-dentaires-specifiques\/traitement-des-problemes-dentaires\/"},{"@type":"ListItem","position":5,"name":"Diab\u00e8te et sant\u00e9 bucco-dentaire"}]},{"@type":"WebSite","@id":"https:\/\/waterpik.be\/#website","url":"https:\/\/waterpik.be\/","name":"Waterpik Waterflosser","description":"Poetsen alleen is niet genoeg","potentialAction":[{"@type":"SearchAction","target":{"@type":"EntryPoint","urlTemplate":"https:\/\/waterpik.be\/?s={search_term_string}"},"query-input":{"@type":"PropertyValueSpecification","valueRequired":true,"valueName":"search_term_string"}}],"inLanguage":"fr-FR"}]}},"_links":{"self":[{"href":"https:\/\/waterpik.be\/fr\/wp-json\/wp\/v2\/pages\/5851","targetHints":{"allow":["GET"]}}],"collection":[{"href":"https:\/\/waterpik.be\/fr\/wp-json\/wp\/v2\/pages"}],"about":[{"href":"https:\/\/waterpik.be\/fr\/wp-json\/wp\/v2\/types\/page"}],"author":[{"embeddable":true,"href":"https:\/\/waterpik.be\/fr\/wp-json\/wp\/v2\/users\/3"}],"replies":[{"embeddable":true,"href":"https:\/\/waterpik.be\/fr\/wp-json\/wp\/v2\/comments?post=5851"}],"version-history":[{"count":1,"href":"https:\/\/waterpik.be\/fr\/wp-json\/wp\/v2\/pages\/5851\/revisions"}],"predecessor-version":[{"id":6321,"href":"https:\/\/waterpik.be\/fr\/wp-json\/wp\/v2\/pages\/5851\/revisions\/6321"}],"up":[{"embeddable":true,"href":"https:\/\/waterpik.be\/fr\/wp-json\/wp\/v2\/pages\/5703"}],"wp:attachment":[{"href":"https:\/\/waterpik.be\/fr\/wp-json\/wp\/v2\/media?parent=5851"}],"curies":[{"name":"wp","href":"https:\/\/api.w.org\/{rel}","templated":true}]}}