{"id":5854,"date":"2020-12-15T12:02:21","date_gmt":"2020-12-15T11:02:21","guid":{"rendered":"http:\/\/waterpik.be\/besoins-dentaires-specifiques\/traitement-des-problemes-dentaires\/problemes-dentaires-courants-chez-les-enfants\/"},"modified":"2021-03-02T16:26:55","modified_gmt":"2021-03-02T15:26:55","slug":"problemes-dentaires-courants-chez-les-enfants","status":"publish","type":"page","link":"https:\/\/waterpik.be\/fr\/sante-bucco-dentaire\/besoins-dentaires-specifiques\/traitement-des-problemes-dentaires\/problemes-dentaires-courants-chez-les-enfants\/","title":{"rendered":"Probl\u00e8mes dentaires courants chez les enfants"},"content":{"rendered":"<p>l peut \u00eatre difficile d\u2019enseigner aux enfants \u00e0 prendre soin de leurs dents et de leurs gencives. Au-del\u00e0 des d\u00e9fis que doivent affronter les parents pour inciter leurs enfants \u00e0 se brosser les dents, les encourager \u00e0 utiliser de le fil dentaire r\u00e9guli\u00e8rement repr\u00e9sente des efforts encore plus grands, surtout quand de nombreux parents eux-m\u00eames n\u2019utilisent pas de soie dentaire.<\/p>\n<h2>Commencez t\u00f4t<\/h2>\n<p>Les professionnels dentaires recommandent de passer des examens dentaires r\u00e9guliers d\u00e8s l\u2019apparition des premi\u00e8res dents de l\u2019enfant. Le dentiste peut recommander un programme sp\u00e9cifique de brossage, d\u2019utilisation de soie dentaire et d\u2019autres traitements pour que les parents surveillent et enseignent les bonnes habitudes \u00e0 leurs enfants.<\/p>\n<p>Les professionnels dentaires recommandent que les parents brossent les dents des enfants d\u2019\u00e2ge pr\u00e9scolaire et supervisent les gestes de brossage et d\u2019utilisation de soie dentaire des enfants d\u2019\u00e2ge scolaire jusqu\u2019\u00e0 l\u2019\u00e2ge de 7 \u00e0 8 ans.<\/p>\n<p><img loading=\"lazy\" decoding=\"async\" class=\"size-full wp-image-5858 alignleft\" src=\"http:\/\/waterpik.be\/wp-content\/uploads\/2019\/08\/girl-at-dentist.jpg\" alt=\"\" width=\"190\" height=\"127\" \/><img loading=\"lazy\" decoding=\"async\" class=\"size-full wp-image-5859 alignleft\" src=\"http:\/\/waterpik.be\/wp-content\/uploads\/2019\/08\/dental-challenges-rect.jpg\" alt=\"\" width=\"190\" height=\"127\" \/><img loading=\"lazy\" decoding=\"async\" class=\"size-full wp-image-5860 alignleft\" src=\"http:\/\/waterpik.be\/wp-content\/uploads\/2019\/08\/smiling-kid.jpg\" alt=\"\" width=\"190\" height=\"127\" \/><span style=\"font-size: 1rem;\">\u00a0 \u00a0 \u00a0<\/span><\/p>\n<h2><\/h2>\n<h2><\/h2>\n<h2>Rendre l\u2019utilisation de le fil dentaire plus facile (et amusante) pour les enfants<\/h2>\n<p>Lorsque votre enfant devient plus autonome au niveau du brossage et de l\u2019utilisation de le fil dentaire, vous pouvez l\u2019aider en le supervisant et en l\u2019encourageant \u00e0 avoir une bonne routine de sant\u00e9 bucco-dentaire. Il se peut \u00e9galement que les enfants d\u2019\u00e2ge scolaire commencent un\u00a0<a href=\"https:\/\/waterpik.be\/fr\/sante-bucco-dentaire\/besoins-dentaires-specifiques\/nettoyage-des-broches-et-appareils-orthodontiques\/\">traitement orthodontique<\/a>, ce qui rend le brossage et l\u2019utilisation de le fil dentaire plus difficiles.<\/p>\n<p>Nous voulons vous aider \u00e0 rendre la sant\u00e9 et le bien-\u00eatre de votre famille plus facile, plus efficace et m\u00eame amusant. Le\u00a0<a href=\"https:\/\/waterpik.be\/products\/dentale-waterflosser-wp-250\/\">jet dentaire Waterpik<sup>\u00ae<\/sup>\u00a0Nano<sup>TM<\/sup><\/a>\u00a0a un conception simple et r\u00e9duite qui simplifie l\u2019utilisation de le fil dentaire pour les enfants plus \u00e2g\u00e9s. Il est id\u00e9al pour\u00a0<a title=\"Utiliser de le fil dentaire avec des broches orthodontiques : instructions et vid\u00e9o anim\u00e9e\" href=\"https:\/\/waterpik.be\/fr\/sante-bucco-dentaire\/besoins-dentaires-specifiques\/nettoyage-des-broches-et-appareils-orthodontiques\/utiliser-un-hydropulseur-jet-dentaire-en-portant-des-broches\/\">les enfants qui portent des broches orthodontiques<\/a>\u00a0ou qui n\u2019aiment pas trop utiliser l\u2019hydropulseur.<\/p>\n<p>Le jet dentaire Waterpik<sup>\u00ae<\/sup>\u00a0Nano<sup>TM<\/sup>\u00a0est dot\u00e9 de commandes faciles au bout des doigts et d&rsquo;un r\u00e9servoir qui sert de couvercle pour garder l&rsquo;unit\u00e9 propre.<\/p>\n<p>Les jet dentaires Waterpik<sup>\u00ae<\/sup>\u00a0sont l\u2019unique marque\u00a0<a href=\"https:\/\/waterpik.be\/fr\/dentistes\/recherche-clinique-un-produit-base-sur-des-resultats\/\">cliniquement prouv\u00e9e<\/a>\u00a0comme \u00e9tant plus efficace que les hydropulseurs traditionnels et le jet d\u2019air Sonicare<sup>\u00ae<\/sup>\u00a0(mod\u00e8le HX8181) pour r\u00e9duire la plaque dentaire, les gingivites et les maladies des gencives.<\/p>\n<h2><span style=\"font-size: 1rem; font-weight: 400;\"> <div class=\"woocommerce columns-3 \"><ul class=\"products columns-3\">\n<li class=\"product type-product post-5594 status-publish first instock product_cat-jet-dentaires product_cat-modeles-standards has-post-thumbnail featured taxable shipping-taxable product-type-simple\">\n\t<a href=\"https:\/\/waterpik.be\/fr\/products\/wp-250-hydropulseur-jet-dentaire-nano-blanc\/\" class=\"woocommerce-LoopProduct-link woocommerce-loop-product__link\"><img loading=\"lazy\" decoding=\"async\" width=\"300\" height=\"300\" src=\"https:\/\/waterpik.be\/wp-content\/uploads\/2019\/04\/Medium_PNG-Waterpik-Product-Image-WP-310-Nano-White-Hero-Shot-02-February-2023-300x300.png\" class=\"attachment-woocommerce_thumbnail size-woocommerce_thumbnail\" alt=\"WP-250 Hydropulseur Jet Dentaire Nano\u2122, Blanc\" srcset=\"https:\/\/waterpik.be\/wp-content\/uploads\/2019\/04\/Medium_PNG-Waterpik-Product-Image-WP-310-Nano-White-Hero-Shot-02-February-2023-300x300.png 300w, https:\/\/waterpik.be\/wp-content\/uploads\/2019\/04\/Medium_PNG-Waterpik-Product-Image-WP-310-Nano-White-Hero-Shot-02-February-2023-1024x1024.png 1024w, https:\/\/waterpik.be\/wp-content\/uploads\/2019\/04\/Medium_PNG-Waterpik-Product-Image-WP-310-Nano-White-Hero-Shot-02-February-2023-150x150.png 150w, https:\/\/waterpik.be\/wp-content\/uploads\/2019\/04\/Medium_PNG-Waterpik-Product-Image-WP-310-Nano-White-Hero-Shot-02-February-2023-768x768.png 768w, https:\/\/waterpik.be\/wp-content\/uploads\/2019\/04\/Medium_PNG-Waterpik-Product-Image-WP-310-Nano-White-Hero-Shot-02-February-2023-1536x1536.png 1536w, https:\/\/waterpik.be\/wp-content\/uploads\/2019\/04\/Medium_PNG-Waterpik-Product-Image-WP-310-Nano-White-Hero-Shot-02-February-2023-600x600.png 600w, https:\/\/waterpik.be\/wp-content\/uploads\/2019\/04\/Medium_PNG-Waterpik-Product-Image-WP-310-Nano-White-Hero-Shot-02-February-2023-100x100.png 100w, https:\/\/waterpik.be\/wp-content\/uploads\/2019\/04\/Medium_PNG-Waterpik-Product-Image-WP-310-Nano-White-Hero-Shot-02-February-2023.png 1800w\" sizes=\"auto, (max-width: 300px) 100vw, 300px\" \/><hr><span class=\"sku_loop\">(WP-250EU)<\/span><h2 class=\"woocommerce-loop-product__title\">WP-250 Hydropulseur Jet Dentaire Nano\u2122, Blanc<\/h2>\n\t<span class=\"price\"><span class=\"woocommerce-Price-amount amount\"><bdi><span class=\"woocommerce-Price-currencySymbol\">&euro;<\/span>69,99<\/bdi><\/span><\/span>\n<\/a>\t\t<br>\n\t\t<a href=\"https:\/\/waterpik.be\/fr\/products\/wp-250-hydropulseur-jet-dentaire-nano-blanc\/\" class=\"btn btn-outline-secondary\">D\u00e9tails<\/a>\t<span id=\"woocommerce_loop_add_to_cart_link_describedby_5594\" class=\"screen-reader-text\">\n\t\t\t<\/span>\n<\/li>\n<\/ul>\n<\/div><\/span><\/h2>\n","protected":false},"excerpt":{"rendered":"<p>l peut \u00eatre difficile d\u2019enseigner aux enfants \u00e0 prendre soin de leurs dents et de leurs gencives. Au-del\u00e0 des d\u00e9fis que doivent affronter les parents pour inciter leurs enfants \u00e0 se brosser les dents, les encourager \u00e0 utiliser de le fil dentaire r\u00e9guli\u00e8rement repr\u00e9sente des efforts encore plus grands, surtout quand de nombreux parents eux-m\u00eames [&hellip;]<\/p>\n","protected":false},"author":3,"featured_media":0,"parent":5703,"menu_order":3,"comment_status":"closed","ping_status":"closed","template":"","meta":{"_acf_changed":false,"footnotes":""},"class_list":["post-5854","page","type-page","status-publish","hentry"],"acf":[],"yoast_head":"<!-- This site is optimized with the Yoast SEO plugin v26.7 - https:\/\/yoast.com\/wordpress\/plugins\/seo\/ -->\n<title>Probl\u00e8mes dentaires courants chez les enfants - Waterpik Waterflosser<\/title>\n<meta name=\"description\" content=\"l peut \u00eatre difficile d\u2019enseigner aux enfants \u00e0 prendre soin de leurs dents et de leurs gencives. Au-del\u00e0 des d\u00e9fis que doivent affronter les parents pour inciter leurs enfants \u00e0 se brosser les dents,\" \/>\n<meta name=\"robots\" content=\"index, follow, max-snippet:-1, max-image-preview:large, max-video-preview:-1\" \/>\n<link rel=\"canonical\" href=\"https:\/\/waterpik.be\/fr\/sante-bucco-dentaire\/besoins-dentaires-specifiques\/traitement-des-problemes-dentaires\/problemes-dentaires-courants-chez-les-enfants\/\" \/>\n<meta property=\"og:locale\" content=\"fr_FR\" \/>\n<meta property=\"og:type\" content=\"article\" \/>\n<meta property=\"og:title\" content=\"Probl\u00e8mes dentaires courants chez les enfants - Waterpik Waterflosser\" \/>\n<meta property=\"og:description\" content=\"l peut \u00eatre difficile d\u2019enseigner aux enfants \u00e0 prendre soin de leurs dents et de leurs gencives. Au-del\u00e0 des d\u00e9fis que doivent affronter les parents pour inciter leurs enfants \u00e0 se brosser les dents,\" \/>\n<meta property=\"og:url\" content=\"https:\/\/waterpik.be\/fr\/sante-bucco-dentaire\/besoins-dentaires-specifiques\/traitement-des-problemes-dentaires\/problemes-dentaires-courants-chez-les-enfants\/\" \/>\n<meta property=\"og:site_name\" content=\"Waterpik Waterflosser\" \/>\n<meta property=\"article:modified_time\" content=\"2021-03-02T15:26:55+00:00\" \/>\n<meta property=\"og:image\" content=\"https:\/\/waterpik.be\/wp-content\/uploads\/2019\/08\/girl-at-dentist.jpg\" \/>\n\t<meta property=\"og:image:width\" content=\"190\" \/>\n\t<meta property=\"og:image:height\" content=\"127\" \/>\n\t<meta property=\"og:image:type\" content=\"image\/jpeg\" \/>\n<meta name=\"twitter:card\" content=\"summary_large_image\" \/>\n<meta name=\"twitter:label1\" content=\"Dur\u00e9e de lecture estim\u00e9e\" \/>\n\t<meta name=\"twitter:data1\" content=\"2 minutes\" \/>\n<script type=\"application\/ld+json\" class=\"yoast-schema-graph\">{\"@context\":\"https:\/\/schema.org\",\"@graph\":[{\"@type\":\"WebPage\",\"@id\":\"https:\/\/waterpik.be\/fr\/sante-bucco-dentaire\/besoins-dentaires-specifiques\/traitement-des-problemes-dentaires\/problemes-dentaires-courants-chez-les-enfants\/\",\"url\":\"https:\/\/waterpik.be\/fr\/sante-bucco-dentaire\/besoins-dentaires-specifiques\/traitement-des-problemes-dentaires\/problemes-dentaires-courants-chez-les-enfants\/\",\"name\":\"Probl\u00e8mes dentaires courants chez les enfants - Waterpik Waterflosser\",\"isPartOf\":{\"@id\":\"https:\/\/waterpik.be\/#website\"},\"primaryImageOfPage\":{\"@id\":\"https:\/\/waterpik.be\/fr\/sante-bucco-dentaire\/besoins-dentaires-specifiques\/traitement-des-problemes-dentaires\/problemes-dentaires-courants-chez-les-enfants\/#primaryimage\"},\"image\":{\"@id\":\"https:\/\/waterpik.be\/fr\/sante-bucco-dentaire\/besoins-dentaires-specifiques\/traitement-des-problemes-dentaires\/problemes-dentaires-courants-chez-les-enfants\/#primaryimage\"},\"thumbnailUrl\":\"http:\/\/waterpik.be\/wp-content\/uploads\/2019\/08\/girl-at-dentist.jpg\",\"datePublished\":\"2020-12-15T11:02:21+00:00\",\"dateModified\":\"2021-03-02T15:26:55+00:00\",\"description\":\"l peut \u00eatre difficile d\u2019enseigner aux enfants \u00e0 prendre soin de leurs dents et de leurs gencives. Au-del\u00e0 des d\u00e9fis que doivent affronter les parents pour inciter leurs enfants \u00e0 se brosser les dents,\",\"breadcrumb\":{\"@id\":\"https:\/\/waterpik.be\/fr\/sante-bucco-dentaire\/besoins-dentaires-specifiques\/traitement-des-problemes-dentaires\/problemes-dentaires-courants-chez-les-enfants\/#breadcrumb\"},\"inLanguage\":\"fr-FR\",\"potentialAction\":[{\"@type\":\"ReadAction\",\"target\":[\"https:\/\/waterpik.be\/fr\/sante-bucco-dentaire\/besoins-dentaires-specifiques\/traitement-des-problemes-dentaires\/problemes-dentaires-courants-chez-les-enfants\/\"]}]},{\"@type\":\"ImageObject\",\"inLanguage\":\"fr-FR\",\"@id\":\"https:\/\/waterpik.be\/fr\/sante-bucco-dentaire\/besoins-dentaires-specifiques\/traitement-des-problemes-dentaires\/problemes-dentaires-courants-chez-les-enfants\/#primaryimage\",\"url\":\"http:\/\/waterpik.be\/wp-content\/uploads\/2019\/08\/girl-at-dentist.jpg\",\"contentUrl\":\"http:\/\/waterpik.be\/wp-content\/uploads\/2019\/08\/girl-at-dentist.jpg\"},{\"@type\":\"BreadcrumbList\",\"@id\":\"https:\/\/waterpik.be\/fr\/sante-bucco-dentaire\/besoins-dentaires-specifiques\/traitement-des-problemes-dentaires\/problemes-dentaires-courants-chez-les-enfants\/#breadcrumb\",\"itemListElement\":[{\"@type\":\"ListItem\",\"position\":1,\"name\":\"Home\",\"item\":\"https:\/\/waterpik.be\/fr\/\"},{\"@type\":\"ListItem\",\"position\":2,\"name\":\"Sant\u00e9 bucco-dentaire\",\"item\":\"https:\/\/waterpik.be\/fr\/sante-bucco-dentaire\/\"},{\"@type\":\"ListItem\",\"position\":3,\"name\":\"Besoins dentaires sp\u00e9cifiques\",\"item\":\"https:\/\/waterpik.be\/fr\/sante-bucco-dentaire\/besoins-dentaires-specifiques\/\"},{\"@type\":\"ListItem\",\"position\":4,\"name\":\"Traitement des probl\u00e8mes dentaires\",\"item\":\"https:\/\/waterpik.be\/fr\/sante-bucco-dentaire\/besoins-dentaires-specifiques\/traitement-des-problemes-dentaires\/\"},{\"@type\":\"ListItem\",\"position\":5,\"name\":\"Probl\u00e8mes dentaires courants chez les enfants\"}]},{\"@type\":\"WebSite\",\"@id\":\"https:\/\/waterpik.be\/#website\",\"url\":\"https:\/\/waterpik.be\/\",\"name\":\"Waterpik Waterflosser\",\"description\":\"Poetsen alleen is niet genoeg\",\"potentialAction\":[{\"@type\":\"SearchAction\",\"target\":{\"@type\":\"EntryPoint\",\"urlTemplate\":\"https:\/\/waterpik.be\/?s={search_term_string}\"},\"query-input\":{\"@type\":\"PropertyValueSpecification\",\"valueRequired\":true,\"valueName\":\"search_term_string\"}}],\"inLanguage\":\"fr-FR\"}]}<\/script>\n<!-- \/ Yoast SEO plugin. -->","yoast_head_json":{"title":"Probl\u00e8mes dentaires courants chez les enfants - Waterpik Waterflosser","description":"l peut \u00eatre difficile d\u2019enseigner aux enfants \u00e0 prendre soin de leurs dents et de leurs gencives. Au-del\u00e0 des d\u00e9fis que doivent affronter les parents pour inciter leurs enfants \u00e0 se brosser les dents,","robots":{"index":"index","follow":"follow","max-snippet":"max-snippet:-1","max-image-preview":"max-image-preview:large","max-video-preview":"max-video-preview:-1"},"canonical":"https:\/\/waterpik.be\/fr\/sante-bucco-dentaire\/besoins-dentaires-specifiques\/traitement-des-problemes-dentaires\/problemes-dentaires-courants-chez-les-enfants\/","og_locale":"fr_FR","og_type":"article","og_title":"Probl\u00e8mes dentaires courants chez les enfants - Waterpik Waterflosser","og_description":"l peut \u00eatre difficile d\u2019enseigner aux enfants \u00e0 prendre soin de leurs dents et de leurs gencives. Au-del\u00e0 des d\u00e9fis que doivent affronter les parents pour inciter leurs enfants \u00e0 se brosser les dents,","og_url":"https:\/\/waterpik.be\/fr\/sante-bucco-dentaire\/besoins-dentaires-specifiques\/traitement-des-problemes-dentaires\/problemes-dentaires-courants-chez-les-enfants\/","og_site_name":"Waterpik Waterflosser","article_modified_time":"2021-03-02T15:26:55+00:00","og_image":[{"width":190,"height":127,"url":"https:\/\/waterpik.be\/wp-content\/uploads\/2019\/08\/girl-at-dentist.jpg","type":"image\/jpeg"}],"twitter_card":"summary_large_image","twitter_misc":{"Dur\u00e9e de lecture estim\u00e9e":"2 minutes"},"schema":{"@context":"https:\/\/schema.org","@graph":[{"@type":"WebPage","@id":"https:\/\/waterpik.be\/fr\/sante-bucco-dentaire\/besoins-dentaires-specifiques\/traitement-des-problemes-dentaires\/problemes-dentaires-courants-chez-les-enfants\/","url":"https:\/\/waterpik.be\/fr\/sante-bucco-dentaire\/besoins-dentaires-specifiques\/traitement-des-problemes-dentaires\/problemes-dentaires-courants-chez-les-enfants\/","name":"Probl\u00e8mes dentaires courants chez les enfants - Waterpik Waterflosser","isPartOf":{"@id":"https:\/\/waterpik.be\/#website"},"primaryImageOfPage":{"@id":"https:\/\/waterpik.be\/fr\/sante-bucco-dentaire\/besoins-dentaires-specifiques\/traitement-des-problemes-dentaires\/problemes-dentaires-courants-chez-les-enfants\/#primaryimage"},"image":{"@id":"https:\/\/waterpik.be\/fr\/sante-bucco-dentaire\/besoins-dentaires-specifiques\/traitement-des-problemes-dentaires\/problemes-dentaires-courants-chez-les-enfants\/#primaryimage"},"thumbnailUrl":"http:\/\/waterpik.be\/wp-content\/uploads\/2019\/08\/girl-at-dentist.jpg","datePublished":"2020-12-15T11:02:21+00:00","dateModified":"2021-03-02T15:26:55+00:00","description":"l peut \u00eatre difficile d\u2019enseigner aux enfants \u00e0 prendre soin de leurs dents et de leurs gencives. Au-del\u00e0 des d\u00e9fis que doivent affronter les parents pour inciter leurs enfants \u00e0 se brosser les dents,","breadcrumb":{"@id":"https:\/\/waterpik.be\/fr\/sante-bucco-dentaire\/besoins-dentaires-specifiques\/traitement-des-problemes-dentaires\/problemes-dentaires-courants-chez-les-enfants\/#breadcrumb"},"inLanguage":"fr-FR","potentialAction":[{"@type":"ReadAction","target":["https:\/\/waterpik.be\/fr\/sante-bucco-dentaire\/besoins-dentaires-specifiques\/traitement-des-problemes-dentaires\/problemes-dentaires-courants-chez-les-enfants\/"]}]},{"@type":"ImageObject","inLanguage":"fr-FR","@id":"https:\/\/waterpik.be\/fr\/sante-bucco-dentaire\/besoins-dentaires-specifiques\/traitement-des-problemes-dentaires\/problemes-dentaires-courants-chez-les-enfants\/#primaryimage","url":"http:\/\/waterpik.be\/wp-content\/uploads\/2019\/08\/girl-at-dentist.jpg","contentUrl":"http:\/\/waterpik.be\/wp-content\/uploads\/2019\/08\/girl-at-dentist.jpg"},{"@type":"BreadcrumbList","@id":"https:\/\/waterpik.be\/fr\/sante-bucco-dentaire\/besoins-dentaires-specifiques\/traitement-des-problemes-dentaires\/problemes-dentaires-courants-chez-les-enfants\/#breadcrumb","itemListElement":[{"@type":"ListItem","position":1,"name":"Home","item":"https:\/\/waterpik.be\/fr\/"},{"@type":"ListItem","position":2,"name":"Sant\u00e9 bucco-dentaire","item":"https:\/\/waterpik.be\/fr\/sante-bucco-dentaire\/"},{"@type":"ListItem","position":3,"name":"Besoins dentaires sp\u00e9cifiques","item":"https:\/\/waterpik.be\/fr\/sante-bucco-dentaire\/besoins-dentaires-specifiques\/"},{"@type":"ListItem","position":4,"name":"Traitement des probl\u00e8mes dentaires","item":"https:\/\/waterpik.be\/fr\/sante-bucco-dentaire\/besoins-dentaires-specifiques\/traitement-des-problemes-dentaires\/"},{"@type":"ListItem","position":5,"name":"Probl\u00e8mes dentaires courants chez les enfants"}]},{"@type":"WebSite","@id":"https:\/\/waterpik.be\/#website","url":"https:\/\/waterpik.be\/","name":"Waterpik Waterflosser","description":"Poetsen alleen is niet genoeg","potentialAction":[{"@type":"SearchAction","target":{"@type":"EntryPoint","urlTemplate":"https:\/\/waterpik.be\/?s={search_term_string}"},"query-input":{"@type":"PropertyValueSpecification","valueRequired":true,"valueName":"search_term_string"}}],"inLanguage":"fr-FR"}]}},"_links":{"self":[{"href":"https:\/\/waterpik.be\/fr\/wp-json\/wp\/v2\/pages\/5854","targetHints":{"allow":["GET"]}}],"collection":[{"href":"https:\/\/waterpik.be\/fr\/wp-json\/wp\/v2\/pages"}],"about":[{"href":"https:\/\/waterpik.be\/fr\/wp-json\/wp\/v2\/types\/page"}],"author":[{"embeddable":true,"href":"https:\/\/waterpik.be\/fr\/wp-json\/wp\/v2\/users\/3"}],"replies":[{"embeddable":true,"href":"https:\/\/waterpik.be\/fr\/wp-json\/wp\/v2\/comments?post=5854"}],"version-history":[{"count":3,"href":"https:\/\/waterpik.be\/fr\/wp-json\/wp\/v2\/pages\/5854\/revisions"}],"predecessor-version":[{"id":6300,"href":"https:\/\/waterpik.be\/fr\/wp-json\/wp\/v2\/pages\/5854\/revisions\/6300"}],"up":[{"embeddable":true,"href":"https:\/\/waterpik.be\/fr\/wp-json\/wp\/v2\/pages\/5703"}],"wp:attachment":[{"href":"https:\/\/waterpik.be\/fr\/wp-json\/wp\/v2\/media?parent=5854"}],"curies":[{"name":"wp","href":"https:\/\/api.w.org\/{rel}","templated":true}]}}