{"id":5863,"date":"2020-12-15T12:04:56","date_gmt":"2020-12-15T11:04:56","guid":{"rendered":"http:\/\/waterpik.be\/besoins-dentaires-specifiques\/traitement-des-problemes-dentaires\/problemes-dentaires-lies-a-la-grossesse\/"},"modified":"2021-03-02T16:39:02","modified_gmt":"2021-03-02T15:39:02","slug":"problemes-dentaires-lies-a-la-grossesse","status":"publish","type":"page","link":"https:\/\/waterpik.be\/fr\/sante-bucco-dentaire\/besoins-dentaires-specifiques\/traitement-des-problemes-dentaires\/problemes-dentaires-lies-a-la-grossesse\/","title":{"rendered":"Probl\u00e8mes dentaires li\u00e9s \u00e0 la grossesse"},"content":{"rendered":"<p>Lorsque vous \u00eates enceinte, il est important de maintenir un mode de vie sain. Les femmes enceintes ont besoin d\u2019une alimentation saine et \u00e9quilibr\u00e9e, de faire r\u00e9guli\u00e8rement des exercices appropri\u00e9s pour chaque trimestre et d\u2019\u00e9viter les produits comme le tabac et l\u2019alcool.<\/p>\n<p>Il est \u00e9galement important de nettoyer vos dents. Pendant la grossesse, les variations hormonales peuvent avoir un impact sur votre r\u00e9ponse aux bact\u00e9ries log\u00e9es dans la plaque dentaire, augmentant le risque et la gravit\u00e9 des\u00a0<a href=\"https:\/\/waterpik.be\/fr\/sante-bucco-dentaire\/besoins-dentaires-specifiques\/symptomes-de-la-maladie-des-gencives-et-traitement\/parodontite-symptomes-causes-et-traitement\/\">maladies des gencives<\/a>.<\/p>\n<div class=\"row border-bottom\">\n<div class=\"col-sm-6 hidden-xs center\"><img loading=\"lazy\" decoding=\"async\" class=\"size-full wp-image-5865 alignleft\" src=\"http:\/\/waterpik.be\/wp-content\/uploads\/2019\/08\/pregnant-couple.jpg\" alt=\"\" width=\"190\" height=\"127\" \/><\/div>\n<div class=\"col-sm-6 hidden-xs center\"><img loading=\"lazy\" decoding=\"async\" class=\"size-full wp-image-5859 aligncenter\" src=\"http:\/\/waterpik.be\/wp-content\/uploads\/2019\/08\/dental-challenges-rect.jpg\" alt=\"\" width=\"190\" height=\"127\" \/><\/div>\n<\/div>\n<div class=\"row\"><\/div>\n<h2>Gingivite de grossesse<\/h2>\n<p>Beaucoup de femmes sont sujettes \u00e0 une maladie appel\u00e9e gingivite de grossesse. Cela se produit g\u00e9n\u00e9ralement au cours du second trimestre, ce qui co\u00efncide avec l\u2019augmentation des niveaux d\u2019\u0153strog\u00e8ne et de progest\u00e9rone. Le type de bact\u00e9ries pr\u00e9sentes change \u00e9galement et est remplac\u00e9 par les bact\u00e9ries associ\u00e9es \u00e0 la maladie parodontale et la perte osseuse.<\/p>\n<p>La gencive peut para\u00eetre rouge vif, brillante et enfl\u00e9e. De plus, elle peut saigner facilement et excessivement. Souvent, ces changements sont associ\u00e9s \u00e0 une hygi\u00e8ne buccale insuffisante, mais ils peuvent m\u00eame arriver \u00e0 des femmes qui ont une bonne hygi\u00e8ne dentaire.<\/p>\n<p>Des changements de technique d\u2019hygi\u00e8ne bucco-dentaire et des soins dentaires professionnels peuvent aider \u00e0 am\u00e9liorer ou \u00e0 r\u00e9soudre cette affection. Dans certains cas, la gingivite de grossesse peut persister jusqu\u2019\u00e0 la fin de la grossesse ou jusqu\u2019apr\u00e8s l\u2019accouchement, lorsque les taux d\u2019hormones reviennent \u00e0 la normale.<\/p>\n<h3>Maladie des gencives et faible poids \u00e0 la naissance<\/h3>\n<p>Certains chercheurs ont \u00e9tudi\u00e9 l\u2019impact de la maladie des gencives pendant la grossesse sur l\u2019enfant \u00e0 na\u00eetre. Les premi\u00e8res \u00e9tudes ont r\u00e9v\u00e9l\u00e9 un lien dans le nombre de naissances pr\u00e9matur\u00e9es ou de b\u00e9b\u00e9s pr\u00e9sentant un faible poids \u00e0 la naissance chez les femmes atteintes de la maladie parodontale. Les chercheurs continuent d\u2019explorer cette relation pour aider \u00e0 trouver des solutions visant \u00e0 r\u00e9duire le nombre de naissances pr\u00e9matur\u00e9es et de b\u00e9b\u00e9s pr\u00e9sentant une insuffisance pond\u00e9rale.<\/p>\n<h3>Soins de sant\u00e9 bucco-dentaire et grossesse<\/h3>\n<p>Si vous \u00eates enceinte ou envisagez de tomber enceinte, pr\u00e9voyez un examen aupr\u00e8s de votre dentiste pour discuter de votre sant\u00e9 bucco-dentaire. Il se peut que votre hygi\u00e8ne bucco-dentaire habituelle soit inad\u00e9quate. En plus de se brosser les dents, il est important de nettoyer entre les dents et sous la gencive pour \u00e9liminer les bact\u00e9ries et les toxines qui irritent les gencives.<\/p>\n<p>L\u2019utilisation d\u2019un\u00a0<a href=\"https:\/\/www.waterpik.fr\/sante-bucco-dentaire\/produits\/hydropulseur-jet-dentaire\/\">jet dentaire Waterpik\u00ae<\/a>\u00a0en plus du brossage des dents est l\u2019un des moyens les plus rapides et les plus efficaces pour am\u00e9liorer votre sant\u00e9 bucco-dentaire. Des\u00a0<a href=\"https:\/\/www.waterpik.fr\/sante-bucco-dentaire\/recherche-clinique\/\">\u00e9tudes cliniques<\/a>\u00a0ont d\u00e9montr\u00e9 que l\u2019utilisation d\u2019un jet dentaire Waterpik\u00ae en compl\u00e9ment du le brossage des dents est plus efficace que le fil dentaire seule pour r\u00e9duire le saignement et le d\u00e9p\u00f4t de plaque sur les gencives.<\/p>\n<p>Avoir une bonne hygi\u00e8ne dentaire vous aidera pendant la grossesse et donnera le ton pour instaurer de bonnes habitudes chez votre enfant et pour pr\u00e9venir les maladies bucco-dentaires au cours de la petite enfance, l\u2019enfance, l\u2019adolescence et \u00e0 l\u2019\u00e2ge adulte.<\/p>\n<h2><span style=\"font-size: 1rem; font-weight: 400;\"><div class=\"woocommerce columns-3 \"><ul class=\"products columns-3\">\n<li class=\"product type-product post-5564 status-publish first instock product_cat-jet-dentaires product_cat-modeles-standards has-post-thumbnail featured taxable shipping-taxable product-type-simple\">\n\t<a href=\"https:\/\/waterpik.be\/fr\/products\/wp-660-hydropulseur-jet-dentaire-ultra-professional-blanc\/\" class=\"woocommerce-LoopProduct-link woocommerce-loop-product__link\"><img loading=\"lazy\" decoding=\"async\" width=\"300\" height=\"519\" src=\"https:\/\/waterpik.be\/wp-content\/uploads\/2019\/04\/WP-660-professional-water-flosser-9-300x519.jpg\" class=\"attachment-woocommerce_thumbnail size-woocommerce_thumbnail\" alt=\"WP-660 Hydropulseur Jet Dentaire Ultra Professional, Blanc\" srcset=\"https:\/\/waterpik.be\/wp-content\/uploads\/2019\/04\/WP-660-professional-water-flosser-9-300x519.jpg 300w, https:\/\/waterpik.be\/wp-content\/uploads\/2019\/04\/WP-660-professional-water-flosser-9-173x300.jpg 173w, https:\/\/waterpik.be\/wp-content\/uploads\/2019\/04\/WP-660-professional-water-flosser-9.jpg 330w\" sizes=\"auto, (max-width: 300px) 100vw, 300px\" \/><hr><span class=\"sku_loop\">(WF-660EU)<\/span><h2 class=\"woocommerce-loop-product__title\">WP-660 Hydropulseur Jet Dentaire Ultra Professional, Blanc<\/h2>\n\t<span class=\"price\"><span class=\"woocommerce-Price-amount amount\"><bdi><span class=\"woocommerce-Price-currencySymbol\">&euro;<\/span>99,99<\/bdi><\/span><\/span>\n<\/a>\t\t<br>\n\t\t<a href=\"https:\/\/waterpik.be\/fr\/products\/wp-660-hydropulseur-jet-dentaire-ultra-professional-blanc\/\" class=\"btn btn-outline-secondary\">D\u00e9tails<\/a>\t<span id=\"woocommerce_loop_add_to_cart_link_describedby_5564\" class=\"screen-reader-text\">\n\t\t\t<\/span>\n<\/li>\n<li class=\"product type-product post-5566 status-publish instock product_cat-jet-dentaires product_cat-sans-fil has-post-thumbnail featured taxable shipping-taxable product-type-simple\">\n\t<a href=\"https:\/\/waterpik.be\/fr\/products\/wp-560-hydropulseur-jet-dentaire-sans-fil-advanced-blanc\/\" class=\"woocommerce-LoopProduct-link woocommerce-loop-product__link\"><img loading=\"lazy\" decoding=\"async\" width=\"300\" height=\"300\" src=\"https:\/\/waterpik.be\/wp-content\/uploads\/2019\/04\/waterpik-wp-560-advanced-draadloze-monddouche-300x300.png\" class=\"attachment-woocommerce_thumbnail size-woocommerce_thumbnail\" alt=\"WP-560 Hydropulseur Jet Dentaire Sans Fil Advanced, Blanc\" srcset=\"https:\/\/waterpik.be\/wp-content\/uploads\/2019\/04\/waterpik-wp-560-advanced-draadloze-monddouche-300x300.png 300w, https:\/\/waterpik.be\/wp-content\/uploads\/2019\/04\/waterpik-wp-560-advanced-draadloze-monddouche-150x150.png 150w, https:\/\/waterpik.be\/wp-content\/uploads\/2019\/04\/waterpik-wp-560-advanced-draadloze-monddouche-100x100.png 100w, https:\/\/waterpik.be\/wp-content\/uploads\/2019\/04\/waterpik-wp-560-advanced-draadloze-monddouche.png 550w\" sizes=\"auto, (max-width: 300px) 100vw, 300px\" \/><hr><span class=\"sku_loop\">(WP-560EU)<\/span><h2 class=\"woocommerce-loop-product__title\">WP-560 Hydropulseur Jet Dentaire Sans Fil Advanced, Blanc<\/h2>\n\t<span class=\"price\"><span class=\"woocommerce-Price-amount amount\"><bdi><span class=\"woocommerce-Price-currencySymbol\">&euro;<\/span>109,99<\/bdi><\/span><\/span>\n<\/a>\t\t<br>\n\t\t<a href=\"https:\/\/waterpik.be\/fr\/products\/wp-560-hydropulseur-jet-dentaire-sans-fil-advanced-blanc\/\" class=\"btn btn-outline-secondary\">D\u00e9tails<\/a>\t<span id=\"woocommerce_loop_add_to_cart_link_describedby_5566\" class=\"screen-reader-text\">\n\t\t\t<\/span>\n<\/li>\n<\/ul>\n<\/div><\/span><\/h2>\n","protected":false},"excerpt":{"rendered":"<p>Lorsque vous \u00eates enceinte, il est important de maintenir un mode de vie sain. Les femmes enceintes ont besoin d\u2019une alimentation saine et \u00e9quilibr\u00e9e, de faire r\u00e9guli\u00e8rement des exercices appropri\u00e9s pour chaque trimestre et d\u2019\u00e9viter les produits comme le tabac et l\u2019alcool. Il est \u00e9galement important de nettoyer vos dents. Pendant la grossesse, les variations [&hellip;]<\/p>\n","protected":false},"author":3,"featured_media":0,"parent":5703,"menu_order":4,"comment_status":"closed","ping_status":"closed","template":"","meta":{"_acf_changed":false,"footnotes":""},"class_list":["post-5863","page","type-page","status-publish","hentry"],"acf":[],"yoast_head":"<!-- This site is optimized with the Yoast SEO plugin v26.7 - https:\/\/yoast.com\/wordpress\/plugins\/seo\/ -->\n<title>Probl\u00e8mes dentaires li\u00e9s \u00e0 la grossesse - Waterpik BE<\/title>\n<meta name=\"description\" content=\"Lorsque vous \u00eates enceinte, il est important de maintenir un mode de vie sain. Les femmes enceintes ont besoin d\u2019une alimentation saine et \u00e9quilibr\u00e9e, de faire r\u00e9guli\u00e8rement des exercices appropri\u00e9s pour chaque trimestre et d\u2019\u00e9viter les produits comme le tabac et l\u2019alcool.\" \/>\n<meta name=\"robots\" content=\"index, follow, max-snippet:-1, max-image-preview:large, max-video-preview:-1\" \/>\n<link rel=\"canonical\" href=\"https:\/\/waterpik.be\/fr\/sante-bucco-dentaire\/besoins-dentaires-specifiques\/traitement-des-problemes-dentaires\/problemes-dentaires-lies-a-la-grossesse\/\" \/>\n<meta property=\"og:locale\" content=\"fr_FR\" \/>\n<meta property=\"og:type\" content=\"article\" \/>\n<meta property=\"og:title\" content=\"Probl\u00e8mes dentaires li\u00e9s \u00e0 la grossesse - Waterpik BE\" \/>\n<meta property=\"og:description\" content=\"Lorsque vous \u00eates enceinte, il est important de maintenir un mode de vie sain. Les femmes enceintes ont besoin d\u2019une alimentation saine et \u00e9quilibr\u00e9e, de faire r\u00e9guli\u00e8rement des exercices appropri\u00e9s pour chaque trimestre et d\u2019\u00e9viter les produits comme le tabac et l\u2019alcool.\" \/>\n<meta property=\"og:url\" content=\"https:\/\/waterpik.be\/fr\/sante-bucco-dentaire\/besoins-dentaires-specifiques\/traitement-des-problemes-dentaires\/problemes-dentaires-lies-a-la-grossesse\/\" \/>\n<meta property=\"og:site_name\" content=\"Waterpik Waterflosser\" \/>\n<meta property=\"article:modified_time\" content=\"2021-03-02T15:39:02+00:00\" \/>\n<meta property=\"og:image\" content=\"https:\/\/waterpik.be\/wp-content\/uploads\/2019\/08\/pregnant-couple.jpg\" \/>\n\t<meta property=\"og:image:width\" content=\"190\" \/>\n\t<meta property=\"og:image:height\" content=\"127\" \/>\n\t<meta property=\"og:image:type\" content=\"image\/jpeg\" \/>\n<meta name=\"twitter:card\" content=\"summary_large_image\" \/>\n<meta name=\"twitter:label1\" content=\"Dur\u00e9e de lecture estim\u00e9e\" \/>\n\t<meta name=\"twitter:data1\" content=\"3 minutes\" \/>\n<script type=\"application\/ld+json\" class=\"yoast-schema-graph\">{\"@context\":\"https:\/\/schema.org\",\"@graph\":[{\"@type\":\"WebPage\",\"@id\":\"https:\/\/waterpik.be\/fr\/sante-bucco-dentaire\/besoins-dentaires-specifiques\/traitement-des-problemes-dentaires\/problemes-dentaires-lies-a-la-grossesse\/\",\"url\":\"https:\/\/waterpik.be\/fr\/sante-bucco-dentaire\/besoins-dentaires-specifiques\/traitement-des-problemes-dentaires\/problemes-dentaires-lies-a-la-grossesse\/\",\"name\":\"Probl\u00e8mes dentaires li\u00e9s \u00e0 la grossesse - Waterpik BE\",\"isPartOf\":{\"@id\":\"https:\/\/waterpik.be\/#website\"},\"primaryImageOfPage\":{\"@id\":\"https:\/\/waterpik.be\/fr\/sante-bucco-dentaire\/besoins-dentaires-specifiques\/traitement-des-problemes-dentaires\/problemes-dentaires-lies-a-la-grossesse\/#primaryimage\"},\"image\":{\"@id\":\"https:\/\/waterpik.be\/fr\/sante-bucco-dentaire\/besoins-dentaires-specifiques\/traitement-des-problemes-dentaires\/problemes-dentaires-lies-a-la-grossesse\/#primaryimage\"},\"thumbnailUrl\":\"http:\/\/waterpik.be\/wp-content\/uploads\/2019\/08\/pregnant-couple.jpg\",\"datePublished\":\"2020-12-15T11:04:56+00:00\",\"dateModified\":\"2021-03-02T15:39:02+00:00\",\"description\":\"Lorsque vous \u00eates enceinte, il est important de maintenir un mode de vie sain. Les femmes enceintes ont besoin d\u2019une alimentation saine et \u00e9quilibr\u00e9e, de faire r\u00e9guli\u00e8rement des exercices appropri\u00e9s pour chaque trimestre et d\u2019\u00e9viter les produits comme le tabac et l\u2019alcool.\",\"breadcrumb\":{\"@id\":\"https:\/\/waterpik.be\/fr\/sante-bucco-dentaire\/besoins-dentaires-specifiques\/traitement-des-problemes-dentaires\/problemes-dentaires-lies-a-la-grossesse\/#breadcrumb\"},\"inLanguage\":\"fr-FR\",\"potentialAction\":[{\"@type\":\"ReadAction\",\"target\":[\"https:\/\/waterpik.be\/fr\/sante-bucco-dentaire\/besoins-dentaires-specifiques\/traitement-des-problemes-dentaires\/problemes-dentaires-lies-a-la-grossesse\/\"]}]},{\"@type\":\"ImageObject\",\"inLanguage\":\"fr-FR\",\"@id\":\"https:\/\/waterpik.be\/fr\/sante-bucco-dentaire\/besoins-dentaires-specifiques\/traitement-des-problemes-dentaires\/problemes-dentaires-lies-a-la-grossesse\/#primaryimage\",\"url\":\"http:\/\/waterpik.be\/wp-content\/uploads\/2019\/08\/pregnant-couple.jpg\",\"contentUrl\":\"http:\/\/waterpik.be\/wp-content\/uploads\/2019\/08\/pregnant-couple.jpg\"},{\"@type\":\"BreadcrumbList\",\"@id\":\"https:\/\/waterpik.be\/fr\/sante-bucco-dentaire\/besoins-dentaires-specifiques\/traitement-des-problemes-dentaires\/problemes-dentaires-lies-a-la-grossesse\/#breadcrumb\",\"itemListElement\":[{\"@type\":\"ListItem\",\"position\":1,\"name\":\"Home\",\"item\":\"https:\/\/waterpik.be\/fr\/\"},{\"@type\":\"ListItem\",\"position\":2,\"name\":\"Sant\u00e9 bucco-dentaire\",\"item\":\"https:\/\/waterpik.be\/fr\/sante-bucco-dentaire\/\"},{\"@type\":\"ListItem\",\"position\":3,\"name\":\"Besoins dentaires sp\u00e9cifiques\",\"item\":\"https:\/\/waterpik.be\/fr\/sante-bucco-dentaire\/besoins-dentaires-specifiques\/\"},{\"@type\":\"ListItem\",\"position\":4,\"name\":\"Traitement des probl\u00e8mes dentaires\",\"item\":\"https:\/\/waterpik.be\/fr\/sante-bucco-dentaire\/besoins-dentaires-specifiques\/traitement-des-problemes-dentaires\/\"},{\"@type\":\"ListItem\",\"position\":5,\"name\":\"Probl\u00e8mes dentaires li\u00e9s \u00e0 la grossesse\"}]},{\"@type\":\"WebSite\",\"@id\":\"https:\/\/waterpik.be\/#website\",\"url\":\"https:\/\/waterpik.be\/\",\"name\":\"Waterpik Waterflosser\",\"description\":\"Poetsen alleen is niet genoeg\",\"potentialAction\":[{\"@type\":\"SearchAction\",\"target\":{\"@type\":\"EntryPoint\",\"urlTemplate\":\"https:\/\/waterpik.be\/?s={search_term_string}\"},\"query-input\":{\"@type\":\"PropertyValueSpecification\",\"valueRequired\":true,\"valueName\":\"search_term_string\"}}],\"inLanguage\":\"fr-FR\"}]}<\/script>\n<!-- \/ Yoast SEO plugin. -->","yoast_head_json":{"title":"Probl\u00e8mes dentaires li\u00e9s \u00e0 la grossesse - Waterpik BE","description":"Lorsque vous \u00eates enceinte, il est important de maintenir un mode de vie sain. Les femmes enceintes ont besoin d\u2019une alimentation saine et \u00e9quilibr\u00e9e, de faire r\u00e9guli\u00e8rement des exercices appropri\u00e9s pour chaque trimestre et d\u2019\u00e9viter les produits comme le tabac et l\u2019alcool.","robots":{"index":"index","follow":"follow","max-snippet":"max-snippet:-1","max-image-preview":"max-image-preview:large","max-video-preview":"max-video-preview:-1"},"canonical":"https:\/\/waterpik.be\/fr\/sante-bucco-dentaire\/besoins-dentaires-specifiques\/traitement-des-problemes-dentaires\/problemes-dentaires-lies-a-la-grossesse\/","og_locale":"fr_FR","og_type":"article","og_title":"Probl\u00e8mes dentaires li\u00e9s \u00e0 la grossesse - Waterpik BE","og_description":"Lorsque vous \u00eates enceinte, il est important de maintenir un mode de vie sain. Les femmes enceintes ont besoin d\u2019une alimentation saine et \u00e9quilibr\u00e9e, de faire r\u00e9guli\u00e8rement des exercices appropri\u00e9s pour chaque trimestre et d\u2019\u00e9viter les produits comme le tabac et l\u2019alcool.","og_url":"https:\/\/waterpik.be\/fr\/sante-bucco-dentaire\/besoins-dentaires-specifiques\/traitement-des-problemes-dentaires\/problemes-dentaires-lies-a-la-grossesse\/","og_site_name":"Waterpik Waterflosser","article_modified_time":"2021-03-02T15:39:02+00:00","og_image":[{"width":190,"height":127,"url":"https:\/\/waterpik.be\/wp-content\/uploads\/2019\/08\/pregnant-couple.jpg","type":"image\/jpeg"}],"twitter_card":"summary_large_image","twitter_misc":{"Dur\u00e9e de lecture estim\u00e9e":"3 minutes"},"schema":{"@context":"https:\/\/schema.org","@graph":[{"@type":"WebPage","@id":"https:\/\/waterpik.be\/fr\/sante-bucco-dentaire\/besoins-dentaires-specifiques\/traitement-des-problemes-dentaires\/problemes-dentaires-lies-a-la-grossesse\/","url":"https:\/\/waterpik.be\/fr\/sante-bucco-dentaire\/besoins-dentaires-specifiques\/traitement-des-problemes-dentaires\/problemes-dentaires-lies-a-la-grossesse\/","name":"Probl\u00e8mes dentaires li\u00e9s \u00e0 la grossesse - Waterpik BE","isPartOf":{"@id":"https:\/\/waterpik.be\/#website"},"primaryImageOfPage":{"@id":"https:\/\/waterpik.be\/fr\/sante-bucco-dentaire\/besoins-dentaires-specifiques\/traitement-des-problemes-dentaires\/problemes-dentaires-lies-a-la-grossesse\/#primaryimage"},"image":{"@id":"https:\/\/waterpik.be\/fr\/sante-bucco-dentaire\/besoins-dentaires-specifiques\/traitement-des-problemes-dentaires\/problemes-dentaires-lies-a-la-grossesse\/#primaryimage"},"thumbnailUrl":"http:\/\/waterpik.be\/wp-content\/uploads\/2019\/08\/pregnant-couple.jpg","datePublished":"2020-12-15T11:04:56+00:00","dateModified":"2021-03-02T15:39:02+00:00","description":"Lorsque vous \u00eates enceinte, il est important de maintenir un mode de vie sain. Les femmes enceintes ont besoin d\u2019une alimentation saine et \u00e9quilibr\u00e9e, de faire r\u00e9guli\u00e8rement des exercices appropri\u00e9s pour chaque trimestre et d\u2019\u00e9viter les produits comme le tabac et l\u2019alcool.","breadcrumb":{"@id":"https:\/\/waterpik.be\/fr\/sante-bucco-dentaire\/besoins-dentaires-specifiques\/traitement-des-problemes-dentaires\/problemes-dentaires-lies-a-la-grossesse\/#breadcrumb"},"inLanguage":"fr-FR","potentialAction":[{"@type":"ReadAction","target":["https:\/\/waterpik.be\/fr\/sante-bucco-dentaire\/besoins-dentaires-specifiques\/traitement-des-problemes-dentaires\/problemes-dentaires-lies-a-la-grossesse\/"]}]},{"@type":"ImageObject","inLanguage":"fr-FR","@id":"https:\/\/waterpik.be\/fr\/sante-bucco-dentaire\/besoins-dentaires-specifiques\/traitement-des-problemes-dentaires\/problemes-dentaires-lies-a-la-grossesse\/#primaryimage","url":"http:\/\/waterpik.be\/wp-content\/uploads\/2019\/08\/pregnant-couple.jpg","contentUrl":"http:\/\/waterpik.be\/wp-content\/uploads\/2019\/08\/pregnant-couple.jpg"},{"@type":"BreadcrumbList","@id":"https:\/\/waterpik.be\/fr\/sante-bucco-dentaire\/besoins-dentaires-specifiques\/traitement-des-problemes-dentaires\/problemes-dentaires-lies-a-la-grossesse\/#breadcrumb","itemListElement":[{"@type":"ListItem","position":1,"name":"Home","item":"https:\/\/waterpik.be\/fr\/"},{"@type":"ListItem","position":2,"name":"Sant\u00e9 bucco-dentaire","item":"https:\/\/waterpik.be\/fr\/sante-bucco-dentaire\/"},{"@type":"ListItem","position":3,"name":"Besoins dentaires sp\u00e9cifiques","item":"https:\/\/waterpik.be\/fr\/sante-bucco-dentaire\/besoins-dentaires-specifiques\/"},{"@type":"ListItem","position":4,"name":"Traitement des probl\u00e8mes dentaires","item":"https:\/\/waterpik.be\/fr\/sante-bucco-dentaire\/besoins-dentaires-specifiques\/traitement-des-problemes-dentaires\/"},{"@type":"ListItem","position":5,"name":"Probl\u00e8mes dentaires li\u00e9s \u00e0 la grossesse"}]},{"@type":"WebSite","@id":"https:\/\/waterpik.be\/#website","url":"https:\/\/waterpik.be\/","name":"Waterpik Waterflosser","description":"Poetsen alleen is niet genoeg","potentialAction":[{"@type":"SearchAction","target":{"@type":"EntryPoint","urlTemplate":"https:\/\/waterpik.be\/?s={search_term_string}"},"query-input":{"@type":"PropertyValueSpecification","valueRequired":true,"valueName":"search_term_string"}}],"inLanguage":"fr-FR"}]}},"_links":{"self":[{"href":"https:\/\/waterpik.be\/fr\/wp-json\/wp\/v2\/pages\/5863","targetHints":{"allow":["GET"]}}],"collection":[{"href":"https:\/\/waterpik.be\/fr\/wp-json\/wp\/v2\/pages"}],"about":[{"href":"https:\/\/waterpik.be\/fr\/wp-json\/wp\/v2\/types\/page"}],"author":[{"embeddable":true,"href":"https:\/\/waterpik.be\/fr\/wp-json\/wp\/v2\/users\/3"}],"replies":[{"embeddable":true,"href":"https:\/\/waterpik.be\/fr\/wp-json\/wp\/v2\/comments?post=5863"}],"version-history":[{"count":2,"href":"https:\/\/waterpik.be\/fr\/wp-json\/wp\/v2\/pages\/5863\/revisions"}],"predecessor-version":[{"id":6301,"href":"https:\/\/waterpik.be\/fr\/wp-json\/wp\/v2\/pages\/5863\/revisions\/6301"}],"up":[{"embeddable":true,"href":"https:\/\/waterpik.be\/fr\/wp-json\/wp\/v2\/pages\/5703"}],"wp:attachment":[{"href":"https:\/\/waterpik.be\/fr\/wp-json\/wp\/v2\/media?parent=5863"}],"curies":[{"name":"wp","href":"https:\/\/api.w.org\/{rel}","templated":true}]}}