{"id":5877,"date":"2020-12-15T12:21:15","date_gmt":"2020-12-15T11:21:15","guid":{"rendered":"http:\/\/waterpik.be\/besoins-dentaires-specifiques\/soin-des-traitements-dentaires\/soin-des-implants-dentaires\/"},"modified":"2021-03-02T16:46:06","modified_gmt":"2021-03-02T15:46:06","slug":"soin-des-implants-dentaires","status":"publish","type":"page","link":"https:\/\/waterpik.be\/fr\/sante-bucco-dentaire\/besoins-dentaires-specifiques\/soin-des-traitements-dentaires\/soin-des-implants-dentaires\/","title":{"rendered":"Soin des implants dentaires"},"content":{"rendered":"<p>Les implants dentaires sont plac\u00e9s dans l\u2019os de la m\u00e2choire durant une intervention chirurgicale, \u00e0 l\u2019emplacement des dents manquantes. Ils peuvent remplacer les racines des dents manquantes et soutiennent \u00e9galement les couronnes uniques, les bridges et les proth\u00e8ses dentaires.<\/p>\n<p>Un implant dentaire se compose de trois parties : la tige de titane qui duplique la racine d\u2019une dent, le pilier qui s\u2019attache \u00e0 la tige et la couronne qui s\u2019attache au pilier. La couronne ressemble \u00e0 une dent naturelle et est visible dans la bouche.<\/p>\n<h2>Implants dentaires et sant\u00e9 des gencives<\/h2>\n<p>Les implants dentaires sont fabriqu\u00e9s en mat\u00e9riaux synth\u00e9tiques, afin qu\u2019ils ne soient pas affect\u00e9s par les caries dentaires. Toutefois, la sant\u00e9 des gencives est importante pour le succ\u00e8s \u00e0 long terme des implants. Une bonne hygi\u00e8ne bucco-dentaire et des consultations dentaires r\u00e9guli\u00e8res sont importantes pour entretenir la sant\u00e9 de vos gencives apr\u00e8s la pose d\u2019un implant dentaire.<\/p>\n<p>La plaque et les bact\u00e9ries qui se forment autour d\u2019un implant peuvent provoquer une r\u00e9action inflammatoire et causer des maladies p\u00e9ri-implantaires, telles que de la mucosite p\u00e9ri-implantaire (similaire \u00e0 la\u00a0<a href=\"http:\/\/waterpik.be\/mondverzorging\/dentale-behoeften\/ontstoken-tandvlees-behandelen\/behandeling-tandvleesontsteking\/\">gingivite<\/a>) et les p\u00e9ri-implantites (similaire \u00e0 la\u00a0<a href=\"http:\/\/waterpik.be\/mondverzorging\/dentale-behoeften\/ontstoken-tandvlees-behandelen\/reinigen-pockets\/\">parodontite<\/a>). Le nettoyage quotidien de toutes les surfaces au-dessus et au-dessous de la ligne des gencives est essentiel pour \u00e9viter les maladies p\u00e9ri-implantaires.<\/p>\n<h2>Nettoyer au-dessus et au-dessous de la gencive<\/h2>\n<p>Les implants dentaires sont faciles \u00e0 nettoyer si vous suivez quelques techniques simples. Une brosse \u00e0 dents manuelle, \u00e9lectrique ou sonique et \u00e0 poils doux, ainsi qu\u2019un jet dentaire Waterpik\u00ae dot\u00e9 de l\u2019embout Plaque Seeker\u2122 peut nettoyer autour des implants au-dessus de la ligne des gencives.<\/p>\n<p>Regardez l\u2019hydropulseur dot\u00e9 de l\u2019embout Plaque Seeker\u2122 nettoyer et agir comme de le fil dentaire sur les implants dentaires :<\/p>\n<p>&nbsp;<\/p>\n<div class=\"embed-container\"><iframe loading=\"lazy\" src=\"https:\/\/www.youtube.com\/embed\/1jiAeIM6ukY?rel=0\" width=\"800\" height=\"450\" frameborder=\"0\" allowfullscreen=\"allowfullscreen\" data-mce-fragment=\"1\"><\/iframe><\/div>\n<p>De Plaque Seeker<sup>\u00ae<\/sup>\u00a0L\u2019embout Plaque Seeker\u2122 est con\u00e7u pour offrir les avantages de l\u2019eau puls\u00e9e. Il est dot\u00e9 de trois touffes de poils fins pour nettoyer la plaque tenace autour des implants et autres zones particuli\u00e8rement propices \u00e0 l\u2019accumulation de plaque. En effet, une \u00e9tude clinique r\u00e9cente a constat\u00e9 que le jet dentaire Waterpik<sup>\u00ae<\/sup>\u00a0utilis\u00e9 avec l\u2019embout Plaque Seeker<sup>\u00ae<\/sup>\u00a0est\u00a0<a href=\"http:\/\/waterpik.be\/professioneel\/klinisch-onderzoek\/tufts-waterpik-floss-implantaten-studie-samenvatting-2014\/\">est plus de deux fois plus efficace que le fil dentaire <\/a>\u00a0pour les patients porteurs d\u2019un implant dentaire.<\/p>\n<p>Le jet dentaire Waterpik<sup>\u00ae<\/sup>\u00a0dot\u00e9 de l\u2019embout <a href=\"http:\/\/waterpik.be\/products\/pp-100\/\">Pik Pocket<sup>TM<\/sup>\u00a0Tip<\/a>est id\u00e9al pour nettoyer sous la gencive. Cet embout souple est plac\u00e9 l\u00e9g\u00e8rement sous la gencive, pour que les pulsations douces de l\u2019eau ou des solutions th\u00e9rapeutiques puissent d\u00e9loger des bact\u00e9ries.<\/p>\n<p>&nbsp;<\/p>\n","protected":false},"excerpt":{"rendered":"<p>Les implants dentaires sont plac\u00e9s dans l\u2019os de la m\u00e2choire durant une intervention chirurgicale, \u00e0 l\u2019emplacement des dents manquantes. Ils peuvent remplacer les racines des dents manquantes et soutiennent \u00e9galement les couronnes uniques, les bridges et les proth\u00e8ses dentaires. Un implant dentaire se compose de trois parties : la tige de titane qui duplique la [&hellip;]<\/p>\n","protected":false},"author":3,"featured_media":0,"parent":5871,"menu_order":8,"comment_status":"closed","ping_status":"closed","template":"","meta":{"_acf_changed":false,"footnotes":""},"class_list":["post-5877","page","type-page","status-publish","hentry"],"acf":[],"yoast_head":"<!-- This site is optimized with the Yoast SEO plugin v26.7 - https:\/\/yoast.com\/wordpress\/plugins\/seo\/ -->\n<title>Soin des implants dentaires - Waterpik Waterflosser<\/title>\n<meta name=\"description\" content=\"Les implants dentaires sont plac\u00e9s dans l\u2019os de la m\u00e2choire durant une intervention chirurgicale, \u00e0 l\u2019emplacement des dents manquantes.\" \/>\n<meta name=\"robots\" content=\"index, follow, max-snippet:-1, max-image-preview:large, max-video-preview:-1\" \/>\n<link rel=\"canonical\" href=\"https:\/\/waterpik.be\/mondverzorging\/dentale-behoeften\/dentale-reconstructies\/implantaten\/\" \/>\n<meta property=\"og:locale\" content=\"fr_FR\" \/>\n<meta property=\"og:type\" content=\"article\" \/>\n<meta property=\"og:title\" content=\"Soin des implants dentaires - Waterpik Waterflosser\" \/>\n<meta property=\"og:description\" content=\"Les implants dentaires sont plac\u00e9s dans l\u2019os de la m\u00e2choire durant une intervention chirurgicale, \u00e0 l\u2019emplacement des dents manquantes.\" \/>\n<meta property=\"og:url\" content=\"https:\/\/waterpik.be\/mondverzorging\/dentale-behoeften\/dentale-reconstructies\/implantaten\/\" \/>\n<meta property=\"og:site_name\" content=\"Waterpik Waterflosser\" \/>\n<meta property=\"article:modified_time\" content=\"2021-03-02T15:46:06+00:00\" \/>\n<meta name=\"twitter:card\" content=\"summary_large_image\" \/>\n<meta name=\"twitter:label1\" content=\"Dur\u00e9e de lecture estim\u00e9e\" \/>\n\t<meta name=\"twitter:data1\" content=\"2 minutes\" \/>\n<script type=\"application\/ld+json\" class=\"yoast-schema-graph\">{\"@context\":\"https:\/\/schema.org\",\"@graph\":[{\"@type\":\"WebPage\",\"@id\":\"https:\/\/waterpik.be\/mondverzorging\/dentale-behoeften\/dentale-reconstructies\/implantaten\/\",\"url\":\"https:\/\/waterpik.be\/mondverzorging\/dentale-behoeften\/dentale-reconstructies\/implantaten\/\",\"name\":\"Soin des implants dentaires - Waterpik Waterflosser\",\"isPartOf\":{\"@id\":\"https:\/\/waterpik.be\/#website\"},\"datePublished\":\"2020-12-15T11:21:15+00:00\",\"dateModified\":\"2021-03-02T15:46:06+00:00\",\"description\":\"Les implants dentaires sont plac\u00e9s dans l\u2019os de la m\u00e2choire durant une intervention chirurgicale, \u00e0 l\u2019emplacement des dents manquantes.\",\"breadcrumb\":{\"@id\":\"https:\/\/waterpik.be\/mondverzorging\/dentale-behoeften\/dentale-reconstructies\/implantaten\/#breadcrumb\"},\"inLanguage\":\"fr-FR\",\"potentialAction\":[{\"@type\":\"ReadAction\",\"target\":[\"https:\/\/waterpik.be\/mondverzorging\/dentale-behoeften\/dentale-reconstructies\/implantaten\/\"]}]},{\"@type\":\"BreadcrumbList\",\"@id\":\"https:\/\/waterpik.be\/mondverzorging\/dentale-behoeften\/dentale-reconstructies\/implantaten\/#breadcrumb\",\"itemListElement\":[{\"@type\":\"ListItem\",\"position\":1,\"name\":\"Home\",\"item\":\"https:\/\/waterpik.be\/fr\/\"},{\"@type\":\"ListItem\",\"position\":2,\"name\":\"Sant\u00e9 bucco-dentaire\",\"item\":\"https:\/\/waterpik.be\/fr\/sante-bucco-dentaire\/\"},{\"@type\":\"ListItem\",\"position\":3,\"name\":\"Besoins dentaires sp\u00e9cifiques\",\"item\":\"https:\/\/waterpik.be\/fr\/sante-bucco-dentaire\/besoins-dentaires-specifiques\/\"},{\"@type\":\"ListItem\",\"position\":4,\"name\":\"Soin des traitements dentaires\",\"item\":\"https:\/\/waterpik.be\/mondverzorging\/dentale-behoeften\/dentale-reconstructies\/\"},{\"@type\":\"ListItem\",\"position\":5,\"name\":\"Soin des implants dentaires\"}]},{\"@type\":\"WebSite\",\"@id\":\"https:\/\/waterpik.be\/#website\",\"url\":\"https:\/\/waterpik.be\/\",\"name\":\"Waterpik Waterflosser\",\"description\":\"Poetsen alleen is niet genoeg\",\"potentialAction\":[{\"@type\":\"SearchAction\",\"target\":{\"@type\":\"EntryPoint\",\"urlTemplate\":\"https:\/\/waterpik.be\/?s={search_term_string}\"},\"query-input\":{\"@type\":\"PropertyValueSpecification\",\"valueRequired\":true,\"valueName\":\"search_term_string\"}}],\"inLanguage\":\"fr-FR\"}]}<\/script>\n<!-- \/ Yoast SEO plugin. -->","yoast_head_json":{"title":"Soin des implants dentaires - Waterpik Waterflosser","description":"Les implants dentaires sont plac\u00e9s dans l\u2019os de la m\u00e2choire durant une intervention chirurgicale, \u00e0 l\u2019emplacement des dents manquantes.","robots":{"index":"index","follow":"follow","max-snippet":"max-snippet:-1","max-image-preview":"max-image-preview:large","max-video-preview":"max-video-preview:-1"},"canonical":"https:\/\/waterpik.be\/mondverzorging\/dentale-behoeften\/dentale-reconstructies\/implantaten\/","og_locale":"fr_FR","og_type":"article","og_title":"Soin des implants dentaires - Waterpik Waterflosser","og_description":"Les implants dentaires sont plac\u00e9s dans l\u2019os de la m\u00e2choire durant une intervention chirurgicale, \u00e0 l\u2019emplacement des dents manquantes.","og_url":"https:\/\/waterpik.be\/mondverzorging\/dentale-behoeften\/dentale-reconstructies\/implantaten\/","og_site_name":"Waterpik Waterflosser","article_modified_time":"2021-03-02T15:46:06+00:00","twitter_card":"summary_large_image","twitter_misc":{"Dur\u00e9e de lecture estim\u00e9e":"2 minutes"},"schema":{"@context":"https:\/\/schema.org","@graph":[{"@type":"WebPage","@id":"https:\/\/waterpik.be\/mondverzorging\/dentale-behoeften\/dentale-reconstructies\/implantaten\/","url":"https:\/\/waterpik.be\/mondverzorging\/dentale-behoeften\/dentale-reconstructies\/implantaten\/","name":"Soin des implants dentaires - Waterpik Waterflosser","isPartOf":{"@id":"https:\/\/waterpik.be\/#website"},"datePublished":"2020-12-15T11:21:15+00:00","dateModified":"2021-03-02T15:46:06+00:00","description":"Les implants dentaires sont plac\u00e9s dans l\u2019os de la m\u00e2choire durant une intervention chirurgicale, \u00e0 l\u2019emplacement des dents manquantes.","breadcrumb":{"@id":"https:\/\/waterpik.be\/mondverzorging\/dentale-behoeften\/dentale-reconstructies\/implantaten\/#breadcrumb"},"inLanguage":"fr-FR","potentialAction":[{"@type":"ReadAction","target":["https:\/\/waterpik.be\/mondverzorging\/dentale-behoeften\/dentale-reconstructies\/implantaten\/"]}]},{"@type":"BreadcrumbList","@id":"https:\/\/waterpik.be\/mondverzorging\/dentale-behoeften\/dentale-reconstructies\/implantaten\/#breadcrumb","itemListElement":[{"@type":"ListItem","position":1,"name":"Home","item":"https:\/\/waterpik.be\/fr\/"},{"@type":"ListItem","position":2,"name":"Sant\u00e9 bucco-dentaire","item":"https:\/\/waterpik.be\/fr\/sante-bucco-dentaire\/"},{"@type":"ListItem","position":3,"name":"Besoins dentaires sp\u00e9cifiques","item":"https:\/\/waterpik.be\/fr\/sante-bucco-dentaire\/besoins-dentaires-specifiques\/"},{"@type":"ListItem","position":4,"name":"Soin des traitements dentaires","item":"https:\/\/waterpik.be\/mondverzorging\/dentale-behoeften\/dentale-reconstructies\/"},{"@type":"ListItem","position":5,"name":"Soin des implants dentaires"}]},{"@type":"WebSite","@id":"https:\/\/waterpik.be\/#website","url":"https:\/\/waterpik.be\/","name":"Waterpik Waterflosser","description":"Poetsen alleen is niet genoeg","potentialAction":[{"@type":"SearchAction","target":{"@type":"EntryPoint","urlTemplate":"https:\/\/waterpik.be\/?s={search_term_string}"},"query-input":{"@type":"PropertyValueSpecification","valueRequired":true,"valueName":"search_term_string"}}],"inLanguage":"fr-FR"}]}},"_links":{"self":[{"href":"https:\/\/waterpik.be\/fr\/wp-json\/wp\/v2\/pages\/5877","targetHints":{"allow":["GET"]}}],"collection":[{"href":"https:\/\/waterpik.be\/fr\/wp-json\/wp\/v2\/pages"}],"about":[{"href":"https:\/\/waterpik.be\/fr\/wp-json\/wp\/v2\/types\/page"}],"author":[{"embeddable":true,"href":"https:\/\/waterpik.be\/fr\/wp-json\/wp\/v2\/users\/3"}],"replies":[{"embeddable":true,"href":"https:\/\/waterpik.be\/fr\/wp-json\/wp\/v2\/comments?post=5877"}],"version-history":[{"count":1,"href":"https:\/\/waterpik.be\/fr\/wp-json\/wp\/v2\/pages\/5877\/revisions"}],"predecessor-version":[{"id":5878,"href":"https:\/\/waterpik.be\/fr\/wp-json\/wp\/v2\/pages\/5877\/revisions\/5878"}],"up":[{"embeddable":true,"href":"https:\/\/waterpik.be\/fr\/wp-json\/wp\/v2\/pages\/5871"}],"wp:attachment":[{"href":"https:\/\/waterpik.be\/fr\/wp-json\/wp\/v2\/media?parent=5877"}],"curies":[{"name":"wp","href":"https:\/\/api.w.org\/{rel}","templated":true}]}}