{"id":5879,"date":"2020-12-15T12:43:51","date_gmt":"2020-12-15T11:43:51","guid":{"rendered":"http:\/\/waterpik.be\/besoins-dentaires-specifiques\/symptomes-de-la-maladie-des-gencives-et-traitement\/"},"modified":"2021-03-02T16:47:40","modified_gmt":"2021-03-02T15:47:40","slug":"symptomes-de-la-maladie-des-gencives-et-traitement","status":"publish","type":"page","link":"https:\/\/waterpik.be\/fr\/sante-bucco-dentaire\/besoins-dentaires-specifiques\/symptomes-de-la-maladie-des-gencives-et-traitement\/","title":{"rendered":"Sympt\u00f4mes de la maladie des gencives et traitement"},"content":{"rendered":"<p>La principale cause de la gingivite est la plaque dentaire. Si elle n\u2019est pas \u00e9limin\u00e9e r\u00e9guli\u00e8rement, la plaque peut s\u2019accumuler entre les dents et autour des gencives.<\/p>\n<p>En cas de gingivite, vous pouvez normalement retrouver des gencives en bonne sant\u00e9 gr\u00e2ce \u00e0 l\u2019am\u00e9lioration de votre hygi\u00e8ne bucco-dentaire et au brossage des dents. L\u2019ajout d\u2019un\u00a0<a title=\"Voir tous les hydropulseurs Waterpik\" href=\"https:\/\/waterpik.be\/fr\/cat%C3%A9gories-de-produits\/jet-dentaires\/\">jet dentaire Waterpik<sup>\u00ae<\/sup><\/a>\u00a0\u00e0 votre routine quotidienne est l\u2019un des moyens les plus rapides et les plus efficaces pour traiter la gingivite \u00e0 la maison.<\/p>\n<h2>Sympt\u00f4mes de la gingivite<\/h2>\n<p>La gingivite est une forme l\u00e9g\u00e8re de la maladie des gencives qui peut entra\u00eener des rougeurs, un gonflement et des saignements. Si elle n\u2019est pas trait\u00e9e, la gingivite peut \u00e9voluer en\u00a0<a href=\"https:\/\/waterpik.be\/fr\/sante-bucco-dentaire\/besoins-dentaires-specifiques\/symptomes-de-la-maladie-des-gencives-et-traitement\/parodontite-symptomes-causes-et-traitement\/\">parodontite<\/a>, un stade plus grave de la maladie des gencives.<\/p>\n<ul>\n<li>La gingivite ne provoque g\u00e9n\u00e9ralement pas de douleur.<\/li>\n<li>Les signes de la gingivite sont des gencives rouges, spongieuses, brillantes ou gonfl\u00e9es, qui saignent facilement, m\u00eame pendant le brossage des dents r\u00e9gulier.<\/li>\n<li>La gingivite peut affecter seulement une petite zone de la bouche durant les premiers stades. Si elle progresse, la gingivite peut affecter toute la bouche.<\/li>\n<\/ul>\n<h2>Causes de la gingivite<\/h2>\n<p>La gingivite se produit lorsque les bact\u00e9ries pr\u00e9sentes dans la plaque lib\u00e8rent des toxines qui irritent les gencives et causent une inflammation, ce qui entra\u00eene une infection et une\u00a0<a href=\"https:\/\/waterpik.be\/fr\/sante-bucco-dentaire\/besoins-dentaires-specifiques\/traitement-des-problemes-dentaires\/problemes-dentaires-lies-a-la-mauvaise-haleine\/\">mauvaise haleine<\/a>. Le\u00a0<a href=\"https:\/\/waterpik.be\/fr\/sante-bucco-dentaire\/besoins-dentaires-specifiques\/traitement-des-problemes-dentaires\/problemes-dentaires-lies-au-tabagisme\/\">tabagisme<\/a>\u00a0et le\u00a0<a href=\"https:\/\/waterpik.be\/fr\/sante-bucco-dentaire\/besoins-dentaires-specifiques\/traitement-des-problemes-dentaires\/diabete-et-sante-bucco-dentaire\/\">diab\u00e8te<\/a>\u00a0contribuent \u00e9galement aux probl\u00e8mes bucco-dentaires.<\/p>\n<h2>Traiter la gingivite<\/h2>\n<p>Le jet dentaire Waterpik<sup>\u00ae<\/sup>\u00a0utilise une association efficace de pulsations et de pression de l\u2019eau pour nettoyer les zones que la brosse \u00e0 dents et le fil dentaire ne peuvent pas atteindre.<\/p>\n<p>La recherche clinique montre que pour l\u2019inversion de la gingivite et l\u2019am\u00e9lioration de la sant\u00e9 des gencives, l\u2019hydropulseur Waterpik\u00ae est jusqu\u2019\u00e0 50 % plus efficace que de le fil dentaire traditionnelle et jusqu\u2019\u00e0 80 % plus efficace que le Sonicare<sup>\u00ae<\/sup>; Air Floss (mod\u00e8le HX8181).<\/p>\n<p>\u00c9tant donn\u00e9 que la plaque est la principale cause de la maladie des gencives, tous les traitements de celle-ci exigent de bons soins quotidiens \u00e0 la maison. L\u2019efficacit\u00e9 des produits de soins bucco-dentaires Waterpik<sup>\u00ae<\/sup>\u00a0pour r\u00e9duire la gingivite, \u00e9liminer la plaque et am\u00e9liorer la sant\u00e9 des gencives, afin d\u2019\u00e9viter la maladie des gencives, a \u00e9t\u00e9\u00a0<a title=\"En savoir plus sur les essais cliniques relatifs \u00e0 l\u2019hydropulseur Waterpik\u00ae\" href=\"https:\/\/waterpik.be\/fr\/dentistes\/recherche-clinique-un-produit-base-sur-des-resultats\/\">cliniquement prouv\u00e9e<\/a>.<\/p>\n<h2>Sympt\u00f4mes<\/h2>\n<p>Vous pouvez avoir la maladie des gencives si vous constatez les signes suivants :<\/p>\n<ul>\n<li>Saignement ou recul des gencives<\/li>\n<li>Inflammation autour des dents<\/li>\n<li>Mauvaise haleine persistante<\/li>\n<\/ul>\n<p>La gravit\u00e9 de la maladie parodontale s\u2019\u00e9chelonne du stade le moins grave,\u00a0<a title=\"En savoir plus sur les sympt\u00f4mes, les causes et le traitement de la gingivite\" href=\"https:\/\/waterpik.be\/fr\/sante-bucco-dentaire\/besoins-dentaires-specifiques\/symptomes-de-la-maladie-des-gencives-et-traitement\/gingivite-symptomes-causes-et-traitement\/\">la gingivite<\/a>, au stade le plus grave,\u00a0<a title=\"En savoir plus sur les sympt\u00f4mes, les causes et le traitement de la maladie parodontale\" href=\"https:\/\/waterpik.be\/fr\/sante-bucco-dentaire\/besoins-dentaires-specifiques\/symptomes-de-la-maladie-des-gencives-et-traitement\/parodontite-symptomes-causes-et-traitement\/\">la parodontite<\/a>. Les cas les plus graves de la maladie des gencives peuvent entra\u00eener des l\u00e9sions tissulaires, des pertes osseuses, voire m\u00eame la perte de dents.<\/p>\n<h2>Traitement<\/h2>\n<p>Le traitement de la maladie des gencives d\u00e9pend de plusieurs facteurs, y compris la gravit\u00e9 de la maladie, la qualit\u00e9 de votre hygi\u00e8ne bucco-dentaire, et de facteurs de risque tels que\u00a0<a title=\"D\u00e9couvrez en quoi le tabagisme peut provoquer une maladie des gencives\" href=\"https:\/\/waterpik.be\/fr\/sante-bucco-dentaire\/besoins-dentaires-specifiques\/traitement-des-problemes-dentaires\/problemes-dentaires-lies-au-tabagisme\/\">le tabagisme<\/a>,\u00a0<a title=\"D\u00e9couvrez en quoi le diab\u00e8te augmente les risques de contracter une maladie des gencives\" href=\"https:\/\/waterpik.be\/fr\/sante-bucco-dentaire\/besoins-dentaires-specifiques\/traitement-des-problemes-dentaires\/diabete-et-sante-bucco-dentaire\/\">le diab\u00e8te<\/a>, et\u00a0<a title=\"En savoir plus sur la maladie des gencives pendant la grossesse\" href=\"https:\/\/waterpik.be\/fr\/sante-bucco-dentaire\/besoins-dentaires-specifiques\/traitement-des-problemes-dentaires\/problemes-dentaires-lies-a-la-grossesse\/\">la grossesse<\/a>.<\/p>\n<hr \/>\n<h2>Explorez en profondeur<\/h2>\n<h3>En savoir plus sur les sympt\u00f4mes de la maladie des gencives et les traitements sp\u00e9cifiques<\/h3>\n","protected":false},"excerpt":{"rendered":"<p>La principale cause de la gingivite est la plaque dentaire. Si elle n\u2019est pas \u00e9limin\u00e9e r\u00e9guli\u00e8rement, la plaque peut s\u2019accumuler entre les dents et autour des gencives. En cas de gingivite, vous pouvez normalement retrouver des gencives en bonne sant\u00e9 gr\u00e2ce \u00e0 l\u2019am\u00e9lioration de votre hygi\u00e8ne bucco-dentaire et au brossage des dents. L\u2019ajout d\u2019un\u00a0jet dentaire [&hellip;]<\/p>\n","protected":false},"author":3,"featured_media":0,"parent":5662,"menu_order":4,"comment_status":"closed","ping_status":"closed","template":"","meta":{"_acf_changed":false,"footnotes":""},"class_list":["post-5879","page","type-page","status-publish","hentry"],"acf":[],"yoast_head":"<!-- This site is optimized with the Yoast SEO plugin v26.7 - https:\/\/yoast.com\/wordpress\/plugins\/seo\/ -->\n<title>Sympt\u00f4mes de la maladie des gencives et traitement - Waterpik Waterflosser<\/title>\n<meta name=\"description\" content=\"La principale cause de la gingivite est la plaque dentaire. Si elle n\u2019est pas \u00e9limin\u00e9e r\u00e9guli\u00e8rement, la plaque peut s\u2019accumuler entre les dents et autour des gencives.\" \/>\n<meta name=\"robots\" content=\"index, follow, max-snippet:-1, max-image-preview:large, max-video-preview:-1\" \/>\n<link rel=\"canonical\" href=\"https:\/\/waterpik.be\/fr\/sante-bucco-dentaire\/besoins-dentaires-specifiques\/symptomes-de-la-maladie-des-gencives-et-traitement\/\" \/>\n<meta property=\"og:locale\" content=\"fr_FR\" \/>\n<meta property=\"og:type\" content=\"article\" \/>\n<meta property=\"og:title\" content=\"Sympt\u00f4mes de la maladie des gencives et traitement - Waterpik Waterflosser\" \/>\n<meta property=\"og:description\" content=\"La principale cause de la gingivite est la plaque dentaire. Si elle n\u2019est pas \u00e9limin\u00e9e r\u00e9guli\u00e8rement, la plaque peut s\u2019accumuler entre les dents et autour des gencives.\" \/>\n<meta property=\"og:url\" content=\"https:\/\/waterpik.be\/fr\/sante-bucco-dentaire\/besoins-dentaires-specifiques\/symptomes-de-la-maladie-des-gencives-et-traitement\/\" \/>\n<meta property=\"og:site_name\" content=\"Waterpik Waterflosser\" \/>\n<meta property=\"article:modified_time\" content=\"2021-03-02T15:47:40+00:00\" \/>\n<meta name=\"twitter:card\" content=\"summary_large_image\" \/>\n<meta name=\"twitter:label1\" content=\"Dur\u00e9e de lecture estim\u00e9e\" \/>\n\t<meta name=\"twitter:data1\" content=\"3 minutes\" \/>\n<script type=\"application\/ld+json\" class=\"yoast-schema-graph\">{\"@context\":\"https:\/\/schema.org\",\"@graph\":[{\"@type\":\"WebPage\",\"@id\":\"https:\/\/waterpik.be\/fr\/sante-bucco-dentaire\/besoins-dentaires-specifiques\/symptomes-de-la-maladie-des-gencives-et-traitement\/\",\"url\":\"https:\/\/waterpik.be\/fr\/sante-bucco-dentaire\/besoins-dentaires-specifiques\/symptomes-de-la-maladie-des-gencives-et-traitement\/\",\"name\":\"Sympt\u00f4mes de la maladie des gencives et traitement - Waterpik Waterflosser\",\"isPartOf\":{\"@id\":\"https:\/\/waterpik.be\/#website\"},\"datePublished\":\"2020-12-15T11:43:51+00:00\",\"dateModified\":\"2021-03-02T15:47:40+00:00\",\"description\":\"La principale cause de la gingivite est la plaque dentaire. Si elle n\u2019est pas \u00e9limin\u00e9e r\u00e9guli\u00e8rement, la plaque peut s\u2019accumuler entre les dents et autour des gencives.\",\"breadcrumb\":{\"@id\":\"https:\/\/waterpik.be\/fr\/sante-bucco-dentaire\/besoins-dentaires-specifiques\/symptomes-de-la-maladie-des-gencives-et-traitement\/#breadcrumb\"},\"inLanguage\":\"fr-FR\",\"potentialAction\":[{\"@type\":\"ReadAction\",\"target\":[\"https:\/\/waterpik.be\/fr\/sante-bucco-dentaire\/besoins-dentaires-specifiques\/symptomes-de-la-maladie-des-gencives-et-traitement\/\"]}]},{\"@type\":\"BreadcrumbList\",\"@id\":\"https:\/\/waterpik.be\/fr\/sante-bucco-dentaire\/besoins-dentaires-specifiques\/symptomes-de-la-maladie-des-gencives-et-traitement\/#breadcrumb\",\"itemListElement\":[{\"@type\":\"ListItem\",\"position\":1,\"name\":\"Home\",\"item\":\"https:\/\/waterpik.be\/fr\/\"},{\"@type\":\"ListItem\",\"position\":2,\"name\":\"Sant\u00e9 bucco-dentaire\",\"item\":\"https:\/\/waterpik.be\/fr\/sante-bucco-dentaire\/\"},{\"@type\":\"ListItem\",\"position\":3,\"name\":\"Besoins dentaires sp\u00e9cifiques\",\"item\":\"https:\/\/waterpik.be\/fr\/sante-bucco-dentaire\/besoins-dentaires-specifiques\/\"},{\"@type\":\"ListItem\",\"position\":4,\"name\":\"Sympt\u00f4mes de la maladie des gencives et traitement\"}]},{\"@type\":\"WebSite\",\"@id\":\"https:\/\/waterpik.be\/#website\",\"url\":\"https:\/\/waterpik.be\/\",\"name\":\"Waterpik Waterflosser\",\"description\":\"Poetsen alleen is niet genoeg\",\"potentialAction\":[{\"@type\":\"SearchAction\",\"target\":{\"@type\":\"EntryPoint\",\"urlTemplate\":\"https:\/\/waterpik.be\/?s={search_term_string}\"},\"query-input\":{\"@type\":\"PropertyValueSpecification\",\"valueRequired\":true,\"valueName\":\"search_term_string\"}}],\"inLanguage\":\"fr-FR\"}]}<\/script>\n<!-- \/ Yoast SEO plugin. -->","yoast_head_json":{"title":"Sympt\u00f4mes de la maladie des gencives et traitement - Waterpik Waterflosser","description":"La principale cause de la gingivite est la plaque dentaire. Si elle n\u2019est pas \u00e9limin\u00e9e r\u00e9guli\u00e8rement, la plaque peut s\u2019accumuler entre les dents et autour des gencives.","robots":{"index":"index","follow":"follow","max-snippet":"max-snippet:-1","max-image-preview":"max-image-preview:large","max-video-preview":"max-video-preview:-1"},"canonical":"https:\/\/waterpik.be\/fr\/sante-bucco-dentaire\/besoins-dentaires-specifiques\/symptomes-de-la-maladie-des-gencives-et-traitement\/","og_locale":"fr_FR","og_type":"article","og_title":"Sympt\u00f4mes de la maladie des gencives et traitement - Waterpik Waterflosser","og_description":"La principale cause de la gingivite est la plaque dentaire. Si elle n\u2019est pas \u00e9limin\u00e9e r\u00e9guli\u00e8rement, la plaque peut s\u2019accumuler entre les dents et autour des gencives.","og_url":"https:\/\/waterpik.be\/fr\/sante-bucco-dentaire\/besoins-dentaires-specifiques\/symptomes-de-la-maladie-des-gencives-et-traitement\/","og_site_name":"Waterpik Waterflosser","article_modified_time":"2021-03-02T15:47:40+00:00","twitter_card":"summary_large_image","twitter_misc":{"Dur\u00e9e de lecture estim\u00e9e":"3 minutes"},"schema":{"@context":"https:\/\/schema.org","@graph":[{"@type":"WebPage","@id":"https:\/\/waterpik.be\/fr\/sante-bucco-dentaire\/besoins-dentaires-specifiques\/symptomes-de-la-maladie-des-gencives-et-traitement\/","url":"https:\/\/waterpik.be\/fr\/sante-bucco-dentaire\/besoins-dentaires-specifiques\/symptomes-de-la-maladie-des-gencives-et-traitement\/","name":"Sympt\u00f4mes de la maladie des gencives et traitement - Waterpik Waterflosser","isPartOf":{"@id":"https:\/\/waterpik.be\/#website"},"datePublished":"2020-12-15T11:43:51+00:00","dateModified":"2021-03-02T15:47:40+00:00","description":"La principale cause de la gingivite est la plaque dentaire. Si elle n\u2019est pas \u00e9limin\u00e9e r\u00e9guli\u00e8rement, la plaque peut s\u2019accumuler entre les dents et autour des gencives.","breadcrumb":{"@id":"https:\/\/waterpik.be\/fr\/sante-bucco-dentaire\/besoins-dentaires-specifiques\/symptomes-de-la-maladie-des-gencives-et-traitement\/#breadcrumb"},"inLanguage":"fr-FR","potentialAction":[{"@type":"ReadAction","target":["https:\/\/waterpik.be\/fr\/sante-bucco-dentaire\/besoins-dentaires-specifiques\/symptomes-de-la-maladie-des-gencives-et-traitement\/"]}]},{"@type":"BreadcrumbList","@id":"https:\/\/waterpik.be\/fr\/sante-bucco-dentaire\/besoins-dentaires-specifiques\/symptomes-de-la-maladie-des-gencives-et-traitement\/#breadcrumb","itemListElement":[{"@type":"ListItem","position":1,"name":"Home","item":"https:\/\/waterpik.be\/fr\/"},{"@type":"ListItem","position":2,"name":"Sant\u00e9 bucco-dentaire","item":"https:\/\/waterpik.be\/fr\/sante-bucco-dentaire\/"},{"@type":"ListItem","position":3,"name":"Besoins dentaires sp\u00e9cifiques","item":"https:\/\/waterpik.be\/fr\/sante-bucco-dentaire\/besoins-dentaires-specifiques\/"},{"@type":"ListItem","position":4,"name":"Sympt\u00f4mes de la maladie des gencives et traitement"}]},{"@type":"WebSite","@id":"https:\/\/waterpik.be\/#website","url":"https:\/\/waterpik.be\/","name":"Waterpik Waterflosser","description":"Poetsen alleen is niet genoeg","potentialAction":[{"@type":"SearchAction","target":{"@type":"EntryPoint","urlTemplate":"https:\/\/waterpik.be\/?s={search_term_string}"},"query-input":{"@type":"PropertyValueSpecification","valueRequired":true,"valueName":"search_term_string"}}],"inLanguage":"fr-FR"}]}},"_links":{"self":[{"href":"https:\/\/waterpik.be\/fr\/wp-json\/wp\/v2\/pages\/5879","targetHints":{"allow":["GET"]}}],"collection":[{"href":"https:\/\/waterpik.be\/fr\/wp-json\/wp\/v2\/pages"}],"about":[{"href":"https:\/\/waterpik.be\/fr\/wp-json\/wp\/v2\/types\/page"}],"author":[{"embeddable":true,"href":"https:\/\/waterpik.be\/fr\/wp-json\/wp\/v2\/users\/3"}],"replies":[{"embeddable":true,"href":"https:\/\/waterpik.be\/fr\/wp-json\/wp\/v2\/comments?post=5879"}],"version-history":[{"count":4,"href":"https:\/\/waterpik.be\/fr\/wp-json\/wp\/v2\/pages\/5879\/revisions"}],"predecessor-version":[{"id":6285,"href":"https:\/\/waterpik.be\/fr\/wp-json\/wp\/v2\/pages\/5879\/revisions\/6285"}],"up":[{"embeddable":true,"href":"https:\/\/waterpik.be\/fr\/wp-json\/wp\/v2\/pages\/5662"}],"wp:attachment":[{"href":"https:\/\/waterpik.be\/fr\/wp-json\/wp\/v2\/media?parent=5879"}],"curies":[{"name":"wp","href":"https:\/\/api.w.org\/{rel}","templated":true}]}}