{"id":5889,"date":"2020-12-15T12:45:47","date_gmt":"2020-12-15T11:45:47","guid":{"rendered":"http:\/\/waterpik.be\/besoins-dentaires-specifiques\/symptomes-de-la-maladie-des-gencives-et-traitement\/gingivite-symptomes-causes-et-traitement\/"},"modified":"2021-03-02T16:48:47","modified_gmt":"2021-03-02T15:48:47","slug":"gingivite-symptomes-causes-et-traitement","status":"publish","type":"page","link":"https:\/\/waterpik.be\/fr\/sante-bucco-dentaire\/besoins-dentaires-specifiques\/symptomes-de-la-maladie-des-gencives-et-traitement\/gingivite-symptomes-causes-et-traitement\/","title":{"rendered":"Gingivite : sympt\u00f4mes, causes et traitement"},"content":{"rendered":"<p>La principale cause de la gingivite est la plaque dentaire. Si elle n\u2019est pas \u00e9limin\u00e9e r\u00e9guli\u00e8rement, la plaque peut s\u2019accumuler entre les dents et autour des gencives.<\/p>\n<p>En cas de gingivite, vous pouvez normalement retrouver des gencives en bonne sant\u00e9 gr\u00e2ce \u00e0 l\u2019am\u00e9lioration de votre hygi\u00e8ne bucco-dentaire et au brossage des dents. L\u2019ajout d\u2019un\u00a0<a title=\"Voir tous les hydropulseurs Waterpik\" href=\"https:\/\/www.waterpik.fr\/sante-bucco-dentaire\/produits\/hydropulseur-jet-dentaire\/\">jet dentaire Waterpik<sup>\u00ae<\/sup><\/a>\u00a0\u00e0 votre routine quotidienne est l\u2019un des moyens les plus rapides et les plus efficaces pour traiter la gingivite \u00e0 la maison.<\/p>\n<h2>Sympt\u00f4mes de la gingivite<\/h2>\n<p>La gingivite est une forme l\u00e9g\u00e8re de la maladie des gencives qui peut entra\u00eener des rougeurs, un gonflement et des saignements. Si elle n\u2019est pas trait\u00e9e, la gingivite peut \u00e9voluer en\u00a0<a href=\"https:\/\/www.waterpik.fr\/sante-bucco-dentaire\/besoins-dentaires\/maladies-gencives\/traitement-maladie-parodontale\/\">parodontite<\/a>, un stade plus grave de la maladie des gencives.<\/p>\n<ul>\n<li>La gingivite ne provoque g\u00e9n\u00e9ralement pas de douleur.<\/li>\n<li>Les signes de la gingivite sont des gencives rouges, spongieuses, brillantes ou gonfl\u00e9es, qui saignent facilement, m\u00eame pendant le brossage des dents r\u00e9gulier.<\/li>\n<li>La gingivite peut affecter seulement une petite zone de la bouche durant les premiers stades. Si elle progresse, la gingivite peut affecter toute la bouche.<\/li>\n<\/ul>\n<p><img loading=\"lazy\" decoding=\"async\" class=\"aligncenter wp-image-5888 size-full\" src=\"http:\/\/waterpik.be\/wp-content\/uploads\/2020\/12\/gingivitis-fr.jpg\" alt=\"\" width=\"600\" height=\"246\" srcset=\"https:\/\/waterpik.be\/wp-content\/uploads\/2020\/12\/gingivitis-fr.jpg 600w, https:\/\/waterpik.be\/wp-content\/uploads\/2020\/12\/gingivitis-fr-300x123.jpg 300w\" sizes=\"auto, (max-width: 600px) 100vw, 600px\" \/><\/p>\n<p>&nbsp;<\/p>\n<div class=\"row border-bottom\"><\/div>\n<h2>Causes de la gingivite<\/h2>\n<p>La gingivite se produit lorsque les bact\u00e9ries pr\u00e9sentes dans la plaque lib\u00e8rent des toxines qui irritent les gencives et causent une inflammation, ce qui entra\u00eene une infection et une\u00a0<a href=\"https:\/\/www.waterpik.fr\/sante-bucco-dentaire\/besoins-dentaires\/defis-dentaires\/debarrasser-mauvaise-haleine\/\">mauvaise haleine<\/a>. Le\u00a0<a href=\"https:\/\/www.waterpik.fr\/sante-bucco-dentaire\/besoins-dentaires\/defis-dentaires\/traitement-tabagisme-maladies-gencives\/\">tabagisme<\/a>\u00a0et le\u00a0<a href=\"https:\/\/www.waterpik.fr\/sante-bucco-dentaire\/besoins-dentaires\/defis-dentaires\/traitement-diabete-maladies-gencives\/\">diab\u00e8te<\/a>\u00a0contribuent \u00e9galement aux probl\u00e8mes bucco-dentaires.<\/p>\n<h2>Traiter la gingivite<\/h2>\n<p>Le jet dentaire Waterpik<sup>\u00ae<\/sup>\u00a0utilise une association efficace de pulsations et de pression de l\u2019eau pour nettoyer les zones que la brosse \u00e0 dents et le fil dentaire ne peuvent pas atteindre.<\/p>\n<p>La recherche clinique montre que pour l\u2019inversion de la gingivite et l\u2019am\u00e9lioration de la sant\u00e9 des gencives, l\u2019hydropulseur Waterpik\u00ae est jusqu\u2019\u00e0 50 % plus efficace que de le fil dentaire traditionnelle et jusqu\u2019\u00e0 80 % plus efficace que le Sonicare<sup>\u00ae<\/sup>; Air Floss (mod\u00e8le HX8181).<\/p>\n<p>La gingivite est \u00e0 la fois \u00e9vitable et traitable. Si vous constatez des signes de gingivite, appelez votre dentiste et prenez rendez-vous pour un examen et une \u00e9valuation de votre sant\u00e9 bucco-dentaire. Votre dentiste pourra d\u00e9terminer le traitement de la gingivite qui vous convient.<\/p>\n<div class=\"woocommerce columns-3 \"><ul class=\"products columns-3\">\n<li class=\"product type-product post-5564 status-publish first instock product_cat-jet-dentaires product_cat-modeles-standards has-post-thumbnail featured taxable shipping-taxable product-type-simple\">\n\t<a href=\"https:\/\/waterpik.be\/fr\/products\/wp-660-hydropulseur-jet-dentaire-ultra-professional-blanc\/\" class=\"woocommerce-LoopProduct-link woocommerce-loop-product__link\"><img loading=\"lazy\" decoding=\"async\" width=\"300\" height=\"519\" src=\"https:\/\/waterpik.be\/wp-content\/uploads\/2019\/04\/WP-660-professional-water-flosser-9-300x519.jpg\" class=\"attachment-woocommerce_thumbnail size-woocommerce_thumbnail\" alt=\"WP-660 Hydropulseur Jet Dentaire Ultra Professional, Blanc\" srcset=\"https:\/\/waterpik.be\/wp-content\/uploads\/2019\/04\/WP-660-professional-water-flosser-9-300x519.jpg 300w, https:\/\/waterpik.be\/wp-content\/uploads\/2019\/04\/WP-660-professional-water-flosser-9-173x300.jpg 173w, https:\/\/waterpik.be\/wp-content\/uploads\/2019\/04\/WP-660-professional-water-flosser-9.jpg 330w\" sizes=\"auto, (max-width: 300px) 100vw, 300px\" \/><hr><span class=\"sku_loop\">(WF-660EU)<\/span><h2 class=\"woocommerce-loop-product__title\">WP-660 Hydropulseur Jet Dentaire Ultra Professional, Blanc<\/h2>\n\t<span class=\"price\"><span class=\"woocommerce-Price-amount amount\"><bdi><span class=\"woocommerce-Price-currencySymbol\">&euro;<\/span>99,99<\/bdi><\/span><\/span>\n<\/a>\t\t<br>\n\t\t<a href=\"https:\/\/waterpik.be\/fr\/products\/wp-660-hydropulseur-jet-dentaire-ultra-professional-blanc\/\" class=\"btn btn-outline-secondary\">D\u00e9tails<\/a>\t<span id=\"woocommerce_loop_add_to_cart_link_describedby_5564\" class=\"screen-reader-text\">\n\t\t\t<\/span>\n<\/li>\n<li class=\"product type-product post-5566 status-publish instock product_cat-jet-dentaires product_cat-sans-fil has-post-thumbnail featured taxable shipping-taxable product-type-simple\">\n\t<a href=\"https:\/\/waterpik.be\/fr\/products\/wp-560-hydropulseur-jet-dentaire-sans-fil-advanced-blanc\/\" class=\"woocommerce-LoopProduct-link woocommerce-loop-product__link\"><img loading=\"lazy\" decoding=\"async\" width=\"300\" height=\"300\" src=\"https:\/\/waterpik.be\/wp-content\/uploads\/2019\/04\/waterpik-wp-560-advanced-draadloze-monddouche-300x300.png\" class=\"attachment-woocommerce_thumbnail size-woocommerce_thumbnail\" alt=\"WP-560 Hydropulseur Jet Dentaire Sans Fil Advanced, Blanc\" srcset=\"https:\/\/waterpik.be\/wp-content\/uploads\/2019\/04\/waterpik-wp-560-advanced-draadloze-monddouche-300x300.png 300w, https:\/\/waterpik.be\/wp-content\/uploads\/2019\/04\/waterpik-wp-560-advanced-draadloze-monddouche-150x150.png 150w, https:\/\/waterpik.be\/wp-content\/uploads\/2019\/04\/waterpik-wp-560-advanced-draadloze-monddouche-100x100.png 100w, https:\/\/waterpik.be\/wp-content\/uploads\/2019\/04\/waterpik-wp-560-advanced-draadloze-monddouche.png 550w\" sizes=\"auto, (max-width: 300px) 100vw, 300px\" \/><hr><span class=\"sku_loop\">(WP-560EU)<\/span><h2 class=\"woocommerce-loop-product__title\">WP-560 Hydropulseur Jet Dentaire Sans Fil Advanced, Blanc<\/h2>\n\t<span class=\"price\"><span class=\"woocommerce-Price-amount amount\"><bdi><span class=\"woocommerce-Price-currencySymbol\">&euro;<\/span>109,99<\/bdi><\/span><\/span>\n<\/a>\t\t<br>\n\t\t<a href=\"https:\/\/waterpik.be\/fr\/products\/wp-560-hydropulseur-jet-dentaire-sans-fil-advanced-blanc\/\" class=\"btn btn-outline-secondary\">D\u00e9tails<\/a>\t<span id=\"woocommerce_loop_add_to_cart_link_describedby_5566\" class=\"screen-reader-text\">\n\t\t\t<\/span>\n<\/li>\n<\/ul>\n<\/div>\n","protected":false},"excerpt":{"rendered":"<p>La principale cause de la gingivite est la plaque dentaire. Si elle n\u2019est pas \u00e9limin\u00e9e r\u00e9guli\u00e8rement, la plaque peut s\u2019accumuler entre les dents et autour des gencives. En cas de gingivite, vous pouvez normalement retrouver des gencives en bonne sant\u00e9 gr\u00e2ce \u00e0 l\u2019am\u00e9lioration de votre hygi\u00e8ne bucco-dentaire et au brossage des dents. L\u2019ajout d\u2019un\u00a0jet dentaire [&hellip;]<\/p>\n","protected":false},"author":3,"featured_media":0,"parent":5879,"menu_order":1,"comment_status":"closed","ping_status":"closed","template":"","meta":{"_acf_changed":false,"footnotes":""},"class_list":["post-5889","page","type-page","status-publish","hentry"],"acf":[],"yoast_head":"<!-- This site is optimized with the Yoast SEO plugin v26.7 - https:\/\/yoast.com\/wordpress\/plugins\/seo\/ -->\n<title>Gingivite : sympt\u00f4mes, causes et traitement - Waterpik Waterflosser<\/title>\n<meta name=\"description\" content=\"La principale cause de la gingivite est la plaque dentaire. Si elle n\u2019est pas \u00e9limin\u00e9e r\u00e9guli\u00e8rement, la plaque peut s\u2019accumuler entre les dents et autour des gencives.\" \/>\n<meta name=\"robots\" content=\"index, follow, max-snippet:-1, max-image-preview:large, max-video-preview:-1\" \/>\n<link rel=\"canonical\" href=\"https:\/\/waterpik.be\/fr\/sante-bucco-dentaire\/besoins-dentaires-specifiques\/symptomes-de-la-maladie-des-gencives-et-traitement\/gingivite-symptomes-causes-et-traitement\/\" \/>\n<meta property=\"og:locale\" content=\"fr_FR\" \/>\n<meta property=\"og:type\" content=\"article\" \/>\n<meta property=\"og:title\" content=\"Gingivite : sympt\u00f4mes, causes et traitement - Waterpik Waterflosser\" \/>\n<meta property=\"og:description\" content=\"La principale cause de la gingivite est la plaque dentaire. Si elle n\u2019est pas \u00e9limin\u00e9e r\u00e9guli\u00e8rement, la plaque peut s\u2019accumuler entre les dents et autour des gencives.\" \/>\n<meta property=\"og:url\" content=\"https:\/\/waterpik.be\/fr\/sante-bucco-dentaire\/besoins-dentaires-specifiques\/symptomes-de-la-maladie-des-gencives-et-traitement\/gingivite-symptomes-causes-et-traitement\/\" \/>\n<meta property=\"og:site_name\" content=\"Waterpik Waterflosser\" \/>\n<meta property=\"article:modified_time\" content=\"2021-03-02T15:48:47+00:00\" \/>\n<meta property=\"og:image\" content=\"https:\/\/waterpik.be\/wp-content\/uploads\/2020\/12\/gingivitis-fr.jpg\" \/>\n\t<meta property=\"og:image:width\" content=\"600\" \/>\n\t<meta property=\"og:image:height\" content=\"246\" \/>\n\t<meta property=\"og:image:type\" content=\"image\/jpeg\" \/>\n<meta name=\"twitter:card\" content=\"summary_large_image\" \/>\n<meta name=\"twitter:label1\" content=\"Dur\u00e9e de lecture estim\u00e9e\" \/>\n\t<meta name=\"twitter:data1\" content=\"2 minutes\" \/>\n<script type=\"application\/ld+json\" class=\"yoast-schema-graph\">{\"@context\":\"https:\/\/schema.org\",\"@graph\":[{\"@type\":\"WebPage\",\"@id\":\"https:\/\/waterpik.be\/fr\/sante-bucco-dentaire\/besoins-dentaires-specifiques\/symptomes-de-la-maladie-des-gencives-et-traitement\/gingivite-symptomes-causes-et-traitement\/\",\"url\":\"https:\/\/waterpik.be\/fr\/sante-bucco-dentaire\/besoins-dentaires-specifiques\/symptomes-de-la-maladie-des-gencives-et-traitement\/gingivite-symptomes-causes-et-traitement\/\",\"name\":\"Gingivite : sympt\u00f4mes, causes et traitement - Waterpik Waterflosser\",\"isPartOf\":{\"@id\":\"https:\/\/waterpik.be\/#website\"},\"primaryImageOfPage\":{\"@id\":\"https:\/\/waterpik.be\/fr\/sante-bucco-dentaire\/besoins-dentaires-specifiques\/symptomes-de-la-maladie-des-gencives-et-traitement\/gingivite-symptomes-causes-et-traitement\/#primaryimage\"},\"image\":{\"@id\":\"https:\/\/waterpik.be\/fr\/sante-bucco-dentaire\/besoins-dentaires-specifiques\/symptomes-de-la-maladie-des-gencives-et-traitement\/gingivite-symptomes-causes-et-traitement\/#primaryimage\"},\"thumbnailUrl\":\"http:\/\/waterpik.be\/wp-content\/uploads\/2020\/12\/gingivitis-fr.jpg\",\"datePublished\":\"2020-12-15T11:45:47+00:00\",\"dateModified\":\"2021-03-02T15:48:47+00:00\",\"description\":\"La principale cause de la gingivite est la plaque dentaire. Si elle n\u2019est pas \u00e9limin\u00e9e r\u00e9guli\u00e8rement, la plaque peut s\u2019accumuler entre les dents et autour des gencives.\",\"breadcrumb\":{\"@id\":\"https:\/\/waterpik.be\/fr\/sante-bucco-dentaire\/besoins-dentaires-specifiques\/symptomes-de-la-maladie-des-gencives-et-traitement\/gingivite-symptomes-causes-et-traitement\/#breadcrumb\"},\"inLanguage\":\"fr-FR\",\"potentialAction\":[{\"@type\":\"ReadAction\",\"target\":[\"https:\/\/waterpik.be\/fr\/sante-bucco-dentaire\/besoins-dentaires-specifiques\/symptomes-de-la-maladie-des-gencives-et-traitement\/gingivite-symptomes-causes-et-traitement\/\"]}]},{\"@type\":\"ImageObject\",\"inLanguage\":\"fr-FR\",\"@id\":\"https:\/\/waterpik.be\/fr\/sante-bucco-dentaire\/besoins-dentaires-specifiques\/symptomes-de-la-maladie-des-gencives-et-traitement\/gingivite-symptomes-causes-et-traitement\/#primaryimage\",\"url\":\"http:\/\/waterpik.be\/wp-content\/uploads\/2020\/12\/gingivitis-fr.jpg\",\"contentUrl\":\"http:\/\/waterpik.be\/wp-content\/uploads\/2020\/12\/gingivitis-fr.jpg\"},{\"@type\":\"BreadcrumbList\",\"@id\":\"https:\/\/waterpik.be\/fr\/sante-bucco-dentaire\/besoins-dentaires-specifiques\/symptomes-de-la-maladie-des-gencives-et-traitement\/gingivite-symptomes-causes-et-traitement\/#breadcrumb\",\"itemListElement\":[{\"@type\":\"ListItem\",\"position\":1,\"name\":\"Home\",\"item\":\"https:\/\/waterpik.be\/fr\/\"},{\"@type\":\"ListItem\",\"position\":2,\"name\":\"Sant\u00e9 bucco-dentaire\",\"item\":\"https:\/\/waterpik.be\/fr\/sante-bucco-dentaire\/\"},{\"@type\":\"ListItem\",\"position\":3,\"name\":\"Besoins dentaires sp\u00e9cifiques\",\"item\":\"https:\/\/waterpik.be\/fr\/sante-bucco-dentaire\/besoins-dentaires-specifiques\/\"},{\"@type\":\"ListItem\",\"position\":4,\"name\":\"Sympt\u00f4mes de la maladie des gencives et traitement\",\"item\":\"https:\/\/waterpik.be\/fr\/sante-bucco-dentaire\/besoins-dentaires-specifiques\/symptomes-de-la-maladie-des-gencives-et-traitement\/\"},{\"@type\":\"ListItem\",\"position\":5,\"name\":\"Gingivite : sympt\u00f4mes, causes et traitement\"}]},{\"@type\":\"WebSite\",\"@id\":\"https:\/\/waterpik.be\/#website\",\"url\":\"https:\/\/waterpik.be\/\",\"name\":\"Waterpik Waterflosser\",\"description\":\"Poetsen alleen is niet genoeg\",\"potentialAction\":[{\"@type\":\"SearchAction\",\"target\":{\"@type\":\"EntryPoint\",\"urlTemplate\":\"https:\/\/waterpik.be\/?s={search_term_string}\"},\"query-input\":{\"@type\":\"PropertyValueSpecification\",\"valueRequired\":true,\"valueName\":\"search_term_string\"}}],\"inLanguage\":\"fr-FR\"}]}<\/script>\n<!-- \/ Yoast SEO plugin. -->","yoast_head_json":{"title":"Gingivite : sympt\u00f4mes, causes et traitement - Waterpik Waterflosser","description":"La principale cause de la gingivite est la plaque dentaire. Si elle n\u2019est pas \u00e9limin\u00e9e r\u00e9guli\u00e8rement, la plaque peut s\u2019accumuler entre les dents et autour des gencives.","robots":{"index":"index","follow":"follow","max-snippet":"max-snippet:-1","max-image-preview":"max-image-preview:large","max-video-preview":"max-video-preview:-1"},"canonical":"https:\/\/waterpik.be\/fr\/sante-bucco-dentaire\/besoins-dentaires-specifiques\/symptomes-de-la-maladie-des-gencives-et-traitement\/gingivite-symptomes-causes-et-traitement\/","og_locale":"fr_FR","og_type":"article","og_title":"Gingivite : sympt\u00f4mes, causes et traitement - Waterpik Waterflosser","og_description":"La principale cause de la gingivite est la plaque dentaire. Si elle n\u2019est pas \u00e9limin\u00e9e r\u00e9guli\u00e8rement, la plaque peut s\u2019accumuler entre les dents et autour des gencives.","og_url":"https:\/\/waterpik.be\/fr\/sante-bucco-dentaire\/besoins-dentaires-specifiques\/symptomes-de-la-maladie-des-gencives-et-traitement\/gingivite-symptomes-causes-et-traitement\/","og_site_name":"Waterpik Waterflosser","article_modified_time":"2021-03-02T15:48:47+00:00","og_image":[{"width":600,"height":246,"url":"https:\/\/waterpik.be\/wp-content\/uploads\/2020\/12\/gingivitis-fr.jpg","type":"image\/jpeg"}],"twitter_card":"summary_large_image","twitter_misc":{"Dur\u00e9e de lecture estim\u00e9e":"2 minutes"},"schema":{"@context":"https:\/\/schema.org","@graph":[{"@type":"WebPage","@id":"https:\/\/waterpik.be\/fr\/sante-bucco-dentaire\/besoins-dentaires-specifiques\/symptomes-de-la-maladie-des-gencives-et-traitement\/gingivite-symptomes-causes-et-traitement\/","url":"https:\/\/waterpik.be\/fr\/sante-bucco-dentaire\/besoins-dentaires-specifiques\/symptomes-de-la-maladie-des-gencives-et-traitement\/gingivite-symptomes-causes-et-traitement\/","name":"Gingivite : sympt\u00f4mes, causes et traitement - Waterpik Waterflosser","isPartOf":{"@id":"https:\/\/waterpik.be\/#website"},"primaryImageOfPage":{"@id":"https:\/\/waterpik.be\/fr\/sante-bucco-dentaire\/besoins-dentaires-specifiques\/symptomes-de-la-maladie-des-gencives-et-traitement\/gingivite-symptomes-causes-et-traitement\/#primaryimage"},"image":{"@id":"https:\/\/waterpik.be\/fr\/sante-bucco-dentaire\/besoins-dentaires-specifiques\/symptomes-de-la-maladie-des-gencives-et-traitement\/gingivite-symptomes-causes-et-traitement\/#primaryimage"},"thumbnailUrl":"http:\/\/waterpik.be\/wp-content\/uploads\/2020\/12\/gingivitis-fr.jpg","datePublished":"2020-12-15T11:45:47+00:00","dateModified":"2021-03-02T15:48:47+00:00","description":"La principale cause de la gingivite est la plaque dentaire. Si elle n\u2019est pas \u00e9limin\u00e9e r\u00e9guli\u00e8rement, la plaque peut s\u2019accumuler entre les dents et autour des gencives.","breadcrumb":{"@id":"https:\/\/waterpik.be\/fr\/sante-bucco-dentaire\/besoins-dentaires-specifiques\/symptomes-de-la-maladie-des-gencives-et-traitement\/gingivite-symptomes-causes-et-traitement\/#breadcrumb"},"inLanguage":"fr-FR","potentialAction":[{"@type":"ReadAction","target":["https:\/\/waterpik.be\/fr\/sante-bucco-dentaire\/besoins-dentaires-specifiques\/symptomes-de-la-maladie-des-gencives-et-traitement\/gingivite-symptomes-causes-et-traitement\/"]}]},{"@type":"ImageObject","inLanguage":"fr-FR","@id":"https:\/\/waterpik.be\/fr\/sante-bucco-dentaire\/besoins-dentaires-specifiques\/symptomes-de-la-maladie-des-gencives-et-traitement\/gingivite-symptomes-causes-et-traitement\/#primaryimage","url":"http:\/\/waterpik.be\/wp-content\/uploads\/2020\/12\/gingivitis-fr.jpg","contentUrl":"http:\/\/waterpik.be\/wp-content\/uploads\/2020\/12\/gingivitis-fr.jpg"},{"@type":"BreadcrumbList","@id":"https:\/\/waterpik.be\/fr\/sante-bucco-dentaire\/besoins-dentaires-specifiques\/symptomes-de-la-maladie-des-gencives-et-traitement\/gingivite-symptomes-causes-et-traitement\/#breadcrumb","itemListElement":[{"@type":"ListItem","position":1,"name":"Home","item":"https:\/\/waterpik.be\/fr\/"},{"@type":"ListItem","position":2,"name":"Sant\u00e9 bucco-dentaire","item":"https:\/\/waterpik.be\/fr\/sante-bucco-dentaire\/"},{"@type":"ListItem","position":3,"name":"Besoins dentaires sp\u00e9cifiques","item":"https:\/\/waterpik.be\/fr\/sante-bucco-dentaire\/besoins-dentaires-specifiques\/"},{"@type":"ListItem","position":4,"name":"Sympt\u00f4mes de la maladie des gencives et traitement","item":"https:\/\/waterpik.be\/fr\/sante-bucco-dentaire\/besoins-dentaires-specifiques\/symptomes-de-la-maladie-des-gencives-et-traitement\/"},{"@type":"ListItem","position":5,"name":"Gingivite : sympt\u00f4mes, causes et traitement"}]},{"@type":"WebSite","@id":"https:\/\/waterpik.be\/#website","url":"https:\/\/waterpik.be\/","name":"Waterpik Waterflosser","description":"Poetsen alleen is niet genoeg","potentialAction":[{"@type":"SearchAction","target":{"@type":"EntryPoint","urlTemplate":"https:\/\/waterpik.be\/?s={search_term_string}"},"query-input":{"@type":"PropertyValueSpecification","valueRequired":true,"valueName":"search_term_string"}}],"inLanguage":"fr-FR"}]}},"_links":{"self":[{"href":"https:\/\/waterpik.be\/fr\/wp-json\/wp\/v2\/pages\/5889","targetHints":{"allow":["GET"]}}],"collection":[{"href":"https:\/\/waterpik.be\/fr\/wp-json\/wp\/v2\/pages"}],"about":[{"href":"https:\/\/waterpik.be\/fr\/wp-json\/wp\/v2\/types\/page"}],"author":[{"embeddable":true,"href":"https:\/\/waterpik.be\/fr\/wp-json\/wp\/v2\/users\/3"}],"replies":[{"embeddable":true,"href":"https:\/\/waterpik.be\/fr\/wp-json\/wp\/v2\/comments?post=5889"}],"version-history":[{"count":1,"href":"https:\/\/waterpik.be\/fr\/wp-json\/wp\/v2\/pages\/5889\/revisions"}],"predecessor-version":[{"id":5894,"href":"https:\/\/waterpik.be\/fr\/wp-json\/wp\/v2\/pages\/5889\/revisions\/5894"}],"up":[{"embeddable":true,"href":"https:\/\/waterpik.be\/fr\/wp-json\/wp\/v2\/pages\/5879"}],"wp:attachment":[{"href":"https:\/\/waterpik.be\/fr\/wp-json\/wp\/v2\/media?parent=5889"}],"curies":[{"name":"wp","href":"https:\/\/api.w.org\/{rel}","templated":true}]}}