{"id":5895,"date":"2020-12-15T12:48:40","date_gmt":"2020-12-15T11:48:40","guid":{"rendered":"http:\/\/waterpik.be\/besoins-dentaires-specifiques\/symptomes-de-la-maladie-des-gencives-et-traitement\/parodontite-symptomes-causes-et-traitement\/"},"modified":"2021-03-02T16:49:06","modified_gmt":"2021-03-02T15:49:06","slug":"parodontite-symptomes-causes-et-traitement","status":"publish","type":"page","link":"https:\/\/waterpik.be\/fr\/sante-bucco-dentaire\/besoins-dentaires-specifiques\/symptomes-de-la-maladie-des-gencives-et-traitement\/parodontite-symptomes-causes-et-traitement\/","title":{"rendered":"Parodontite : sympt\u00f4mes, causes et traitement"},"content":{"rendered":"<p>La parodontite se produit lorsqu\u2019une inflammation ou une infection des gencives (<a href=\"https:\/\/www.waterpik.fr\/sante-bucco-dentaire\/besoins-dentaires\/maladies-gencives\/traitement-gingivite\/\">gingivite<\/a>) n\u2019est pas trait\u00e9e. Il s\u2019agit de la principale cause de la perte des dents chez les adultes.<\/p>\n<p>Les maladies parodontales exigent de bons soins quotidiens \u00e0 la maison. L\u2019ajout d\u2019un\u00a0<a title=\"Jet dentaire Waterpik\" href=\"https:\/\/www.waterpik.fr\/sante-bucco-dentaire\/produits\/hydropulseur-jet-dentaire\/\">jet dentaire Waterpik\u00ae<\/a>\u00a0\u00e0 votre routine bucco-dentaire est un moyen efficace d\u2019am\u00e9liorer la sant\u00e9 de vos gencives.<\/p>\n<h2>Sympt\u00f4mes de la parodontite<\/h2>\n<p>Outre les signes et les sympt\u00f4mes de la\u00a0<a href=\"https:\/\/www.waterpik.fr\/sante-bucco-dentaire\/besoins-dentaires\/maladies-gencives\/traitement-gingivite\/\">gingivite<\/a>, les sympt\u00f4mes de la maladie parodontale comprennent :<\/p>\n<ul>\n<li>Un mauvais go\u00fbt dans la bouche et une\u00a0<a href=\"https:\/\/www.waterpik.fr\/sante-bucco-dentaire\/besoins-dentaires\/defis-dentaires\/debarrasser-mauvaise-haleine\/\">mauvaise haleine<\/a>\u00a0persistante<\/li>\n<li>Des gencives qui se d\u00e9collent des dents ou la r\u00e9tractation de la gencive<\/li>\n<li>Des dents qui bougent ou un changement de la sensation de vos dents lorsque vous mordez ou m\u00e2chez<\/li>\n<li>Gencives sensibles ou douloureuses<\/li>\n<li>Pus autour de la gencive<\/li>\n<\/ul>\n<div class=\"row border-bottom py-3\"><\/div>\n<div class=\"row border-bottom\"><img loading=\"lazy\" decoding=\"async\" class=\"aligncenter wp-image-5888 size-full\" src=\"http:\/\/waterpik.be\/wp-content\/uploads\/2020\/12\/gingivitis-fr.jpg\" alt=\"\" width=\"600\" height=\"246\" srcset=\"https:\/\/waterpik.be\/wp-content\/uploads\/2020\/12\/gingivitis-fr.jpg 600w, https:\/\/waterpik.be\/wp-content\/uploads\/2020\/12\/gingivitis-fr-300x123.jpg 300w\" sizes=\"auto, (max-width: 600px) 100vw, 600px\" \/><\/div>\n<section>\n<div class=\"row\"><\/div>\n<h2>Causes de la parodontite<\/h2>\n<p>Non trait\u00e9e, la gingivite peut \u00e9voluer vers la parodontite. En cas de gingivite, les bact\u00e9ries de la plaque provoquent l\u2019inflammation des gencives, ce qui conduit \u00e0 l\u2019infection.<\/p>\n<p>En cas de maladie parodontale, en plus de l\u2019inflammation, des toxines bact\u00e9riennes et la r\u00e9ponse naturelle de l\u2019organisme \u00e0 l\u2019infection commencent \u00e0 d\u00e9truire les tissus osseux et conjonctifs qui maintiennent les dents en place.<\/p>\n<p>Les dommages caus\u00e9s \u00e0 l\u2019os, aux gencives et aux tissus qui soutiennent les dents peuvent conduire \u00e0 la perte des dents.<\/p>\n<h2>Traitement de la parodontite<\/h2>\n<p>Le jet dentaire Waterpik\u00ae utilise une association efficace de pulsations et de pression de l\u2019eau pour nettoyer les zones que la brosse \u00e0 dents et le fil dentaire ne peuvent pas atteindre.\u00bb<\/p>\n<p>La recherche clinique montre que pour l\u2019inversion de la gingivite et l\u2019am\u00e9lioration de la sant\u00e9 des gencives, le jet dentaire Waterpik\u00ae est jusqu\u2019\u00e0 50 % plus efficace que de le fil dentaire traditionnelle et jusqu\u2019\u00e0 80 % plus efficace que le Sonicare\u00ae Air Floss (mod\u00e8le HX8181).<\/p>\n<p>Le traitement de la maladie parodontale et de la parodontite d\u00e9pend de l\u2019\u00e9tendue de la maladie. Il peut s\u2019agir d\u2019une association de proc\u00e9dures sp\u00e9ciales de nettoyage dentaire, de m\u00e9dicaments et de chirurgie. Votre dentiste pourra d\u00e9terminer le traitement de la gingivite qui vous convient.<\/p>\n<p><a class=\"button\" href=\"http:\/\/waterpik.be\/producten\/\">Browse Water flossers<\/a><\/p>\n<\/section>\n","protected":false},"excerpt":{"rendered":"<p>La parodontite se produit lorsqu\u2019une inflammation ou une infection des gencives (gingivite) n\u2019est pas trait\u00e9e. Il s\u2019agit de la principale cause de la perte des dents chez les adultes. Les maladies parodontales exigent de bons soins quotidiens \u00e0 la maison. L\u2019ajout d\u2019un\u00a0jet dentaire Waterpik\u00ae\u00a0\u00e0 votre routine bucco-dentaire est un moyen efficace d\u2019am\u00e9liorer la sant\u00e9 de [&hellip;]<\/p>\n","protected":false},"author":3,"featured_media":0,"parent":5879,"menu_order":2,"comment_status":"closed","ping_status":"closed","template":"","meta":{"_acf_changed":false,"footnotes":""},"class_list":["post-5895","page","type-page","status-publish","hentry"],"acf":[],"yoast_head":"<!-- This site is optimized with the Yoast SEO plugin v26.7 - https:\/\/yoast.com\/wordpress\/plugins\/seo\/ -->\n<title>Parodontite : sympt\u00f4mes, causes et traitement - Waterpik Waterflosser<\/title>\n<meta name=\"description\" content=\"La parodontite se produit lorsqu\u2019une inflammation ou une infection des gencives (gingivite) n\u2019est pas trait\u00e9e. Il s\u2019agit de la principale cause de la perte des dents chez les adultes.\" \/>\n<meta name=\"robots\" content=\"index, follow, max-snippet:-1, max-image-preview:large, max-video-preview:-1\" \/>\n<link rel=\"canonical\" href=\"https:\/\/waterpik.be\/fr\/sante-bucco-dentaire\/besoins-dentaires-specifiques\/symptomes-de-la-maladie-des-gencives-et-traitement\/parodontite-symptomes-causes-et-traitement\/\" \/>\n<meta property=\"og:locale\" content=\"fr_FR\" \/>\n<meta property=\"og:type\" content=\"article\" \/>\n<meta property=\"og:title\" content=\"Parodontite : sympt\u00f4mes, causes et traitement - Waterpik Waterflosser\" \/>\n<meta property=\"og:description\" content=\"La parodontite se produit lorsqu\u2019une inflammation ou une infection des gencives (gingivite) n\u2019est pas trait\u00e9e. Il s\u2019agit de la principale cause de la perte des dents chez les adultes.\" \/>\n<meta property=\"og:url\" content=\"https:\/\/waterpik.be\/fr\/sante-bucco-dentaire\/besoins-dentaires-specifiques\/symptomes-de-la-maladie-des-gencives-et-traitement\/parodontite-symptomes-causes-et-traitement\/\" \/>\n<meta property=\"og:site_name\" content=\"Waterpik Waterflosser\" \/>\n<meta property=\"article:modified_time\" content=\"2021-03-02T15:49:06+00:00\" \/>\n<meta property=\"og:image\" content=\"https:\/\/waterpik.be\/wp-content\/uploads\/2020\/12\/gingivitis-fr.jpg\" \/>\n\t<meta property=\"og:image:width\" content=\"600\" \/>\n\t<meta property=\"og:image:height\" content=\"246\" \/>\n\t<meta property=\"og:image:type\" content=\"image\/jpeg\" \/>\n<meta name=\"twitter:card\" content=\"summary_large_image\" \/>\n<meta name=\"twitter:label1\" content=\"Dur\u00e9e de lecture estim\u00e9e\" \/>\n\t<meta name=\"twitter:data1\" content=\"2 minutes\" \/>\n<script type=\"application\/ld+json\" class=\"yoast-schema-graph\">{\"@context\":\"https:\/\/schema.org\",\"@graph\":[{\"@type\":\"WebPage\",\"@id\":\"https:\/\/waterpik.be\/fr\/sante-bucco-dentaire\/besoins-dentaires-specifiques\/symptomes-de-la-maladie-des-gencives-et-traitement\/parodontite-symptomes-causes-et-traitement\/\",\"url\":\"https:\/\/waterpik.be\/fr\/sante-bucco-dentaire\/besoins-dentaires-specifiques\/symptomes-de-la-maladie-des-gencives-et-traitement\/parodontite-symptomes-causes-et-traitement\/\",\"name\":\"Parodontite : sympt\u00f4mes, causes et traitement - Waterpik Waterflosser\",\"isPartOf\":{\"@id\":\"https:\/\/waterpik.be\/#website\"},\"primaryImageOfPage\":{\"@id\":\"https:\/\/waterpik.be\/fr\/sante-bucco-dentaire\/besoins-dentaires-specifiques\/symptomes-de-la-maladie-des-gencives-et-traitement\/parodontite-symptomes-causes-et-traitement\/#primaryimage\"},\"image\":{\"@id\":\"https:\/\/waterpik.be\/fr\/sante-bucco-dentaire\/besoins-dentaires-specifiques\/symptomes-de-la-maladie-des-gencives-et-traitement\/parodontite-symptomes-causes-et-traitement\/#primaryimage\"},\"thumbnailUrl\":\"http:\/\/waterpik.be\/wp-content\/uploads\/2020\/12\/gingivitis-fr.jpg\",\"datePublished\":\"2020-12-15T11:48:40+00:00\",\"dateModified\":\"2021-03-02T15:49:06+00:00\",\"description\":\"La parodontite se produit lorsqu\u2019une inflammation ou une infection des gencives (gingivite) n\u2019est pas trait\u00e9e. Il s\u2019agit de la principale cause de la perte des dents chez les adultes.\",\"breadcrumb\":{\"@id\":\"https:\/\/waterpik.be\/fr\/sante-bucco-dentaire\/besoins-dentaires-specifiques\/symptomes-de-la-maladie-des-gencives-et-traitement\/parodontite-symptomes-causes-et-traitement\/#breadcrumb\"},\"inLanguage\":\"fr-FR\",\"potentialAction\":[{\"@type\":\"ReadAction\",\"target\":[\"https:\/\/waterpik.be\/fr\/sante-bucco-dentaire\/besoins-dentaires-specifiques\/symptomes-de-la-maladie-des-gencives-et-traitement\/parodontite-symptomes-causes-et-traitement\/\"]}]},{\"@type\":\"ImageObject\",\"inLanguage\":\"fr-FR\",\"@id\":\"https:\/\/waterpik.be\/fr\/sante-bucco-dentaire\/besoins-dentaires-specifiques\/symptomes-de-la-maladie-des-gencives-et-traitement\/parodontite-symptomes-causes-et-traitement\/#primaryimage\",\"url\":\"http:\/\/waterpik.be\/wp-content\/uploads\/2020\/12\/gingivitis-fr.jpg\",\"contentUrl\":\"http:\/\/waterpik.be\/wp-content\/uploads\/2020\/12\/gingivitis-fr.jpg\"},{\"@type\":\"BreadcrumbList\",\"@id\":\"https:\/\/waterpik.be\/fr\/sante-bucco-dentaire\/besoins-dentaires-specifiques\/symptomes-de-la-maladie-des-gencives-et-traitement\/parodontite-symptomes-causes-et-traitement\/#breadcrumb\",\"itemListElement\":[{\"@type\":\"ListItem\",\"position\":1,\"name\":\"Home\",\"item\":\"https:\/\/waterpik.be\/fr\/\"},{\"@type\":\"ListItem\",\"position\":2,\"name\":\"Sant\u00e9 bucco-dentaire\",\"item\":\"https:\/\/waterpik.be\/fr\/sante-bucco-dentaire\/\"},{\"@type\":\"ListItem\",\"position\":3,\"name\":\"Besoins dentaires sp\u00e9cifiques\",\"item\":\"https:\/\/waterpik.be\/fr\/sante-bucco-dentaire\/besoins-dentaires-specifiques\/\"},{\"@type\":\"ListItem\",\"position\":4,\"name\":\"Sympt\u00f4mes de la maladie des gencives et traitement\",\"item\":\"https:\/\/waterpik.be\/fr\/sante-bucco-dentaire\/besoins-dentaires-specifiques\/symptomes-de-la-maladie-des-gencives-et-traitement\/\"},{\"@type\":\"ListItem\",\"position\":5,\"name\":\"Parodontite : sympt\u00f4mes, causes et traitement\"}]},{\"@type\":\"WebSite\",\"@id\":\"https:\/\/waterpik.be\/#website\",\"url\":\"https:\/\/waterpik.be\/\",\"name\":\"Waterpik Waterflosser\",\"description\":\"Poetsen alleen is niet genoeg\",\"potentialAction\":[{\"@type\":\"SearchAction\",\"target\":{\"@type\":\"EntryPoint\",\"urlTemplate\":\"https:\/\/waterpik.be\/?s={search_term_string}\"},\"query-input\":{\"@type\":\"PropertyValueSpecification\",\"valueRequired\":true,\"valueName\":\"search_term_string\"}}],\"inLanguage\":\"fr-FR\"}]}<\/script>\n<!-- \/ Yoast SEO plugin. -->","yoast_head_json":{"title":"Parodontite : sympt\u00f4mes, causes et traitement - Waterpik Waterflosser","description":"La parodontite se produit lorsqu\u2019une inflammation ou une infection des gencives (gingivite) n\u2019est pas trait\u00e9e. Il s\u2019agit de la principale cause de la perte des dents chez les adultes.","robots":{"index":"index","follow":"follow","max-snippet":"max-snippet:-1","max-image-preview":"max-image-preview:large","max-video-preview":"max-video-preview:-1"},"canonical":"https:\/\/waterpik.be\/fr\/sante-bucco-dentaire\/besoins-dentaires-specifiques\/symptomes-de-la-maladie-des-gencives-et-traitement\/parodontite-symptomes-causes-et-traitement\/","og_locale":"fr_FR","og_type":"article","og_title":"Parodontite : sympt\u00f4mes, causes et traitement - Waterpik Waterflosser","og_description":"La parodontite se produit lorsqu\u2019une inflammation ou une infection des gencives (gingivite) n\u2019est pas trait\u00e9e. Il s\u2019agit de la principale cause de la perte des dents chez les adultes.","og_url":"https:\/\/waterpik.be\/fr\/sante-bucco-dentaire\/besoins-dentaires-specifiques\/symptomes-de-la-maladie-des-gencives-et-traitement\/parodontite-symptomes-causes-et-traitement\/","og_site_name":"Waterpik Waterflosser","article_modified_time":"2021-03-02T15:49:06+00:00","og_image":[{"width":600,"height":246,"url":"https:\/\/waterpik.be\/wp-content\/uploads\/2020\/12\/gingivitis-fr.jpg","type":"image\/jpeg"}],"twitter_card":"summary_large_image","twitter_misc":{"Dur\u00e9e de lecture estim\u00e9e":"2 minutes"},"schema":{"@context":"https:\/\/schema.org","@graph":[{"@type":"WebPage","@id":"https:\/\/waterpik.be\/fr\/sante-bucco-dentaire\/besoins-dentaires-specifiques\/symptomes-de-la-maladie-des-gencives-et-traitement\/parodontite-symptomes-causes-et-traitement\/","url":"https:\/\/waterpik.be\/fr\/sante-bucco-dentaire\/besoins-dentaires-specifiques\/symptomes-de-la-maladie-des-gencives-et-traitement\/parodontite-symptomes-causes-et-traitement\/","name":"Parodontite : sympt\u00f4mes, causes et traitement - Waterpik Waterflosser","isPartOf":{"@id":"https:\/\/waterpik.be\/#website"},"primaryImageOfPage":{"@id":"https:\/\/waterpik.be\/fr\/sante-bucco-dentaire\/besoins-dentaires-specifiques\/symptomes-de-la-maladie-des-gencives-et-traitement\/parodontite-symptomes-causes-et-traitement\/#primaryimage"},"image":{"@id":"https:\/\/waterpik.be\/fr\/sante-bucco-dentaire\/besoins-dentaires-specifiques\/symptomes-de-la-maladie-des-gencives-et-traitement\/parodontite-symptomes-causes-et-traitement\/#primaryimage"},"thumbnailUrl":"http:\/\/waterpik.be\/wp-content\/uploads\/2020\/12\/gingivitis-fr.jpg","datePublished":"2020-12-15T11:48:40+00:00","dateModified":"2021-03-02T15:49:06+00:00","description":"La parodontite se produit lorsqu\u2019une inflammation ou une infection des gencives (gingivite) n\u2019est pas trait\u00e9e. Il s\u2019agit de la principale cause de la perte des dents chez les adultes.","breadcrumb":{"@id":"https:\/\/waterpik.be\/fr\/sante-bucco-dentaire\/besoins-dentaires-specifiques\/symptomes-de-la-maladie-des-gencives-et-traitement\/parodontite-symptomes-causes-et-traitement\/#breadcrumb"},"inLanguage":"fr-FR","potentialAction":[{"@type":"ReadAction","target":["https:\/\/waterpik.be\/fr\/sante-bucco-dentaire\/besoins-dentaires-specifiques\/symptomes-de-la-maladie-des-gencives-et-traitement\/parodontite-symptomes-causes-et-traitement\/"]}]},{"@type":"ImageObject","inLanguage":"fr-FR","@id":"https:\/\/waterpik.be\/fr\/sante-bucco-dentaire\/besoins-dentaires-specifiques\/symptomes-de-la-maladie-des-gencives-et-traitement\/parodontite-symptomes-causes-et-traitement\/#primaryimage","url":"http:\/\/waterpik.be\/wp-content\/uploads\/2020\/12\/gingivitis-fr.jpg","contentUrl":"http:\/\/waterpik.be\/wp-content\/uploads\/2020\/12\/gingivitis-fr.jpg"},{"@type":"BreadcrumbList","@id":"https:\/\/waterpik.be\/fr\/sante-bucco-dentaire\/besoins-dentaires-specifiques\/symptomes-de-la-maladie-des-gencives-et-traitement\/parodontite-symptomes-causes-et-traitement\/#breadcrumb","itemListElement":[{"@type":"ListItem","position":1,"name":"Home","item":"https:\/\/waterpik.be\/fr\/"},{"@type":"ListItem","position":2,"name":"Sant\u00e9 bucco-dentaire","item":"https:\/\/waterpik.be\/fr\/sante-bucco-dentaire\/"},{"@type":"ListItem","position":3,"name":"Besoins dentaires sp\u00e9cifiques","item":"https:\/\/waterpik.be\/fr\/sante-bucco-dentaire\/besoins-dentaires-specifiques\/"},{"@type":"ListItem","position":4,"name":"Sympt\u00f4mes de la maladie des gencives et traitement","item":"https:\/\/waterpik.be\/fr\/sante-bucco-dentaire\/besoins-dentaires-specifiques\/symptomes-de-la-maladie-des-gencives-et-traitement\/"},{"@type":"ListItem","position":5,"name":"Parodontite : sympt\u00f4mes, causes et traitement"}]},{"@type":"WebSite","@id":"https:\/\/waterpik.be\/#website","url":"https:\/\/waterpik.be\/","name":"Waterpik Waterflosser","description":"Poetsen alleen is niet genoeg","potentialAction":[{"@type":"SearchAction","target":{"@type":"EntryPoint","urlTemplate":"https:\/\/waterpik.be\/?s={search_term_string}"},"query-input":{"@type":"PropertyValueSpecification","valueRequired":true,"valueName":"search_term_string"}}],"inLanguage":"fr-FR"}]}},"_links":{"self":[{"href":"https:\/\/waterpik.be\/fr\/wp-json\/wp\/v2\/pages\/5895","targetHints":{"allow":["GET"]}}],"collection":[{"href":"https:\/\/waterpik.be\/fr\/wp-json\/wp\/v2\/pages"}],"about":[{"href":"https:\/\/waterpik.be\/fr\/wp-json\/wp\/v2\/types\/page"}],"author":[{"embeddable":true,"href":"https:\/\/waterpik.be\/fr\/wp-json\/wp\/v2\/users\/3"}],"replies":[{"embeddable":true,"href":"https:\/\/waterpik.be\/fr\/wp-json\/wp\/v2\/comments?post=5895"}],"version-history":[{"count":1,"href":"https:\/\/waterpik.be\/fr\/wp-json\/wp\/v2\/pages\/5895\/revisions"}],"predecessor-version":[{"id":5898,"href":"https:\/\/waterpik.be\/fr\/wp-json\/wp\/v2\/pages\/5895\/revisions\/5898"}],"up":[{"embeddable":true,"href":"https:\/\/waterpik.be\/fr\/wp-json\/wp\/v2\/pages\/5879"}],"wp:attachment":[{"href":"https:\/\/waterpik.be\/fr\/wp-json\/wp\/v2\/media?parent=5895"}],"curies":[{"name":"wp","href":"https:\/\/api.w.org\/{rel}","templated":true}]}}