{"id":5902,"date":"2020-12-15T14:24:02","date_gmt":"2020-12-15T13:24:02","guid":{"rendered":"http:\/\/waterpik.be\/comment-utiliser-lhydropulseur-jet-dentaire\/"},"modified":"2021-03-02T16:50:38","modified_gmt":"2021-03-02T15:50:38","slug":"comment-utiliser-lhydropulseur-jet-dentaire","status":"publish","type":"page","link":"https:\/\/waterpik.be\/fr\/sante-bucco-dentaire\/comment-utiliser-lhydropulseur-jet-dentaire\/","title":{"rendered":"Comment utiliser l\u2019hydropulseur jet dentaire"},"content":{"rendered":"<p>Le nettoyage interdentaire est important pour conserver une bonne pour votre routine quotidienne de sant\u00e9 bucco-dentaire<br \/>\nL\u2019hydropulseur jet dentaire Waterpik\u00ae \u00e9limine la plaque et les d\u00e9bris que votre brosse \u00e0 dents ne parvient pas \u00e0 atteindre, pour une bouche incroyablement fra\u00eeche et propre. Il est cliniquement prouv\u00e9 qu\u2019il r\u00e9duit la plaque dentaire, la gingivite et les maladies des gencives<\/p>\n<p>D\u00e9couvrez \u00e0 quel point l\u2019hydropulseur jet dentaire Waterpik\u00ae est facile \u00e0 utiliser.<\/p>\n<h2>Comment utiliser un hydropulseur jet dentaire Waterpik<sup>\u00ae<\/sup>\u00a0Waterflosser<\/h2>\n<p><iframe loading=\"lazy\" src=\"https:\/\/www.youtube.com\/embed\/R8w-3ppChaw?rel=0\" width=\"800\" height=\"450\" frameborder=\"0\" allowfullscreen=\"allowfullscreen\"><\/iframe><\/p>\n<h2>Comment utiliser un hydropulseur jet dentaire Waterpik\u00ae en 6 \u00e9tapes simples<\/h2>\n<p>&nbsp;<\/p>\n<p>&nbsp;<\/p>\n<section>\n<article>\n<div class=\"row border-bottom\">\n<div class=\"col-sm-5 col-xs-12\"><img loading=\"lazy\" decoding=\"async\" class=\"size-medium wp-image-5906 alignleft\" src=\"https:\/\/waterpik.be\/wp-content\/uploads\/2019\/08\/fill-replace-reservoir-300x222.png\" alt=\"\" width=\"300\" height=\"222\" \/><\/div>\n<div class=\"col-sm-7 col-xs-12\">\n<ol>\n<li>Remplissez le r\u00e9servoir d\u2019eau ti\u00e8de et placez-le fermement sur la base.<\/li>\n<li>S\u00e9lectionnez un embout et enclenchez-le sur le manche.<\/li>\n<li>Remarque : Si vous utilisez l\u2019appareil pour la premi\u00e8re fois, r\u00e9glez le contr\u00f4le de la pression sur le niveau \u00e9lev\u00e9. Placez l\u2019embout au-dessus de l\u2019\u00e9vier, allumez l\u2019appareil et attendez que l\u2019eau s\u2019\u00e9coule. \u00c9teignez l\u2019appareil..<\/li>\n<\/ol>\n<\/div>\n<\/div>\n<\/article>\n<p>&nbsp;<\/p>\n<\/section>\n<p>&nbsp;<\/p>\n<p>&nbsp;<\/p>\n<section>\u00a0<\/section>\n<section>\n<section>\n<article>\n<div class=\"row border-bottom\">\n<div><\/div>\n<div><\/div>\n<div class=\"col-sm-5 col-xs-12\"><img loading=\"lazy\" decoding=\"async\" class=\"size-medium wp-image-5907 alignleft\" src=\"https:\/\/waterpik.be\/wp-content\/uploads\/2019\/08\/lean-over-sink-300x222.png\" alt=\"\" width=\"300\" height=\"222\" \/><\/div>\n<div class=\"col-sm-7 col-xs-12\">\n<ol start=\"4\">\n<li>Commencez avec le niveau de pression le plus faible, penchez-vous au-dessus du lavabo, placez l\u2019embout dans votre bouche.<\/li>\n<li>Allumez l\u2019appareil. Fermez la bouche suffisamment pour \u00e9viter les projections, et laissez l\u2019eau couler de votre bouche dans l\u2019\u00e9vier.<\/li>\n<\/ol>\n<div class=\"col-sm-3\"><\/div>\n<\/div>\n<\/div>\n<\/article>\n<\/section>\n<p>&nbsp;<\/p>\n<\/section>\n<p>&nbsp;<\/p>\n<p>&nbsp;<\/p>\n<section><\/section>\n<section>\n<section>\n<article>\n<div class=\"row border-bottom\">\n<div><\/div>\n<div><\/div>\n<div class=\"col-sm-5 col-xs-12\"><img loading=\"lazy\" decoding=\"async\" class=\"size-medium wp-image-5908 alignleft\" src=\"https:\/\/waterpik.be\/wp-content\/uploads\/2019\/08\/water-floss-teeth-gums-300x222.png\" alt=\"\" width=\"300\" height=\"222\" \/><\/div>\n<div class=\"col-sm-7 col-xs-12\">\n<ol start=\"7\">\n<li>Orientez l\u2019embout sur le sillon gingival..<\/li>\n<li>Lorsque vous avez fini, arr\u00eatez l\u2019appareil et utilisez le bouton d\u2019\u00e9jection de l\u2019embout pour retirer.<\/li>\n<\/ol>\n<div class=\"col-sm-7 col-xs-12\"><\/div>\n<\/div>\n<\/div>\n<\/article>\n<\/section>\n<p>&nbsp;<\/p>\n<p>&nbsp;<\/p>\n<p>&nbsp;<\/p>\n<p>En fonction du mod\u00e8le <a href=\"http:\/\/waterpik.be\/product-categorie\/waterflossers\/\">l\u2019hydropulseur jet dentaire Waterpik\u00ae,<\/a>vous pouvez utiliser le bouton Pause ou Marche\/Arr\u00eat du manche pour arr\u00eater le jet d\u2019eau si besoin. Vous pouvez \u00e9galement orienter l\u2019embout \u00e0 l\u2019aide de la base rotative. (Ces fonctionnalit\u00e9s ne sont pas disponibles sur tous les mod\u00e8les).<\/p>\n<p>&nbsp;<\/p>\n<ul>Pour en savoir plus :<\/p>\n<li style=\"list-style-type: none;\">\n<ul>\n<li>Consultez les manuels des produits disponibles sur nos <a href=\"http:\/\/waterpik.be\/producten\/\">Pages Produits<\/a><\/li>\n<\/ul>\n<\/li>\n<\/ul>\n<\/section>\n","protected":false},"excerpt":{"rendered":"<p>Le nettoyage interdentaire est important pour conserver une bonne pour votre routine quotidienne de sant\u00e9 bucco-dentaire L\u2019hydropulseur jet dentaire Waterpik\u00ae \u00e9limine la plaque et les d\u00e9bris que votre brosse \u00e0 dents ne parvient pas \u00e0 atteindre, pour une bouche incroyablement fra\u00eeche et propre. Il est cliniquement prouv\u00e9 qu\u2019il r\u00e9duit la plaque dentaire, la gingivite et [&hellip;]<\/p>\n","protected":false},"author":3,"featured_media":0,"parent":6031,"menu_order":4,"comment_status":"closed","ping_status":"closed","template":"","meta":{"_acf_changed":false,"footnotes":""},"class_list":["post-5902","page","type-page","status-publish","hentry"],"acf":[],"yoast_head":"<!-- This site is optimized with the Yoast SEO plugin v26.7 - https:\/\/yoast.com\/wordpress\/plugins\/seo\/ -->\n<title>Comment utiliser l\u2019hydropulseur jet dentaire - Waterpik<\/title>\n<meta name=\"description\" content=\"Le nettoyage interdentaire est important pour conserver une bonne pour votre routine quotidienne de sant\u00e9 bucco-dentaireL\u2019hydropulseur jet dentaire Waterpik\u00ae \u00e9limine la plaque et les d\u00e9bris que votre brosse \u00e0 dents ne parvient pas \u00e0 atteindre, pour une bouche incroyablement fra\u00eeche et propre.\" \/>\n<meta name=\"robots\" content=\"index, follow, max-snippet:-1, max-image-preview:large, max-video-preview:-1\" \/>\n<link rel=\"canonical\" href=\"https:\/\/waterpik.be\/fr\/sante-bucco-dentaire\/comment-utiliser-lhydropulseur-jet-dentaire\/\" \/>\n<meta property=\"og:locale\" content=\"fr_FR\" \/>\n<meta property=\"og:type\" content=\"article\" \/>\n<meta property=\"og:title\" content=\"Comment utiliser l\u2019hydropulseur jet dentaire - Waterpik\" \/>\n<meta property=\"og:description\" content=\"Le nettoyage interdentaire est important pour conserver une bonne pour votre routine quotidienne de sant\u00e9 bucco-dentaireL\u2019hydropulseur jet dentaire Waterpik\u00ae \u00e9limine la plaque et les d\u00e9bris que votre brosse \u00e0 dents ne parvient pas \u00e0 atteindre, pour une bouche incroyablement fra\u00eeche et propre.\" \/>\n<meta property=\"og:url\" content=\"https:\/\/waterpik.be\/fr\/sante-bucco-dentaire\/comment-utiliser-lhydropulseur-jet-dentaire\/\" \/>\n<meta property=\"og:site_name\" content=\"Waterpik Waterflosser\" \/>\n<meta property=\"article:modified_time\" content=\"2021-03-02T15:50:38+00:00\" \/>\n<meta property=\"og:image\" content=\"https:\/\/waterpik.be\/wp-content\/uploads\/2019\/08\/fill-replace-reservoir.png\" \/>\n\t<meta property=\"og:image:width\" content=\"300\" \/>\n\t<meta property=\"og:image:height\" content=\"222\" \/>\n\t<meta property=\"og:image:type\" content=\"image\/png\" \/>\n<meta name=\"twitter:card\" content=\"summary_large_image\" \/>\n<meta name=\"twitter:label1\" content=\"Dur\u00e9e de lecture estim\u00e9e\" \/>\n\t<meta name=\"twitter:data1\" content=\"2 minutes\" \/>\n<script type=\"application\/ld+json\" class=\"yoast-schema-graph\">{\"@context\":\"https:\/\/schema.org\",\"@graph\":[{\"@type\":\"WebPage\",\"@id\":\"https:\/\/waterpik.be\/fr\/sante-bucco-dentaire\/comment-utiliser-lhydropulseur-jet-dentaire\/\",\"url\":\"https:\/\/waterpik.be\/fr\/sante-bucco-dentaire\/comment-utiliser-lhydropulseur-jet-dentaire\/\",\"name\":\"Comment utiliser l\u2019hydropulseur jet dentaire - Waterpik\",\"isPartOf\":{\"@id\":\"https:\/\/waterpik.be\/#website\"},\"primaryImageOfPage\":{\"@id\":\"https:\/\/waterpik.be\/fr\/sante-bucco-dentaire\/comment-utiliser-lhydropulseur-jet-dentaire\/#primaryimage\"},\"image\":{\"@id\":\"https:\/\/waterpik.be\/fr\/sante-bucco-dentaire\/comment-utiliser-lhydropulseur-jet-dentaire\/#primaryimage\"},\"thumbnailUrl\":\"https:\/\/waterpik.be\/wp-content\/uploads\/2019\/08\/fill-replace-reservoir-300x222.png\",\"datePublished\":\"2020-12-15T13:24:02+00:00\",\"dateModified\":\"2021-03-02T15:50:38+00:00\",\"description\":\"Le nettoyage interdentaire est important pour conserver une bonne pour votre routine quotidienne de sant\u00e9 bucco-dentaireL\u2019hydropulseur jet dentaire Waterpik\u00ae \u00e9limine la plaque et les d\u00e9bris que votre brosse \u00e0 dents ne parvient pas \u00e0 atteindre, pour une bouche incroyablement fra\u00eeche et propre.\",\"breadcrumb\":{\"@id\":\"https:\/\/waterpik.be\/fr\/sante-bucco-dentaire\/comment-utiliser-lhydropulseur-jet-dentaire\/#breadcrumb\"},\"inLanguage\":\"fr-FR\",\"potentialAction\":[{\"@type\":\"ReadAction\",\"target\":[\"https:\/\/waterpik.be\/fr\/sante-bucco-dentaire\/comment-utiliser-lhydropulseur-jet-dentaire\/\"]}]},{\"@type\":\"ImageObject\",\"inLanguage\":\"fr-FR\",\"@id\":\"https:\/\/waterpik.be\/fr\/sante-bucco-dentaire\/comment-utiliser-lhydropulseur-jet-dentaire\/#primaryimage\",\"url\":\"https:\/\/waterpik.be\/wp-content\/uploads\/2019\/08\/fill-replace-reservoir-300x222.png\",\"contentUrl\":\"https:\/\/waterpik.be\/wp-content\/uploads\/2019\/08\/fill-replace-reservoir-300x222.png\"},{\"@type\":\"BreadcrumbList\",\"@id\":\"https:\/\/waterpik.be\/fr\/sante-bucco-dentaire\/comment-utiliser-lhydropulseur-jet-dentaire\/#breadcrumb\",\"itemListElement\":[{\"@type\":\"ListItem\",\"position\":1,\"name\":\"Home\",\"item\":\"https:\/\/waterpik.be\/fr\/\"},{\"@type\":\"ListItem\",\"position\":2,\"name\":\"Sant\u00e9 bucco-dentaire\",\"item\":\"https:\/\/waterpik.be\/fr\/sante-bucco-dentaire\/\"},{\"@type\":\"ListItem\",\"position\":3,\"name\":\"Comment utiliser l\u2019hydropulseur jet dentaire\"}]},{\"@type\":\"WebSite\",\"@id\":\"https:\/\/waterpik.be\/#website\",\"url\":\"https:\/\/waterpik.be\/\",\"name\":\"Waterpik Waterflosser\",\"description\":\"Poetsen alleen is niet genoeg\",\"potentialAction\":[{\"@type\":\"SearchAction\",\"target\":{\"@type\":\"EntryPoint\",\"urlTemplate\":\"https:\/\/waterpik.be\/?s={search_term_string}\"},\"query-input\":{\"@type\":\"PropertyValueSpecification\",\"valueRequired\":true,\"valueName\":\"search_term_string\"}}],\"inLanguage\":\"fr-FR\"}]}<\/script>\n<!-- \/ Yoast SEO plugin. -->","yoast_head_json":{"title":"Comment utiliser l\u2019hydropulseur jet dentaire - Waterpik","description":"Le nettoyage interdentaire est important pour conserver une bonne pour votre routine quotidienne de sant\u00e9 bucco-dentaireL\u2019hydropulseur jet dentaire Waterpik\u00ae \u00e9limine la plaque et les d\u00e9bris que votre brosse \u00e0 dents ne parvient pas \u00e0 atteindre, pour une bouche incroyablement fra\u00eeche et propre.","robots":{"index":"index","follow":"follow","max-snippet":"max-snippet:-1","max-image-preview":"max-image-preview:large","max-video-preview":"max-video-preview:-1"},"canonical":"https:\/\/waterpik.be\/fr\/sante-bucco-dentaire\/comment-utiliser-lhydropulseur-jet-dentaire\/","og_locale":"fr_FR","og_type":"article","og_title":"Comment utiliser l\u2019hydropulseur jet dentaire - Waterpik","og_description":"Le nettoyage interdentaire est important pour conserver une bonne pour votre routine quotidienne de sant\u00e9 bucco-dentaireL\u2019hydropulseur jet dentaire Waterpik\u00ae \u00e9limine la plaque et les d\u00e9bris que votre brosse \u00e0 dents ne parvient pas \u00e0 atteindre, pour une bouche incroyablement fra\u00eeche et propre.","og_url":"https:\/\/waterpik.be\/fr\/sante-bucco-dentaire\/comment-utiliser-lhydropulseur-jet-dentaire\/","og_site_name":"Waterpik Waterflosser","article_modified_time":"2021-03-02T15:50:38+00:00","og_image":[{"width":300,"height":222,"url":"https:\/\/waterpik.be\/wp-content\/uploads\/2019\/08\/fill-replace-reservoir.png","type":"image\/png"}],"twitter_card":"summary_large_image","twitter_misc":{"Dur\u00e9e de lecture estim\u00e9e":"2 minutes"},"schema":{"@context":"https:\/\/schema.org","@graph":[{"@type":"WebPage","@id":"https:\/\/waterpik.be\/fr\/sante-bucco-dentaire\/comment-utiliser-lhydropulseur-jet-dentaire\/","url":"https:\/\/waterpik.be\/fr\/sante-bucco-dentaire\/comment-utiliser-lhydropulseur-jet-dentaire\/","name":"Comment utiliser l\u2019hydropulseur jet dentaire - Waterpik","isPartOf":{"@id":"https:\/\/waterpik.be\/#website"},"primaryImageOfPage":{"@id":"https:\/\/waterpik.be\/fr\/sante-bucco-dentaire\/comment-utiliser-lhydropulseur-jet-dentaire\/#primaryimage"},"image":{"@id":"https:\/\/waterpik.be\/fr\/sante-bucco-dentaire\/comment-utiliser-lhydropulseur-jet-dentaire\/#primaryimage"},"thumbnailUrl":"https:\/\/waterpik.be\/wp-content\/uploads\/2019\/08\/fill-replace-reservoir-300x222.png","datePublished":"2020-12-15T13:24:02+00:00","dateModified":"2021-03-02T15:50:38+00:00","description":"Le nettoyage interdentaire est important pour conserver une bonne pour votre routine quotidienne de sant\u00e9 bucco-dentaireL\u2019hydropulseur jet dentaire Waterpik\u00ae \u00e9limine la plaque et les d\u00e9bris que votre brosse \u00e0 dents ne parvient pas \u00e0 atteindre, pour une bouche incroyablement fra\u00eeche et propre.","breadcrumb":{"@id":"https:\/\/waterpik.be\/fr\/sante-bucco-dentaire\/comment-utiliser-lhydropulseur-jet-dentaire\/#breadcrumb"},"inLanguage":"fr-FR","potentialAction":[{"@type":"ReadAction","target":["https:\/\/waterpik.be\/fr\/sante-bucco-dentaire\/comment-utiliser-lhydropulseur-jet-dentaire\/"]}]},{"@type":"ImageObject","inLanguage":"fr-FR","@id":"https:\/\/waterpik.be\/fr\/sante-bucco-dentaire\/comment-utiliser-lhydropulseur-jet-dentaire\/#primaryimage","url":"https:\/\/waterpik.be\/wp-content\/uploads\/2019\/08\/fill-replace-reservoir-300x222.png","contentUrl":"https:\/\/waterpik.be\/wp-content\/uploads\/2019\/08\/fill-replace-reservoir-300x222.png"},{"@type":"BreadcrumbList","@id":"https:\/\/waterpik.be\/fr\/sante-bucco-dentaire\/comment-utiliser-lhydropulseur-jet-dentaire\/#breadcrumb","itemListElement":[{"@type":"ListItem","position":1,"name":"Home","item":"https:\/\/waterpik.be\/fr\/"},{"@type":"ListItem","position":2,"name":"Sant\u00e9 bucco-dentaire","item":"https:\/\/waterpik.be\/fr\/sante-bucco-dentaire\/"},{"@type":"ListItem","position":3,"name":"Comment utiliser l\u2019hydropulseur jet dentaire"}]},{"@type":"WebSite","@id":"https:\/\/waterpik.be\/#website","url":"https:\/\/waterpik.be\/","name":"Waterpik Waterflosser","description":"Poetsen alleen is niet genoeg","potentialAction":[{"@type":"SearchAction","target":{"@type":"EntryPoint","urlTemplate":"https:\/\/waterpik.be\/?s={search_term_string}"},"query-input":{"@type":"PropertyValueSpecification","valueRequired":true,"valueName":"search_term_string"}}],"inLanguage":"fr-FR"}]}},"_links":{"self":[{"href":"https:\/\/waterpik.be\/fr\/wp-json\/wp\/v2\/pages\/5902","targetHints":{"allow":["GET"]}}],"collection":[{"href":"https:\/\/waterpik.be\/fr\/wp-json\/wp\/v2\/pages"}],"about":[{"href":"https:\/\/waterpik.be\/fr\/wp-json\/wp\/v2\/types\/page"}],"author":[{"embeddable":true,"href":"https:\/\/waterpik.be\/fr\/wp-json\/wp\/v2\/users\/3"}],"replies":[{"embeddable":true,"href":"https:\/\/waterpik.be\/fr\/wp-json\/wp\/v2\/comments?post=5902"}],"version-history":[{"count":7,"href":"https:\/\/waterpik.be\/fr\/wp-json\/wp\/v2\/pages\/5902\/revisions"}],"predecessor-version":[{"id":6325,"href":"https:\/\/waterpik.be\/fr\/wp-json\/wp\/v2\/pages\/5902\/revisions\/6325"}],"up":[{"embeddable":true,"href":"https:\/\/waterpik.be\/fr\/wp-json\/wp\/v2\/pages\/6031"}],"wp:attachment":[{"href":"https:\/\/waterpik.be\/fr\/wp-json\/wp\/v2\/media?parent=5902"}],"curies":[{"name":"wp","href":"https:\/\/api.w.org\/{rel}","templated":true}]}}