{"id":6016,"date":"2020-12-16T09:58:19","date_gmt":"2020-12-16T08:58:19","guid":{"rendered":"http:\/\/waterpik.be\/avis-concernant-les-cookies\/"},"modified":"2021-03-02T15:26:10","modified_gmt":"2021-03-02T14:26:10","slug":"avis-concernant-les-cookies","status":"publish","type":"page","link":"https:\/\/waterpik.be\/fr\/avis-concernant-les-cookies\/","title":{"rendered":"Avis concernant les cookies"},"content":{"rendered":"<h2>Cookies<\/h2>\n<p>Les cookies sont de petits fichiers texte enregistr\u00e9s sur votre ordinateur par un site Web pour permettre ou optimiser le fonctionnement de ce dernier, et fournir des informations aux propri\u00e9taires du site. Les cookies nous aident \u00e0 faire fonctionner le site et \u00e0 am\u00e9liorer son interactivit\u00e9 et nos services.<\/p>\n<p>Nous d\u00e9crivons ci-dessous les diff\u00e9rents types de cookies utilis\u00e9s sur ce site.<\/p>\n<h2>Cookies indispensables<\/h2>\n<p>Nous utilisons des cookies de premi\u00e8re partie pour permettre au site de fonctionner de mani\u00e8re optimale. Vous pouvez refuser de recevoir ces cookies et les supprimer dans les param\u00e8tres de votre navigateur Internet. Toutefois, votre exp\u00e9rience utilisateur risque d\u2019en \u00eatre affect\u00e9e.<\/p>\n<p>&nbsp;<\/p>\n<table style=\"height: 92px;\" border=\"1\" width=\"874\" cellpadding=\"2\">\n<tbody>\n<tr>\n<th>Nom<\/th>\n<th>but<\/th>\n<th>Conservation des donn\u00e9es<\/th>\n<\/tr>\n<tr>\n<td>acknowledge_cookies<\/td>\n<td>Utilis\u00e9 pour suivre l\u2019acceptation par les utilisateurs finaux de notre politique relative aux cookies<\/td>\n<td>1 an<\/td>\n<\/tr>\n<\/tbody>\n<\/table>\n<h2>Cookies Google Analytics<\/h2>\n<p>Nous utilisons les cookies de Google Analytics pour analyser la mani\u00e8re dont ce site est utilis\u00e9. Les cookies de Google Analytics surveillent la mani\u00e8re dont les internautes naviguent sur le site et la fa\u00e7on dont ils ont trouv\u00e9 le site. Nous utilisons ces cookies afin de conna\u00eetre le nombre total de visiteurs sur le site. Ces cookies ne nous fournissent aucune information personnelle sur l\u2019internaute. Ils nous permettent \u00e9galement de voir le contenu que nos utilisateurs pr\u00e9f\u00e8rent, ce qui nous aide \u00e0 vous fournir le meilleur service possible. Vous pouvez \u00e0 tout moment modifier vos param\u00e8tres de cookies pour accepter ou supprimer ces cookies en mettant \u00e0 jour les param\u00e8tres sur votre appareil (ordinateur de bureau, mobile ou tablette) &#8211; pour plus de d\u00e9tails, suivez les liens ci-dessous:<\/p>\n<h2><strong style=\"font-size: 1rem;\">Facebook pixel<\/strong><\/h2>\n<p>Deze website gebruikt een Facebook Pixel, een analyse tool van Facebook. Deze tool helpt ons de website te analyseren, waarmee we weer de Facebook ervaring van onze gebruikers kunnen verbeteren. De informatie die gegenereerd wordt door deze cookie wordt verzonden en opgeslagen op de servers van Facebook. Facebook gebruikt deze data om bulkrapporten te maken over het sitegebruik van alle gebruikers, dus niet met uw IP-adres. De cookie slaat alleen informatie op zoals: welke Facebook gebruikers bezoeken de website, welke pagina\u2019s bezoeken deze gebruikers, etc. Ook wordt door deze pixel het gedrag van gebruikers bijgehouden na het zien of aanklikken van een Facebookadvertentie. Op deze manier evalueert Facebook de effectiviteit van advertenties. Dankzij de pixel is het voor ons mogelijk om websitebezoekers ook een advertentie te tonen op het Facebook platform. De verkregen gegevens zijn voor ons anoniem en verschaffen ons geen nadere informatie over de identiteit van u als gebruiker. Wel worden de gegevens door Facebook opgeslagen en zodanig verwerkt dat koppeling aan een specifiek gebruikersprofiel mogelijk is. Facebook kan de gegevens daardoor gebruiken voor eigen reclamedoeleinden, overeenkomstig <a href=\"https:\/\/www.facebook.com\/about\/privacy\/\">het privacybeleid van Facebook<\/a>.<\/p>\n<h3>Desktop<\/h3>\n<ul>\n<li>Chrome &#8211; Bureau:\u00a0<a href=\"https:\/\/support.google.com\/chrome\/answer\/95647?co=GENIE.Platform&amp;hl=fr\">effacer, activer et g\u00e9rer les cookies<\/a><\/li>\n<li>FireFox &#8211; Desktop:\u00a0<a href=\"https:\/\/support.mozilla.org\/fr\/kb\/autoriser-bloquer-cookies-preferences-sites\/\">Activer et d\u00e9sactiver les cookies que les sites Web utilisent pour suivre vos pr\u00e9f\u00e9rences<\/a><\/li>\n<li>Internet Explorer &#8211; Desktop:\u00a0<a href=\"https:\/\/support.microsoft.com\/fr-fr\/help\/17442\/windows-internet-explorer-delete-manage-cookies\">Supprimer et g\u00e9rer les cookies<\/a><\/li>\n<li>Safari &#8211; Desktop:\u00a0<a href=\"https:\/\/support.apple.com\/fr-fr\/guide\/safari\/sfri11471\/mac\/\">G\u00e9rer les cookies et les donn\u00e9es du site<\/a><\/li>\n<\/ul>\n<h3>Mobile<\/h3>\n<ul>\n<li>Chrome &#8211; Android:\u00a0<a href=\"https:\/\/support.google.com\/chrome\/answer\/95647?co=GENIE.Platform%3DAndroid&amp;hl=fr&amp;oco=1\">Effacer, activer et g\u00e9rer les cookies<\/a><\/li>\n<li>Chrome \u2013 iPhone &amp; iPad:\u00a0<a href=\"https:\/\/support.google.com\/chrome\/answer\/95647?co=GENIE.Platform%3DiOS&amp;hl=fr&amp;oco=1\">Effacer, activer et g\u00e9rer les cookies<\/a><\/li>\n<li>Firefox \u2013 Android:\u00a0<a href=\"https:\/\/support.mozilla.org\/fr\/kb\/supprimer-donnees-perso-firefox-android\/\">Effacement des cookies, des donn\u00e9es priv\u00e9es, de l&rsquo;historique et des param\u00e8tres dans Firefox pour Android<\/a><\/li>\n<li>Firefox \u2013 iPhone:\u00a0<a href=\"https:\/\/support.mozilla.org\/fr\/kb\/effacer-historique-dans-firefox-pour-ios\/\">Effacer l&rsquo;historique de navigation dans Firefox pour iOS<\/a><\/li>\n<li>Safari- iPhone, iPad, or iPod:\u00a0<a href=\"https:\/\/support.apple.com\/fr-fr\/HT201265\">effacez l&rsquo;historique et les cookies de Safari sur votre iPhone, iPad ou iPod touch<\/a><\/li>\n<\/ul>\n","protected":false},"excerpt":{"rendered":"<p>Cookies Les cookies sont de petits fichiers texte enregistr\u00e9s sur votre ordinateur par un site Web pour permettre ou optimiser le fonctionnement de ce dernier, et fournir des informations aux propri\u00e9taires du site. Les cookies nous aident \u00e0 faire fonctionner le site et \u00e0 am\u00e9liorer son interactivit\u00e9 et nos services. Nous d\u00e9crivons ci-dessous les diff\u00e9rents [&hellip;]<\/p>\n","protected":false},"author":3,"featured_media":0,"parent":0,"menu_order":0,"comment_status":"closed","ping_status":"closed","template":"","meta":{"_acf_changed":false,"footnotes":""},"class_list":["post-6016","page","type-page","status-publish","hentry"],"acf":[],"yoast_head":"<!-- This site is optimized with the Yoast SEO plugin v26.7 - https:\/\/yoast.com\/wordpress\/plugins\/seo\/ -->\n<title>Avis concernant les cookies - Waterpik Waterflosser<\/title>\n<meta name=\"description\" content=\"Cookies Waterpik\" \/>\n<meta name=\"robots\" content=\"index, follow, max-snippet:-1, max-image-preview:large, max-video-preview:-1\" \/>\n<link rel=\"canonical\" href=\"https:\/\/waterpik.be\/fr\/avis-concernant-les-cookies\/\" \/>\n<meta property=\"og:locale\" content=\"fr_FR\" \/>\n<meta property=\"og:type\" content=\"article\" \/>\n<meta property=\"og:title\" content=\"Avis concernant les cookies - Waterpik Waterflosser\" \/>\n<meta property=\"og:description\" content=\"Cookies Waterpik\" \/>\n<meta property=\"og:url\" content=\"https:\/\/waterpik.be\/fr\/avis-concernant-les-cookies\/\" \/>\n<meta property=\"og:site_name\" content=\"Waterpik Waterflosser\" \/>\n<meta property=\"article:modified_time\" content=\"2021-03-02T14:26:10+00:00\" \/>\n<meta name=\"twitter:card\" content=\"summary_large_image\" \/>\n<meta name=\"twitter:label1\" content=\"Dur\u00e9e de lecture estim\u00e9e\" \/>\n\t<meta name=\"twitter:data1\" content=\"3 minutes\" \/>\n<script type=\"application\/ld+json\" class=\"yoast-schema-graph\">{\"@context\":\"https:\/\/schema.org\",\"@graph\":[{\"@type\":\"WebPage\",\"@id\":\"https:\/\/waterpik.be\/fr\/avis-concernant-les-cookies\/\",\"url\":\"https:\/\/waterpik.be\/fr\/avis-concernant-les-cookies\/\",\"name\":\"Avis concernant les cookies - Waterpik Waterflosser\",\"isPartOf\":{\"@id\":\"https:\/\/waterpik.be\/#website\"},\"datePublished\":\"2020-12-16T08:58:19+00:00\",\"dateModified\":\"2021-03-02T14:26:10+00:00\",\"description\":\"Cookies Waterpik\",\"breadcrumb\":{\"@id\":\"https:\/\/waterpik.be\/fr\/avis-concernant-les-cookies\/#breadcrumb\"},\"inLanguage\":\"fr-FR\",\"potentialAction\":[{\"@type\":\"ReadAction\",\"target\":[\"https:\/\/waterpik.be\/fr\/avis-concernant-les-cookies\/\"]}]},{\"@type\":\"BreadcrumbList\",\"@id\":\"https:\/\/waterpik.be\/fr\/avis-concernant-les-cookies\/#breadcrumb\",\"itemListElement\":[{\"@type\":\"ListItem\",\"position\":1,\"name\":\"Home\",\"item\":\"https:\/\/waterpik.be\/fr\/\"},{\"@type\":\"ListItem\",\"position\":2,\"name\":\"Avis concernant les cookies\"}]},{\"@type\":\"WebSite\",\"@id\":\"https:\/\/waterpik.be\/#website\",\"url\":\"https:\/\/waterpik.be\/\",\"name\":\"Waterpik Waterflosser\",\"description\":\"Poetsen alleen is niet genoeg\",\"potentialAction\":[{\"@type\":\"SearchAction\",\"target\":{\"@type\":\"EntryPoint\",\"urlTemplate\":\"https:\/\/waterpik.be\/?s={search_term_string}\"},\"query-input\":{\"@type\":\"PropertyValueSpecification\",\"valueRequired\":true,\"valueName\":\"search_term_string\"}}],\"inLanguage\":\"fr-FR\"}]}<\/script>\n<!-- \/ Yoast SEO plugin. -->","yoast_head_json":{"title":"Avis concernant les cookies - Waterpik Waterflosser","description":"Cookies Waterpik","robots":{"index":"index","follow":"follow","max-snippet":"max-snippet:-1","max-image-preview":"max-image-preview:large","max-video-preview":"max-video-preview:-1"},"canonical":"https:\/\/waterpik.be\/fr\/avis-concernant-les-cookies\/","og_locale":"fr_FR","og_type":"article","og_title":"Avis concernant les cookies - Waterpik Waterflosser","og_description":"Cookies Waterpik","og_url":"https:\/\/waterpik.be\/fr\/avis-concernant-les-cookies\/","og_site_name":"Waterpik Waterflosser","article_modified_time":"2021-03-02T14:26:10+00:00","twitter_card":"summary_large_image","twitter_misc":{"Dur\u00e9e de lecture estim\u00e9e":"3 minutes"},"schema":{"@context":"https:\/\/schema.org","@graph":[{"@type":"WebPage","@id":"https:\/\/waterpik.be\/fr\/avis-concernant-les-cookies\/","url":"https:\/\/waterpik.be\/fr\/avis-concernant-les-cookies\/","name":"Avis concernant les cookies - Waterpik Waterflosser","isPartOf":{"@id":"https:\/\/waterpik.be\/#website"},"datePublished":"2020-12-16T08:58:19+00:00","dateModified":"2021-03-02T14:26:10+00:00","description":"Cookies Waterpik","breadcrumb":{"@id":"https:\/\/waterpik.be\/fr\/avis-concernant-les-cookies\/#breadcrumb"},"inLanguage":"fr-FR","potentialAction":[{"@type":"ReadAction","target":["https:\/\/waterpik.be\/fr\/avis-concernant-les-cookies\/"]}]},{"@type":"BreadcrumbList","@id":"https:\/\/waterpik.be\/fr\/avis-concernant-les-cookies\/#breadcrumb","itemListElement":[{"@type":"ListItem","position":1,"name":"Home","item":"https:\/\/waterpik.be\/fr\/"},{"@type":"ListItem","position":2,"name":"Avis concernant les cookies"}]},{"@type":"WebSite","@id":"https:\/\/waterpik.be\/#website","url":"https:\/\/waterpik.be\/","name":"Waterpik Waterflosser","description":"Poetsen alleen is niet genoeg","potentialAction":[{"@type":"SearchAction","target":{"@type":"EntryPoint","urlTemplate":"https:\/\/waterpik.be\/?s={search_term_string}"},"query-input":{"@type":"PropertyValueSpecification","valueRequired":true,"valueName":"search_term_string"}}],"inLanguage":"fr-FR"}]}},"_links":{"self":[{"href":"https:\/\/waterpik.be\/fr\/wp-json\/wp\/v2\/pages\/6016","targetHints":{"allow":["GET"]}}],"collection":[{"href":"https:\/\/waterpik.be\/fr\/wp-json\/wp\/v2\/pages"}],"about":[{"href":"https:\/\/waterpik.be\/fr\/wp-json\/wp\/v2\/types\/page"}],"author":[{"embeddable":true,"href":"https:\/\/waterpik.be\/fr\/wp-json\/wp\/v2\/users\/3"}],"replies":[{"embeddable":true,"href":"https:\/\/waterpik.be\/fr\/wp-json\/wp\/v2\/comments?post=6016"}],"version-history":[{"count":1,"href":"https:\/\/waterpik.be\/fr\/wp-json\/wp\/v2\/pages\/6016\/revisions"}],"predecessor-version":[{"id":6017,"href":"https:\/\/waterpik.be\/fr\/wp-json\/wp\/v2\/pages\/6016\/revisions\/6017"}],"wp:attachment":[{"href":"https:\/\/waterpik.be\/fr\/wp-json\/wp\/v2\/media?parent=6016"}],"curies":[{"name":"wp","href":"https:\/\/api.w.org\/{rel}","templated":true}]}}