{"id":6039,"date":"2020-12-16T11:56:00","date_gmt":"2020-12-16T10:56:00","guid":{"rendered":"http:\/\/waterpik.be\/dentistes\/"},"modified":"2021-03-02T15:15:25","modified_gmt":"2021-03-02T14:15:25","slug":"dentistes-waterpik","status":"publish","type":"page","link":"https:\/\/waterpik.be\/fr\/dentistes-waterpik\/","title":{"rendered":"Dentistes"},"content":{"rendered":"<p>Waterpik, Inc. aide les dentistes gr\u00e2ce \u00e0 un excellent rapport qualit\u00e9-prix, des produits de grande qualit\u00e9, des informations p\u00e9dagogiques ainsi qu\u2019un service \u00e0 la client\u00e8le exceptionnel.<\/p>\n<p>En savoir plus sur les hydropulseurs Waterpik<sup>\u00ae<\/sup>\u00a0et les produits destin\u00e9s \u00e0 am\u00e9liorer la sant\u00e9 bucco-dentaire de vos patients.<\/p>\n","protected":false},"excerpt":{"rendered":"<p>Waterpik, Inc. aide les dentistes gr\u00e2ce \u00e0 un excellent rapport qualit\u00e9-prix, des produits de grande qualit\u00e9, des informations p\u00e9dagogiques ainsi qu\u2019un service \u00e0 la client\u00e8le exceptionnel. En savoir plus sur les hydropulseurs Waterpik\u00ae\u00a0et les produits destin\u00e9s \u00e0 am\u00e9liorer la sant\u00e9 bucco-dentaire de vos patients.<\/p>\n","protected":false},"author":3,"featured_media":0,"parent":0,"menu_order":0,"comment_status":"closed","ping_status":"closed","template":"","meta":{"_acf_changed":false,"footnotes":""},"class_list":["post-6039","page","type-page","status-publish","hentry"],"acf":[],"yoast_head":"<!-- This site is optimized with the Yoast SEO plugin v26.7 - https:\/\/yoast.com\/wordpress\/plugins\/seo\/ -->\n<title>Dentistes - Waterpik Waterflosser<\/title>\n<meta name=\"description\" content=\"Waterpik, Inc. aide les dentistes gr\u00e2ce \u00e0 un excellent rapport qualit\u00e9-prix, des produits de grande qualit\u00e9, des informations p\u00e9dagogiques ainsi qu\u2019un service \u00e0 la client\u00e8le exceptionnel.\" \/>\n<meta name=\"robots\" content=\"index, follow, max-snippet:-1, max-image-preview:large, max-video-preview:-1\" \/>\n<link rel=\"canonical\" href=\"https:\/\/waterpik.be\/fr\/dentistes-waterpik\/\" \/>\n<meta property=\"og:locale\" content=\"fr_FR\" \/>\n<meta property=\"og:type\" content=\"article\" \/>\n<meta property=\"og:title\" content=\"Dentistes - Waterpik Waterflosser\" \/>\n<meta property=\"og:description\" content=\"Waterpik, Inc. aide les dentistes gr\u00e2ce \u00e0 un excellent rapport qualit\u00e9-prix, des produits de grande qualit\u00e9, des informations p\u00e9dagogiques ainsi qu\u2019un service \u00e0 la client\u00e8le exceptionnel.\" \/>\n<meta property=\"og:url\" content=\"https:\/\/waterpik.be\/fr\/dentistes-waterpik\/\" \/>\n<meta property=\"og:site_name\" content=\"Waterpik Waterflosser\" \/>\n<meta property=\"article:modified_time\" content=\"2021-03-02T14:15:25+00:00\" \/>\n<meta name=\"twitter:card\" content=\"summary_large_image\" \/>\n<script type=\"application\/ld+json\" class=\"yoast-schema-graph\">{\"@context\":\"https:\/\/schema.org\",\"@graph\":[{\"@type\":\"WebPage\",\"@id\":\"https:\/\/waterpik.be\/fr\/dentistes-waterpik\/\",\"url\":\"https:\/\/waterpik.be\/fr\/dentistes-waterpik\/\",\"name\":\"Dentistes - Waterpik Waterflosser\",\"isPartOf\":{\"@id\":\"https:\/\/waterpik.be\/#website\"},\"datePublished\":\"2020-12-16T10:56:00+00:00\",\"dateModified\":\"2021-03-02T14:15:25+00:00\",\"description\":\"Waterpik, Inc. aide les dentistes gr\u00e2ce \u00e0 un excellent rapport qualit\u00e9-prix, des produits de grande qualit\u00e9, des informations p\u00e9dagogiques ainsi qu\u2019un service \u00e0 la client\u00e8le exceptionnel.\",\"breadcrumb\":{\"@id\":\"https:\/\/waterpik.be\/fr\/dentistes-waterpik\/#breadcrumb\"},\"inLanguage\":\"fr-FR\",\"potentialAction\":[{\"@type\":\"ReadAction\",\"target\":[\"https:\/\/waterpik.be\/fr\/dentistes-waterpik\/\"]}]},{\"@type\":\"BreadcrumbList\",\"@id\":\"https:\/\/waterpik.be\/fr\/dentistes-waterpik\/#breadcrumb\",\"itemListElement\":[{\"@type\":\"ListItem\",\"position\":1,\"name\":\"Home\",\"item\":\"https:\/\/waterpik.be\/fr\/\"},{\"@type\":\"ListItem\",\"position\":2,\"name\":\"Dentistes\"}]},{\"@type\":\"WebSite\",\"@id\":\"https:\/\/waterpik.be\/#website\",\"url\":\"https:\/\/waterpik.be\/\",\"name\":\"Waterpik Waterflosser\",\"description\":\"Poetsen alleen is niet genoeg\",\"potentialAction\":[{\"@type\":\"SearchAction\",\"target\":{\"@type\":\"EntryPoint\",\"urlTemplate\":\"https:\/\/waterpik.be\/?s={search_term_string}\"},\"query-input\":{\"@type\":\"PropertyValueSpecification\",\"valueRequired\":true,\"valueName\":\"search_term_string\"}}],\"inLanguage\":\"fr-FR\"}]}<\/script>\n<!-- \/ Yoast SEO plugin. -->","yoast_head_json":{"title":"Dentistes - Waterpik Waterflosser","description":"Waterpik, Inc. aide les dentistes gr\u00e2ce \u00e0 un excellent rapport qualit\u00e9-prix, des produits de grande qualit\u00e9, des informations p\u00e9dagogiques ainsi qu\u2019un service \u00e0 la client\u00e8le exceptionnel.","robots":{"index":"index","follow":"follow","max-snippet":"max-snippet:-1","max-image-preview":"max-image-preview:large","max-video-preview":"max-video-preview:-1"},"canonical":"https:\/\/waterpik.be\/fr\/dentistes-waterpik\/","og_locale":"fr_FR","og_type":"article","og_title":"Dentistes - Waterpik Waterflosser","og_description":"Waterpik, Inc. aide les dentistes gr\u00e2ce \u00e0 un excellent rapport qualit\u00e9-prix, des produits de grande qualit\u00e9, des informations p\u00e9dagogiques ainsi qu\u2019un service \u00e0 la client\u00e8le exceptionnel.","og_url":"https:\/\/waterpik.be\/fr\/dentistes-waterpik\/","og_site_name":"Waterpik Waterflosser","article_modified_time":"2021-03-02T14:15:25+00:00","twitter_card":"summary_large_image","schema":{"@context":"https:\/\/schema.org","@graph":[{"@type":"WebPage","@id":"https:\/\/waterpik.be\/fr\/dentistes-waterpik\/","url":"https:\/\/waterpik.be\/fr\/dentistes-waterpik\/","name":"Dentistes - Waterpik Waterflosser","isPartOf":{"@id":"https:\/\/waterpik.be\/#website"},"datePublished":"2020-12-16T10:56:00+00:00","dateModified":"2021-03-02T14:15:25+00:00","description":"Waterpik, Inc. aide les dentistes gr\u00e2ce \u00e0 un excellent rapport qualit\u00e9-prix, des produits de grande qualit\u00e9, des informations p\u00e9dagogiques ainsi qu\u2019un service \u00e0 la client\u00e8le exceptionnel.","breadcrumb":{"@id":"https:\/\/waterpik.be\/fr\/dentistes-waterpik\/#breadcrumb"},"inLanguage":"fr-FR","potentialAction":[{"@type":"ReadAction","target":["https:\/\/waterpik.be\/fr\/dentistes-waterpik\/"]}]},{"@type":"BreadcrumbList","@id":"https:\/\/waterpik.be\/fr\/dentistes-waterpik\/#breadcrumb","itemListElement":[{"@type":"ListItem","position":1,"name":"Home","item":"https:\/\/waterpik.be\/fr\/"},{"@type":"ListItem","position":2,"name":"Dentistes"}]},{"@type":"WebSite","@id":"https:\/\/waterpik.be\/#website","url":"https:\/\/waterpik.be\/","name":"Waterpik Waterflosser","description":"Poetsen alleen is niet genoeg","potentialAction":[{"@type":"SearchAction","target":{"@type":"EntryPoint","urlTemplate":"https:\/\/waterpik.be\/?s={search_term_string}"},"query-input":{"@type":"PropertyValueSpecification","valueRequired":true,"valueName":"search_term_string"}}],"inLanguage":"fr-FR"}]}},"_links":{"self":[{"href":"https:\/\/waterpik.be\/fr\/wp-json\/wp\/v2\/pages\/6039","targetHints":{"allow":["GET"]}}],"collection":[{"href":"https:\/\/waterpik.be\/fr\/wp-json\/wp\/v2\/pages"}],"about":[{"href":"https:\/\/waterpik.be\/fr\/wp-json\/wp\/v2\/types\/page"}],"author":[{"embeddable":true,"href":"https:\/\/waterpik.be\/fr\/wp-json\/wp\/v2\/users\/3"}],"replies":[{"embeddable":true,"href":"https:\/\/waterpik.be\/fr\/wp-json\/wp\/v2\/comments?post=6039"}],"version-history":[{"count":3,"href":"https:\/\/waterpik.be\/fr\/wp-json\/wp\/v2\/pages\/6039\/revisions"}],"predecessor-version":[{"id":6088,"href":"https:\/\/waterpik.be\/fr\/wp-json\/wp\/v2\/pages\/6039\/revisions\/6088"}],"wp:attachment":[{"href":"https:\/\/waterpik.be\/fr\/wp-json\/wp\/v2\/media?parent=6039"}],"curies":[{"name":"wp","href":"https:\/\/api.w.org\/{rel}","templated":true}]}}