{"id":6082,"date":"2020-12-17T11:41:36","date_gmt":"2020-12-17T10:41:36","guid":{"rendered":"http:\/\/waterpik.be\/dentistes\/recherche-clinique-un-produit-base-sur-des-resultats\/"},"modified":"2021-03-02T15:27:44","modified_gmt":"2021-03-02T14:27:44","slug":"recherche-clinique-un-produit-base-sur-des-resultats","status":"publish","type":"page","link":"https:\/\/waterpik.be\/fr\/dentistes-waterpik\/recherche-clinique-un-produit-base-sur-des-resultats\/","title":{"rendered":"Recherche Clinique, un Produit Bas\u00e9 Sur Des R\u00e9sultats."},"content":{"rendered":"<p><img loading=\"lazy\" decoding=\"async\" class=\"size-medium wp-image-6085 alignright\" src=\"https:\/\/waterpik.be\/wp-content\/uploads\/2019\/08\/Man-Using-Water-Flosser-228x300.jpg\" alt=\"\" width=\"228\" height=\"300\" srcset=\"https:\/\/waterpik.be\/wp-content\/uploads\/2019\/08\/Man-Using-Water-Flosser-228x300.jpg 228w, https:\/\/waterpik.be\/wp-content\/uploads\/2019\/08\/Man-Using-Water-Flosser-300x395.jpg 300w, https:\/\/waterpik.be\/wp-content\/uploads\/2019\/08\/Man-Using-Water-Flosser.jpg 339w\" sizes=\"auto, (max-width: 228px) 100vw, 228px\" \/><\/p>\n<div class=\"row\">\n<div class=\"col-xs-12\">\n<div class=\"panel panel-primary\">\n<p>Une bonne sant\u00e9 bucco-dentaire ne va pas de soi. Depuis des ann\u00e9es, les dentistes et les hygi\u00e9nistes dentaires recommandent un bon nettoyage entre les dents.<br \/>\nBeaucoup de ces dentistes et leurs patients savent que le nettoyage interdentaire n\u2019est pas facile.<br \/>\nMais il y a de bonnes nouvelles\u00a0: des \u00e9tudes scientifiques ont d\u00e9montr\u00e9 \u00e0 maintes reprises que <a href=\"https:\/\/waterpik.be\/fr\/boutique\/\">l\u2019Hydropulseur<sup>\u00ae<\/sup>\u00a0Waterpik<\/a>\u00a0est un moyen simple et plus efficace de nettoyage interdentaire.<br \/>\nDes \u00e9tudes r\u00e9centes montrent que l\u2019Hydropulseur r\u00e9duit la gingivite et am\u00e9liore la sant\u00e9 des gencives jusqu\u2019\u00e0 50\u00a0% plus efficacement que le fil dentaire traditionnel et le Sonicare<sup>\u00ae<\/sup>\u00a0Air Floss Pro (mod\u00e8le HX8341). L\u2019utilisation d\u2019une brosse \u00e0 dents manuelle et d\u2019une brosse \u00e0 dents sonique r\u00e9duit consid\u00e9rablement la plaque dentaire et la gingivite si elle est associ\u00e9e \u00e0 l\u2019utilisation de l\u2019Hydropulseur. L\u2019impressionnante performance de Waterpik en mati\u00e8re de s\u00e9curit\u00e9 et d\u2019efficacit\u00e9 a \u00e9t\u00e9 \u00e9valu\u00e9e dans plus de 60 \u00e9tudes cliniques publi\u00e9es dans 25 centres de recherche ind\u00e9pendants et universitaires. Il est cliniquement prouv\u00e9 que l\u2019Hydropulseur<sup>\u00ae<\/sup>\u00a0Waterpik peut avoir des avantages significatifs pour la sant\u00e9 bucco-dentaire, y compris pour les personnes porteuses d\u2019appareils orthodontiques, d\u2019implants, de couronnes, de bridges et chez les diab\u00e9tiques.<\/p>\n<\/div>\n<\/div>\n<\/div>\n<div class=\"row\">\n<div class=\"col-xs-12\">\n<div class=\"panel panel-primary\">\n<h2>Nouvelle Recherche<\/h2>\n<h2><a href=\"https:\/\/waterpik.be\/fr\/dentistes\/recherche-clinique-un-produit-base-sur-des-resultats\/jet-dentaire-waterpik-deux-fois-plus-efficace-que-le-fil-dentaire-pour-reduire-les-saignements-gingivaux\/\">Jet Dentaire Waterpik\u00ae : Deux Fois Plus Efficace Que Le Fil Dentaire Pour R\u00e9duire Les Saignements Gingivaux<\/a><\/h2>\n<hr \/>\n<h2 class=\"list-group\"><a href=\"https:\/\/waterpik.be\/fr\/dentistes\/recherche-clinique-un-produit-base-sur-des-resultats\/jet-dentaire-waterpik-51-plus-efficace-que-le-fil-dentaire-pour-reduire-la-gingivite\/\">Jet Dentaire Waterpik\u00ae : 51 % Plus Efficace Que Le Fil Dentaire Pour R\u00e9duire La Gingivite<\/a><\/h2>\n<hr \/>\n<h2><a href=\"https:\/\/waterpik.be\/fr\/dentistes\/recherche-clinique-un-produit-base-sur-des-resultats\/les-jet-dentaires-waterpik-reduisent-significativement-le-biofilm-de-la-plaque-dentaire-la-gingivite-et-les-saignements\/\">Les Jet Dentaires Waterpik\u00ae R\u00e9duisent Significativement Le Biofilm De La Plaque Dentaire, La Gingivite Et Les Saignements<\/a><\/h2>\n<hr \/>\n<\/div>\n<article class=\"panel panel-default\">\n<div>\n<h2 class=\"list-group\"><a href=\"https:\/\/waterpik.be\/fr\/dentistes\/recherche-clinique-un-produit-base-sur-des-resultats\/jet-dentaire-waterpik-significativement-plus-efficace-que-les-brosses-interdentaires-pour-eliminer-la-plaque-dentaire\/\">Jet Dentaire Waterpik\u00ae : Significativement Plus Efficace Que Les Brosses Interdentaires Pour \u00c9liminer La Plaque Dentaire<\/a><\/h2>\n<hr \/>\n<\/div>\n<h2><a href=\"https:\/\/waterpik.be\/fr\/dentistes\/recherche-clinique-un-produit-base-sur-des-resultats\/le-jet-dentaire-waterpik-significativement-plus-efficace-quune-brosse-interdentaire-pour-ameliorer-la-sante-gingivale\/\">Le Jet Dentaire Waterpik\u00ae : Significativement Plus Efficace Qu\u2019une Brosse Interdentaire Pour Am\u00e9liorer La Sant\u00e9 Gingivale !<\/a><\/h2>\n<hr \/>\n<h2><a href=\"https:\/\/waterpik.be\/fr\/dentistes\/recherche-clinique-un-produit-base-sur-des-resultats\/waterpik-sonic-fusion-deux-fois-plus-efficace-que-le-brossage-regulier-et-lutilisation-du-fil-dentaire-pour-enlever-la-plaque-dentaire-et-ameliorer-la-sante-gingivale\/\">Waterpik\u00ae Sonic-Fusion\u00ae : Deux Fois Plus Efficace Que Le Brossage R\u00e9gulier Et L\u2019utilisation Du Fil Dentaire Pour Enlever La Plaque Dentaire Et Am\u00e9liorer La Sant\u00e9 Gingivale<\/a><\/h2>\n<hr \/>\n<h2><a href=\"https:\/\/waterpik.be\/fr\/dentistes\/recherche-clinique-un-produit-base-sur-des-resultats\/jet-dentaire-waterpik-significativement-plus-efficace-que-le-fil-dentaire-pour-eliminer-la-plaque\/\">Jet Dentaire Waterpik\u00ae : Significativement Plus Efficace Que Le Fil Dentaire Pour \u00c9liminer La Plaque<\/a><\/h2>\n<hr \/>\n<h2><a href=\"https:\/\/waterpik.be\/fr\/dentistes\/recherche-clinique-un-produit-base-sur-des-resultats\/jet-dentaire-waterpik-significativement-plus-efficace-que-les-brosses-interdentaires-pour-eliminer-la-plaque-dentairede-waterpik-waterflosser-significant-effectiever-dan-interdentale-bo\/\">Jet Dentaire Waterpik\u00ae : Significativement Plus Efficace Que Les Brosses Interdentaires Pour \u00c9liminer La Plaque Dentaire<\/a><\/h2>\n<hr \/>\n<\/article>\n<h2><a href=\"https:\/\/waterpik.be\/fr\/dentistes\/recherche-clinique-un-produit-base-sur-des-resultats\/jet-dentaire-waterpik-plus-de-2-fois-plus-efficace-que-le-fil-dentaire-pour-les-patients-porteurs-dun-implant-dentaire\/\">Jet Dentaire Waterpik\u00ae : Plus De 2 Fois Plus Efficace Que Le Fil Dentaire Pour Les Patients Porteurs D\u2019un Implant Dentaire<\/a><\/h2>\n<hr \/>\n<h2><a href=\"https:\/\/waterpik.be\/fr\/dentistes\/recherche-clinique-un-produit-base-sur-des-resultats\/jet-dentaire-waterpik-securite-dutilisation-formellement-prouvee-par-des-etudes-cliniques-sur-plus-de-5-decennies\/\">Jet Dentaire Waterpik\u00ae : S\u00e9curit\u00e9 D\u2019utilisation Formellement Prouv\u00e9e Par Des \u00c9tudes Cliniques Sur Plus De 5 D\u00e9cennies<\/a><\/h2>\n<hr \/>\n<h2><a href=\"https:\/\/waterpik.be\/wp-admin\/post.php?post=5789&amp;action=edit&amp;lang=fr\">Le Jet Dentaire Waterpik\u00ae Est 3 Fois Plus Efficace Que Le Fil Dentaire Pour Les Patients Recevant Un Traitement Orthodontique<\/a><\/h2>\n<hr \/>\n<h2><a href=\"https:\/\/waterpik.be\/fr\/dentistes\/recherche-clinique-un-produit-base-sur-des-resultats\/le-jet-dentaire-waterpik-elimine-999-du-biofilm-de-la-plaque-dentaire-apres-une-application-de-3-secondes\/\">Le Jet Dentaire Waterpik\u00ae \u00c9limine 99,9 % Du Biofilm De La Plaque Dentaire Apr\u00e8s Une Application De 3 Secondes<\/a><\/h2>\n<hr \/>\n<h2><a href=\"https:\/\/waterpik.be\/fr\/dentistes\/recherche-clinique-un-produit-base-sur-des-resultats\/jet-dentaire-waterpik-significativement-plus-efficace-que-sonicare-airfloss-pro-pour-ameliorer-la-sante-gingivale\/\">Jet Dentaire Waterpik\u00ae : Significativement Plus Efficace Que Sonicare\u00ae AirFloss Pro Pour Am\u00e9liorer La Sant\u00e9 Gingivale<\/a><\/h2>\n<hr \/>\n<h2><a href=\"https:\/\/waterpik.be\/fr\/dentistes\/recherche-clinique-un-produit-base-sur-des-resultats\/jet-dentaire-waterpik-80-plus-efficace-que-le-sonicare-air-floss\/\">Jet Dentaire Waterpik\u00ae : 80 % Plus Efficace Que Le Sonicare\u00ae Air Floss<\/a><\/h2>\n<hr \/>\n<h2><a href=\"https:\/\/waterpik.be\/fr\/dentistes\/recherche-clinique-un-produit-base-sur-des-resultats\/jet-dentaire-waterpik-significativement-plus-efficace-que-sonicare-air-floss-pro-pour-ameliorer-la-sante-bucco-dentaire\/\">Jet Dentaire Waterpik\u00ae : Significativement Plus Efficace Que Sonicare\u00ae Air Floss Pro Pour Am\u00e9liorer La Sant\u00e9 Bucco-Dentaire<\/a><\/h2>\n<hr \/>\n<h2><a href=\"https:\/\/waterpik.be\/fr\/dentistes\/recherche-clinique-un-produit-base-sur-des-resultats\/jet-dentaire-waterpik-une-alternative-efficace-au-traitement-sous-gingival-par-antibiotiques-pour-lentretien-parodontal-des-patients\/\">Jet Dentaire Waterpik\u00ae : Une Alternative Efficace Au Traitement Sous-Gingival Par Antibiotiques Pour L\u2019entretien Parodontal Des Patients<\/a><\/h2>\n<hr \/>\n<h2><a href=\"https:\/\/waterpik.be\/fr\/dentistes\/recherche-clinique-un-produit-base-sur-des-resultats\/jet-dentaire-waterpik-sur-dutilisation-et-efficace-jusqua-100-psi\/\">Jet Dentaire Waterpik\u00ae : S\u00fbr D\u2019utilisation Et Efficace Jusqu\u2019\u00e0 100 psi<\/a><\/h2>\n<hr \/>\n<h2><a href=\"https:\/\/waterpik.be\/fr\/dentistes\/recherche-clinique-un-produit-base-sur-des-resultats\/jet-dentaire-whitening-waterpik-retrait-de-taches-ameliore-en-comparaison-avec-le-brossage-des-dents-seul\/\">Jet Dentaire Whitening Waterpik\u00ae : Retrait De Taches Am\u00e9lior\u00e9 En Comparaison Avec Le Brossage Des Dents Seul<\/a><\/h2>\n<\/div>\n<\/div>\n","protected":false},"excerpt":{"rendered":"<p>Une bonne sant\u00e9 bucco-dentaire ne va pas de soi. Depuis des ann\u00e9es, les dentistes et les hygi\u00e9nistes dentaires recommandent un bon nettoyage entre les dents. Beaucoup de ces dentistes et leurs patients savent que le nettoyage interdentaire n\u2019est pas facile. Mais il y a de bonnes nouvelles\u00a0: des \u00e9tudes scientifiques ont d\u00e9montr\u00e9 \u00e0 maintes reprises [&hellip;]<\/p>\n","protected":false},"author":3,"featured_media":0,"parent":6039,"menu_order":0,"comment_status":"closed","ping_status":"closed","template":"","meta":{"_acf_changed":false,"footnotes":""},"class_list":["post-6082","page","type-page","status-publish","hentry"],"acf":[],"yoast_head":"<!-- This site is optimized with the Yoast SEO plugin v26.7 - https:\/\/yoast.com\/wordpress\/plugins\/seo\/ -->\n<title>Recherche Clinique, un Produit Bas\u00e9 Sur Des R\u00e9sultats. - Waterpik Waterflosser<\/title>\n<meta name=\"description\" content=\"Une bonne sant\u00e9 bucco-dentaire ne va pas de soi. Depuis des ann\u00e9es, les dentistes et les hygi\u00e9nistes dentaires recommandent un bon nettoyage entre les dents.\" \/>\n<meta name=\"robots\" content=\"index, follow, max-snippet:-1, max-image-preview:large, max-video-preview:-1\" \/>\n<link rel=\"canonical\" href=\"https:\/\/waterpik.be\/fr\/dentistes-waterpik\/recherche-clinique-un-produit-base-sur-des-resultats\/\" \/>\n<meta property=\"og:locale\" content=\"fr_FR\" \/>\n<meta property=\"og:type\" content=\"article\" \/>\n<meta property=\"og:title\" content=\"Recherche Clinique, un Produit Bas\u00e9 Sur Des R\u00e9sultats. - Waterpik Waterflosser\" \/>\n<meta property=\"og:description\" content=\"Une bonne sant\u00e9 bucco-dentaire ne va pas de soi. Depuis des ann\u00e9es, les dentistes et les hygi\u00e9nistes dentaires recommandent un bon nettoyage entre les dents.\" \/>\n<meta property=\"og:url\" content=\"https:\/\/waterpik.be\/fr\/dentistes-waterpik\/recherche-clinique-un-produit-base-sur-des-resultats\/\" \/>\n<meta property=\"og:site_name\" content=\"Waterpik Waterflosser\" \/>\n<meta property=\"article:modified_time\" content=\"2021-03-02T14:27:44+00:00\" \/>\n<meta property=\"og:image\" content=\"https:\/\/waterpik.be\/wp-content\/uploads\/2019\/08\/Man-Using-Water-Flosser.jpg\" \/>\n\t<meta property=\"og:image:width\" content=\"339\" \/>\n\t<meta property=\"og:image:height\" content=\"446\" \/>\n\t<meta property=\"og:image:type\" content=\"image\/jpeg\" \/>\n<meta name=\"twitter:card\" content=\"summary_large_image\" \/>\n<meta name=\"twitter:label1\" content=\"Dur\u00e9e de lecture estim\u00e9e\" \/>\n\t<meta name=\"twitter:data1\" content=\"3 minutes\" \/>\n<script type=\"application\/ld+json\" class=\"yoast-schema-graph\">{\"@context\":\"https:\/\/schema.org\",\"@graph\":[{\"@type\":\"WebPage\",\"@id\":\"https:\/\/waterpik.be\/fr\/dentistes-waterpik\/recherche-clinique-un-produit-base-sur-des-resultats\/\",\"url\":\"https:\/\/waterpik.be\/fr\/dentistes-waterpik\/recherche-clinique-un-produit-base-sur-des-resultats\/\",\"name\":\"Recherche Clinique, un Produit Bas\u00e9 Sur Des R\u00e9sultats. - Waterpik Waterflosser\",\"isPartOf\":{\"@id\":\"https:\/\/waterpik.be\/#website\"},\"primaryImageOfPage\":{\"@id\":\"https:\/\/waterpik.be\/fr\/dentistes-waterpik\/recherche-clinique-un-produit-base-sur-des-resultats\/#primaryimage\"},\"image\":{\"@id\":\"https:\/\/waterpik.be\/fr\/dentistes-waterpik\/recherche-clinique-un-produit-base-sur-des-resultats\/#primaryimage\"},\"thumbnailUrl\":\"https:\/\/waterpik.be\/wp-content\/uploads\/2019\/08\/Man-Using-Water-Flosser-228x300.jpg\",\"datePublished\":\"2020-12-17T10:41:36+00:00\",\"dateModified\":\"2021-03-02T14:27:44+00:00\",\"description\":\"Une bonne sant\u00e9 bucco-dentaire ne va pas de soi. Depuis des ann\u00e9es, les dentistes et les hygi\u00e9nistes dentaires recommandent un bon nettoyage entre les dents.\",\"breadcrumb\":{\"@id\":\"https:\/\/waterpik.be\/fr\/dentistes-waterpik\/recherche-clinique-un-produit-base-sur-des-resultats\/#breadcrumb\"},\"inLanguage\":\"fr-FR\",\"potentialAction\":[{\"@type\":\"ReadAction\",\"target\":[\"https:\/\/waterpik.be\/fr\/dentistes-waterpik\/recherche-clinique-un-produit-base-sur-des-resultats\/\"]}]},{\"@type\":\"ImageObject\",\"inLanguage\":\"fr-FR\",\"@id\":\"https:\/\/waterpik.be\/fr\/dentistes-waterpik\/recherche-clinique-un-produit-base-sur-des-resultats\/#primaryimage\",\"url\":\"https:\/\/waterpik.be\/wp-content\/uploads\/2019\/08\/Man-Using-Water-Flosser-228x300.jpg\",\"contentUrl\":\"https:\/\/waterpik.be\/wp-content\/uploads\/2019\/08\/Man-Using-Water-Flosser-228x300.jpg\"},{\"@type\":\"BreadcrumbList\",\"@id\":\"https:\/\/waterpik.be\/fr\/dentistes-waterpik\/recherche-clinique-un-produit-base-sur-des-resultats\/#breadcrumb\",\"itemListElement\":[{\"@type\":\"ListItem\",\"position\":1,\"name\":\"Home\",\"item\":\"https:\/\/waterpik.be\/fr\/\"},{\"@type\":\"ListItem\",\"position\":2,\"name\":\"Dentistes\",\"item\":\"https:\/\/waterpik.be\/fr\/dentistes-waterpik\/\"},{\"@type\":\"ListItem\",\"position\":3,\"name\":\"Recherche Clinique, un Produit Bas\u00e9 Sur Des R\u00e9sultats.\"}]},{\"@type\":\"WebSite\",\"@id\":\"https:\/\/waterpik.be\/#website\",\"url\":\"https:\/\/waterpik.be\/\",\"name\":\"Waterpik Waterflosser\",\"description\":\"Poetsen alleen is niet genoeg\",\"potentialAction\":[{\"@type\":\"SearchAction\",\"target\":{\"@type\":\"EntryPoint\",\"urlTemplate\":\"https:\/\/waterpik.be\/?s={search_term_string}\"},\"query-input\":{\"@type\":\"PropertyValueSpecification\",\"valueRequired\":true,\"valueName\":\"search_term_string\"}}],\"inLanguage\":\"fr-FR\"}]}<\/script>\n<!-- \/ Yoast SEO plugin. -->","yoast_head_json":{"title":"Recherche Clinique, un Produit Bas\u00e9 Sur Des R\u00e9sultats. - Waterpik Waterflosser","description":"Une bonne sant\u00e9 bucco-dentaire ne va pas de soi. Depuis des ann\u00e9es, les dentistes et les hygi\u00e9nistes dentaires recommandent un bon nettoyage entre les dents.","robots":{"index":"index","follow":"follow","max-snippet":"max-snippet:-1","max-image-preview":"max-image-preview:large","max-video-preview":"max-video-preview:-1"},"canonical":"https:\/\/waterpik.be\/fr\/dentistes-waterpik\/recherche-clinique-un-produit-base-sur-des-resultats\/","og_locale":"fr_FR","og_type":"article","og_title":"Recherche Clinique, un Produit Bas\u00e9 Sur Des R\u00e9sultats. - Waterpik Waterflosser","og_description":"Une bonne sant\u00e9 bucco-dentaire ne va pas de soi. Depuis des ann\u00e9es, les dentistes et les hygi\u00e9nistes dentaires recommandent un bon nettoyage entre les dents.","og_url":"https:\/\/waterpik.be\/fr\/dentistes-waterpik\/recherche-clinique-un-produit-base-sur-des-resultats\/","og_site_name":"Waterpik Waterflosser","article_modified_time":"2021-03-02T14:27:44+00:00","og_image":[{"width":339,"height":446,"url":"https:\/\/waterpik.be\/wp-content\/uploads\/2019\/08\/Man-Using-Water-Flosser.jpg","type":"image\/jpeg"}],"twitter_card":"summary_large_image","twitter_misc":{"Dur\u00e9e de lecture estim\u00e9e":"3 minutes"},"schema":{"@context":"https:\/\/schema.org","@graph":[{"@type":"WebPage","@id":"https:\/\/waterpik.be\/fr\/dentistes-waterpik\/recherche-clinique-un-produit-base-sur-des-resultats\/","url":"https:\/\/waterpik.be\/fr\/dentistes-waterpik\/recherche-clinique-un-produit-base-sur-des-resultats\/","name":"Recherche Clinique, un Produit Bas\u00e9 Sur Des R\u00e9sultats. - Waterpik Waterflosser","isPartOf":{"@id":"https:\/\/waterpik.be\/#website"},"primaryImageOfPage":{"@id":"https:\/\/waterpik.be\/fr\/dentistes-waterpik\/recherche-clinique-un-produit-base-sur-des-resultats\/#primaryimage"},"image":{"@id":"https:\/\/waterpik.be\/fr\/dentistes-waterpik\/recherche-clinique-un-produit-base-sur-des-resultats\/#primaryimage"},"thumbnailUrl":"https:\/\/waterpik.be\/wp-content\/uploads\/2019\/08\/Man-Using-Water-Flosser-228x300.jpg","datePublished":"2020-12-17T10:41:36+00:00","dateModified":"2021-03-02T14:27:44+00:00","description":"Une bonne sant\u00e9 bucco-dentaire ne va pas de soi. Depuis des ann\u00e9es, les dentistes et les hygi\u00e9nistes dentaires recommandent un bon nettoyage entre les dents.","breadcrumb":{"@id":"https:\/\/waterpik.be\/fr\/dentistes-waterpik\/recherche-clinique-un-produit-base-sur-des-resultats\/#breadcrumb"},"inLanguage":"fr-FR","potentialAction":[{"@type":"ReadAction","target":["https:\/\/waterpik.be\/fr\/dentistes-waterpik\/recherche-clinique-un-produit-base-sur-des-resultats\/"]}]},{"@type":"ImageObject","inLanguage":"fr-FR","@id":"https:\/\/waterpik.be\/fr\/dentistes-waterpik\/recherche-clinique-un-produit-base-sur-des-resultats\/#primaryimage","url":"https:\/\/waterpik.be\/wp-content\/uploads\/2019\/08\/Man-Using-Water-Flosser-228x300.jpg","contentUrl":"https:\/\/waterpik.be\/wp-content\/uploads\/2019\/08\/Man-Using-Water-Flosser-228x300.jpg"},{"@type":"BreadcrumbList","@id":"https:\/\/waterpik.be\/fr\/dentistes-waterpik\/recherche-clinique-un-produit-base-sur-des-resultats\/#breadcrumb","itemListElement":[{"@type":"ListItem","position":1,"name":"Home","item":"https:\/\/waterpik.be\/fr\/"},{"@type":"ListItem","position":2,"name":"Dentistes","item":"https:\/\/waterpik.be\/fr\/dentistes-waterpik\/"},{"@type":"ListItem","position":3,"name":"Recherche Clinique, un Produit Bas\u00e9 Sur Des R\u00e9sultats."}]},{"@type":"WebSite","@id":"https:\/\/waterpik.be\/#website","url":"https:\/\/waterpik.be\/","name":"Waterpik Waterflosser","description":"Poetsen alleen is niet genoeg","potentialAction":[{"@type":"SearchAction","target":{"@type":"EntryPoint","urlTemplate":"https:\/\/waterpik.be\/?s={search_term_string}"},"query-input":{"@type":"PropertyValueSpecification","valueRequired":true,"valueName":"search_term_string"}}],"inLanguage":"fr-FR"}]}},"_links":{"self":[{"href":"https:\/\/waterpik.be\/fr\/wp-json\/wp\/v2\/pages\/6082","targetHints":{"allow":["GET"]}}],"collection":[{"href":"https:\/\/waterpik.be\/fr\/wp-json\/wp\/v2\/pages"}],"about":[{"href":"https:\/\/waterpik.be\/fr\/wp-json\/wp\/v2\/types\/page"}],"author":[{"embeddable":true,"href":"https:\/\/waterpik.be\/fr\/wp-json\/wp\/v2\/users\/3"}],"replies":[{"embeddable":true,"href":"https:\/\/waterpik.be\/fr\/wp-json\/wp\/v2\/comments?post=6082"}],"version-history":[{"count":3,"href":"https:\/\/waterpik.be\/fr\/wp-json\/wp\/v2\/pages\/6082\/revisions"}],"predecessor-version":[{"id":6290,"href":"https:\/\/waterpik.be\/fr\/wp-json\/wp\/v2\/pages\/6082\/revisions\/6290"}],"up":[{"embeddable":true,"href":"https:\/\/waterpik.be\/fr\/wp-json\/wp\/v2\/pages\/6039"}],"wp:attachment":[{"href":"https:\/\/waterpik.be\/fr\/wp-json\/wp\/v2\/media?parent=6082"}],"curies":[{"name":"wp","href":"https:\/\/api.w.org\/{rel}","templated":true}]}}