{"id":5524,"date":"2019-08-27T14:28:05","date_gmt":"2019-08-27T12:28:05","guid":{"rendered":"http:\/\/waterpik.be\/products\/dentale-waterflosser-wp-563\/"},"modified":"2020-12-22T16:46:21","modified_gmt":"2020-12-22T15:46:21","slug":"wp-563-hydropulseur-jet-dentaire-sans-fil-advanced-bleu","status":"publish","type":"product","link":"https:\/\/waterpik.be\/fr\/products\/wp-563-hydropulseur-jet-dentaire-sans-fil-advanced-bleu\/","title":{"rendered":"WP-563 Hydropulseur Jet Dentaire Sans Fil Advanced, Bleu"},"content":{"rendered":"","protected":false},"excerpt":{"rendered":"<div class=\"shortDesc\">\n<p>Le jet dentaire Advanced sans fil est dot\u00e9 d\u2019un syst\u00e8me de charge rapide magn\u00e9tique de 4 heures, d\u2019un design ultra-silencieux et \u00e9tanche, et d\u2019une tension universelle. Il est id\u00e9al pour les petits espaces, les voyages et une utilisation sous la douche. Disponible en plusieurs couleurs.<\/p>\n<p><span style=\"font-size: 1rem;\">\u00c9limine jusqu\u2019\u00e0 99,9% de la plaque dans les zones trait\u00e9es et est jusqu\u2019\u00e0 50% plus efficace que le fil dentaire pour am\u00e9liorer la sant\u00e9 des gencives. Ce mod\u00e8le comprend 4 embouts, 3 niveaux de pression, un sac de voyage, une rotation de l\u2019embout \u00e0 360 degr\u00e9s et est garanti 2 ans.<\/span><\/p>\n<\/div>\n<div id=\"collapse1\" class=\"fullDesc panel-collapse collapse show\">\n<p>Waterpik\u00ae est cliniquement prouv\u00e9 et recommand\u00e9 par l\u2019Union Fran\u00e7aise pour la Sant\u00e9 Bucco-Dentaire (UFSBD).<\/p>\n<\/div>\n","protected":false},"featured_media":6436,"comment_status":"open","ping_status":"closed","template":"","meta":{"_acf_changed":false},"product_brand":[],"product_cat":[252,260],"product_tag":[],"class_list":{"0":"post-5524","1":"product","2":"type-product","3":"status-publish","4":"has-post-thumbnail","6":"product_cat-jet-dentaires","7":"product_cat-sans-fil","9":"first","10":"instock","11":"featured","12":"taxable","13":"shipping-taxable","14":"product-type-simple"},"acf":[],"yoast_head":"<!-- This site is optimized with the Yoast SEO plugin v26.7 - https:\/\/yoast.com\/wordpress\/plugins\/seo\/ -->\n<title>WP-563 Hydropulseur Jet Dentaire Sans Fil Advanced, Bleu - Waterpik Waterflosser<\/title>\n<meta name=\"description\" content=\"De Cordless Advanced Waterflosser is de beste en meest innovatieve draadloze waterflosser van Waterpik\u00ae ooit. Het is perfect voor mensen die onderweg zijn.\" \/>\n<meta name=\"robots\" content=\"index, follow, max-snippet:-1, max-image-preview:large, max-video-preview:-1\" \/>\n<link rel=\"canonical\" href=\"https:\/\/waterpik.be\/fr\/products\/wp-563-hydropulseur-jet-dentaire-sans-fil-advanced-bleu\/\" \/>\n<meta property=\"og:locale\" content=\"fr_FR\" \/>\n<meta property=\"og:type\" content=\"article\" \/>\n<meta property=\"og:title\" content=\"WP-563 Hydropulseur Jet Dentaire Sans Fil Advanced, Bleu - Waterpik Waterflosser\" \/>\n<meta property=\"og:description\" content=\"De Cordless Advanced Waterflosser is de beste en meest innovatieve draadloze waterflosser van Waterpik\u00ae ooit. Het is perfect voor mensen die onderweg zijn.\" \/>\n<meta property=\"og:url\" content=\"https:\/\/waterpik.be\/fr\/products\/wp-563-hydropulseur-jet-dentaire-sans-fil-advanced-bleu\/\" \/>\n<meta property=\"og:site_name\" content=\"Waterpik Waterflosser\" \/>\n<meta property=\"article:modified_time\" content=\"2020-12-22T15:46:21+00:00\" \/>\n<meta property=\"og:image\" content=\"https:\/\/waterpik.be\/wp-content\/uploads\/2019\/08\/wp563-blue-advanced-waterpik.png\" \/>\n\t<meta property=\"og:image:width\" content=\"550\" \/>\n\t<meta property=\"og:image:height\" content=\"550\" \/>\n\t<meta property=\"og:image:type\" content=\"image\/png\" \/>\n<meta name=\"twitter:card\" content=\"summary_large_image\" \/>\n<script type=\"application\/ld+json\" class=\"yoast-schema-graph\">{\"@context\":\"https:\/\/schema.org\",\"@graph\":[{\"@type\":\"WebPage\",\"@id\":\"https:\/\/waterpik.be\/fr\/products\/wp-563-hydropulseur-jet-dentaire-sans-fil-advanced-bleu\/\",\"url\":\"https:\/\/waterpik.be\/fr\/products\/wp-563-hydropulseur-jet-dentaire-sans-fil-advanced-bleu\/\",\"name\":\"WP-563 Hydropulseur Jet Dentaire Sans Fil Advanced, Bleu - Waterpik Waterflosser\",\"isPartOf\":{\"@id\":\"https:\/\/waterpik.be\/#website\"},\"primaryImageOfPage\":{\"@id\":\"https:\/\/waterpik.be\/fr\/products\/wp-563-hydropulseur-jet-dentaire-sans-fil-advanced-bleu\/#primaryimage\"},\"image\":{\"@id\":\"https:\/\/waterpik.be\/fr\/products\/wp-563-hydropulseur-jet-dentaire-sans-fil-advanced-bleu\/#primaryimage\"},\"thumbnailUrl\":\"https:\/\/waterpik.be\/wp-content\/uploads\/2019\/08\/wp563-blue-advanced-waterpik.png\",\"datePublished\":\"2019-08-27T12:28:05+00:00\",\"dateModified\":\"2020-12-22T15:46:21+00:00\",\"description\":\"De Cordless Advanced Waterflosser is de beste en meest innovatieve draadloze waterflosser van Waterpik\u00ae ooit. Het is perfect voor mensen die onderweg zijn.\",\"breadcrumb\":{\"@id\":\"https:\/\/waterpik.be\/fr\/products\/wp-563-hydropulseur-jet-dentaire-sans-fil-advanced-bleu\/#breadcrumb\"},\"inLanguage\":\"fr-FR\",\"potentialAction\":[{\"@type\":\"ReadAction\",\"target\":[\"https:\/\/waterpik.be\/fr\/products\/wp-563-hydropulseur-jet-dentaire-sans-fil-advanced-bleu\/\"]}]},{\"@type\":\"ImageObject\",\"inLanguage\":\"fr-FR\",\"@id\":\"https:\/\/waterpik.be\/fr\/products\/wp-563-hydropulseur-jet-dentaire-sans-fil-advanced-bleu\/#primaryimage\",\"url\":\"https:\/\/waterpik.be\/wp-content\/uploads\/2019\/08\/wp563-blue-advanced-waterpik.png\",\"contentUrl\":\"https:\/\/waterpik.be\/wp-content\/uploads\/2019\/08\/wp563-blue-advanced-waterpik.png\",\"width\":550,\"height\":550},{\"@type\":\"BreadcrumbList\",\"@id\":\"https:\/\/waterpik.be\/fr\/products\/wp-563-hydropulseur-jet-dentaire-sans-fil-advanced-bleu\/#breadcrumb\",\"itemListElement\":[{\"@type\":\"ListItem\",\"position\":1,\"name\":\"Home\",\"item\":\"https:\/\/waterpik.be\/fr\/\"},{\"@type\":\"ListItem\",\"position\":2,\"name\":\"Boutique\",\"item\":\"https:\/\/waterpik.be\/fr\/boutique\/\"},{\"@type\":\"ListItem\",\"position\":3,\"name\":\"Jet Dentaires\",\"item\":\"https:\/\/waterpik.be\/fr\/cat\u00e9gories-de-produits\/jet-dentaires\/\"},{\"@type\":\"ListItem\",\"position\":4,\"name\":\"Sans fil\",\"item\":\"https:\/\/waterpik.be\/fr\/cat\u00e9gories-de-produits\/jet-dentaires\/sans-fil\/\"},{\"@type\":\"ListItem\",\"position\":5,\"name\":\"WP-563 Hydropulseur Jet Dentaire Sans Fil Advanced, Bleu\"}]},{\"@type\":\"WebSite\",\"@id\":\"https:\/\/waterpik.be\/#website\",\"url\":\"https:\/\/waterpik.be\/\",\"name\":\"Waterpik Waterflosser\",\"description\":\"Poetsen alleen is niet genoeg\",\"potentialAction\":[{\"@type\":\"SearchAction\",\"target\":{\"@type\":\"EntryPoint\",\"urlTemplate\":\"https:\/\/waterpik.be\/?s={search_term_string}\"},\"query-input\":{\"@type\":\"PropertyValueSpecification\",\"valueRequired\":true,\"valueName\":\"search_term_string\"}}],\"inLanguage\":\"fr-FR\"}]}<\/script>\n<!-- \/ Yoast SEO plugin. -->","yoast_head_json":{"title":"WP-563 Hydropulseur Jet Dentaire Sans Fil Advanced, Bleu - Waterpik Waterflosser","description":"De Cordless Advanced Waterflosser is de beste en meest innovatieve draadloze waterflosser van Waterpik\u00ae ooit. Het is perfect voor mensen die onderweg zijn.","robots":{"index":"index","follow":"follow","max-snippet":"max-snippet:-1","max-image-preview":"max-image-preview:large","max-video-preview":"max-video-preview:-1"},"canonical":"https:\/\/waterpik.be\/fr\/products\/wp-563-hydropulseur-jet-dentaire-sans-fil-advanced-bleu\/","og_locale":"fr_FR","og_type":"article","og_title":"WP-563 Hydropulseur Jet Dentaire Sans Fil Advanced, Bleu - Waterpik Waterflosser","og_description":"De Cordless Advanced Waterflosser is de beste en meest innovatieve draadloze waterflosser van Waterpik\u00ae ooit. Het is perfect voor mensen die onderweg zijn.","og_url":"https:\/\/waterpik.be\/fr\/products\/wp-563-hydropulseur-jet-dentaire-sans-fil-advanced-bleu\/","og_site_name":"Waterpik Waterflosser","article_modified_time":"2020-12-22T15:46:21+00:00","og_image":[{"width":550,"height":550,"url":"https:\/\/waterpik.be\/wp-content\/uploads\/2019\/08\/wp563-blue-advanced-waterpik.png","type":"image\/png"}],"twitter_card":"summary_large_image","schema":{"@context":"https:\/\/schema.org","@graph":[{"@type":"WebPage","@id":"https:\/\/waterpik.be\/fr\/products\/wp-563-hydropulseur-jet-dentaire-sans-fil-advanced-bleu\/","url":"https:\/\/waterpik.be\/fr\/products\/wp-563-hydropulseur-jet-dentaire-sans-fil-advanced-bleu\/","name":"WP-563 Hydropulseur Jet Dentaire Sans Fil Advanced, Bleu - Waterpik Waterflosser","isPartOf":{"@id":"https:\/\/waterpik.be\/#website"},"primaryImageOfPage":{"@id":"https:\/\/waterpik.be\/fr\/products\/wp-563-hydropulseur-jet-dentaire-sans-fil-advanced-bleu\/#primaryimage"},"image":{"@id":"https:\/\/waterpik.be\/fr\/products\/wp-563-hydropulseur-jet-dentaire-sans-fil-advanced-bleu\/#primaryimage"},"thumbnailUrl":"https:\/\/waterpik.be\/wp-content\/uploads\/2019\/08\/wp563-blue-advanced-waterpik.png","datePublished":"2019-08-27T12:28:05+00:00","dateModified":"2020-12-22T15:46:21+00:00","description":"De Cordless Advanced Waterflosser is de beste en meest innovatieve draadloze waterflosser van Waterpik\u00ae ooit. Het is perfect voor mensen die onderweg zijn.","breadcrumb":{"@id":"https:\/\/waterpik.be\/fr\/products\/wp-563-hydropulseur-jet-dentaire-sans-fil-advanced-bleu\/#breadcrumb"},"inLanguage":"fr-FR","potentialAction":[{"@type":"ReadAction","target":["https:\/\/waterpik.be\/fr\/products\/wp-563-hydropulseur-jet-dentaire-sans-fil-advanced-bleu\/"]}]},{"@type":"ImageObject","inLanguage":"fr-FR","@id":"https:\/\/waterpik.be\/fr\/products\/wp-563-hydropulseur-jet-dentaire-sans-fil-advanced-bleu\/#primaryimage","url":"https:\/\/waterpik.be\/wp-content\/uploads\/2019\/08\/wp563-blue-advanced-waterpik.png","contentUrl":"https:\/\/waterpik.be\/wp-content\/uploads\/2019\/08\/wp563-blue-advanced-waterpik.png","width":550,"height":550},{"@type":"BreadcrumbList","@id":"https:\/\/waterpik.be\/fr\/products\/wp-563-hydropulseur-jet-dentaire-sans-fil-advanced-bleu\/#breadcrumb","itemListElement":[{"@type":"ListItem","position":1,"name":"Home","item":"https:\/\/waterpik.be\/fr\/"},{"@type":"ListItem","position":2,"name":"Boutique","item":"https:\/\/waterpik.be\/fr\/boutique\/"},{"@type":"ListItem","position":3,"name":"Jet Dentaires","item":"https:\/\/waterpik.be\/fr\/cat\u00e9gories-de-produits\/jet-dentaires\/"},{"@type":"ListItem","position":4,"name":"Sans fil","item":"https:\/\/waterpik.be\/fr\/cat\u00e9gories-de-produits\/jet-dentaires\/sans-fil\/"},{"@type":"ListItem","position":5,"name":"WP-563 Hydropulseur Jet Dentaire Sans Fil Advanced, Bleu"}]},{"@type":"WebSite","@id":"https:\/\/waterpik.be\/#website","url":"https:\/\/waterpik.be\/","name":"Waterpik Waterflosser","description":"Poetsen alleen is niet genoeg","potentialAction":[{"@type":"SearchAction","target":{"@type":"EntryPoint","urlTemplate":"https:\/\/waterpik.be\/?s={search_term_string}"},"query-input":{"@type":"PropertyValueSpecification","valueRequired":true,"valueName":"search_term_string"}}],"inLanguage":"fr-FR"}]}},"_links":{"self":[{"href":"https:\/\/waterpik.be\/fr\/wp-json\/wp\/v2\/product\/5524","targetHints":{"allow":["GET"]}}],"collection":[{"href":"https:\/\/waterpik.be\/fr\/wp-json\/wp\/v2\/product"}],"about":[{"href":"https:\/\/waterpik.be\/fr\/wp-json\/wp\/v2\/types\/product"}],"replies":[{"embeddable":true,"href":"https:\/\/waterpik.be\/fr\/wp-json\/wp\/v2\/comments?post=5524"}],"wp:featuredmedia":[{"embeddable":true,"href":"https:\/\/waterpik.be\/fr\/wp-json\/wp\/v2\/media\/6436"}],"wp:attachment":[{"href":"https:\/\/waterpik.be\/fr\/wp-json\/wp\/v2\/media?parent=5524"}],"wp:term":[{"taxonomy":"product_brand","embeddable":true,"href":"https:\/\/waterpik.be\/fr\/wp-json\/wp\/v2\/product_brand?post=5524"},{"taxonomy":"product_cat","embeddable":true,"href":"https:\/\/waterpik.be\/fr\/wp-json\/wp\/v2\/product_cat?post=5524"},{"taxonomy":"product_tag","embeddable":true,"href":"https:\/\/waterpik.be\/fr\/wp-json\/wp\/v2\/product_tag?post=5524"}],"curies":[{"name":"wp","href":"https:\/\/api.w.org\/{rel}","templated":true}]}}