{"id":5563,"date":"2019-04-02T21:27:36","date_gmt":"2019-04-02T19:27:36","guid":{"rendered":"http:\/\/waterpik.be\/products\/dentale-waterflosser-wf-05\/"},"modified":"2020-12-22T11:32:53","modified_gmt":"2020-12-22T10:32:53","slug":"wf-05-hydropulseur-jet-dentaire-blanchiment-professional-blanc","status":"publish","type":"product","link":"https:\/\/waterpik.be\/fr\/products\/wf-05-hydropulseur-jet-dentaire-blanchiment-professional-blanc\/","title":{"rendered":"WF-05 Hydropulseur Jet Dentaire Blanchiment Professional, Blanc"},"content":{"rendered":"","protected":false},"excerpt":{"rendered":"<div class=\"shortDesc\">\n<p>Fournit un blanchiment de pr\u00e9cision pendant que vous passez l\u2019hydropulseur. L\u2019hydropulseur\u00a0Blanchiment permet de retrouver une blancheur naturelle en seulement quatre semaines, en supprimant les taches difficiles \u00e0 atteindre que les autres produits ne parviennent pas \u00e0 traiter.<\/p>\n<p><span style=\"font-size: 1rem;\">Ce mod\u00e8le avanc\u00e9 comprend une technologie de modulation des pulsions pour une \u00e9limination maximale de la plaque dentaire (mode Floss) et une stimulation gingivale am\u00e9lior\u00e9e (mode Massage).<\/span><\/p>\n<\/div>\n<div id=\"collapse1\" class=\"fullDesc panel-collapse collapse show\">\n<p>La technologie de l\u2019infuseur \u00e0 effet blanchiment int\u00e9gr\u00e9 au manche de l\u2019hydropulseur assure un m\u00e9lange parfait de l\u2019eau avec un agent antit\u00e2ches qui vous permet de retrouver la blancheur naturelle de vos dents, d\u2019\u00e9liminer la plaque et d\u2019am\u00e9liorer la sant\u00e9 de vos gencives. Ce mod\u00e8le comprend 7 embouts, 10 niveaux de pression, 30 comprim\u00e9s blanchiments et une garantie de 2 ans.<\/p>\n<p>\u00c9limine jusqu\u2019\u00e0 25 % de taches en plus que le brossage seul, et est aussi doux qu\u2019un dentifrice ordinaire. Waterpikdont l\u2019efficacit\u00e9 est cliniquement prouv\u00e9e, est recommand\u00e9 parl\u2019Union Fran\u00e7aise pour la Sant\u00e9 Bucco-Dentaire (UFSBD).<\/p>\n<\/div>\n","protected":false},"featured_media":5574,"comment_status":"open","ping_status":"closed","template":"","meta":{"_acf_changed":false},"product_brand":[],"product_cat":[252,261],"product_tag":[],"class_list":{"0":"post-5563","1":"product","2":"type-product","3":"status-publish","4":"has-post-thumbnail","6":"product_cat-jet-dentaires","7":"product_cat-blanchiment","9":"first","10":"instock","11":"featured","12":"taxable","13":"shipping-taxable","14":"product-type-simple"},"acf":[],"yoast_head":"<!-- This site is optimized with the Yoast SEO plugin v26.7 - https:\/\/yoast.com\/wordpress\/plugins\/seo\/ -->\n<title>WF-05 Hydropulseur Jet Dentaire Blanchiment Professional, Blanc - Waterpik Waterflosser<\/title>\n<meta name=\"description\" content=\"Maakt uw tanden perfect wit terwijl u met water flost. Herstelt uw natuurlijke witheid in slechts 4 weken. Klinisch bewezen, verwijdert 25% meerverkleuringen dan alleen poetsen.\" \/>\n<meta name=\"robots\" content=\"index, follow, max-snippet:-1, max-image-preview:large, max-video-preview:-1\" \/>\n<link rel=\"canonical\" href=\"https:\/\/waterpik.be\/fr\/products\/wf-05-hydropulseur-jet-dentaire-blanchiment-professional-blanc\/\" \/>\n<meta property=\"og:locale\" content=\"fr_FR\" \/>\n<meta property=\"og:type\" content=\"article\" \/>\n<meta property=\"og:title\" content=\"WF-05 Hydropulseur Jet Dentaire Blanchiment Professional, Blanc - Waterpik Waterflosser\" \/>\n<meta property=\"og:description\" content=\"Maakt uw tanden perfect wit terwijl u met water flost. Herstelt uw natuurlijke witheid in slechts 4 weken. Klinisch bewezen, verwijdert 25% meerverkleuringen dan alleen poetsen.\" \/>\n<meta property=\"og:url\" content=\"https:\/\/waterpik.be\/fr\/products\/wf-05-hydropulseur-jet-dentaire-blanchiment-professional-blanc\/\" \/>\n<meta property=\"og:site_name\" content=\"Waterpik Waterflosser\" \/>\n<meta property=\"article:modified_time\" content=\"2020-12-22T10:32:53+00:00\" \/>\n<meta property=\"og:image\" content=\"https:\/\/waterpik.be\/wp-content\/uploads\/2019\/04\/WhiteningUnits-01.jpg\" \/>\n\t<meta property=\"og:image:width\" content=\"750\" \/>\n\t<meta property=\"og:image:height\" content=\"1050\" \/>\n\t<meta property=\"og:image:type\" content=\"image\/jpeg\" \/>\n<meta name=\"twitter:card\" content=\"summary_large_image\" \/>\n<script type=\"application\/ld+json\" class=\"yoast-schema-graph\">{\"@context\":\"https:\/\/schema.org\",\"@graph\":[{\"@type\":\"WebPage\",\"@id\":\"https:\/\/waterpik.be\/fr\/products\/wf-05-hydropulseur-jet-dentaire-blanchiment-professional-blanc\/\",\"url\":\"https:\/\/waterpik.be\/fr\/products\/wf-05-hydropulseur-jet-dentaire-blanchiment-professional-blanc\/\",\"name\":\"WF-05 Hydropulseur Jet Dentaire Blanchiment Professional, Blanc - Waterpik Waterflosser\",\"isPartOf\":{\"@id\":\"https:\/\/waterpik.be\/#website\"},\"primaryImageOfPage\":{\"@id\":\"https:\/\/waterpik.be\/fr\/products\/wf-05-hydropulseur-jet-dentaire-blanchiment-professional-blanc\/#primaryimage\"},\"image\":{\"@id\":\"https:\/\/waterpik.be\/fr\/products\/wf-05-hydropulseur-jet-dentaire-blanchiment-professional-blanc\/#primaryimage\"},\"thumbnailUrl\":\"https:\/\/waterpik.be\/wp-content\/uploads\/2019\/04\/WhiteningUnits-01.jpg\",\"datePublished\":\"2019-04-02T19:27:36+00:00\",\"dateModified\":\"2020-12-22T10:32:53+00:00\",\"description\":\"Maakt uw tanden perfect wit terwijl u met water flost. Herstelt uw natuurlijke witheid in slechts 4 weken. Klinisch bewezen, verwijdert 25% meerverkleuringen dan alleen poetsen.\",\"breadcrumb\":{\"@id\":\"https:\/\/waterpik.be\/fr\/products\/wf-05-hydropulseur-jet-dentaire-blanchiment-professional-blanc\/#breadcrumb\"},\"inLanguage\":\"fr-FR\",\"potentialAction\":[{\"@type\":\"ReadAction\",\"target\":[\"https:\/\/waterpik.be\/fr\/products\/wf-05-hydropulseur-jet-dentaire-blanchiment-professional-blanc\/\"]}]},{\"@type\":\"ImageObject\",\"inLanguage\":\"fr-FR\",\"@id\":\"https:\/\/waterpik.be\/fr\/products\/wf-05-hydropulseur-jet-dentaire-blanchiment-professional-blanc\/#primaryimage\",\"url\":\"https:\/\/waterpik.be\/wp-content\/uploads\/2019\/04\/WhiteningUnits-01.jpg\",\"contentUrl\":\"https:\/\/waterpik.be\/wp-content\/uploads\/2019\/04\/WhiteningUnits-01.jpg\",\"width\":750,\"height\":1050},{\"@type\":\"BreadcrumbList\",\"@id\":\"https:\/\/waterpik.be\/fr\/products\/wf-05-hydropulseur-jet-dentaire-blanchiment-professional-blanc\/#breadcrumb\",\"itemListElement\":[{\"@type\":\"ListItem\",\"position\":1,\"name\":\"Home\",\"item\":\"https:\/\/waterpik.be\/fr\/\"},{\"@type\":\"ListItem\",\"position\":2,\"name\":\"Boutique\",\"item\":\"https:\/\/waterpik.be\/fr\/boutique\/\"},{\"@type\":\"ListItem\",\"position\":3,\"name\":\"Waterflossers\",\"item\":\"https:\/\/waterpik.be\/product-categorie\/waterflossers\/\"},{\"@type\":\"ListItem\",\"position\":4,\"name\":\"Natuurlijk wittere tanden\",\"item\":\"https:\/\/waterpik.be\/product-categorie\/waterflossers\/wittere-tanden\/\"},{\"@type\":\"ListItem\",\"position\":5,\"name\":\"WF-05 Hydropulseur Jet Dentaire Blanchiment Professional, Blanc\"}]},{\"@type\":\"WebSite\",\"@id\":\"https:\/\/waterpik.be\/#website\",\"url\":\"https:\/\/waterpik.be\/\",\"name\":\"Waterpik Waterflosser\",\"description\":\"Poetsen alleen is niet genoeg\",\"potentialAction\":[{\"@type\":\"SearchAction\",\"target\":{\"@type\":\"EntryPoint\",\"urlTemplate\":\"https:\/\/waterpik.be\/?s={search_term_string}\"},\"query-input\":{\"@type\":\"PropertyValueSpecification\",\"valueRequired\":true,\"valueName\":\"search_term_string\"}}],\"inLanguage\":\"fr-FR\"}]}<\/script>\n<!-- \/ Yoast SEO plugin. -->","yoast_head_json":{"title":"WF-05 Hydropulseur Jet Dentaire Blanchiment Professional, Blanc - Waterpik Waterflosser","description":"Maakt uw tanden perfect wit terwijl u met water flost. Herstelt uw natuurlijke witheid in slechts 4 weken. Klinisch bewezen, verwijdert 25% meerverkleuringen dan alleen poetsen.","robots":{"index":"index","follow":"follow","max-snippet":"max-snippet:-1","max-image-preview":"max-image-preview:large","max-video-preview":"max-video-preview:-1"},"canonical":"https:\/\/waterpik.be\/fr\/products\/wf-05-hydropulseur-jet-dentaire-blanchiment-professional-blanc\/","og_locale":"fr_FR","og_type":"article","og_title":"WF-05 Hydropulseur Jet Dentaire Blanchiment Professional, Blanc - Waterpik Waterflosser","og_description":"Maakt uw tanden perfect wit terwijl u met water flost. Herstelt uw natuurlijke witheid in slechts 4 weken. Klinisch bewezen, verwijdert 25% meerverkleuringen dan alleen poetsen.","og_url":"https:\/\/waterpik.be\/fr\/products\/wf-05-hydropulseur-jet-dentaire-blanchiment-professional-blanc\/","og_site_name":"Waterpik Waterflosser","article_modified_time":"2020-12-22T10:32:53+00:00","og_image":[{"width":750,"height":1050,"url":"https:\/\/waterpik.be\/wp-content\/uploads\/2019\/04\/WhiteningUnits-01.jpg","type":"image\/jpeg"}],"twitter_card":"summary_large_image","schema":{"@context":"https:\/\/schema.org","@graph":[{"@type":"WebPage","@id":"https:\/\/waterpik.be\/fr\/products\/wf-05-hydropulseur-jet-dentaire-blanchiment-professional-blanc\/","url":"https:\/\/waterpik.be\/fr\/products\/wf-05-hydropulseur-jet-dentaire-blanchiment-professional-blanc\/","name":"WF-05 Hydropulseur Jet Dentaire Blanchiment Professional, Blanc - Waterpik Waterflosser","isPartOf":{"@id":"https:\/\/waterpik.be\/#website"},"primaryImageOfPage":{"@id":"https:\/\/waterpik.be\/fr\/products\/wf-05-hydropulseur-jet-dentaire-blanchiment-professional-blanc\/#primaryimage"},"image":{"@id":"https:\/\/waterpik.be\/fr\/products\/wf-05-hydropulseur-jet-dentaire-blanchiment-professional-blanc\/#primaryimage"},"thumbnailUrl":"https:\/\/waterpik.be\/wp-content\/uploads\/2019\/04\/WhiteningUnits-01.jpg","datePublished":"2019-04-02T19:27:36+00:00","dateModified":"2020-12-22T10:32:53+00:00","description":"Maakt uw tanden perfect wit terwijl u met water flost. Herstelt uw natuurlijke witheid in slechts 4 weken. Klinisch bewezen, verwijdert 25% meerverkleuringen dan alleen poetsen.","breadcrumb":{"@id":"https:\/\/waterpik.be\/fr\/products\/wf-05-hydropulseur-jet-dentaire-blanchiment-professional-blanc\/#breadcrumb"},"inLanguage":"fr-FR","potentialAction":[{"@type":"ReadAction","target":["https:\/\/waterpik.be\/fr\/products\/wf-05-hydropulseur-jet-dentaire-blanchiment-professional-blanc\/"]}]},{"@type":"ImageObject","inLanguage":"fr-FR","@id":"https:\/\/waterpik.be\/fr\/products\/wf-05-hydropulseur-jet-dentaire-blanchiment-professional-blanc\/#primaryimage","url":"https:\/\/waterpik.be\/wp-content\/uploads\/2019\/04\/WhiteningUnits-01.jpg","contentUrl":"https:\/\/waterpik.be\/wp-content\/uploads\/2019\/04\/WhiteningUnits-01.jpg","width":750,"height":1050},{"@type":"BreadcrumbList","@id":"https:\/\/waterpik.be\/fr\/products\/wf-05-hydropulseur-jet-dentaire-blanchiment-professional-blanc\/#breadcrumb","itemListElement":[{"@type":"ListItem","position":1,"name":"Home","item":"https:\/\/waterpik.be\/fr\/"},{"@type":"ListItem","position":2,"name":"Boutique","item":"https:\/\/waterpik.be\/fr\/boutique\/"},{"@type":"ListItem","position":3,"name":"Waterflossers","item":"https:\/\/waterpik.be\/product-categorie\/waterflossers\/"},{"@type":"ListItem","position":4,"name":"Natuurlijk wittere tanden","item":"https:\/\/waterpik.be\/product-categorie\/waterflossers\/wittere-tanden\/"},{"@type":"ListItem","position":5,"name":"WF-05 Hydropulseur Jet Dentaire Blanchiment Professional, Blanc"}]},{"@type":"WebSite","@id":"https:\/\/waterpik.be\/#website","url":"https:\/\/waterpik.be\/","name":"Waterpik Waterflosser","description":"Poetsen alleen is niet genoeg","potentialAction":[{"@type":"SearchAction","target":{"@type":"EntryPoint","urlTemplate":"https:\/\/waterpik.be\/?s={search_term_string}"},"query-input":{"@type":"PropertyValueSpecification","valueRequired":true,"valueName":"search_term_string"}}],"inLanguage":"fr-FR"}]}},"_links":{"self":[{"href":"https:\/\/waterpik.be\/fr\/wp-json\/wp\/v2\/product\/5563","targetHints":{"allow":["GET"]}}],"collection":[{"href":"https:\/\/waterpik.be\/fr\/wp-json\/wp\/v2\/product"}],"about":[{"href":"https:\/\/waterpik.be\/fr\/wp-json\/wp\/v2\/types\/product"}],"replies":[{"embeddable":true,"href":"https:\/\/waterpik.be\/fr\/wp-json\/wp\/v2\/comments?post=5563"}],"wp:featuredmedia":[{"embeddable":true,"href":"https:\/\/waterpik.be\/fr\/wp-json\/wp\/v2\/media\/5574"}],"wp:attachment":[{"href":"https:\/\/waterpik.be\/fr\/wp-json\/wp\/v2\/media?parent=5563"}],"wp:term":[{"taxonomy":"product_brand","embeddable":true,"href":"https:\/\/waterpik.be\/fr\/wp-json\/wp\/v2\/product_brand?post=5563"},{"taxonomy":"product_cat","embeddable":true,"href":"https:\/\/waterpik.be\/fr\/wp-json\/wp\/v2\/product_cat?post=5563"},{"taxonomy":"product_tag","embeddable":true,"href":"https:\/\/waterpik.be\/fr\/wp-json\/wp\/v2\/product_tag?post=5563"}],"curies":[{"name":"wp","href":"https:\/\/api.w.org\/{rel}","templated":true}]}}