{"id":5564,"date":"2019-04-02T21:27:35","date_gmt":"2019-04-02T19:27:35","guid":{"rendered":"http:\/\/waterpik.be\/products\/dentale-waterflosser-wp-660\/"},"modified":"2020-12-22T16:59:46","modified_gmt":"2020-12-22T15:59:46","slug":"wp-660-hydropulseur-jet-dentaire-ultra-professional-blanc","status":"publish","type":"product","link":"https:\/\/waterpik.be\/fr\/products\/wp-660-hydropulseur-jet-dentaire-ultra-professional-blanc\/","title":{"rendered":"WP-660 Hydropulseur Jet Dentaire Ultra Professional, Blanc"},"content":{"rendered":"","protected":false},"excerpt":{"rendered":"<div class=\"shortDesc\">\n<p>Le design avanc\u00e9 de ce mod\u00e8le professionnel compact inclut une technologie de modulation des pulsations de l\u2019eau qui permet une \u00e9limination optimale de la plaque (mode Floss) ainsi qu\u2019une meilleure stimulation des gencives (mode Massage).<\/p>\n<\/div>\n<div id=\"collapse1\" class=\"fullDesc panel-collapse collapse show\">\n<p>\u00c9limine jusqu\u2019\u00e0 99,9% de la plaque dans les zones trait\u00e9es et est jusqu\u2019\u00e0 50% plus efficace que le fil dentaire pour am\u00e9liorer la sant\u00e9 des gencives. Ce mod\u00e8le comprend 7 embouts pour hydropulseur, une minuterie d\u2019une minute avec un signal toutes les 30 secondes, un bouton marche\/arr\u00eat du jet d\u2019eau sur le manchepour une meilleure ergonomie et est garanti 2 ans.<\/p>\n<p>Waterpik\u00ae est cliniquement prouv\u00e9 et recommand\u00e9 par l\u2019Union Fran\u00e7aise pour la Sant\u00e9 Bucco-Dentaire (UFSBD).<\/p>\n<\/div>\n","protected":false},"featured_media":5578,"comment_status":"closed","ping_status":"closed","template":"","meta":{"_acf_changed":false},"product_brand":[],"product_cat":[252,253],"product_tag":[],"class_list":{"0":"post-5564","1":"product","2":"type-product","3":"status-publish","4":"has-post-thumbnail","6":"product_cat-jet-dentaires","7":"product_cat-modeles-standards","8":"pa_kleur-wit-fr","10":"first","11":"instock","12":"featured","13":"taxable","14":"shipping-taxable","15":"product-type-simple"},"acf":[],"yoast_head":"<!-- This site is optimized with the Yoast SEO plugin v26.7 - https:\/\/yoast.com\/wordpress\/plugins\/seo\/ -->\n<title>Waterflosser Ultra Professional WP-660 - Waterpik Online Store<\/title>\n<meta name=\"description\" content=\"De Waterpik\u00ae Waterflosser Ultra Professional is de meest geavanceerde Waterflosser ooit. Klinisch bewezen tot 50% effectiever voor een betere conditie van het tandvlees dan flosdraad.\" \/>\n<meta name=\"robots\" content=\"index, follow, max-snippet:-1, max-image-preview:large, max-video-preview:-1\" \/>\n<link rel=\"canonical\" href=\"https:\/\/waterpik.be\/fr\/products\/wp-660-hydropulseur-jet-dentaire-ultra-professional-blanc\/\" \/>\n<meta property=\"og:locale\" content=\"fr_FR\" \/>\n<meta property=\"og:type\" content=\"article\" \/>\n<meta property=\"og:title\" content=\"Waterflosser Ultra Professional WP-660 - Waterpik Online Store\" \/>\n<meta property=\"og:description\" content=\"De Waterpik\u00ae Waterflosser Ultra Professional is de meest geavanceerde Waterflosser ooit. Klinisch bewezen tot 50% effectiever voor een betere conditie van het tandvlees dan flosdraad.\" \/>\n<meta property=\"og:url\" content=\"https:\/\/waterpik.be\/fr\/products\/wp-660-hydropulseur-jet-dentaire-ultra-professional-blanc\/\" \/>\n<meta property=\"og:site_name\" content=\"Waterpik Waterflosser\" \/>\n<meta property=\"article:modified_time\" content=\"2020-12-22T15:59:46+00:00\" \/>\n<meta property=\"og:image\" content=\"https:\/\/waterpik.be\/wp-content\/uploads\/2019\/04\/WP-660-professional-water-flosser-9.jpg\" \/>\n\t<meta property=\"og:image:width\" content=\"330\" \/>\n\t<meta property=\"og:image:height\" content=\"571\" \/>\n\t<meta property=\"og:image:type\" content=\"image\/jpeg\" \/>\n<meta name=\"twitter:card\" content=\"summary_large_image\" \/>\n<script type=\"application\/ld+json\" class=\"yoast-schema-graph\">{\"@context\":\"https:\/\/schema.org\",\"@graph\":[{\"@type\":\"WebPage\",\"@id\":\"https:\/\/waterpik.be\/fr\/products\/wp-660-hydropulseur-jet-dentaire-ultra-professional-blanc\/\",\"url\":\"https:\/\/waterpik.be\/fr\/products\/wp-660-hydropulseur-jet-dentaire-ultra-professional-blanc\/\",\"name\":\"Waterflosser Ultra Professional WP-660 - Waterpik Online Store\",\"isPartOf\":{\"@id\":\"https:\/\/waterpik.be\/#website\"},\"primaryImageOfPage\":{\"@id\":\"https:\/\/waterpik.be\/fr\/products\/wp-660-hydropulseur-jet-dentaire-ultra-professional-blanc\/#primaryimage\"},\"image\":{\"@id\":\"https:\/\/waterpik.be\/fr\/products\/wp-660-hydropulseur-jet-dentaire-ultra-professional-blanc\/#primaryimage\"},\"thumbnailUrl\":\"https:\/\/waterpik.be\/wp-content\/uploads\/2019\/04\/WP-660-professional-water-flosser-9.jpg\",\"datePublished\":\"2019-04-02T19:27:35+00:00\",\"dateModified\":\"2020-12-22T15:59:46+00:00\",\"description\":\"De Waterpik\u00ae Waterflosser Ultra Professional is de meest geavanceerde Waterflosser ooit. Klinisch bewezen tot 50% effectiever voor een betere conditie van het tandvlees dan flosdraad.\",\"breadcrumb\":{\"@id\":\"https:\/\/waterpik.be\/fr\/products\/wp-660-hydropulseur-jet-dentaire-ultra-professional-blanc\/#breadcrumb\"},\"inLanguage\":\"fr-FR\",\"potentialAction\":[{\"@type\":\"ReadAction\",\"target\":[\"https:\/\/waterpik.be\/fr\/products\/wp-660-hydropulseur-jet-dentaire-ultra-professional-blanc\/\"]}]},{\"@type\":\"ImageObject\",\"inLanguage\":\"fr-FR\",\"@id\":\"https:\/\/waterpik.be\/fr\/products\/wp-660-hydropulseur-jet-dentaire-ultra-professional-blanc\/#primaryimage\",\"url\":\"https:\/\/waterpik.be\/wp-content\/uploads\/2019\/04\/WP-660-professional-water-flosser-9.jpg\",\"contentUrl\":\"https:\/\/waterpik.be\/wp-content\/uploads\/2019\/04\/WP-660-professional-water-flosser-9.jpg\",\"width\":330,\"height\":571},{\"@type\":\"BreadcrumbList\",\"@id\":\"https:\/\/waterpik.be\/fr\/products\/wp-660-hydropulseur-jet-dentaire-ultra-professional-blanc\/#breadcrumb\",\"itemListElement\":[{\"@type\":\"ListItem\",\"position\":1,\"name\":\"Home\",\"item\":\"https:\/\/waterpik.be\/fr\/\"},{\"@type\":\"ListItem\",\"position\":2,\"name\":\"Boutique\",\"item\":\"https:\/\/waterpik.be\/fr\/boutique\/\"},{\"@type\":\"ListItem\",\"position\":3,\"name\":\"Jet Dentaires\",\"item\":\"https:\/\/waterpik.be\/fr\/cat\u00e9gories-de-produits\/jet-dentaires\/\"},{\"@type\":\"ListItem\",\"position\":4,\"name\":\"Mod\u00e8les standards\",\"item\":\"https:\/\/waterpik.be\/fr\/cat\u00e9gories-de-produits\/jet-dentaires\/modeles-standards\/\"},{\"@type\":\"ListItem\",\"position\":5,\"name\":\"WP-660 Hydropulseur Jet Dentaire Ultra Professional, Blanc\"}]},{\"@type\":\"WebSite\",\"@id\":\"https:\/\/waterpik.be\/#website\",\"url\":\"https:\/\/waterpik.be\/\",\"name\":\"Waterpik Waterflosser\",\"description\":\"Poetsen alleen is niet genoeg\",\"potentialAction\":[{\"@type\":\"SearchAction\",\"target\":{\"@type\":\"EntryPoint\",\"urlTemplate\":\"https:\/\/waterpik.be\/?s={search_term_string}\"},\"query-input\":{\"@type\":\"PropertyValueSpecification\",\"valueRequired\":true,\"valueName\":\"search_term_string\"}}],\"inLanguage\":\"fr-FR\"}]}<\/script>\n<!-- \/ Yoast SEO plugin. -->","yoast_head_json":{"title":"Waterflosser Ultra Professional WP-660 - Waterpik Online Store","description":"De Waterpik\u00ae Waterflosser Ultra Professional is de meest geavanceerde Waterflosser ooit. Klinisch bewezen tot 50% effectiever voor een betere conditie van het tandvlees dan flosdraad.","robots":{"index":"index","follow":"follow","max-snippet":"max-snippet:-1","max-image-preview":"max-image-preview:large","max-video-preview":"max-video-preview:-1"},"canonical":"https:\/\/waterpik.be\/fr\/products\/wp-660-hydropulseur-jet-dentaire-ultra-professional-blanc\/","og_locale":"fr_FR","og_type":"article","og_title":"Waterflosser Ultra Professional WP-660 - Waterpik Online Store","og_description":"De Waterpik\u00ae Waterflosser Ultra Professional is de meest geavanceerde Waterflosser ooit. Klinisch bewezen tot 50% effectiever voor een betere conditie van het tandvlees dan flosdraad.","og_url":"https:\/\/waterpik.be\/fr\/products\/wp-660-hydropulseur-jet-dentaire-ultra-professional-blanc\/","og_site_name":"Waterpik Waterflosser","article_modified_time":"2020-12-22T15:59:46+00:00","og_image":[{"width":330,"height":571,"url":"https:\/\/waterpik.be\/wp-content\/uploads\/2019\/04\/WP-660-professional-water-flosser-9.jpg","type":"image\/jpeg"}],"twitter_card":"summary_large_image","schema":{"@context":"https:\/\/schema.org","@graph":[{"@type":"WebPage","@id":"https:\/\/waterpik.be\/fr\/products\/wp-660-hydropulseur-jet-dentaire-ultra-professional-blanc\/","url":"https:\/\/waterpik.be\/fr\/products\/wp-660-hydropulseur-jet-dentaire-ultra-professional-blanc\/","name":"Waterflosser Ultra Professional WP-660 - Waterpik Online Store","isPartOf":{"@id":"https:\/\/waterpik.be\/#website"},"primaryImageOfPage":{"@id":"https:\/\/waterpik.be\/fr\/products\/wp-660-hydropulseur-jet-dentaire-ultra-professional-blanc\/#primaryimage"},"image":{"@id":"https:\/\/waterpik.be\/fr\/products\/wp-660-hydropulseur-jet-dentaire-ultra-professional-blanc\/#primaryimage"},"thumbnailUrl":"https:\/\/waterpik.be\/wp-content\/uploads\/2019\/04\/WP-660-professional-water-flosser-9.jpg","datePublished":"2019-04-02T19:27:35+00:00","dateModified":"2020-12-22T15:59:46+00:00","description":"De Waterpik\u00ae Waterflosser Ultra Professional is de meest geavanceerde Waterflosser ooit. Klinisch bewezen tot 50% effectiever voor een betere conditie van het tandvlees dan flosdraad.","breadcrumb":{"@id":"https:\/\/waterpik.be\/fr\/products\/wp-660-hydropulseur-jet-dentaire-ultra-professional-blanc\/#breadcrumb"},"inLanguage":"fr-FR","potentialAction":[{"@type":"ReadAction","target":["https:\/\/waterpik.be\/fr\/products\/wp-660-hydropulseur-jet-dentaire-ultra-professional-blanc\/"]}]},{"@type":"ImageObject","inLanguage":"fr-FR","@id":"https:\/\/waterpik.be\/fr\/products\/wp-660-hydropulseur-jet-dentaire-ultra-professional-blanc\/#primaryimage","url":"https:\/\/waterpik.be\/wp-content\/uploads\/2019\/04\/WP-660-professional-water-flosser-9.jpg","contentUrl":"https:\/\/waterpik.be\/wp-content\/uploads\/2019\/04\/WP-660-professional-water-flosser-9.jpg","width":330,"height":571},{"@type":"BreadcrumbList","@id":"https:\/\/waterpik.be\/fr\/products\/wp-660-hydropulseur-jet-dentaire-ultra-professional-blanc\/#breadcrumb","itemListElement":[{"@type":"ListItem","position":1,"name":"Home","item":"https:\/\/waterpik.be\/fr\/"},{"@type":"ListItem","position":2,"name":"Boutique","item":"https:\/\/waterpik.be\/fr\/boutique\/"},{"@type":"ListItem","position":3,"name":"Jet Dentaires","item":"https:\/\/waterpik.be\/fr\/cat\u00e9gories-de-produits\/jet-dentaires\/"},{"@type":"ListItem","position":4,"name":"Mod\u00e8les standards","item":"https:\/\/waterpik.be\/fr\/cat\u00e9gories-de-produits\/jet-dentaires\/modeles-standards\/"},{"@type":"ListItem","position":5,"name":"WP-660 Hydropulseur Jet Dentaire Ultra Professional, Blanc"}]},{"@type":"WebSite","@id":"https:\/\/waterpik.be\/#website","url":"https:\/\/waterpik.be\/","name":"Waterpik Waterflosser","description":"Poetsen alleen is niet genoeg","potentialAction":[{"@type":"SearchAction","target":{"@type":"EntryPoint","urlTemplate":"https:\/\/waterpik.be\/?s={search_term_string}"},"query-input":{"@type":"PropertyValueSpecification","valueRequired":true,"valueName":"search_term_string"}}],"inLanguage":"fr-FR"}]}},"_links":{"self":[{"href":"https:\/\/waterpik.be\/fr\/wp-json\/wp\/v2\/product\/5564","targetHints":{"allow":["GET"]}}],"collection":[{"href":"https:\/\/waterpik.be\/fr\/wp-json\/wp\/v2\/product"}],"about":[{"href":"https:\/\/waterpik.be\/fr\/wp-json\/wp\/v2\/types\/product"}],"replies":[{"embeddable":true,"href":"https:\/\/waterpik.be\/fr\/wp-json\/wp\/v2\/comments?post=5564"}],"wp:featuredmedia":[{"embeddable":true,"href":"https:\/\/waterpik.be\/fr\/wp-json\/wp\/v2\/media\/5578"}],"wp:attachment":[{"href":"https:\/\/waterpik.be\/fr\/wp-json\/wp\/v2\/media?parent=5564"}],"wp:term":[{"taxonomy":"product_brand","embeddable":true,"href":"https:\/\/waterpik.be\/fr\/wp-json\/wp\/v2\/product_brand?post=5564"},{"taxonomy":"product_cat","embeddable":true,"href":"https:\/\/waterpik.be\/fr\/wp-json\/wp\/v2\/product_cat?post=5564"},{"taxonomy":"product_tag","embeddable":true,"href":"https:\/\/waterpik.be\/fr\/wp-json\/wp\/v2\/product_tag?post=5564"}],"curies":[{"name":"wp","href":"https:\/\/api.w.org\/{rel}","templated":true}]}}