{"id":5601,"date":"2019-04-02T21:27:12","date_gmt":"2019-04-02T19:27:12","guid":{"rendered":"http:\/\/waterpik.be\/products\/dentale-waterflosser-wp-450\/"},"modified":"2020-12-22T11:36:14","modified_gmt":"2020-12-22T10:36:14","slug":"wp-450-hydropulseur-jet-dentaire-plus-sans-fil-blanc","status":"publish","type":"product","link":"https:\/\/waterpik.be\/fr\/products\/wp-450-hydropulseur-jet-dentaire-plus-sans-fil-blanc\/","title":{"rendered":"WP-450 Hydropulseur Jet Dentaire Plus Sans Fil, Blanc"},"content":{"rendered":"","protected":false},"excerpt":{"rendered":"<div class=\"shortDesc\">\n<p>Rechargeable et portable, le jet dentaire Plus sans fil poss\u00e8de un r\u00e9servoir de 45 secondes, et est parfait pour une utilisation dans les petites salles de bains ou lors de voyages. Disponible en plusieurs couleurs.<\/p>\n<p><span style=\"font-size: 1rem;\">Ce mod\u00e8le comprend 4 embouts, 2 niveaux s de pression, une rotation \u00e0 360 degr\u00e9s de l\u2019embout et est garanti 2 ans.<\/span><\/p>\n<\/div>\n<div id=\"collapse1\" class=\"fullDesc panel-collapse collapse show\">\n<p>\u00c9limine jusqu\u2019\u00e0 99,9% de la plaque dans les zones trait\u00e9es et est jusqu\u2019\u00e0 50% plus efficace que le fil dentaire pour am\u00e9liorer la sant\u00e9 des gencives. Waterpik\u00ae est cliniquement prouv\u00e9 et recommand\u00e9 par l\u2019Union Fran\u00e7aise pour la Sant\u00e9 Bucco-Dentaire (UFSBD).<\/p>\n<\/div>\n","protected":false},"featured_media":6456,"comment_status":"closed","ping_status":"closed","template":"","meta":{"_acf_changed":false},"product_brand":[],"product_cat":[252,260],"product_tag":[],"class_list":{"0":"post-5601","1":"product","2":"type-product","3":"status-publish","4":"has-post-thumbnail","6":"product_cat-jet-dentaires","7":"product_cat-sans-fil","8":"pa_kleur-wit-fr","10":"first","11":"instock","12":"featured","13":"taxable","14":"shipping-taxable","15":"product-type-simple"},"acf":[],"yoast_head":"<!-- This site is optimized with the Yoast SEO plugin v26.7 - https:\/\/yoast.com\/wordpress\/plugins\/seo\/ -->\n<title>Draadloze Waterflosser WP-450 - Waterpik Online Store<\/title>\n<meta name=\"description\" content=\"De Draadloze Waterflosser is de oplossing wanneer u wilt waterflossen zonder snoer. De Waterflosser kan opnieuw worden opgeladen, bekijk de site!\" \/>\n<meta name=\"robots\" content=\"index, follow, max-snippet:-1, max-image-preview:large, max-video-preview:-1\" \/>\n<link rel=\"canonical\" href=\"https:\/\/waterpik.be\/fr\/products\/wp-450-hydropulseur-jet-dentaire-plus-sans-fil-blanc\/\" \/>\n<meta property=\"og:locale\" content=\"fr_FR\" \/>\n<meta property=\"og:type\" content=\"article\" \/>\n<meta property=\"og:title\" content=\"Draadloze Waterflosser WP-450 - Waterpik Online Store\" \/>\n<meta property=\"og:description\" content=\"De Draadloze Waterflosser is de oplossing wanneer u wilt waterflossen zonder snoer. De Waterflosser kan opnieuw worden opgeladen, bekijk de site!\" \/>\n<meta property=\"og:url\" content=\"https:\/\/waterpik.be\/fr\/products\/wp-450-hydropulseur-jet-dentaire-plus-sans-fil-blanc\/\" \/>\n<meta property=\"og:site_name\" content=\"Waterpik Waterflosser\" \/>\n<meta property=\"article:modified_time\" content=\"2020-12-22T10:36:14+00:00\" \/>\n<meta property=\"og:image\" content=\"https:\/\/waterpik.be\/wp-content\/uploads\/2019\/04\/WP-450-Intl_3Quarter-scaled.jpg\" \/>\n\t<meta property=\"og:image:width\" content=\"2560\" \/>\n\t<meta property=\"og:image:height\" content=\"2560\" \/>\n\t<meta property=\"og:image:type\" content=\"image\/jpeg\" \/>\n<meta name=\"twitter:card\" content=\"summary_large_image\" \/>\n<script type=\"application\/ld+json\" class=\"yoast-schema-graph\">{\"@context\":\"https:\/\/schema.org\",\"@graph\":[{\"@type\":\"WebPage\",\"@id\":\"https:\/\/waterpik.be\/fr\/products\/wp-450-hydropulseur-jet-dentaire-plus-sans-fil-blanc\/\",\"url\":\"https:\/\/waterpik.be\/fr\/products\/wp-450-hydropulseur-jet-dentaire-plus-sans-fil-blanc\/\",\"name\":\"Draadloze Waterflosser WP-450 - Waterpik Online Store\",\"isPartOf\":{\"@id\":\"https:\/\/waterpik.be\/#website\"},\"primaryImageOfPage\":{\"@id\":\"https:\/\/waterpik.be\/fr\/products\/wp-450-hydropulseur-jet-dentaire-plus-sans-fil-blanc\/#primaryimage\"},\"image\":{\"@id\":\"https:\/\/waterpik.be\/fr\/products\/wp-450-hydropulseur-jet-dentaire-plus-sans-fil-blanc\/#primaryimage\"},\"thumbnailUrl\":\"https:\/\/waterpik.be\/wp-content\/uploads\/2019\/04\/WP-450-Intl_3Quarter-scaled.jpg\",\"datePublished\":\"2019-04-02T19:27:12+00:00\",\"dateModified\":\"2020-12-22T10:36:14+00:00\",\"description\":\"De Draadloze Waterflosser is de oplossing wanneer u wilt waterflossen zonder snoer. De Waterflosser kan opnieuw worden opgeladen, bekijk de site!\",\"breadcrumb\":{\"@id\":\"https:\/\/waterpik.be\/fr\/products\/wp-450-hydropulseur-jet-dentaire-plus-sans-fil-blanc\/#breadcrumb\"},\"inLanguage\":\"fr-FR\",\"potentialAction\":[{\"@type\":\"ReadAction\",\"target\":[\"https:\/\/waterpik.be\/fr\/products\/wp-450-hydropulseur-jet-dentaire-plus-sans-fil-blanc\/\"]}]},{\"@type\":\"ImageObject\",\"inLanguage\":\"fr-FR\",\"@id\":\"https:\/\/waterpik.be\/fr\/products\/wp-450-hydropulseur-jet-dentaire-plus-sans-fil-blanc\/#primaryimage\",\"url\":\"https:\/\/waterpik.be\/wp-content\/uploads\/2019\/04\/WP-450-Intl_3Quarter-scaled.jpg\",\"contentUrl\":\"https:\/\/waterpik.be\/wp-content\/uploads\/2019\/04\/WP-450-Intl_3Quarter-scaled.jpg\",\"width\":2560,\"height\":2560},{\"@type\":\"BreadcrumbList\",\"@id\":\"https:\/\/waterpik.be\/fr\/products\/wp-450-hydropulseur-jet-dentaire-plus-sans-fil-blanc\/#breadcrumb\",\"itemListElement\":[{\"@type\":\"ListItem\",\"position\":1,\"name\":\"Home\",\"item\":\"https:\/\/waterpik.be\/fr\/\"},{\"@type\":\"ListItem\",\"position\":2,\"name\":\"Boutique\",\"item\":\"https:\/\/waterpik.be\/fr\/boutique\/\"},{\"@type\":\"ListItem\",\"position\":3,\"name\":\"Jet Dentaires\",\"item\":\"https:\/\/waterpik.be\/fr\/cat\u00e9gories-de-produits\/jet-dentaires\/\"},{\"@type\":\"ListItem\",\"position\":4,\"name\":\"Sans fil\",\"item\":\"https:\/\/waterpik.be\/fr\/cat\u00e9gories-de-produits\/jet-dentaires\/sans-fil\/\"},{\"@type\":\"ListItem\",\"position\":5,\"name\":\"WP-450 Hydropulseur Jet Dentaire Plus Sans Fil, Blanc\"}]},{\"@type\":\"WebSite\",\"@id\":\"https:\/\/waterpik.be\/#website\",\"url\":\"https:\/\/waterpik.be\/\",\"name\":\"Waterpik Waterflosser\",\"description\":\"Poetsen alleen is niet genoeg\",\"potentialAction\":[{\"@type\":\"SearchAction\",\"target\":{\"@type\":\"EntryPoint\",\"urlTemplate\":\"https:\/\/waterpik.be\/?s={search_term_string}\"},\"query-input\":{\"@type\":\"PropertyValueSpecification\",\"valueRequired\":true,\"valueName\":\"search_term_string\"}}],\"inLanguage\":\"fr-FR\"}]}<\/script>\n<!-- \/ Yoast SEO plugin. -->","yoast_head_json":{"title":"Draadloze Waterflosser WP-450 - Waterpik Online Store","description":"De Draadloze Waterflosser is de oplossing wanneer u wilt waterflossen zonder snoer. De Waterflosser kan opnieuw worden opgeladen, bekijk de site!","robots":{"index":"index","follow":"follow","max-snippet":"max-snippet:-1","max-image-preview":"max-image-preview:large","max-video-preview":"max-video-preview:-1"},"canonical":"https:\/\/waterpik.be\/fr\/products\/wp-450-hydropulseur-jet-dentaire-plus-sans-fil-blanc\/","og_locale":"fr_FR","og_type":"article","og_title":"Draadloze Waterflosser WP-450 - Waterpik Online Store","og_description":"De Draadloze Waterflosser is de oplossing wanneer u wilt waterflossen zonder snoer. De Waterflosser kan opnieuw worden opgeladen, bekijk de site!","og_url":"https:\/\/waterpik.be\/fr\/products\/wp-450-hydropulseur-jet-dentaire-plus-sans-fil-blanc\/","og_site_name":"Waterpik Waterflosser","article_modified_time":"2020-12-22T10:36:14+00:00","og_image":[{"width":2560,"height":2560,"url":"https:\/\/waterpik.be\/wp-content\/uploads\/2019\/04\/WP-450-Intl_3Quarter-scaled.jpg","type":"image\/jpeg"}],"twitter_card":"summary_large_image","schema":{"@context":"https:\/\/schema.org","@graph":[{"@type":"WebPage","@id":"https:\/\/waterpik.be\/fr\/products\/wp-450-hydropulseur-jet-dentaire-plus-sans-fil-blanc\/","url":"https:\/\/waterpik.be\/fr\/products\/wp-450-hydropulseur-jet-dentaire-plus-sans-fil-blanc\/","name":"Draadloze Waterflosser WP-450 - Waterpik Online Store","isPartOf":{"@id":"https:\/\/waterpik.be\/#website"},"primaryImageOfPage":{"@id":"https:\/\/waterpik.be\/fr\/products\/wp-450-hydropulseur-jet-dentaire-plus-sans-fil-blanc\/#primaryimage"},"image":{"@id":"https:\/\/waterpik.be\/fr\/products\/wp-450-hydropulseur-jet-dentaire-plus-sans-fil-blanc\/#primaryimage"},"thumbnailUrl":"https:\/\/waterpik.be\/wp-content\/uploads\/2019\/04\/WP-450-Intl_3Quarter-scaled.jpg","datePublished":"2019-04-02T19:27:12+00:00","dateModified":"2020-12-22T10:36:14+00:00","description":"De Draadloze Waterflosser is de oplossing wanneer u wilt waterflossen zonder snoer. De Waterflosser kan opnieuw worden opgeladen, bekijk de site!","breadcrumb":{"@id":"https:\/\/waterpik.be\/fr\/products\/wp-450-hydropulseur-jet-dentaire-plus-sans-fil-blanc\/#breadcrumb"},"inLanguage":"fr-FR","potentialAction":[{"@type":"ReadAction","target":["https:\/\/waterpik.be\/fr\/products\/wp-450-hydropulseur-jet-dentaire-plus-sans-fil-blanc\/"]}]},{"@type":"ImageObject","inLanguage":"fr-FR","@id":"https:\/\/waterpik.be\/fr\/products\/wp-450-hydropulseur-jet-dentaire-plus-sans-fil-blanc\/#primaryimage","url":"https:\/\/waterpik.be\/wp-content\/uploads\/2019\/04\/WP-450-Intl_3Quarter-scaled.jpg","contentUrl":"https:\/\/waterpik.be\/wp-content\/uploads\/2019\/04\/WP-450-Intl_3Quarter-scaled.jpg","width":2560,"height":2560},{"@type":"BreadcrumbList","@id":"https:\/\/waterpik.be\/fr\/products\/wp-450-hydropulseur-jet-dentaire-plus-sans-fil-blanc\/#breadcrumb","itemListElement":[{"@type":"ListItem","position":1,"name":"Home","item":"https:\/\/waterpik.be\/fr\/"},{"@type":"ListItem","position":2,"name":"Boutique","item":"https:\/\/waterpik.be\/fr\/boutique\/"},{"@type":"ListItem","position":3,"name":"Jet Dentaires","item":"https:\/\/waterpik.be\/fr\/cat\u00e9gories-de-produits\/jet-dentaires\/"},{"@type":"ListItem","position":4,"name":"Sans fil","item":"https:\/\/waterpik.be\/fr\/cat\u00e9gories-de-produits\/jet-dentaires\/sans-fil\/"},{"@type":"ListItem","position":5,"name":"WP-450 Hydropulseur Jet Dentaire Plus Sans Fil, Blanc"}]},{"@type":"WebSite","@id":"https:\/\/waterpik.be\/#website","url":"https:\/\/waterpik.be\/","name":"Waterpik Waterflosser","description":"Poetsen alleen is niet genoeg","potentialAction":[{"@type":"SearchAction","target":{"@type":"EntryPoint","urlTemplate":"https:\/\/waterpik.be\/?s={search_term_string}"},"query-input":{"@type":"PropertyValueSpecification","valueRequired":true,"valueName":"search_term_string"}}],"inLanguage":"fr-FR"}]}},"_links":{"self":[{"href":"https:\/\/waterpik.be\/fr\/wp-json\/wp\/v2\/product\/5601","targetHints":{"allow":["GET"]}}],"collection":[{"href":"https:\/\/waterpik.be\/fr\/wp-json\/wp\/v2\/product"}],"about":[{"href":"https:\/\/waterpik.be\/fr\/wp-json\/wp\/v2\/types\/product"}],"replies":[{"embeddable":true,"href":"https:\/\/waterpik.be\/fr\/wp-json\/wp\/v2\/comments?post=5601"}],"wp:featuredmedia":[{"embeddable":true,"href":"https:\/\/waterpik.be\/fr\/wp-json\/wp\/v2\/media\/6456"}],"wp:attachment":[{"href":"https:\/\/waterpik.be\/fr\/wp-json\/wp\/v2\/media?parent=5601"}],"wp:term":[{"taxonomy":"product_brand","embeddable":true,"href":"https:\/\/waterpik.be\/fr\/wp-json\/wp\/v2\/product_brand?post=5601"},{"taxonomy":"product_cat","embeddable":true,"href":"https:\/\/waterpik.be\/fr\/wp-json\/wp\/v2\/product_cat?post=5601"},{"taxonomy":"product_tag","embeddable":true,"href":"https:\/\/waterpik.be\/fr\/wp-json\/wp\/v2\/product_tag?post=5601"}],"curies":[{"name":"wp","href":"https:\/\/api.w.org\/{rel}","templated":true}]}}