{"id":5617,"date":"2019-04-02T21:27:08","date_gmt":"2019-04-02T19:27:08","guid":{"rendered":"http:\/\/waterpik.be\/products\/dentale-waterflosser-wp-112\/"},"modified":"2020-12-22T11:40:23","modified_gmt":"2020-12-22T10:40:23","slug":"wp-112-hydropulseur-jet-dentaire-ultra-noir","status":"publish","type":"product","link":"https:\/\/waterpik.be\/fr\/products\/wp-112-hydropulseur-jet-dentaire-ultra-noir\/","title":{"rendered":"WP-112 Hydropulseur Jet Dentaire Ultra, Noir"},"content":{"rendered":"","protected":false},"excerpt":{"rendered":"<div class=\"shortDesc\">\n<p>L\u2019hydropulseur Ultra est un mod\u00e8le sur socle dot\u00e9 d\u2019un bouton sur le manche pour mettre le jet d\u2019eau en pause, et d\u2019un compartiment pour les embouts int\u00e9gr\u00e9 dans le couvercle.<\/p>\n<p><span style=\"font-size: 1rem;\">Ce mod\u00e8le est livr\u00e9 avec 7 embouts pour hydropulseur et dispose de 10 niveaux de pression, d\u2019un bouton de pause du jet d\u2019eau int\u00e9gr\u00e9 sur le manche. Il est garanti 2 ans. Simple, efficace et il est recommand\u00e9 par l\u2019Union Fran\u00e7aise pour la Sant\u00e9 Bucco-Dentaire (UFSBD).<\/span><\/p>\n<\/div>\n<div id=\"collapse1\" class=\"fullDesc panel-collapse collapse show\">\n<p>\u00c9limine jusqu\u2019\u00e0 99,9 % de la plaque dentaire dans les zones trait\u00e9es et est jusqu\u2019\u00e0 50 % plus efficace que le fil dentaire pour am\u00e9liorer la sant\u00e9 des gencives.<\/p>\n<\/div>\n","protected":false},"featured_media":5618,"comment_status":"open","ping_status":"closed","template":"","meta":{"_acf_changed":false},"product_brand":[],"product_cat":[252,253],"product_tag":[],"class_list":{"0":"post-5617","1":"product","2":"type-product","3":"status-publish","4":"has-post-thumbnail","6":"product_cat-jet-dentaires","7":"product_cat-modeles-standards","8":"pa_kleur-zwart-fr","10":"first","11":"instock","12":"featured","13":"taxable","14":"shipping-taxable","15":"product-type-simple"},"acf":[],"yoast_head":"<!-- This site is optimized with the Yoast SEO plugin v26.7 - https:\/\/yoast.com\/wordpress\/plugins\/seo\/ -->\n<title>Waterflosser WP-112 Ultra - Waterpik Online Store<\/title>\n<meta name=\"description\" content=\"Houd uw tandvlees gezond en verminder bloedend tandvlees. Effectiever dan flosdraad! De Waterflosser, die nu met een zwarte zijdeglans is afgewerkt, geeft een eigentijdse touch aan uw badkamer.\" \/>\n<meta name=\"robots\" content=\"index, follow, max-snippet:-1, max-image-preview:large, max-video-preview:-1\" \/>\n<link rel=\"canonical\" href=\"https:\/\/waterpik.be\/fr\/products\/wp-112-hydropulseur-jet-dentaire-ultra-noir\/\" \/>\n<meta property=\"og:locale\" content=\"fr_FR\" \/>\n<meta property=\"og:type\" content=\"article\" \/>\n<meta property=\"og:title\" content=\"Waterflosser WP-112 Ultra - Waterpik Online Store\" \/>\n<meta property=\"og:description\" content=\"Houd uw tandvlees gezond en verminder bloedend tandvlees. Effectiever dan flosdraad! De Waterflosser, die nu met een zwarte zijdeglans is afgewerkt, geeft een eigentijdse touch aan uw badkamer.\" \/>\n<meta property=\"og:url\" content=\"https:\/\/waterpik.be\/fr\/products\/wp-112-hydropulseur-jet-dentaire-ultra-noir\/\" \/>\n<meta property=\"og:site_name\" content=\"Waterpik Waterflosser\" \/>\n<meta property=\"article:modified_time\" content=\"2020-12-22T10:40:23+00:00\" \/>\n<meta property=\"og:image\" content=\"https:\/\/waterpik.be\/wp-content\/uploads\/2019\/04\/WP-112-Black-Ultra-Water-Flosser-9.jpg\" \/>\n\t<meta property=\"og:image:width\" content=\"420\" \/>\n\t<meta property=\"og:image:height\" content=\"561\" \/>\n\t<meta property=\"og:image:type\" content=\"image\/jpeg\" \/>\n<meta name=\"twitter:card\" content=\"summary_large_image\" \/>\n<script type=\"application\/ld+json\" class=\"yoast-schema-graph\">{\"@context\":\"https:\/\/schema.org\",\"@graph\":[{\"@type\":\"WebPage\",\"@id\":\"https:\/\/waterpik.be\/fr\/products\/wp-112-hydropulseur-jet-dentaire-ultra-noir\/\",\"url\":\"https:\/\/waterpik.be\/fr\/products\/wp-112-hydropulseur-jet-dentaire-ultra-noir\/\",\"name\":\"Waterflosser WP-112 Ultra - Waterpik Online Store\",\"isPartOf\":{\"@id\":\"https:\/\/waterpik.be\/#website\"},\"primaryImageOfPage\":{\"@id\":\"https:\/\/waterpik.be\/fr\/products\/wp-112-hydropulseur-jet-dentaire-ultra-noir\/#primaryimage\"},\"image\":{\"@id\":\"https:\/\/waterpik.be\/fr\/products\/wp-112-hydropulseur-jet-dentaire-ultra-noir\/#primaryimage\"},\"thumbnailUrl\":\"https:\/\/waterpik.be\/wp-content\/uploads\/2019\/04\/WP-112-Black-Ultra-Water-Flosser-9.jpg\",\"datePublished\":\"2019-04-02T19:27:08+00:00\",\"dateModified\":\"2020-12-22T10:40:23+00:00\",\"description\":\"Houd uw tandvlees gezond en verminder bloedend tandvlees. Effectiever dan flosdraad! De Waterflosser, die nu met een zwarte zijdeglans is afgewerkt, geeft een eigentijdse touch aan uw badkamer.\",\"breadcrumb\":{\"@id\":\"https:\/\/waterpik.be\/fr\/products\/wp-112-hydropulseur-jet-dentaire-ultra-noir\/#breadcrumb\"},\"inLanguage\":\"fr-FR\",\"potentialAction\":[{\"@type\":\"ReadAction\",\"target\":[\"https:\/\/waterpik.be\/fr\/products\/wp-112-hydropulseur-jet-dentaire-ultra-noir\/\"]}]},{\"@type\":\"ImageObject\",\"inLanguage\":\"fr-FR\",\"@id\":\"https:\/\/waterpik.be\/fr\/products\/wp-112-hydropulseur-jet-dentaire-ultra-noir\/#primaryimage\",\"url\":\"https:\/\/waterpik.be\/wp-content\/uploads\/2019\/04\/WP-112-Black-Ultra-Water-Flosser-9.jpg\",\"contentUrl\":\"https:\/\/waterpik.be\/wp-content\/uploads\/2019\/04\/WP-112-Black-Ultra-Water-Flosser-9.jpg\",\"width\":420,\"height\":561},{\"@type\":\"BreadcrumbList\",\"@id\":\"https:\/\/waterpik.be\/fr\/products\/wp-112-hydropulseur-jet-dentaire-ultra-noir\/#breadcrumb\",\"itemListElement\":[{\"@type\":\"ListItem\",\"position\":1,\"name\":\"Home\",\"item\":\"https:\/\/waterpik.be\/fr\/\"},{\"@type\":\"ListItem\",\"position\":2,\"name\":\"Boutique\",\"item\":\"https:\/\/waterpik.be\/fr\/boutique\/\"},{\"@type\":\"ListItem\",\"position\":3,\"name\":\"Jet Dentaires\",\"item\":\"https:\/\/waterpik.be\/fr\/cat\u00e9gories-de-produits\/jet-dentaires\/\"},{\"@type\":\"ListItem\",\"position\":4,\"name\":\"Mod\u00e8les standards\",\"item\":\"https:\/\/waterpik.be\/fr\/cat\u00e9gories-de-produits\/jet-dentaires\/modeles-standards\/\"},{\"@type\":\"ListItem\",\"position\":5,\"name\":\"WP-112 Hydropulseur Jet Dentaire Ultra, Noir\"}]},{\"@type\":\"WebSite\",\"@id\":\"https:\/\/waterpik.be\/#website\",\"url\":\"https:\/\/waterpik.be\/\",\"name\":\"Waterpik Waterflosser\",\"description\":\"Poetsen alleen is niet genoeg\",\"potentialAction\":[{\"@type\":\"SearchAction\",\"target\":{\"@type\":\"EntryPoint\",\"urlTemplate\":\"https:\/\/waterpik.be\/?s={search_term_string}\"},\"query-input\":{\"@type\":\"PropertyValueSpecification\",\"valueRequired\":true,\"valueName\":\"search_term_string\"}}],\"inLanguage\":\"fr-FR\"}]}<\/script>\n<!-- \/ Yoast SEO plugin. -->","yoast_head_json":{"title":"Waterflosser WP-112 Ultra - Waterpik Online Store","description":"Houd uw tandvlees gezond en verminder bloedend tandvlees. Effectiever dan flosdraad! De Waterflosser, die nu met een zwarte zijdeglans is afgewerkt, geeft een eigentijdse touch aan uw badkamer.","robots":{"index":"index","follow":"follow","max-snippet":"max-snippet:-1","max-image-preview":"max-image-preview:large","max-video-preview":"max-video-preview:-1"},"canonical":"https:\/\/waterpik.be\/fr\/products\/wp-112-hydropulseur-jet-dentaire-ultra-noir\/","og_locale":"fr_FR","og_type":"article","og_title":"Waterflosser WP-112 Ultra - Waterpik Online Store","og_description":"Houd uw tandvlees gezond en verminder bloedend tandvlees. Effectiever dan flosdraad! De Waterflosser, die nu met een zwarte zijdeglans is afgewerkt, geeft een eigentijdse touch aan uw badkamer.","og_url":"https:\/\/waterpik.be\/fr\/products\/wp-112-hydropulseur-jet-dentaire-ultra-noir\/","og_site_name":"Waterpik Waterflosser","article_modified_time":"2020-12-22T10:40:23+00:00","og_image":[{"width":420,"height":561,"url":"https:\/\/waterpik.be\/wp-content\/uploads\/2019\/04\/WP-112-Black-Ultra-Water-Flosser-9.jpg","type":"image\/jpeg"}],"twitter_card":"summary_large_image","schema":{"@context":"https:\/\/schema.org","@graph":[{"@type":"WebPage","@id":"https:\/\/waterpik.be\/fr\/products\/wp-112-hydropulseur-jet-dentaire-ultra-noir\/","url":"https:\/\/waterpik.be\/fr\/products\/wp-112-hydropulseur-jet-dentaire-ultra-noir\/","name":"Waterflosser WP-112 Ultra - Waterpik Online Store","isPartOf":{"@id":"https:\/\/waterpik.be\/#website"},"primaryImageOfPage":{"@id":"https:\/\/waterpik.be\/fr\/products\/wp-112-hydropulseur-jet-dentaire-ultra-noir\/#primaryimage"},"image":{"@id":"https:\/\/waterpik.be\/fr\/products\/wp-112-hydropulseur-jet-dentaire-ultra-noir\/#primaryimage"},"thumbnailUrl":"https:\/\/waterpik.be\/wp-content\/uploads\/2019\/04\/WP-112-Black-Ultra-Water-Flosser-9.jpg","datePublished":"2019-04-02T19:27:08+00:00","dateModified":"2020-12-22T10:40:23+00:00","description":"Houd uw tandvlees gezond en verminder bloedend tandvlees. Effectiever dan flosdraad! De Waterflosser, die nu met een zwarte zijdeglans is afgewerkt, geeft een eigentijdse touch aan uw badkamer.","breadcrumb":{"@id":"https:\/\/waterpik.be\/fr\/products\/wp-112-hydropulseur-jet-dentaire-ultra-noir\/#breadcrumb"},"inLanguage":"fr-FR","potentialAction":[{"@type":"ReadAction","target":["https:\/\/waterpik.be\/fr\/products\/wp-112-hydropulseur-jet-dentaire-ultra-noir\/"]}]},{"@type":"ImageObject","inLanguage":"fr-FR","@id":"https:\/\/waterpik.be\/fr\/products\/wp-112-hydropulseur-jet-dentaire-ultra-noir\/#primaryimage","url":"https:\/\/waterpik.be\/wp-content\/uploads\/2019\/04\/WP-112-Black-Ultra-Water-Flosser-9.jpg","contentUrl":"https:\/\/waterpik.be\/wp-content\/uploads\/2019\/04\/WP-112-Black-Ultra-Water-Flosser-9.jpg","width":420,"height":561},{"@type":"BreadcrumbList","@id":"https:\/\/waterpik.be\/fr\/products\/wp-112-hydropulseur-jet-dentaire-ultra-noir\/#breadcrumb","itemListElement":[{"@type":"ListItem","position":1,"name":"Home","item":"https:\/\/waterpik.be\/fr\/"},{"@type":"ListItem","position":2,"name":"Boutique","item":"https:\/\/waterpik.be\/fr\/boutique\/"},{"@type":"ListItem","position":3,"name":"Jet Dentaires","item":"https:\/\/waterpik.be\/fr\/cat\u00e9gories-de-produits\/jet-dentaires\/"},{"@type":"ListItem","position":4,"name":"Mod\u00e8les standards","item":"https:\/\/waterpik.be\/fr\/cat\u00e9gories-de-produits\/jet-dentaires\/modeles-standards\/"},{"@type":"ListItem","position":5,"name":"WP-112 Hydropulseur Jet Dentaire Ultra, Noir"}]},{"@type":"WebSite","@id":"https:\/\/waterpik.be\/#website","url":"https:\/\/waterpik.be\/","name":"Waterpik Waterflosser","description":"Poetsen alleen is niet genoeg","potentialAction":[{"@type":"SearchAction","target":{"@type":"EntryPoint","urlTemplate":"https:\/\/waterpik.be\/?s={search_term_string}"},"query-input":{"@type":"PropertyValueSpecification","valueRequired":true,"valueName":"search_term_string"}}],"inLanguage":"fr-FR"}]}},"_links":{"self":[{"href":"https:\/\/waterpik.be\/fr\/wp-json\/wp\/v2\/product\/5617","targetHints":{"allow":["GET"]}}],"collection":[{"href":"https:\/\/waterpik.be\/fr\/wp-json\/wp\/v2\/product"}],"about":[{"href":"https:\/\/waterpik.be\/fr\/wp-json\/wp\/v2\/types\/product"}],"replies":[{"embeddable":true,"href":"https:\/\/waterpik.be\/fr\/wp-json\/wp\/v2\/comments?post=5617"}],"wp:featuredmedia":[{"embeddable":true,"href":"https:\/\/waterpik.be\/fr\/wp-json\/wp\/v2\/media\/5618"}],"wp:attachment":[{"href":"https:\/\/waterpik.be\/fr\/wp-json\/wp\/v2\/media?parent=5617"}],"wp:term":[{"taxonomy":"product_brand","embeddable":true,"href":"https:\/\/waterpik.be\/fr\/wp-json\/wp\/v2\/product_brand?post=5617"},{"taxonomy":"product_cat","embeddable":true,"href":"https:\/\/waterpik.be\/fr\/wp-json\/wp\/v2\/product_cat?post=5617"},{"taxonomy":"product_tag","embeddable":true,"href":"https:\/\/waterpik.be\/fr\/wp-json\/wp\/v2\/product_tag?post=5617"}],"curies":[{"name":"wp","href":"https:\/\/api.w.org\/{rel}","templated":true}]}}