{"id":5640,"date":"2019-04-02T21:27:37","date_gmt":"2019-04-02T19:27:37","guid":{"rendered":"http:\/\/waterpik.be\/products\/wod-2e\/"},"modified":"2020-12-22T11:31:54","modified_gmt":"2020-12-22T10:31:54","slug":"wod-embout-orthodontique-pour-hydropulseur-blanchiment-dentaire","status":"publish","type":"product","link":"https:\/\/waterpik.be\/fr\/products\/wod-embout-orthodontique-pour-hydropulseur-blanchiment-dentaire\/","title":{"rendered":"WOD Embout Orthodontique pour Hydropulseur Blanchiment Dentaire"},"content":{"rendered":"","protected":false},"excerpt":{"rendered":"<p>Pour une utilisation g\u00e9n\u00e9rale de l\u2019hydropulseur jet dentaires Blanchiment Dentaire, WF-05 ou WF-06. Recommand\u00e9 pour les patients avec appareils dentaires et bagues orthodontiques. Il est cliniquement prouv\u00e9 que l\u2019embout orthodontique est jusqu\u2019\u00e0 trois fois plus efficace que le fil dentaire pour \u00e9liminer la plaque. Il est aussi significativement plus efficace que le fil dentaire pour am\u00e9liorer la sant\u00e9 des gencives des patients recevant un traitement orthodontique.<\/p>\n<p>La brosse effil\u00e9e \u00e9limine la plaque dans les zones difficiles \u00e0 atteindre, notamment autour des appareils dentaires et bagues orthodontiques. Elle contribue \u00e9galement \u00e0 \u00e9liminer les bact\u00e9ries et les restes alimentaires autour des dents et sous le sillon gingival.<\/p>\n<p>emplacer tous les trois mois.<\/p>\n<p>Deux embouts de rechange avec code de couleur dans chaque lot (la couleur des embouts peut varier).<\/p>\n","protected":false},"featured_media":5643,"comment_status":"open","ping_status":"closed","template":"","meta":{"_acf_changed":false},"product_brand":[],"product_cat":[267,271],"product_tag":[],"class_list":{"0":"post-5640","1":"product","2":"type-product","3":"status-publish","4":"has-post-thumbnail","6":"product_cat-embouts-et-accessoires","7":"product_cat-embouts","9":"first","10":"instock","11":"taxable","12":"shipping-taxable","13":"product-type-simple"},"acf":[],"yoast_head":"<!-- This site is optimized with the Yoast SEO plugin v26.7 - https:\/\/yoast.com\/wordpress\/plugins\/seo\/ -->\n<title>WOD Embout Orthodontique pour Hydropulseur Blanchiment Dentaire - Waterpik Waterflosser<\/title>\n<meta name=\"description\" content=\"Verwijdert lastig te bereiken tandplak rond orthodontische slotjes en draden. Voor gebruik met de Whitening Waterflosser WF-05\/WF-06.\" \/>\n<meta name=\"robots\" content=\"index, follow, max-snippet:-1, max-image-preview:large, max-video-preview:-1\" \/>\n<link rel=\"canonical\" href=\"https:\/\/waterpik.be\/fr\/products\/wod-embout-orthodontique-pour-hydropulseur-blanchiment-dentaire\/\" \/>\n<meta property=\"og:locale\" content=\"fr_FR\" \/>\n<meta property=\"og:type\" content=\"article\" \/>\n<meta property=\"og:title\" content=\"WOD Embout Orthodontique pour Hydropulseur Blanchiment Dentaire - Waterpik Waterflosser\" \/>\n<meta property=\"og:description\" content=\"Verwijdert lastig te bereiken tandplak rond orthodontische slotjes en draden. Voor gebruik met de Whitening Waterflosser WF-05\/WF-06.\" \/>\n<meta property=\"og:url\" content=\"https:\/\/waterpik.be\/fr\/products\/wod-embout-orthodontique-pour-hydropulseur-blanchiment-dentaire\/\" \/>\n<meta property=\"og:site_name\" content=\"Waterpik Waterflosser\" \/>\n<meta property=\"article:modified_time\" content=\"2020-12-22T10:31:54+00:00\" \/>\n<meta property=\"og:image\" content=\"https:\/\/waterpik.be\/wp-content\/uploads\/2019\/04\/Ortho-tip-wf-05.jpg\" \/>\n\t<meta property=\"og:image:width\" content=\"600\" \/>\n\t<meta property=\"og:image:height\" content=\"600\" \/>\n\t<meta property=\"og:image:type\" content=\"image\/jpeg\" \/>\n<meta name=\"twitter:card\" content=\"summary_large_image\" \/>\n<script type=\"application\/ld+json\" class=\"yoast-schema-graph\">{\"@context\":\"https:\/\/schema.org\",\"@graph\":[{\"@type\":\"WebPage\",\"@id\":\"https:\/\/waterpik.be\/fr\/products\/wod-embout-orthodontique-pour-hydropulseur-blanchiment-dentaire\/\",\"url\":\"https:\/\/waterpik.be\/fr\/products\/wod-embout-orthodontique-pour-hydropulseur-blanchiment-dentaire\/\",\"name\":\"WOD Embout Orthodontique pour Hydropulseur Blanchiment Dentaire - Waterpik Waterflosser\",\"isPartOf\":{\"@id\":\"https:\/\/waterpik.be\/#website\"},\"primaryImageOfPage\":{\"@id\":\"https:\/\/waterpik.be\/fr\/products\/wod-embout-orthodontique-pour-hydropulseur-blanchiment-dentaire\/#primaryimage\"},\"image\":{\"@id\":\"https:\/\/waterpik.be\/fr\/products\/wod-embout-orthodontique-pour-hydropulseur-blanchiment-dentaire\/#primaryimage\"},\"thumbnailUrl\":\"https:\/\/waterpik.be\/wp-content\/uploads\/2019\/04\/Ortho-tip-wf-05.jpg\",\"datePublished\":\"2019-04-02T19:27:37+00:00\",\"dateModified\":\"2020-12-22T10:31:54+00:00\",\"description\":\"Verwijdert lastig te bereiken tandplak rond orthodontische slotjes en draden. Voor gebruik met de Whitening Waterflosser WF-05\/WF-06.\",\"breadcrumb\":{\"@id\":\"https:\/\/waterpik.be\/fr\/products\/wod-embout-orthodontique-pour-hydropulseur-blanchiment-dentaire\/#breadcrumb\"},\"inLanguage\":\"fr-FR\",\"potentialAction\":[{\"@type\":\"ReadAction\",\"target\":[\"https:\/\/waterpik.be\/fr\/products\/wod-embout-orthodontique-pour-hydropulseur-blanchiment-dentaire\/\"]}]},{\"@type\":\"ImageObject\",\"inLanguage\":\"fr-FR\",\"@id\":\"https:\/\/waterpik.be\/fr\/products\/wod-embout-orthodontique-pour-hydropulseur-blanchiment-dentaire\/#primaryimage\",\"url\":\"https:\/\/waterpik.be\/wp-content\/uploads\/2019\/04\/Ortho-tip-wf-05.jpg\",\"contentUrl\":\"https:\/\/waterpik.be\/wp-content\/uploads\/2019\/04\/Ortho-tip-wf-05.jpg\",\"width\":600,\"height\":600},{\"@type\":\"BreadcrumbList\",\"@id\":\"https:\/\/waterpik.be\/fr\/products\/wod-embout-orthodontique-pour-hydropulseur-blanchiment-dentaire\/#breadcrumb\",\"itemListElement\":[{\"@type\":\"ListItem\",\"position\":1,\"name\":\"Home\",\"item\":\"https:\/\/waterpik.be\/fr\/\"},{\"@type\":\"ListItem\",\"position\":2,\"name\":\"Boutique\",\"item\":\"https:\/\/waterpik.be\/fr\/boutique\/\"},{\"@type\":\"ListItem\",\"position\":3,\"name\":\"Embouts et accessoires\",\"item\":\"https:\/\/waterpik.be\/fr\/cat\u00e9gories-de-produits\/embouts-et-accessoires\/\"},{\"@type\":\"ListItem\",\"position\":4,\"name\":\"Embouts\",\"item\":\"https:\/\/waterpik.be\/fr\/cat\u00e9gories-de-produits\/embouts-et-accessoires\/embouts\/\"},{\"@type\":\"ListItem\",\"position\":5,\"name\":\"WOD Embout Orthodontique pour Hydropulseur Blanchiment Dentaire\"}]},{\"@type\":\"WebSite\",\"@id\":\"https:\/\/waterpik.be\/#website\",\"url\":\"https:\/\/waterpik.be\/\",\"name\":\"Waterpik Waterflosser\",\"description\":\"Poetsen alleen is niet genoeg\",\"potentialAction\":[{\"@type\":\"SearchAction\",\"target\":{\"@type\":\"EntryPoint\",\"urlTemplate\":\"https:\/\/waterpik.be\/?s={search_term_string}\"},\"query-input\":{\"@type\":\"PropertyValueSpecification\",\"valueRequired\":true,\"valueName\":\"search_term_string\"}}],\"inLanguage\":\"fr-FR\"}]}<\/script>\n<!-- \/ Yoast SEO plugin. -->","yoast_head_json":{"title":"WOD Embout Orthodontique pour Hydropulseur Blanchiment Dentaire - Waterpik Waterflosser","description":"Verwijdert lastig te bereiken tandplak rond orthodontische slotjes en draden. Voor gebruik met de Whitening Waterflosser WF-05\/WF-06.","robots":{"index":"index","follow":"follow","max-snippet":"max-snippet:-1","max-image-preview":"max-image-preview:large","max-video-preview":"max-video-preview:-1"},"canonical":"https:\/\/waterpik.be\/fr\/products\/wod-embout-orthodontique-pour-hydropulseur-blanchiment-dentaire\/","og_locale":"fr_FR","og_type":"article","og_title":"WOD Embout Orthodontique pour Hydropulseur Blanchiment Dentaire - Waterpik Waterflosser","og_description":"Verwijdert lastig te bereiken tandplak rond orthodontische slotjes en draden. Voor gebruik met de Whitening Waterflosser WF-05\/WF-06.","og_url":"https:\/\/waterpik.be\/fr\/products\/wod-embout-orthodontique-pour-hydropulseur-blanchiment-dentaire\/","og_site_name":"Waterpik Waterflosser","article_modified_time":"2020-12-22T10:31:54+00:00","og_image":[{"width":600,"height":600,"url":"https:\/\/waterpik.be\/wp-content\/uploads\/2019\/04\/Ortho-tip-wf-05.jpg","type":"image\/jpeg"}],"twitter_card":"summary_large_image","schema":{"@context":"https:\/\/schema.org","@graph":[{"@type":"WebPage","@id":"https:\/\/waterpik.be\/fr\/products\/wod-embout-orthodontique-pour-hydropulseur-blanchiment-dentaire\/","url":"https:\/\/waterpik.be\/fr\/products\/wod-embout-orthodontique-pour-hydropulseur-blanchiment-dentaire\/","name":"WOD Embout Orthodontique pour Hydropulseur Blanchiment Dentaire - Waterpik Waterflosser","isPartOf":{"@id":"https:\/\/waterpik.be\/#website"},"primaryImageOfPage":{"@id":"https:\/\/waterpik.be\/fr\/products\/wod-embout-orthodontique-pour-hydropulseur-blanchiment-dentaire\/#primaryimage"},"image":{"@id":"https:\/\/waterpik.be\/fr\/products\/wod-embout-orthodontique-pour-hydropulseur-blanchiment-dentaire\/#primaryimage"},"thumbnailUrl":"https:\/\/waterpik.be\/wp-content\/uploads\/2019\/04\/Ortho-tip-wf-05.jpg","datePublished":"2019-04-02T19:27:37+00:00","dateModified":"2020-12-22T10:31:54+00:00","description":"Verwijdert lastig te bereiken tandplak rond orthodontische slotjes en draden. Voor gebruik met de Whitening Waterflosser WF-05\/WF-06.","breadcrumb":{"@id":"https:\/\/waterpik.be\/fr\/products\/wod-embout-orthodontique-pour-hydropulseur-blanchiment-dentaire\/#breadcrumb"},"inLanguage":"fr-FR","potentialAction":[{"@type":"ReadAction","target":["https:\/\/waterpik.be\/fr\/products\/wod-embout-orthodontique-pour-hydropulseur-blanchiment-dentaire\/"]}]},{"@type":"ImageObject","inLanguage":"fr-FR","@id":"https:\/\/waterpik.be\/fr\/products\/wod-embout-orthodontique-pour-hydropulseur-blanchiment-dentaire\/#primaryimage","url":"https:\/\/waterpik.be\/wp-content\/uploads\/2019\/04\/Ortho-tip-wf-05.jpg","contentUrl":"https:\/\/waterpik.be\/wp-content\/uploads\/2019\/04\/Ortho-tip-wf-05.jpg","width":600,"height":600},{"@type":"BreadcrumbList","@id":"https:\/\/waterpik.be\/fr\/products\/wod-embout-orthodontique-pour-hydropulseur-blanchiment-dentaire\/#breadcrumb","itemListElement":[{"@type":"ListItem","position":1,"name":"Home","item":"https:\/\/waterpik.be\/fr\/"},{"@type":"ListItem","position":2,"name":"Boutique","item":"https:\/\/waterpik.be\/fr\/boutique\/"},{"@type":"ListItem","position":3,"name":"Embouts et accessoires","item":"https:\/\/waterpik.be\/fr\/cat\u00e9gories-de-produits\/embouts-et-accessoires\/"},{"@type":"ListItem","position":4,"name":"Embouts","item":"https:\/\/waterpik.be\/fr\/cat\u00e9gories-de-produits\/embouts-et-accessoires\/embouts\/"},{"@type":"ListItem","position":5,"name":"WOD Embout Orthodontique pour Hydropulseur Blanchiment Dentaire"}]},{"@type":"WebSite","@id":"https:\/\/waterpik.be\/#website","url":"https:\/\/waterpik.be\/","name":"Waterpik Waterflosser","description":"Poetsen alleen is niet genoeg","potentialAction":[{"@type":"SearchAction","target":{"@type":"EntryPoint","urlTemplate":"https:\/\/waterpik.be\/?s={search_term_string}"},"query-input":{"@type":"PropertyValueSpecification","valueRequired":true,"valueName":"search_term_string"}}],"inLanguage":"fr-FR"}]}},"_links":{"self":[{"href":"https:\/\/waterpik.be\/fr\/wp-json\/wp\/v2\/product\/5640","targetHints":{"allow":["GET"]}}],"collection":[{"href":"https:\/\/waterpik.be\/fr\/wp-json\/wp\/v2\/product"}],"about":[{"href":"https:\/\/waterpik.be\/fr\/wp-json\/wp\/v2\/types\/product"}],"replies":[{"embeddable":true,"href":"https:\/\/waterpik.be\/fr\/wp-json\/wp\/v2\/comments?post=5640"}],"wp:featuredmedia":[{"embeddable":true,"href":"https:\/\/waterpik.be\/fr\/wp-json\/wp\/v2\/media\/5643"}],"wp:attachment":[{"href":"https:\/\/waterpik.be\/fr\/wp-json\/wp\/v2\/media?parent=5640"}],"wp:term":[{"taxonomy":"product_brand","embeddable":true,"href":"https:\/\/waterpik.be\/fr\/wp-json\/wp\/v2\/product_brand?post=5640"},{"taxonomy":"product_cat","embeddable":true,"href":"https:\/\/waterpik.be\/fr\/wp-json\/wp\/v2\/product_cat?post=5640"},{"taxonomy":"product_tag","embeddable":true,"href":"https:\/\/waterpik.be\/fr\/wp-json\/wp\/v2\/product_tag?post=5640"}],"curies":[{"name":"wp","href":"https:\/\/api.w.org\/{rel}","templated":true}]}}