{"id":5644,"date":"2019-04-02T21:27:37","date_gmt":"2019-04-02T19:27:37","guid":{"rendered":"http:\/\/waterpik.be\/products\/wt-30-whitening-tabletten\/"},"modified":"2020-12-22T11:32:33","modified_gmt":"2020-12-22T10:32:33","slug":"wt-30-comprimes-pour-hydropulseur-blanchiment-dentaire","status":"publish","type":"product","link":"https:\/\/waterpik.be\/fr\/products\/wt-30-comprimes-pour-hydropulseur-blanchiment-dentaire\/","title":{"rendered":"WT-30 Comprim\u00e9s Pour Hydropulseur Blanchiment Dentaire"},"content":{"rendered":"","protected":false},"excerpt":{"rendered":"<p>Les comprim\u00e9s sont \u00e0 utiliser avec l\u2019hydropulseur jet dentaires Blanchiment Dentaire WF-05 ou WF-06 seulement afin d\u2019assurer \u00e0 vos dents un blanchiment de pr\u00e9cision pendant que vous passez l\u2019hydropulseur. Cliniquement prouv\u00e9 pour enlever 25\u00a0% de taches dentaires suppl\u00e9mentaires en comparaison avec le brossage seul.<\/p>\n<p>30 comprim\u00e9s de blanchiment \u00e0 la menthe fra\u00eeche (pour un mois d\u2019utilisation).<\/p>\n","protected":false},"featured_media":5645,"comment_status":"open","ping_status":"closed","template":"","meta":{"_acf_changed":false},"product_brand":[],"product_cat":[267,272],"product_tag":[],"class_list":{"0":"post-5644","1":"product","2":"type-product","3":"status-publish","4":"has-post-thumbnail","6":"product_cat-embouts-et-accessoires","7":"product_cat-comprimes-pour-hydropulseur-blanchiment-dentaire","9":"first","10":"instock","11":"taxable","12":"shipping-taxable","13":"product-type-simple"},"acf":[],"yoast_head":"<!-- This site is optimized with the Yoast SEO plugin v26.7 - https:\/\/yoast.com\/wordpress\/plugins\/seo\/ -->\n<title>WT-30 Comprim\u00e9s Pour Hydropulseur Blanchiment Dentaire - Waterpik Waterflosser<\/title>\n<meta name=\"description\" content=\"Herstelt de natuurlijke witheid in slechts vier weken. Klinisch bewezen, verwijdert 25% meerverkleuringen dan alleen poetsen. Frisse mint smaak.\" \/>\n<meta name=\"robots\" content=\"index, follow, max-snippet:-1, max-image-preview:large, max-video-preview:-1\" \/>\n<link rel=\"canonical\" href=\"https:\/\/waterpik.be\/fr\/products\/wt-30-comprimes-pour-hydropulseur-blanchiment-dentaire\/\" \/>\n<meta property=\"og:locale\" content=\"fr_FR\" \/>\n<meta property=\"og:type\" content=\"article\" \/>\n<meta property=\"og:title\" content=\"WT-30 Comprim\u00e9s Pour Hydropulseur Blanchiment Dentaire - Waterpik Waterflosser\" \/>\n<meta property=\"og:description\" content=\"Herstelt de natuurlijke witheid in slechts vier weken. Klinisch bewezen, verwijdert 25% meerverkleuringen dan alleen poetsen. Frisse mint smaak.\" \/>\n<meta property=\"og:url\" content=\"https:\/\/waterpik.be\/fr\/products\/wt-30-comprimes-pour-hydropulseur-blanchiment-dentaire\/\" \/>\n<meta property=\"og:site_name\" content=\"Waterpik Waterflosser\" \/>\n<meta property=\"article:modified_time\" content=\"2020-12-22T10:32:33+00:00\" \/>\n<meta property=\"og:image\" content=\"https:\/\/waterpik.be\/wp-content\/uploads\/2019\/04\/Whitening-tablets-WF-05.jpg\" \/>\n\t<meta property=\"og:image:width\" content=\"600\" \/>\n\t<meta property=\"og:image:height\" content=\"607\" \/>\n\t<meta property=\"og:image:type\" content=\"image\/jpeg\" \/>\n<meta name=\"twitter:card\" content=\"summary_large_image\" \/>\n<script type=\"application\/ld+json\" class=\"yoast-schema-graph\">{\"@context\":\"https:\/\/schema.org\",\"@graph\":[{\"@type\":\"WebPage\",\"@id\":\"https:\/\/waterpik.be\/fr\/products\/wt-30-comprimes-pour-hydropulseur-blanchiment-dentaire\/\",\"url\":\"https:\/\/waterpik.be\/fr\/products\/wt-30-comprimes-pour-hydropulseur-blanchiment-dentaire\/\",\"name\":\"WT-30 Comprim\u00e9s Pour Hydropulseur Blanchiment Dentaire - Waterpik Waterflosser\",\"isPartOf\":{\"@id\":\"https:\/\/waterpik.be\/#website\"},\"primaryImageOfPage\":{\"@id\":\"https:\/\/waterpik.be\/fr\/products\/wt-30-comprimes-pour-hydropulseur-blanchiment-dentaire\/#primaryimage\"},\"image\":{\"@id\":\"https:\/\/waterpik.be\/fr\/products\/wt-30-comprimes-pour-hydropulseur-blanchiment-dentaire\/#primaryimage\"},\"thumbnailUrl\":\"https:\/\/waterpik.be\/wp-content\/uploads\/2019\/04\/Whitening-tablets-WF-05.jpg\",\"datePublished\":\"2019-04-02T19:27:37+00:00\",\"dateModified\":\"2020-12-22T10:32:33+00:00\",\"description\":\"Herstelt de natuurlijke witheid in slechts vier weken. Klinisch bewezen, verwijdert 25% meerverkleuringen dan alleen poetsen. Frisse mint smaak.\",\"breadcrumb\":{\"@id\":\"https:\/\/waterpik.be\/fr\/products\/wt-30-comprimes-pour-hydropulseur-blanchiment-dentaire\/#breadcrumb\"},\"inLanguage\":\"fr-FR\",\"potentialAction\":[{\"@type\":\"ReadAction\",\"target\":[\"https:\/\/waterpik.be\/fr\/products\/wt-30-comprimes-pour-hydropulseur-blanchiment-dentaire\/\"]}]},{\"@type\":\"ImageObject\",\"inLanguage\":\"fr-FR\",\"@id\":\"https:\/\/waterpik.be\/fr\/products\/wt-30-comprimes-pour-hydropulseur-blanchiment-dentaire\/#primaryimage\",\"url\":\"https:\/\/waterpik.be\/wp-content\/uploads\/2019\/04\/Whitening-tablets-WF-05.jpg\",\"contentUrl\":\"https:\/\/waterpik.be\/wp-content\/uploads\/2019\/04\/Whitening-tablets-WF-05.jpg\",\"width\":600,\"height\":607},{\"@type\":\"BreadcrumbList\",\"@id\":\"https:\/\/waterpik.be\/fr\/products\/wt-30-comprimes-pour-hydropulseur-blanchiment-dentaire\/#breadcrumb\",\"itemListElement\":[{\"@type\":\"ListItem\",\"position\":1,\"name\":\"Home\",\"item\":\"https:\/\/waterpik.be\/fr\/\"},{\"@type\":\"ListItem\",\"position\":2,\"name\":\"Boutique\",\"item\":\"https:\/\/waterpik.be\/fr\/boutique\/\"},{\"@type\":\"ListItem\",\"position\":3,\"name\":\"Embouts et accessoires\",\"item\":\"https:\/\/waterpik.be\/fr\/cat\u00e9gories-de-produits\/embouts-et-accessoires\/\"},{\"@type\":\"ListItem\",\"position\":4,\"name\":\"Comprim\u00e9s Pour Hydropulseur Blanchiment Dentaire\",\"item\":\"https:\/\/waterpik.be\/fr\/cat\u00e9gories-de-produits\/embouts-et-accessoires\/comprimes-pour-hydropulseur-blanchiment-dentaire\/\"},{\"@type\":\"ListItem\",\"position\":5,\"name\":\"WT-30 Comprim\u00e9s Pour Hydropulseur Blanchiment Dentaire\"}]},{\"@type\":\"WebSite\",\"@id\":\"https:\/\/waterpik.be\/#website\",\"url\":\"https:\/\/waterpik.be\/\",\"name\":\"Waterpik Waterflosser\",\"description\":\"Poetsen alleen is niet genoeg\",\"potentialAction\":[{\"@type\":\"SearchAction\",\"target\":{\"@type\":\"EntryPoint\",\"urlTemplate\":\"https:\/\/waterpik.be\/?s={search_term_string}\"},\"query-input\":{\"@type\":\"PropertyValueSpecification\",\"valueRequired\":true,\"valueName\":\"search_term_string\"}}],\"inLanguage\":\"fr-FR\"}]}<\/script>\n<!-- \/ Yoast SEO plugin. -->","yoast_head_json":{"title":"WT-30 Comprim\u00e9s Pour Hydropulseur Blanchiment Dentaire - Waterpik Waterflosser","description":"Herstelt de natuurlijke witheid in slechts vier weken. Klinisch bewezen, verwijdert 25% meerverkleuringen dan alleen poetsen. Frisse mint smaak.","robots":{"index":"index","follow":"follow","max-snippet":"max-snippet:-1","max-image-preview":"max-image-preview:large","max-video-preview":"max-video-preview:-1"},"canonical":"https:\/\/waterpik.be\/fr\/products\/wt-30-comprimes-pour-hydropulseur-blanchiment-dentaire\/","og_locale":"fr_FR","og_type":"article","og_title":"WT-30 Comprim\u00e9s Pour Hydropulseur Blanchiment Dentaire - Waterpik Waterflosser","og_description":"Herstelt de natuurlijke witheid in slechts vier weken. Klinisch bewezen, verwijdert 25% meerverkleuringen dan alleen poetsen. Frisse mint smaak.","og_url":"https:\/\/waterpik.be\/fr\/products\/wt-30-comprimes-pour-hydropulseur-blanchiment-dentaire\/","og_site_name":"Waterpik Waterflosser","article_modified_time":"2020-12-22T10:32:33+00:00","og_image":[{"width":600,"height":607,"url":"https:\/\/waterpik.be\/wp-content\/uploads\/2019\/04\/Whitening-tablets-WF-05.jpg","type":"image\/jpeg"}],"twitter_card":"summary_large_image","schema":{"@context":"https:\/\/schema.org","@graph":[{"@type":"WebPage","@id":"https:\/\/waterpik.be\/fr\/products\/wt-30-comprimes-pour-hydropulseur-blanchiment-dentaire\/","url":"https:\/\/waterpik.be\/fr\/products\/wt-30-comprimes-pour-hydropulseur-blanchiment-dentaire\/","name":"WT-30 Comprim\u00e9s Pour Hydropulseur Blanchiment Dentaire - Waterpik Waterflosser","isPartOf":{"@id":"https:\/\/waterpik.be\/#website"},"primaryImageOfPage":{"@id":"https:\/\/waterpik.be\/fr\/products\/wt-30-comprimes-pour-hydropulseur-blanchiment-dentaire\/#primaryimage"},"image":{"@id":"https:\/\/waterpik.be\/fr\/products\/wt-30-comprimes-pour-hydropulseur-blanchiment-dentaire\/#primaryimage"},"thumbnailUrl":"https:\/\/waterpik.be\/wp-content\/uploads\/2019\/04\/Whitening-tablets-WF-05.jpg","datePublished":"2019-04-02T19:27:37+00:00","dateModified":"2020-12-22T10:32:33+00:00","description":"Herstelt de natuurlijke witheid in slechts vier weken. Klinisch bewezen, verwijdert 25% meerverkleuringen dan alleen poetsen. Frisse mint smaak.","breadcrumb":{"@id":"https:\/\/waterpik.be\/fr\/products\/wt-30-comprimes-pour-hydropulseur-blanchiment-dentaire\/#breadcrumb"},"inLanguage":"fr-FR","potentialAction":[{"@type":"ReadAction","target":["https:\/\/waterpik.be\/fr\/products\/wt-30-comprimes-pour-hydropulseur-blanchiment-dentaire\/"]}]},{"@type":"ImageObject","inLanguage":"fr-FR","@id":"https:\/\/waterpik.be\/fr\/products\/wt-30-comprimes-pour-hydropulseur-blanchiment-dentaire\/#primaryimage","url":"https:\/\/waterpik.be\/wp-content\/uploads\/2019\/04\/Whitening-tablets-WF-05.jpg","contentUrl":"https:\/\/waterpik.be\/wp-content\/uploads\/2019\/04\/Whitening-tablets-WF-05.jpg","width":600,"height":607},{"@type":"BreadcrumbList","@id":"https:\/\/waterpik.be\/fr\/products\/wt-30-comprimes-pour-hydropulseur-blanchiment-dentaire\/#breadcrumb","itemListElement":[{"@type":"ListItem","position":1,"name":"Home","item":"https:\/\/waterpik.be\/fr\/"},{"@type":"ListItem","position":2,"name":"Boutique","item":"https:\/\/waterpik.be\/fr\/boutique\/"},{"@type":"ListItem","position":3,"name":"Embouts et accessoires","item":"https:\/\/waterpik.be\/fr\/cat\u00e9gories-de-produits\/embouts-et-accessoires\/"},{"@type":"ListItem","position":4,"name":"Comprim\u00e9s Pour Hydropulseur Blanchiment Dentaire","item":"https:\/\/waterpik.be\/fr\/cat\u00e9gories-de-produits\/embouts-et-accessoires\/comprimes-pour-hydropulseur-blanchiment-dentaire\/"},{"@type":"ListItem","position":5,"name":"WT-30 Comprim\u00e9s Pour Hydropulseur Blanchiment Dentaire"}]},{"@type":"WebSite","@id":"https:\/\/waterpik.be\/#website","url":"https:\/\/waterpik.be\/","name":"Waterpik Waterflosser","description":"Poetsen alleen is niet genoeg","potentialAction":[{"@type":"SearchAction","target":{"@type":"EntryPoint","urlTemplate":"https:\/\/waterpik.be\/?s={search_term_string}"},"query-input":{"@type":"PropertyValueSpecification","valueRequired":true,"valueName":"search_term_string"}}],"inLanguage":"fr-FR"}]}},"_links":{"self":[{"href":"https:\/\/waterpik.be\/fr\/wp-json\/wp\/v2\/product\/5644","targetHints":{"allow":["GET"]}}],"collection":[{"href":"https:\/\/waterpik.be\/fr\/wp-json\/wp\/v2\/product"}],"about":[{"href":"https:\/\/waterpik.be\/fr\/wp-json\/wp\/v2\/types\/product"}],"replies":[{"embeddable":true,"href":"https:\/\/waterpik.be\/fr\/wp-json\/wp\/v2\/comments?post=5644"}],"wp:featuredmedia":[{"embeddable":true,"href":"https:\/\/waterpik.be\/fr\/wp-json\/wp\/v2\/media\/5645"}],"wp:attachment":[{"href":"https:\/\/waterpik.be\/fr\/wp-json\/wp\/v2\/media?parent=5644"}],"wp:term":[{"taxonomy":"product_brand","embeddable":true,"href":"https:\/\/waterpik.be\/fr\/wp-json\/wp\/v2\/product_brand?post=5644"},{"taxonomy":"product_cat","embeddable":true,"href":"https:\/\/waterpik.be\/fr\/wp-json\/wp\/v2\/product_cat?post=5644"},{"taxonomy":"product_tag","embeddable":true,"href":"https:\/\/waterpik.be\/fr\/wp-json\/wp\/v2\/product_tag?post=5644"}],"curies":[{"name":"wp","href":"https:\/\/api.w.org\/{rel}","templated":true}]}}