{"id":5648,"date":"2019-04-02T21:27:11","date_gmt":"2019-04-02T19:27:11","guid":{"rendered":"http:\/\/waterpik.be\/products\/jt-100\/"},"modified":"2020-12-22T11:37:06","modified_gmt":"2020-12-22T10:37:06","slug":"jt-100-embout-jet-classique","status":"publish","type":"product","link":"https:\/\/waterpik.be\/fr\/products\/jt-100-embout-jet-classique\/","title":{"rendered":"JT-100 Embout Jet Classique"},"content":{"rendered":"","protected":false},"excerpt":{"rendered":"<p>Pour un usage g\u00e9n\u00e9ral. Nettoie en profondeur entre les dents et sous le sillon gingival. Cliniquement prouv\u00e9 deux fois plus efficace que le fil dentaire pour am\u00e9liorer la sant\u00e9 des gencives.<\/p>\n<p>Remplacer tous les six mois<\/p>\n","protected":false},"featured_media":5649,"comment_status":"open","ping_status":"closed","template":"","meta":{"_acf_changed":false},"product_brand":[],"product_cat":[267,271],"product_tag":[],"class_list":{"0":"post-5648","1":"product","2":"type-product","3":"status-publish","4":"has-post-thumbnail","6":"product_cat-embouts-et-accessoires","7":"product_cat-embouts","9":"first","10":"instock","11":"taxable","12":"shipping-taxable","13":"product-type-simple"},"acf":[],"yoast_head":"<!-- This site is optimized with the Yoast SEO plugin v26.7 - https:\/\/yoast.com\/wordpress\/plugins\/seo\/ -->\n<title>Classic Jet Waterflosser Tips JT-100 - Waterpik Online Store<\/title>\n<meta name=\"description\" content=\"Klinisch bewezen tweemaal zo effectief als flosdraad voor het verbeteren van de conditie van uw tandvlees. Voor gebruik met de meeste Waterpik Waterflossers, waaronder WP-100\/660.\" \/>\n<meta name=\"robots\" content=\"index, follow, max-snippet:-1, max-image-preview:large, max-video-preview:-1\" \/>\n<link rel=\"canonical\" href=\"https:\/\/waterpik.be\/fr\/products\/jt-100-embout-jet-classique\/\" \/>\n<meta property=\"og:locale\" content=\"fr_FR\" \/>\n<meta property=\"og:type\" content=\"article\" \/>\n<meta property=\"og:title\" content=\"Classic Jet Waterflosser Tips JT-100 - Waterpik Online Store\" \/>\n<meta property=\"og:description\" content=\"Klinisch bewezen tweemaal zo effectief als flosdraad voor het verbeteren van de conditie van uw tandvlees. Voor gebruik met de meeste Waterpik Waterflossers, waaronder WP-100\/660.\" \/>\n<meta property=\"og:url\" content=\"https:\/\/waterpik.be\/fr\/products\/jt-100-embout-jet-classique\/\" \/>\n<meta property=\"og:site_name\" content=\"Waterpik Waterflosser\" \/>\n<meta property=\"article:modified_time\" content=\"2020-12-22T10:37:06+00:00\" \/>\n<meta property=\"og:image\" content=\"https:\/\/waterpik.be\/wp-content\/uploads\/2019\/04\/JT-100E-waterpik-classic-jet-tip-9.jpg\" \/>\n\t<meta property=\"og:image:width\" content=\"140\" \/>\n\t<meta property=\"og:image:height\" content=\"317\" \/>\n\t<meta property=\"og:image:type\" content=\"image\/jpeg\" \/>\n<meta name=\"twitter:card\" content=\"summary_large_image\" \/>\n<script type=\"application\/ld+json\" class=\"yoast-schema-graph\">{\"@context\":\"https:\/\/schema.org\",\"@graph\":[{\"@type\":\"WebPage\",\"@id\":\"https:\/\/waterpik.be\/fr\/products\/jt-100-embout-jet-classique\/\",\"url\":\"https:\/\/waterpik.be\/fr\/products\/jt-100-embout-jet-classique\/\",\"name\":\"Classic Jet Waterflosser Tips JT-100 - Waterpik Online Store\",\"isPartOf\":{\"@id\":\"https:\/\/waterpik.be\/#website\"},\"primaryImageOfPage\":{\"@id\":\"https:\/\/waterpik.be\/fr\/products\/jt-100-embout-jet-classique\/#primaryimage\"},\"image\":{\"@id\":\"https:\/\/waterpik.be\/fr\/products\/jt-100-embout-jet-classique\/#primaryimage\"},\"thumbnailUrl\":\"https:\/\/waterpik.be\/wp-content\/uploads\/2019\/04\/JT-100E-waterpik-classic-jet-tip-9.jpg\",\"datePublished\":\"2019-04-02T19:27:11+00:00\",\"dateModified\":\"2020-12-22T10:37:06+00:00\",\"description\":\"Klinisch bewezen tweemaal zo effectief als flosdraad voor het verbeteren van de conditie van uw tandvlees. Voor gebruik met de meeste Waterpik Waterflossers, waaronder WP-100\/660.\",\"breadcrumb\":{\"@id\":\"https:\/\/waterpik.be\/fr\/products\/jt-100-embout-jet-classique\/#breadcrumb\"},\"inLanguage\":\"fr-FR\",\"potentialAction\":[{\"@type\":\"ReadAction\",\"target\":[\"https:\/\/waterpik.be\/fr\/products\/jt-100-embout-jet-classique\/\"]}]},{\"@type\":\"ImageObject\",\"inLanguage\":\"fr-FR\",\"@id\":\"https:\/\/waterpik.be\/fr\/products\/jt-100-embout-jet-classique\/#primaryimage\",\"url\":\"https:\/\/waterpik.be\/wp-content\/uploads\/2019\/04\/JT-100E-waterpik-classic-jet-tip-9.jpg\",\"contentUrl\":\"https:\/\/waterpik.be\/wp-content\/uploads\/2019\/04\/JT-100E-waterpik-classic-jet-tip-9.jpg\",\"width\":140,\"height\":317},{\"@type\":\"BreadcrumbList\",\"@id\":\"https:\/\/waterpik.be\/fr\/products\/jt-100-embout-jet-classique\/#breadcrumb\",\"itemListElement\":[{\"@type\":\"ListItem\",\"position\":1,\"name\":\"Home\",\"item\":\"https:\/\/waterpik.be\/fr\/\"},{\"@type\":\"ListItem\",\"position\":2,\"name\":\"Boutique\",\"item\":\"https:\/\/waterpik.be\/fr\/boutique\/\"},{\"@type\":\"ListItem\",\"position\":3,\"name\":\"Embouts et accessoires\",\"item\":\"https:\/\/waterpik.be\/fr\/cat\u00e9gories-de-produits\/embouts-et-accessoires\/\"},{\"@type\":\"ListItem\",\"position\":4,\"name\":\"Embouts\",\"item\":\"https:\/\/waterpik.be\/fr\/cat\u00e9gories-de-produits\/embouts-et-accessoires\/embouts\/\"},{\"@type\":\"ListItem\",\"position\":5,\"name\":\"JT-100 Embout Jet Classique\"}]},{\"@type\":\"WebSite\",\"@id\":\"https:\/\/waterpik.be\/#website\",\"url\":\"https:\/\/waterpik.be\/\",\"name\":\"Waterpik Waterflosser\",\"description\":\"Poetsen alleen is niet genoeg\",\"potentialAction\":[{\"@type\":\"SearchAction\",\"target\":{\"@type\":\"EntryPoint\",\"urlTemplate\":\"https:\/\/waterpik.be\/?s={search_term_string}\"},\"query-input\":{\"@type\":\"PropertyValueSpecification\",\"valueRequired\":true,\"valueName\":\"search_term_string\"}}],\"inLanguage\":\"fr-FR\"}]}<\/script>\n<!-- \/ Yoast SEO plugin. -->","yoast_head_json":{"title":"Classic Jet Waterflosser Tips JT-100 - Waterpik Online Store","description":"Klinisch bewezen tweemaal zo effectief als flosdraad voor het verbeteren van de conditie van uw tandvlees. Voor gebruik met de meeste Waterpik Waterflossers, waaronder WP-100\/660.","robots":{"index":"index","follow":"follow","max-snippet":"max-snippet:-1","max-image-preview":"max-image-preview:large","max-video-preview":"max-video-preview:-1"},"canonical":"https:\/\/waterpik.be\/fr\/products\/jt-100-embout-jet-classique\/","og_locale":"fr_FR","og_type":"article","og_title":"Classic Jet Waterflosser Tips JT-100 - Waterpik Online Store","og_description":"Klinisch bewezen tweemaal zo effectief als flosdraad voor het verbeteren van de conditie van uw tandvlees. Voor gebruik met de meeste Waterpik Waterflossers, waaronder WP-100\/660.","og_url":"https:\/\/waterpik.be\/fr\/products\/jt-100-embout-jet-classique\/","og_site_name":"Waterpik Waterflosser","article_modified_time":"2020-12-22T10:37:06+00:00","og_image":[{"width":140,"height":317,"url":"https:\/\/waterpik.be\/wp-content\/uploads\/2019\/04\/JT-100E-waterpik-classic-jet-tip-9.jpg","type":"image\/jpeg"}],"twitter_card":"summary_large_image","schema":{"@context":"https:\/\/schema.org","@graph":[{"@type":"WebPage","@id":"https:\/\/waterpik.be\/fr\/products\/jt-100-embout-jet-classique\/","url":"https:\/\/waterpik.be\/fr\/products\/jt-100-embout-jet-classique\/","name":"Classic Jet Waterflosser Tips JT-100 - Waterpik Online Store","isPartOf":{"@id":"https:\/\/waterpik.be\/#website"},"primaryImageOfPage":{"@id":"https:\/\/waterpik.be\/fr\/products\/jt-100-embout-jet-classique\/#primaryimage"},"image":{"@id":"https:\/\/waterpik.be\/fr\/products\/jt-100-embout-jet-classique\/#primaryimage"},"thumbnailUrl":"https:\/\/waterpik.be\/wp-content\/uploads\/2019\/04\/JT-100E-waterpik-classic-jet-tip-9.jpg","datePublished":"2019-04-02T19:27:11+00:00","dateModified":"2020-12-22T10:37:06+00:00","description":"Klinisch bewezen tweemaal zo effectief als flosdraad voor het verbeteren van de conditie van uw tandvlees. Voor gebruik met de meeste Waterpik Waterflossers, waaronder WP-100\/660.","breadcrumb":{"@id":"https:\/\/waterpik.be\/fr\/products\/jt-100-embout-jet-classique\/#breadcrumb"},"inLanguage":"fr-FR","potentialAction":[{"@type":"ReadAction","target":["https:\/\/waterpik.be\/fr\/products\/jt-100-embout-jet-classique\/"]}]},{"@type":"ImageObject","inLanguage":"fr-FR","@id":"https:\/\/waterpik.be\/fr\/products\/jt-100-embout-jet-classique\/#primaryimage","url":"https:\/\/waterpik.be\/wp-content\/uploads\/2019\/04\/JT-100E-waterpik-classic-jet-tip-9.jpg","contentUrl":"https:\/\/waterpik.be\/wp-content\/uploads\/2019\/04\/JT-100E-waterpik-classic-jet-tip-9.jpg","width":140,"height":317},{"@type":"BreadcrumbList","@id":"https:\/\/waterpik.be\/fr\/products\/jt-100-embout-jet-classique\/#breadcrumb","itemListElement":[{"@type":"ListItem","position":1,"name":"Home","item":"https:\/\/waterpik.be\/fr\/"},{"@type":"ListItem","position":2,"name":"Boutique","item":"https:\/\/waterpik.be\/fr\/boutique\/"},{"@type":"ListItem","position":3,"name":"Embouts et accessoires","item":"https:\/\/waterpik.be\/fr\/cat\u00e9gories-de-produits\/embouts-et-accessoires\/"},{"@type":"ListItem","position":4,"name":"Embouts","item":"https:\/\/waterpik.be\/fr\/cat\u00e9gories-de-produits\/embouts-et-accessoires\/embouts\/"},{"@type":"ListItem","position":5,"name":"JT-100 Embout Jet Classique"}]},{"@type":"WebSite","@id":"https:\/\/waterpik.be\/#website","url":"https:\/\/waterpik.be\/","name":"Waterpik Waterflosser","description":"Poetsen alleen is niet genoeg","potentialAction":[{"@type":"SearchAction","target":{"@type":"EntryPoint","urlTemplate":"https:\/\/waterpik.be\/?s={search_term_string}"},"query-input":{"@type":"PropertyValueSpecification","valueRequired":true,"valueName":"search_term_string"}}],"inLanguage":"fr-FR"}]}},"_links":{"self":[{"href":"https:\/\/waterpik.be\/fr\/wp-json\/wp\/v2\/product\/5648","targetHints":{"allow":["GET"]}}],"collection":[{"href":"https:\/\/waterpik.be\/fr\/wp-json\/wp\/v2\/product"}],"about":[{"href":"https:\/\/waterpik.be\/fr\/wp-json\/wp\/v2\/types\/product"}],"replies":[{"embeddable":true,"href":"https:\/\/waterpik.be\/fr\/wp-json\/wp\/v2\/comments?post=5648"}],"wp:featuredmedia":[{"embeddable":true,"href":"https:\/\/waterpik.be\/fr\/wp-json\/wp\/v2\/media\/5649"}],"wp:attachment":[{"href":"https:\/\/waterpik.be\/fr\/wp-json\/wp\/v2\/media?parent=5648"}],"wp:term":[{"taxonomy":"product_brand","embeddable":true,"href":"https:\/\/waterpik.be\/fr\/wp-json\/wp\/v2\/product_brand?post=5648"},{"taxonomy":"product_cat","embeddable":true,"href":"https:\/\/waterpik.be\/fr\/wp-json\/wp\/v2\/product_cat?post=5648"},{"taxonomy":"product_tag","embeddable":true,"href":"https:\/\/waterpik.be\/fr\/wp-json\/wp\/v2\/product_tag?post=5648"}],"curies":[{"name":"wp","href":"https:\/\/api.w.org\/{rel}","templated":true}]}}