{"id":5650,"date":"2019-04-02T21:27:10","date_gmt":"2019-04-02T19:27:10","guid":{"rendered":"http:\/\/waterpik.be\/products\/od-100\/"},"modified":"2020-12-22T11:37:11","modified_gmt":"2020-12-22T10:37:11","slug":"od-100-embout-orthodontique","status":"publish","type":"product","link":"https:\/\/waterpik.be\/fr\/products\/od-100-embout-orthodontique\/","title":{"rendered":"OD-100 Embout Orthodontique"},"content":{"rendered":"","protected":false},"excerpt":{"rendered":"<p>Pour les appareils et broches orthodontiques. Cliniquement prouv\u00e9 comme \u00e9liminant trois\u00a0fois plus de plaques compar\u00e9 au fil dentaire traditionnel et pour consid\u00e9rablement am\u00e9liorer la sant\u00e9 des gencives des patients recevant un traitement orthodontique.<\/p>\n<p>La brosse effil\u00e9e \u00e9limine la plaque dans les zones difficiles \u00e0 atteindre autour des bo\u00eetiers et arcs orthodontiques. Elle contribue \u00e9galement \u00e0 \u00e9liminer les bact\u00e9ries et les restes alimentaires autour des dents et sous le sillon gingival.<\/p>\n<p>Remplacer tous les trois mois.<\/p>\n","protected":false},"featured_media":5651,"comment_status":"open","ping_status":"closed","template":"","meta":{"_acf_changed":false},"product_brand":[],"product_cat":[267,271],"product_tag":[],"class_list":{"0":"post-5650","1":"product","2":"type-product","3":"status-publish","4":"has-post-thumbnail","6":"product_cat-embouts-et-accessoires","7":"product_cat-embouts","9":"first","10":"instock","11":"taxable","12":"shipping-taxable","13":"product-type-simple"},"acf":[],"yoast_head":"<!-- This site is optimized with the Yoast SEO plugin v26.7 - https:\/\/yoast.com\/wordpress\/plugins\/seo\/ -->\n<title>OD-100 Embout Orthodontique - Waterpik Waterflosser<\/title>\n<meta name=\"description\" content=\"De Orthodontische tip voor beugels. Driemaal zoveel tandplak verwijderen en gezonder tandvlees. Bekijk alle tips de site!\" \/>\n<meta name=\"robots\" content=\"index, follow, max-snippet:-1, max-image-preview:large, max-video-preview:-1\" \/>\n<link rel=\"canonical\" href=\"https:\/\/waterpik.be\/fr\/products\/od-100-embout-orthodontique\/\" \/>\n<meta property=\"og:locale\" content=\"fr_FR\" \/>\n<meta property=\"og:type\" content=\"article\" \/>\n<meta property=\"og:title\" content=\"OD-100 Embout Orthodontique - Waterpik Waterflosser\" \/>\n<meta property=\"og:description\" content=\"De Orthodontische tip voor beugels. Driemaal zoveel tandplak verwijderen en gezonder tandvlees. Bekijk alle tips de site!\" \/>\n<meta property=\"og:url\" content=\"https:\/\/waterpik.be\/fr\/products\/od-100-embout-orthodontique\/\" \/>\n<meta property=\"og:site_name\" content=\"Waterpik Waterflosser\" \/>\n<meta property=\"article:modified_time\" content=\"2020-12-22T10:37:11+00:00\" \/>\n<meta property=\"og:image\" content=\"https:\/\/waterpik.be\/wp-content\/uploads\/2019\/04\/OD-100E-waterpik-orthodontic-tip-9.jpg\" \/>\n\t<meta property=\"og:image:width\" content=\"165\" \/>\n\t<meta property=\"og:image:height\" content=\"318\" \/>\n\t<meta property=\"og:image:type\" content=\"image\/jpeg\" \/>\n<meta name=\"twitter:card\" content=\"summary_large_image\" \/>\n<script type=\"application\/ld+json\" class=\"yoast-schema-graph\">{\"@context\":\"https:\/\/schema.org\",\"@graph\":[{\"@type\":\"WebPage\",\"@id\":\"https:\/\/waterpik.be\/fr\/products\/od-100-embout-orthodontique\/\",\"url\":\"https:\/\/waterpik.be\/fr\/products\/od-100-embout-orthodontique\/\",\"name\":\"OD-100 Embout Orthodontique - Waterpik Waterflosser\",\"isPartOf\":{\"@id\":\"https:\/\/waterpik.be\/#website\"},\"primaryImageOfPage\":{\"@id\":\"https:\/\/waterpik.be\/fr\/products\/od-100-embout-orthodontique\/#primaryimage\"},\"image\":{\"@id\":\"https:\/\/waterpik.be\/fr\/products\/od-100-embout-orthodontique\/#primaryimage\"},\"thumbnailUrl\":\"https:\/\/waterpik.be\/wp-content\/uploads\/2019\/04\/OD-100E-waterpik-orthodontic-tip-9.jpg\",\"datePublished\":\"2019-04-02T19:27:10+00:00\",\"dateModified\":\"2020-12-22T10:37:11+00:00\",\"description\":\"De Orthodontische tip voor beugels. Driemaal zoveel tandplak verwijderen en gezonder tandvlees. Bekijk alle tips de site!\",\"breadcrumb\":{\"@id\":\"https:\/\/waterpik.be\/fr\/products\/od-100-embout-orthodontique\/#breadcrumb\"},\"inLanguage\":\"fr-FR\",\"potentialAction\":[{\"@type\":\"ReadAction\",\"target\":[\"https:\/\/waterpik.be\/fr\/products\/od-100-embout-orthodontique\/\"]}]},{\"@type\":\"ImageObject\",\"inLanguage\":\"fr-FR\",\"@id\":\"https:\/\/waterpik.be\/fr\/products\/od-100-embout-orthodontique\/#primaryimage\",\"url\":\"https:\/\/waterpik.be\/wp-content\/uploads\/2019\/04\/OD-100E-waterpik-orthodontic-tip-9.jpg\",\"contentUrl\":\"https:\/\/waterpik.be\/wp-content\/uploads\/2019\/04\/OD-100E-waterpik-orthodontic-tip-9.jpg\",\"width\":165,\"height\":318},{\"@type\":\"BreadcrumbList\",\"@id\":\"https:\/\/waterpik.be\/fr\/products\/od-100-embout-orthodontique\/#breadcrumb\",\"itemListElement\":[{\"@type\":\"ListItem\",\"position\":1,\"name\":\"Home\",\"item\":\"https:\/\/waterpik.be\/fr\/\"},{\"@type\":\"ListItem\",\"position\":2,\"name\":\"Boutique\",\"item\":\"https:\/\/waterpik.be\/fr\/boutique\/\"},{\"@type\":\"ListItem\",\"position\":3,\"name\":\"Embouts et accessoires\",\"item\":\"https:\/\/waterpik.be\/fr\/cat\u00e9gories-de-produits\/embouts-et-accessoires\/\"},{\"@type\":\"ListItem\",\"position\":4,\"name\":\"Embouts\",\"item\":\"https:\/\/waterpik.be\/fr\/cat\u00e9gories-de-produits\/embouts-et-accessoires\/embouts\/\"},{\"@type\":\"ListItem\",\"position\":5,\"name\":\"OD-100 Embout Orthodontique\"}]},{\"@type\":\"WebSite\",\"@id\":\"https:\/\/waterpik.be\/#website\",\"url\":\"https:\/\/waterpik.be\/\",\"name\":\"Waterpik Waterflosser\",\"description\":\"Poetsen alleen is niet genoeg\",\"potentialAction\":[{\"@type\":\"SearchAction\",\"target\":{\"@type\":\"EntryPoint\",\"urlTemplate\":\"https:\/\/waterpik.be\/?s={search_term_string}\"},\"query-input\":{\"@type\":\"PropertyValueSpecification\",\"valueRequired\":true,\"valueName\":\"search_term_string\"}}],\"inLanguage\":\"fr-FR\"}]}<\/script>\n<!-- \/ Yoast SEO plugin. -->","yoast_head_json":{"title":"OD-100 Embout Orthodontique - Waterpik Waterflosser","description":"De Orthodontische tip voor beugels. Driemaal zoveel tandplak verwijderen en gezonder tandvlees. Bekijk alle tips de site!","robots":{"index":"index","follow":"follow","max-snippet":"max-snippet:-1","max-image-preview":"max-image-preview:large","max-video-preview":"max-video-preview:-1"},"canonical":"https:\/\/waterpik.be\/fr\/products\/od-100-embout-orthodontique\/","og_locale":"fr_FR","og_type":"article","og_title":"OD-100 Embout Orthodontique - Waterpik Waterflosser","og_description":"De Orthodontische tip voor beugels. Driemaal zoveel tandplak verwijderen en gezonder tandvlees. Bekijk alle tips de site!","og_url":"https:\/\/waterpik.be\/fr\/products\/od-100-embout-orthodontique\/","og_site_name":"Waterpik Waterflosser","article_modified_time":"2020-12-22T10:37:11+00:00","og_image":[{"width":165,"height":318,"url":"https:\/\/waterpik.be\/wp-content\/uploads\/2019\/04\/OD-100E-waterpik-orthodontic-tip-9.jpg","type":"image\/jpeg"}],"twitter_card":"summary_large_image","schema":{"@context":"https:\/\/schema.org","@graph":[{"@type":"WebPage","@id":"https:\/\/waterpik.be\/fr\/products\/od-100-embout-orthodontique\/","url":"https:\/\/waterpik.be\/fr\/products\/od-100-embout-orthodontique\/","name":"OD-100 Embout Orthodontique - Waterpik Waterflosser","isPartOf":{"@id":"https:\/\/waterpik.be\/#website"},"primaryImageOfPage":{"@id":"https:\/\/waterpik.be\/fr\/products\/od-100-embout-orthodontique\/#primaryimage"},"image":{"@id":"https:\/\/waterpik.be\/fr\/products\/od-100-embout-orthodontique\/#primaryimage"},"thumbnailUrl":"https:\/\/waterpik.be\/wp-content\/uploads\/2019\/04\/OD-100E-waterpik-orthodontic-tip-9.jpg","datePublished":"2019-04-02T19:27:10+00:00","dateModified":"2020-12-22T10:37:11+00:00","description":"De Orthodontische tip voor beugels. Driemaal zoveel tandplak verwijderen en gezonder tandvlees. Bekijk alle tips de site!","breadcrumb":{"@id":"https:\/\/waterpik.be\/fr\/products\/od-100-embout-orthodontique\/#breadcrumb"},"inLanguage":"fr-FR","potentialAction":[{"@type":"ReadAction","target":["https:\/\/waterpik.be\/fr\/products\/od-100-embout-orthodontique\/"]}]},{"@type":"ImageObject","inLanguage":"fr-FR","@id":"https:\/\/waterpik.be\/fr\/products\/od-100-embout-orthodontique\/#primaryimage","url":"https:\/\/waterpik.be\/wp-content\/uploads\/2019\/04\/OD-100E-waterpik-orthodontic-tip-9.jpg","contentUrl":"https:\/\/waterpik.be\/wp-content\/uploads\/2019\/04\/OD-100E-waterpik-orthodontic-tip-9.jpg","width":165,"height":318},{"@type":"BreadcrumbList","@id":"https:\/\/waterpik.be\/fr\/products\/od-100-embout-orthodontique\/#breadcrumb","itemListElement":[{"@type":"ListItem","position":1,"name":"Home","item":"https:\/\/waterpik.be\/fr\/"},{"@type":"ListItem","position":2,"name":"Boutique","item":"https:\/\/waterpik.be\/fr\/boutique\/"},{"@type":"ListItem","position":3,"name":"Embouts et accessoires","item":"https:\/\/waterpik.be\/fr\/cat\u00e9gories-de-produits\/embouts-et-accessoires\/"},{"@type":"ListItem","position":4,"name":"Embouts","item":"https:\/\/waterpik.be\/fr\/cat\u00e9gories-de-produits\/embouts-et-accessoires\/embouts\/"},{"@type":"ListItem","position":5,"name":"OD-100 Embout Orthodontique"}]},{"@type":"WebSite","@id":"https:\/\/waterpik.be\/#website","url":"https:\/\/waterpik.be\/","name":"Waterpik Waterflosser","description":"Poetsen alleen is niet genoeg","potentialAction":[{"@type":"SearchAction","target":{"@type":"EntryPoint","urlTemplate":"https:\/\/waterpik.be\/?s={search_term_string}"},"query-input":{"@type":"PropertyValueSpecification","valueRequired":true,"valueName":"search_term_string"}}],"inLanguage":"fr-FR"}]}},"_links":{"self":[{"href":"https:\/\/waterpik.be\/fr\/wp-json\/wp\/v2\/product\/5650","targetHints":{"allow":["GET"]}}],"collection":[{"href":"https:\/\/waterpik.be\/fr\/wp-json\/wp\/v2\/product"}],"about":[{"href":"https:\/\/waterpik.be\/fr\/wp-json\/wp\/v2\/types\/product"}],"replies":[{"embeddable":true,"href":"https:\/\/waterpik.be\/fr\/wp-json\/wp\/v2\/comments?post=5650"}],"wp:featuredmedia":[{"embeddable":true,"href":"https:\/\/waterpik.be\/fr\/wp-json\/wp\/v2\/media\/5651"}],"wp:attachment":[{"href":"https:\/\/waterpik.be\/fr\/wp-json\/wp\/v2\/media?parent=5650"}],"wp:term":[{"taxonomy":"product_brand","embeddable":true,"href":"https:\/\/waterpik.be\/fr\/wp-json\/wp\/v2\/product_brand?post=5650"},{"taxonomy":"product_cat","embeddable":true,"href":"https:\/\/waterpik.be\/fr\/wp-json\/wp\/v2\/product_cat?post=5650"},{"taxonomy":"product_tag","embeddable":true,"href":"https:\/\/waterpik.be\/fr\/wp-json\/wp\/v2\/product_tag?post=5650"}],"curies":[{"name":"wp","href":"https:\/\/api.w.org\/{rel}","templated":true}]}}