{"id":5652,"date":"2019-04-02T21:27:10","date_gmt":"2019-04-02T19:27:10","guid":{"rendered":"http:\/\/waterpik.be\/products\/ps-100\/"},"modified":"2020-12-22T11:37:34","modified_gmt":"2020-12-22T10:37:34","slug":"ps-100-embout-plaque-seeker","status":"publish","type":"product","link":"https:\/\/waterpik.be\/fr\/products\/ps-100-embout-plaque-seeker\/","title":{"rendered":"PS-100 Embout Plaque Seeker\u2122"},"content":{"rendered":"","protected":false},"excerpt":{"rendered":"<p>Pour les implants, couronnes, bridges et autres proth\u00e8ses. Cliniquement prouv\u00e9 plus efficace que le fil dentaire pour am\u00e9liorer la sant\u00e9 des gencives, l\u2019embout Plaque Seeker\u2122 est con\u00e7u pour fournir les avantages de l\u2019eau puls\u00e9e.<\/p>\n<p>Il est dot\u00e9 de trois\u00a0touffes de poils minces pour nettoyer les plaques tenaces autour des implants, couronnes, bridges, facettes et autres zones particuli\u00e8rement propices \u00e0 l\u2019accumulation de plaque.<\/p>\n<p>Remplacer tous les trois mois<\/p>\n","protected":false},"featured_media":5656,"comment_status":"open","ping_status":"closed","template":"","meta":{"_acf_changed":false},"product_brand":[],"product_cat":[267,271],"product_tag":[],"class_list":{"0":"post-5652","1":"product","2":"type-product","3":"status-publish","4":"has-post-thumbnail","6":"product_cat-embouts-et-accessoires","7":"product_cat-embouts","9":"first","10":"instock","11":"taxable","12":"shipping-taxable","13":"product-type-simple"},"acf":[],"yoast_head":"<!-- This site is optimized with the Yoast SEO plugin v26.7 - https:\/\/yoast.com\/wordpress\/plugins\/seo\/ -->\n<title>Waterflosser opzetstuk Tandplak verwijderaar - Waterpik Online Store<\/title>\n<meta name=\"description\" content=\"Voor implantaten, kronen, bruggen en andere reconstructies. Voor gebruik met de meeste Waterpik Waterflossers.\" \/>\n<meta name=\"robots\" content=\"index, follow, max-snippet:-1, max-image-preview:large, max-video-preview:-1\" \/>\n<link rel=\"canonical\" href=\"https:\/\/waterpik.be\/fr\/products\/ps-100-embout-plaque-seeker\/\" \/>\n<meta property=\"og:locale\" content=\"fr_FR\" \/>\n<meta property=\"og:type\" content=\"article\" \/>\n<meta property=\"og:title\" content=\"Waterflosser opzetstuk Tandplak verwijderaar - Waterpik Online Store\" \/>\n<meta property=\"og:description\" content=\"Voor implantaten, kronen, bruggen en andere reconstructies. Voor gebruik met de meeste Waterpik Waterflossers.\" \/>\n<meta property=\"og:url\" content=\"https:\/\/waterpik.be\/fr\/products\/ps-100-embout-plaque-seeker\/\" \/>\n<meta property=\"og:site_name\" content=\"Waterpik Waterflosser\" \/>\n<meta property=\"article:modified_time\" content=\"2020-12-22T10:37:34+00:00\" \/>\n<meta property=\"og:image\" content=\"https:\/\/waterpik.be\/wp-content\/uploads\/2019\/04\/PS-100E-waterpik-plaque-seeker-tip-9.jpg\" \/>\n\t<meta property=\"og:image:width\" content=\"151\" \/>\n\t<meta property=\"og:image:height\" content=\"334\" \/>\n\t<meta property=\"og:image:type\" content=\"image\/jpeg\" \/>\n<meta name=\"twitter:card\" content=\"summary_large_image\" \/>\n<script type=\"application\/ld+json\" class=\"yoast-schema-graph\">{\"@context\":\"https:\/\/schema.org\",\"@graph\":[{\"@type\":\"WebPage\",\"@id\":\"https:\/\/waterpik.be\/fr\/products\/ps-100-embout-plaque-seeker\/\",\"url\":\"https:\/\/waterpik.be\/fr\/products\/ps-100-embout-plaque-seeker\/\",\"name\":\"Waterflosser opzetstuk Tandplak verwijderaar - Waterpik Online Store\",\"isPartOf\":{\"@id\":\"https:\/\/waterpik.be\/#website\"},\"primaryImageOfPage\":{\"@id\":\"https:\/\/waterpik.be\/fr\/products\/ps-100-embout-plaque-seeker\/#primaryimage\"},\"image\":{\"@id\":\"https:\/\/waterpik.be\/fr\/products\/ps-100-embout-plaque-seeker\/#primaryimage\"},\"thumbnailUrl\":\"https:\/\/waterpik.be\/wp-content\/uploads\/2019\/04\/PS-100E-waterpik-plaque-seeker-tip-9.jpg\",\"datePublished\":\"2019-04-02T19:27:10+00:00\",\"dateModified\":\"2020-12-22T10:37:34+00:00\",\"description\":\"Voor implantaten, kronen, bruggen en andere reconstructies. Voor gebruik met de meeste Waterpik Waterflossers.\",\"breadcrumb\":{\"@id\":\"https:\/\/waterpik.be\/fr\/products\/ps-100-embout-plaque-seeker\/#breadcrumb\"},\"inLanguage\":\"fr-FR\",\"potentialAction\":[{\"@type\":\"ReadAction\",\"target\":[\"https:\/\/waterpik.be\/fr\/products\/ps-100-embout-plaque-seeker\/\"]}]},{\"@type\":\"ImageObject\",\"inLanguage\":\"fr-FR\",\"@id\":\"https:\/\/waterpik.be\/fr\/products\/ps-100-embout-plaque-seeker\/#primaryimage\",\"url\":\"https:\/\/waterpik.be\/wp-content\/uploads\/2019\/04\/PS-100E-waterpik-plaque-seeker-tip-9.jpg\",\"contentUrl\":\"https:\/\/waterpik.be\/wp-content\/uploads\/2019\/04\/PS-100E-waterpik-plaque-seeker-tip-9.jpg\",\"width\":151,\"height\":334},{\"@type\":\"BreadcrumbList\",\"@id\":\"https:\/\/waterpik.be\/fr\/products\/ps-100-embout-plaque-seeker\/#breadcrumb\",\"itemListElement\":[{\"@type\":\"ListItem\",\"position\":1,\"name\":\"Home\",\"item\":\"https:\/\/waterpik.be\/fr\/\"},{\"@type\":\"ListItem\",\"position\":2,\"name\":\"Boutique\",\"item\":\"https:\/\/waterpik.be\/fr\/boutique\/\"},{\"@type\":\"ListItem\",\"position\":3,\"name\":\"Embouts et accessoires\",\"item\":\"https:\/\/waterpik.be\/fr\/cat\u00e9gories-de-produits\/embouts-et-accessoires\/\"},{\"@type\":\"ListItem\",\"position\":4,\"name\":\"Embouts\",\"item\":\"https:\/\/waterpik.be\/fr\/cat\u00e9gories-de-produits\/embouts-et-accessoires\/embouts\/\"},{\"@type\":\"ListItem\",\"position\":5,\"name\":\"PS-100 Embout Plaque Seeker\u2122\"}]},{\"@type\":\"WebSite\",\"@id\":\"https:\/\/waterpik.be\/#website\",\"url\":\"https:\/\/waterpik.be\/\",\"name\":\"Waterpik Waterflosser\",\"description\":\"Poetsen alleen is niet genoeg\",\"potentialAction\":[{\"@type\":\"SearchAction\",\"target\":{\"@type\":\"EntryPoint\",\"urlTemplate\":\"https:\/\/waterpik.be\/?s={search_term_string}\"},\"query-input\":{\"@type\":\"PropertyValueSpecification\",\"valueRequired\":true,\"valueName\":\"search_term_string\"}}],\"inLanguage\":\"fr-FR\"}]}<\/script>\n<!-- \/ Yoast SEO plugin. -->","yoast_head_json":{"title":"Waterflosser opzetstuk Tandplak verwijderaar - Waterpik Online Store","description":"Voor implantaten, kronen, bruggen en andere reconstructies. Voor gebruik met de meeste Waterpik Waterflossers.","robots":{"index":"index","follow":"follow","max-snippet":"max-snippet:-1","max-image-preview":"max-image-preview:large","max-video-preview":"max-video-preview:-1"},"canonical":"https:\/\/waterpik.be\/fr\/products\/ps-100-embout-plaque-seeker\/","og_locale":"fr_FR","og_type":"article","og_title":"Waterflosser opzetstuk Tandplak verwijderaar - Waterpik Online Store","og_description":"Voor implantaten, kronen, bruggen en andere reconstructies. Voor gebruik met de meeste Waterpik Waterflossers.","og_url":"https:\/\/waterpik.be\/fr\/products\/ps-100-embout-plaque-seeker\/","og_site_name":"Waterpik Waterflosser","article_modified_time":"2020-12-22T10:37:34+00:00","og_image":[{"width":151,"height":334,"url":"https:\/\/waterpik.be\/wp-content\/uploads\/2019\/04\/PS-100E-waterpik-plaque-seeker-tip-9.jpg","type":"image\/jpeg"}],"twitter_card":"summary_large_image","schema":{"@context":"https:\/\/schema.org","@graph":[{"@type":"WebPage","@id":"https:\/\/waterpik.be\/fr\/products\/ps-100-embout-plaque-seeker\/","url":"https:\/\/waterpik.be\/fr\/products\/ps-100-embout-plaque-seeker\/","name":"Waterflosser opzetstuk Tandplak verwijderaar - Waterpik Online Store","isPartOf":{"@id":"https:\/\/waterpik.be\/#website"},"primaryImageOfPage":{"@id":"https:\/\/waterpik.be\/fr\/products\/ps-100-embout-plaque-seeker\/#primaryimage"},"image":{"@id":"https:\/\/waterpik.be\/fr\/products\/ps-100-embout-plaque-seeker\/#primaryimage"},"thumbnailUrl":"https:\/\/waterpik.be\/wp-content\/uploads\/2019\/04\/PS-100E-waterpik-plaque-seeker-tip-9.jpg","datePublished":"2019-04-02T19:27:10+00:00","dateModified":"2020-12-22T10:37:34+00:00","description":"Voor implantaten, kronen, bruggen en andere reconstructies. Voor gebruik met de meeste Waterpik Waterflossers.","breadcrumb":{"@id":"https:\/\/waterpik.be\/fr\/products\/ps-100-embout-plaque-seeker\/#breadcrumb"},"inLanguage":"fr-FR","potentialAction":[{"@type":"ReadAction","target":["https:\/\/waterpik.be\/fr\/products\/ps-100-embout-plaque-seeker\/"]}]},{"@type":"ImageObject","inLanguage":"fr-FR","@id":"https:\/\/waterpik.be\/fr\/products\/ps-100-embout-plaque-seeker\/#primaryimage","url":"https:\/\/waterpik.be\/wp-content\/uploads\/2019\/04\/PS-100E-waterpik-plaque-seeker-tip-9.jpg","contentUrl":"https:\/\/waterpik.be\/wp-content\/uploads\/2019\/04\/PS-100E-waterpik-plaque-seeker-tip-9.jpg","width":151,"height":334},{"@type":"BreadcrumbList","@id":"https:\/\/waterpik.be\/fr\/products\/ps-100-embout-plaque-seeker\/#breadcrumb","itemListElement":[{"@type":"ListItem","position":1,"name":"Home","item":"https:\/\/waterpik.be\/fr\/"},{"@type":"ListItem","position":2,"name":"Boutique","item":"https:\/\/waterpik.be\/fr\/boutique\/"},{"@type":"ListItem","position":3,"name":"Embouts et accessoires","item":"https:\/\/waterpik.be\/fr\/cat\u00e9gories-de-produits\/embouts-et-accessoires\/"},{"@type":"ListItem","position":4,"name":"Embouts","item":"https:\/\/waterpik.be\/fr\/cat\u00e9gories-de-produits\/embouts-et-accessoires\/embouts\/"},{"@type":"ListItem","position":5,"name":"PS-100 Embout Plaque Seeker\u2122"}]},{"@type":"WebSite","@id":"https:\/\/waterpik.be\/#website","url":"https:\/\/waterpik.be\/","name":"Waterpik Waterflosser","description":"Poetsen alleen is niet genoeg","potentialAction":[{"@type":"SearchAction","target":{"@type":"EntryPoint","urlTemplate":"https:\/\/waterpik.be\/?s={search_term_string}"},"query-input":{"@type":"PropertyValueSpecification","valueRequired":true,"valueName":"search_term_string"}}],"inLanguage":"fr-FR"}]}},"_links":{"self":[{"href":"https:\/\/waterpik.be\/fr\/wp-json\/wp\/v2\/product\/5652","targetHints":{"allow":["GET"]}}],"collection":[{"href":"https:\/\/waterpik.be\/fr\/wp-json\/wp\/v2\/product"}],"about":[{"href":"https:\/\/waterpik.be\/fr\/wp-json\/wp\/v2\/types\/product"}],"replies":[{"embeddable":true,"href":"https:\/\/waterpik.be\/fr\/wp-json\/wp\/v2\/comments?post=5652"}],"wp:featuredmedia":[{"embeddable":true,"href":"https:\/\/waterpik.be\/fr\/wp-json\/wp\/v2\/media\/5656"}],"wp:attachment":[{"href":"https:\/\/waterpik.be\/fr\/wp-json\/wp\/v2\/media?parent=5652"}],"wp:term":[{"taxonomy":"product_brand","embeddable":true,"href":"https:\/\/waterpik.be\/fr\/wp-json\/wp\/v2\/product_brand?post=5652"},{"taxonomy":"product_cat","embeddable":true,"href":"https:\/\/waterpik.be\/fr\/wp-json\/wp\/v2\/product_cat?post=5652"},{"taxonomy":"product_tag","embeddable":true,"href":"https:\/\/waterpik.be\/fr\/wp-json\/wp\/v2\/product_tag?post=5652"}],"curies":[{"name":"wp","href":"https:\/\/api.w.org\/{rel}","templated":true}]}}