{"id":5653,"date":"2019-04-02T21:27:10","date_gmt":"2019-04-02T19:27:10","guid":{"rendered":"http:\/\/waterpik.be\/products\/pp-100\/"},"modified":"2020-12-22T11:37:40","modified_gmt":"2020-12-22T10:37:40","slug":"pp-100-embout-pik-pocket","status":"publish","type":"product","link":"https:\/\/waterpik.be\/fr\/products\/pp-100-embout-pik-pocket\/","title":{"rendered":"PP-100 Embout Pik Pocket\u2122"},"content":{"rendered":"","protected":false},"excerpt":{"rendered":"<p>Pour les poches parodontales et les furcations. Une pointe en caoutchouc souple pour les rin\u00e7ages th\u00e9rapeutiques doux \u00e0 faible pression, sous le sillon gingival. Cliniquement prouv\u00e9 comme atteignant jusqu\u2019\u00e0 90\u00a0% d\u2019une poche de 6\u00a0mm.<\/p>\n<p>Remplacer tous les trois mois<\/p>\n","protected":false},"featured_media":5654,"comment_status":"open","ping_status":"closed","template":"","meta":{"_acf_changed":false},"product_brand":[],"product_cat":[267,271],"product_tag":[],"class_list":{"0":"post-5653","1":"product","2":"type-product","3":"status-publish","4":"has-post-thumbnail","6":"product_cat-embouts-et-accessoires","7":"product_cat-embouts","9":"first","10":"instock","11":"taxable","12":"shipping-taxable","13":"product-type-simple"},"acf":[],"yoast_head":"<!-- This site is optimized with the Yoast SEO plugin v26.7 - https:\/\/yoast.com\/wordpress\/plugins\/seo\/ -->\n<title>Waterflosser Tips Pik Pocket - Waterpik Online Store<\/title>\n<meta name=\"description\" content=\"Voor parodontale pockets en furcaties. Een zachtrubberen tip voor therapeutische spoelingen onder de tandvleesrand. Voor gebruik met de meeste Waterpik Waterflossers.\" \/>\n<meta name=\"robots\" content=\"index, follow, max-snippet:-1, max-image-preview:large, max-video-preview:-1\" \/>\n<link rel=\"canonical\" href=\"https:\/\/waterpik.be\/fr\/products\/pp-100-embout-pik-pocket\/\" \/>\n<meta property=\"og:locale\" content=\"fr_FR\" \/>\n<meta property=\"og:type\" content=\"article\" \/>\n<meta property=\"og:title\" content=\"Waterflosser Tips Pik Pocket - Waterpik Online Store\" \/>\n<meta property=\"og:description\" content=\"Voor parodontale pockets en furcaties. Een zachtrubberen tip voor therapeutische spoelingen onder de tandvleesrand. Voor gebruik met de meeste Waterpik Waterflossers.\" \/>\n<meta property=\"og:url\" content=\"https:\/\/waterpik.be\/fr\/products\/pp-100-embout-pik-pocket\/\" \/>\n<meta property=\"og:site_name\" content=\"Waterpik Waterflosser\" \/>\n<meta property=\"article:modified_time\" content=\"2020-12-22T10:37:40+00:00\" \/>\n<meta property=\"og:image\" content=\"https:\/\/waterpik.be\/wp-content\/uploads\/2019\/04\/PP-100E-waterpik-pik-pocket-tips-9.jpg\" \/>\n\t<meta property=\"og:image:width\" content=\"152\" \/>\n\t<meta property=\"og:image:height\" content=\"319\" \/>\n\t<meta property=\"og:image:type\" content=\"image\/jpeg\" \/>\n<meta name=\"twitter:card\" content=\"summary_large_image\" \/>\n<script type=\"application\/ld+json\" class=\"yoast-schema-graph\">{\"@context\":\"https:\/\/schema.org\",\"@graph\":[{\"@type\":\"WebPage\",\"@id\":\"https:\/\/waterpik.be\/fr\/products\/pp-100-embout-pik-pocket\/\",\"url\":\"https:\/\/waterpik.be\/fr\/products\/pp-100-embout-pik-pocket\/\",\"name\":\"Waterflosser Tips Pik Pocket - Waterpik Online Store\",\"isPartOf\":{\"@id\":\"https:\/\/waterpik.be\/#website\"},\"primaryImageOfPage\":{\"@id\":\"https:\/\/waterpik.be\/fr\/products\/pp-100-embout-pik-pocket\/#primaryimage\"},\"image\":{\"@id\":\"https:\/\/waterpik.be\/fr\/products\/pp-100-embout-pik-pocket\/#primaryimage\"},\"thumbnailUrl\":\"https:\/\/waterpik.be\/wp-content\/uploads\/2019\/04\/PP-100E-waterpik-pik-pocket-tips-9.jpg\",\"datePublished\":\"2019-04-02T19:27:10+00:00\",\"dateModified\":\"2020-12-22T10:37:40+00:00\",\"description\":\"Voor parodontale pockets en furcaties. Een zachtrubberen tip voor therapeutische spoelingen onder de tandvleesrand. Voor gebruik met de meeste Waterpik Waterflossers.\",\"breadcrumb\":{\"@id\":\"https:\/\/waterpik.be\/fr\/products\/pp-100-embout-pik-pocket\/#breadcrumb\"},\"inLanguage\":\"fr-FR\",\"potentialAction\":[{\"@type\":\"ReadAction\",\"target\":[\"https:\/\/waterpik.be\/fr\/products\/pp-100-embout-pik-pocket\/\"]}]},{\"@type\":\"ImageObject\",\"inLanguage\":\"fr-FR\",\"@id\":\"https:\/\/waterpik.be\/fr\/products\/pp-100-embout-pik-pocket\/#primaryimage\",\"url\":\"https:\/\/waterpik.be\/wp-content\/uploads\/2019\/04\/PP-100E-waterpik-pik-pocket-tips-9.jpg\",\"contentUrl\":\"https:\/\/waterpik.be\/wp-content\/uploads\/2019\/04\/PP-100E-waterpik-pik-pocket-tips-9.jpg\",\"width\":152,\"height\":319},{\"@type\":\"BreadcrumbList\",\"@id\":\"https:\/\/waterpik.be\/fr\/products\/pp-100-embout-pik-pocket\/#breadcrumb\",\"itemListElement\":[{\"@type\":\"ListItem\",\"position\":1,\"name\":\"Home\",\"item\":\"https:\/\/waterpik.be\/fr\/\"},{\"@type\":\"ListItem\",\"position\":2,\"name\":\"Boutique\",\"item\":\"https:\/\/waterpik.be\/fr\/boutique\/\"},{\"@type\":\"ListItem\",\"position\":3,\"name\":\"Embouts et accessoires\",\"item\":\"https:\/\/waterpik.be\/fr\/cat\u00e9gories-de-produits\/embouts-et-accessoires\/\"},{\"@type\":\"ListItem\",\"position\":4,\"name\":\"Embouts\",\"item\":\"https:\/\/waterpik.be\/fr\/cat\u00e9gories-de-produits\/embouts-et-accessoires\/embouts\/\"},{\"@type\":\"ListItem\",\"position\":5,\"name\":\"PP-100 Embout Pik Pocket\u2122\"}]},{\"@type\":\"WebSite\",\"@id\":\"https:\/\/waterpik.be\/#website\",\"url\":\"https:\/\/waterpik.be\/\",\"name\":\"Waterpik Waterflosser\",\"description\":\"Poetsen alleen is niet genoeg\",\"potentialAction\":[{\"@type\":\"SearchAction\",\"target\":{\"@type\":\"EntryPoint\",\"urlTemplate\":\"https:\/\/waterpik.be\/?s={search_term_string}\"},\"query-input\":{\"@type\":\"PropertyValueSpecification\",\"valueRequired\":true,\"valueName\":\"search_term_string\"}}],\"inLanguage\":\"fr-FR\"}]}<\/script>\n<!-- \/ Yoast SEO plugin. -->","yoast_head_json":{"title":"Waterflosser Tips Pik Pocket - Waterpik Online Store","description":"Voor parodontale pockets en furcaties. Een zachtrubberen tip voor therapeutische spoelingen onder de tandvleesrand. Voor gebruik met de meeste Waterpik Waterflossers.","robots":{"index":"index","follow":"follow","max-snippet":"max-snippet:-1","max-image-preview":"max-image-preview:large","max-video-preview":"max-video-preview:-1"},"canonical":"https:\/\/waterpik.be\/fr\/products\/pp-100-embout-pik-pocket\/","og_locale":"fr_FR","og_type":"article","og_title":"Waterflosser Tips Pik Pocket - Waterpik Online Store","og_description":"Voor parodontale pockets en furcaties. Een zachtrubberen tip voor therapeutische spoelingen onder de tandvleesrand. Voor gebruik met de meeste Waterpik Waterflossers.","og_url":"https:\/\/waterpik.be\/fr\/products\/pp-100-embout-pik-pocket\/","og_site_name":"Waterpik Waterflosser","article_modified_time":"2020-12-22T10:37:40+00:00","og_image":[{"width":152,"height":319,"url":"https:\/\/waterpik.be\/wp-content\/uploads\/2019\/04\/PP-100E-waterpik-pik-pocket-tips-9.jpg","type":"image\/jpeg"}],"twitter_card":"summary_large_image","schema":{"@context":"https:\/\/schema.org","@graph":[{"@type":"WebPage","@id":"https:\/\/waterpik.be\/fr\/products\/pp-100-embout-pik-pocket\/","url":"https:\/\/waterpik.be\/fr\/products\/pp-100-embout-pik-pocket\/","name":"Waterflosser Tips Pik Pocket - Waterpik Online Store","isPartOf":{"@id":"https:\/\/waterpik.be\/#website"},"primaryImageOfPage":{"@id":"https:\/\/waterpik.be\/fr\/products\/pp-100-embout-pik-pocket\/#primaryimage"},"image":{"@id":"https:\/\/waterpik.be\/fr\/products\/pp-100-embout-pik-pocket\/#primaryimage"},"thumbnailUrl":"https:\/\/waterpik.be\/wp-content\/uploads\/2019\/04\/PP-100E-waterpik-pik-pocket-tips-9.jpg","datePublished":"2019-04-02T19:27:10+00:00","dateModified":"2020-12-22T10:37:40+00:00","description":"Voor parodontale pockets en furcaties. Een zachtrubberen tip voor therapeutische spoelingen onder de tandvleesrand. Voor gebruik met de meeste Waterpik Waterflossers.","breadcrumb":{"@id":"https:\/\/waterpik.be\/fr\/products\/pp-100-embout-pik-pocket\/#breadcrumb"},"inLanguage":"fr-FR","potentialAction":[{"@type":"ReadAction","target":["https:\/\/waterpik.be\/fr\/products\/pp-100-embout-pik-pocket\/"]}]},{"@type":"ImageObject","inLanguage":"fr-FR","@id":"https:\/\/waterpik.be\/fr\/products\/pp-100-embout-pik-pocket\/#primaryimage","url":"https:\/\/waterpik.be\/wp-content\/uploads\/2019\/04\/PP-100E-waterpik-pik-pocket-tips-9.jpg","contentUrl":"https:\/\/waterpik.be\/wp-content\/uploads\/2019\/04\/PP-100E-waterpik-pik-pocket-tips-9.jpg","width":152,"height":319},{"@type":"BreadcrumbList","@id":"https:\/\/waterpik.be\/fr\/products\/pp-100-embout-pik-pocket\/#breadcrumb","itemListElement":[{"@type":"ListItem","position":1,"name":"Home","item":"https:\/\/waterpik.be\/fr\/"},{"@type":"ListItem","position":2,"name":"Boutique","item":"https:\/\/waterpik.be\/fr\/boutique\/"},{"@type":"ListItem","position":3,"name":"Embouts et accessoires","item":"https:\/\/waterpik.be\/fr\/cat\u00e9gories-de-produits\/embouts-et-accessoires\/"},{"@type":"ListItem","position":4,"name":"Embouts","item":"https:\/\/waterpik.be\/fr\/cat\u00e9gories-de-produits\/embouts-et-accessoires\/embouts\/"},{"@type":"ListItem","position":5,"name":"PP-100 Embout Pik Pocket\u2122"}]},{"@type":"WebSite","@id":"https:\/\/waterpik.be\/#website","url":"https:\/\/waterpik.be\/","name":"Waterpik Waterflosser","description":"Poetsen alleen is niet genoeg","potentialAction":[{"@type":"SearchAction","target":{"@type":"EntryPoint","urlTemplate":"https:\/\/waterpik.be\/?s={search_term_string}"},"query-input":{"@type":"PropertyValueSpecification","valueRequired":true,"valueName":"search_term_string"}}],"inLanguage":"fr-FR"}]}},"_links":{"self":[{"href":"https:\/\/waterpik.be\/fr\/wp-json\/wp\/v2\/product\/5653","targetHints":{"allow":["GET"]}}],"collection":[{"href":"https:\/\/waterpik.be\/fr\/wp-json\/wp\/v2\/product"}],"about":[{"href":"https:\/\/waterpik.be\/fr\/wp-json\/wp\/v2\/types\/product"}],"replies":[{"embeddable":true,"href":"https:\/\/waterpik.be\/fr\/wp-json\/wp\/v2\/comments?post=5653"}],"wp:featuredmedia":[{"embeddable":true,"href":"https:\/\/waterpik.be\/fr\/wp-json\/wp\/v2\/media\/5654"}],"wp:attachment":[{"href":"https:\/\/waterpik.be\/fr\/wp-json\/wp\/v2\/media?parent=5653"}],"wp:term":[{"taxonomy":"product_brand","embeddable":true,"href":"https:\/\/waterpik.be\/fr\/wp-json\/wp\/v2\/product_brand?post=5653"},{"taxonomy":"product_cat","embeddable":true,"href":"https:\/\/waterpik.be\/fr\/wp-json\/wp\/v2\/product_cat?post=5653"},{"taxonomy":"product_tag","embeddable":true,"href":"https:\/\/waterpik.be\/fr\/wp-json\/wp\/v2\/product_tag?post=5653"}],"curies":[{"name":"wp","href":"https:\/\/api.w.org\/{rel}","templated":true}]}}