{"id":5655,"date":"2019-04-02T21:27:10","date_gmt":"2019-04-02T19:27:10","guid":{"rendered":"http:\/\/waterpik.be\/products\/tb-100\/"},"modified":"2020-12-22T11:38:04","modified_gmt":"2020-12-22T10:38:04","slug":"tb-100-embout-de-brosse-a-dents-a-hydropropulseur","status":"publish","type":"product","link":"https:\/\/waterpik.be\/fr\/products\/tb-100-embout-de-brosse-a-dents-a-hydropropulseur\/","title":{"rendered":"TB-100 Embout de Brosse \u00e0 Dents \u00e0 Hydropropulseur"},"content":{"rendered":"","protected":false},"excerpt":{"rendered":"<p>L\u2019embout de brosse \u00e0 dents fixes permet \u00e0 l\u2019eau d\u2019\u00eatre projet\u00e9e \u00e0 travers la brosse pour nettoyer et rincer la surface des dents. Con\u00e7u pour vous permettre de brosser vos dents et de r\u00e9aliser une douche buccale en m\u00eame temps. \u00c0 utiliser avec ou sans dentifrice.<\/p>\n<p>Remplacer tous les trois mois.<\/p>\n","protected":false},"featured_media":5657,"comment_status":"open","ping_status":"closed","template":"","meta":{"_acf_changed":false},"product_brand":[],"product_cat":[267,271],"product_tag":[],"class_list":{"0":"post-5655","1":"product","2":"type-product","3":"status-publish","4":"has-post-thumbnail","6":"product_cat-embouts-et-accessoires","7":"product_cat-embouts","9":"first","10":"instock","11":"taxable","12":"shipping-taxable","13":"product-type-simple"},"acf":[],"yoast_head":"<!-- This site is optimized with the Yoast SEO plugin v26.7 - https:\/\/yoast.com\/wordpress\/plugins\/seo\/ -->\n<title>Tandenborsteltip Waterflosser - Waterpik Online Store<\/title>\n<meta name=\"description\" content=\"Zo ontworpen dat u tegelijkertijd kunt poetsen en waterflossen. Voor gebruik met de meeste Waterpik Waterflossers (met en zonder tandpasta).\" \/>\n<meta name=\"robots\" content=\"index, follow, max-snippet:-1, max-image-preview:large, max-video-preview:-1\" \/>\n<link rel=\"canonical\" href=\"https:\/\/waterpik.be\/fr\/products\/tb-100-embout-de-brosse-a-dents-a-hydropropulseur\/\" \/>\n<meta property=\"og:locale\" content=\"fr_FR\" \/>\n<meta property=\"og:type\" content=\"article\" \/>\n<meta property=\"og:title\" content=\"Tandenborsteltip Waterflosser - Waterpik Online Store\" \/>\n<meta property=\"og:description\" content=\"Zo ontworpen dat u tegelijkertijd kunt poetsen en waterflossen. Voor gebruik met de meeste Waterpik Waterflossers (met en zonder tandpasta).\" \/>\n<meta property=\"og:url\" content=\"https:\/\/waterpik.be\/fr\/products\/tb-100-embout-de-brosse-a-dents-a-hydropropulseur\/\" \/>\n<meta property=\"og:site_name\" content=\"Waterpik Waterflosser\" \/>\n<meta property=\"article:modified_time\" content=\"2020-12-22T10:38:04+00:00\" \/>\n<meta property=\"og:image\" content=\"https:\/\/waterpik.be\/wp-content\/uploads\/2019\/04\/TB-100E-waterpik-toothbrush-tip-9.jpg\" \/>\n\t<meta property=\"og:image:width\" content=\"114\" \/>\n\t<meta property=\"og:image:height\" content=\"297\" \/>\n\t<meta property=\"og:image:type\" content=\"image\/jpeg\" \/>\n<meta name=\"twitter:card\" content=\"summary_large_image\" \/>\n<script type=\"application\/ld+json\" class=\"yoast-schema-graph\">{\"@context\":\"https:\/\/schema.org\",\"@graph\":[{\"@type\":\"WebPage\",\"@id\":\"https:\/\/waterpik.be\/fr\/products\/tb-100-embout-de-brosse-a-dents-a-hydropropulseur\/\",\"url\":\"https:\/\/waterpik.be\/fr\/products\/tb-100-embout-de-brosse-a-dents-a-hydropropulseur\/\",\"name\":\"Tandenborsteltip Waterflosser - Waterpik Online Store\",\"isPartOf\":{\"@id\":\"https:\/\/waterpik.be\/#website\"},\"primaryImageOfPage\":{\"@id\":\"https:\/\/waterpik.be\/fr\/products\/tb-100-embout-de-brosse-a-dents-a-hydropropulseur\/#primaryimage\"},\"image\":{\"@id\":\"https:\/\/waterpik.be\/fr\/products\/tb-100-embout-de-brosse-a-dents-a-hydropropulseur\/#primaryimage\"},\"thumbnailUrl\":\"https:\/\/waterpik.be\/wp-content\/uploads\/2019\/04\/TB-100E-waterpik-toothbrush-tip-9.jpg\",\"datePublished\":\"2019-04-02T19:27:10+00:00\",\"dateModified\":\"2020-12-22T10:38:04+00:00\",\"description\":\"Zo ontworpen dat u tegelijkertijd kunt poetsen en waterflossen. Voor gebruik met de meeste Waterpik Waterflossers (met en zonder tandpasta).\",\"breadcrumb\":{\"@id\":\"https:\/\/waterpik.be\/fr\/products\/tb-100-embout-de-brosse-a-dents-a-hydropropulseur\/#breadcrumb\"},\"inLanguage\":\"fr-FR\",\"potentialAction\":[{\"@type\":\"ReadAction\",\"target\":[\"https:\/\/waterpik.be\/fr\/products\/tb-100-embout-de-brosse-a-dents-a-hydropropulseur\/\"]}]},{\"@type\":\"ImageObject\",\"inLanguage\":\"fr-FR\",\"@id\":\"https:\/\/waterpik.be\/fr\/products\/tb-100-embout-de-brosse-a-dents-a-hydropropulseur\/#primaryimage\",\"url\":\"https:\/\/waterpik.be\/wp-content\/uploads\/2019\/04\/TB-100E-waterpik-toothbrush-tip-9.jpg\",\"contentUrl\":\"https:\/\/waterpik.be\/wp-content\/uploads\/2019\/04\/TB-100E-waterpik-toothbrush-tip-9.jpg\",\"width\":114,\"height\":297},{\"@type\":\"BreadcrumbList\",\"@id\":\"https:\/\/waterpik.be\/fr\/products\/tb-100-embout-de-brosse-a-dents-a-hydropropulseur\/#breadcrumb\",\"itemListElement\":[{\"@type\":\"ListItem\",\"position\":1,\"name\":\"Home\",\"item\":\"https:\/\/waterpik.be\/fr\/\"},{\"@type\":\"ListItem\",\"position\":2,\"name\":\"Boutique\",\"item\":\"https:\/\/waterpik.be\/fr\/boutique\/\"},{\"@type\":\"ListItem\",\"position\":3,\"name\":\"Embouts et accessoires\",\"item\":\"https:\/\/waterpik.be\/fr\/cat\u00e9gories-de-produits\/embouts-et-accessoires\/\"},{\"@type\":\"ListItem\",\"position\":4,\"name\":\"Embouts\",\"item\":\"https:\/\/waterpik.be\/fr\/cat\u00e9gories-de-produits\/embouts-et-accessoires\/embouts\/\"},{\"@type\":\"ListItem\",\"position\":5,\"name\":\"TB-100 Embout de Brosse \u00e0 Dents \u00e0 Hydropropulseur\"}]},{\"@type\":\"WebSite\",\"@id\":\"https:\/\/waterpik.be\/#website\",\"url\":\"https:\/\/waterpik.be\/\",\"name\":\"Waterpik Waterflosser\",\"description\":\"Poetsen alleen is niet genoeg\",\"potentialAction\":[{\"@type\":\"SearchAction\",\"target\":{\"@type\":\"EntryPoint\",\"urlTemplate\":\"https:\/\/waterpik.be\/?s={search_term_string}\"},\"query-input\":{\"@type\":\"PropertyValueSpecification\",\"valueRequired\":true,\"valueName\":\"search_term_string\"}}],\"inLanguage\":\"fr-FR\"}]}<\/script>\n<!-- \/ Yoast SEO plugin. -->","yoast_head_json":{"title":"Tandenborsteltip Waterflosser - Waterpik Online Store","description":"Zo ontworpen dat u tegelijkertijd kunt poetsen en waterflossen. Voor gebruik met de meeste Waterpik Waterflossers (met en zonder tandpasta).","robots":{"index":"index","follow":"follow","max-snippet":"max-snippet:-1","max-image-preview":"max-image-preview:large","max-video-preview":"max-video-preview:-1"},"canonical":"https:\/\/waterpik.be\/fr\/products\/tb-100-embout-de-brosse-a-dents-a-hydropropulseur\/","og_locale":"fr_FR","og_type":"article","og_title":"Tandenborsteltip Waterflosser - Waterpik Online Store","og_description":"Zo ontworpen dat u tegelijkertijd kunt poetsen en waterflossen. Voor gebruik met de meeste Waterpik Waterflossers (met en zonder tandpasta).","og_url":"https:\/\/waterpik.be\/fr\/products\/tb-100-embout-de-brosse-a-dents-a-hydropropulseur\/","og_site_name":"Waterpik Waterflosser","article_modified_time":"2020-12-22T10:38:04+00:00","og_image":[{"width":114,"height":297,"url":"https:\/\/waterpik.be\/wp-content\/uploads\/2019\/04\/TB-100E-waterpik-toothbrush-tip-9.jpg","type":"image\/jpeg"}],"twitter_card":"summary_large_image","schema":{"@context":"https:\/\/schema.org","@graph":[{"@type":"WebPage","@id":"https:\/\/waterpik.be\/fr\/products\/tb-100-embout-de-brosse-a-dents-a-hydropropulseur\/","url":"https:\/\/waterpik.be\/fr\/products\/tb-100-embout-de-brosse-a-dents-a-hydropropulseur\/","name":"Tandenborsteltip Waterflosser - Waterpik Online Store","isPartOf":{"@id":"https:\/\/waterpik.be\/#website"},"primaryImageOfPage":{"@id":"https:\/\/waterpik.be\/fr\/products\/tb-100-embout-de-brosse-a-dents-a-hydropropulseur\/#primaryimage"},"image":{"@id":"https:\/\/waterpik.be\/fr\/products\/tb-100-embout-de-brosse-a-dents-a-hydropropulseur\/#primaryimage"},"thumbnailUrl":"https:\/\/waterpik.be\/wp-content\/uploads\/2019\/04\/TB-100E-waterpik-toothbrush-tip-9.jpg","datePublished":"2019-04-02T19:27:10+00:00","dateModified":"2020-12-22T10:38:04+00:00","description":"Zo ontworpen dat u tegelijkertijd kunt poetsen en waterflossen. Voor gebruik met de meeste Waterpik Waterflossers (met en zonder tandpasta).","breadcrumb":{"@id":"https:\/\/waterpik.be\/fr\/products\/tb-100-embout-de-brosse-a-dents-a-hydropropulseur\/#breadcrumb"},"inLanguage":"fr-FR","potentialAction":[{"@type":"ReadAction","target":["https:\/\/waterpik.be\/fr\/products\/tb-100-embout-de-brosse-a-dents-a-hydropropulseur\/"]}]},{"@type":"ImageObject","inLanguage":"fr-FR","@id":"https:\/\/waterpik.be\/fr\/products\/tb-100-embout-de-brosse-a-dents-a-hydropropulseur\/#primaryimage","url":"https:\/\/waterpik.be\/wp-content\/uploads\/2019\/04\/TB-100E-waterpik-toothbrush-tip-9.jpg","contentUrl":"https:\/\/waterpik.be\/wp-content\/uploads\/2019\/04\/TB-100E-waterpik-toothbrush-tip-9.jpg","width":114,"height":297},{"@type":"BreadcrumbList","@id":"https:\/\/waterpik.be\/fr\/products\/tb-100-embout-de-brosse-a-dents-a-hydropropulseur\/#breadcrumb","itemListElement":[{"@type":"ListItem","position":1,"name":"Home","item":"https:\/\/waterpik.be\/fr\/"},{"@type":"ListItem","position":2,"name":"Boutique","item":"https:\/\/waterpik.be\/fr\/boutique\/"},{"@type":"ListItem","position":3,"name":"Embouts et accessoires","item":"https:\/\/waterpik.be\/fr\/cat\u00e9gories-de-produits\/embouts-et-accessoires\/"},{"@type":"ListItem","position":4,"name":"Embouts","item":"https:\/\/waterpik.be\/fr\/cat\u00e9gories-de-produits\/embouts-et-accessoires\/embouts\/"},{"@type":"ListItem","position":5,"name":"TB-100 Embout de Brosse \u00e0 Dents \u00e0 Hydropropulseur"}]},{"@type":"WebSite","@id":"https:\/\/waterpik.be\/#website","url":"https:\/\/waterpik.be\/","name":"Waterpik Waterflosser","description":"Poetsen alleen is niet genoeg","potentialAction":[{"@type":"SearchAction","target":{"@type":"EntryPoint","urlTemplate":"https:\/\/waterpik.be\/?s={search_term_string}"},"query-input":{"@type":"PropertyValueSpecification","valueRequired":true,"valueName":"search_term_string"}}],"inLanguage":"fr-FR"}]}},"_links":{"self":[{"href":"https:\/\/waterpik.be\/fr\/wp-json\/wp\/v2\/product\/5655","targetHints":{"allow":["GET"]}}],"collection":[{"href":"https:\/\/waterpik.be\/fr\/wp-json\/wp\/v2\/product"}],"about":[{"href":"https:\/\/waterpik.be\/fr\/wp-json\/wp\/v2\/types\/product"}],"replies":[{"embeddable":true,"href":"https:\/\/waterpik.be\/fr\/wp-json\/wp\/v2\/comments?post=5655"}],"wp:featuredmedia":[{"embeddable":true,"href":"https:\/\/waterpik.be\/fr\/wp-json\/wp\/v2\/media\/5657"}],"wp:attachment":[{"href":"https:\/\/waterpik.be\/fr\/wp-json\/wp\/v2\/media?parent=5655"}],"wp:term":[{"taxonomy":"product_brand","embeddable":true,"href":"https:\/\/waterpik.be\/fr\/wp-json\/wp\/v2\/product_brand?post=5655"},{"taxonomy":"product_cat","embeddable":true,"href":"https:\/\/waterpik.be\/fr\/wp-json\/wp\/v2\/product_cat?post=5655"},{"taxonomy":"product_tag","embeddable":true,"href":"https:\/\/waterpik.be\/fr\/wp-json\/wp\/v2\/product_tag?post=5655"}],"curies":[{"name":"wp","href":"https:\/\/api.w.org\/{rel}","templated":true}]}}