{"id":5658,"date":"2019-04-02T21:27:10","date_gmt":"2019-04-02T19:27:10","guid":{"rendered":"http:\/\/waterpik.be\/products\/tc-100\/"},"modified":"2020-12-22T11:38:09","modified_gmt":"2020-12-22T10:38:09","slug":"tc-100-embout-gratte-langue","status":"publish","type":"product","link":"https:\/\/waterpik.be\/fr\/products\/tc-100-embout-gratte-langue\/","title":{"rendered":"TC-100 Embout Gratte-langue"},"content":{"rendered":"","protected":false},"excerpt":{"rendered":"<p>Pour une haleine fra\u00eeche. Gr\u00e2ce au grattage et au rin\u00e7age en douceur, la gratte-langue Waterpik\u00ae \u00e9limine les bact\u00e9ries et les compos\u00e9s sulfur\u00e9s qui se trouvent sur la langue et qui sont \u00e0 l\u2019origine de la mauvaise haleine. L\u2019usage quotidien peut aider \u00e0 pr\u00e9venir la mauvaise haleine.<\/p>\n<p>Remplacer tous les six mois.<\/p>\n","protected":false},"featured_media":5659,"comment_status":"open","ping_status":"closed","template":"","meta":{"_acf_changed":false},"product_brand":[],"product_cat":[267,271],"product_tag":[],"class_list":{"0":"post-5658","1":"product","2":"type-product","3":"status-publish","4":"has-post-thumbnail","6":"product_cat-embouts-et-accessoires","7":"product_cat-embouts","9":"first","10":"instock","11":"taxable","12":"shipping-taxable","13":"product-type-simple"},"acf":[],"yoast_head":"<!-- This site is optimized with the Yoast SEO plugin v26.7 - https:\/\/yoast.com\/wordpress\/plugins\/seo\/ -->\n<title>Tongreinigerstip voor Waterflosser- Waterpik Online Store<\/title>\n<meta name=\"description\" content=\"Voor een frisse adem. De Waterpik tongreinigerstip heeft een zachtschrapende en spoelende werking. U verwijdert bacteri\u00ebn en zwavelresten die een slechte adem veroorzaken.\" \/>\n<meta name=\"robots\" content=\"index, follow, max-snippet:-1, max-image-preview:large, max-video-preview:-1\" \/>\n<link rel=\"canonical\" href=\"https:\/\/waterpik.be\/fr\/products\/tc-100-embout-gratte-langue\/\" \/>\n<meta property=\"og:locale\" content=\"fr_FR\" \/>\n<meta property=\"og:type\" content=\"article\" \/>\n<meta property=\"og:title\" content=\"Tongreinigerstip voor Waterflosser- Waterpik Online Store\" \/>\n<meta property=\"og:description\" content=\"Voor een frisse adem. De Waterpik tongreinigerstip heeft een zachtschrapende en spoelende werking. U verwijdert bacteri\u00ebn en zwavelresten die een slechte adem veroorzaken.\" \/>\n<meta property=\"og:url\" content=\"https:\/\/waterpik.be\/fr\/products\/tc-100-embout-gratte-langue\/\" \/>\n<meta property=\"og:site_name\" content=\"Waterpik Waterflosser\" \/>\n<meta property=\"article:modified_time\" content=\"2020-12-22T10:38:09+00:00\" \/>\n<meta property=\"og:image\" content=\"https:\/\/waterpik.be\/wp-content\/uploads\/2019\/04\/TC-100E-waterpik-tongue-cleaner-9.jpg\" \/>\n\t<meta property=\"og:image:width\" content=\"136\" \/>\n\t<meta property=\"og:image:height\" content=\"300\" \/>\n\t<meta property=\"og:image:type\" content=\"image\/jpeg\" \/>\n<meta name=\"twitter:card\" content=\"summary_large_image\" \/>\n<script type=\"application\/ld+json\" class=\"yoast-schema-graph\">{\"@context\":\"https:\/\/schema.org\",\"@graph\":[{\"@type\":\"WebPage\",\"@id\":\"https:\/\/waterpik.be\/fr\/products\/tc-100-embout-gratte-langue\/\",\"url\":\"https:\/\/waterpik.be\/fr\/products\/tc-100-embout-gratte-langue\/\",\"name\":\"Tongreinigerstip voor Waterflosser- Waterpik Online Store\",\"isPartOf\":{\"@id\":\"https:\/\/waterpik.be\/#website\"},\"primaryImageOfPage\":{\"@id\":\"https:\/\/waterpik.be\/fr\/products\/tc-100-embout-gratte-langue\/#primaryimage\"},\"image\":{\"@id\":\"https:\/\/waterpik.be\/fr\/products\/tc-100-embout-gratte-langue\/#primaryimage\"},\"thumbnailUrl\":\"https:\/\/waterpik.be\/wp-content\/uploads\/2019\/04\/TC-100E-waterpik-tongue-cleaner-9.jpg\",\"datePublished\":\"2019-04-02T19:27:10+00:00\",\"dateModified\":\"2020-12-22T10:38:09+00:00\",\"description\":\"Voor een frisse adem. De Waterpik tongreinigerstip heeft een zachtschrapende en spoelende werking. U verwijdert bacteri\u00ebn en zwavelresten die een slechte adem veroorzaken.\",\"breadcrumb\":{\"@id\":\"https:\/\/waterpik.be\/fr\/products\/tc-100-embout-gratte-langue\/#breadcrumb\"},\"inLanguage\":\"fr-FR\",\"potentialAction\":[{\"@type\":\"ReadAction\",\"target\":[\"https:\/\/waterpik.be\/fr\/products\/tc-100-embout-gratte-langue\/\"]}]},{\"@type\":\"ImageObject\",\"inLanguage\":\"fr-FR\",\"@id\":\"https:\/\/waterpik.be\/fr\/products\/tc-100-embout-gratte-langue\/#primaryimage\",\"url\":\"https:\/\/waterpik.be\/wp-content\/uploads\/2019\/04\/TC-100E-waterpik-tongue-cleaner-9.jpg\",\"contentUrl\":\"https:\/\/waterpik.be\/wp-content\/uploads\/2019\/04\/TC-100E-waterpik-tongue-cleaner-9.jpg\",\"width\":136,\"height\":300},{\"@type\":\"BreadcrumbList\",\"@id\":\"https:\/\/waterpik.be\/fr\/products\/tc-100-embout-gratte-langue\/#breadcrumb\",\"itemListElement\":[{\"@type\":\"ListItem\",\"position\":1,\"name\":\"Home\",\"item\":\"https:\/\/waterpik.be\/fr\/\"},{\"@type\":\"ListItem\",\"position\":2,\"name\":\"Boutique\",\"item\":\"https:\/\/waterpik.be\/fr\/boutique\/\"},{\"@type\":\"ListItem\",\"position\":3,\"name\":\"Embouts et accessoires\",\"item\":\"https:\/\/waterpik.be\/fr\/cat\u00e9gories-de-produits\/embouts-et-accessoires\/\"},{\"@type\":\"ListItem\",\"position\":4,\"name\":\"Embouts\",\"item\":\"https:\/\/waterpik.be\/fr\/cat\u00e9gories-de-produits\/embouts-et-accessoires\/embouts\/\"},{\"@type\":\"ListItem\",\"position\":5,\"name\":\"TC-100 Embout Gratte-langue\"}]},{\"@type\":\"WebSite\",\"@id\":\"https:\/\/waterpik.be\/#website\",\"url\":\"https:\/\/waterpik.be\/\",\"name\":\"Waterpik Waterflosser\",\"description\":\"Poetsen alleen is niet genoeg\",\"potentialAction\":[{\"@type\":\"SearchAction\",\"target\":{\"@type\":\"EntryPoint\",\"urlTemplate\":\"https:\/\/waterpik.be\/?s={search_term_string}\"},\"query-input\":{\"@type\":\"PropertyValueSpecification\",\"valueRequired\":true,\"valueName\":\"search_term_string\"}}],\"inLanguage\":\"fr-FR\"}]}<\/script>\n<!-- \/ Yoast SEO plugin. -->","yoast_head_json":{"title":"Tongreinigerstip voor Waterflosser- Waterpik Online Store","description":"Voor een frisse adem. De Waterpik tongreinigerstip heeft een zachtschrapende en spoelende werking. U verwijdert bacteri\u00ebn en zwavelresten die een slechte adem veroorzaken.","robots":{"index":"index","follow":"follow","max-snippet":"max-snippet:-1","max-image-preview":"max-image-preview:large","max-video-preview":"max-video-preview:-1"},"canonical":"https:\/\/waterpik.be\/fr\/products\/tc-100-embout-gratte-langue\/","og_locale":"fr_FR","og_type":"article","og_title":"Tongreinigerstip voor Waterflosser- Waterpik Online Store","og_description":"Voor een frisse adem. De Waterpik tongreinigerstip heeft een zachtschrapende en spoelende werking. U verwijdert bacteri\u00ebn en zwavelresten die een slechte adem veroorzaken.","og_url":"https:\/\/waterpik.be\/fr\/products\/tc-100-embout-gratte-langue\/","og_site_name":"Waterpik Waterflosser","article_modified_time":"2020-12-22T10:38:09+00:00","og_image":[{"width":136,"height":300,"url":"https:\/\/waterpik.be\/wp-content\/uploads\/2019\/04\/TC-100E-waterpik-tongue-cleaner-9.jpg","type":"image\/jpeg"}],"twitter_card":"summary_large_image","schema":{"@context":"https:\/\/schema.org","@graph":[{"@type":"WebPage","@id":"https:\/\/waterpik.be\/fr\/products\/tc-100-embout-gratte-langue\/","url":"https:\/\/waterpik.be\/fr\/products\/tc-100-embout-gratte-langue\/","name":"Tongreinigerstip voor Waterflosser- Waterpik Online Store","isPartOf":{"@id":"https:\/\/waterpik.be\/#website"},"primaryImageOfPage":{"@id":"https:\/\/waterpik.be\/fr\/products\/tc-100-embout-gratte-langue\/#primaryimage"},"image":{"@id":"https:\/\/waterpik.be\/fr\/products\/tc-100-embout-gratte-langue\/#primaryimage"},"thumbnailUrl":"https:\/\/waterpik.be\/wp-content\/uploads\/2019\/04\/TC-100E-waterpik-tongue-cleaner-9.jpg","datePublished":"2019-04-02T19:27:10+00:00","dateModified":"2020-12-22T10:38:09+00:00","description":"Voor een frisse adem. De Waterpik tongreinigerstip heeft een zachtschrapende en spoelende werking. U verwijdert bacteri\u00ebn en zwavelresten die een slechte adem veroorzaken.","breadcrumb":{"@id":"https:\/\/waterpik.be\/fr\/products\/tc-100-embout-gratte-langue\/#breadcrumb"},"inLanguage":"fr-FR","potentialAction":[{"@type":"ReadAction","target":["https:\/\/waterpik.be\/fr\/products\/tc-100-embout-gratte-langue\/"]}]},{"@type":"ImageObject","inLanguage":"fr-FR","@id":"https:\/\/waterpik.be\/fr\/products\/tc-100-embout-gratte-langue\/#primaryimage","url":"https:\/\/waterpik.be\/wp-content\/uploads\/2019\/04\/TC-100E-waterpik-tongue-cleaner-9.jpg","contentUrl":"https:\/\/waterpik.be\/wp-content\/uploads\/2019\/04\/TC-100E-waterpik-tongue-cleaner-9.jpg","width":136,"height":300},{"@type":"BreadcrumbList","@id":"https:\/\/waterpik.be\/fr\/products\/tc-100-embout-gratte-langue\/#breadcrumb","itemListElement":[{"@type":"ListItem","position":1,"name":"Home","item":"https:\/\/waterpik.be\/fr\/"},{"@type":"ListItem","position":2,"name":"Boutique","item":"https:\/\/waterpik.be\/fr\/boutique\/"},{"@type":"ListItem","position":3,"name":"Embouts et accessoires","item":"https:\/\/waterpik.be\/fr\/cat\u00e9gories-de-produits\/embouts-et-accessoires\/"},{"@type":"ListItem","position":4,"name":"Embouts","item":"https:\/\/waterpik.be\/fr\/cat\u00e9gories-de-produits\/embouts-et-accessoires\/embouts\/"},{"@type":"ListItem","position":5,"name":"TC-100 Embout Gratte-langue"}]},{"@type":"WebSite","@id":"https:\/\/waterpik.be\/#website","url":"https:\/\/waterpik.be\/","name":"Waterpik Waterflosser","description":"Poetsen alleen is niet genoeg","potentialAction":[{"@type":"SearchAction","target":{"@type":"EntryPoint","urlTemplate":"https:\/\/waterpik.be\/?s={search_term_string}"},"query-input":{"@type":"PropertyValueSpecification","valueRequired":true,"valueName":"search_term_string"}}],"inLanguage":"fr-FR"}]}},"_links":{"self":[{"href":"https:\/\/waterpik.be\/fr\/wp-json\/wp\/v2\/product\/5658","targetHints":{"allow":["GET"]}}],"collection":[{"href":"https:\/\/waterpik.be\/fr\/wp-json\/wp\/v2\/product"}],"about":[{"href":"https:\/\/waterpik.be\/fr\/wp-json\/wp\/v2\/types\/product"}],"replies":[{"embeddable":true,"href":"https:\/\/waterpik.be\/fr\/wp-json\/wp\/v2\/comments?post=5658"}],"wp:featuredmedia":[{"embeddable":true,"href":"https:\/\/waterpik.be\/fr\/wp-json\/wp\/v2\/media\/5659"}],"wp:attachment":[{"href":"https:\/\/waterpik.be\/fr\/wp-json\/wp\/v2\/media?parent=5658"}],"wp:term":[{"taxonomy":"product_brand","embeddable":true,"href":"https:\/\/waterpik.be\/fr\/wp-json\/wp\/v2\/product_brand?post=5658"},{"taxonomy":"product_cat","embeddable":true,"href":"https:\/\/waterpik.be\/fr\/wp-json\/wp\/v2\/product_cat?post=5658"},{"taxonomy":"product_tag","embeddable":true,"href":"https:\/\/waterpik.be\/fr\/wp-json\/wp\/v2\/product_tag?post=5658"}],"curies":[{"name":"wp","href":"https:\/\/api.w.org\/{rel}","templated":true}]}}