{"id":6257,"date":"2019-04-02T21:27:39","date_gmt":"2019-04-02T19:27:39","guid":{"rendered":"https:\/\/waterpik.be\/products\/wf-06-hydropulseur-blanchissant\/"},"modified":"2021-02-11T15:46:53","modified_gmt":"2021-02-11T14:46:53","slug":"wf-06-hydropulseur-blanchissant","status":"publish","type":"product","link":"https:\/\/waterpik.be\/fr\/products\/wf-06-hydropulseur-blanchissant\/","title":{"rendered":"WF-06 Hydropulseur Blanchissant"},"content":{"rendered":"","protected":false},"excerpt":{"rendered":"<p>Pour un blanchiment de pr\u00e9cision pendant l\u2019hydropulsion.\u00a0Il restaure votre blancheur naturelle en seulement 4 semaines en \u00e9liminant les taches difficiles \u00e0 atteindre que d\u2019autres produits n\u2019atteignent pas.\u00a0Il est d\u00e9montr\u00e9 qu\u2019il \u00e9limine 25\u00a0% de taches de plus que le brossage seul, il offre tous les avantages cliniques de l\u2019hydropulsion et est aussi doux que le dentifrice ordinaire.<\/p>\n<p>La technologie Whitening Infuser m\u00e9lange de mani\u00e8re experte l\u2019eau avec un agent blanchissant doux qui restaure en toute s\u00e9curit\u00e9 la blancheur naturelle de vos dents, \u00e9limine la plaque dentaire et favorise la sant\u00e9 des gencives.<\/p>\n<p>Cet appareil est couvert par une garantie de deux ans.<\/p>\n","protected":false},"featured_media":6258,"comment_status":"closed","ping_status":"closed","template":"","meta":{"_acf_changed":false},"product_brand":[],"product_cat":[252,261],"product_tag":[],"class_list":{"0":"post-6257","1":"product","2":"type-product","3":"status-publish","4":"has-post-thumbnail","6":"product_cat-jet-dentaires","7":"product_cat-blanchiment","9":"first","10":"instock","11":"featured","12":"taxable","13":"shipping-taxable","14":"product-type-simple"},"acf":[],"yoast_head":"<!-- This site is optimized with the Yoast SEO plugin v26.7 - https:\/\/yoast.com\/wordpress\/plugins\/seo\/ -->\n<title>WF-06 Hydropulseur Blanchissant - Waterpik Waterflosser<\/title>\n<meta name=\"description\" content=\"Maakt uw tanden perfect wit terwijl u met water flost. Herstelt uw natuurlijke witheid in slechts 4 weken. Klinisch bewezen, verwijdert 25% meerverkleuringen dan alleen poetsen.\" \/>\n<meta name=\"robots\" content=\"index, follow, max-snippet:-1, max-image-preview:large, max-video-preview:-1\" \/>\n<link rel=\"canonical\" href=\"https:\/\/waterpik.be\/fr\/products\/wf-06-hydropulseur-blanchissant\/\" \/>\n<meta property=\"og:locale\" content=\"fr_FR\" \/>\n<meta property=\"og:type\" content=\"article\" \/>\n<meta property=\"og:title\" content=\"WF-06 Hydropulseur Blanchissant - Waterpik Waterflosser\" \/>\n<meta property=\"og:description\" content=\"Maakt uw tanden perfect wit terwijl u met water flost. Herstelt uw natuurlijke witheid in slechts 4 weken. Klinisch bewezen, verwijdert 25% meerverkleuringen dan alleen poetsen.\" \/>\n<meta property=\"og:url\" content=\"https:\/\/waterpik.be\/fr\/products\/wf-06-hydropulseur-blanchissant\/\" \/>\n<meta property=\"og:site_name\" content=\"Waterpik Waterflosser\" \/>\n<meta property=\"article:modified_time\" content=\"2021-02-11T14:46:53+00:00\" \/>\n<meta property=\"og:image\" content=\"https:\/\/waterpik.be\/wp-content\/uploads\/2019\/04\/WF-06-whitening-waterflosser.jpg\" \/>\n\t<meta property=\"og:image:width\" content=\"420\" \/>\n\t<meta property=\"og:image:height\" content=\"570\" \/>\n\t<meta property=\"og:image:type\" content=\"image\/jpeg\" \/>\n<meta name=\"twitter:card\" content=\"summary_large_image\" \/>\n<script type=\"application\/ld+json\" class=\"yoast-schema-graph\">{\"@context\":\"https:\/\/schema.org\",\"@graph\":[{\"@type\":\"WebPage\",\"@id\":\"https:\/\/waterpik.be\/fr\/products\/wf-06-hydropulseur-blanchissant\/\",\"url\":\"https:\/\/waterpik.be\/fr\/products\/wf-06-hydropulseur-blanchissant\/\",\"name\":\"WF-06 Hydropulseur Blanchissant - Waterpik Waterflosser\",\"isPartOf\":{\"@id\":\"https:\/\/waterpik.be\/#website\"},\"primaryImageOfPage\":{\"@id\":\"https:\/\/waterpik.be\/fr\/products\/wf-06-hydropulseur-blanchissant\/#primaryimage\"},\"image\":{\"@id\":\"https:\/\/waterpik.be\/fr\/products\/wf-06-hydropulseur-blanchissant\/#primaryimage\"},\"thumbnailUrl\":\"https:\/\/waterpik.be\/wp-content\/uploads\/2019\/04\/WF-06-whitening-waterflosser.jpg\",\"datePublished\":\"2019-04-02T19:27:39+00:00\",\"dateModified\":\"2021-02-11T14:46:53+00:00\",\"description\":\"Maakt uw tanden perfect wit terwijl u met water flost. Herstelt uw natuurlijke witheid in slechts 4 weken. Klinisch bewezen, verwijdert 25% meerverkleuringen dan alleen poetsen.\",\"breadcrumb\":{\"@id\":\"https:\/\/waterpik.be\/fr\/products\/wf-06-hydropulseur-blanchissant\/#breadcrumb\"},\"inLanguage\":\"fr-FR\",\"potentialAction\":[{\"@type\":\"ReadAction\",\"target\":[\"https:\/\/waterpik.be\/fr\/products\/wf-06-hydropulseur-blanchissant\/\"]}]},{\"@type\":\"ImageObject\",\"inLanguage\":\"fr-FR\",\"@id\":\"https:\/\/waterpik.be\/fr\/products\/wf-06-hydropulseur-blanchissant\/#primaryimage\",\"url\":\"https:\/\/waterpik.be\/wp-content\/uploads\/2019\/04\/WF-06-whitening-waterflosser.jpg\",\"contentUrl\":\"https:\/\/waterpik.be\/wp-content\/uploads\/2019\/04\/WF-06-whitening-waterflosser.jpg\",\"width\":420,\"height\":570},{\"@type\":\"BreadcrumbList\",\"@id\":\"https:\/\/waterpik.be\/fr\/products\/wf-06-hydropulseur-blanchissant\/#breadcrumb\",\"itemListElement\":[{\"@type\":\"ListItem\",\"position\":1,\"name\":\"Home\",\"item\":\"https:\/\/waterpik.be\/fr\/\"},{\"@type\":\"ListItem\",\"position\":2,\"name\":\"Boutique\",\"item\":\"https:\/\/waterpik.be\/fr\/boutique\/\"},{\"@type\":\"ListItem\",\"position\":3,\"name\":\"Jet Dentaires\",\"item\":\"https:\/\/waterpik.be\/fr\/cat\u00e9gories-de-produits\/jet-dentaires\/\"},{\"@type\":\"ListItem\",\"position\":4,\"name\":\"Blanchiment\",\"item\":\"https:\/\/waterpik.be\/fr\/cat\u00e9gories-de-produits\/jet-dentaires\/blanchiment\/\"},{\"@type\":\"ListItem\",\"position\":5,\"name\":\"WF-06 Hydropulseur Blanchissant\"}]},{\"@type\":\"WebSite\",\"@id\":\"https:\/\/waterpik.be\/#website\",\"url\":\"https:\/\/waterpik.be\/\",\"name\":\"Waterpik Waterflosser\",\"description\":\"Poetsen alleen is niet genoeg\",\"potentialAction\":[{\"@type\":\"SearchAction\",\"target\":{\"@type\":\"EntryPoint\",\"urlTemplate\":\"https:\/\/waterpik.be\/?s={search_term_string}\"},\"query-input\":{\"@type\":\"PropertyValueSpecification\",\"valueRequired\":true,\"valueName\":\"search_term_string\"}}],\"inLanguage\":\"fr-FR\"}]}<\/script>\n<!-- \/ Yoast SEO plugin. -->","yoast_head_json":{"title":"WF-06 Hydropulseur Blanchissant - Waterpik Waterflosser","description":"Maakt uw tanden perfect wit terwijl u met water flost. Herstelt uw natuurlijke witheid in slechts 4 weken. Klinisch bewezen, verwijdert 25% meerverkleuringen dan alleen poetsen.","robots":{"index":"index","follow":"follow","max-snippet":"max-snippet:-1","max-image-preview":"max-image-preview:large","max-video-preview":"max-video-preview:-1"},"canonical":"https:\/\/waterpik.be\/fr\/products\/wf-06-hydropulseur-blanchissant\/","og_locale":"fr_FR","og_type":"article","og_title":"WF-06 Hydropulseur Blanchissant - Waterpik Waterflosser","og_description":"Maakt uw tanden perfect wit terwijl u met water flost. Herstelt uw natuurlijke witheid in slechts 4 weken. Klinisch bewezen, verwijdert 25% meerverkleuringen dan alleen poetsen.","og_url":"https:\/\/waterpik.be\/fr\/products\/wf-06-hydropulseur-blanchissant\/","og_site_name":"Waterpik Waterflosser","article_modified_time":"2021-02-11T14:46:53+00:00","og_image":[{"width":420,"height":570,"url":"https:\/\/waterpik.be\/wp-content\/uploads\/2019\/04\/WF-06-whitening-waterflosser.jpg","type":"image\/jpeg"}],"twitter_card":"summary_large_image","schema":{"@context":"https:\/\/schema.org","@graph":[{"@type":"WebPage","@id":"https:\/\/waterpik.be\/fr\/products\/wf-06-hydropulseur-blanchissant\/","url":"https:\/\/waterpik.be\/fr\/products\/wf-06-hydropulseur-blanchissant\/","name":"WF-06 Hydropulseur Blanchissant - Waterpik Waterflosser","isPartOf":{"@id":"https:\/\/waterpik.be\/#website"},"primaryImageOfPage":{"@id":"https:\/\/waterpik.be\/fr\/products\/wf-06-hydropulseur-blanchissant\/#primaryimage"},"image":{"@id":"https:\/\/waterpik.be\/fr\/products\/wf-06-hydropulseur-blanchissant\/#primaryimage"},"thumbnailUrl":"https:\/\/waterpik.be\/wp-content\/uploads\/2019\/04\/WF-06-whitening-waterflosser.jpg","datePublished":"2019-04-02T19:27:39+00:00","dateModified":"2021-02-11T14:46:53+00:00","description":"Maakt uw tanden perfect wit terwijl u met water flost. Herstelt uw natuurlijke witheid in slechts 4 weken. Klinisch bewezen, verwijdert 25% meerverkleuringen dan alleen poetsen.","breadcrumb":{"@id":"https:\/\/waterpik.be\/fr\/products\/wf-06-hydropulseur-blanchissant\/#breadcrumb"},"inLanguage":"fr-FR","potentialAction":[{"@type":"ReadAction","target":["https:\/\/waterpik.be\/fr\/products\/wf-06-hydropulseur-blanchissant\/"]}]},{"@type":"ImageObject","inLanguage":"fr-FR","@id":"https:\/\/waterpik.be\/fr\/products\/wf-06-hydropulseur-blanchissant\/#primaryimage","url":"https:\/\/waterpik.be\/wp-content\/uploads\/2019\/04\/WF-06-whitening-waterflosser.jpg","contentUrl":"https:\/\/waterpik.be\/wp-content\/uploads\/2019\/04\/WF-06-whitening-waterflosser.jpg","width":420,"height":570},{"@type":"BreadcrumbList","@id":"https:\/\/waterpik.be\/fr\/products\/wf-06-hydropulseur-blanchissant\/#breadcrumb","itemListElement":[{"@type":"ListItem","position":1,"name":"Home","item":"https:\/\/waterpik.be\/fr\/"},{"@type":"ListItem","position":2,"name":"Boutique","item":"https:\/\/waterpik.be\/fr\/boutique\/"},{"@type":"ListItem","position":3,"name":"Jet Dentaires","item":"https:\/\/waterpik.be\/fr\/cat\u00e9gories-de-produits\/jet-dentaires\/"},{"@type":"ListItem","position":4,"name":"Blanchiment","item":"https:\/\/waterpik.be\/fr\/cat\u00e9gories-de-produits\/jet-dentaires\/blanchiment\/"},{"@type":"ListItem","position":5,"name":"WF-06 Hydropulseur Blanchissant"}]},{"@type":"WebSite","@id":"https:\/\/waterpik.be\/#website","url":"https:\/\/waterpik.be\/","name":"Waterpik Waterflosser","description":"Poetsen alleen is niet genoeg","potentialAction":[{"@type":"SearchAction","target":{"@type":"EntryPoint","urlTemplate":"https:\/\/waterpik.be\/?s={search_term_string}"},"query-input":{"@type":"PropertyValueSpecification","valueRequired":true,"valueName":"search_term_string"}}],"inLanguage":"fr-FR"}]}},"_links":{"self":[{"href":"https:\/\/waterpik.be\/fr\/wp-json\/wp\/v2\/product\/6257","targetHints":{"allow":["GET"]}}],"collection":[{"href":"https:\/\/waterpik.be\/fr\/wp-json\/wp\/v2\/product"}],"about":[{"href":"https:\/\/waterpik.be\/fr\/wp-json\/wp\/v2\/types\/product"}],"replies":[{"embeddable":true,"href":"https:\/\/waterpik.be\/fr\/wp-json\/wp\/v2\/comments?post=6257"}],"wp:featuredmedia":[{"embeddable":true,"href":"https:\/\/waterpik.be\/fr\/wp-json\/wp\/v2\/media\/6258"}],"wp:attachment":[{"href":"https:\/\/waterpik.be\/fr\/wp-json\/wp\/v2\/media?parent=6257"}],"wp:term":[{"taxonomy":"product_brand","embeddable":true,"href":"https:\/\/waterpik.be\/fr\/wp-json\/wp\/v2\/product_brand?post=6257"},{"taxonomy":"product_cat","embeddable":true,"href":"https:\/\/waterpik.be\/fr\/wp-json\/wp\/v2\/product_cat?post=6257"},{"taxonomy":"product_tag","embeddable":true,"href":"https:\/\/waterpik.be\/fr\/wp-json\/wp\/v2\/product_tag?post=6257"}],"curies":[{"name":"wp","href":"https:\/\/api.w.org\/{rel}","templated":true}]}}