{"id":6264,"date":"2019-04-02T21:27:09","date_gmt":"2019-04-02T19:27:09","guid":{"rendered":"https:\/\/waterpik.be\/products\/pp-70\/"},"modified":"2019-04-02T21:27:09","modified_gmt":"2019-04-02T19:27:09","slug":"pp-70","status":"publish","type":"product","link":"https:\/\/waterpik.be\/fr\/products\/pp-70\/","title":{"rendered":"PP-70 Embout Classic Pik Pocket"},"content":{"rendered":"","protected":false},"excerpt":{"rendered":"<p>Pour les poches parodontales et les furcations. Un embout en caoutchouc souple pour un rin\u00e7age th\u00e9rapeutique doux \u00e0 basse pression sous la ligne des gencives. Cliniquement prouv\u00e9 comme pouvant atteindre 90\u00a0% d\u2019une poche de 6\u00a0mm.<\/p>\n<p>Remplacer tous les trois mois.<\/p>\n","protected":false},"featured_media":6265,"comment_status":"open","ping_status":"closed","template":"","meta":{"_acf_changed":false},"product_brand":[],"product_cat":[267,271],"product_tag":[],"class_list":{"0":"post-6264","1":"product","2":"type-product","3":"status-publish","4":"has-post-thumbnail","6":"product_cat-embouts-et-accessoires","7":"product_cat-embouts","9":"first","10":"instock","11":"taxable","12":"shipping-taxable","13":"product-type-simple"},"acf":[],"yoast_head":"<!-- This site is optimized with the Yoast SEO plugin v26.7 - https:\/\/yoast.com\/wordpress\/plugins\/seo\/ -->\n<title>Pik Pocket Waterflosser Tips - Waterpik Online Store<\/title>\n<meta name=\"description\" content=\"Voor parodontale pockets en furcaties. Een zachtrubberen tip voor zachte, therapeutische spoelingen onder de tandvleesrand. Voor gebruik met de Waterpik Classic Waterflossers.\" \/>\n<meta name=\"robots\" content=\"index, follow, max-snippet:-1, max-image-preview:large, max-video-preview:-1\" \/>\n<link rel=\"canonical\" href=\"https:\/\/waterpik.be\/fr\/products\/pp-70\/\" \/>\n<meta property=\"og:locale\" content=\"fr_FR\" \/>\n<meta property=\"og:type\" content=\"article\" \/>\n<meta property=\"og:title\" content=\"Pik Pocket Waterflosser Tips - Waterpik Online Store\" \/>\n<meta property=\"og:description\" content=\"Voor parodontale pockets en furcaties. Een zachtrubberen tip voor zachte, therapeutische spoelingen onder de tandvleesrand. Voor gebruik met de Waterpik Classic Waterflossers.\" \/>\n<meta property=\"og:url\" content=\"https:\/\/waterpik.be\/fr\/products\/pp-70\/\" \/>\n<meta property=\"og:site_name\" content=\"Waterpik Waterflosser\" \/>\n<meta property=\"og:image\" content=\"https:\/\/waterpik.be\/wp-content\/uploads\/2019\/04\/PP-70E-waterpik-classic-pik-pocket-tips-9.jpg\" \/>\n\t<meta property=\"og:image:width\" content=\"157\" \/>\n\t<meta property=\"og:image:height\" content=\"282\" \/>\n\t<meta property=\"og:image:type\" content=\"image\/jpeg\" \/>\n<meta name=\"twitter:card\" content=\"summary_large_image\" \/>\n<script type=\"application\/ld+json\" class=\"yoast-schema-graph\">{\"@context\":\"https:\/\/schema.org\",\"@graph\":[{\"@type\":\"WebPage\",\"@id\":\"https:\/\/waterpik.be\/fr\/products\/pp-70\/\",\"url\":\"https:\/\/waterpik.be\/fr\/products\/pp-70\/\",\"name\":\"Pik Pocket Waterflosser Tips - Waterpik Online Store\",\"isPartOf\":{\"@id\":\"https:\/\/waterpik.be\/#website\"},\"primaryImageOfPage\":{\"@id\":\"https:\/\/waterpik.be\/fr\/products\/pp-70\/#primaryimage\"},\"image\":{\"@id\":\"https:\/\/waterpik.be\/fr\/products\/pp-70\/#primaryimage\"},\"thumbnailUrl\":\"https:\/\/waterpik.be\/wp-content\/uploads\/2019\/04\/PP-70E-waterpik-classic-pik-pocket-tips-9.jpg\",\"datePublished\":\"2019-04-02T19:27:09+00:00\",\"description\":\"Voor parodontale pockets en furcaties. Een zachtrubberen tip voor zachte, therapeutische spoelingen onder de tandvleesrand. Voor gebruik met de Waterpik Classic Waterflossers.\",\"breadcrumb\":{\"@id\":\"https:\/\/waterpik.be\/fr\/products\/pp-70\/#breadcrumb\"},\"inLanguage\":\"fr-FR\",\"potentialAction\":[{\"@type\":\"ReadAction\",\"target\":[\"https:\/\/waterpik.be\/fr\/products\/pp-70\/\"]}]},{\"@type\":\"ImageObject\",\"inLanguage\":\"fr-FR\",\"@id\":\"https:\/\/waterpik.be\/fr\/products\/pp-70\/#primaryimage\",\"url\":\"https:\/\/waterpik.be\/wp-content\/uploads\/2019\/04\/PP-70E-waterpik-classic-pik-pocket-tips-9.jpg\",\"contentUrl\":\"https:\/\/waterpik.be\/wp-content\/uploads\/2019\/04\/PP-70E-waterpik-classic-pik-pocket-tips-9.jpg\",\"width\":157,\"height\":282},{\"@type\":\"BreadcrumbList\",\"@id\":\"https:\/\/waterpik.be\/fr\/products\/pp-70\/#breadcrumb\",\"itemListElement\":[{\"@type\":\"ListItem\",\"position\":1,\"name\":\"Home\",\"item\":\"https:\/\/waterpik.be\/fr\/\"},{\"@type\":\"ListItem\",\"position\":2,\"name\":\"Boutique\",\"item\":\"https:\/\/waterpik.be\/fr\/boutique\/\"},{\"@type\":\"ListItem\",\"position\":3,\"name\":\"Embouts et accessoires\",\"item\":\"https:\/\/waterpik.be\/fr\/cat\u00e9gories-de-produits\/embouts-et-accessoires\/\"},{\"@type\":\"ListItem\",\"position\":4,\"name\":\"Embouts\",\"item\":\"https:\/\/waterpik.be\/fr\/cat\u00e9gories-de-produits\/embouts-et-accessoires\/embouts\/\"},{\"@type\":\"ListItem\",\"position\":5,\"name\":\"PP-70 Embout Classic Pik Pocket\"}]},{\"@type\":\"WebSite\",\"@id\":\"https:\/\/waterpik.be\/#website\",\"url\":\"https:\/\/waterpik.be\/\",\"name\":\"Waterpik Waterflosser\",\"description\":\"Poetsen alleen is niet genoeg\",\"potentialAction\":[{\"@type\":\"SearchAction\",\"target\":{\"@type\":\"EntryPoint\",\"urlTemplate\":\"https:\/\/waterpik.be\/?s={search_term_string}\"},\"query-input\":{\"@type\":\"PropertyValueSpecification\",\"valueRequired\":true,\"valueName\":\"search_term_string\"}}],\"inLanguage\":\"fr-FR\"}]}<\/script>\n<!-- \/ Yoast SEO plugin. -->","yoast_head_json":{"title":"Pik Pocket Waterflosser Tips - Waterpik Online Store","description":"Voor parodontale pockets en furcaties. Een zachtrubberen tip voor zachte, therapeutische spoelingen onder de tandvleesrand. Voor gebruik met de Waterpik Classic Waterflossers.","robots":{"index":"index","follow":"follow","max-snippet":"max-snippet:-1","max-image-preview":"max-image-preview:large","max-video-preview":"max-video-preview:-1"},"canonical":"https:\/\/waterpik.be\/fr\/products\/pp-70\/","og_locale":"fr_FR","og_type":"article","og_title":"Pik Pocket Waterflosser Tips - Waterpik Online Store","og_description":"Voor parodontale pockets en furcaties. Een zachtrubberen tip voor zachte, therapeutische spoelingen onder de tandvleesrand. Voor gebruik met de Waterpik Classic Waterflossers.","og_url":"https:\/\/waterpik.be\/fr\/products\/pp-70\/","og_site_name":"Waterpik Waterflosser","og_image":[{"width":157,"height":282,"url":"https:\/\/waterpik.be\/wp-content\/uploads\/2019\/04\/PP-70E-waterpik-classic-pik-pocket-tips-9.jpg","type":"image\/jpeg"}],"twitter_card":"summary_large_image","schema":{"@context":"https:\/\/schema.org","@graph":[{"@type":"WebPage","@id":"https:\/\/waterpik.be\/fr\/products\/pp-70\/","url":"https:\/\/waterpik.be\/fr\/products\/pp-70\/","name":"Pik Pocket Waterflosser Tips - Waterpik Online Store","isPartOf":{"@id":"https:\/\/waterpik.be\/#website"},"primaryImageOfPage":{"@id":"https:\/\/waterpik.be\/fr\/products\/pp-70\/#primaryimage"},"image":{"@id":"https:\/\/waterpik.be\/fr\/products\/pp-70\/#primaryimage"},"thumbnailUrl":"https:\/\/waterpik.be\/wp-content\/uploads\/2019\/04\/PP-70E-waterpik-classic-pik-pocket-tips-9.jpg","datePublished":"2019-04-02T19:27:09+00:00","description":"Voor parodontale pockets en furcaties. Een zachtrubberen tip voor zachte, therapeutische spoelingen onder de tandvleesrand. Voor gebruik met de Waterpik Classic Waterflossers.","breadcrumb":{"@id":"https:\/\/waterpik.be\/fr\/products\/pp-70\/#breadcrumb"},"inLanguage":"fr-FR","potentialAction":[{"@type":"ReadAction","target":["https:\/\/waterpik.be\/fr\/products\/pp-70\/"]}]},{"@type":"ImageObject","inLanguage":"fr-FR","@id":"https:\/\/waterpik.be\/fr\/products\/pp-70\/#primaryimage","url":"https:\/\/waterpik.be\/wp-content\/uploads\/2019\/04\/PP-70E-waterpik-classic-pik-pocket-tips-9.jpg","contentUrl":"https:\/\/waterpik.be\/wp-content\/uploads\/2019\/04\/PP-70E-waterpik-classic-pik-pocket-tips-9.jpg","width":157,"height":282},{"@type":"BreadcrumbList","@id":"https:\/\/waterpik.be\/fr\/products\/pp-70\/#breadcrumb","itemListElement":[{"@type":"ListItem","position":1,"name":"Home","item":"https:\/\/waterpik.be\/fr\/"},{"@type":"ListItem","position":2,"name":"Boutique","item":"https:\/\/waterpik.be\/fr\/boutique\/"},{"@type":"ListItem","position":3,"name":"Embouts et accessoires","item":"https:\/\/waterpik.be\/fr\/cat\u00e9gories-de-produits\/embouts-et-accessoires\/"},{"@type":"ListItem","position":4,"name":"Embouts","item":"https:\/\/waterpik.be\/fr\/cat\u00e9gories-de-produits\/embouts-et-accessoires\/embouts\/"},{"@type":"ListItem","position":5,"name":"PP-70 Embout Classic Pik Pocket"}]},{"@type":"WebSite","@id":"https:\/\/waterpik.be\/#website","url":"https:\/\/waterpik.be\/","name":"Waterpik Waterflosser","description":"Poetsen alleen is niet genoeg","potentialAction":[{"@type":"SearchAction","target":{"@type":"EntryPoint","urlTemplate":"https:\/\/waterpik.be\/?s={search_term_string}"},"query-input":{"@type":"PropertyValueSpecification","valueRequired":true,"valueName":"search_term_string"}}],"inLanguage":"fr-FR"}]}},"_links":{"self":[{"href":"https:\/\/waterpik.be\/fr\/wp-json\/wp\/v2\/product\/6264","targetHints":{"allow":["GET"]}}],"collection":[{"href":"https:\/\/waterpik.be\/fr\/wp-json\/wp\/v2\/product"}],"about":[{"href":"https:\/\/waterpik.be\/fr\/wp-json\/wp\/v2\/types\/product"}],"replies":[{"embeddable":true,"href":"https:\/\/waterpik.be\/fr\/wp-json\/wp\/v2\/comments?post=6264"}],"wp:featuredmedia":[{"embeddable":true,"href":"https:\/\/waterpik.be\/fr\/wp-json\/wp\/v2\/media\/6265"}],"wp:attachment":[{"href":"https:\/\/waterpik.be\/fr\/wp-json\/wp\/v2\/media?parent=6264"}],"wp:term":[{"taxonomy":"product_brand","embeddable":true,"href":"https:\/\/waterpik.be\/fr\/wp-json\/wp\/v2\/product_brand?post=6264"},{"taxonomy":"product_cat","embeddable":true,"href":"https:\/\/waterpik.be\/fr\/wp-json\/wp\/v2\/product_cat?post=6264"},{"taxonomy":"product_tag","embeddable":true,"href":"https:\/\/waterpik.be\/fr\/wp-json\/wp\/v2\/product_tag?post=6264"}],"curies":[{"name":"wp","href":"https:\/\/api.w.org\/{rel}","templated":true}]}}