{"id":6271,"date":"2019-04-02T21:27:09","date_gmt":"2019-04-02T19:27:09","guid":{"rendered":"https:\/\/waterpik.be\/products\/srsb-3e\/"},"modified":"2019-04-02T21:27:09","modified_gmt":"2019-04-02T19:27:09","slug":"srsb-3e","status":"publish","type":"product","link":"https:\/\/waterpik.be\/fr\/products\/srsb-3e\/","title":{"rendered":"T\u00eates de brosse Small pour brosse \u00e0 dents Sensonic\u00ae SRSB-3"},"content":{"rendered":"","protected":false},"excerpt":{"rendered":"<p>Les t\u00eates de brosse plus petites et plus intelligentes offrent un acc\u00e8s optimal pour un nettoyage dentaire cibl\u00e9.<\/p>\n<p>Remplacer tous les trois mois<\/p>\n","protected":false},"featured_media":6269,"comment_status":"open","ping_status":"closed","template":"","meta":{"_acf_changed":false},"product_brand":[],"product_cat":[267,268],"product_tag":[],"class_list":{"0":"post-6271","1":"product","2":"type-product","3":"status-publish","4":"has-post-thumbnail","6":"product_cat-embouts-et-accessoires","7":"product_cat-brossettes-de-rechange","9":"first","10":"instock","11":"taxable","12":"shipping-taxable","13":"product-type-simple"},"acf":[],"yoast_head":"<!-- This site is optimized with the Yoast SEO plugin v26.7 - https:\/\/yoast.com\/wordpress\/plugins\/seo\/ -->\n<title>Slimme Opzetborstels SRSB-3 - Waterpik Online Store<\/title>\n<meta name=\"description\" content=\"Een kleiner, slimmer ontwerp dat optimaal toegang biedt voor een gerichte gebitsreiniging. Voor gebruik met de Waterpik Sensonic sonische tandenborstel.\" \/>\n<meta name=\"robots\" content=\"index, follow, max-snippet:-1, max-image-preview:large, max-video-preview:-1\" \/>\n<link rel=\"canonical\" href=\"https:\/\/waterpik.be\/fr\/products\/srsb-3e\/\" \/>\n<meta property=\"og:locale\" content=\"fr_FR\" \/>\n<meta property=\"og:type\" content=\"article\" \/>\n<meta property=\"og:title\" content=\"Slimme Opzetborstels SRSB-3 - Waterpik Online Store\" \/>\n<meta property=\"og:description\" content=\"Een kleiner, slimmer ontwerp dat optimaal toegang biedt voor een gerichte gebitsreiniging. Voor gebruik met de Waterpik Sensonic sonische tandenborstel.\" \/>\n<meta property=\"og:url\" content=\"https:\/\/waterpik.be\/fr\/products\/srsb-3e\/\" \/>\n<meta property=\"og:site_name\" content=\"Waterpik Waterflosser\" \/>\n<meta property=\"og:image\" content=\"https:\/\/waterpik.be\/wp-content\/uploads\/2019\/04\/SRSB-3E-compact-sonic-toothbrush-head-14cnv.jpg\" \/>\n\t<meta property=\"og:image:width\" content=\"279\" \/>\n\t<meta property=\"og:image:height\" content=\"267\" \/>\n\t<meta property=\"og:image:type\" content=\"image\/jpeg\" \/>\n<meta name=\"twitter:card\" content=\"summary_large_image\" \/>\n<script type=\"application\/ld+json\" class=\"yoast-schema-graph\">{\"@context\":\"https:\/\/schema.org\",\"@graph\":[{\"@type\":\"WebPage\",\"@id\":\"https:\/\/waterpik.be\/fr\/products\/srsb-3e\/\",\"url\":\"https:\/\/waterpik.be\/fr\/products\/srsb-3e\/\",\"name\":\"Slimme Opzetborstels SRSB-3 - Waterpik Online Store\",\"isPartOf\":{\"@id\":\"https:\/\/waterpik.be\/#website\"},\"primaryImageOfPage\":{\"@id\":\"https:\/\/waterpik.be\/fr\/products\/srsb-3e\/#primaryimage\"},\"image\":{\"@id\":\"https:\/\/waterpik.be\/fr\/products\/srsb-3e\/#primaryimage\"},\"thumbnailUrl\":\"https:\/\/waterpik.be\/wp-content\/uploads\/2019\/04\/SRSB-3E-compact-sonic-toothbrush-head-14cnv.jpg\",\"datePublished\":\"2019-04-02T19:27:09+00:00\",\"description\":\"Een kleiner, slimmer ontwerp dat optimaal toegang biedt voor een gerichte gebitsreiniging. Voor gebruik met de Waterpik Sensonic sonische tandenborstel.\",\"breadcrumb\":{\"@id\":\"https:\/\/waterpik.be\/fr\/products\/srsb-3e\/#breadcrumb\"},\"inLanguage\":\"fr-FR\",\"potentialAction\":[{\"@type\":\"ReadAction\",\"target\":[\"https:\/\/waterpik.be\/fr\/products\/srsb-3e\/\"]}]},{\"@type\":\"ImageObject\",\"inLanguage\":\"fr-FR\",\"@id\":\"https:\/\/waterpik.be\/fr\/products\/srsb-3e\/#primaryimage\",\"url\":\"https:\/\/waterpik.be\/wp-content\/uploads\/2019\/04\/SRSB-3E-compact-sonic-toothbrush-head-14cnv.jpg\",\"contentUrl\":\"https:\/\/waterpik.be\/wp-content\/uploads\/2019\/04\/SRSB-3E-compact-sonic-toothbrush-head-14cnv.jpg\",\"width\":279,\"height\":267},{\"@type\":\"BreadcrumbList\",\"@id\":\"https:\/\/waterpik.be\/fr\/products\/srsb-3e\/#breadcrumb\",\"itemListElement\":[{\"@type\":\"ListItem\",\"position\":1,\"name\":\"Home\",\"item\":\"https:\/\/waterpik.be\/fr\/\"},{\"@type\":\"ListItem\",\"position\":2,\"name\":\"Boutique\",\"item\":\"https:\/\/waterpik.be\/fr\/boutique\/\"},{\"@type\":\"ListItem\",\"position\":3,\"name\":\"Embouts et accessoires\",\"item\":\"https:\/\/waterpik.be\/fr\/cat\u00e9gories-de-produits\/embouts-et-accessoires\/\"},{\"@type\":\"ListItem\",\"position\":4,\"name\":\"Brossettes de rechange\",\"item\":\"https:\/\/waterpik.be\/fr\/cat\u00e9gories-de-produits\/embouts-et-accessoires\/brossettes-de-rechange\/\"},{\"@type\":\"ListItem\",\"position\":5,\"name\":\"T\u00eates de brosse Small pour brosse \u00e0 dents Sensonic\u00ae SRSB-3\"}]},{\"@type\":\"WebSite\",\"@id\":\"https:\/\/waterpik.be\/#website\",\"url\":\"https:\/\/waterpik.be\/\",\"name\":\"Waterpik Waterflosser\",\"description\":\"Poetsen alleen is niet genoeg\",\"potentialAction\":[{\"@type\":\"SearchAction\",\"target\":{\"@type\":\"EntryPoint\",\"urlTemplate\":\"https:\/\/waterpik.be\/?s={search_term_string}\"},\"query-input\":{\"@type\":\"PropertyValueSpecification\",\"valueRequired\":true,\"valueName\":\"search_term_string\"}}],\"inLanguage\":\"fr-FR\"}]}<\/script>\n<!-- \/ Yoast SEO plugin. -->","yoast_head_json":{"title":"Slimme Opzetborstels SRSB-3 - Waterpik Online Store","description":"Een kleiner, slimmer ontwerp dat optimaal toegang biedt voor een gerichte gebitsreiniging. Voor gebruik met de Waterpik Sensonic sonische tandenborstel.","robots":{"index":"index","follow":"follow","max-snippet":"max-snippet:-1","max-image-preview":"max-image-preview:large","max-video-preview":"max-video-preview:-1"},"canonical":"https:\/\/waterpik.be\/fr\/products\/srsb-3e\/","og_locale":"fr_FR","og_type":"article","og_title":"Slimme Opzetborstels SRSB-3 - Waterpik Online Store","og_description":"Een kleiner, slimmer ontwerp dat optimaal toegang biedt voor een gerichte gebitsreiniging. Voor gebruik met de Waterpik Sensonic sonische tandenborstel.","og_url":"https:\/\/waterpik.be\/fr\/products\/srsb-3e\/","og_site_name":"Waterpik Waterflosser","og_image":[{"width":279,"height":267,"url":"https:\/\/waterpik.be\/wp-content\/uploads\/2019\/04\/SRSB-3E-compact-sonic-toothbrush-head-14cnv.jpg","type":"image\/jpeg"}],"twitter_card":"summary_large_image","schema":{"@context":"https:\/\/schema.org","@graph":[{"@type":"WebPage","@id":"https:\/\/waterpik.be\/fr\/products\/srsb-3e\/","url":"https:\/\/waterpik.be\/fr\/products\/srsb-3e\/","name":"Slimme Opzetborstels SRSB-3 - Waterpik Online Store","isPartOf":{"@id":"https:\/\/waterpik.be\/#website"},"primaryImageOfPage":{"@id":"https:\/\/waterpik.be\/fr\/products\/srsb-3e\/#primaryimage"},"image":{"@id":"https:\/\/waterpik.be\/fr\/products\/srsb-3e\/#primaryimage"},"thumbnailUrl":"https:\/\/waterpik.be\/wp-content\/uploads\/2019\/04\/SRSB-3E-compact-sonic-toothbrush-head-14cnv.jpg","datePublished":"2019-04-02T19:27:09+00:00","description":"Een kleiner, slimmer ontwerp dat optimaal toegang biedt voor een gerichte gebitsreiniging. Voor gebruik met de Waterpik Sensonic sonische tandenborstel.","breadcrumb":{"@id":"https:\/\/waterpik.be\/fr\/products\/srsb-3e\/#breadcrumb"},"inLanguage":"fr-FR","potentialAction":[{"@type":"ReadAction","target":["https:\/\/waterpik.be\/fr\/products\/srsb-3e\/"]}]},{"@type":"ImageObject","inLanguage":"fr-FR","@id":"https:\/\/waterpik.be\/fr\/products\/srsb-3e\/#primaryimage","url":"https:\/\/waterpik.be\/wp-content\/uploads\/2019\/04\/SRSB-3E-compact-sonic-toothbrush-head-14cnv.jpg","contentUrl":"https:\/\/waterpik.be\/wp-content\/uploads\/2019\/04\/SRSB-3E-compact-sonic-toothbrush-head-14cnv.jpg","width":279,"height":267},{"@type":"BreadcrumbList","@id":"https:\/\/waterpik.be\/fr\/products\/srsb-3e\/#breadcrumb","itemListElement":[{"@type":"ListItem","position":1,"name":"Home","item":"https:\/\/waterpik.be\/fr\/"},{"@type":"ListItem","position":2,"name":"Boutique","item":"https:\/\/waterpik.be\/fr\/boutique\/"},{"@type":"ListItem","position":3,"name":"Embouts et accessoires","item":"https:\/\/waterpik.be\/fr\/cat\u00e9gories-de-produits\/embouts-et-accessoires\/"},{"@type":"ListItem","position":4,"name":"Brossettes de rechange","item":"https:\/\/waterpik.be\/fr\/cat\u00e9gories-de-produits\/embouts-et-accessoires\/brossettes-de-rechange\/"},{"@type":"ListItem","position":5,"name":"T\u00eates de brosse Small pour brosse \u00e0 dents Sensonic\u00ae SRSB-3"}]},{"@type":"WebSite","@id":"https:\/\/waterpik.be\/#website","url":"https:\/\/waterpik.be\/","name":"Waterpik Waterflosser","description":"Poetsen alleen is niet genoeg","potentialAction":[{"@type":"SearchAction","target":{"@type":"EntryPoint","urlTemplate":"https:\/\/waterpik.be\/?s={search_term_string}"},"query-input":{"@type":"PropertyValueSpecification","valueRequired":true,"valueName":"search_term_string"}}],"inLanguage":"fr-FR"}]}},"_links":{"self":[{"href":"https:\/\/waterpik.be\/fr\/wp-json\/wp\/v2\/product\/6271","targetHints":{"allow":["GET"]}}],"collection":[{"href":"https:\/\/waterpik.be\/fr\/wp-json\/wp\/v2\/product"}],"about":[{"href":"https:\/\/waterpik.be\/fr\/wp-json\/wp\/v2\/types\/product"}],"replies":[{"embeddable":true,"href":"https:\/\/waterpik.be\/fr\/wp-json\/wp\/v2\/comments?post=6271"}],"wp:featuredmedia":[{"embeddable":true,"href":"https:\/\/waterpik.be\/fr\/wp-json\/wp\/v2\/media\/6269"}],"wp:attachment":[{"href":"https:\/\/waterpik.be\/fr\/wp-json\/wp\/v2\/media?parent=6271"}],"wp:term":[{"taxonomy":"product_brand","embeddable":true,"href":"https:\/\/waterpik.be\/fr\/wp-json\/wp\/v2\/product_brand?post=6271"},{"taxonomy":"product_cat","embeddable":true,"href":"https:\/\/waterpik.be\/fr\/wp-json\/wp\/v2\/product_cat?post=6271"},{"taxonomy":"product_tag","embeddable":true,"href":"https:\/\/waterpik.be\/fr\/wp-json\/wp\/v2\/product_tag?post=6271"}],"curies":[{"name":"wp","href":"https:\/\/api.w.org\/{rel}","templated":true}]}}